{"id":185277,"date":"2021-03-11T14:22:00","date_gmt":"2021-03-11T13:22:00","guid":{"rendered":"https:\/\/insektenliebe.com\/shop\/produkt\/nesodillo-arcangelii-shiro-utsuri\/"},"modified":"2026-02-27T12:56:51","modified_gmt":"2026-02-27T11:56:51","slug":"nesodillo-arcangelii-shiro-utsuri","status":"publish","type":"product","link":"https:\/\/insektenliebe.com\/it\/shop\/prodotto\/nesodillo-arcangelii-shiro-utsuri\/","title":{"rendered":"Nesodillo arcangelii \"Shiro Utsuri"},"content":{"rendered":"<h3><span style=\"color: #99cc33;\"><strong>Nesodillo arcangelii \"Shiro Utsuri\"<\/strong>: un&#8217;esotica attrazione per il tuo terrario<\/span><\/h3>\n<div dir=\"auto\">\n<p><strong>Il Nesodillo arcangelii \"Shiro Utsuri\"<\/strong> \u00e8 un&#8217;aggiunta spettacolare al tuo terrario. Questo isopode terrestre, precedentemente noto come Cubaris spec. \"Shiro Utsuri\", colpisce per la sua sorprendente colorazione bianca e nera, che aggiunge un tocco visivo speciale a qualsiasi terrario.  <\/p>\n<p>Sono originari di habitat umidi e caldi e sono ideali per essere tenuti in terrari tropicali o subtropicali. Richiede un&#8217;elevata umidit\u00e0 e preferisce temperature comprese tra i 22 e i 25 gradi Celsius. \u00c8 relativamente facile da tenere perch\u00e9 la sua dieta non \u00e8 complicata e si nutre principalmente di materiale vegetale in decomposizione.  <\/p>\n<p>Per un allevamento ottimale, dovresti arredare il terrario con molti materiali naturali come foglie, corteccia e legno per fornire agli isopodi nascondigli e rifugi sufficienti. Uno strato di muschio umido aiuta anche a regolare il microclima all&#8217;interno del terrario e a mantenere l&#8217;umidit\u00e0 necessaria. <\/p>\n<p>Il <strong>Nesodillo arcangelii \"Shiro Utsuri\"<\/strong> non \u00e8 solo una gioia per gli occhi, ma svolge anche un importante ruolo ecologico nel terrario. Aiuta a decomporre i rifiuti organici e contribuisce cos\u00ec alla pulizia e all&#8217;equilibrio biologico dei tuoi piccoli ecosistemi. <\/p>\n<p class=\"p1\"><span class=\"s1\">Un altro vantaggio di <\/span><span class=\"s2\">questa specie di isopode<\/span><span class=\"s1\">  La loro particolarit\u00e0 risiede nel loro stile di vita tranquillo, ma facilmente osservabile. Soprattutto nelle ore serali, gli animali appaiono spesso in superficie ed esplorano attivamente l&#8217;ambiente circostante. Questo crea un emozionante contrasto tra il loro disegno ad alto contrasto e il substrato naturale, che li rende un vero e proprio punto di forza visivo nel terrario.  <\/span><\/p>\n<p>Questi isopodi terrestri sono adatti anche ai principianti della terraristica e offrono l&#8217;opportunit\u00e0 di sperimentare da vicino i processi naturali e il comportamento di questo affascinante isopode. Sia come parte di una comunit\u00e0 di abitanti di terrari diversi che come popolazione indipendente, il <strong>Nesodillo arcangelii \"Shiro Utsuri\"<\/strong> delizier\u00e0 te e i tuoi visitatori con la sua bellezza e il suo comportamento interessante. <\/p>\n<\/div>\n","protected":false},"excerpt":{"rendered":"<p>Nesodillo arcangelii \"Shiro Utsuri\": un&#8217;esotica attrazione per il tuo terrario Il Nesodillo arcangelii \"Shiro Utsuri\" \u00e8 un&#8217;aggiunta spettacolare al tuo terrario. Questo isopode terrestre, precedentemente noto come Cubaris spec. \"Shiro Utsuri\", colpisce per la sua sorprendente colorazione bianca e nera, che aggiunge un tocco visivo speciale a qualsiasi terrario. Sono originari di habitat umidi e [&hellip;]<\/p>\n","protected":false},"featured_media":185279,"template":"","meta":{"_acf_changed":false},"product-supplier":[],"product_brand":[],"product_cat":[2850,2788],"product_tag":[],"lce-checkout-addons":[2746],"class_list":{"0":"post-185277","1":"product","2":"type-product","3":"status-publish","4":"has-post-thumbnail","6":"product_cat-altri-isopodi-merulanella-ecc","7":"product_cat-woodlice","8":"product_shipping_class-spedizione-di-animali","9":"pa_herkunft-taiwan","10":"pa_kontinent-asia","11":"lce-checkout-addons-imballaggio-invernale","13":"first","14":"instock","15":"taxable","16":"shipping-taxable","17":"purchasable","18":"product-type-simple"},"acf":[],"yoast_head":"<!-- This site is optimized with the Yoast SEO plugin v27.3 - https:\/\/yoast.com\/product\/yoast-seo-wordpress\/ -->\n<title>Nesodillo arcangelii &quot;Shiro Utsuri - Insektenliebe<\/title>\n<meta name=\"description\" content=\"Acquista a buon mercato il Nesodillo arcangelii &quot;Shiro Utsuri&quot; direttamente online. Acquista la prole della bellissima specie Cubaris direttamente dall&#039;allevatore.\" \/>\n<meta name=\"robots\" content=\"index, follow, max-snippet:-1, max-image-preview:large, max-video-preview:-1\" \/>\n<link rel=\"canonical\" href=\"https:\/\/insektenliebe.com\/it\/shop\/prodotto\/nesodillo-arcangelii-shiro-utsuri\/\" \/>\n<meta property=\"og:locale\" content=\"it_IT\" \/>\n<meta property=\"og:type\" content=\"article\" \/>\n<meta property=\"og:title\" content=\"Nesodillo arcangelii &quot;Shiro Utsuri - Insektenliebe\" \/>\n<meta property=\"og:description\" content=\"Acquista a buon mercato il Nesodillo arcangelii &quot;Shiro Utsuri&quot; direttamente online. Acquista la prole della bellissima specie Cubaris direttamente dall&#039;allevatore.\" \/>\n<meta property=\"og:url\" content=\"https:\/\/insektenliebe.com\/it\/shop\/prodotto\/nesodillo-arcangelii-shiro-utsuri\/\" \/>\n<meta property=\"og:site_name\" content=\"Insektenliebe\" \/>\n<meta property=\"article:modified_time\" content=\"2026-02-27T11:56:51+00:00\" \/>\n<meta property=\"og:image\" content=\"https:\/\/insektenliebe.com\/wp-content\/uploads\/2025\/05\/Cubaris-spec.-_Shiro-utsuri_-2.jpg\" \/>\n\t<meta property=\"og:image:width\" content=\"820\" \/>\n\t<meta property=\"og:image:height\" content=\"820\" \/>\n\t<meta property=\"og:image:type\" content=\"image\/jpeg\" \/>\n<meta name=\"twitter:card\" content=\"summary_large_image\" \/>\n<meta name=\"twitter:label1\" content=\"Tempo di lettura stimato\" \/>\n\t<meta name=\"twitter:data1\" content=\"2 minuto\" \/>\n<script type=\"application\/ld+json\" class=\"yoast-schema-graph\">{\"@context\":\"https:\\\/\\\/schema.org\",\"@graph\":[{\"@type\":\"WebPage\",\"@id\":\"https:\\\/\\\/insektenliebe.com\\\/it\\\/shop\\\/prodotto\\\/nesodillo-arcangelii-shiro-utsuri\\\/\",\"url\":\"https:\\\/\\\/insektenliebe.com\\\/it\\\/shop\\\/prodotto\\\/nesodillo-arcangelii-shiro-utsuri\\\/\",\"name\":\"Nesodillo arcangelii \\\"Shiro Utsuri - Insektenliebe\",\"isPartOf\":{\"@id\":\"https:\\\/\\\/insektenliebe.com\\\/it\\\/#website\"},\"primaryImageOfPage\":{\"@id\":\"https:\\\/\\\/insektenliebe.com\\\/it\\\/shop\\\/prodotto\\\/nesodillo-arcangelii-shiro-utsuri\\\/#primaryimage\"},\"image\":{\"@id\":\"https:\\\/\\\/insektenliebe.com\\\/it\\\/shop\\\/prodotto\\\/nesodillo-arcangelii-shiro-utsuri\\\/#primaryimage\"},\"thumbnailUrl\":\"https:\\\/\\\/insektenliebe.com\\\/wp-content\\\/uploads\\\/2025\\\/05\\\/Cubaris-spec.-_Shiro-utsuri_-2.jpg\",\"datePublished\":\"2021-03-11T13:22:00+00:00\",\"dateModified\":\"2026-02-27T11:56:51+00:00\",\"description\":\"Acquista a buon mercato il Nesodillo arcangelii \\\"Shiro Utsuri\\\" direttamente online. Acquista la prole della bellissima specie Cubaris direttamente dall'allevatore.\",\"breadcrumb\":{\"@id\":\"https:\\\/\\\/insektenliebe.com\\\/it\\\/shop\\\/prodotto\\\/nesodillo-arcangelii-shiro-utsuri\\\/#breadcrumb\"},\"inLanguage\":\"it-IT\",\"potentialAction\":[{\"@type\":\"ReadAction\",\"target\":[\"https:\\\/\\\/insektenliebe.com\\\/it\\\/shop\\\/prodotto\\\/nesodillo-arcangelii-shiro-utsuri\\\/\"]}]},{\"@type\":\"ImageObject\",\"inLanguage\":\"it-IT\",\"@id\":\"https:\\\/\\\/insektenliebe.com\\\/it\\\/shop\\\/prodotto\\\/nesodillo-arcangelii-shiro-utsuri\\\/#primaryimage\",\"url\":\"https:\\\/\\\/insektenliebe.com\\\/wp-content\\\/uploads\\\/2025\\\/05\\\/Cubaris-spec.-_Shiro-utsuri_-2.jpg\",\"contentUrl\":\"https:\\\/\\\/insektenliebe.com\\\/wp-content\\\/uploads\\\/2025\\\/05\\\/Cubaris-spec.-_Shiro-utsuri_-2.jpg\",\"width\":820,\"height\":820,\"caption\":\"Nesodillo arcangelii \\\"Shiro Utsuri\"},{\"@type\":\"BreadcrumbList\",\"@id\":\"https:\\\/\\\/insektenliebe.com\\\/it\\\/shop\\\/prodotto\\\/nesodillo-arcangelii-shiro-utsuri\\\/#breadcrumb\",\"itemListElement\":[{\"@type\":\"ListItem\",\"position\":1,\"name\":\"Startseite\",\"item\":\"https:\\\/\\\/insektenliebe.com\\\/it\\\/\"},{\"@type\":\"ListItem\",\"position\":2,\"name\":\"Negozio\",\"item\":\"https:\\\/\\\/insektenliebe.com\\\/it\\\/negozio\\\/\"},{\"@type\":\"ListItem\",\"position\":3,\"name\":\"Nesodillo arcangelii \\\"Shiro Utsuri\"}]},{\"@type\":\"WebSite\",\"@id\":\"https:\\\/\\\/insektenliebe.com\\\/it\\\/#website\",\"url\":\"https:\\\/\\\/insektenliebe.com\\\/it\\\/\",\"name\":\"Insektenliebe\",\"description\":\"Dein Zuhause f\u00fcr die kleinen Lebewesen\",\"publisher\":{\"@id\":\"https:\\\/\\\/insektenliebe.com\\\/it\\\/#organization\"},\"potentialAction\":[{\"@type\":\"SearchAction\",\"target\":{\"@type\":\"EntryPoint\",\"urlTemplate\":\"https:\\\/\\\/insektenliebe.com\\\/it\\\/?s={search_term_string}\"},\"query-input\":{\"@type\":\"PropertyValueSpecification\",\"valueRequired\":true,\"valueName\":\"search_term_string\"}}],\"inLanguage\":\"it-IT\"},{\"@type\":\"Organization\",\"@id\":\"https:\\\/\\\/insektenliebe.com\\\/it\\\/#organization\",\"name\":\"Insektenliebe\",\"url\":\"https:\\\/\\\/insektenliebe.com\\\/it\\\/\",\"logo\":{\"@type\":\"ImageObject\",\"inLanguage\":\"it-IT\",\"@id\":\"https:\\\/\\\/insektenliebe.com\\\/it\\\/#\\\/schema\\\/logo\\\/image\\\/\",\"url\":\"https:\\\/\\\/insektenliebe.com\\\/wp-content\\\/uploads\\\/2025\\\/03\\\/logo-white.png\",\"contentUrl\":\"https:\\\/\\\/insektenliebe.com\\\/wp-content\\\/uploads\\\/2025\\\/03\\\/logo-white.png\",\"width\":288,\"height\":188,\"caption\":\"Insektenliebe\"},\"image\":{\"@id\":\"https:\\\/\\\/insektenliebe.com\\\/it\\\/#\\\/schema\\\/logo\\\/image\\\/\"}}]}<\/script>\n<!-- \/ Yoast SEO plugin. -->","yoast_head_json":{"title":"Nesodillo arcangelii \"Shiro Utsuri - Insektenliebe","description":"Acquista a buon mercato il Nesodillo arcangelii \"Shiro Utsuri\" direttamente online. Acquista la prole della bellissima specie Cubaris direttamente dall'allevatore.","robots":{"index":"index","follow":"follow","max-snippet":"max-snippet:-1","max-image-preview":"max-image-preview:large","max-video-preview":"max-video-preview:-1"},"canonical":"https:\/\/insektenliebe.com\/it\/shop\/prodotto\/nesodillo-arcangelii-shiro-utsuri\/","og_locale":"it_IT","og_type":"article","og_title":"Nesodillo arcangelii \"Shiro Utsuri - Insektenliebe","og_description":"Acquista a buon mercato il Nesodillo arcangelii \"Shiro Utsuri\" direttamente online. Acquista la prole della bellissima specie Cubaris direttamente dall'allevatore.","og_url":"https:\/\/insektenliebe.com\/it\/shop\/prodotto\/nesodillo-arcangelii-shiro-utsuri\/","og_site_name":"Insektenliebe","article_modified_time":"2026-02-27T11:56:51+00:00","og_image":[{"width":820,"height":820,"url":"https:\/\/insektenliebe.com\/wp-content\/uploads\/2025\/05\/Cubaris-spec.-_Shiro-utsuri_-2.jpg","type":"image\/jpeg"}],"twitter_card":"summary_large_image","twitter_misc":{"Tempo di lettura stimato":"2 minuto"},"schema":{"@context":"https:\/\/schema.org","@graph":[{"@type":"WebPage","@id":"https:\/\/insektenliebe.com\/it\/shop\/prodotto\/nesodillo-arcangelii-shiro-utsuri\/","url":"https:\/\/insektenliebe.com\/it\/shop\/prodotto\/nesodillo-arcangelii-shiro-utsuri\/","name":"Nesodillo arcangelii \"Shiro Utsuri - Insektenliebe","isPartOf":{"@id":"https:\/\/insektenliebe.com\/it\/#website"},"primaryImageOfPage":{"@id":"https:\/\/insektenliebe.com\/it\/shop\/prodotto\/nesodillo-arcangelii-shiro-utsuri\/#primaryimage"},"image":{"@id":"https:\/\/insektenliebe.com\/it\/shop\/prodotto\/nesodillo-arcangelii-shiro-utsuri\/#primaryimage"},"thumbnailUrl":"https:\/\/insektenliebe.com\/wp-content\/uploads\/2025\/05\/Cubaris-spec.-_Shiro-utsuri_-2.jpg","datePublished":"2021-03-11T13:22:00+00:00","dateModified":"2026-02-27T11:56:51+00:00","description":"Acquista a buon mercato il Nesodillo arcangelii \"Shiro Utsuri\" direttamente online. Acquista la prole della bellissima specie Cubaris direttamente dall'allevatore.","breadcrumb":{"@id":"https:\/\/insektenliebe.com\/it\/shop\/prodotto\/nesodillo-arcangelii-shiro-utsuri\/#breadcrumb"},"inLanguage":"it-IT","potentialAction":[{"@type":"ReadAction","target":["https:\/\/insektenliebe.com\/it\/shop\/prodotto\/nesodillo-arcangelii-shiro-utsuri\/"]}]},{"@type":"ImageObject","inLanguage":"it-IT","@id":"https:\/\/insektenliebe.com\/it\/shop\/prodotto\/nesodillo-arcangelii-shiro-utsuri\/#primaryimage","url":"https:\/\/insektenliebe.com\/wp-content\/uploads\/2025\/05\/Cubaris-spec.-_Shiro-utsuri_-2.jpg","contentUrl":"https:\/\/insektenliebe.com\/wp-content\/uploads\/2025\/05\/Cubaris-spec.-_Shiro-utsuri_-2.jpg","width":820,"height":820,"caption":"Nesodillo arcangelii \"Shiro Utsuri"},{"@type":"BreadcrumbList","@id":"https:\/\/insektenliebe.com\/it\/shop\/prodotto\/nesodillo-arcangelii-shiro-utsuri\/#breadcrumb","itemListElement":[{"@type":"ListItem","position":1,"name":"Startseite","item":"https:\/\/insektenliebe.com\/it\/"},{"@type":"ListItem","position":2,"name":"Negozio","item":"https:\/\/insektenliebe.com\/it\/negozio\/"},{"@type":"ListItem","position":3,"name":"Nesodillo arcangelii \"Shiro Utsuri"}]},{"@type":"WebSite","@id":"https:\/\/insektenliebe.com\/it\/#website","url":"https:\/\/insektenliebe.com\/it\/","name":"Insektenliebe","description":"Dein Zuhause f\u00fcr die kleinen Lebewesen","publisher":{"@id":"https:\/\/insektenliebe.com\/it\/#organization"},"potentialAction":[{"@type":"SearchAction","target":{"@type":"EntryPoint","urlTemplate":"https:\/\/insektenliebe.com\/it\/?s={search_term_string}"},"query-input":{"@type":"PropertyValueSpecification","valueRequired":true,"valueName":"search_term_string"}}],"inLanguage":"it-IT"},{"@type":"Organization","@id":"https:\/\/insektenliebe.com\/it\/#organization","name":"Insektenliebe","url":"https:\/\/insektenliebe.com\/it\/","logo":{"@type":"ImageObject","inLanguage":"it-IT","@id":"https:\/\/insektenliebe.com\/it\/#\/schema\/logo\/image\/","url":"https:\/\/insektenliebe.com\/wp-content\/uploads\/2025\/03\/logo-white.png","contentUrl":"https:\/\/insektenliebe.com\/wp-content\/uploads\/2025\/03\/logo-white.png","width":288,"height":188,"caption":"Insektenliebe"},"image":{"@id":"https:\/\/insektenliebe.com\/it\/#\/schema\/logo\/image\/"}}]}},"_links":{"self":[{"href":"https:\/\/insektenliebe.com\/it\/wp-json\/wp\/v2\/product\/185277","targetHints":{"allow":["GET"]}}],"collection":[{"href":"https:\/\/insektenliebe.com\/it\/wp-json\/wp\/v2\/product"}],"about":[{"href":"https:\/\/insektenliebe.com\/it\/wp-json\/wp\/v2\/types\/product"}],"wp:featuredmedia":[{"embeddable":true,"href":"https:\/\/insektenliebe.com\/it\/wp-json\/wp\/v2\/media\/185279"}],"wp:attachment":[{"href":"https:\/\/insektenliebe.com\/it\/wp-json\/wp\/v2\/media?parent=185277"}],"wp:term":[{"taxonomy":"product-supplier","embeddable":true,"href":"https:\/\/insektenliebe.com\/it\/wp-json\/wp\/v2\/product-supplier?post=185277"},{"taxonomy":"product_brand","embeddable":true,"href":"https:\/\/insektenliebe.com\/it\/wp-json\/wp\/v2\/product_brand?post=185277"},{"taxonomy":"product_cat","embeddable":true,"href":"https:\/\/insektenliebe.com\/it\/wp-json\/wp\/v2\/product_cat?post=185277"},{"taxonomy":"product_tag","embeddable":true,"href":"https:\/\/insektenliebe.com\/it\/wp-json\/wp\/v2\/product_tag?post=185277"},{"taxonomy":"lce-checkout-addons","embeddable":true,"href":"https:\/\/insektenliebe.com\/it\/wp-json\/wp\/v2\/lce-checkout-addons?post=185277"}],"curies":[{"name":"wp","href":"https:\/\/api.w.org\/{rel}","templated":true}]}}