{"id":185262,"date":"2021-03-21T11:00:04","date_gmt":"2021-03-21T09:00:04","guid":{"rendered":"https:\/\/insektenliebe.com\/shop\/produkt\/copri-lampada-per-terrario-exo-terra-compact-top\/"},"modified":"2026-03-05T19:19:48","modified_gmt":"2026-03-05T18:19:48","slug":"copri-lampada-per-terrario-exo-terra-compact-top","status":"publish","type":"product","link":"https:\/\/insektenliebe.com\/it\/shop\/prodotto\/copri-lampada-per-terrario-exo-terra-compact-top\/","title":{"rendered":"Copri lampada per terrario Exo Terra Compact Top"},"content":{"rendered":"<div class=\"page\" data-page-number=\"106\" data-loaded=\"true\">\n<div class=\"textLayer\">\n<h3><span class=\"s1\" style=\"color: #99cc33;\">Top compatto Exo Terra - Perfettamente abbinabile ai terrari in vetro Exo Terra<\/span><\/h3>\n<p class=\"p1\"><span class=\"s1\">Il <\/span><strong><span class=\"s2\">Exo Terra Compact Top<\/span><\/strong><span class=\"s1\">  \u00e8 un coprilampada per terrari compatto e funzionale, sviluppato appositamente per i terrari in vetro Exo Terra. Offre una soluzione salvaspazio per installare in modo sicuro ed efficiente le lampade UV e di calore sopra il terrario. In questo modo si crea un apporto stabile di luce e calore, fondamentale per il benessere dei tuoi animali.  <\/span><\/p>\n<p class=\"p1\"><span class=\"s1\">Il coperchio accetta lampade per terrari o lampade a incandescenza a basso wattaggio fino a un massimo di 26 watt. Per questo motivo \u00e8 particolarmente adatto per gli allestimenti pi\u00f9 piccoli o di medie dimensioni. Puoi combinare diverse lampade Exo Terra Repti Glo per creare il mix ideale di luce UVB, UVA e visibile. Inoltre, una lampada termica diurna garantisce un aumento della temperatura ambientale.   <\/span><\/p>\n<p class=\"p1\"><span class=\"s1\">Il riflettore incorporato aumenta notevolmente la resa luminosa. Invece di emettere luce verso l&#8217;alto inutilizzata, il coperchio focalizza la radiazione nel terrario. Questo ti permette di ottenere una migliore efficienza a parit\u00e0 di resa. Allo stesso tempo, il sistema favorisce la naturale termoregolazione dei tuoi animali.   <\/span><\/p>\n<p class=\"p1\"><span class=\"s1\">Un altro vantaggio \u00e8 l&#8217;integrazione ben studiata degli accessori. Puoi inserire il termometro digitale Exo Terra, l&#8217;igrometro, un termostato o un igrostato nell&#8217;apposito incavo. In questo modo potrai controllare la temperatura e l&#8217;umidit\u00e0 direttamente sul sistema e tenere sotto controllo tutti i valori pi\u00f9 importanti.  <\/span><\/p>\n<p class=\"p1\"><span class=\"s1\">L&#8217;installazione \u00e8 rapida e semplice. Basta posizionare il coperchio Compact Top sul terrario di vetro Exo Terra ed \u00e8 pronto all&#8217;uso. Il design compatto si integra armoniosamente e ha un aspetto ordinato.  <\/span><\/p>\n<p class=\"p1\"><span class=\"s1\">Il <\/span><strong><span class=\"s2\">Exo Terra Compact Top<\/span><\/strong><span class=\"s1\">  \u00e8 la base ideale per un sistema di illuminazione efficiente. Combina funzionalit\u00e0, flessibilit\u00e0 e facilit\u00e0 d&#8217;uso per creare le condizioni ottimali per un terrario adatto alle diverse specie. <\/span><\/p>\n<p>&nbsp;<\/p>\n<p><span style=\"color: #000000;\"><strong>Versioni:<\/strong><\/span><\/p>\n<p><span style=\"color: #000000;\"><strong>Exo Terra Compact Top 20<\/strong>: 20 x 9 x 15 cm, per <strong>una <\/strong>lampada per terrario fino a 23 watt, adatta a Exo Terra Terrarium 20 x 20 x 20 e a terrari di legno o vetro con struttura simile.<\/span><\/p>\n<p><span style=\"color: #000000;\"><strong>Exo Terra Compact Top 30<\/strong>: 30 x 9 x 15 cm, per <strong>una <\/strong>lampada per terrario fino a 26 watt, adatta a Exo Terra Terrarium 30 x 30 x 30 e 30 x 30 x 45 e a terrari di legno o vetro con struttura simile.<\/span><\/p>\n<p><span style=\"color: #000000;\"><strong>Exo Terra Compact Top 45<\/strong>: 45 x 9 x 20 cm, per <strong>due <\/strong>lampade per terrari fino a 26 watt, adatto a Exo Terra Terrarium 45 x 45 x 45 e 45 x 45 x 60 e a terrari di legno o vetro con struttura simile.<\/span><\/p>\n<\/div>\n<\/div>\n","protected":false},"excerpt":{"rendered":"<p>Top compatto Exo Terra - Perfettamente abbinabile ai terrari in vetro Exo Terra Il Exo Terra Compact Top \u00e8 un coprilampada per terrari compatto e funzionale, sviluppato appositamente per i terrari in vetro Exo Terra. Offre una soluzione salvaspazio per installare in modo sicuro ed efficiente le lampade UV e di calore sopra il terrario. [&hellip;]<\/p>\n","protected":false},"featured_media":185264,"template":"","meta":{"_acf_changed":false},"product-supplier":[2554],"product_brand":[3027],"product_cat":[2741],"product_tag":[],"lce-checkout-addons":[],"class_list":{"0":"post-185262","1":"product","2":"type-product","3":"status-publish","4":"has-post-thumbnail","6":"product_brand-exo-terra","7":"product_cat-illuminazione-e-clima","8":"product_shipping_class-equipment-shipping","10":"first","11":"instock","12":"sale","13":"taxable","14":"shipping-taxable","15":"purchasable","16":"product-type-variable"},"acf":[],"yoast_head":"<!-- This site is optimized with the Yoast SEO plugin v27.3 - https:\/\/yoast.com\/product\/yoast-seo-wordpress\/ -->\n<title>Copri lampada per terrario Exo Terra Compact Top - Insektenliebe<\/title>\n<meta name=\"description\" content=\"Exo Terra Compact Top \u00e8 un coprilampada compatto per terrari Exo. \u00c8 adatto per lampade UV e termiche fino a 26 W.\" \/>\n<meta name=\"robots\" content=\"index, follow, max-snippet:-1, max-image-preview:large, max-video-preview:-1\" \/>\n<link rel=\"canonical\" href=\"https:\/\/insektenliebe.com\/it\/shop\/prodotto\/copri-lampada-per-terrario-exo-terra-compact-top\/\" \/>\n<meta property=\"og:locale\" content=\"it_IT\" \/>\n<meta property=\"og:type\" content=\"article\" \/>\n<meta property=\"og:title\" content=\"Copri lampada per terrario Exo Terra Compact Top - Insektenliebe\" \/>\n<meta property=\"og:description\" content=\"Exo Terra Compact Top \u00e8 un coprilampada compatto per terrari Exo. \u00c8 adatto per lampade UV e termiche fino a 26 W.\" \/>\n<meta property=\"og:url\" content=\"https:\/\/insektenliebe.com\/it\/shop\/prodotto\/copri-lampada-per-terrario-exo-terra-compact-top\/\" \/>\n<meta property=\"og:site_name\" content=\"Insektenliebe\" \/>\n<meta property=\"article:modified_time\" content=\"2026-03-05T18:19:48+00:00\" \/>\n<meta property=\"og:image\" content=\"https:\/\/insektenliebe.com\/wp-content\/uploads\/2025\/05\/Exo-Terra-Compact-Top-Nano-Terrarienlampen-Abdeckung-2.jpg\" \/>\n\t<meta property=\"og:image:width\" content=\"820\" \/>\n\t<meta property=\"og:image:height\" content=\"820\" \/>\n\t<meta property=\"og:image:type\" content=\"image\/jpeg\" \/>\n<meta name=\"twitter:card\" content=\"summary_large_image\" \/>\n<meta name=\"twitter:label1\" content=\"Tempo di lettura stimato\" \/>\n\t<meta name=\"twitter:data1\" content=\"2 minuto\" \/>\n<script type=\"application\/ld+json\" class=\"yoast-schema-graph\">{\"@context\":\"https:\\\/\\\/schema.org\",\"@graph\":[{\"@type\":\"WebPage\",\"@id\":\"https:\\\/\\\/insektenliebe.com\\\/it\\\/shop\\\/prodotto\\\/copri-lampada-per-terrario-exo-terra-compact-top\\\/\",\"url\":\"https:\\\/\\\/insektenliebe.com\\\/it\\\/shop\\\/prodotto\\\/copri-lampada-per-terrario-exo-terra-compact-top\\\/\",\"name\":\"Copri lampada per terrario Exo Terra Compact Top - Insektenliebe\",\"isPartOf\":{\"@id\":\"https:\\\/\\\/insektenliebe.com\\\/it\\\/#website\"},\"primaryImageOfPage\":{\"@id\":\"https:\\\/\\\/insektenliebe.com\\\/it\\\/shop\\\/prodotto\\\/copri-lampada-per-terrario-exo-terra-compact-top\\\/#primaryimage\"},\"image\":{\"@id\":\"https:\\\/\\\/insektenliebe.com\\\/it\\\/shop\\\/prodotto\\\/copri-lampada-per-terrario-exo-terra-compact-top\\\/#primaryimage\"},\"thumbnailUrl\":\"https:\\\/\\\/insektenliebe.com\\\/wp-content\\\/uploads\\\/2025\\\/05\\\/Exo-Terra-Compact-Top-Nano-Terrarienlampen-Abdeckung-2.jpg\",\"datePublished\":\"2021-03-21T09:00:04+00:00\",\"dateModified\":\"2026-03-05T18:19:48+00:00\",\"description\":\"Exo Terra Compact Top \u00e8 un coprilampada compatto per terrari Exo. \u00c8 adatto per lampade UV e termiche fino a 26 W.\",\"breadcrumb\":{\"@id\":\"https:\\\/\\\/insektenliebe.com\\\/it\\\/shop\\\/prodotto\\\/copri-lampada-per-terrario-exo-terra-compact-top\\\/#breadcrumb\"},\"inLanguage\":\"it-IT\",\"potentialAction\":[{\"@type\":\"ReadAction\",\"target\":[\"https:\\\/\\\/insektenliebe.com\\\/it\\\/shop\\\/prodotto\\\/copri-lampada-per-terrario-exo-terra-compact-top\\\/\"]}]},{\"@type\":\"ImageObject\",\"inLanguage\":\"it-IT\",\"@id\":\"https:\\\/\\\/insektenliebe.com\\\/it\\\/shop\\\/prodotto\\\/copri-lampada-per-terrario-exo-terra-compact-top\\\/#primaryimage\",\"url\":\"https:\\\/\\\/insektenliebe.com\\\/wp-content\\\/uploads\\\/2025\\\/05\\\/Exo-Terra-Compact-Top-Nano-Terrarienlampen-Abdeckung-2.jpg\",\"contentUrl\":\"https:\\\/\\\/insektenliebe.com\\\/wp-content\\\/uploads\\\/2025\\\/05\\\/Exo-Terra-Compact-Top-Nano-Terrarienlampen-Abdeckung-2.jpg\",\"width\":820,\"height\":820,\"caption\":\"Exo-Terra-Compact-Top-Nano-Terrarium-Lampada-Cover-2.jpg\"},{\"@type\":\"BreadcrumbList\",\"@id\":\"https:\\\/\\\/insektenliebe.com\\\/it\\\/shop\\\/prodotto\\\/copri-lampada-per-terrario-exo-terra-compact-top\\\/#breadcrumb\",\"itemListElement\":[{\"@type\":\"ListItem\",\"position\":1,\"name\":\"Startseite\",\"item\":\"https:\\\/\\\/insektenliebe.com\\\/it\\\/\"},{\"@type\":\"ListItem\",\"position\":2,\"name\":\"Negozio\",\"item\":\"https:\\\/\\\/insektenliebe.com\\\/it\\\/negozio\\\/\"},{\"@type\":\"ListItem\",\"position\":3,\"name\":\"Copri lampada per terrario Exo Terra Compact Top\"}]},{\"@type\":\"WebSite\",\"@id\":\"https:\\\/\\\/insektenliebe.com\\\/it\\\/#website\",\"url\":\"https:\\\/\\\/insektenliebe.com\\\/it\\\/\",\"name\":\"Insektenliebe\",\"description\":\"Dein Zuhause f\u00fcr die kleinen Lebewesen\",\"publisher\":{\"@id\":\"https:\\\/\\\/insektenliebe.com\\\/it\\\/#organization\"},\"potentialAction\":[{\"@type\":\"SearchAction\",\"target\":{\"@type\":\"EntryPoint\",\"urlTemplate\":\"https:\\\/\\\/insektenliebe.com\\\/it\\\/?s={search_term_string}\"},\"query-input\":{\"@type\":\"PropertyValueSpecification\",\"valueRequired\":true,\"valueName\":\"search_term_string\"}}],\"inLanguage\":\"it-IT\"},{\"@type\":\"Organization\",\"@id\":\"https:\\\/\\\/insektenliebe.com\\\/it\\\/#organization\",\"name\":\"Insektenliebe\",\"url\":\"https:\\\/\\\/insektenliebe.com\\\/it\\\/\",\"logo\":{\"@type\":\"ImageObject\",\"inLanguage\":\"it-IT\",\"@id\":\"https:\\\/\\\/insektenliebe.com\\\/it\\\/#\\\/schema\\\/logo\\\/image\\\/\",\"url\":\"https:\\\/\\\/insektenliebe.com\\\/wp-content\\\/uploads\\\/2025\\\/03\\\/logo-white.png\",\"contentUrl\":\"https:\\\/\\\/insektenliebe.com\\\/wp-content\\\/uploads\\\/2025\\\/03\\\/logo-white.png\",\"width\":288,\"height\":188,\"caption\":\"Insektenliebe\"},\"image\":{\"@id\":\"https:\\\/\\\/insektenliebe.com\\\/it\\\/#\\\/schema\\\/logo\\\/image\\\/\"}}]}<\/script>\n<!-- \/ Yoast SEO plugin. -->","yoast_head_json":{"title":"Copri lampada per terrario Exo Terra Compact Top - Insektenliebe","description":"Exo Terra Compact Top \u00e8 un coprilampada compatto per terrari Exo. \u00c8 adatto per lampade UV e termiche fino a 26 W.","robots":{"index":"index","follow":"follow","max-snippet":"max-snippet:-1","max-image-preview":"max-image-preview:large","max-video-preview":"max-video-preview:-1"},"canonical":"https:\/\/insektenliebe.com\/it\/shop\/prodotto\/copri-lampada-per-terrario-exo-terra-compact-top\/","og_locale":"it_IT","og_type":"article","og_title":"Copri lampada per terrario Exo Terra Compact Top - Insektenliebe","og_description":"Exo Terra Compact Top \u00e8 un coprilampada compatto per terrari Exo. \u00c8 adatto per lampade UV e termiche fino a 26 W.","og_url":"https:\/\/insektenliebe.com\/it\/shop\/prodotto\/copri-lampada-per-terrario-exo-terra-compact-top\/","og_site_name":"Insektenliebe","article_modified_time":"2026-03-05T18:19:48+00:00","og_image":[{"width":820,"height":820,"url":"https:\/\/insektenliebe.com\/wp-content\/uploads\/2025\/05\/Exo-Terra-Compact-Top-Nano-Terrarienlampen-Abdeckung-2.jpg","type":"image\/jpeg"}],"twitter_card":"summary_large_image","twitter_misc":{"Tempo di lettura stimato":"2 minuto"},"schema":{"@context":"https:\/\/schema.org","@graph":[{"@type":"WebPage","@id":"https:\/\/insektenliebe.com\/it\/shop\/prodotto\/copri-lampada-per-terrario-exo-terra-compact-top\/","url":"https:\/\/insektenliebe.com\/it\/shop\/prodotto\/copri-lampada-per-terrario-exo-terra-compact-top\/","name":"Copri lampada per terrario Exo Terra Compact Top - Insektenliebe","isPartOf":{"@id":"https:\/\/insektenliebe.com\/it\/#website"},"primaryImageOfPage":{"@id":"https:\/\/insektenliebe.com\/it\/shop\/prodotto\/copri-lampada-per-terrario-exo-terra-compact-top\/#primaryimage"},"image":{"@id":"https:\/\/insektenliebe.com\/it\/shop\/prodotto\/copri-lampada-per-terrario-exo-terra-compact-top\/#primaryimage"},"thumbnailUrl":"https:\/\/insektenliebe.com\/wp-content\/uploads\/2025\/05\/Exo-Terra-Compact-Top-Nano-Terrarienlampen-Abdeckung-2.jpg","datePublished":"2021-03-21T09:00:04+00:00","dateModified":"2026-03-05T18:19:48+00:00","description":"Exo Terra Compact Top \u00e8 un coprilampada compatto per terrari Exo. \u00c8 adatto per lampade UV e termiche fino a 26 W.","breadcrumb":{"@id":"https:\/\/insektenliebe.com\/it\/shop\/prodotto\/copri-lampada-per-terrario-exo-terra-compact-top\/#breadcrumb"},"inLanguage":"it-IT","potentialAction":[{"@type":"ReadAction","target":["https:\/\/insektenliebe.com\/it\/shop\/prodotto\/copri-lampada-per-terrario-exo-terra-compact-top\/"]}]},{"@type":"ImageObject","inLanguage":"it-IT","@id":"https:\/\/insektenliebe.com\/it\/shop\/prodotto\/copri-lampada-per-terrario-exo-terra-compact-top\/#primaryimage","url":"https:\/\/insektenliebe.com\/wp-content\/uploads\/2025\/05\/Exo-Terra-Compact-Top-Nano-Terrarienlampen-Abdeckung-2.jpg","contentUrl":"https:\/\/insektenliebe.com\/wp-content\/uploads\/2025\/05\/Exo-Terra-Compact-Top-Nano-Terrarienlampen-Abdeckung-2.jpg","width":820,"height":820,"caption":"Exo-Terra-Compact-Top-Nano-Terrarium-Lampada-Cover-2.jpg"},{"@type":"BreadcrumbList","@id":"https:\/\/insektenliebe.com\/it\/shop\/prodotto\/copri-lampada-per-terrario-exo-terra-compact-top\/#breadcrumb","itemListElement":[{"@type":"ListItem","position":1,"name":"Startseite","item":"https:\/\/insektenliebe.com\/it\/"},{"@type":"ListItem","position":2,"name":"Negozio","item":"https:\/\/insektenliebe.com\/it\/negozio\/"},{"@type":"ListItem","position":3,"name":"Copri lampada per terrario Exo Terra Compact Top"}]},{"@type":"WebSite","@id":"https:\/\/insektenliebe.com\/it\/#website","url":"https:\/\/insektenliebe.com\/it\/","name":"Insektenliebe","description":"Dein Zuhause f\u00fcr die kleinen Lebewesen","publisher":{"@id":"https:\/\/insektenliebe.com\/it\/#organization"},"potentialAction":[{"@type":"SearchAction","target":{"@type":"EntryPoint","urlTemplate":"https:\/\/insektenliebe.com\/it\/?s={search_term_string}"},"query-input":{"@type":"PropertyValueSpecification","valueRequired":true,"valueName":"search_term_string"}}],"inLanguage":"it-IT"},{"@type":"Organization","@id":"https:\/\/insektenliebe.com\/it\/#organization","name":"Insektenliebe","url":"https:\/\/insektenliebe.com\/it\/","logo":{"@type":"ImageObject","inLanguage":"it-IT","@id":"https:\/\/insektenliebe.com\/it\/#\/schema\/logo\/image\/","url":"https:\/\/insektenliebe.com\/wp-content\/uploads\/2025\/03\/logo-white.png","contentUrl":"https:\/\/insektenliebe.com\/wp-content\/uploads\/2025\/03\/logo-white.png","width":288,"height":188,"caption":"Insektenliebe"},"image":{"@id":"https:\/\/insektenliebe.com\/it\/#\/schema\/logo\/image\/"}}]}},"_links":{"self":[{"href":"https:\/\/insektenliebe.com\/it\/wp-json\/wp\/v2\/product\/185262","targetHints":{"allow":["GET"]}}],"collection":[{"href":"https:\/\/insektenliebe.com\/it\/wp-json\/wp\/v2\/product"}],"about":[{"href":"https:\/\/insektenliebe.com\/it\/wp-json\/wp\/v2\/types\/product"}],"wp:featuredmedia":[{"embeddable":true,"href":"https:\/\/insektenliebe.com\/it\/wp-json\/wp\/v2\/media\/185264"}],"wp:attachment":[{"href":"https:\/\/insektenliebe.com\/it\/wp-json\/wp\/v2\/media?parent=185262"}],"wp:term":[{"taxonomy":"product-supplier","embeddable":true,"href":"https:\/\/insektenliebe.com\/it\/wp-json\/wp\/v2\/product-supplier?post=185262"},{"taxonomy":"product_brand","embeddable":true,"href":"https:\/\/insektenliebe.com\/it\/wp-json\/wp\/v2\/product_brand?post=185262"},{"taxonomy":"product_cat","embeddable":true,"href":"https:\/\/insektenliebe.com\/it\/wp-json\/wp\/v2\/product_cat?post=185262"},{"taxonomy":"product_tag","embeddable":true,"href":"https:\/\/insektenliebe.com\/it\/wp-json\/wp\/v2\/product_tag?post=185262"},{"taxonomy":"lce-checkout-addons","embeddable":true,"href":"https:\/\/insektenliebe.com\/it\/wp-json\/wp\/v2\/lce-checkout-addons?post=185262"}],"curies":[{"name":"wp","href":"https:\/\/api.w.org\/{rel}","templated":true}]}}