{"id":185260,"date":"2021-02-26T10:06:00","date_gmt":"2021-02-26T09:06:00","guid":{"rendered":"https:\/\/insektenliebe.com\/shop\/produkt\/armadillidium-granulatum-lemon\/"},"modified":"2026-03-05T09:45:29","modified_gmt":"2026-03-05T08:45:29","slug":"armadillidium-granulatum-lemon","status":"publish","type":"product","link":"https:\/\/insektenliebe.com\/it\/shop\/prodotto\/armadillidium-granulatum-lemon\/","title":{"rendered":"Armadillidium granulatum \"Lemon"},"content":{"rendered":"<h3><span style=\"color: #99cc33\">Breve descrizione:<\/span><\/h3>\n<p class=\"font_8\">Armadillidium granulatum \"Lemon\" \u00e8 il primo morph di colore di questa specie. Ne seguiranno altri, questo \u00e8 gi\u00e0 certo. Poich\u00e9 l&#8217;Armadillidium granulatum ha gi\u00e0 deliziato molti allevatori con le sue dimensioni e la sua facilit\u00e0 di allevamento, questa \u00e8 una grande notizia per tutti. <\/p>\n<p>Il morph ha una colorazione di base marrone con macchie gialle pi\u00f9 grandi rispetto all&#8217;originale. Le dimensioni e la facilit\u00e0 di conservazione non sono cambiate a causa della mutazione. Nel ceppo riproduttivo di Armadillidium granulatum \"Lemon\", occasionalmente si verifica un&#8217;ulteriore mutazione chiamata \"Magic Potion\". Questa mutazione \u00e8 attualmente in fase di selezione ed eliminazione da parte nostra. La specie Armadillidium granulatum rimane quindi interessante e sar\u00e0 interessante vedere cosa ci riserver\u00e0 il futuro.    <\/p>\n<p>\u00c8 possibile tenere un gruppo di Armadillidium granulatum \"Lemon\" in contenitori con una capacit\u00e0 di 5 litri o pi\u00f9. \u00c8 importante sapere che questa specie di isopode non si riproduce se non c&#8217;\u00e8 spazio sufficiente. Poich\u00e9 il suo habitat naturale \u00e8 lo strato di lettiera delle foreste decidue, \u00e8 necessario prestare particolare attenzione a questo aspetto. Se vuoi creare un terrario vicino alla natura, scegli come substrato uno strato di humus di foresta decidua, foglie e legno bianco marcio alto circa 10 cm. Su questo strato di substrato vanno sparsi muschio, pezzi di corteccia e foglie. Da un lato, questi elementi servono come riparo, dall&#8217;altro come cibo e per mantenere l&#8217;umidit\u00e0 nella vasca. La vasca dell&#8217;Armadillidium granulatum \"Lemon\" deve essere sempre mantenuta umida. Tuttavia, i ristagni d&#8217;acqua devono essere evitati a tutti i costi. In genere, un&#8217;umidit\u00e0 del 60-80% si stabilizzer\u00e0 rapidamente da sola con regolari irrorazioni. Gli animali hanno bisogno di calce per costruire il loro carapace, che pu\u00f2 essere somministrata sotto forma di seppie, gusci d&#8217;uovo schiacciati o simili. Il legno bianco marcio e le foglie presenti nel substrato servono come cibo. Anche le verdure, la frutta, i fiori e il cibo per isopodi vengono accettati volentieri.           <\/p>\n<p>&nbsp;<\/p>\n","protected":false},"excerpt":{"rendered":"<p>Nuovo colore morph con parti gialle elevate in una colorazione di base marrone!<\/p>\n","protected":false},"featured_media":185263,"template":"","meta":{"_acf_changed":false},"product-supplier":[],"product_brand":[],"product_cat":[2871,2788],"product_tag":[],"lce-checkout-addons":[2746],"class_list":{"0":"post-185260","1":"product","2":"type-product","3":"status-publish","4":"has-post-thumbnail","6":"product_cat-cocciniglia-armadillidium","7":"product_cat-woodlice","8":"product_shipping_class-spedizione-di-animali","9":"pa_herkunft-spagna","10":"pa_kontinent-europa","11":"lce-checkout-addons-imballaggio-invernale","13":"first","14":"outofstock","15":"taxable","16":"shipping-taxable","17":"purchasable","18":"product-type-simple"},"acf":[],"yoast_head":"<!-- This site is optimized with the Yoast SEO plugin v27.3 - https:\/\/yoast.com\/product\/yoast-seo-wordpress\/ -->\n<title>Armadillidium granulatum &quot;Lemon - Insektenliebe<\/title>\n<meta name=\"description\" content=\"Acquista online l&#039;Armadillidium granulatum &quot;Lemon&quot;. Nuovo morph, con un alto contenuto di giallo nella colorazione di base marrone. Direttamente dall&#039;allevatore!\" \/>\n<meta name=\"robots\" content=\"index, follow, max-snippet:-1, max-image-preview:large, max-video-preview:-1\" \/>\n<link rel=\"canonical\" href=\"https:\/\/insektenliebe.com\/it\/shop\/prodotto\/armadillidium-granulatum-lemon\/\" \/>\n<meta property=\"og:locale\" content=\"it_IT\" \/>\n<meta property=\"og:type\" content=\"article\" \/>\n<meta property=\"og:title\" content=\"Armadillidium granulatum &quot;Lemon - Insektenliebe\" \/>\n<meta property=\"og:description\" content=\"Acquista online l&#039;Armadillidium granulatum &quot;Lemon&quot;. Nuovo morph, con un alto contenuto di giallo nella colorazione di base marrone. Direttamente dall&#039;allevatore!\" \/>\n<meta property=\"og:url\" content=\"https:\/\/insektenliebe.com\/it\/shop\/prodotto\/armadillidium-granulatum-lemon\/\" \/>\n<meta property=\"og:site_name\" content=\"Insektenliebe\" \/>\n<meta property=\"article:modified_time\" content=\"2026-03-05T08:45:29+00:00\" \/>\n<meta property=\"og:image\" content=\"https:\/\/insektenliebe.com\/wp-content\/uploads\/2025\/05\/Armadillidium-granulatum-22Lemon22-2.jpg\" \/>\n\t<meta property=\"og:image:width\" content=\"820\" \/>\n\t<meta property=\"og:image:height\" content=\"820\" \/>\n\t<meta property=\"og:image:type\" content=\"image\/jpeg\" \/>\n<meta name=\"twitter:card\" content=\"summary_large_image\" \/>\n<meta name=\"twitter:label1\" content=\"Tempo di lettura stimato\" \/>\n\t<meta name=\"twitter:data1\" content=\"2 minuto\" \/>\n<script type=\"application\/ld+json\" class=\"yoast-schema-graph\">{\"@context\":\"https:\\\/\\\/schema.org\",\"@graph\":[{\"@type\":\"WebPage\",\"@id\":\"https:\\\/\\\/insektenliebe.com\\\/it\\\/shop\\\/prodotto\\\/armadillidium-granulatum-lemon\\\/\",\"url\":\"https:\\\/\\\/insektenliebe.com\\\/it\\\/shop\\\/prodotto\\\/armadillidium-granulatum-lemon\\\/\",\"name\":\"Armadillidium granulatum \\\"Lemon - Insektenliebe\",\"isPartOf\":{\"@id\":\"https:\\\/\\\/insektenliebe.com\\\/it\\\/#website\"},\"primaryImageOfPage\":{\"@id\":\"https:\\\/\\\/insektenliebe.com\\\/it\\\/shop\\\/prodotto\\\/armadillidium-granulatum-lemon\\\/#primaryimage\"},\"image\":{\"@id\":\"https:\\\/\\\/insektenliebe.com\\\/it\\\/shop\\\/prodotto\\\/armadillidium-granulatum-lemon\\\/#primaryimage\"},\"thumbnailUrl\":\"https:\\\/\\\/insektenliebe.com\\\/wp-content\\\/uploads\\\/2025\\\/05\\\/Armadillidium-granulatum-22Lemon22-2.jpg\",\"datePublished\":\"2021-02-26T09:06:00+00:00\",\"dateModified\":\"2026-03-05T08:45:29+00:00\",\"description\":\"Acquista online l'Armadillidium granulatum \\\"Lemon\\\". Nuovo morph, con un alto contenuto di giallo nella colorazione di base marrone. Direttamente dall'allevatore!\",\"breadcrumb\":{\"@id\":\"https:\\\/\\\/insektenliebe.com\\\/it\\\/shop\\\/prodotto\\\/armadillidium-granulatum-lemon\\\/#breadcrumb\"},\"inLanguage\":\"it-IT\",\"potentialAction\":[{\"@type\":\"ReadAction\",\"target\":[\"https:\\\/\\\/insektenliebe.com\\\/it\\\/shop\\\/prodotto\\\/armadillidium-granulatum-lemon\\\/\"]}]},{\"@type\":\"ImageObject\",\"inLanguage\":\"it-IT\",\"@id\":\"https:\\\/\\\/insektenliebe.com\\\/it\\\/shop\\\/prodotto\\\/armadillidium-granulatum-lemon\\\/#primaryimage\",\"url\":\"https:\\\/\\\/insektenliebe.com\\\/wp-content\\\/uploads\\\/2025\\\/05\\\/Armadillidium-granulatum-22Lemon22-2.jpg\",\"contentUrl\":\"https:\\\/\\\/insektenliebe.com\\\/wp-content\\\/uploads\\\/2025\\\/05\\\/Armadillidium-granulatum-22Lemon22-2.jpg\",\"width\":820,\"height\":820,\"caption\":\"Armadillidium-granulatum-22Lemon22-2.jpg\"},{\"@type\":\"BreadcrumbList\",\"@id\":\"https:\\\/\\\/insektenliebe.com\\\/it\\\/shop\\\/prodotto\\\/armadillidium-granulatum-lemon\\\/#breadcrumb\",\"itemListElement\":[{\"@type\":\"ListItem\",\"position\":1,\"name\":\"Startseite\",\"item\":\"https:\\\/\\\/insektenliebe.com\\\/it\\\/\"},{\"@type\":\"ListItem\",\"position\":2,\"name\":\"Negozio\",\"item\":\"https:\\\/\\\/insektenliebe.com\\\/it\\\/negozio\\\/\"},{\"@type\":\"ListItem\",\"position\":3,\"name\":\"Armadillidium granulatum \\\"Lemon\"}]},{\"@type\":\"WebSite\",\"@id\":\"https:\\\/\\\/insektenliebe.com\\\/it\\\/#website\",\"url\":\"https:\\\/\\\/insektenliebe.com\\\/it\\\/\",\"name\":\"Insektenliebe\",\"description\":\"Dein Zuhause f\u00fcr die kleinen Lebewesen\",\"publisher\":{\"@id\":\"https:\\\/\\\/insektenliebe.com\\\/it\\\/#organization\"},\"potentialAction\":[{\"@type\":\"SearchAction\",\"target\":{\"@type\":\"EntryPoint\",\"urlTemplate\":\"https:\\\/\\\/insektenliebe.com\\\/it\\\/?s={search_term_string}\"},\"query-input\":{\"@type\":\"PropertyValueSpecification\",\"valueRequired\":true,\"valueName\":\"search_term_string\"}}],\"inLanguage\":\"it-IT\"},{\"@type\":\"Organization\",\"@id\":\"https:\\\/\\\/insektenliebe.com\\\/it\\\/#organization\",\"name\":\"Insektenliebe\",\"url\":\"https:\\\/\\\/insektenliebe.com\\\/it\\\/\",\"logo\":{\"@type\":\"ImageObject\",\"inLanguage\":\"it-IT\",\"@id\":\"https:\\\/\\\/insektenliebe.com\\\/it\\\/#\\\/schema\\\/logo\\\/image\\\/\",\"url\":\"https:\\\/\\\/insektenliebe.com\\\/wp-content\\\/uploads\\\/2025\\\/03\\\/logo-white.png\",\"contentUrl\":\"https:\\\/\\\/insektenliebe.com\\\/wp-content\\\/uploads\\\/2025\\\/03\\\/logo-white.png\",\"width\":288,\"height\":188,\"caption\":\"Insektenliebe\"},\"image\":{\"@id\":\"https:\\\/\\\/insektenliebe.com\\\/it\\\/#\\\/schema\\\/logo\\\/image\\\/\"}}]}<\/script>\n<!-- \/ Yoast SEO plugin. -->","yoast_head_json":{"title":"Armadillidium granulatum \"Lemon - Insektenliebe","description":"Acquista online l'Armadillidium granulatum \"Lemon\". Nuovo morph, con un alto contenuto di giallo nella colorazione di base marrone. Direttamente dall'allevatore!","robots":{"index":"index","follow":"follow","max-snippet":"max-snippet:-1","max-image-preview":"max-image-preview:large","max-video-preview":"max-video-preview:-1"},"canonical":"https:\/\/insektenliebe.com\/it\/shop\/prodotto\/armadillidium-granulatum-lemon\/","og_locale":"it_IT","og_type":"article","og_title":"Armadillidium granulatum \"Lemon - Insektenliebe","og_description":"Acquista online l'Armadillidium granulatum \"Lemon\". Nuovo morph, con un alto contenuto di giallo nella colorazione di base marrone. Direttamente dall'allevatore!","og_url":"https:\/\/insektenliebe.com\/it\/shop\/prodotto\/armadillidium-granulatum-lemon\/","og_site_name":"Insektenliebe","article_modified_time":"2026-03-05T08:45:29+00:00","og_image":[{"width":820,"height":820,"url":"https:\/\/insektenliebe.com\/wp-content\/uploads\/2025\/05\/Armadillidium-granulatum-22Lemon22-2.jpg","type":"image\/jpeg"}],"twitter_card":"summary_large_image","twitter_misc":{"Tempo di lettura stimato":"2 minuto"},"schema":{"@context":"https:\/\/schema.org","@graph":[{"@type":"WebPage","@id":"https:\/\/insektenliebe.com\/it\/shop\/prodotto\/armadillidium-granulatum-lemon\/","url":"https:\/\/insektenliebe.com\/it\/shop\/prodotto\/armadillidium-granulatum-lemon\/","name":"Armadillidium granulatum \"Lemon - Insektenliebe","isPartOf":{"@id":"https:\/\/insektenliebe.com\/it\/#website"},"primaryImageOfPage":{"@id":"https:\/\/insektenliebe.com\/it\/shop\/prodotto\/armadillidium-granulatum-lemon\/#primaryimage"},"image":{"@id":"https:\/\/insektenliebe.com\/it\/shop\/prodotto\/armadillidium-granulatum-lemon\/#primaryimage"},"thumbnailUrl":"https:\/\/insektenliebe.com\/wp-content\/uploads\/2025\/05\/Armadillidium-granulatum-22Lemon22-2.jpg","datePublished":"2021-02-26T09:06:00+00:00","dateModified":"2026-03-05T08:45:29+00:00","description":"Acquista online l'Armadillidium granulatum \"Lemon\". Nuovo morph, con un alto contenuto di giallo nella colorazione di base marrone. Direttamente dall'allevatore!","breadcrumb":{"@id":"https:\/\/insektenliebe.com\/it\/shop\/prodotto\/armadillidium-granulatum-lemon\/#breadcrumb"},"inLanguage":"it-IT","potentialAction":[{"@type":"ReadAction","target":["https:\/\/insektenliebe.com\/it\/shop\/prodotto\/armadillidium-granulatum-lemon\/"]}]},{"@type":"ImageObject","inLanguage":"it-IT","@id":"https:\/\/insektenliebe.com\/it\/shop\/prodotto\/armadillidium-granulatum-lemon\/#primaryimage","url":"https:\/\/insektenliebe.com\/wp-content\/uploads\/2025\/05\/Armadillidium-granulatum-22Lemon22-2.jpg","contentUrl":"https:\/\/insektenliebe.com\/wp-content\/uploads\/2025\/05\/Armadillidium-granulatum-22Lemon22-2.jpg","width":820,"height":820,"caption":"Armadillidium-granulatum-22Lemon22-2.jpg"},{"@type":"BreadcrumbList","@id":"https:\/\/insektenliebe.com\/it\/shop\/prodotto\/armadillidium-granulatum-lemon\/#breadcrumb","itemListElement":[{"@type":"ListItem","position":1,"name":"Startseite","item":"https:\/\/insektenliebe.com\/it\/"},{"@type":"ListItem","position":2,"name":"Negozio","item":"https:\/\/insektenliebe.com\/it\/negozio\/"},{"@type":"ListItem","position":3,"name":"Armadillidium granulatum \"Lemon"}]},{"@type":"WebSite","@id":"https:\/\/insektenliebe.com\/it\/#website","url":"https:\/\/insektenliebe.com\/it\/","name":"Insektenliebe","description":"Dein Zuhause f\u00fcr die kleinen Lebewesen","publisher":{"@id":"https:\/\/insektenliebe.com\/it\/#organization"},"potentialAction":[{"@type":"SearchAction","target":{"@type":"EntryPoint","urlTemplate":"https:\/\/insektenliebe.com\/it\/?s={search_term_string}"},"query-input":{"@type":"PropertyValueSpecification","valueRequired":true,"valueName":"search_term_string"}}],"inLanguage":"it-IT"},{"@type":"Organization","@id":"https:\/\/insektenliebe.com\/it\/#organization","name":"Insektenliebe","url":"https:\/\/insektenliebe.com\/it\/","logo":{"@type":"ImageObject","inLanguage":"it-IT","@id":"https:\/\/insektenliebe.com\/it\/#\/schema\/logo\/image\/","url":"https:\/\/insektenliebe.com\/wp-content\/uploads\/2025\/03\/logo-white.png","contentUrl":"https:\/\/insektenliebe.com\/wp-content\/uploads\/2025\/03\/logo-white.png","width":288,"height":188,"caption":"Insektenliebe"},"image":{"@id":"https:\/\/insektenliebe.com\/it\/#\/schema\/logo\/image\/"}}]}},"_links":{"self":[{"href":"https:\/\/insektenliebe.com\/it\/wp-json\/wp\/v2\/product\/185260","targetHints":{"allow":["GET"]}}],"collection":[{"href":"https:\/\/insektenliebe.com\/it\/wp-json\/wp\/v2\/product"}],"about":[{"href":"https:\/\/insektenliebe.com\/it\/wp-json\/wp\/v2\/types\/product"}],"wp:featuredmedia":[{"embeddable":true,"href":"https:\/\/insektenliebe.com\/it\/wp-json\/wp\/v2\/media\/185263"}],"wp:attachment":[{"href":"https:\/\/insektenliebe.com\/it\/wp-json\/wp\/v2\/media?parent=185260"}],"wp:term":[{"taxonomy":"product-supplier","embeddable":true,"href":"https:\/\/insektenliebe.com\/it\/wp-json\/wp\/v2\/product-supplier?post=185260"},{"taxonomy":"product_brand","embeddable":true,"href":"https:\/\/insektenliebe.com\/it\/wp-json\/wp\/v2\/product_brand?post=185260"},{"taxonomy":"product_cat","embeddable":true,"href":"https:\/\/insektenliebe.com\/it\/wp-json\/wp\/v2\/product_cat?post=185260"},{"taxonomy":"product_tag","embeddable":true,"href":"https:\/\/insektenliebe.com\/it\/wp-json\/wp\/v2\/product_tag?post=185260"},{"taxonomy":"lce-checkout-addons","embeddable":true,"href":"https:\/\/insektenliebe.com\/it\/wp-json\/wp\/v2\/lce-checkout-addons?post=185260"}],"curies":[{"name":"wp","href":"https:\/\/api.w.org\/{rel}","templated":true}]}}