{"id":185202,"date":"2021-03-21T14:21:00","date_gmt":"2021-03-21T13:21:00","guid":{"rendered":"https:\/\/insektenliebe.com\/shop\/produkt\/staffa-per-luci-exo-terra\/"},"modified":"2026-03-02T19:15:37","modified_gmt":"2026-03-02T18:15:37","slug":"staffa-per-luci-exo-terra","status":"publish","type":"product","link":"https:\/\/insektenliebe.com\/it\/shop\/prodotto\/staffa-per-luci-exo-terra\/","title":{"rendered":"Staffa per luci Exo Terra"},"content":{"rendered":"<h3><span class=\"s1\" style=\"color: #99cc33;\">Staffa per luci Exo Terra - Sospensione sicura per l&#8217;illuminazione del terrario<\/span><\/h3>\n<p class=\"p1\"><span class=\"s1\">Il <\/span><span class=\"s2\"><strong>Staffa per luce Exo Terra<\/strong><\/span><span class=\"s1\">  \u00e8 stato sviluppato appositamente per fissare in modo sicuro i supporti Exo Terra Light Dome o Wire Light sopra un terrario. Questo stabile sistema di sospensione garantisce la massima sicurezza e il posizionamento ottimale dell&#8217;illuminazione, soprattutto per i terrari in vetro. <\/span><\/p>\n<p class=\"p1\"><span class=\"s1\">Invece di posizionare le lampade direttamente sulla griglia, appendile liberamente sopra il terrario utilizzando la staffa per luci. In questo modo eviti che le luci si ribaltino accidentalmente. Allo stesso tempo, proteggi il terrario dai danni che potrebbero essere causati dallo scivolamento delle lampade.  <\/span><\/p>\n<p class=\"p1\"><span class=\"s1\">Il morsetto per luci \u00e8 facile da regolare e si adatta alla maggior parte dei supporti per luci. Grazie al disco di gomma scorrevole, puoi regolare l&#8217;altezza in modo flessibile. Questo ti permette di regolare la distanza, l&#8217;intensit\u00e0 del calore e la radiazione UV. Questa possibilit\u00e0 di personalizzazione ti permette di adattare l&#8217;illuminazione alle esigenze dei tuoi animali.   <\/span><\/p>\n<p class=\"p1\"><span class=\"s1\">Un altro vantaggio decisivo \u00e8 la migliore ventilazione. Poich\u00e9 le lampade sono appese liberamente, l&#8217;aria circola meglio intorno alla sorgente luminosa. In questo modo si riduce la quantit\u00e0 di calore generata direttamente nel terrario e le lampade lavorano in modo pi\u00f9 efficiente. Allo stesso tempo, la durata delle lampadine si allunga notevolmente perch\u00e9 non si surriscaldano in modo permanente.   <\/span><\/p>\n<p class=\"p1\"><span class=\"s1\">Una volta impostata la posizione desiderata, la staffa rimane stabile e fissata in modo sicuro. Non dovrai spostare continuamente le lampade dopo l&#8217;installazione. Questo garantisce condizioni costanti nel terrario e riduce lo stress per i tuoi animali.  <\/span><\/p>\n<p class=\"p1\"><span class=\"s1\">Il <\/span><strong><span class=\"s2\">Staffa per luce Exo Terra<\/span><\/strong><span class=\"s1\">  combina sicurezza, flessibilit\u00e0 e durata in un sistema ben studiato. Impedisce il ribaltamento, protegge il tuo terrario e ottimizza la durata della tua illuminazione. Se cerchi una soluzione professionale e stabile per le tue lampade da terrario, qui troverai un sistema di sospensione affidabile e sicuro.  <\/span><\/p>\n","protected":false},"excerpt":{"rendered":"<p>Staffa per luci Exo Terra - Sospensione sicura per l&#8217;illuminazione del terrario Il Staffa per luce Exo Terra \u00e8 stato sviluppato appositamente per fissare in modo sicuro i supporti Exo Terra Light Dome o Wire Light sopra un terrario. Questo stabile sistema di sospensione garantisce la massima sicurezza e il posizionamento ottimale dell&#8217;illuminazione, soprattutto per [&hellip;]<\/p>\n","protected":false},"featured_media":185211,"template":"","meta":{"_acf_changed":false},"product-supplier":[2554],"product_brand":[3027],"product_cat":[2741],"product_tag":[],"lce-checkout-addons":[],"class_list":{"0":"post-185202","1":"product","2":"type-product","3":"status-publish","4":"has-post-thumbnail","6":"product_brand-exo-terra","7":"product_cat-illuminazione-e-clima","8":"product_shipping_class-equipment-shipping","10":"first","11":"instock","12":"sale","13":"taxable","14":"shipping-taxable","15":"purchasable","16":"product-type-simple"},"acf":[],"yoast_head":"<!-- This site is optimized with the Yoast SEO plugin v27.3 - https:\/\/yoast.com\/product\/yoast-seo-wordpress\/ -->\n<title>Staffa per luci Exo Terra - Insektenliebe<\/title>\n<meta name=\"description\" content=\"La staffa per luci Exo Terra \u00e8 una sospensione sicura per le luci a cupola e a filo. Stabile, regolabile in modo flessibile e durevole.\" \/>\n<meta name=\"robots\" content=\"index, follow, max-snippet:-1, max-image-preview:large, max-video-preview:-1\" \/>\n<link rel=\"canonical\" href=\"https:\/\/insektenliebe.com\/it\/shop\/prodotto\/staffa-per-luci-exo-terra\/\" \/>\n<meta property=\"og:locale\" content=\"it_IT\" \/>\n<meta property=\"og:type\" content=\"article\" \/>\n<meta property=\"og:title\" content=\"Staffa per luci Exo Terra - Insektenliebe\" \/>\n<meta property=\"og:description\" content=\"La staffa per luci Exo Terra \u00e8 una sospensione sicura per le luci a cupola e a filo. Stabile, regolabile in modo flessibile e durevole.\" \/>\n<meta property=\"og:url\" content=\"https:\/\/insektenliebe.com\/it\/shop\/prodotto\/staffa-per-luci-exo-terra\/\" \/>\n<meta property=\"og:site_name\" content=\"Insektenliebe\" \/>\n<meta property=\"article:modified_time\" content=\"2026-03-02T18:15:37+00:00\" \/>\n<meta property=\"og:image\" content=\"https:\/\/insektenliebe.com\/wp-content\/uploads\/2025\/05\/Exo-Terra-Lichtklammer-2.jpg\" \/>\n\t<meta property=\"og:image:width\" content=\"820\" \/>\n\t<meta property=\"og:image:height\" content=\"820\" \/>\n\t<meta property=\"og:image:type\" content=\"image\/jpeg\" \/>\n<meta name=\"twitter:card\" content=\"summary_large_image\" \/>\n<meta name=\"twitter:label1\" content=\"Tempo di lettura stimato\" \/>\n\t<meta name=\"twitter:data1\" content=\"2 minuto\" \/>\n<script type=\"application\/ld+json\" class=\"yoast-schema-graph\">{\"@context\":\"https:\\\/\\\/schema.org\",\"@graph\":[{\"@type\":\"WebPage\",\"@id\":\"https:\\\/\\\/insektenliebe.com\\\/it\\\/shop\\\/prodotto\\\/staffa-per-luci-exo-terra\\\/\",\"url\":\"https:\\\/\\\/insektenliebe.com\\\/it\\\/shop\\\/prodotto\\\/staffa-per-luci-exo-terra\\\/\",\"name\":\"Staffa per luci Exo Terra - Insektenliebe\",\"isPartOf\":{\"@id\":\"https:\\\/\\\/insektenliebe.com\\\/it\\\/#website\"},\"primaryImageOfPage\":{\"@id\":\"https:\\\/\\\/insektenliebe.com\\\/it\\\/shop\\\/prodotto\\\/staffa-per-luci-exo-terra\\\/#primaryimage\"},\"image\":{\"@id\":\"https:\\\/\\\/insektenliebe.com\\\/it\\\/shop\\\/prodotto\\\/staffa-per-luci-exo-terra\\\/#primaryimage\"},\"thumbnailUrl\":\"https:\\\/\\\/insektenliebe.com\\\/wp-content\\\/uploads\\\/2025\\\/05\\\/Exo-Terra-Lichtklammer-2.jpg\",\"datePublished\":\"2021-03-21T13:21:00+00:00\",\"dateModified\":\"2026-03-02T18:15:37+00:00\",\"description\":\"La staffa per luci Exo Terra \u00e8 una sospensione sicura per le luci a cupola e a filo. Stabile, regolabile in modo flessibile e durevole.\",\"breadcrumb\":{\"@id\":\"https:\\\/\\\/insektenliebe.com\\\/it\\\/shop\\\/prodotto\\\/staffa-per-luci-exo-terra\\\/#breadcrumb\"},\"inLanguage\":\"it-IT\",\"potentialAction\":[{\"@type\":\"ReadAction\",\"target\":[\"https:\\\/\\\/insektenliebe.com\\\/it\\\/shop\\\/prodotto\\\/staffa-per-luci-exo-terra\\\/\"]}]},{\"@type\":\"ImageObject\",\"inLanguage\":\"it-IT\",\"@id\":\"https:\\\/\\\/insektenliebe.com\\\/it\\\/shop\\\/prodotto\\\/staffa-per-luci-exo-terra\\\/#primaryimage\",\"url\":\"https:\\\/\\\/insektenliebe.com\\\/wp-content\\\/uploads\\\/2025\\\/05\\\/Exo-Terra-Lichtklammer-2.jpg\",\"contentUrl\":\"https:\\\/\\\/insektenliebe.com\\\/wp-content\\\/uploads\\\/2025\\\/05\\\/Exo-Terra-Lichtklammer-2.jpg\",\"width\":820,\"height\":820,\"caption\":\"Clip luminosa Exo-Terra-2.jpg\"},{\"@type\":\"BreadcrumbList\",\"@id\":\"https:\\\/\\\/insektenliebe.com\\\/it\\\/shop\\\/prodotto\\\/staffa-per-luci-exo-terra\\\/#breadcrumb\",\"itemListElement\":[{\"@type\":\"ListItem\",\"position\":1,\"name\":\"Startseite\",\"item\":\"https:\\\/\\\/insektenliebe.com\\\/it\\\/\"},{\"@type\":\"ListItem\",\"position\":2,\"name\":\"Negozio\",\"item\":\"https:\\\/\\\/insektenliebe.com\\\/it\\\/negozio\\\/\"},{\"@type\":\"ListItem\",\"position\":3,\"name\":\"Staffa per luci Exo Terra\"}]},{\"@type\":\"WebSite\",\"@id\":\"https:\\\/\\\/insektenliebe.com\\\/it\\\/#website\",\"url\":\"https:\\\/\\\/insektenliebe.com\\\/it\\\/\",\"name\":\"Insektenliebe\",\"description\":\"Dein Zuhause f\u00fcr die kleinen Lebewesen\",\"publisher\":{\"@id\":\"https:\\\/\\\/insektenliebe.com\\\/it\\\/#organization\"},\"potentialAction\":[{\"@type\":\"SearchAction\",\"target\":{\"@type\":\"EntryPoint\",\"urlTemplate\":\"https:\\\/\\\/insektenliebe.com\\\/it\\\/?s={search_term_string}\"},\"query-input\":{\"@type\":\"PropertyValueSpecification\",\"valueRequired\":true,\"valueName\":\"search_term_string\"}}],\"inLanguage\":\"it-IT\"},{\"@type\":\"Organization\",\"@id\":\"https:\\\/\\\/insektenliebe.com\\\/it\\\/#organization\",\"name\":\"Insektenliebe\",\"url\":\"https:\\\/\\\/insektenliebe.com\\\/it\\\/\",\"logo\":{\"@type\":\"ImageObject\",\"inLanguage\":\"it-IT\",\"@id\":\"https:\\\/\\\/insektenliebe.com\\\/it\\\/#\\\/schema\\\/logo\\\/image\\\/\",\"url\":\"https:\\\/\\\/insektenliebe.com\\\/wp-content\\\/uploads\\\/2025\\\/03\\\/logo-white.png\",\"contentUrl\":\"https:\\\/\\\/insektenliebe.com\\\/wp-content\\\/uploads\\\/2025\\\/03\\\/logo-white.png\",\"width\":288,\"height\":188,\"caption\":\"Insektenliebe\"},\"image\":{\"@id\":\"https:\\\/\\\/insektenliebe.com\\\/it\\\/#\\\/schema\\\/logo\\\/image\\\/\"}}]}<\/script>\n<!-- \/ Yoast SEO plugin. -->","yoast_head_json":{"title":"Staffa per luci Exo Terra - Insektenliebe","description":"La staffa per luci Exo Terra \u00e8 una sospensione sicura per le luci a cupola e a filo. Stabile, regolabile in modo flessibile e durevole.","robots":{"index":"index","follow":"follow","max-snippet":"max-snippet:-1","max-image-preview":"max-image-preview:large","max-video-preview":"max-video-preview:-1"},"canonical":"https:\/\/insektenliebe.com\/it\/shop\/prodotto\/staffa-per-luci-exo-terra\/","og_locale":"it_IT","og_type":"article","og_title":"Staffa per luci Exo Terra - Insektenliebe","og_description":"La staffa per luci Exo Terra \u00e8 una sospensione sicura per le luci a cupola e a filo. Stabile, regolabile in modo flessibile e durevole.","og_url":"https:\/\/insektenliebe.com\/it\/shop\/prodotto\/staffa-per-luci-exo-terra\/","og_site_name":"Insektenliebe","article_modified_time":"2026-03-02T18:15:37+00:00","og_image":[{"width":820,"height":820,"url":"https:\/\/insektenliebe.com\/wp-content\/uploads\/2025\/05\/Exo-Terra-Lichtklammer-2.jpg","type":"image\/jpeg"}],"twitter_card":"summary_large_image","twitter_misc":{"Tempo di lettura stimato":"2 minuto"},"schema":{"@context":"https:\/\/schema.org","@graph":[{"@type":"WebPage","@id":"https:\/\/insektenliebe.com\/it\/shop\/prodotto\/staffa-per-luci-exo-terra\/","url":"https:\/\/insektenliebe.com\/it\/shop\/prodotto\/staffa-per-luci-exo-terra\/","name":"Staffa per luci Exo Terra - Insektenliebe","isPartOf":{"@id":"https:\/\/insektenliebe.com\/it\/#website"},"primaryImageOfPage":{"@id":"https:\/\/insektenliebe.com\/it\/shop\/prodotto\/staffa-per-luci-exo-terra\/#primaryimage"},"image":{"@id":"https:\/\/insektenliebe.com\/it\/shop\/prodotto\/staffa-per-luci-exo-terra\/#primaryimage"},"thumbnailUrl":"https:\/\/insektenliebe.com\/wp-content\/uploads\/2025\/05\/Exo-Terra-Lichtklammer-2.jpg","datePublished":"2021-03-21T13:21:00+00:00","dateModified":"2026-03-02T18:15:37+00:00","description":"La staffa per luci Exo Terra \u00e8 una sospensione sicura per le luci a cupola e a filo. Stabile, regolabile in modo flessibile e durevole.","breadcrumb":{"@id":"https:\/\/insektenliebe.com\/it\/shop\/prodotto\/staffa-per-luci-exo-terra\/#breadcrumb"},"inLanguage":"it-IT","potentialAction":[{"@type":"ReadAction","target":["https:\/\/insektenliebe.com\/it\/shop\/prodotto\/staffa-per-luci-exo-terra\/"]}]},{"@type":"ImageObject","inLanguage":"it-IT","@id":"https:\/\/insektenliebe.com\/it\/shop\/prodotto\/staffa-per-luci-exo-terra\/#primaryimage","url":"https:\/\/insektenliebe.com\/wp-content\/uploads\/2025\/05\/Exo-Terra-Lichtklammer-2.jpg","contentUrl":"https:\/\/insektenliebe.com\/wp-content\/uploads\/2025\/05\/Exo-Terra-Lichtklammer-2.jpg","width":820,"height":820,"caption":"Clip luminosa Exo-Terra-2.jpg"},{"@type":"BreadcrumbList","@id":"https:\/\/insektenliebe.com\/it\/shop\/prodotto\/staffa-per-luci-exo-terra\/#breadcrumb","itemListElement":[{"@type":"ListItem","position":1,"name":"Startseite","item":"https:\/\/insektenliebe.com\/it\/"},{"@type":"ListItem","position":2,"name":"Negozio","item":"https:\/\/insektenliebe.com\/it\/negozio\/"},{"@type":"ListItem","position":3,"name":"Staffa per luci Exo Terra"}]},{"@type":"WebSite","@id":"https:\/\/insektenliebe.com\/it\/#website","url":"https:\/\/insektenliebe.com\/it\/","name":"Insektenliebe","description":"Dein Zuhause f\u00fcr die kleinen Lebewesen","publisher":{"@id":"https:\/\/insektenliebe.com\/it\/#organization"},"potentialAction":[{"@type":"SearchAction","target":{"@type":"EntryPoint","urlTemplate":"https:\/\/insektenliebe.com\/it\/?s={search_term_string}"},"query-input":{"@type":"PropertyValueSpecification","valueRequired":true,"valueName":"search_term_string"}}],"inLanguage":"it-IT"},{"@type":"Organization","@id":"https:\/\/insektenliebe.com\/it\/#organization","name":"Insektenliebe","url":"https:\/\/insektenliebe.com\/it\/","logo":{"@type":"ImageObject","inLanguage":"it-IT","@id":"https:\/\/insektenliebe.com\/it\/#\/schema\/logo\/image\/","url":"https:\/\/insektenliebe.com\/wp-content\/uploads\/2025\/03\/logo-white.png","contentUrl":"https:\/\/insektenliebe.com\/wp-content\/uploads\/2025\/03\/logo-white.png","width":288,"height":188,"caption":"Insektenliebe"},"image":{"@id":"https:\/\/insektenliebe.com\/it\/#\/schema\/logo\/image\/"}}]}},"_links":{"self":[{"href":"https:\/\/insektenliebe.com\/it\/wp-json\/wp\/v2\/product\/185202","targetHints":{"allow":["GET"]}}],"collection":[{"href":"https:\/\/insektenliebe.com\/it\/wp-json\/wp\/v2\/product"}],"about":[{"href":"https:\/\/insektenliebe.com\/it\/wp-json\/wp\/v2\/types\/product"}],"wp:featuredmedia":[{"embeddable":true,"href":"https:\/\/insektenliebe.com\/it\/wp-json\/wp\/v2\/media\/185211"}],"wp:attachment":[{"href":"https:\/\/insektenliebe.com\/it\/wp-json\/wp\/v2\/media?parent=185202"}],"wp:term":[{"taxonomy":"product-supplier","embeddable":true,"href":"https:\/\/insektenliebe.com\/it\/wp-json\/wp\/v2\/product-supplier?post=185202"},{"taxonomy":"product_brand","embeddable":true,"href":"https:\/\/insektenliebe.com\/it\/wp-json\/wp\/v2\/product_brand?post=185202"},{"taxonomy":"product_cat","embeddable":true,"href":"https:\/\/insektenliebe.com\/it\/wp-json\/wp\/v2\/product_cat?post=185202"},{"taxonomy":"product_tag","embeddable":true,"href":"https:\/\/insektenliebe.com\/it\/wp-json\/wp\/v2\/product_tag?post=185202"},{"taxonomy":"lce-checkout-addons","embeddable":true,"href":"https:\/\/insektenliebe.com\/it\/wp-json\/wp\/v2\/lce-checkout-addons?post=185202"}],"curies":[{"name":"wp","href":"https:\/\/api.w.org\/{rel}","templated":true}]}}