{"id":185201,"date":"2021-03-26T10:01:11","date_gmt":"2021-03-26T08:01:11","guid":{"rendered":"https:\/\/insektenliebe.com\/shop\/produkt\/terrario-exo-terra\/"},"modified":"2026-03-05T19:19:48","modified_gmt":"2026-03-05T18:19:48","slug":"terrario-exo-terra","status":"publish","type":"product","link":"https:\/\/insektenliebe.com\/it\/shop\/prodotto\/terrario-exo-terra\/","title":{"rendered":"Terrario Exo Terra"},"content":{"rendered":"<h3><span class=\"s1\" style=\"color: #99cc33;\">Terrario Exo Terra - Design sofisticato per una conservazione sicura<\/span><\/h3>\n<p class=\"p1\"><span class=\"s1\">Il <\/span><strong><span class=\"s2\">Terrario Exo Terra<\/span><\/strong><span class=\"s1\">  \u00e8 la base per allevare con successo isopodi, millepiedi e altri invertebrati. Poich\u00e9 molte specie hanno esigenze climatiche diverse, \u00e8 necessario un sistema che possa essere adattato in modo flessibile. Questo terrario colpisce per il suo design ben studiato e la sua versatilit\u00e0.  <\/span><\/p>\n<p class=\"p1\"><span class=\"s1\">Le doppie porte ad apertura frontale consentono un facile accesso per la cura, l&#8217;alimentazione e la manutenzione. Allo stesso tempo, una serratura integrata impedisce in modo affidabile \"fughe\" indesiderate. Puoi aprire le porte in modo indipendente l&#8217;una dall&#8217;altra, consentendoti di lavorare in modo mirato senza disturbare il clima interno.  <\/span><\/p>\n<p class=\"p1\"><span class=\"s1\">Il piano in acciaio inox a maglia fine garantisce una ventilazione ottimale. Allo stesso tempo, permette ai raggi UVB e infrarossi di penetrare senza problemi, in modo da poter utilizzare efficacemente i moderni sistemi di illuminazione. \u00c8 sufficiente rimuovere completamente la rete per effettuare lavori di pulizia o di ristrutturazione. In questo modo potrai lavorare in modo comodo e flessibile.   <\/span><\/p>\n<p class=\"p1\"><span class=\"s1\">Sul retro sono presenti diversi passaggi sigillati per cavi e tubi. Questo ti permette di installare pietre termiche, sistemi di irrigazione, cascate o sensori in modo pulito e sicuro. Il telaio di base rialzato ti permette anche di installare un riscaldatore del substrato, consentendoti di creare zone di temperatura specifiche.  <\/span><\/p>\n<p class=\"p1\"><span class=\"s1\">I vetri frontali extra alti sono particolarmente pratici. Questo ti permette di aggiungere spessi strati di substrato, integrare zone d&#8217;acqua o addirittura creare un paludario. Allo stesso tempo, la base rimane a tenuta stagna, in modo da poter operare in modo sicuro con allestimenti permanentemente umidi.  <\/span><\/p>\n<p class=\"p1\"><span class=\"s1\">Un altro punto di forza \u00e8 la parete posteriore con motivo in pietra fornita in dotazione. Ha un aspetto estremamente realistico e crea una struttura multidimensionale nel terrario. Le specie rampicanti beneficiano di superfici aggiuntive, mentre l&#8217;aspetto generale \u00e8 armonioso. Il colore si abbina perfettamente agli altri elementi decorativi di Exo Terra, creando un aspetto complessivo armonioso.   <\/span><\/p>\n<p class=\"p1\"><span class=\"s1\">Che si tratti di una vasca di quarantena, di una soluzione temporanea o di un biotopo di alto livello, il terrario di <\/span><strong><span class=\"s2\">Terrario Exo Terra<\/span><\/strong><span class=\"s1\">  si adatta al tuo concetto. Combina sicurezza, facilit\u00e0 di utilizzo e aspetto naturale in un unico sistema e offre quindi la base ideale per le moderne terraristiche. <\/span><\/p>\n","protected":false},"excerpt":{"rendered":"<p>Terrario Exo Terra - Design sofisticato per una conservazione sicura Il Terrario Exo Terra \u00e8 la base per allevare con successo isopodi, millepiedi e altri invertebrati. Poich\u00e9 molte specie hanno esigenze climatiche diverse, \u00e8 necessario un sistema che possa essere adattato in modo flessibile. Questo terrario colpisce per il suo design ben studiato e la [&hellip;]<\/p>\n","protected":false},"featured_media":185203,"template":"","meta":{"_acf_changed":false},"product-supplier":[2554],"product_brand":[3027],"product_cat":[2760],"product_tag":[],"lce-checkout-addons":[],"class_list":{"0":"post-185201","1":"product","2":"type-product","3":"status-publish","4":"has-post-thumbnail","6":"product_brand-exo-terra","7":"product_cat-terrari-e-contenitori","8":"product_shipping_class-equipment-shipping","10":"first","11":"instock","12":"sale","13":"taxable","14":"shipping-taxable","15":"purchasable","16":"product-type-variable"},"acf":[],"yoast_head":"<!-- This site is optimized with the Yoast SEO plugin v27.3 - https:\/\/yoast.com\/product\/yoast-seo-wordpress\/ -->\n<title>Terrario Exo Terra - Insektenliebe<\/title>\n<meta name=\"description\" content=\"Terrario Exo Terra economico con porte anteriori, griglia e sfondo in acciaio inox. Ideale per invertebrati, isopodi e allestimenti bioattivi.\" \/>\n<meta name=\"robots\" content=\"index, follow, max-snippet:-1, max-image-preview:large, max-video-preview:-1\" \/>\n<link rel=\"canonical\" href=\"https:\/\/insektenliebe.com\/it\/shop\/prodotto\/terrario-exo-terra\/\" \/>\n<meta property=\"og:locale\" content=\"it_IT\" \/>\n<meta property=\"og:type\" content=\"article\" \/>\n<meta property=\"og:title\" content=\"Terrario Exo Terra - Insektenliebe\" \/>\n<meta property=\"og:description\" content=\"Terrario Exo Terra economico con porte anteriori, griglia e sfondo in acciaio inox. Ideale per invertebrati, isopodi e allestimenti bioattivi.\" \/>\n<meta property=\"og:url\" content=\"https:\/\/insektenliebe.com\/it\/shop\/prodotto\/terrario-exo-terra\/\" \/>\n<meta property=\"og:site_name\" content=\"Insektenliebe\" \/>\n<meta property=\"article:modified_time\" content=\"2026-03-05T18:19:48+00:00\" \/>\n<meta property=\"og:image\" content=\"https:\/\/insektenliebe.com\/wp-content\/uploads\/2025\/05\/Exo-Terra-20-x-20-x-20-cm-2.jpg\" \/>\n\t<meta property=\"og:image:width\" content=\"820\" \/>\n\t<meta property=\"og:image:height\" content=\"820\" \/>\n\t<meta property=\"og:image:type\" content=\"image\/jpeg\" \/>\n<meta name=\"twitter:card\" content=\"summary_large_image\" \/>\n<meta name=\"twitter:label1\" content=\"Tempo di lettura stimato\" \/>\n\t<meta name=\"twitter:data1\" content=\"2 minuto\" \/>\n<script type=\"application\/ld+json\" class=\"yoast-schema-graph\">{\"@context\":\"https:\\\/\\\/schema.org\",\"@graph\":[{\"@type\":\"WebPage\",\"@id\":\"https:\\\/\\\/insektenliebe.com\\\/it\\\/shop\\\/prodotto\\\/terrario-exo-terra\\\/\",\"url\":\"https:\\\/\\\/insektenliebe.com\\\/it\\\/shop\\\/prodotto\\\/terrario-exo-terra\\\/\",\"name\":\"Terrario Exo Terra - Insektenliebe\",\"isPartOf\":{\"@id\":\"https:\\\/\\\/insektenliebe.com\\\/it\\\/#website\"},\"primaryImageOfPage\":{\"@id\":\"https:\\\/\\\/insektenliebe.com\\\/it\\\/shop\\\/prodotto\\\/terrario-exo-terra\\\/#primaryimage\"},\"image\":{\"@id\":\"https:\\\/\\\/insektenliebe.com\\\/it\\\/shop\\\/prodotto\\\/terrario-exo-terra\\\/#primaryimage\"},\"thumbnailUrl\":\"https:\\\/\\\/insektenliebe.com\\\/wp-content\\\/uploads\\\/2025\\\/05\\\/Exo-Terra-20-x-20-x-20-cm-2.jpg\",\"datePublished\":\"2021-03-26T08:01:11+00:00\",\"dateModified\":\"2026-03-05T18:19:48+00:00\",\"description\":\"Terrario Exo Terra economico con porte anteriori, griglia e sfondo in acciaio inox. Ideale per invertebrati, isopodi e allestimenti bioattivi.\",\"breadcrumb\":{\"@id\":\"https:\\\/\\\/insektenliebe.com\\\/it\\\/shop\\\/prodotto\\\/terrario-exo-terra\\\/#breadcrumb\"},\"inLanguage\":\"it-IT\",\"potentialAction\":[{\"@type\":\"ReadAction\",\"target\":[\"https:\\\/\\\/insektenliebe.com\\\/it\\\/shop\\\/prodotto\\\/terrario-exo-terra\\\/\"]}]},{\"@type\":\"ImageObject\",\"inLanguage\":\"it-IT\",\"@id\":\"https:\\\/\\\/insektenliebe.com\\\/it\\\/shop\\\/prodotto\\\/terrario-exo-terra\\\/#primaryimage\",\"url\":\"https:\\\/\\\/insektenliebe.com\\\/wp-content\\\/uploads\\\/2025\\\/05\\\/Exo-Terra-20-x-20-x-20-cm-2.jpg\",\"contentUrl\":\"https:\\\/\\\/insektenliebe.com\\\/wp-content\\\/uploads\\\/2025\\\/05\\\/Exo-Terra-20-x-20-x-20-cm-2.jpg\",\"width\":820,\"height\":820,\"caption\":\"Exo-Terra-20-x-20-x-20-cm-2.jpg\"},{\"@type\":\"BreadcrumbList\",\"@id\":\"https:\\\/\\\/insektenliebe.com\\\/it\\\/shop\\\/prodotto\\\/terrario-exo-terra\\\/#breadcrumb\",\"itemListElement\":[{\"@type\":\"ListItem\",\"position\":1,\"name\":\"Startseite\",\"item\":\"https:\\\/\\\/insektenliebe.com\\\/it\\\/\"},{\"@type\":\"ListItem\",\"position\":2,\"name\":\"Negozio\",\"item\":\"https:\\\/\\\/insektenliebe.com\\\/it\\\/negozio\\\/\"},{\"@type\":\"ListItem\",\"position\":3,\"name\":\"Terrario Exo Terra\"}]},{\"@type\":\"WebSite\",\"@id\":\"https:\\\/\\\/insektenliebe.com\\\/it\\\/#website\",\"url\":\"https:\\\/\\\/insektenliebe.com\\\/it\\\/\",\"name\":\"Insektenliebe\",\"description\":\"Dein Zuhause f\u00fcr die kleinen Lebewesen\",\"publisher\":{\"@id\":\"https:\\\/\\\/insektenliebe.com\\\/it\\\/#organization\"},\"potentialAction\":[{\"@type\":\"SearchAction\",\"target\":{\"@type\":\"EntryPoint\",\"urlTemplate\":\"https:\\\/\\\/insektenliebe.com\\\/it\\\/?s={search_term_string}\"},\"query-input\":{\"@type\":\"PropertyValueSpecification\",\"valueRequired\":true,\"valueName\":\"search_term_string\"}}],\"inLanguage\":\"it-IT\"},{\"@type\":\"Organization\",\"@id\":\"https:\\\/\\\/insektenliebe.com\\\/it\\\/#organization\",\"name\":\"Insektenliebe\",\"url\":\"https:\\\/\\\/insektenliebe.com\\\/it\\\/\",\"logo\":{\"@type\":\"ImageObject\",\"inLanguage\":\"it-IT\",\"@id\":\"https:\\\/\\\/insektenliebe.com\\\/it\\\/#\\\/schema\\\/logo\\\/image\\\/\",\"url\":\"https:\\\/\\\/insektenliebe.com\\\/wp-content\\\/uploads\\\/2025\\\/03\\\/logo-white.png\",\"contentUrl\":\"https:\\\/\\\/insektenliebe.com\\\/wp-content\\\/uploads\\\/2025\\\/03\\\/logo-white.png\",\"width\":288,\"height\":188,\"caption\":\"Insektenliebe\"},\"image\":{\"@id\":\"https:\\\/\\\/insektenliebe.com\\\/it\\\/#\\\/schema\\\/logo\\\/image\\\/\"}}]}<\/script>\n<!-- \/ Yoast SEO plugin. -->","yoast_head_json":{"title":"Terrario Exo Terra - Insektenliebe","description":"Terrario Exo Terra economico con porte anteriori, griglia e sfondo in acciaio inox. Ideale per invertebrati, isopodi e allestimenti bioattivi.","robots":{"index":"index","follow":"follow","max-snippet":"max-snippet:-1","max-image-preview":"max-image-preview:large","max-video-preview":"max-video-preview:-1"},"canonical":"https:\/\/insektenliebe.com\/it\/shop\/prodotto\/terrario-exo-terra\/","og_locale":"it_IT","og_type":"article","og_title":"Terrario Exo Terra - Insektenliebe","og_description":"Terrario Exo Terra economico con porte anteriori, griglia e sfondo in acciaio inox. Ideale per invertebrati, isopodi e allestimenti bioattivi.","og_url":"https:\/\/insektenliebe.com\/it\/shop\/prodotto\/terrario-exo-terra\/","og_site_name":"Insektenliebe","article_modified_time":"2026-03-05T18:19:48+00:00","og_image":[{"width":820,"height":820,"url":"https:\/\/insektenliebe.com\/wp-content\/uploads\/2025\/05\/Exo-Terra-20-x-20-x-20-cm-2.jpg","type":"image\/jpeg"}],"twitter_card":"summary_large_image","twitter_misc":{"Tempo di lettura stimato":"2 minuto"},"schema":{"@context":"https:\/\/schema.org","@graph":[{"@type":"WebPage","@id":"https:\/\/insektenliebe.com\/it\/shop\/prodotto\/terrario-exo-terra\/","url":"https:\/\/insektenliebe.com\/it\/shop\/prodotto\/terrario-exo-terra\/","name":"Terrario Exo Terra - Insektenliebe","isPartOf":{"@id":"https:\/\/insektenliebe.com\/it\/#website"},"primaryImageOfPage":{"@id":"https:\/\/insektenliebe.com\/it\/shop\/prodotto\/terrario-exo-terra\/#primaryimage"},"image":{"@id":"https:\/\/insektenliebe.com\/it\/shop\/prodotto\/terrario-exo-terra\/#primaryimage"},"thumbnailUrl":"https:\/\/insektenliebe.com\/wp-content\/uploads\/2025\/05\/Exo-Terra-20-x-20-x-20-cm-2.jpg","datePublished":"2021-03-26T08:01:11+00:00","dateModified":"2026-03-05T18:19:48+00:00","description":"Terrario Exo Terra economico con porte anteriori, griglia e sfondo in acciaio inox. Ideale per invertebrati, isopodi e allestimenti bioattivi.","breadcrumb":{"@id":"https:\/\/insektenliebe.com\/it\/shop\/prodotto\/terrario-exo-terra\/#breadcrumb"},"inLanguage":"it-IT","potentialAction":[{"@type":"ReadAction","target":["https:\/\/insektenliebe.com\/it\/shop\/prodotto\/terrario-exo-terra\/"]}]},{"@type":"ImageObject","inLanguage":"it-IT","@id":"https:\/\/insektenliebe.com\/it\/shop\/prodotto\/terrario-exo-terra\/#primaryimage","url":"https:\/\/insektenliebe.com\/wp-content\/uploads\/2025\/05\/Exo-Terra-20-x-20-x-20-cm-2.jpg","contentUrl":"https:\/\/insektenliebe.com\/wp-content\/uploads\/2025\/05\/Exo-Terra-20-x-20-x-20-cm-2.jpg","width":820,"height":820,"caption":"Exo-Terra-20-x-20-x-20-cm-2.jpg"},{"@type":"BreadcrumbList","@id":"https:\/\/insektenliebe.com\/it\/shop\/prodotto\/terrario-exo-terra\/#breadcrumb","itemListElement":[{"@type":"ListItem","position":1,"name":"Startseite","item":"https:\/\/insektenliebe.com\/it\/"},{"@type":"ListItem","position":2,"name":"Negozio","item":"https:\/\/insektenliebe.com\/it\/negozio\/"},{"@type":"ListItem","position":3,"name":"Terrario Exo Terra"}]},{"@type":"WebSite","@id":"https:\/\/insektenliebe.com\/it\/#website","url":"https:\/\/insektenliebe.com\/it\/","name":"Insektenliebe","description":"Dein Zuhause f\u00fcr die kleinen Lebewesen","publisher":{"@id":"https:\/\/insektenliebe.com\/it\/#organization"},"potentialAction":[{"@type":"SearchAction","target":{"@type":"EntryPoint","urlTemplate":"https:\/\/insektenliebe.com\/it\/?s={search_term_string}"},"query-input":{"@type":"PropertyValueSpecification","valueRequired":true,"valueName":"search_term_string"}}],"inLanguage":"it-IT"},{"@type":"Organization","@id":"https:\/\/insektenliebe.com\/it\/#organization","name":"Insektenliebe","url":"https:\/\/insektenliebe.com\/it\/","logo":{"@type":"ImageObject","inLanguage":"it-IT","@id":"https:\/\/insektenliebe.com\/it\/#\/schema\/logo\/image\/","url":"https:\/\/insektenliebe.com\/wp-content\/uploads\/2025\/03\/logo-white.png","contentUrl":"https:\/\/insektenliebe.com\/wp-content\/uploads\/2025\/03\/logo-white.png","width":288,"height":188,"caption":"Insektenliebe"},"image":{"@id":"https:\/\/insektenliebe.com\/it\/#\/schema\/logo\/image\/"}}]}},"_links":{"self":[{"href":"https:\/\/insektenliebe.com\/it\/wp-json\/wp\/v2\/product\/185201","targetHints":{"allow":["GET"]}}],"collection":[{"href":"https:\/\/insektenliebe.com\/it\/wp-json\/wp\/v2\/product"}],"about":[{"href":"https:\/\/insektenliebe.com\/it\/wp-json\/wp\/v2\/types\/product"}],"wp:featuredmedia":[{"embeddable":true,"href":"https:\/\/insektenliebe.com\/it\/wp-json\/wp\/v2\/media\/185203"}],"wp:attachment":[{"href":"https:\/\/insektenliebe.com\/it\/wp-json\/wp\/v2\/media?parent=185201"}],"wp:term":[{"taxonomy":"product-supplier","embeddable":true,"href":"https:\/\/insektenliebe.com\/it\/wp-json\/wp\/v2\/product-supplier?post=185201"},{"taxonomy":"product_brand","embeddable":true,"href":"https:\/\/insektenliebe.com\/it\/wp-json\/wp\/v2\/product_brand?post=185201"},{"taxonomy":"product_cat","embeddable":true,"href":"https:\/\/insektenliebe.com\/it\/wp-json\/wp\/v2\/product_cat?post=185201"},{"taxonomy":"product_tag","embeddable":true,"href":"https:\/\/insektenliebe.com\/it\/wp-json\/wp\/v2\/product_tag?post=185201"},{"taxonomy":"lce-checkout-addons","embeddable":true,"href":"https:\/\/insektenliebe.com\/it\/wp-json\/wp\/v2\/lce-checkout-addons?post=185201"}],"curies":[{"name":"wp","href":"https:\/\/api.w.org\/{rel}","templated":true}]}}