{"id":185181,"date":"2021-04-09T13:05:00","date_gmt":"2021-04-09T11:05:00","guid":{"rendered":"https:\/\/insektenliebe.com\/shop\/produkt\/guscio-di-noce-brasiliana\/"},"modified":"2026-03-08T13:43:36","modified_gmt":"2026-03-08T12:43:36","slug":"guscio-di-noce-brasiliana","status":"publish","type":"product","link":"https:\/\/insektenliebe.com\/it\/shop\/prodotto\/guscio-di-noce-brasiliana\/","title":{"rendered":"Guscio di noce brasiliana"},"content":{"rendered":"<h3><span class=\"s1\" style=\"color: #99cc33;\">Guscio di noce brasiliana - ciotola per il cibo naturale e nascondiglio<\/span><\/h3>\n<p class=\"p1\"><span class=\"s1\">Il <\/span><strong><span class=\"s2\">Guscio di noce brasiliana<\/span><\/strong><span class=\"s1\">  \u00e8 un prodotto naturale versatile ed \u00e8 ideale come elemento decorativo e funzionale nel terrario. Il guscio della noce brasiliana \u00e8   <\/span><span class=\"s2\">non trattata e priva di additivi chimici<\/span><span class=\"s1\">quindi pu\u00f2 essere utilizzato nel terrario senza alcuna esitazione.<\/span><\/p>\n<p class=\"p1\"><span class=\"s1\">In natura, il guscio duro protegge i semi delle noci brasiliane. Questi vengono rilasciati solo quando il guscio marcisce lentamente. Solo il    <\/span><span class=\"s2\">Aguti<\/span><span class=\"s1\">un roditore sudamericano, \u00e8 in grado di rompere il guscio estremamente duro con i suoi potenti denti per raggiungere i nutrienti semi.<\/span><\/p>\n<p class=\"p1\"><span class=\"s1\">Per l&#8217;uso umano, invece, le capsule vengono aperte <\/span><span class=\"s2\">aperte meccanicamente<\/span><span class=\"s1\">di solito con l&#8217;aiuto di seghe. In questo modo si ottengono met\u00e0 conchiglie stabili, ideali come accessori naturali per terrari. <\/span><\/p>\n<p class=\"p1\"><span class=\"s1\">Grazie alla loro <\/span><span class=\"s2\">struttura lignificata e robusta<\/span><span class=\"s1\"> il <strong>guscio delle noci brasiliane<\/strong> \u00e8 ideale come <\/span><span class=\"s2\">ciotola per l&#8217;alimentazione nel terrario<\/span><span class=\"s1\">. Puoi offrire frutta, verdura o altri alimenti complementari senza che il cibo giaccia direttamente sul substrato.<\/span><\/p>\n<p class=\"p1\"><span class=\"s1\">Inoltre, molti invertebrati <\/span><span class=\"s2\">invertebrati come le cocciniglie, i millepiedi e i piccoli insetti<\/span><span class=\"s1\">  amano usare la ciotola come nascondiglio o rifugio. La forma naturale offre protezione e allo stesso tempo crea una struttura aggiuntiva nel terrario. <\/span><\/p>\n<p class=\"p1\"><span class=\"s1\">Oltre a queste funzioni pratiche, il <strong>guscio<\/strong> della <strong>noce brasiliana<\/strong> funge anche da decorazione naturale. <\/span><span class=\"s2\">decorazione naturale<\/span><span class=\"s1\">. Si integra particolarmente bene nei paesaggi tropicali dei terrari e pu\u00f2 essere perfettamente abbinato a legno, fogliame o piante.<\/span><\/p>\n<p class=\"p1\"><span class=\"s1\">La forma stabile della ciotola \u00e8 adatta anche come <\/span><span class=\"s2\">piccola fioriera nel terrario<\/span><span class=\"s1\">. Ad esempio, si possono inserire in modo decorativo piccole piante, fiori o addirittura cactus.<\/span><\/p>\n<p class=\"p1\"><span class=\"s1\">Essendo un prodotto <\/span><span class=\"s2\">prodotto naturale<\/span><span class=\"s1\">  le singole ciotole differiscono per forma, dimensione e struttura. Sono proprio queste differenze a rendere ogni pezzo unico e a dare al tuo terrario un aspetto particolarmente naturale. <\/span><\/p>\n<p class=\"p1\"><span class=\"s1\">Con la <\/span><strong><span class=\"s2\">ciotola per noci brasiliane<\/span><\/strong><span class=\"s1\"> \u00e8 un&#8217;aggiunta decorativa e funzionale al tuo terrario che pu\u00f2 essere utilizzata anche come ciotola per il cibo, nascondiglio o fioriera.<\/span><\/p>\n","protected":false},"excerpt":{"rendered":"<p>Guscio di noce brasiliana - ciotola per il cibo naturale e nascondiglio Il Guscio di noce brasiliana \u00e8 un prodotto naturale versatile ed \u00e8 ideale come elemento decorativo e funzionale nel terrario. Il guscio della noce brasiliana \u00e8 non trattata e priva di additivi chimiciquindi pu\u00f2 essere utilizzato nel terrario senza alcuna esitazione. In natura, [&hellip;]<\/p>\n","protected":false},"featured_media":185183,"template":"","meta":{"_acf_changed":false},"product-supplier":[],"product_brand":[],"product_cat":[2740],"product_tag":[],"lce-checkout-addons":[],"class_list":{"0":"post-185181","1":"product","2":"type-product","3":"status-publish","4":"has-post-thumbnail","6":"product_cat-arredamento-e-decorazione","7":"product_shipping_class-equipment-shipping","8":"pa_herkunft-brasile","10":"first","11":"instock","12":"taxable","13":"shipping-taxable","14":"purchasable","15":"product-type-simple"},"acf":[],"yoast_head":"<!-- This site is optimized with the Yoast SEO plugin v27.3 - https:\/\/yoast.com\/product\/yoast-seo-wordpress\/ -->\n<title>Guscio di noce brasiliana - Insektenliebe<\/title>\n<meta name=\"description\" content=\"Ciotola con noci brasiliane per terrari - ciotola naturale come ciotola per il cibo, nascondiglio o fioriera. Ideale per isopodi e invertebrati.\" \/>\n<meta name=\"robots\" content=\"index, follow, max-snippet:-1, max-image-preview:large, max-video-preview:-1\" \/>\n<link rel=\"canonical\" href=\"https:\/\/insektenliebe.com\/it\/shop\/prodotto\/guscio-di-noce-brasiliana\/\" \/>\n<meta property=\"og:locale\" content=\"it_IT\" \/>\n<meta property=\"og:type\" content=\"article\" \/>\n<meta property=\"og:title\" content=\"Guscio di noce brasiliana - Insektenliebe\" \/>\n<meta property=\"og:description\" content=\"Ciotola con noci brasiliane per terrari - ciotola naturale come ciotola per il cibo, nascondiglio o fioriera. Ideale per isopodi e invertebrati.\" \/>\n<meta property=\"og:url\" content=\"https:\/\/insektenliebe.com\/it\/shop\/prodotto\/guscio-di-noce-brasiliana\/\" \/>\n<meta property=\"og:site_name\" content=\"Insektenliebe\" \/>\n<meta property=\"article:modified_time\" content=\"2026-03-08T12:43:36+00:00\" \/>\n<meta property=\"og:image\" content=\"https:\/\/insektenliebe.com\/wp-content\/uploads\/2025\/05\/Paranussschale-2.jpg\" \/>\n\t<meta property=\"og:image:width\" content=\"820\" \/>\n\t<meta property=\"og:image:height\" content=\"820\" \/>\n\t<meta property=\"og:image:type\" content=\"image\/jpeg\" \/>\n<meta name=\"twitter:card\" content=\"summary_large_image\" \/>\n<meta name=\"twitter:label1\" content=\"Tempo di lettura stimato\" \/>\n\t<meta name=\"twitter:data1\" content=\"2 minuto\" \/>\n<script type=\"application\/ld+json\" class=\"yoast-schema-graph\">{\"@context\":\"https:\\\/\\\/schema.org\",\"@graph\":[{\"@type\":\"WebPage\",\"@id\":\"https:\\\/\\\/insektenliebe.com\\\/it\\\/shop\\\/prodotto\\\/guscio-di-noce-brasiliana\\\/\",\"url\":\"https:\\\/\\\/insektenliebe.com\\\/it\\\/shop\\\/prodotto\\\/guscio-di-noce-brasiliana\\\/\",\"name\":\"Guscio di noce brasiliana - Insektenliebe\",\"isPartOf\":{\"@id\":\"https:\\\/\\\/insektenliebe.com\\\/it\\\/#website\"},\"primaryImageOfPage\":{\"@id\":\"https:\\\/\\\/insektenliebe.com\\\/it\\\/shop\\\/prodotto\\\/guscio-di-noce-brasiliana\\\/#primaryimage\"},\"image\":{\"@id\":\"https:\\\/\\\/insektenliebe.com\\\/it\\\/shop\\\/prodotto\\\/guscio-di-noce-brasiliana\\\/#primaryimage\"},\"thumbnailUrl\":\"https:\\\/\\\/insektenliebe.com\\\/wp-content\\\/uploads\\\/2025\\\/05\\\/Paranussschale-2.jpg\",\"datePublished\":\"2021-04-09T11:05:00+00:00\",\"dateModified\":\"2026-03-08T12:43:36+00:00\",\"description\":\"Ciotola con noci brasiliane per terrari - ciotola naturale come ciotola per il cibo, nascondiglio o fioriera. Ideale per isopodi e invertebrati.\",\"breadcrumb\":{\"@id\":\"https:\\\/\\\/insektenliebe.com\\\/it\\\/shop\\\/prodotto\\\/guscio-di-noce-brasiliana\\\/#breadcrumb\"},\"inLanguage\":\"it-IT\",\"potentialAction\":[{\"@type\":\"ReadAction\",\"target\":[\"https:\\\/\\\/insektenliebe.com\\\/it\\\/shop\\\/prodotto\\\/guscio-di-noce-brasiliana\\\/\"]}]},{\"@type\":\"ImageObject\",\"inLanguage\":\"it-IT\",\"@id\":\"https:\\\/\\\/insektenliebe.com\\\/it\\\/shop\\\/prodotto\\\/guscio-di-noce-brasiliana\\\/#primaryimage\",\"url\":\"https:\\\/\\\/insektenliebe.com\\\/wp-content\\\/uploads\\\/2025\\\/05\\\/Paranussschale-2.jpg\",\"contentUrl\":\"https:\\\/\\\/insektenliebe.com\\\/wp-content\\\/uploads\\\/2025\\\/05\\\/Paranussschale-2.jpg\",\"width\":820,\"height\":820,\"caption\":\"Guscio di noce brasiliana-2.jpg\"},{\"@type\":\"BreadcrumbList\",\"@id\":\"https:\\\/\\\/insektenliebe.com\\\/it\\\/shop\\\/prodotto\\\/guscio-di-noce-brasiliana\\\/#breadcrumb\",\"itemListElement\":[{\"@type\":\"ListItem\",\"position\":1,\"name\":\"Startseite\",\"item\":\"https:\\\/\\\/insektenliebe.com\\\/it\\\/\"},{\"@type\":\"ListItem\",\"position\":2,\"name\":\"Negozio\",\"item\":\"https:\\\/\\\/insektenliebe.com\\\/it\\\/negozio\\\/\"},{\"@type\":\"ListItem\",\"position\":3,\"name\":\"Guscio di noce brasiliana\"}]},{\"@type\":\"WebSite\",\"@id\":\"https:\\\/\\\/insektenliebe.com\\\/it\\\/#website\",\"url\":\"https:\\\/\\\/insektenliebe.com\\\/it\\\/\",\"name\":\"Insektenliebe\",\"description\":\"Dein Zuhause f\u00fcr die kleinen Lebewesen\",\"publisher\":{\"@id\":\"https:\\\/\\\/insektenliebe.com\\\/it\\\/#organization\"},\"potentialAction\":[{\"@type\":\"SearchAction\",\"target\":{\"@type\":\"EntryPoint\",\"urlTemplate\":\"https:\\\/\\\/insektenliebe.com\\\/it\\\/?s={search_term_string}\"},\"query-input\":{\"@type\":\"PropertyValueSpecification\",\"valueRequired\":true,\"valueName\":\"search_term_string\"}}],\"inLanguage\":\"it-IT\"},{\"@type\":\"Organization\",\"@id\":\"https:\\\/\\\/insektenliebe.com\\\/it\\\/#organization\",\"name\":\"Insektenliebe\",\"url\":\"https:\\\/\\\/insektenliebe.com\\\/it\\\/\",\"logo\":{\"@type\":\"ImageObject\",\"inLanguage\":\"it-IT\",\"@id\":\"https:\\\/\\\/insektenliebe.com\\\/it\\\/#\\\/schema\\\/logo\\\/image\\\/\",\"url\":\"https:\\\/\\\/insektenliebe.com\\\/wp-content\\\/uploads\\\/2025\\\/03\\\/logo-white.png\",\"contentUrl\":\"https:\\\/\\\/insektenliebe.com\\\/wp-content\\\/uploads\\\/2025\\\/03\\\/logo-white.png\",\"width\":288,\"height\":188,\"caption\":\"Insektenliebe\"},\"image\":{\"@id\":\"https:\\\/\\\/insektenliebe.com\\\/it\\\/#\\\/schema\\\/logo\\\/image\\\/\"}}]}<\/script>\n<!-- \/ Yoast SEO plugin. -->","yoast_head_json":{"title":"Guscio di noce brasiliana - Insektenliebe","description":"Ciotola con noci brasiliane per terrari - ciotola naturale come ciotola per il cibo, nascondiglio o fioriera. Ideale per isopodi e invertebrati.","robots":{"index":"index","follow":"follow","max-snippet":"max-snippet:-1","max-image-preview":"max-image-preview:large","max-video-preview":"max-video-preview:-1"},"canonical":"https:\/\/insektenliebe.com\/it\/shop\/prodotto\/guscio-di-noce-brasiliana\/","og_locale":"it_IT","og_type":"article","og_title":"Guscio di noce brasiliana - Insektenliebe","og_description":"Ciotola con noci brasiliane per terrari - ciotola naturale come ciotola per il cibo, nascondiglio o fioriera. Ideale per isopodi e invertebrati.","og_url":"https:\/\/insektenliebe.com\/it\/shop\/prodotto\/guscio-di-noce-brasiliana\/","og_site_name":"Insektenliebe","article_modified_time":"2026-03-08T12:43:36+00:00","og_image":[{"width":820,"height":820,"url":"https:\/\/insektenliebe.com\/wp-content\/uploads\/2025\/05\/Paranussschale-2.jpg","type":"image\/jpeg"}],"twitter_card":"summary_large_image","twitter_misc":{"Tempo di lettura stimato":"2 minuto"},"schema":{"@context":"https:\/\/schema.org","@graph":[{"@type":"WebPage","@id":"https:\/\/insektenliebe.com\/it\/shop\/prodotto\/guscio-di-noce-brasiliana\/","url":"https:\/\/insektenliebe.com\/it\/shop\/prodotto\/guscio-di-noce-brasiliana\/","name":"Guscio di noce brasiliana - Insektenliebe","isPartOf":{"@id":"https:\/\/insektenliebe.com\/it\/#website"},"primaryImageOfPage":{"@id":"https:\/\/insektenliebe.com\/it\/shop\/prodotto\/guscio-di-noce-brasiliana\/#primaryimage"},"image":{"@id":"https:\/\/insektenliebe.com\/it\/shop\/prodotto\/guscio-di-noce-brasiliana\/#primaryimage"},"thumbnailUrl":"https:\/\/insektenliebe.com\/wp-content\/uploads\/2025\/05\/Paranussschale-2.jpg","datePublished":"2021-04-09T11:05:00+00:00","dateModified":"2026-03-08T12:43:36+00:00","description":"Ciotola con noci brasiliane per terrari - ciotola naturale come ciotola per il cibo, nascondiglio o fioriera. Ideale per isopodi e invertebrati.","breadcrumb":{"@id":"https:\/\/insektenliebe.com\/it\/shop\/prodotto\/guscio-di-noce-brasiliana\/#breadcrumb"},"inLanguage":"it-IT","potentialAction":[{"@type":"ReadAction","target":["https:\/\/insektenliebe.com\/it\/shop\/prodotto\/guscio-di-noce-brasiliana\/"]}]},{"@type":"ImageObject","inLanguage":"it-IT","@id":"https:\/\/insektenliebe.com\/it\/shop\/prodotto\/guscio-di-noce-brasiliana\/#primaryimage","url":"https:\/\/insektenliebe.com\/wp-content\/uploads\/2025\/05\/Paranussschale-2.jpg","contentUrl":"https:\/\/insektenliebe.com\/wp-content\/uploads\/2025\/05\/Paranussschale-2.jpg","width":820,"height":820,"caption":"Guscio di noce brasiliana-2.jpg"},{"@type":"BreadcrumbList","@id":"https:\/\/insektenliebe.com\/it\/shop\/prodotto\/guscio-di-noce-brasiliana\/#breadcrumb","itemListElement":[{"@type":"ListItem","position":1,"name":"Startseite","item":"https:\/\/insektenliebe.com\/it\/"},{"@type":"ListItem","position":2,"name":"Negozio","item":"https:\/\/insektenliebe.com\/it\/negozio\/"},{"@type":"ListItem","position":3,"name":"Guscio di noce brasiliana"}]},{"@type":"WebSite","@id":"https:\/\/insektenliebe.com\/it\/#website","url":"https:\/\/insektenliebe.com\/it\/","name":"Insektenliebe","description":"Dein Zuhause f\u00fcr die kleinen Lebewesen","publisher":{"@id":"https:\/\/insektenliebe.com\/it\/#organization"},"potentialAction":[{"@type":"SearchAction","target":{"@type":"EntryPoint","urlTemplate":"https:\/\/insektenliebe.com\/it\/?s={search_term_string}"},"query-input":{"@type":"PropertyValueSpecification","valueRequired":true,"valueName":"search_term_string"}}],"inLanguage":"it-IT"},{"@type":"Organization","@id":"https:\/\/insektenliebe.com\/it\/#organization","name":"Insektenliebe","url":"https:\/\/insektenliebe.com\/it\/","logo":{"@type":"ImageObject","inLanguage":"it-IT","@id":"https:\/\/insektenliebe.com\/it\/#\/schema\/logo\/image\/","url":"https:\/\/insektenliebe.com\/wp-content\/uploads\/2025\/03\/logo-white.png","contentUrl":"https:\/\/insektenliebe.com\/wp-content\/uploads\/2025\/03\/logo-white.png","width":288,"height":188,"caption":"Insektenliebe"},"image":{"@id":"https:\/\/insektenliebe.com\/it\/#\/schema\/logo\/image\/"}}]}},"_links":{"self":[{"href":"https:\/\/insektenliebe.com\/it\/wp-json\/wp\/v2\/product\/185181","targetHints":{"allow":["GET"]}}],"collection":[{"href":"https:\/\/insektenliebe.com\/it\/wp-json\/wp\/v2\/product"}],"about":[{"href":"https:\/\/insektenliebe.com\/it\/wp-json\/wp\/v2\/types\/product"}],"wp:featuredmedia":[{"embeddable":true,"href":"https:\/\/insektenliebe.com\/it\/wp-json\/wp\/v2\/media\/185183"}],"wp:attachment":[{"href":"https:\/\/insektenliebe.com\/it\/wp-json\/wp\/v2\/media?parent=185181"}],"wp:term":[{"taxonomy":"product-supplier","embeddable":true,"href":"https:\/\/insektenliebe.com\/it\/wp-json\/wp\/v2\/product-supplier?post=185181"},{"taxonomy":"product_brand","embeddable":true,"href":"https:\/\/insektenliebe.com\/it\/wp-json\/wp\/v2\/product_brand?post=185181"},{"taxonomy":"product_cat","embeddable":true,"href":"https:\/\/insektenliebe.com\/it\/wp-json\/wp\/v2\/product_cat?post=185181"},{"taxonomy":"product_tag","embeddable":true,"href":"https:\/\/insektenliebe.com\/it\/wp-json\/wp\/v2\/product_tag?post=185181"},{"taxonomy":"lce-checkout-addons","embeddable":true,"href":"https:\/\/insektenliebe.com\/it\/wp-json\/wp\/v2\/lce-checkout-addons?post=185181"}],"curies":[{"name":"wp","href":"https:\/\/api.w.org\/{rel}","templated":true}]}}