{"id":185160,"date":"2021-04-29T12:53:20","date_gmt":"2021-04-29T10:53:20","guid":{"rendered":"https:\/\/insektenliebe.com\/shop\/produkt\/benoitolus-siamensis\/"},"modified":"2021-04-29T12:53:20","modified_gmt":"2021-04-29T10:53:20","slug":"benoitolus-siamensis","status":"publish","type":"product","link":"https:\/\/insektenliebe.com\/it\/shop\/prodotto\/benoitolus-siamensis\/","title":{"rendered":"Benoitolus siamensis"},"content":{"rendered":"<h3><span style=\"color: #99cc33\">Breve descrizione:<\/span><\/h3>\n<p class=\"font_8\"><span class=\"hiddenSpellError\">Il Benoitolus<\/span> <span class=\"hiddenSpellError\">siamensis<\/span> \u00e8 una specie piccola e snella. Ha un colore di fondo grigio scuro, mentre i bordi dello scudo cranico, la sezione posteriore dei doppi segmenti e il segmento anale sono strettamente colorati di giallo chiaro. Anche le antenne e le zampe del <span class=\"hiddenSpellError\">Benoitolus<\/span> <span class=\"hiddenSpellError\">siamensis<\/span> sono di colore giallo chiaro. <\/p>\n<p>A causa delle dimensioni relativamente ridotte degli <span class=\"hiddenSpellError\">adulti<\/span> e della loro voglia di arrampicarsi, un terrario di 20 x 20 x 30 cm o pi\u00f9 \u00e8 adatto. Tuttavia, \u00e8 necessario assicurarsi che ci sia spazio sufficiente per un substrato sufficientemente alto. L&#8217;<span class=\"hiddenSpellError\">altezza del substrato<\/span> per questa specie non dovrebbe essere inferiore a 6 cm! Il substrato serve sia come habitat che come cibo per gli animali e viene visitato da questa specie di tanto in tanto per la muta. Tuttavia, il <span class=\"hiddenSpellError\">Benoitolus<\/span> <span class=\"hiddenSpellError\">siamensis<\/span> spesso si limita a gettare la pelle sulla superficie.    <\/p>\n<p>Le temperature diurne di 25-28 \u00b0C si sono dimostrate adatte all&#8217;allevamento di questa specie. Questi animali sono diurni e quindi molto interessanti per chi ama osservare i propri animali domestici. Quando si raggiungono le temperature nel terrario, \u00e8 importante applicare sempre la fonte di calore dall&#8217;alto e mai dal basso! Il substrato deve essere sempre mantenuto mezzo umido. Un&#8217;umidit\u00e0 del 70-85% \u00e8 la pi\u00f9 vicina alle condizioni del loro habitat naturale. Il substrato pu\u00f2 anche essere coperto con foglie, pezzi di corteccia o muschio. Questo aiuta a proteggerlo dall&#8217;essiccazione.      <\/p>\n<p><span class=\"hiddenSpellError\">Il Benoitolus<\/span> <span class=\"hiddenSpellError\">siamensis<\/span> si trova sempre vicino alla spiaggia in Thailandia. Qui vivono sugli alberi e amano stare nelle forcelle dei rami piene di humus e foglie. \u00c8 anche il luogo in cui preferiscono deporre le uova e la prole trascorre i primi giorni di vita in questo habitat. Puoi simulare questi luoghi nel terrario e osservare se gli animali li accettano.   <\/p>\n<p>Questa specie \u00e8 adatta anche ai principianti perch\u00e9 \u00e8 molto attiva e pu\u00f2 sopravvivere indenne a periodi pi\u00f9 lunghi e secchi. Una vasca di comunit\u00e0 con <span class=\"hiddenSpellError\">Benoitolus<\/span> <span class=\"hiddenSpellError\">siamensis<\/span> e la <span class=\"hiddenSpellError\">specie Cubaris<\/span>, anch&#8217;essa originaria della Thailandia, \u00e8 l&#8217;ideale. <\/p>\n","protected":false},"excerpt":{"rendered":"<p>Adatto ad un terrario di comunit\u00e0 con specie Cubaris!<\/p>\n","protected":false},"featured_media":185164,"template":"","meta":{"_acf_changed":false},"product-supplier":[],"product_brand":[],"product_cat":[2870],"product_tag":[],"lce-checkout-addons":[2746],"class_list":{"0":"post-185160","1":"product","2":"type-product","3":"status-publish","4":"has-post-thumbnail","6":"product_cat-millipede","7":"product_shipping_class-spedizione-di-animali","8":"pa_herkunft-thailandia","9":"pa_kontinent-asia","10":"lce-checkout-addons-imballaggio-invernale","12":"first","13":"outofstock","14":"sale","15":"taxable","16":"shipping-taxable","17":"purchasable","18":"product-type-simple"},"acf":[],"yoast_head":"<!-- This site is optimized with the Yoast SEO Premium plugin v26.8 (Yoast SEO v27.3) - https:\/\/yoast.com\/product\/yoast-seo-premium-wordpress\/ -->\n<title>Benoitolus siamensis - Insektenliebe<\/title>\n<meta name=\"description\" content=\"Acquista online i bellissimi Benoitolus siamensis. Offriamo la prole di questa grande specie di millepiedi. Acquista direttamente dall&#039;allevatore.\" \/>\n<meta name=\"robots\" content=\"index, follow, max-snippet:-1, max-image-preview:large, max-video-preview:-1\" \/>\n<link rel=\"canonical\" href=\"https:\/\/insektenliebe.com\/it\/shop\/prodotto\/benoitolus-siamensis\/\" \/>\n<meta property=\"og:locale\" content=\"it_IT\" \/>\n<meta property=\"og:type\" content=\"article\" \/>\n<meta property=\"og:title\" content=\"Benoitolus siamensis\" \/>\n<meta property=\"og:description\" content=\"Acquista online i bellissimi Benoitolus siamensis. Offriamo la prole di questa grande specie di millepiedi. Acquista direttamente dall&#039;allevatore.\" \/>\n<meta property=\"og:url\" content=\"https:\/\/insektenliebe.com\/it\/shop\/prodotto\/benoitolus-siamensis\/\" \/>\n<meta property=\"og:site_name\" content=\"Insektenliebe\" \/>\n<meta property=\"og:image\" content=\"https:\/\/insektenliebe.com\/wp-content\/uploads\/2025\/05\/Benoitolus-siamensis-2-2.jpg\" \/>\n\t<meta property=\"og:image:width\" content=\"820\" \/>\n\t<meta property=\"og:image:height\" content=\"820\" \/>\n\t<meta property=\"og:image:type\" content=\"image\/jpeg\" \/>\n<meta name=\"twitter:card\" content=\"summary_large_image\" \/>\n<meta name=\"twitter:label1\" content=\"Prezzo\" \/>\n\t<meta name=\"twitter:data1\" content=\"5,99&nbsp;&euro; IVA incl., + spese di sped.\" \/>\n\t<meta name=\"twitter:label2\" content=\"Disponibilit\u00e0\" \/>\n\t<meta name=\"twitter:data2\" content=\"Esaurito\" \/>\n<script type=\"application\/ld+json\" class=\"yoast-schema-graph\">{\"@context\":\"https:\\\/\\\/schema.org\",\"@graph\":[{\"@type\":\"WebPage\",\"@id\":\"https:\\\/\\\/insektenliebe.com\\\/it\\\/shop\\\/prodotto\\\/benoitolus-siamensis\\\/\",\"url\":\"https:\\\/\\\/insektenliebe.com\\\/it\\\/shop\\\/prodotto\\\/benoitolus-siamensis\\\/\",\"name\":\"Benoitolus siamensis - Insektenliebe\",\"isPartOf\":{\"@id\":\"https:\\\/\\\/insektenliebe.com\\\/it\\\/#website\"},\"primaryImageOfPage\":{\"@id\":\"https:\\\/\\\/insektenliebe.com\\\/it\\\/shop\\\/prodotto\\\/benoitolus-siamensis\\\/#primaryimage\"},\"image\":{\"@id\":\"https:\\\/\\\/insektenliebe.com\\\/it\\\/shop\\\/prodotto\\\/benoitolus-siamensis\\\/#primaryimage\"},\"thumbnailUrl\":\"https:\\\/\\\/insektenliebe.com\\\/wp-content\\\/uploads\\\/2025\\\/05\\\/Benoitolus-siamensis-2-2.jpg\",\"datePublished\":\"2021-04-29T10:53:20+00:00\",\"description\":\"Acquista online i bellissimi Benoitolus siamensis. Offriamo la prole di questa grande specie di millepiedi. Acquista direttamente dall'allevatore.\",\"breadcrumb\":{\"@id\":\"https:\\\/\\\/insektenliebe.com\\\/it\\\/shop\\\/prodotto\\\/benoitolus-siamensis\\\/#breadcrumb\"},\"inLanguage\":\"it-IT\",\"potentialAction\":[{\"@type\":\"ReadAction\",\"target\":[\"https:\\\/\\\/insektenliebe.com\\\/it\\\/shop\\\/prodotto\\\/benoitolus-siamensis\\\/\"]}]},{\"@type\":\"ImageObject\",\"inLanguage\":\"it-IT\",\"@id\":\"https:\\\/\\\/insektenliebe.com\\\/it\\\/shop\\\/prodotto\\\/benoitolus-siamensis\\\/#primaryimage\",\"url\":\"https:\\\/\\\/insektenliebe.com\\\/wp-content\\\/uploads\\\/2025\\\/05\\\/Benoitolus-siamensis-2-2.jpg\",\"contentUrl\":\"https:\\\/\\\/insektenliebe.com\\\/wp-content\\\/uploads\\\/2025\\\/05\\\/Benoitolus-siamensis-2-2.jpg\",\"width\":820,\"height\":820,\"caption\":\"Benoitolus-siamensis-2-2.jpg\"},{\"@type\":\"BreadcrumbList\",\"@id\":\"https:\\\/\\\/insektenliebe.com\\\/it\\\/shop\\\/prodotto\\\/benoitolus-siamensis\\\/#breadcrumb\",\"itemListElement\":[{\"@type\":\"ListItem\",\"position\":1,\"name\":\"Startseite\",\"item\":\"https:\\\/\\\/insektenliebe.com\\\/it\\\/\"},{\"@type\":\"ListItem\",\"position\":2,\"name\":\"Negozio\",\"item\":\"https:\\\/\\\/insektenliebe.com\\\/it\\\/negozio\\\/\"},{\"@type\":\"ListItem\",\"position\":3,\"name\":\"Benoitolus siamensis\"}]},{\"@type\":\"WebSite\",\"@id\":\"https:\\\/\\\/insektenliebe.com\\\/it\\\/#website\",\"url\":\"https:\\\/\\\/insektenliebe.com\\\/it\\\/\",\"name\":\"Insektenliebe\",\"description\":\"Dein Zuhause f\u00fcr die kleinen Lebewesen\",\"publisher\":{\"@id\":\"https:\\\/\\\/insektenliebe.com\\\/it\\\/#organization\"},\"potentialAction\":[{\"@type\":\"SearchAction\",\"target\":{\"@type\":\"EntryPoint\",\"urlTemplate\":\"https:\\\/\\\/insektenliebe.com\\\/it\\\/?s={search_term_string}\"},\"query-input\":{\"@type\":\"PropertyValueSpecification\",\"valueRequired\":true,\"valueName\":\"search_term_string\"}}],\"inLanguage\":\"it-IT\"},{\"@type\":\"Organization\",\"@id\":\"https:\\\/\\\/insektenliebe.com\\\/it\\\/#organization\",\"name\":\"Insektenliebe\",\"url\":\"https:\\\/\\\/insektenliebe.com\\\/it\\\/\",\"logo\":{\"@type\":\"ImageObject\",\"inLanguage\":\"it-IT\",\"@id\":\"https:\\\/\\\/insektenliebe.com\\\/it\\\/#\\\/schema\\\/logo\\\/image\\\/\",\"url\":\"https:\\\/\\\/insektenliebe.com\\\/wp-content\\\/uploads\\\/2025\\\/03\\\/logo-white.png\",\"contentUrl\":\"https:\\\/\\\/insektenliebe.com\\\/wp-content\\\/uploads\\\/2025\\\/03\\\/logo-white.png\",\"width\":288,\"height\":188,\"caption\":\"Insektenliebe\"},\"image\":{\"@id\":\"https:\\\/\\\/insektenliebe.com\\\/it\\\/#\\\/schema\\\/logo\\\/image\\\/\"}}]}<\/script>\n<meta property=\"product:price:amount\" content=\"5.99\" \/>\n<meta property=\"product:price:currency\" content=\"EUR\" \/>\n<meta property=\"og:availability\" content=\"out of stock\" \/>\n<meta property=\"product:availability\" content=\"out of stock\" \/>\n<meta property=\"product:retailer_item_id\" content=\"298\" \/>\n<meta property=\"product:condition\" content=\"new\" \/>\n<!-- \/ Yoast SEO Premium plugin. -->","yoast_head_json":{"title":"Benoitolus siamensis - Insektenliebe","description":"Acquista online i bellissimi Benoitolus siamensis. Offriamo la prole di questa grande specie di millepiedi. Acquista direttamente dall'allevatore.","robots":{"index":"index","follow":"follow","max-snippet":"max-snippet:-1","max-image-preview":"max-image-preview:large","max-video-preview":"max-video-preview:-1"},"canonical":"https:\/\/insektenliebe.com\/it\/shop\/prodotto\/benoitolus-siamensis\/","og_locale":"it_IT","og_type":"article","og_title":"Benoitolus siamensis","og_description":"Acquista online i bellissimi Benoitolus siamensis. Offriamo la prole di questa grande specie di millepiedi. Acquista direttamente dall'allevatore.","og_url":"https:\/\/insektenliebe.com\/it\/shop\/prodotto\/benoitolus-siamensis\/","og_site_name":"Insektenliebe","og_image":[{"width":820,"height":820,"url":"https:\/\/insektenliebe.com\/wp-content\/uploads\/2025\/05\/Benoitolus-siamensis-2-2.jpg","type":"image\/jpeg"}],"twitter_card":"summary_large_image","twitter_misc":{"Prezzo":"5,99&nbsp;&euro; IVA incl., + spese di sped.","Disponibilit\u00e0":"Esaurito"},"schema":{"@context":"https:\/\/schema.org","@graph":[{"@type":"WebPage","@id":"https:\/\/insektenliebe.com\/it\/shop\/prodotto\/benoitolus-siamensis\/","url":"https:\/\/insektenliebe.com\/it\/shop\/prodotto\/benoitolus-siamensis\/","name":"Benoitolus siamensis - Insektenliebe","isPartOf":{"@id":"https:\/\/insektenliebe.com\/it\/#website"},"primaryImageOfPage":{"@id":"https:\/\/insektenliebe.com\/it\/shop\/prodotto\/benoitolus-siamensis\/#primaryimage"},"image":{"@id":"https:\/\/insektenliebe.com\/it\/shop\/prodotto\/benoitolus-siamensis\/#primaryimage"},"thumbnailUrl":"https:\/\/insektenliebe.com\/wp-content\/uploads\/2025\/05\/Benoitolus-siamensis-2-2.jpg","datePublished":"2021-04-29T10:53:20+00:00","description":"Acquista online i bellissimi Benoitolus siamensis. Offriamo la prole di questa grande specie di millepiedi. Acquista direttamente dall'allevatore.","breadcrumb":{"@id":"https:\/\/insektenliebe.com\/it\/shop\/prodotto\/benoitolus-siamensis\/#breadcrumb"},"inLanguage":"it-IT","potentialAction":[{"@type":"ReadAction","target":["https:\/\/insektenliebe.com\/it\/shop\/prodotto\/benoitolus-siamensis\/"]}]},{"@type":"ImageObject","inLanguage":"it-IT","@id":"https:\/\/insektenliebe.com\/it\/shop\/prodotto\/benoitolus-siamensis\/#primaryimage","url":"https:\/\/insektenliebe.com\/wp-content\/uploads\/2025\/05\/Benoitolus-siamensis-2-2.jpg","contentUrl":"https:\/\/insektenliebe.com\/wp-content\/uploads\/2025\/05\/Benoitolus-siamensis-2-2.jpg","width":820,"height":820,"caption":"Benoitolus-siamensis-2-2.jpg"},{"@type":"BreadcrumbList","@id":"https:\/\/insektenliebe.com\/it\/shop\/prodotto\/benoitolus-siamensis\/#breadcrumb","itemListElement":[{"@type":"ListItem","position":1,"name":"Startseite","item":"https:\/\/insektenliebe.com\/it\/"},{"@type":"ListItem","position":2,"name":"Negozio","item":"https:\/\/insektenliebe.com\/it\/negozio\/"},{"@type":"ListItem","position":3,"name":"Benoitolus siamensis"}]},{"@type":"WebSite","@id":"https:\/\/insektenliebe.com\/it\/#website","url":"https:\/\/insektenliebe.com\/it\/","name":"Insektenliebe","description":"Dein Zuhause f\u00fcr die kleinen Lebewesen","publisher":{"@id":"https:\/\/insektenliebe.com\/it\/#organization"},"potentialAction":[{"@type":"SearchAction","target":{"@type":"EntryPoint","urlTemplate":"https:\/\/insektenliebe.com\/it\/?s={search_term_string}"},"query-input":{"@type":"PropertyValueSpecification","valueRequired":true,"valueName":"search_term_string"}}],"inLanguage":"it-IT"},{"@type":"Organization","@id":"https:\/\/insektenliebe.com\/it\/#organization","name":"Insektenliebe","url":"https:\/\/insektenliebe.com\/it\/","logo":{"@type":"ImageObject","inLanguage":"it-IT","@id":"https:\/\/insektenliebe.com\/it\/#\/schema\/logo\/image\/","url":"https:\/\/insektenliebe.com\/wp-content\/uploads\/2025\/03\/logo-white.png","contentUrl":"https:\/\/insektenliebe.com\/wp-content\/uploads\/2025\/03\/logo-white.png","width":288,"height":188,"caption":"Insektenliebe"},"image":{"@id":"https:\/\/insektenliebe.com\/it\/#\/schema\/logo\/image\/"}}]},"product_price_amount":"5.99","product_price_currency":"EUR","og_availability":"out of stock","product_availability":"out of stock","product_retailer_item_id":"298","product_condition":"new"},"_links":{"self":[{"href":"https:\/\/insektenliebe.com\/it\/wp-json\/wp\/v2\/product\/185160","targetHints":{"allow":["GET"]}}],"collection":[{"href":"https:\/\/insektenliebe.com\/it\/wp-json\/wp\/v2\/product"}],"about":[{"href":"https:\/\/insektenliebe.com\/it\/wp-json\/wp\/v2\/types\/product"}],"wp:featuredmedia":[{"embeddable":true,"href":"https:\/\/insektenliebe.com\/it\/wp-json\/wp\/v2\/media\/185164"}],"wp:attachment":[{"href":"https:\/\/insektenliebe.com\/it\/wp-json\/wp\/v2\/media?parent=185160"}],"wp:term":[{"taxonomy":"product-supplier","embeddable":true,"href":"https:\/\/insektenliebe.com\/it\/wp-json\/wp\/v2\/product-supplier?post=185160"},{"taxonomy":"product_brand","embeddable":true,"href":"https:\/\/insektenliebe.com\/it\/wp-json\/wp\/v2\/product_brand?post=185160"},{"taxonomy":"product_cat","embeddable":true,"href":"https:\/\/insektenliebe.com\/it\/wp-json\/wp\/v2\/product_cat?post=185160"},{"taxonomy":"product_tag","embeddable":true,"href":"https:\/\/insektenliebe.com\/it\/wp-json\/wp\/v2\/product_tag?post=185160"},{"taxonomy":"lce-checkout-addons","embeddable":true,"href":"https:\/\/insektenliebe.com\/it\/wp-json\/wp\/v2\/lce-checkout-addons?post=185160"}],"curies":[{"name":"wp","href":"https:\/\/api.w.org\/{rel}","templated":true}]}}