{"id":185156,"date":"2021-04-15T15:40:00","date_gmt":"2021-04-15T13:40:00","guid":{"rendered":"https:\/\/insektenliebe.com\/shop\/produkt\/exo-terra-luce-diurna-spot-basking-nano\/"},"modified":"2026-02-27T17:00:58","modified_gmt":"2026-02-27T16:00:58","slug":"exo-terra-luce-diurna-spot-basking-nano","status":"publish","type":"product","link":"https:\/\/insektenliebe.com\/it\/shop\/prodotto\/exo-terra-luce-diurna-spot-basking-nano\/","title":{"rendered":"Exo Terra Luce diurna Spot basking Nano"},"content":{"rendered":"<h3><span class=\"s1\" style=\"color: #99cc33;\">Exo Terra Daylight Basking Spot Nano - Energia solare compatta<\/span><\/h3>\n<p class=\"p1\"><span class=\"s1\">Il <\/span><strong><span class=\"s2\">Exo Terra Punto di abbronzatura a luce diurna Nano<\/span><\/strong><span class=\"s1\">  fornisce una fonte di calore mirata durante il giorno ed \u00e8 ideale per i terrari pi\u00f9 piccoli come i modelli Exo Terra NANO o MINI. Lo sviluppo controllato del calore \u00e8 particolarmente importante negli allestimenti compatti, in quanto crea zone di temperatura stabili e allo stesso tempo evita il surriscaldamento. <\/span><\/p>\n<p class=\"p1\"><span class=\"s1\">Con questa lampada termica a luce naturale puoi creare un punto caldo ben definito. In questo modo i tuoi animali potranno regolare attivamente la loro temperatura corporea. In particolare, gli animali giovani, i rettili appena nati o i piccoli anfibi traggono beneficio da un punto di crogiolamento facilmente accessibile. Anche molti invertebrati utilizzano queste zone calde per attivare il loro metabolismo.   <\/span><\/p>\n<p class=\"p1\"><span class=\"s1\">Il riflettore integrato dirige la luce e il calore in una direzione specifica. In questo modo l&#8217;energia si concentra in un&#8217;area definita del terrario. Allo stesso tempo, si crea un gradiente di temperatura naturale che permette di mantenere un ambiente pi\u00f9 fresco. Questo gradiente favorisce il comportamento naturale degli animali e ne promuove la vitalit\u00e0.   <\/span><\/p>\n<p class=\"p1\"><span class=\"s1\">Inoltre, il Daylight Basking Spot Nano aumenta la temperatura generale dell&#8217;aria nel terrario. Questo stabilizza il clima e crea condizioni diurne affidabili. In combinazione con la riduzione delle ore notturne, si crea un ritmo naturale giorno-notte che ha un effetto positivo sull&#8217;attivit\u00e0, sul comportamento alimentare e sul benessere.  <\/span><\/p>\n<p class=\"p1\"><span class=\"s1\">Grazie al suo design compatto, la lampada si adatta perfettamente al supporto Exo Terra Reptile Dome NANO. Questa combinazione consente un&#8217;installazione sicura e stabile sopra piccoli terrari. Allo stesso tempo, l&#8217;installazione rimane visivamente armoniosa e poco ingombrante.  <\/span><\/p>\n<p class=\"p1\"><span class=\"s1\">Il <strong><span class=\"s2\">Exo Terra Daylight Basking Spot Nano<\/span><\/strong> \u00e8 particolarmente indicato per gli allevatori che vogliono implementare una gestione precisa del calore nei terrari nano. Combina calore mirato, luce naturale e un design compatto in una soluzione ben studiata. Se vuoi offrire ai piccoli abitanti del terrario una fonte naturale di luce solare, questa \u00e8 un&#8217;opzione efficace e sicura per l&#8217;uso quotidiano.  <\/span><\/p>\n","protected":false},"excerpt":{"rendered":"<p>Exo Terra Daylight Basking Spot Nano - Energia solare compatta Il Exo Terra Punto di abbronzatura a luce diurna Nano fornisce una fonte di calore mirata durante il giorno ed \u00e8 ideale per i terrari pi\u00f9 piccoli come i modelli Exo Terra NANO o MINI. Lo sviluppo controllato del calore \u00e8 particolarmente importante negli allestimenti [&hellip;]<\/p>\n","protected":false},"featured_media":185158,"template":"","meta":{"_acf_changed":false},"product-supplier":[2554],"product_brand":[3027],"product_cat":[2741],"product_tag":[],"lce-checkout-addons":[],"class_list":{"0":"post-185156","1":"product","2":"type-product","3":"status-publish","4":"has-post-thumbnail","6":"product_brand-exo-terra","7":"product_cat-illuminazione-e-clima","8":"product_shipping_class-equipment-shipping","10":"first","11":"instock","12":"sale","13":"taxable","14":"shipping-taxable","15":"purchasable","16":"product-type-simple"},"acf":[],"yoast_head":"<!-- This site is optimized with the Yoast SEO plugin v27.3 - https:\/\/yoast.com\/product\/yoast-seo-wordpress\/ -->\n<title>Exo Terra Luce diurna Spot basking Nano - Insektenliebe<\/title>\n<meta name=\"description\" content=\"Exo Terra Daylight Basking Spot Nano - Spot riscaldante diurno per terrari nano e mini. Crea punti caldi mirati e cicli di luce naturale.\" \/>\n<meta name=\"robots\" content=\"index, follow, max-snippet:-1, max-image-preview:large, max-video-preview:-1\" \/>\n<link rel=\"canonical\" href=\"https:\/\/insektenliebe.com\/it\/shop\/prodotto\/exo-terra-luce-diurna-spot-basking-nano\/\" \/>\n<meta property=\"og:locale\" content=\"it_IT\" \/>\n<meta property=\"og:type\" content=\"article\" \/>\n<meta property=\"og:title\" content=\"Exo Terra Luce diurna Spot basking Nano - Insektenliebe\" \/>\n<meta property=\"og:description\" content=\"Exo Terra Daylight Basking Spot Nano - Spot riscaldante diurno per terrari nano e mini. Crea punti caldi mirati e cicli di luce naturale.\" \/>\n<meta property=\"og:url\" content=\"https:\/\/insektenliebe.com\/it\/shop\/prodotto\/exo-terra-luce-diurna-spot-basking-nano\/\" \/>\n<meta property=\"og:site_name\" content=\"Insektenliebe\" \/>\n<meta property=\"article:modified_time\" content=\"2026-02-27T16:00:58+00:00\" \/>\n<meta property=\"og:image\" content=\"https:\/\/insektenliebe.com\/wp-content\/uploads\/2025\/05\/Exo-Terra-Daylight-Basking-Spot-Nano-2.jpg\" \/>\n\t<meta property=\"og:image:width\" content=\"820\" \/>\n\t<meta property=\"og:image:height\" content=\"820\" \/>\n\t<meta property=\"og:image:type\" content=\"image\/jpeg\" \/>\n<meta name=\"twitter:card\" content=\"summary_large_image\" \/>\n<meta name=\"twitter:label1\" content=\"Tempo di lettura stimato\" \/>\n\t<meta name=\"twitter:data1\" content=\"2 minuto\" \/>\n<script type=\"application\/ld+json\" class=\"yoast-schema-graph\">{\"@context\":\"https:\\\/\\\/schema.org\",\"@graph\":[{\"@type\":\"WebPage\",\"@id\":\"https:\\\/\\\/insektenliebe.com\\\/it\\\/shop\\\/prodotto\\\/exo-terra-luce-diurna-spot-basking-nano\\\/\",\"url\":\"https:\\\/\\\/insektenliebe.com\\\/it\\\/shop\\\/prodotto\\\/exo-terra-luce-diurna-spot-basking-nano\\\/\",\"name\":\"Exo Terra Luce diurna Spot basking Nano - Insektenliebe\",\"isPartOf\":{\"@id\":\"https:\\\/\\\/insektenliebe.com\\\/it\\\/#website\"},\"primaryImageOfPage\":{\"@id\":\"https:\\\/\\\/insektenliebe.com\\\/it\\\/shop\\\/prodotto\\\/exo-terra-luce-diurna-spot-basking-nano\\\/#primaryimage\"},\"image\":{\"@id\":\"https:\\\/\\\/insektenliebe.com\\\/it\\\/shop\\\/prodotto\\\/exo-terra-luce-diurna-spot-basking-nano\\\/#primaryimage\"},\"thumbnailUrl\":\"https:\\\/\\\/insektenliebe.com\\\/wp-content\\\/uploads\\\/2025\\\/05\\\/Exo-Terra-Daylight-Basking-Spot-Nano-2.jpg\",\"datePublished\":\"2021-04-15T13:40:00+00:00\",\"dateModified\":\"2026-02-27T16:00:58+00:00\",\"description\":\"Exo Terra Daylight Basking Spot Nano - Spot riscaldante diurno per terrari nano e mini. Crea punti caldi mirati e cicli di luce naturale.\",\"breadcrumb\":{\"@id\":\"https:\\\/\\\/insektenliebe.com\\\/it\\\/shop\\\/prodotto\\\/exo-terra-luce-diurna-spot-basking-nano\\\/#breadcrumb\"},\"inLanguage\":\"it-IT\",\"potentialAction\":[{\"@type\":\"ReadAction\",\"target\":[\"https:\\\/\\\/insektenliebe.com\\\/it\\\/shop\\\/prodotto\\\/exo-terra-luce-diurna-spot-basking-nano\\\/\"]}]},{\"@type\":\"ImageObject\",\"inLanguage\":\"it-IT\",\"@id\":\"https:\\\/\\\/insektenliebe.com\\\/it\\\/shop\\\/prodotto\\\/exo-terra-luce-diurna-spot-basking-nano\\\/#primaryimage\",\"url\":\"https:\\\/\\\/insektenliebe.com\\\/wp-content\\\/uploads\\\/2025\\\/05\\\/Exo-Terra-Daylight-Basking-Spot-Nano-2.jpg\",\"contentUrl\":\"https:\\\/\\\/insektenliebe.com\\\/wp-content\\\/uploads\\\/2025\\\/05\\\/Exo-Terra-Daylight-Basking-Spot-Nano-2.jpg\",\"width\":820,\"height\":820,\"caption\":\"Exo-Terra-Daylight-Basking-Spot-Nano-2.jpg\"},{\"@type\":\"BreadcrumbList\",\"@id\":\"https:\\\/\\\/insektenliebe.com\\\/it\\\/shop\\\/prodotto\\\/exo-terra-luce-diurna-spot-basking-nano\\\/#breadcrumb\",\"itemListElement\":[{\"@type\":\"ListItem\",\"position\":1,\"name\":\"Startseite\",\"item\":\"https:\\\/\\\/insektenliebe.com\\\/it\\\/\"},{\"@type\":\"ListItem\",\"position\":2,\"name\":\"Negozio\",\"item\":\"https:\\\/\\\/insektenliebe.com\\\/it\\\/negozio\\\/\"},{\"@type\":\"ListItem\",\"position\":3,\"name\":\"Exo Terra Luce diurna Spot basking Nano\"}]},{\"@type\":\"WebSite\",\"@id\":\"https:\\\/\\\/insektenliebe.com\\\/it\\\/#website\",\"url\":\"https:\\\/\\\/insektenliebe.com\\\/it\\\/\",\"name\":\"Insektenliebe\",\"description\":\"Dein Zuhause f\u00fcr die kleinen Lebewesen\",\"publisher\":{\"@id\":\"https:\\\/\\\/insektenliebe.com\\\/it\\\/#organization\"},\"potentialAction\":[{\"@type\":\"SearchAction\",\"target\":{\"@type\":\"EntryPoint\",\"urlTemplate\":\"https:\\\/\\\/insektenliebe.com\\\/it\\\/?s={search_term_string}\"},\"query-input\":{\"@type\":\"PropertyValueSpecification\",\"valueRequired\":true,\"valueName\":\"search_term_string\"}}],\"inLanguage\":\"it-IT\"},{\"@type\":\"Organization\",\"@id\":\"https:\\\/\\\/insektenliebe.com\\\/it\\\/#organization\",\"name\":\"Insektenliebe\",\"url\":\"https:\\\/\\\/insektenliebe.com\\\/it\\\/\",\"logo\":{\"@type\":\"ImageObject\",\"inLanguage\":\"it-IT\",\"@id\":\"https:\\\/\\\/insektenliebe.com\\\/it\\\/#\\\/schema\\\/logo\\\/image\\\/\",\"url\":\"https:\\\/\\\/insektenliebe.com\\\/wp-content\\\/uploads\\\/2025\\\/03\\\/logo-white.png\",\"contentUrl\":\"https:\\\/\\\/insektenliebe.com\\\/wp-content\\\/uploads\\\/2025\\\/03\\\/logo-white.png\",\"width\":288,\"height\":188,\"caption\":\"Insektenliebe\"},\"image\":{\"@id\":\"https:\\\/\\\/insektenliebe.com\\\/it\\\/#\\\/schema\\\/logo\\\/image\\\/\"}}]}<\/script>\n<!-- \/ Yoast SEO plugin. -->","yoast_head_json":{"title":"Exo Terra Luce diurna Spot basking Nano - Insektenliebe","description":"Exo Terra Daylight Basking Spot Nano - Spot riscaldante diurno per terrari nano e mini. Crea punti caldi mirati e cicli di luce naturale.","robots":{"index":"index","follow":"follow","max-snippet":"max-snippet:-1","max-image-preview":"max-image-preview:large","max-video-preview":"max-video-preview:-1"},"canonical":"https:\/\/insektenliebe.com\/it\/shop\/prodotto\/exo-terra-luce-diurna-spot-basking-nano\/","og_locale":"it_IT","og_type":"article","og_title":"Exo Terra Luce diurna Spot basking Nano - Insektenliebe","og_description":"Exo Terra Daylight Basking Spot Nano - Spot riscaldante diurno per terrari nano e mini. Crea punti caldi mirati e cicli di luce naturale.","og_url":"https:\/\/insektenliebe.com\/it\/shop\/prodotto\/exo-terra-luce-diurna-spot-basking-nano\/","og_site_name":"Insektenliebe","article_modified_time":"2026-02-27T16:00:58+00:00","og_image":[{"width":820,"height":820,"url":"https:\/\/insektenliebe.com\/wp-content\/uploads\/2025\/05\/Exo-Terra-Daylight-Basking-Spot-Nano-2.jpg","type":"image\/jpeg"}],"twitter_card":"summary_large_image","twitter_misc":{"Tempo di lettura stimato":"2 minuto"},"schema":{"@context":"https:\/\/schema.org","@graph":[{"@type":"WebPage","@id":"https:\/\/insektenliebe.com\/it\/shop\/prodotto\/exo-terra-luce-diurna-spot-basking-nano\/","url":"https:\/\/insektenliebe.com\/it\/shop\/prodotto\/exo-terra-luce-diurna-spot-basking-nano\/","name":"Exo Terra Luce diurna Spot basking Nano - Insektenliebe","isPartOf":{"@id":"https:\/\/insektenliebe.com\/it\/#website"},"primaryImageOfPage":{"@id":"https:\/\/insektenliebe.com\/it\/shop\/prodotto\/exo-terra-luce-diurna-spot-basking-nano\/#primaryimage"},"image":{"@id":"https:\/\/insektenliebe.com\/it\/shop\/prodotto\/exo-terra-luce-diurna-spot-basking-nano\/#primaryimage"},"thumbnailUrl":"https:\/\/insektenliebe.com\/wp-content\/uploads\/2025\/05\/Exo-Terra-Daylight-Basking-Spot-Nano-2.jpg","datePublished":"2021-04-15T13:40:00+00:00","dateModified":"2026-02-27T16:00:58+00:00","description":"Exo Terra Daylight Basking Spot Nano - Spot riscaldante diurno per terrari nano e mini. Crea punti caldi mirati e cicli di luce naturale.","breadcrumb":{"@id":"https:\/\/insektenliebe.com\/it\/shop\/prodotto\/exo-terra-luce-diurna-spot-basking-nano\/#breadcrumb"},"inLanguage":"it-IT","potentialAction":[{"@type":"ReadAction","target":["https:\/\/insektenliebe.com\/it\/shop\/prodotto\/exo-terra-luce-diurna-spot-basking-nano\/"]}]},{"@type":"ImageObject","inLanguage":"it-IT","@id":"https:\/\/insektenliebe.com\/it\/shop\/prodotto\/exo-terra-luce-diurna-spot-basking-nano\/#primaryimage","url":"https:\/\/insektenliebe.com\/wp-content\/uploads\/2025\/05\/Exo-Terra-Daylight-Basking-Spot-Nano-2.jpg","contentUrl":"https:\/\/insektenliebe.com\/wp-content\/uploads\/2025\/05\/Exo-Terra-Daylight-Basking-Spot-Nano-2.jpg","width":820,"height":820,"caption":"Exo-Terra-Daylight-Basking-Spot-Nano-2.jpg"},{"@type":"BreadcrumbList","@id":"https:\/\/insektenliebe.com\/it\/shop\/prodotto\/exo-terra-luce-diurna-spot-basking-nano\/#breadcrumb","itemListElement":[{"@type":"ListItem","position":1,"name":"Startseite","item":"https:\/\/insektenliebe.com\/it\/"},{"@type":"ListItem","position":2,"name":"Negozio","item":"https:\/\/insektenliebe.com\/it\/negozio\/"},{"@type":"ListItem","position":3,"name":"Exo Terra Luce diurna Spot basking Nano"}]},{"@type":"WebSite","@id":"https:\/\/insektenliebe.com\/it\/#website","url":"https:\/\/insektenliebe.com\/it\/","name":"Insektenliebe","description":"Dein Zuhause f\u00fcr die kleinen Lebewesen","publisher":{"@id":"https:\/\/insektenliebe.com\/it\/#organization"},"potentialAction":[{"@type":"SearchAction","target":{"@type":"EntryPoint","urlTemplate":"https:\/\/insektenliebe.com\/it\/?s={search_term_string}"},"query-input":{"@type":"PropertyValueSpecification","valueRequired":true,"valueName":"search_term_string"}}],"inLanguage":"it-IT"},{"@type":"Organization","@id":"https:\/\/insektenliebe.com\/it\/#organization","name":"Insektenliebe","url":"https:\/\/insektenliebe.com\/it\/","logo":{"@type":"ImageObject","inLanguage":"it-IT","@id":"https:\/\/insektenliebe.com\/it\/#\/schema\/logo\/image\/","url":"https:\/\/insektenliebe.com\/wp-content\/uploads\/2025\/03\/logo-white.png","contentUrl":"https:\/\/insektenliebe.com\/wp-content\/uploads\/2025\/03\/logo-white.png","width":288,"height":188,"caption":"Insektenliebe"},"image":{"@id":"https:\/\/insektenliebe.com\/it\/#\/schema\/logo\/image\/"}}]}},"_links":{"self":[{"href":"https:\/\/insektenliebe.com\/it\/wp-json\/wp\/v2\/product\/185156","targetHints":{"allow":["GET"]}}],"collection":[{"href":"https:\/\/insektenliebe.com\/it\/wp-json\/wp\/v2\/product"}],"about":[{"href":"https:\/\/insektenliebe.com\/it\/wp-json\/wp\/v2\/types\/product"}],"wp:featuredmedia":[{"embeddable":true,"href":"https:\/\/insektenliebe.com\/it\/wp-json\/wp\/v2\/media\/185158"}],"wp:attachment":[{"href":"https:\/\/insektenliebe.com\/it\/wp-json\/wp\/v2\/media?parent=185156"}],"wp:term":[{"taxonomy":"product-supplier","embeddable":true,"href":"https:\/\/insektenliebe.com\/it\/wp-json\/wp\/v2\/product-supplier?post=185156"},{"taxonomy":"product_brand","embeddable":true,"href":"https:\/\/insektenliebe.com\/it\/wp-json\/wp\/v2\/product_brand?post=185156"},{"taxonomy":"product_cat","embeddable":true,"href":"https:\/\/insektenliebe.com\/it\/wp-json\/wp\/v2\/product_cat?post=185156"},{"taxonomy":"product_tag","embeddable":true,"href":"https:\/\/insektenliebe.com\/it\/wp-json\/wp\/v2\/product_tag?post=185156"},{"taxonomy":"lce-checkout-addons","embeddable":true,"href":"https:\/\/insektenliebe.com\/it\/wp-json\/wp\/v2\/lce-checkout-addons?post=185156"}],"curies":[{"name":"wp","href":"https:\/\/api.w.org\/{rel}","templated":true}]}}