{"id":185127,"date":"2021-05-14T11:57:00","date_gmt":"2021-05-14T09:57:00","guid":{"rendered":"https:\/\/insektenliebe.com\/shop\/produkt\/hobby-muschio-di-sfagno\/"},"modified":"2026-03-09T21:45:45","modified_gmt":"2026-03-09T20:45:45","slug":"hobby-muschio-di-sfagno","status":"publish","type":"product","link":"https:\/\/insektenliebe.com\/it\/shop\/prodotto\/hobby-muschio-di-sfagno\/","title":{"rendered":"Hobby Muschio di sfagno"},"content":{"rendered":"<h3><span class=\"s1\" style=\"color: #99cc33;\">Hobby Sphagnum Moss - Muschio naturale idratante per terrari<\/span><\/h3>\n<p class=\"p1\"><span class=\"s1\">Il <\/span><strong><span class=\"s2\">Hobby Sphagnum Moss<\/span><\/strong><span class=\"s1\"> \u00e8 un muschio per terrari di alta qualit\u00e0 e <\/span><span class=\"s2\">100 % naturale per terrari<\/span><span class=\"s1\">che \u00e8 particolarmente versatile nel terrario. Viene fornito in una pratica confezione   <\/span><span class=\"s2\">stampo per mattoni<\/span><span class=\"s1\"> e quindi occupa pochissimo spazio durante lo stoccaggio e il trasporto.<\/span><\/p>\n<p class=\"p1\"><span class=\"s1\">Prima dell&#8217;uso, la piastrella di muschio va semplicemente immersa in circa 1,5 litri di acqua tiepida. <\/span><span class=\"s2\">1,5 litri di acqua tiepida.<\/span><span class=\"s1\">  versato su di esso. Il materiale si gonfia in breve tempo. Il mattone compatto viene trasformato in    <\/span><span class=\"s2\">circa 4,5 litri di muschio di Sfagno pronto all&#8217;uso<\/span><span class=\"s1\">.<\/span><\/p>\n<p class=\"p1\"><span class=\"s1\">Il muschio naturale immagazzina grandi quantit\u00e0 di umidit\u00e0 e la rilascia lentamente nell&#8217;ambiente. Di conseguenza   <\/span><span class=\"s2\">aumenta e stabilizza l&#8217;umidit\u00e0 nel terrario<\/span><span class=\"s1\">. In particolare nei terrari tropicali, garantisce un microclima uniforme e stabile.<\/span><\/p>\n<p class=\"p1\"><span class=\"s1\">Molti animali da terrario beneficiano di questa propriet\u00e0. <\/span><span class=\"s2\">Serpenti, lucertole, anfibi e numerosi invertebrati<\/span><span class=\"s1\"> amano utilizzare le aree umide di muschio di sfagno come rifugio.<\/span><\/p>\n<p class=\"p1\"><span class=\"s1\">Anche durante la <\/span><span class=\"s2\">muta<\/span><span class=\"s1\">  il muschio pu\u00f2 svolgere un ruolo importante. Per questo motivo molti custodi lo utilizzano come intarsio nei cosiddetti   <\/span><span class=\"s2\">Scatole umide<\/span><span class=\"s1\">. Il muschio umido crea le condizioni ideali per una muta senza problemi.<\/span><\/p>\n<p class=\"p1\"><span class=\"s1\">Il materiale \u00e8 inoltre ideale come substrato per <\/span><span class=\"s2\">substrato per l&#8217;ovodeposizione<\/span><span class=\"s1\">. Trattiene in modo affidabile l&#8217;umidit\u00e0 e allo stesso tempo garantisce una struttura sciolta.<\/span><\/p>\n<p class=\"p1\"><span class=\"s1\">Oltre alla sua funzione di substrato, il muschio di sfagno \u00e8 anche una decorazione naturale del terrario. <\/span><span class=\"s2\">decorazione naturale del terrario<\/span><span class=\"s1\">. Pu\u00f2 essere facilmente posizionato tra radici, pietre o piante e crea un design naturale.<\/span><\/p>\n<p class=\"p1\"><span class=\"s1\">Anche le piante da terrario traggono beneficio da questo materiale naturale. Il muschio \u00e8 ideale come   <\/span><span class=\"s2\">Base nutritiva idratante per le piante<\/span><span class=\"s1\">soprattutto per specie come <\/span><span class=\"s2\">orchidee o bromeliacee<\/span><span class=\"s1\">.<\/span><\/p>\n<p class=\"p1\"><span class=\"s1\">Il muschio di sfagno Hobby \u00e8 prodotto senza additivi chimici. <\/span><span class=\"s2\"><strong>Hobby Sphagnum Moss<\/strong> viene prodotto senza additivi chimici<\/span><span class=\"s1\">\u00e8 completamente innocuo per animali e piante. Allo stesso tempo, il materiale proviene da   <\/span><span class=\"s2\">risorse rinnovabili<\/span><span class=\"s1\">.<\/span><\/p>\n<p class=\"p1\"><span class=\"s1\">Grazie alla sua elevata capacit\u00e0 di trattenere l&#8217;umidit\u00e0, alla versatilit\u00e0 di applicazione e all&#8217;origine naturale, il muschio di Sphagnum di Hobby <\/span><strong><span class=\"s2\">Hobby Sphagnum Moss<\/span><\/strong><span class=\"s1\"> \u00e8 un elemento indispensabile per molti terrari.<\/span><\/p>\n<p><strong>Applicazione:<\/strong><br \/>\n\u00c8 sufficiente mettere il Mattone <strong>di Muschio di Sfagno Hobby<\/strong> in un secchio e aggiungere almeno 1,5 litri di acqua tiepida. Dopo poco tempo, il muschio inizier\u00e0 a espandersi fino a raggiungere il suo volume. Spremi brevemente a mano la quantit\u00e0 necessaria.  <\/p>\n","protected":false},"excerpt":{"rendered":"<p>Hobby Sphagnum Moss - Muschio naturale idratante per terrari Il Hobby Sphagnum Moss \u00e8 un muschio per terrari di alta qualit\u00e0 e 100 % naturale per terrariche \u00e8 particolarmente versatile nel terrario. Viene fornito in una pratica confezione stampo per mattoni e quindi occupa pochissimo spazio durante lo stoccaggio e il trasporto. Prima dell&#8217;uso, la [&hellip;]<\/p>\n","protected":false},"featured_media":185131,"template":"","meta":{"_acf_changed":false},"product-supplier":[2555],"product_brand":[2739],"product_cat":[2894],"product_tag":[],"lce-checkout-addons":[],"class_list":{"0":"post-185127","1":"product","2":"type-product","3":"status-publish","4":"has-post-thumbnail","6":"product_brand-hobby-terraristica","7":"product_cat-substrati-e-muschi","8":"product_shipping_class-equipment-shipping","10":"first","11":"instock","12":"sale","13":"taxable","14":"shipping-taxable","15":"purchasable","16":"product-type-simple"},"acf":[],"yoast_head":"<!-- This site is optimized with the Yoast SEO plugin v27.3 - https:\/\/yoast.com\/product\/yoast-seo-wordpress\/ -->\n<title>Hobby Muschio di sfagno - Insektenliebe<\/title>\n<meta name=\"description\" content=\"Hobby Sphagnum Moss - muschio naturale per terrari in mattoncini. Aumenta l&#039;umidit\u00e0 ed \u00e8 ideale per le cassette e le piante umide.\" \/>\n<meta name=\"robots\" content=\"index, follow, max-snippet:-1, max-image-preview:large, max-video-preview:-1\" \/>\n<link rel=\"canonical\" href=\"https:\/\/insektenliebe.com\/it\/shop\/prodotto\/hobby-muschio-di-sfagno\/\" \/>\n<meta property=\"og:locale\" content=\"it_IT\" \/>\n<meta property=\"og:type\" content=\"article\" \/>\n<meta property=\"og:title\" content=\"Hobby Muschio di sfagno - Insektenliebe\" \/>\n<meta property=\"og:description\" content=\"Hobby Sphagnum Moss - muschio naturale per terrari in mattoncini. Aumenta l&#039;umidit\u00e0 ed \u00e8 ideale per le cassette e le piante umide.\" \/>\n<meta property=\"og:url\" content=\"https:\/\/insektenliebe.com\/it\/shop\/prodotto\/hobby-muschio-di-sfagno\/\" \/>\n<meta property=\"og:site_name\" content=\"Insektenliebe\" \/>\n<meta property=\"article:modified_time\" content=\"2026-03-09T20:45:45+00:00\" \/>\n<meta property=\"og:image\" content=\"https:\/\/insektenliebe.com\/wp-content\/uploads\/2025\/05\/Hobby-Spaghnum-Moos-2.jpg\" \/>\n\t<meta property=\"og:image:width\" content=\"820\" \/>\n\t<meta property=\"og:image:height\" content=\"820\" \/>\n\t<meta property=\"og:image:type\" content=\"image\/jpeg\" \/>\n<meta name=\"twitter:card\" content=\"summary_large_image\" \/>\n<meta name=\"twitter:label1\" content=\"Tempo di lettura stimato\" \/>\n\t<meta name=\"twitter:data1\" content=\"2 minuto\" \/>\n<script type=\"application\/ld+json\" class=\"yoast-schema-graph\">{\"@context\":\"https:\\\/\\\/schema.org\",\"@graph\":[{\"@type\":\"WebPage\",\"@id\":\"https:\\\/\\\/insektenliebe.com\\\/it\\\/shop\\\/prodotto\\\/hobby-muschio-di-sfagno\\\/\",\"url\":\"https:\\\/\\\/insektenliebe.com\\\/it\\\/shop\\\/prodotto\\\/hobby-muschio-di-sfagno\\\/\",\"name\":\"Hobby Muschio di sfagno - Insektenliebe\",\"isPartOf\":{\"@id\":\"https:\\\/\\\/insektenliebe.com\\\/it\\\/#website\"},\"primaryImageOfPage\":{\"@id\":\"https:\\\/\\\/insektenliebe.com\\\/it\\\/shop\\\/prodotto\\\/hobby-muschio-di-sfagno\\\/#primaryimage\"},\"image\":{\"@id\":\"https:\\\/\\\/insektenliebe.com\\\/it\\\/shop\\\/prodotto\\\/hobby-muschio-di-sfagno\\\/#primaryimage\"},\"thumbnailUrl\":\"https:\\\/\\\/insektenliebe.com\\\/wp-content\\\/uploads\\\/2025\\\/05\\\/Hobby-Spaghnum-Moos-2.jpg\",\"datePublished\":\"2021-05-14T09:57:00+00:00\",\"dateModified\":\"2026-03-09T20:45:45+00:00\",\"description\":\"Hobby Sphagnum Moss - muschio naturale per terrari in mattoncini. Aumenta l'umidit\u00e0 ed \u00e8 ideale per le cassette e le piante umide.\",\"breadcrumb\":{\"@id\":\"https:\\\/\\\/insektenliebe.com\\\/it\\\/shop\\\/prodotto\\\/hobby-muschio-di-sfagno\\\/#breadcrumb\"},\"inLanguage\":\"it-IT\",\"potentialAction\":[{\"@type\":\"ReadAction\",\"target\":[\"https:\\\/\\\/insektenliebe.com\\\/it\\\/shop\\\/prodotto\\\/hobby-muschio-di-sfagno\\\/\"]}]},{\"@type\":\"ImageObject\",\"inLanguage\":\"it-IT\",\"@id\":\"https:\\\/\\\/insektenliebe.com\\\/it\\\/shop\\\/prodotto\\\/hobby-muschio-di-sfagno\\\/#primaryimage\",\"url\":\"https:\\\/\\\/insektenliebe.com\\\/wp-content\\\/uploads\\\/2025\\\/05\\\/Hobby-Spaghnum-Moos-2.jpg\",\"contentUrl\":\"https:\\\/\\\/insektenliebe.com\\\/wp-content\\\/uploads\\\/2025\\\/05\\\/Hobby-Spaghnum-Moos-2.jpg\",\"width\":820,\"height\":820,\"caption\":\"Hobby-Spaghnum-Moss-2.jpg\"},{\"@type\":\"BreadcrumbList\",\"@id\":\"https:\\\/\\\/insektenliebe.com\\\/it\\\/shop\\\/prodotto\\\/hobby-muschio-di-sfagno\\\/#breadcrumb\",\"itemListElement\":[{\"@type\":\"ListItem\",\"position\":1,\"name\":\"Startseite\",\"item\":\"https:\\\/\\\/insektenliebe.com\\\/it\\\/\"},{\"@type\":\"ListItem\",\"position\":2,\"name\":\"Negozio\",\"item\":\"https:\\\/\\\/insektenliebe.com\\\/it\\\/negozio\\\/\"},{\"@type\":\"ListItem\",\"position\":3,\"name\":\"Hobby Muschio di sfagno\"}]},{\"@type\":\"WebSite\",\"@id\":\"https:\\\/\\\/insektenliebe.com\\\/it\\\/#website\",\"url\":\"https:\\\/\\\/insektenliebe.com\\\/it\\\/\",\"name\":\"Insektenliebe\",\"description\":\"Dein Zuhause f\u00fcr die kleinen Lebewesen\",\"publisher\":{\"@id\":\"https:\\\/\\\/insektenliebe.com\\\/it\\\/#organization\"},\"potentialAction\":[{\"@type\":\"SearchAction\",\"target\":{\"@type\":\"EntryPoint\",\"urlTemplate\":\"https:\\\/\\\/insektenliebe.com\\\/it\\\/?s={search_term_string}\"},\"query-input\":{\"@type\":\"PropertyValueSpecification\",\"valueRequired\":true,\"valueName\":\"search_term_string\"}}],\"inLanguage\":\"it-IT\"},{\"@type\":\"Organization\",\"@id\":\"https:\\\/\\\/insektenliebe.com\\\/it\\\/#organization\",\"name\":\"Insektenliebe\",\"url\":\"https:\\\/\\\/insektenliebe.com\\\/it\\\/\",\"logo\":{\"@type\":\"ImageObject\",\"inLanguage\":\"it-IT\",\"@id\":\"https:\\\/\\\/insektenliebe.com\\\/it\\\/#\\\/schema\\\/logo\\\/image\\\/\",\"url\":\"https:\\\/\\\/insektenliebe.com\\\/wp-content\\\/uploads\\\/2025\\\/03\\\/logo-white.png\",\"contentUrl\":\"https:\\\/\\\/insektenliebe.com\\\/wp-content\\\/uploads\\\/2025\\\/03\\\/logo-white.png\",\"width\":288,\"height\":188,\"caption\":\"Insektenliebe\"},\"image\":{\"@id\":\"https:\\\/\\\/insektenliebe.com\\\/it\\\/#\\\/schema\\\/logo\\\/image\\\/\"}}]}<\/script>\n<!-- \/ Yoast SEO plugin. -->","yoast_head_json":{"title":"Hobby Muschio di sfagno - Insektenliebe","description":"Hobby Sphagnum Moss - muschio naturale per terrari in mattoncini. Aumenta l'umidit\u00e0 ed \u00e8 ideale per le cassette e le piante umide.","robots":{"index":"index","follow":"follow","max-snippet":"max-snippet:-1","max-image-preview":"max-image-preview:large","max-video-preview":"max-video-preview:-1"},"canonical":"https:\/\/insektenliebe.com\/it\/shop\/prodotto\/hobby-muschio-di-sfagno\/","og_locale":"it_IT","og_type":"article","og_title":"Hobby Muschio di sfagno - Insektenliebe","og_description":"Hobby Sphagnum Moss - muschio naturale per terrari in mattoncini. Aumenta l'umidit\u00e0 ed \u00e8 ideale per le cassette e le piante umide.","og_url":"https:\/\/insektenliebe.com\/it\/shop\/prodotto\/hobby-muschio-di-sfagno\/","og_site_name":"Insektenliebe","article_modified_time":"2026-03-09T20:45:45+00:00","og_image":[{"width":820,"height":820,"url":"https:\/\/insektenliebe.com\/wp-content\/uploads\/2025\/05\/Hobby-Spaghnum-Moos-2.jpg","type":"image\/jpeg"}],"twitter_card":"summary_large_image","twitter_misc":{"Tempo di lettura stimato":"2 minuto"},"schema":{"@context":"https:\/\/schema.org","@graph":[{"@type":"WebPage","@id":"https:\/\/insektenliebe.com\/it\/shop\/prodotto\/hobby-muschio-di-sfagno\/","url":"https:\/\/insektenliebe.com\/it\/shop\/prodotto\/hobby-muschio-di-sfagno\/","name":"Hobby Muschio di sfagno - Insektenliebe","isPartOf":{"@id":"https:\/\/insektenliebe.com\/it\/#website"},"primaryImageOfPage":{"@id":"https:\/\/insektenliebe.com\/it\/shop\/prodotto\/hobby-muschio-di-sfagno\/#primaryimage"},"image":{"@id":"https:\/\/insektenliebe.com\/it\/shop\/prodotto\/hobby-muschio-di-sfagno\/#primaryimage"},"thumbnailUrl":"https:\/\/insektenliebe.com\/wp-content\/uploads\/2025\/05\/Hobby-Spaghnum-Moos-2.jpg","datePublished":"2021-05-14T09:57:00+00:00","dateModified":"2026-03-09T20:45:45+00:00","description":"Hobby Sphagnum Moss - muschio naturale per terrari in mattoncini. Aumenta l'umidit\u00e0 ed \u00e8 ideale per le cassette e le piante umide.","breadcrumb":{"@id":"https:\/\/insektenliebe.com\/it\/shop\/prodotto\/hobby-muschio-di-sfagno\/#breadcrumb"},"inLanguage":"it-IT","potentialAction":[{"@type":"ReadAction","target":["https:\/\/insektenliebe.com\/it\/shop\/prodotto\/hobby-muschio-di-sfagno\/"]}]},{"@type":"ImageObject","inLanguage":"it-IT","@id":"https:\/\/insektenliebe.com\/it\/shop\/prodotto\/hobby-muschio-di-sfagno\/#primaryimage","url":"https:\/\/insektenliebe.com\/wp-content\/uploads\/2025\/05\/Hobby-Spaghnum-Moos-2.jpg","contentUrl":"https:\/\/insektenliebe.com\/wp-content\/uploads\/2025\/05\/Hobby-Spaghnum-Moos-2.jpg","width":820,"height":820,"caption":"Hobby-Spaghnum-Moss-2.jpg"},{"@type":"BreadcrumbList","@id":"https:\/\/insektenliebe.com\/it\/shop\/prodotto\/hobby-muschio-di-sfagno\/#breadcrumb","itemListElement":[{"@type":"ListItem","position":1,"name":"Startseite","item":"https:\/\/insektenliebe.com\/it\/"},{"@type":"ListItem","position":2,"name":"Negozio","item":"https:\/\/insektenliebe.com\/it\/negozio\/"},{"@type":"ListItem","position":3,"name":"Hobby Muschio di sfagno"}]},{"@type":"WebSite","@id":"https:\/\/insektenliebe.com\/it\/#website","url":"https:\/\/insektenliebe.com\/it\/","name":"Insektenliebe","description":"Dein Zuhause f\u00fcr die kleinen Lebewesen","publisher":{"@id":"https:\/\/insektenliebe.com\/it\/#organization"},"potentialAction":[{"@type":"SearchAction","target":{"@type":"EntryPoint","urlTemplate":"https:\/\/insektenliebe.com\/it\/?s={search_term_string}"},"query-input":{"@type":"PropertyValueSpecification","valueRequired":true,"valueName":"search_term_string"}}],"inLanguage":"it-IT"},{"@type":"Organization","@id":"https:\/\/insektenliebe.com\/it\/#organization","name":"Insektenliebe","url":"https:\/\/insektenliebe.com\/it\/","logo":{"@type":"ImageObject","inLanguage":"it-IT","@id":"https:\/\/insektenliebe.com\/it\/#\/schema\/logo\/image\/","url":"https:\/\/insektenliebe.com\/wp-content\/uploads\/2025\/03\/logo-white.png","contentUrl":"https:\/\/insektenliebe.com\/wp-content\/uploads\/2025\/03\/logo-white.png","width":288,"height":188,"caption":"Insektenliebe"},"image":{"@id":"https:\/\/insektenliebe.com\/it\/#\/schema\/logo\/image\/"}}]}},"_links":{"self":[{"href":"https:\/\/insektenliebe.com\/it\/wp-json\/wp\/v2\/product\/185127","targetHints":{"allow":["GET"]}}],"collection":[{"href":"https:\/\/insektenliebe.com\/it\/wp-json\/wp\/v2\/product"}],"about":[{"href":"https:\/\/insektenliebe.com\/it\/wp-json\/wp\/v2\/types\/product"}],"wp:featuredmedia":[{"embeddable":true,"href":"https:\/\/insektenliebe.com\/it\/wp-json\/wp\/v2\/media\/185131"}],"wp:attachment":[{"href":"https:\/\/insektenliebe.com\/it\/wp-json\/wp\/v2\/media?parent=185127"}],"wp:term":[{"taxonomy":"product-supplier","embeddable":true,"href":"https:\/\/insektenliebe.com\/it\/wp-json\/wp\/v2\/product-supplier?post=185127"},{"taxonomy":"product_brand","embeddable":true,"href":"https:\/\/insektenliebe.com\/it\/wp-json\/wp\/v2\/product_brand?post=185127"},{"taxonomy":"product_cat","embeddable":true,"href":"https:\/\/insektenliebe.com\/it\/wp-json\/wp\/v2\/product_cat?post=185127"},{"taxonomy":"product_tag","embeddable":true,"href":"https:\/\/insektenliebe.com\/it\/wp-json\/wp\/v2\/product_tag?post=185127"},{"taxonomy":"lce-checkout-addons","embeddable":true,"href":"https:\/\/insektenliebe.com\/it\/wp-json\/wp\/v2\/lce-checkout-addons?post=185127"}],"curies":[{"name":"wp","href":"https:\/\/api.w.org\/{rel}","templated":true}]}}