{"id":185098,"date":"2021-07-16T11:38:59","date_gmt":"2021-07-16T09:38:59","guid":{"rendered":"https:\/\/insektenliebe.com\/shop\/produkt\/isopoda-spec-thailandia-spinosa\/"},"modified":"2021-07-16T11:38:59","modified_gmt":"2021-07-16T09:38:59","slug":"isopoda-spec-thailandia-spinosa","status":"publish","type":"product","link":"https:\/\/insektenliebe.com\/it\/shop\/prodotto\/isopoda-spec-thailandia-spinosa\/","title":{"rendered":"Isopoda spec. \"Thailandia Spinosa\""},"content":{"rendered":"<h3><span style=\"color: #99cc33\">Breve descrizione:<\/span><\/h3>\n<p>L&#8217;Isopoda spec. \"Thailand Spiny\" \u00e8 originaria, tra l&#8217;altro, del sud della Thailandia. Tuttavia, la specie ha attraversato anche le montagne Sankarakhiri e si trova quindi anche in Malesia. In quest&#8217;area, il monsone si fa sentire e porta forti piogge tutto l&#8217;anno da maggio a ottobre sulla costa occidentale e da ottobre a dicembre sulla costa orientale.   <\/p>\n<p>L&#8217;Isopoda spec. \"Thailand Spiny\" si trova principalmente in prossimit\u00e0 di felci. Questo ci permette di trarre alcune conclusioni su come tenerli in terrario. A loro piace un ambiente un po&#8217; pi\u00f9 umido rispetto alle specie di Cubaris come Cubaris spec. \"Rubber Ducky\". Per questo motivo \u00e8 opportuno inserire nel terrario uno strato di drenaggio. A tale scopo, inserisci sul fondo uno strato di granuli di argilla o di ghiaia alto 2 cm. In questo modo si evita il ristagno dell&#8217;acqua nel substrato e la formazione di muffe nel terreno. Le piante che aspirano l&#8217;acqua in eccesso dal drenaggio si sono dimostrate efficaci.        <\/p>\n<p>Gli animali mangiano volentieri il fogliame e non sono schizzinosi quando si tratta di cibo. Amano utilizzare nascondigli che dimostrano anche il comportamento sociale dell&#8217;Isopoda spec. \"Tailandia spinosa\". I giovani isopodi rimangono quasi esclusivamente sotto le cure dei genitori e non corrono il rischio di abbandonare il nascondiglio sicuro e la protezione degli adulti.   <\/p>\n<p>Il loro aspetto spinoso li rende una specie di isopodi molto particolare. Anche l&#8217;intera struttura del corpo \u00e8 molto massiccia e appare piuttosto tozza. Pertanto, nonostante la lunghezza complessiva ridotta, sembra pi\u00f9 grande di quanto non sia in realt\u00e0. Quindi, se stai pensando a un isopode piccolo e minuscolo, ti sbagli di grosso con l&#8217;Isopoda spec. \"Spinosa della Thailandia\".    <\/p>\n<p>Se soddisfi i requisiti di umidit\u00e0, potrai divertirti molto con l&#8217;Isopoda spec. \"Thailand Spiny\". Gli animali possono essere allevati e puoi osservare il loro interessante comportamento sociale. Piantando delle piante nel terrario, potrai creare un bellissimo terrario della foresta pluviale che attirer\u00e0 l&#8217;attenzione in ogni stanza.   <\/p>\n<div><\/div>\n","protected":false},"excerpt":{"rendered":"<p>Attenzione, spiky!<\/p>\n","protected":false},"featured_media":185100,"template":"","meta":{"_acf_changed":false},"product-supplier":[],"product_brand":[],"product_cat":[2850,2788],"product_tag":[],"lce-checkout-addons":[2746],"class_list":{"0":"post-185098","1":"product","2":"type-product","3":"status-publish","4":"has-post-thumbnail","6":"product_cat-altri-isopodi-merulanella-ecc","7":"product_cat-woodlice","8":"product_shipping_class-spedizione-di-animali","9":"pa_herkunft-thailandia","10":"pa_kontinent-asia","11":"lce-checkout-addons-imballaggio-invernale","13":"first","14":"outofstock","15":"sale","16":"taxable","17":"shipping-taxable","18":"purchasable","19":"product-type-variable","20":"has-default-attributes"},"acf":[],"yoast_head":"<!-- This site is optimized with the Yoast SEO Premium plugin v26.8 (Yoast SEO v27.3) - https:\/\/yoast.com\/product\/yoast-seo-premium-wordpress\/ -->\n<title>Isopoda spec. &quot;Thailandia Spinosa&quot; - Insektenliebe<\/title>\n<meta name=\"description\" content=\"Acquista a buon mercato Isopoda spec. &quot;Thailand Spiny&quot; direttamente online. Acquista la prole di questa bellissima specie di isopode direttamente dall&#039;allevatore.\" \/>\n<meta name=\"robots\" content=\"index, follow, max-snippet:-1, max-image-preview:large, max-video-preview:-1\" \/>\n<link rel=\"canonical\" href=\"https:\/\/insektenliebe.com\/it\/shop\/prodotto\/isopoda-spec-thailandia-spinosa\/\" \/>\n<meta property=\"og:locale\" content=\"it_IT\" \/>\n<meta property=\"og:type\" content=\"article\" \/>\n<meta property=\"og:title\" content=\"Isopoda spec. &quot;Thailandia Spinosa&quot;\" \/>\n<meta property=\"og:description\" content=\"Acquista a buon mercato Isopoda spec. &quot;Thailand Spiny&quot; direttamente online. Acquista la prole di questa bellissima specie di isopode direttamente dall&#039;allevatore.\" \/>\n<meta property=\"og:url\" content=\"https:\/\/insektenliebe.com\/it\/shop\/prodotto\/isopoda-spec-thailandia-spinosa\/\" \/>\n<meta property=\"og:site_name\" content=\"Insektenliebe\" \/>\n<meta property=\"og:image\" content=\"https:\/\/insektenliebe.com\/wp-content\/uploads\/2025\/05\/Cubaris-spec.-22Thailand-Spiky22-2.jpg\" \/>\n\t<meta property=\"og:image:width\" content=\"820\" \/>\n\t<meta property=\"og:image:height\" content=\"820\" \/>\n\t<meta property=\"og:image:type\" content=\"image\/jpeg\" \/>\n<meta name=\"twitter:card\" content=\"summary_large_image\" \/>\n<meta name=\"twitter:label1\" content=\"Disponibilit\u00e0\" \/>\n\t<meta name=\"twitter:data1\" content=\"Esaurito\" \/>\n<script type=\"application\/ld+json\" class=\"yoast-schema-graph\">{\"@context\":\"https:\\\/\\\/schema.org\",\"@graph\":[{\"@type\":\"WebPage\",\"@id\":\"https:\\\/\\\/insektenliebe.com\\\/it\\\/shop\\\/prodotto\\\/isopoda-spec-thailandia-spinosa\\\/\",\"url\":\"https:\\\/\\\/insektenliebe.com\\\/it\\\/shop\\\/prodotto\\\/isopoda-spec-thailandia-spinosa\\\/\",\"name\":\"Isopoda spec. \\\"Thailandia Spinosa\\\" - Insektenliebe\",\"isPartOf\":{\"@id\":\"https:\\\/\\\/insektenliebe.com\\\/it\\\/#website\"},\"primaryImageOfPage\":{\"@id\":\"https:\\\/\\\/insektenliebe.com\\\/it\\\/shop\\\/prodotto\\\/isopoda-spec-thailandia-spinosa\\\/#primaryimage\"},\"image\":{\"@id\":\"https:\\\/\\\/insektenliebe.com\\\/it\\\/shop\\\/prodotto\\\/isopoda-spec-thailandia-spinosa\\\/#primaryimage\"},\"thumbnailUrl\":\"https:\\\/\\\/insektenliebe.com\\\/wp-content\\\/uploads\\\/2025\\\/05\\\/Cubaris-spec.-22Thailand-Spiky22-2.jpg\",\"datePublished\":\"2021-07-16T09:38:59+00:00\",\"description\":\"Acquista a buon mercato Isopoda spec. \\\"Thailand Spiny\\\" direttamente online. Acquista la prole di questa bellissima specie di isopode direttamente dall'allevatore.\",\"breadcrumb\":{\"@id\":\"https:\\\/\\\/insektenliebe.com\\\/it\\\/shop\\\/prodotto\\\/isopoda-spec-thailandia-spinosa\\\/#breadcrumb\"},\"inLanguage\":\"it-IT\",\"potentialAction\":[{\"@type\":\"ReadAction\",\"target\":[\"https:\\\/\\\/insektenliebe.com\\\/it\\\/shop\\\/prodotto\\\/isopoda-spec-thailandia-spinosa\\\/\"]}]},{\"@type\":\"ImageObject\",\"inLanguage\":\"it-IT\",\"@id\":\"https:\\\/\\\/insektenliebe.com\\\/it\\\/shop\\\/prodotto\\\/isopoda-spec-thailandia-spinosa\\\/#primaryimage\",\"url\":\"https:\\\/\\\/insektenliebe.com\\\/wp-content\\\/uploads\\\/2025\\\/05\\\/Cubaris-spec.-22Thailand-Spiky22-2.jpg\",\"contentUrl\":\"https:\\\/\\\/insektenliebe.com\\\/wp-content\\\/uploads\\\/2025\\\/05\\\/Cubaris-spec.-22Thailand-Spiky22-2.jpg\",\"width\":820,\"height\":820,\"caption\":\"Cubaris-spec.-22Thailandia-Spiky22-2.jpg\"},{\"@type\":\"BreadcrumbList\",\"@id\":\"https:\\\/\\\/insektenliebe.com\\\/it\\\/shop\\\/prodotto\\\/isopoda-spec-thailandia-spinosa\\\/#breadcrumb\",\"itemListElement\":[{\"@type\":\"ListItem\",\"position\":1,\"name\":\"Startseite\",\"item\":\"https:\\\/\\\/insektenliebe.com\\\/it\\\/\"},{\"@type\":\"ListItem\",\"position\":2,\"name\":\"Negozio\",\"item\":\"https:\\\/\\\/insektenliebe.com\\\/it\\\/negozio\\\/\"},{\"@type\":\"ListItem\",\"position\":3,\"name\":\"Isopoda spec. &#8220;Thailandia Spinosa&#8221;\"}]},{\"@type\":\"WebSite\",\"@id\":\"https:\\\/\\\/insektenliebe.com\\\/it\\\/#website\",\"url\":\"https:\\\/\\\/insektenliebe.com\\\/it\\\/\",\"name\":\"Insektenliebe\",\"description\":\"Dein Zuhause f\u00fcr die kleinen Lebewesen\",\"publisher\":{\"@id\":\"https:\\\/\\\/insektenliebe.com\\\/it\\\/#organization\"},\"potentialAction\":[{\"@type\":\"SearchAction\",\"target\":{\"@type\":\"EntryPoint\",\"urlTemplate\":\"https:\\\/\\\/insektenliebe.com\\\/it\\\/?s={search_term_string}\"},\"query-input\":{\"@type\":\"PropertyValueSpecification\",\"valueRequired\":true,\"valueName\":\"search_term_string\"}}],\"inLanguage\":\"it-IT\"},{\"@type\":\"Organization\",\"@id\":\"https:\\\/\\\/insektenliebe.com\\\/it\\\/#organization\",\"name\":\"Insektenliebe\",\"url\":\"https:\\\/\\\/insektenliebe.com\\\/it\\\/\",\"logo\":{\"@type\":\"ImageObject\",\"inLanguage\":\"it-IT\",\"@id\":\"https:\\\/\\\/insektenliebe.com\\\/it\\\/#\\\/schema\\\/logo\\\/image\\\/\",\"url\":\"https:\\\/\\\/insektenliebe.com\\\/wp-content\\\/uploads\\\/2025\\\/03\\\/logo-white.png\",\"contentUrl\":\"https:\\\/\\\/insektenliebe.com\\\/wp-content\\\/uploads\\\/2025\\\/03\\\/logo-white.png\",\"width\":288,\"height\":188,\"caption\":\"Insektenliebe\"},\"image\":{\"@id\":\"https:\\\/\\\/insektenliebe.com\\\/it\\\/#\\\/schema\\\/logo\\\/image\\\/\"}}]}<\/script>\n<meta property=\"og:availability\" content=\"out of stock\" \/>\n<meta property=\"product:availability\" content=\"out of stock\" \/>\n<meta property=\"product:retailer_item_id\" content=\"335\" \/>\n<meta property=\"product:condition\" content=\"new\" \/>\n<!-- \/ Yoast SEO Premium plugin. -->","yoast_head_json":{"title":"Isopoda spec. \"Thailandia Spinosa\" - Insektenliebe","description":"Acquista a buon mercato Isopoda spec. \"Thailand Spiny\" direttamente online. Acquista la prole di questa bellissima specie di isopode direttamente dall'allevatore.","robots":{"index":"index","follow":"follow","max-snippet":"max-snippet:-1","max-image-preview":"max-image-preview:large","max-video-preview":"max-video-preview:-1"},"canonical":"https:\/\/insektenliebe.com\/it\/shop\/prodotto\/isopoda-spec-thailandia-spinosa\/","og_locale":"it_IT","og_type":"article","og_title":"Isopoda spec. \"Thailandia Spinosa\"","og_description":"Acquista a buon mercato Isopoda spec. \"Thailand Spiny\" direttamente online. Acquista la prole di questa bellissima specie di isopode direttamente dall'allevatore.","og_url":"https:\/\/insektenliebe.com\/it\/shop\/prodotto\/isopoda-spec-thailandia-spinosa\/","og_site_name":"Insektenliebe","og_image":[{"width":820,"height":820,"url":"https:\/\/insektenliebe.com\/wp-content\/uploads\/2025\/05\/Cubaris-spec.-22Thailand-Spiky22-2.jpg","type":"image\/jpeg"}],"twitter_card":"summary_large_image","twitter_misc":{"Disponibilit\u00e0":"Esaurito"},"schema":{"@context":"https:\/\/schema.org","@graph":[{"@type":"WebPage","@id":"https:\/\/insektenliebe.com\/it\/shop\/prodotto\/isopoda-spec-thailandia-spinosa\/","url":"https:\/\/insektenliebe.com\/it\/shop\/prodotto\/isopoda-spec-thailandia-spinosa\/","name":"Isopoda spec. \"Thailandia Spinosa\" - Insektenliebe","isPartOf":{"@id":"https:\/\/insektenliebe.com\/it\/#website"},"primaryImageOfPage":{"@id":"https:\/\/insektenliebe.com\/it\/shop\/prodotto\/isopoda-spec-thailandia-spinosa\/#primaryimage"},"image":{"@id":"https:\/\/insektenliebe.com\/it\/shop\/prodotto\/isopoda-spec-thailandia-spinosa\/#primaryimage"},"thumbnailUrl":"https:\/\/insektenliebe.com\/wp-content\/uploads\/2025\/05\/Cubaris-spec.-22Thailand-Spiky22-2.jpg","datePublished":"2021-07-16T09:38:59+00:00","description":"Acquista a buon mercato Isopoda spec. \"Thailand Spiny\" direttamente online. Acquista la prole di questa bellissima specie di isopode direttamente dall'allevatore.","breadcrumb":{"@id":"https:\/\/insektenliebe.com\/it\/shop\/prodotto\/isopoda-spec-thailandia-spinosa\/#breadcrumb"},"inLanguage":"it-IT","potentialAction":[{"@type":"ReadAction","target":["https:\/\/insektenliebe.com\/it\/shop\/prodotto\/isopoda-spec-thailandia-spinosa\/"]}]},{"@type":"ImageObject","inLanguage":"it-IT","@id":"https:\/\/insektenliebe.com\/it\/shop\/prodotto\/isopoda-spec-thailandia-spinosa\/#primaryimage","url":"https:\/\/insektenliebe.com\/wp-content\/uploads\/2025\/05\/Cubaris-spec.-22Thailand-Spiky22-2.jpg","contentUrl":"https:\/\/insektenliebe.com\/wp-content\/uploads\/2025\/05\/Cubaris-spec.-22Thailand-Spiky22-2.jpg","width":820,"height":820,"caption":"Cubaris-spec.-22Thailandia-Spiky22-2.jpg"},{"@type":"BreadcrumbList","@id":"https:\/\/insektenliebe.com\/it\/shop\/prodotto\/isopoda-spec-thailandia-spinosa\/#breadcrumb","itemListElement":[{"@type":"ListItem","position":1,"name":"Startseite","item":"https:\/\/insektenliebe.com\/it\/"},{"@type":"ListItem","position":2,"name":"Negozio","item":"https:\/\/insektenliebe.com\/it\/negozio\/"},{"@type":"ListItem","position":3,"name":"Isopoda spec. &#8220;Thailandia Spinosa&#8221;"}]},{"@type":"WebSite","@id":"https:\/\/insektenliebe.com\/it\/#website","url":"https:\/\/insektenliebe.com\/it\/","name":"Insektenliebe","description":"Dein Zuhause f\u00fcr die kleinen Lebewesen","publisher":{"@id":"https:\/\/insektenliebe.com\/it\/#organization"},"potentialAction":[{"@type":"SearchAction","target":{"@type":"EntryPoint","urlTemplate":"https:\/\/insektenliebe.com\/it\/?s={search_term_string}"},"query-input":{"@type":"PropertyValueSpecification","valueRequired":true,"valueName":"search_term_string"}}],"inLanguage":"it-IT"},{"@type":"Organization","@id":"https:\/\/insektenliebe.com\/it\/#organization","name":"Insektenliebe","url":"https:\/\/insektenliebe.com\/it\/","logo":{"@type":"ImageObject","inLanguage":"it-IT","@id":"https:\/\/insektenliebe.com\/it\/#\/schema\/logo\/image\/","url":"https:\/\/insektenliebe.com\/wp-content\/uploads\/2025\/03\/logo-white.png","contentUrl":"https:\/\/insektenliebe.com\/wp-content\/uploads\/2025\/03\/logo-white.png","width":288,"height":188,"caption":"Insektenliebe"},"image":{"@id":"https:\/\/insektenliebe.com\/it\/#\/schema\/logo\/image\/"}}]},"og_availability":"out of stock","product_availability":"out of stock","product_retailer_item_id":"335","product_condition":"new"},"_links":{"self":[{"href":"https:\/\/insektenliebe.com\/it\/wp-json\/wp\/v2\/product\/185098","targetHints":{"allow":["GET"]}}],"collection":[{"href":"https:\/\/insektenliebe.com\/it\/wp-json\/wp\/v2\/product"}],"about":[{"href":"https:\/\/insektenliebe.com\/it\/wp-json\/wp\/v2\/types\/product"}],"wp:featuredmedia":[{"embeddable":true,"href":"https:\/\/insektenliebe.com\/it\/wp-json\/wp\/v2\/media\/185100"}],"wp:attachment":[{"href":"https:\/\/insektenliebe.com\/it\/wp-json\/wp\/v2\/media?parent=185098"}],"wp:term":[{"taxonomy":"product-supplier","embeddable":true,"href":"https:\/\/insektenliebe.com\/it\/wp-json\/wp\/v2\/product-supplier?post=185098"},{"taxonomy":"product_brand","embeddable":true,"href":"https:\/\/insektenliebe.com\/it\/wp-json\/wp\/v2\/product_brand?post=185098"},{"taxonomy":"product_cat","embeddable":true,"href":"https:\/\/insektenliebe.com\/it\/wp-json\/wp\/v2\/product_cat?post=185098"},{"taxonomy":"product_tag","embeddable":true,"href":"https:\/\/insektenliebe.com\/it\/wp-json\/wp\/v2\/product_tag?post=185098"},{"taxonomy":"lce-checkout-addons","embeddable":true,"href":"https:\/\/insektenliebe.com\/it\/wp-json\/wp\/v2\/lce-checkout-addons?post=185098"}],"curies":[{"name":"wp","href":"https:\/\/api.w.org\/{rel}","templated":true}]}}