{"id":185084,"date":"2021-08-22T13:00:25","date_gmt":"2021-08-22T11:00:25","guid":{"rendered":"https:\/\/insektenliebe.com\/shop\/produkt\/caribena-versicolor\/"},"modified":"2026-03-12T19:38:19","modified_gmt":"2026-03-12T18:38:19","slug":"caribena-versicolor","status":"publish","type":"product","link":"https:\/\/insektenliebe.com\/it\/shop\/prodotto\/caribena-versicolor\/","title":{"rendered":"Caribena versicolor"},"content":{"rendered":"<h3 class=\"p1\"><span style=\"color: #99cc33;\"><strong><span class=\"s1\">Caribena versicolor - la coloratissima tarantola ornata della Martinica<\/span><\/strong><\/span><\/h3>\n<p><strong>La Caribena versicolor<\/strong> \u00e8 senza dubbio una delle tarantole pi\u00f9 colorate del mondo. La specie \u00e8 stata identificata di recente e in precedenza era conosciuta come Avicularia versicolor. Nei paesi di lingua tedesca \u00e8 conosciuta anche come \"tarantola della Martinica\" per via della sua origine.  <\/p>\n<p>Questa specie, relativamente piccola, cresce in tempi relativamente brevi e dopo due anni o due anni e mezzo \u00e8 gi\u00e0 adulta. Nel corso del processo cambia anche il suo aspetto. Con il tempo, i ragnetti blu metallico si trasformano in bellezze di colore turchese, rosso e viola.  <\/p>\n<p>Affinch\u00e9 tu possa sperimentare questo sviluppo senza sorprese negative, devi tenere a mente alcuni accorgimenti. Gli animali hanno bisogno di gocce d&#8217;acqua ogni due giorni per assorbire l&#8217;acqua. Pertanto, dovresti spruzzare regolarmente un po&#8217; d&#8217;acqua in un angolo del contenitore. Tuttavia, bisogna fare attenzione perch\u00e9 <strong>la Caribena versicolor<\/strong> non tollera assolutamente i ristagni d&#8217;acqua. La soluzione migliore \u00e8 un contenitore con una buona circolazione dell&#8217;aria e un substrato in grado di assorbire bene l&#8217;umidit\u00e0. Noi utilizziamo una miscela di humus forestale e muschio di spaghnum in un rapporto di 3:1.     <\/p>\n<p>Per un <strong>Caribena versicolor<\/strong> adulto \u00e8 consigliato un terrario di 20 \u00d7 20 \u00d7 30 cm. Il nostro set completo di ragni saltatori \u00e8 quindi perfetto anche per questa specie. Gli animali accettano volentieri rami o corteccia di sughero posizionati in diagonale nel terrario per costruirvi la loro casa. Non sono schizzinosi quando si tratta di cibo. Accettano tutto ci\u00f2 che corrisponde alle loro dimensioni. Tuttavia, qualsiasi avanzo di cibo deve essere rimosso immediatamente. La Caribena versicolor \u00e8 una specie molto pacifica e tranquilla, consigliata anche ai principianti.     <\/p>\n<p class=\"p1\"><strong>Nota sull&#8217;obbligo di rendicontazione:<\/strong><b><\/b><\/p>\n<p class=\"p1\">Questa specie di tarantola \u00e8 soggetta a registrazione obbligatoria. La legge richiede una prova di origine per questo animale. Se ordini da noi una specie soggetta a registrazione, riceverai automaticamente un link per scaricare il relativo certificato con la conferma dell&#8217;ordine. In questo modo avrai subito a portata di mano tutti i documenti necessari e potrai conservarli in formato digitale o stampato.   <\/p>\n","protected":false},"excerpt":{"rendered":"<p>Caribena versicolor - la coloratissima tarantola ornata della Martinica La Caribena versicolor \u00e8 senza dubbio una delle tarantole pi\u00f9 colorate del mondo. La specie \u00e8 stata identificata di recente e in precedenza era conosciuta come Avicularia versicolor. Nei paesi di lingua tedesca \u00e8 conosciuta anche come \"tarantola della Martinica\" per via della sua origine. Questa [&hellip;]<\/p>\n","protected":false},"featured_media":185085,"template":"","meta":{"_acf_changed":false},"product-supplier":[],"product_brand":[],"product_cat":[2809,3004],"product_tag":[],"lce-checkout-addons":[2746],"class_list":{"0":"post-185084","1":"product","2":"type-product","3":"status-publish","4":"has-post-thumbnail","6":"product_cat-ragni","7":"product_cat-tarantole","8":"product_shipping_class-spedizione-di-animali","9":"pa_geschlecht-donna","10":"pa_geschlecht-indeterminato","11":"pa_geschlecht-uomo","12":"pa_herkunft-martinica","13":"pa_kontinent-nord-america","14":"lce-checkout-addons-imballaggio-invernale","16":"first","17":"outofstock","18":"taxable","19":"shipping-taxable","20":"purchasable","21":"product-type-variable"},"acf":[],"yoast_head":"<!-- This site is optimized with the Yoast SEO Premium plugin v26.8 (Yoast SEO v27.3) - https:\/\/yoast.com\/product\/yoast-seo-premium-wordpress\/ -->\n<title>Caribena versicolor - Insektenliebe<\/title>\n<meta name=\"description\" content=\"Acquista a buon mercato Caribena versicolor direttamente online! Una delle tarantole arboricole pi\u00f9 belle del mondo! Compra direttamente dall&#039;allevatore!\" \/>\n<meta name=\"robots\" content=\"index, follow, max-snippet:-1, max-image-preview:large, max-video-preview:-1\" \/>\n<link rel=\"canonical\" href=\"https:\/\/insektenliebe.com\/it\/shop\/prodotto\/caribena-versicolor\/\" \/>\n<meta property=\"og:locale\" content=\"it_IT\" \/>\n<meta property=\"og:type\" content=\"article\" \/>\n<meta property=\"og:title\" content=\"Caribena versicolor\" \/>\n<meta property=\"og:description\" content=\"Acquista a buon mercato Caribena versicolor direttamente online! Una delle tarantole arboricole pi\u00f9 belle del mondo! Compra direttamente dall&#039;allevatore!\" \/>\n<meta property=\"og:url\" content=\"https:\/\/insektenliebe.com\/it\/shop\/prodotto\/caribena-versicolor\/\" \/>\n<meta property=\"og:site_name\" content=\"Insektenliebe\" \/>\n<meta property=\"article:modified_time\" content=\"2026-03-12T18:38:19+00:00\" \/>\n<meta property=\"og:image\" content=\"https:\/\/insektenliebe.com\/wp-content\/uploads\/2025\/05\/Caribena-versicolor-2.jpg\" \/>\n\t<meta property=\"og:image:width\" content=\"820\" \/>\n\t<meta property=\"og:image:height\" content=\"820\" \/>\n\t<meta property=\"og:image:type\" content=\"image\/jpeg\" \/>\n<meta name=\"twitter:card\" content=\"summary_large_image\" \/>\n<meta name=\"twitter:label1\" content=\"Disponibilit\u00e0\" \/>\n\t<meta name=\"twitter:data1\" content=\"Esaurito\" \/>\n<script type=\"application\/ld+json\" class=\"yoast-schema-graph\">{\"@context\":\"https:\\\/\\\/schema.org\",\"@graph\":[{\"@type\":\"WebPage\",\"@id\":\"https:\\\/\\\/insektenliebe.com\\\/it\\\/shop\\\/prodotto\\\/caribena-versicolor\\\/\",\"url\":\"https:\\\/\\\/insektenliebe.com\\\/it\\\/shop\\\/prodotto\\\/caribena-versicolor\\\/\",\"name\":\"Caribena versicolor - Insektenliebe\",\"isPartOf\":{\"@id\":\"https:\\\/\\\/insektenliebe.com\\\/it\\\/#website\"},\"primaryImageOfPage\":{\"@id\":\"https:\\\/\\\/insektenliebe.com\\\/it\\\/shop\\\/prodotto\\\/caribena-versicolor\\\/#primaryimage\"},\"image\":{\"@id\":\"https:\\\/\\\/insektenliebe.com\\\/it\\\/shop\\\/prodotto\\\/caribena-versicolor\\\/#primaryimage\"},\"thumbnailUrl\":\"https:\\\/\\\/insektenliebe.com\\\/wp-content\\\/uploads\\\/2025\\\/05\\\/Caribena-versicolor-2.jpg\",\"datePublished\":\"2021-08-22T11:00:25+00:00\",\"dateModified\":\"2026-03-12T18:38:19+00:00\",\"description\":\"Acquista a buon mercato Caribena versicolor direttamente online! Una delle tarantole arboricole pi\u00f9 belle del mondo! Compra direttamente dall'allevatore!\",\"breadcrumb\":{\"@id\":\"https:\\\/\\\/insektenliebe.com\\\/it\\\/shop\\\/prodotto\\\/caribena-versicolor\\\/#breadcrumb\"},\"inLanguage\":\"it-IT\",\"potentialAction\":[{\"@type\":\"ReadAction\",\"target\":[\"https:\\\/\\\/insektenliebe.com\\\/it\\\/shop\\\/prodotto\\\/caribena-versicolor\\\/\"]}]},{\"@type\":\"ImageObject\",\"inLanguage\":\"it-IT\",\"@id\":\"https:\\\/\\\/insektenliebe.com\\\/it\\\/shop\\\/prodotto\\\/caribena-versicolor\\\/#primaryimage\",\"url\":\"https:\\\/\\\/insektenliebe.com\\\/wp-content\\\/uploads\\\/2025\\\/05\\\/Caribena-versicolor-2.jpg\",\"contentUrl\":\"https:\\\/\\\/insektenliebe.com\\\/wp-content\\\/uploads\\\/2025\\\/05\\\/Caribena-versicolor-2.jpg\",\"width\":820,\"height\":820,\"caption\":\"Caribena-versicolor-2.jpg\"},{\"@type\":\"BreadcrumbList\",\"@id\":\"https:\\\/\\\/insektenliebe.com\\\/it\\\/shop\\\/prodotto\\\/caribena-versicolor\\\/#breadcrumb\",\"itemListElement\":[{\"@type\":\"ListItem\",\"position\":1,\"name\":\"Startseite\",\"item\":\"https:\\\/\\\/insektenliebe.com\\\/it\\\/\"},{\"@type\":\"ListItem\",\"position\":2,\"name\":\"Negozio\",\"item\":\"https:\\\/\\\/insektenliebe.com\\\/it\\\/negozio\\\/\"},{\"@type\":\"ListItem\",\"position\":3,\"name\":\"Caribena versicolor\"}]},{\"@type\":\"WebSite\",\"@id\":\"https:\\\/\\\/insektenliebe.com\\\/it\\\/#website\",\"url\":\"https:\\\/\\\/insektenliebe.com\\\/it\\\/\",\"name\":\"Insektenliebe\",\"description\":\"Dein Zuhause f\u00fcr die kleinen Lebewesen\",\"publisher\":{\"@id\":\"https:\\\/\\\/insektenliebe.com\\\/it\\\/#organization\"},\"potentialAction\":[{\"@type\":\"SearchAction\",\"target\":{\"@type\":\"EntryPoint\",\"urlTemplate\":\"https:\\\/\\\/insektenliebe.com\\\/it\\\/?s={search_term_string}\"},\"query-input\":{\"@type\":\"PropertyValueSpecification\",\"valueRequired\":true,\"valueName\":\"search_term_string\"}}],\"inLanguage\":\"it-IT\"},{\"@type\":\"Organization\",\"@id\":\"https:\\\/\\\/insektenliebe.com\\\/it\\\/#organization\",\"name\":\"Insektenliebe\",\"url\":\"https:\\\/\\\/insektenliebe.com\\\/it\\\/\",\"logo\":{\"@type\":\"ImageObject\",\"inLanguage\":\"it-IT\",\"@id\":\"https:\\\/\\\/insektenliebe.com\\\/it\\\/#\\\/schema\\\/logo\\\/image\\\/\",\"url\":\"https:\\\/\\\/insektenliebe.com\\\/wp-content\\\/uploads\\\/2025\\\/03\\\/logo-white.png\",\"contentUrl\":\"https:\\\/\\\/insektenliebe.com\\\/wp-content\\\/uploads\\\/2025\\\/03\\\/logo-white.png\",\"width\":288,\"height\":188,\"caption\":\"Insektenliebe\"},\"image\":{\"@id\":\"https:\\\/\\\/insektenliebe.com\\\/it\\\/#\\\/schema\\\/logo\\\/image\\\/\"}}]}<\/script>\n<meta property=\"og:availability\" content=\"out of stock\" \/>\n<meta property=\"product:availability\" content=\"out of stock\" \/>\n<meta property=\"product:retailer_item_id\" content=\"350\" \/>\n<meta property=\"product:condition\" content=\"new\" \/>\n<!-- \/ Yoast SEO Premium plugin. -->","yoast_head_json":{"title":"Caribena versicolor - Insektenliebe","description":"Acquista a buon mercato Caribena versicolor direttamente online! Una delle tarantole arboricole pi\u00f9 belle del mondo! Compra direttamente dall'allevatore!","robots":{"index":"index","follow":"follow","max-snippet":"max-snippet:-1","max-image-preview":"max-image-preview:large","max-video-preview":"max-video-preview:-1"},"canonical":"https:\/\/insektenliebe.com\/it\/shop\/prodotto\/caribena-versicolor\/","og_locale":"it_IT","og_type":"article","og_title":"Caribena versicolor","og_description":"Acquista a buon mercato Caribena versicolor direttamente online! Una delle tarantole arboricole pi\u00f9 belle del mondo! Compra direttamente dall'allevatore!","og_url":"https:\/\/insektenliebe.com\/it\/shop\/prodotto\/caribena-versicolor\/","og_site_name":"Insektenliebe","article_modified_time":"2026-03-12T18:38:19+00:00","og_image":[{"width":820,"height":820,"url":"https:\/\/insektenliebe.com\/wp-content\/uploads\/2025\/05\/Caribena-versicolor-2.jpg","type":"image\/jpeg"}],"twitter_card":"summary_large_image","twitter_misc":{"Disponibilit\u00e0":"Esaurito"},"schema":{"@context":"https:\/\/schema.org","@graph":[{"@type":"WebPage","@id":"https:\/\/insektenliebe.com\/it\/shop\/prodotto\/caribena-versicolor\/","url":"https:\/\/insektenliebe.com\/it\/shop\/prodotto\/caribena-versicolor\/","name":"Caribena versicolor - Insektenliebe","isPartOf":{"@id":"https:\/\/insektenliebe.com\/it\/#website"},"primaryImageOfPage":{"@id":"https:\/\/insektenliebe.com\/it\/shop\/prodotto\/caribena-versicolor\/#primaryimage"},"image":{"@id":"https:\/\/insektenliebe.com\/it\/shop\/prodotto\/caribena-versicolor\/#primaryimage"},"thumbnailUrl":"https:\/\/insektenliebe.com\/wp-content\/uploads\/2025\/05\/Caribena-versicolor-2.jpg","datePublished":"2021-08-22T11:00:25+00:00","dateModified":"2026-03-12T18:38:19+00:00","description":"Acquista a buon mercato Caribena versicolor direttamente online! Una delle tarantole arboricole pi\u00f9 belle del mondo! Compra direttamente dall'allevatore!","breadcrumb":{"@id":"https:\/\/insektenliebe.com\/it\/shop\/prodotto\/caribena-versicolor\/#breadcrumb"},"inLanguage":"it-IT","potentialAction":[{"@type":"ReadAction","target":["https:\/\/insektenliebe.com\/it\/shop\/prodotto\/caribena-versicolor\/"]}]},{"@type":"ImageObject","inLanguage":"it-IT","@id":"https:\/\/insektenliebe.com\/it\/shop\/prodotto\/caribena-versicolor\/#primaryimage","url":"https:\/\/insektenliebe.com\/wp-content\/uploads\/2025\/05\/Caribena-versicolor-2.jpg","contentUrl":"https:\/\/insektenliebe.com\/wp-content\/uploads\/2025\/05\/Caribena-versicolor-2.jpg","width":820,"height":820,"caption":"Caribena-versicolor-2.jpg"},{"@type":"BreadcrumbList","@id":"https:\/\/insektenliebe.com\/it\/shop\/prodotto\/caribena-versicolor\/#breadcrumb","itemListElement":[{"@type":"ListItem","position":1,"name":"Startseite","item":"https:\/\/insektenliebe.com\/it\/"},{"@type":"ListItem","position":2,"name":"Negozio","item":"https:\/\/insektenliebe.com\/it\/negozio\/"},{"@type":"ListItem","position":3,"name":"Caribena versicolor"}]},{"@type":"WebSite","@id":"https:\/\/insektenliebe.com\/it\/#website","url":"https:\/\/insektenliebe.com\/it\/","name":"Insektenliebe","description":"Dein Zuhause f\u00fcr die kleinen Lebewesen","publisher":{"@id":"https:\/\/insektenliebe.com\/it\/#organization"},"potentialAction":[{"@type":"SearchAction","target":{"@type":"EntryPoint","urlTemplate":"https:\/\/insektenliebe.com\/it\/?s={search_term_string}"},"query-input":{"@type":"PropertyValueSpecification","valueRequired":true,"valueName":"search_term_string"}}],"inLanguage":"it-IT"},{"@type":"Organization","@id":"https:\/\/insektenliebe.com\/it\/#organization","name":"Insektenliebe","url":"https:\/\/insektenliebe.com\/it\/","logo":{"@type":"ImageObject","inLanguage":"it-IT","@id":"https:\/\/insektenliebe.com\/it\/#\/schema\/logo\/image\/","url":"https:\/\/insektenliebe.com\/wp-content\/uploads\/2025\/03\/logo-white.png","contentUrl":"https:\/\/insektenliebe.com\/wp-content\/uploads\/2025\/03\/logo-white.png","width":288,"height":188,"caption":"Insektenliebe"},"image":{"@id":"https:\/\/insektenliebe.com\/it\/#\/schema\/logo\/image\/"}}]},"og_availability":"out of stock","product_availability":"out of stock","product_retailer_item_id":"350","product_condition":"new"},"_links":{"self":[{"href":"https:\/\/insektenliebe.com\/it\/wp-json\/wp\/v2\/product\/185084","targetHints":{"allow":["GET"]}}],"collection":[{"href":"https:\/\/insektenliebe.com\/it\/wp-json\/wp\/v2\/product"}],"about":[{"href":"https:\/\/insektenliebe.com\/it\/wp-json\/wp\/v2\/types\/product"}],"wp:featuredmedia":[{"embeddable":true,"href":"https:\/\/insektenliebe.com\/it\/wp-json\/wp\/v2\/media\/185085"}],"wp:attachment":[{"href":"https:\/\/insektenliebe.com\/it\/wp-json\/wp\/v2\/media?parent=185084"}],"wp:term":[{"taxonomy":"product-supplier","embeddable":true,"href":"https:\/\/insektenliebe.com\/it\/wp-json\/wp\/v2\/product-supplier?post=185084"},{"taxonomy":"product_brand","embeddable":true,"href":"https:\/\/insektenliebe.com\/it\/wp-json\/wp\/v2\/product_brand?post=185084"},{"taxonomy":"product_cat","embeddable":true,"href":"https:\/\/insektenliebe.com\/it\/wp-json\/wp\/v2\/product_cat?post=185084"},{"taxonomy":"product_tag","embeddable":true,"href":"https:\/\/insektenliebe.com\/it\/wp-json\/wp\/v2\/product_tag?post=185084"},{"taxonomy":"lce-checkout-addons","embeddable":true,"href":"https:\/\/insektenliebe.com\/it\/wp-json\/wp\/v2\/lce-checkout-addons?post=185084"}],"curies":[{"name":"wp","href":"https:\/\/api.w.org\/{rel}","templated":true}]}}