{"id":185057,"date":"2021-10-01T15:22:46","date_gmt":"2021-10-01T13:22:46","guid":{"rendered":"https:\/\/insektenliebe.com\/shop\/produkt\/euphrynichus-bacillifer-ragno-flagello\/"},"modified":"2021-10-01T15:22:46","modified_gmt":"2021-10-01T13:22:46","slug":"euphrynichus-bacillifer-ragno-flagello","status":"publish","type":"product","link":"https:\/\/insektenliebe.com\/it\/shop\/prodotto\/euphrynichus-bacillifer-ragno-flagello\/","title":{"rendered":"Euphrynichus bacillifer \"ragno flagello\""},"content":{"rendered":"<h3><span style=\"color: #99cc33\">Breve descrizione Euphrynichus bacillifer \"ragno flagello\":<\/span><\/h3>\n<p>L<strong>&#8216;Euphrynichus bacillifer \"ragno del flagello\"<\/strong> proviene da un&#8217;area di distribuzione relativamente ampia tra l&#8217;Africa centrale e il Sudafrica. Aree di origine ampie e piuttosto diverse significano anche che gli animali possono adattarsi in qualche modo alle condizioni del terrario. Naturalmente, questo non significa un&#8217;inversione di 90 gradi nelle esigenze di mantenimento, ma possono certamente tollerare alcune fluttuazioni.  <\/p>\n<p>Tipico dei ragni flagellati, l&#8217;Euphrynichus<strong>bacillifer<\/strong> ha anche un corpo relativamente piatto. Questo gli permette di infilarsi in ogni fessura ed \u00e8 proprio quello che gli piace fare. \u00c8 affascinante vedere questa specie notturna di ragno flagellato che scruta l&#8217;ambiente circostante con i suoi flagelli e si muove lateralmente. Dovresti anche assicurarti che abbiano abbastanza spazio nel terrario in modo da potersi muovere liberamente. La superficie di calpestio pu\u00f2 essere aumentata con strati di corteccia di sughero o pietre laviche ammassate. Queste ultime, inoltre, immagazzinano bene l&#8217;umidit\u00e0 e la rilasciano lentamente nell&#8217;ambiente. Gli animali devono essere tenuti a 28-30 \u00b0C e a un&#8217;umidit\u00e0 costantemente elevata (80-95%). \u00c8 anche opportuno offrire un piatto d&#8217;acqua poco profondo con delle pietre, poich\u00e9 abbiamo spesso osservato che gli animali le accettano e bevono.       <\/p>\n<p>Come substrato utilizziamo una miscela di humus forestale, legno bianco marcio e foglie. L&#8217;abbiamo inoculata con code di primavera e allo stesso tempo utilizziamo Porcellionides pruinosus (isopodi cubani) come polizia del suolo e fonte di cibo. Questa specie di isopodi dal guscio molle viene accettata molto bene dal <strong>\"ragno flagello\" Euphrynichus bacillifer<\/strong> e si crea una sorta di simbiosi autosufficiente nel terrario.  <\/p>\n<p>L<strong>&#8216;Euphrynichus bacillifer \"ragno flagello\"<\/strong> \u00e8 molto sociale e non abbiamo mai visto un caso di cannibalismo, quindi gli animali possono essere tenuti molto bene in gruppo. Non appena vengono allevati entrambi i sessi, la prole viene automaticamente prodotta. I piccoli rimangono sul dorso delle femmine fino alla prima muta. A quel punto separiamo la prole dal gruppo e la mettiamo in un gruppo a parte.   <\/p>\n","protected":false},"excerpt":{"rendered":"<p>Breve descrizione Euphrynichus bacillifer \"ragno flagello\": L&#8216;Euphrynichus bacillifer \"ragno del flagello\" proviene da un&#8217;area di distribuzione relativamente ampia tra l&#8217;Africa centrale e il Sudafrica. Aree di origine ampie e piuttosto diverse significano anche che gli animali possono adattarsi in qualche modo alle condizioni del terrario. Naturalmente, questo non significa un&#8217;inversione di 90 gradi nelle esigenze [&hellip;]<\/p>\n","protected":false},"featured_media":185059,"template":"","meta":{"_acf_changed":false},"product-supplier":[],"product_brand":[],"product_cat":[2999,2809],"product_tag":[],"lce-checkout-addons":[2746],"class_list":{"0":"post-185057","1":"product","2":"type-product","3":"status-publish","4":"has-post-thumbnail","6":"product_cat-altri-ragni","7":"product_cat-ragni","8":"product_shipping_class-spedizione-di-animali","9":"pa_geschlecht-indeterminato","10":"pa_herkunft-sudafrica","11":"pa_kontinent-africa","12":"lce-checkout-addons-imballaggio-invernale","14":"first","15":"outofstock","16":"taxable","17":"shipping-taxable","18":"purchasable","19":"product-type-variable"},"acf":[],"yoast_head":"<!-- This site is optimized with the Yoast SEO Premium plugin v26.8 (Yoast SEO v27.3) - https:\/\/yoast.com\/product\/yoast-seo-premium-wordpress\/ -->\n<title>Euphrynichus bacillifer &quot;ragno flagello&quot; - Insektenliebe<\/title>\n<meta name=\"description\" content=\"Acquista a buon mercato la prole di Euphrynichus bacillifer &quot;Gei\u00dfelspinne&quot; direttamente online! Con descrizione dettagliata dell&#039;allevamento!\" \/>\n<meta name=\"robots\" content=\"index, follow, max-snippet:-1, max-image-preview:large, max-video-preview:-1\" \/>\n<link rel=\"canonical\" href=\"https:\/\/insektenliebe.com\/it\/shop\/prodotto\/euphrynichus-bacillifer-ragno-flagello\/\" \/>\n<meta property=\"og:locale\" content=\"it_IT\" \/>\n<meta property=\"og:type\" content=\"article\" \/>\n<meta property=\"og:title\" content=\"Euphrynichus bacillifer &quot;ragno flagello&quot;\" \/>\n<meta property=\"og:description\" content=\"Acquista a buon mercato la prole di Euphrynichus bacillifer &quot;Gei\u00dfelspinne&quot; direttamente online! Con descrizione dettagliata dell&#039;allevamento!\" \/>\n<meta property=\"og:url\" content=\"https:\/\/insektenliebe.com\/it\/shop\/prodotto\/euphrynichus-bacillifer-ragno-flagello\/\" \/>\n<meta property=\"og:site_name\" content=\"Insektenliebe\" \/>\n<meta property=\"og:image\" content=\"https:\/\/insektenliebe.com\/wp-content\/uploads\/2025\/05\/Euphrynichus-bacillifer-2.jpg\" \/>\n\t<meta property=\"og:image:width\" content=\"820\" \/>\n\t<meta property=\"og:image:height\" content=\"820\" \/>\n\t<meta property=\"og:image:type\" content=\"image\/jpeg\" \/>\n<meta name=\"twitter:card\" content=\"summary_large_image\" \/>\n<meta name=\"twitter:label1\" content=\"Disponibilit\u00e0\" \/>\n\t<meta name=\"twitter:data1\" content=\"Esaurito\" \/>\n<script type=\"application\/ld+json\" class=\"yoast-schema-graph\">{\"@context\":\"https:\\\/\\\/schema.org\",\"@graph\":[{\"@type\":\"WebPage\",\"@id\":\"https:\\\/\\\/insektenliebe.com\\\/it\\\/shop\\\/prodotto\\\/euphrynichus-bacillifer-ragno-flagello\\\/\",\"url\":\"https:\\\/\\\/insektenliebe.com\\\/it\\\/shop\\\/prodotto\\\/euphrynichus-bacillifer-ragno-flagello\\\/\",\"name\":\"Euphrynichus bacillifer \\\"ragno flagello\\\" - Insektenliebe\",\"isPartOf\":{\"@id\":\"https:\\\/\\\/insektenliebe.com\\\/it\\\/#website\"},\"primaryImageOfPage\":{\"@id\":\"https:\\\/\\\/insektenliebe.com\\\/it\\\/shop\\\/prodotto\\\/euphrynichus-bacillifer-ragno-flagello\\\/#primaryimage\"},\"image\":{\"@id\":\"https:\\\/\\\/insektenliebe.com\\\/it\\\/shop\\\/prodotto\\\/euphrynichus-bacillifer-ragno-flagello\\\/#primaryimage\"},\"thumbnailUrl\":\"https:\\\/\\\/insektenliebe.com\\\/wp-content\\\/uploads\\\/2025\\\/05\\\/Euphrynichus-bacillifer-2.jpg\",\"datePublished\":\"2021-10-01T13:22:46+00:00\",\"description\":\"Acquista a buon mercato la prole di Euphrynichus bacillifer \\\"Gei\u00dfelspinne\\\" direttamente online! Con descrizione dettagliata dell'allevamento!\",\"breadcrumb\":{\"@id\":\"https:\\\/\\\/insektenliebe.com\\\/it\\\/shop\\\/prodotto\\\/euphrynichus-bacillifer-ragno-flagello\\\/#breadcrumb\"},\"inLanguage\":\"it-IT\",\"potentialAction\":[{\"@type\":\"ReadAction\",\"target\":[\"https:\\\/\\\/insektenliebe.com\\\/it\\\/shop\\\/prodotto\\\/euphrynichus-bacillifer-ragno-flagello\\\/\"]}]},{\"@type\":\"ImageObject\",\"inLanguage\":\"it-IT\",\"@id\":\"https:\\\/\\\/insektenliebe.com\\\/it\\\/shop\\\/prodotto\\\/euphrynichus-bacillifer-ragno-flagello\\\/#primaryimage\",\"url\":\"https:\\\/\\\/insektenliebe.com\\\/wp-content\\\/uploads\\\/2025\\\/05\\\/Euphrynichus-bacillifer-2.jpg\",\"contentUrl\":\"https:\\\/\\\/insektenliebe.com\\\/wp-content\\\/uploads\\\/2025\\\/05\\\/Euphrynichus-bacillifer-2.jpg\",\"width\":820,\"height\":820,\"caption\":\"Euphrynichus-bacillifer-2.jpg\"},{\"@type\":\"BreadcrumbList\",\"@id\":\"https:\\\/\\\/insektenliebe.com\\\/it\\\/shop\\\/prodotto\\\/euphrynichus-bacillifer-ragno-flagello\\\/#breadcrumb\",\"itemListElement\":[{\"@type\":\"ListItem\",\"position\":1,\"name\":\"Startseite\",\"item\":\"https:\\\/\\\/insektenliebe.com\\\/it\\\/\"},{\"@type\":\"ListItem\",\"position\":2,\"name\":\"Negozio\",\"item\":\"https:\\\/\\\/insektenliebe.com\\\/it\\\/negozio\\\/\"},{\"@type\":\"ListItem\",\"position\":3,\"name\":\"Euphrynichus bacillifer &#8220;ragno flagello&#8221;\"}]},{\"@type\":\"WebSite\",\"@id\":\"https:\\\/\\\/insektenliebe.com\\\/it\\\/#website\",\"url\":\"https:\\\/\\\/insektenliebe.com\\\/it\\\/\",\"name\":\"Insektenliebe\",\"description\":\"Dein Zuhause f\u00fcr die kleinen Lebewesen\",\"publisher\":{\"@id\":\"https:\\\/\\\/insektenliebe.com\\\/it\\\/#organization\"},\"potentialAction\":[{\"@type\":\"SearchAction\",\"target\":{\"@type\":\"EntryPoint\",\"urlTemplate\":\"https:\\\/\\\/insektenliebe.com\\\/it\\\/?s={search_term_string}\"},\"query-input\":{\"@type\":\"PropertyValueSpecification\",\"valueRequired\":true,\"valueName\":\"search_term_string\"}}],\"inLanguage\":\"it-IT\"},{\"@type\":\"Organization\",\"@id\":\"https:\\\/\\\/insektenliebe.com\\\/it\\\/#organization\",\"name\":\"Insektenliebe\",\"url\":\"https:\\\/\\\/insektenliebe.com\\\/it\\\/\",\"logo\":{\"@type\":\"ImageObject\",\"inLanguage\":\"it-IT\",\"@id\":\"https:\\\/\\\/insektenliebe.com\\\/it\\\/#\\\/schema\\\/logo\\\/image\\\/\",\"url\":\"https:\\\/\\\/insektenliebe.com\\\/wp-content\\\/uploads\\\/2025\\\/03\\\/logo-white.png\",\"contentUrl\":\"https:\\\/\\\/insektenliebe.com\\\/wp-content\\\/uploads\\\/2025\\\/03\\\/logo-white.png\",\"width\":288,\"height\":188,\"caption\":\"Insektenliebe\"},\"image\":{\"@id\":\"https:\\\/\\\/insektenliebe.com\\\/it\\\/#\\\/schema\\\/logo\\\/image\\\/\"}}]}<\/script>\n<meta property=\"og:availability\" content=\"out of stock\" \/>\n<meta property=\"product:availability\" content=\"out of stock\" \/>\n<meta property=\"product:retailer_item_id\" content=\"362\" \/>\n<meta property=\"product:condition\" content=\"new\" \/>\n<!-- \/ Yoast SEO Premium plugin. -->","yoast_head_json":{"title":"Euphrynichus bacillifer \"ragno flagello\" - Insektenliebe","description":"Acquista a buon mercato la prole di Euphrynichus bacillifer \"Gei\u00dfelspinne\" direttamente online! Con descrizione dettagliata dell'allevamento!","robots":{"index":"index","follow":"follow","max-snippet":"max-snippet:-1","max-image-preview":"max-image-preview:large","max-video-preview":"max-video-preview:-1"},"canonical":"https:\/\/insektenliebe.com\/it\/shop\/prodotto\/euphrynichus-bacillifer-ragno-flagello\/","og_locale":"it_IT","og_type":"article","og_title":"Euphrynichus bacillifer \"ragno flagello\"","og_description":"Acquista a buon mercato la prole di Euphrynichus bacillifer \"Gei\u00dfelspinne\" direttamente online! Con descrizione dettagliata dell'allevamento!","og_url":"https:\/\/insektenliebe.com\/it\/shop\/prodotto\/euphrynichus-bacillifer-ragno-flagello\/","og_site_name":"Insektenliebe","og_image":[{"width":820,"height":820,"url":"https:\/\/insektenliebe.com\/wp-content\/uploads\/2025\/05\/Euphrynichus-bacillifer-2.jpg","type":"image\/jpeg"}],"twitter_card":"summary_large_image","twitter_misc":{"Disponibilit\u00e0":"Esaurito"},"schema":{"@context":"https:\/\/schema.org","@graph":[{"@type":"WebPage","@id":"https:\/\/insektenliebe.com\/it\/shop\/prodotto\/euphrynichus-bacillifer-ragno-flagello\/","url":"https:\/\/insektenliebe.com\/it\/shop\/prodotto\/euphrynichus-bacillifer-ragno-flagello\/","name":"Euphrynichus bacillifer \"ragno flagello\" - Insektenliebe","isPartOf":{"@id":"https:\/\/insektenliebe.com\/it\/#website"},"primaryImageOfPage":{"@id":"https:\/\/insektenliebe.com\/it\/shop\/prodotto\/euphrynichus-bacillifer-ragno-flagello\/#primaryimage"},"image":{"@id":"https:\/\/insektenliebe.com\/it\/shop\/prodotto\/euphrynichus-bacillifer-ragno-flagello\/#primaryimage"},"thumbnailUrl":"https:\/\/insektenliebe.com\/wp-content\/uploads\/2025\/05\/Euphrynichus-bacillifer-2.jpg","datePublished":"2021-10-01T13:22:46+00:00","description":"Acquista a buon mercato la prole di Euphrynichus bacillifer \"Gei\u00dfelspinne\" direttamente online! Con descrizione dettagliata dell'allevamento!","breadcrumb":{"@id":"https:\/\/insektenliebe.com\/it\/shop\/prodotto\/euphrynichus-bacillifer-ragno-flagello\/#breadcrumb"},"inLanguage":"it-IT","potentialAction":[{"@type":"ReadAction","target":["https:\/\/insektenliebe.com\/it\/shop\/prodotto\/euphrynichus-bacillifer-ragno-flagello\/"]}]},{"@type":"ImageObject","inLanguage":"it-IT","@id":"https:\/\/insektenliebe.com\/it\/shop\/prodotto\/euphrynichus-bacillifer-ragno-flagello\/#primaryimage","url":"https:\/\/insektenliebe.com\/wp-content\/uploads\/2025\/05\/Euphrynichus-bacillifer-2.jpg","contentUrl":"https:\/\/insektenliebe.com\/wp-content\/uploads\/2025\/05\/Euphrynichus-bacillifer-2.jpg","width":820,"height":820,"caption":"Euphrynichus-bacillifer-2.jpg"},{"@type":"BreadcrumbList","@id":"https:\/\/insektenliebe.com\/it\/shop\/prodotto\/euphrynichus-bacillifer-ragno-flagello\/#breadcrumb","itemListElement":[{"@type":"ListItem","position":1,"name":"Startseite","item":"https:\/\/insektenliebe.com\/it\/"},{"@type":"ListItem","position":2,"name":"Negozio","item":"https:\/\/insektenliebe.com\/it\/negozio\/"},{"@type":"ListItem","position":3,"name":"Euphrynichus bacillifer &#8220;ragno flagello&#8221;"}]},{"@type":"WebSite","@id":"https:\/\/insektenliebe.com\/it\/#website","url":"https:\/\/insektenliebe.com\/it\/","name":"Insektenliebe","description":"Dein Zuhause f\u00fcr die kleinen Lebewesen","publisher":{"@id":"https:\/\/insektenliebe.com\/it\/#organization"},"potentialAction":[{"@type":"SearchAction","target":{"@type":"EntryPoint","urlTemplate":"https:\/\/insektenliebe.com\/it\/?s={search_term_string}"},"query-input":{"@type":"PropertyValueSpecification","valueRequired":true,"valueName":"search_term_string"}}],"inLanguage":"it-IT"},{"@type":"Organization","@id":"https:\/\/insektenliebe.com\/it\/#organization","name":"Insektenliebe","url":"https:\/\/insektenliebe.com\/it\/","logo":{"@type":"ImageObject","inLanguage":"it-IT","@id":"https:\/\/insektenliebe.com\/it\/#\/schema\/logo\/image\/","url":"https:\/\/insektenliebe.com\/wp-content\/uploads\/2025\/03\/logo-white.png","contentUrl":"https:\/\/insektenliebe.com\/wp-content\/uploads\/2025\/03\/logo-white.png","width":288,"height":188,"caption":"Insektenliebe"},"image":{"@id":"https:\/\/insektenliebe.com\/it\/#\/schema\/logo\/image\/"}}]},"og_availability":"out of stock","product_availability":"out of stock","product_retailer_item_id":"362","product_condition":"new"},"_links":{"self":[{"href":"https:\/\/insektenliebe.com\/it\/wp-json\/wp\/v2\/product\/185057","targetHints":{"allow":["GET"]}}],"collection":[{"href":"https:\/\/insektenliebe.com\/it\/wp-json\/wp\/v2\/product"}],"about":[{"href":"https:\/\/insektenliebe.com\/it\/wp-json\/wp\/v2\/types\/product"}],"wp:featuredmedia":[{"embeddable":true,"href":"https:\/\/insektenliebe.com\/it\/wp-json\/wp\/v2\/media\/185059"}],"wp:attachment":[{"href":"https:\/\/insektenliebe.com\/it\/wp-json\/wp\/v2\/media?parent=185057"}],"wp:term":[{"taxonomy":"product-supplier","embeddable":true,"href":"https:\/\/insektenliebe.com\/it\/wp-json\/wp\/v2\/product-supplier?post=185057"},{"taxonomy":"product_brand","embeddable":true,"href":"https:\/\/insektenliebe.com\/it\/wp-json\/wp\/v2\/product_brand?post=185057"},{"taxonomy":"product_cat","embeddable":true,"href":"https:\/\/insektenliebe.com\/it\/wp-json\/wp\/v2\/product_cat?post=185057"},{"taxonomy":"product_tag","embeddable":true,"href":"https:\/\/insektenliebe.com\/it\/wp-json\/wp\/v2\/product_tag?post=185057"},{"taxonomy":"lce-checkout-addons","embeddable":true,"href":"https:\/\/insektenliebe.com\/it\/wp-json\/wp\/v2\/lce-checkout-addons?post=185057"}],"curies":[{"name":"wp","href":"https:\/\/api.w.org\/{rel}","templated":true}]}}