{"id":185047,"date":"2021-09-30T09:52:00","date_gmt":"2021-09-30T07:52:00","guid":{"rendered":"https:\/\/insektenliebe.com\/shop\/produkt\/pietra-lavica-premium\/"},"modified":"2026-03-02T17:43:50","modified_gmt":"2026-03-02T16:43:50","slug":"pietra-lavica-premium","status":"publish","type":"product","link":"https:\/\/insektenliebe.com\/it\/shop\/prodotto\/pietra-lavica-premium\/","title":{"rendered":"Pietra lavica premium"},"content":{"rendered":"<h3><span class=\"s1\" style=\"color: #99cc33\">Pietra lavica premium - Contrasto nero per le oasi verdi<\/span><\/h3>\n<p class=\"p1\"><span class=\"s1\">La nostra <\/span><strong><span class=\"s2\">Pietra lavica premium<\/span><\/strong><span class=\"s1\">  proviene dall&#8217;Islanda ed \u00e8 caratterizzata da una densit\u00e0 eccezionalmente bassa. Questo la rende significativamente pi\u00f9 leggera rispetto alla roccia lavica convenzionale. Il peso ridotto consente di risparmiare sui costi di spedizione e facilita la progettazione del terrario. Nonostante la sua leggerezza, la pietra rimane stabile e resistente.   <\/span><\/p>\n<p class=\"p1\"><span class=\"s1\">Tuttavia, il vantaggio decisivo risiede nella sua elevata capacit\u00e0 di assorbimento dell&#8217;acqua. Grazie alla sua struttura porosa, la <strong>pietra lavica di prima qualit\u00e0<\/strong> assorbe l&#8217;umidit\u00e0 come una spugna. Poi rilascia lentamente l&#8217;acqua immagazzinata nell&#8217;ambiente. In questo modo stabilizza l&#8217;umidit\u00e0 del terrario senza causare ristagni d&#8217;acqua. In questo modo si crea un microclima equilibrato, soprattutto negli ambienti tropicali.    <\/span><\/p>\n<p class=\"p1\"><span class=\"s1\">Le pietre laviche sono ideali per le decorazioni. Puoi impilarle facilmente per creare formazioni rocciose naturali. Allo stesso tempo, si creano cavit\u00e0 e fessure che offrono ai tuoi animali luoghi sicuri in cui rifugiarsi. In particolare, gli animali giovani troveranno nascondigli riparati nelle piccole fessure. Questo ti permette di combinare l&#8217;aspetto estetico e la funzionalit\u00e0 in un unico elemento.    <\/span><\/p>\n<p class=\"p1\"><span class=\"s1\">Anche le piante traggono beneficio da questo materiale naturale. Muschi, felci o piccole epifite aderiscono bene alla superficie ruvida. Poich\u00e9 la pietra immagazzina l&#8217;umidit\u00e0, le piante crescono rapidamente. Questo crea un aspetto vivace e naturale nel terrario.   <\/span><\/p>\n<p class=\"p1\"><span class=\"s1\">La <strong>pietra lavica di prima qualit\u00e0<\/strong> crea forti accenti visivi. Il colore nero intenso crea un contrasto intenso con le piante verdi e il substrato chiaro. Questo conferisce al tuo terrario un aspetto pi\u00f9 strutturato e di qualit\u00e0.  <\/span><\/p>\n<p class=\"p1\"><span class=\"s1\">Trattandosi di un prodotto naturale, non esistono due pietre uguali. Ogni forma \u00e8 individuale. Questo conferisce alla tua composizione un carattere unico.  <\/span><\/p>\n<p class=\"p1\"><span class=\"s1\">Se sei alla ricerca di una decorazione leggera, funzionale ed estetica, la pietra lavica premium <\/span><strong><span class=\"s2\">pietra lavica di prima qualit\u00e0<\/span><\/strong><span class=\"s1\"> proveniente dall&#8217;Islanda \u00e8 una scelta ben ponderata.<\/span><\/p>\n","protected":false},"excerpt":{"rendered":"<p>Pietra lavica premium - Contrasto nero per le oasi verdi La nostra Pietra lavica premium proviene dall&#8217;Islanda ed \u00e8 caratterizzata da una densit\u00e0 eccezionalmente bassa. Questo la rende significativamente pi\u00f9 leggera rispetto alla roccia lavica convenzionale. Il peso ridotto consente di risparmiare sui costi di spedizione e facilita la progettazione del terrario. Nonostante la sua [&hellip;]<\/p>\n","protected":false},"featured_media":185049,"template":"","meta":{"_acf_changed":false},"product-supplier":[2683],"product_brand":[],"product_cat":[2740],"product_tag":[],"lce-checkout-addons":[],"class_list":{"0":"post-185047","1":"product","2":"type-product","3":"status-publish","4":"has-post-thumbnail","6":"product_cat-arredamento-e-decorazione","7":"product_shipping_class-equipment-shipping","8":"pa_herkunft-islanda","10":"first","11":"instock","12":"taxable","13":"shipping-taxable","14":"purchasable","15":"product-type-variable"},"acf":[],"yoast_head":"<!-- This site is optimized with the Yoast SEO plugin v27.3 - https:\/\/yoast.com\/product\/yoast-seo-wordpress\/ -->\n<title>Pietra lavica premium - Insektenliebe<\/title>\n<meta name=\"description\" content=\"Pietra lavica di prima qualit\u00e0 proveniente dall&#039;Islanda - estremamente leggera, immagazzina l&#039;acqua e aumenta l&#039;umidit\u00e0. Ideale per terrari e piante.\" \/>\n<meta name=\"robots\" content=\"index, follow, max-snippet:-1, max-image-preview:large, max-video-preview:-1\" \/>\n<link rel=\"canonical\" href=\"https:\/\/insektenliebe.com\/it\/shop\/prodotto\/pietra-lavica-premium\/\" \/>\n<meta property=\"og:locale\" content=\"it_IT\" \/>\n<meta property=\"og:type\" content=\"article\" \/>\n<meta property=\"og:title\" content=\"Pietra lavica premium - Insektenliebe\" \/>\n<meta property=\"og:description\" content=\"Pietra lavica di prima qualit\u00e0 proveniente dall&#039;Islanda - estremamente leggera, immagazzina l&#039;acqua e aumenta l&#039;umidit\u00e0. Ideale per terrari e piante.\" \/>\n<meta property=\"og:url\" content=\"https:\/\/insektenliebe.com\/it\/shop\/prodotto\/pietra-lavica-premium\/\" \/>\n<meta property=\"og:site_name\" content=\"Insektenliebe\" \/>\n<meta property=\"article:modified_time\" content=\"2026-03-02T16:43:50+00:00\" \/>\n<meta property=\"og:image\" content=\"https:\/\/insektenliebe.com\/wp-content\/uploads\/2025\/05\/lavastein-scaled-3.jpg\" \/>\n\t<meta property=\"og:image:width\" content=\"2560\" \/>\n\t<meta property=\"og:image:height\" content=\"2560\" \/>\n\t<meta property=\"og:image:type\" content=\"image\/jpeg\" \/>\n<meta name=\"twitter:card\" content=\"summary_large_image\" \/>\n<meta name=\"twitter:label1\" content=\"Tempo di lettura stimato\" \/>\n\t<meta name=\"twitter:data1\" content=\"1 minuto\" \/>\n<script type=\"application\/ld+json\" class=\"yoast-schema-graph\">{\"@context\":\"https:\\\/\\\/schema.org\",\"@graph\":[{\"@type\":\"WebPage\",\"@id\":\"https:\\\/\\\/insektenliebe.com\\\/it\\\/shop\\\/prodotto\\\/pietra-lavica-premium\\\/\",\"url\":\"https:\\\/\\\/insektenliebe.com\\\/it\\\/shop\\\/prodotto\\\/pietra-lavica-premium\\\/\",\"name\":\"Pietra lavica premium - Insektenliebe\",\"isPartOf\":{\"@id\":\"https:\\\/\\\/insektenliebe.com\\\/it\\\/#website\"},\"primaryImageOfPage\":{\"@id\":\"https:\\\/\\\/insektenliebe.com\\\/it\\\/shop\\\/prodotto\\\/pietra-lavica-premium\\\/#primaryimage\"},\"image\":{\"@id\":\"https:\\\/\\\/insektenliebe.com\\\/it\\\/shop\\\/prodotto\\\/pietra-lavica-premium\\\/#primaryimage\"},\"thumbnailUrl\":\"https:\\\/\\\/insektenliebe.com\\\/wp-content\\\/uploads\\\/2025\\\/05\\\/lavastein-scaled-3.jpg\",\"datePublished\":\"2021-09-30T07:52:00+00:00\",\"dateModified\":\"2026-03-02T16:43:50+00:00\",\"description\":\"Pietra lavica di prima qualit\u00e0 proveniente dall'Islanda - estremamente leggera, immagazzina l'acqua e aumenta l'umidit\u00e0. Ideale per terrari e piante.\",\"breadcrumb\":{\"@id\":\"https:\\\/\\\/insektenliebe.com\\\/it\\\/shop\\\/prodotto\\\/pietra-lavica-premium\\\/#breadcrumb\"},\"inLanguage\":\"it-IT\",\"potentialAction\":[{\"@type\":\"ReadAction\",\"target\":[\"https:\\\/\\\/insektenliebe.com\\\/it\\\/shop\\\/prodotto\\\/pietra-lavica-premium\\\/\"]}]},{\"@type\":\"ImageObject\",\"inLanguage\":\"it-IT\",\"@id\":\"https:\\\/\\\/insektenliebe.com\\\/it\\\/shop\\\/prodotto\\\/pietra-lavica-premium\\\/#primaryimage\",\"url\":\"https:\\\/\\\/insektenliebe.com\\\/wp-content\\\/uploads\\\/2025\\\/05\\\/lavastein-scaled-3.jpg\",\"contentUrl\":\"https:\\\/\\\/insektenliebe.com\\\/wp-content\\\/uploads\\\/2025\\\/05\\\/lavastein-scaled-3.jpg\",\"width\":2560,\"height\":2560,\"caption\":\"pietra lavica in scala-3.jpg\"},{\"@type\":\"BreadcrumbList\",\"@id\":\"https:\\\/\\\/insektenliebe.com\\\/it\\\/shop\\\/prodotto\\\/pietra-lavica-premium\\\/#breadcrumb\",\"itemListElement\":[{\"@type\":\"ListItem\",\"position\":1,\"name\":\"Startseite\",\"item\":\"https:\\\/\\\/insektenliebe.com\\\/it\\\/\"},{\"@type\":\"ListItem\",\"position\":2,\"name\":\"Negozio\",\"item\":\"https:\\\/\\\/insektenliebe.com\\\/it\\\/negozio\\\/\"},{\"@type\":\"ListItem\",\"position\":3,\"name\":\"Pietra lavica premium\"}]},{\"@type\":\"WebSite\",\"@id\":\"https:\\\/\\\/insektenliebe.com\\\/it\\\/#website\",\"url\":\"https:\\\/\\\/insektenliebe.com\\\/it\\\/\",\"name\":\"Insektenliebe\",\"description\":\"Dein Zuhause f\u00fcr die kleinen Lebewesen\",\"publisher\":{\"@id\":\"https:\\\/\\\/insektenliebe.com\\\/it\\\/#organization\"},\"potentialAction\":[{\"@type\":\"SearchAction\",\"target\":{\"@type\":\"EntryPoint\",\"urlTemplate\":\"https:\\\/\\\/insektenliebe.com\\\/it\\\/?s={search_term_string}\"},\"query-input\":{\"@type\":\"PropertyValueSpecification\",\"valueRequired\":true,\"valueName\":\"search_term_string\"}}],\"inLanguage\":\"it-IT\"},{\"@type\":\"Organization\",\"@id\":\"https:\\\/\\\/insektenliebe.com\\\/it\\\/#organization\",\"name\":\"Insektenliebe\",\"url\":\"https:\\\/\\\/insektenliebe.com\\\/it\\\/\",\"logo\":{\"@type\":\"ImageObject\",\"inLanguage\":\"it-IT\",\"@id\":\"https:\\\/\\\/insektenliebe.com\\\/it\\\/#\\\/schema\\\/logo\\\/image\\\/\",\"url\":\"https:\\\/\\\/insektenliebe.com\\\/wp-content\\\/uploads\\\/2025\\\/03\\\/logo-white.png\",\"contentUrl\":\"https:\\\/\\\/insektenliebe.com\\\/wp-content\\\/uploads\\\/2025\\\/03\\\/logo-white.png\",\"width\":288,\"height\":188,\"caption\":\"Insektenliebe\"},\"image\":{\"@id\":\"https:\\\/\\\/insektenliebe.com\\\/it\\\/#\\\/schema\\\/logo\\\/image\\\/\"}}]}<\/script>\n<!-- \/ Yoast SEO plugin. -->","yoast_head_json":{"title":"Pietra lavica premium - Insektenliebe","description":"Pietra lavica di prima qualit\u00e0 proveniente dall'Islanda - estremamente leggera, immagazzina l'acqua e aumenta l'umidit\u00e0. Ideale per terrari e piante.","robots":{"index":"index","follow":"follow","max-snippet":"max-snippet:-1","max-image-preview":"max-image-preview:large","max-video-preview":"max-video-preview:-1"},"canonical":"https:\/\/insektenliebe.com\/it\/shop\/prodotto\/pietra-lavica-premium\/","og_locale":"it_IT","og_type":"article","og_title":"Pietra lavica premium - Insektenliebe","og_description":"Pietra lavica di prima qualit\u00e0 proveniente dall'Islanda - estremamente leggera, immagazzina l'acqua e aumenta l'umidit\u00e0. Ideale per terrari e piante.","og_url":"https:\/\/insektenliebe.com\/it\/shop\/prodotto\/pietra-lavica-premium\/","og_site_name":"Insektenliebe","article_modified_time":"2026-03-02T16:43:50+00:00","og_image":[{"width":2560,"height":2560,"url":"https:\/\/insektenliebe.com\/wp-content\/uploads\/2025\/05\/lavastein-scaled-3.jpg","type":"image\/jpeg"}],"twitter_card":"summary_large_image","twitter_misc":{"Tempo di lettura stimato":"1 minuto"},"schema":{"@context":"https:\/\/schema.org","@graph":[{"@type":"WebPage","@id":"https:\/\/insektenliebe.com\/it\/shop\/prodotto\/pietra-lavica-premium\/","url":"https:\/\/insektenliebe.com\/it\/shop\/prodotto\/pietra-lavica-premium\/","name":"Pietra lavica premium - Insektenliebe","isPartOf":{"@id":"https:\/\/insektenliebe.com\/it\/#website"},"primaryImageOfPage":{"@id":"https:\/\/insektenliebe.com\/it\/shop\/prodotto\/pietra-lavica-premium\/#primaryimage"},"image":{"@id":"https:\/\/insektenliebe.com\/it\/shop\/prodotto\/pietra-lavica-premium\/#primaryimage"},"thumbnailUrl":"https:\/\/insektenliebe.com\/wp-content\/uploads\/2025\/05\/lavastein-scaled-3.jpg","datePublished":"2021-09-30T07:52:00+00:00","dateModified":"2026-03-02T16:43:50+00:00","description":"Pietra lavica di prima qualit\u00e0 proveniente dall'Islanda - estremamente leggera, immagazzina l'acqua e aumenta l'umidit\u00e0. Ideale per terrari e piante.","breadcrumb":{"@id":"https:\/\/insektenliebe.com\/it\/shop\/prodotto\/pietra-lavica-premium\/#breadcrumb"},"inLanguage":"it-IT","potentialAction":[{"@type":"ReadAction","target":["https:\/\/insektenliebe.com\/it\/shop\/prodotto\/pietra-lavica-premium\/"]}]},{"@type":"ImageObject","inLanguage":"it-IT","@id":"https:\/\/insektenliebe.com\/it\/shop\/prodotto\/pietra-lavica-premium\/#primaryimage","url":"https:\/\/insektenliebe.com\/wp-content\/uploads\/2025\/05\/lavastein-scaled-3.jpg","contentUrl":"https:\/\/insektenliebe.com\/wp-content\/uploads\/2025\/05\/lavastein-scaled-3.jpg","width":2560,"height":2560,"caption":"pietra lavica in scala-3.jpg"},{"@type":"BreadcrumbList","@id":"https:\/\/insektenliebe.com\/it\/shop\/prodotto\/pietra-lavica-premium\/#breadcrumb","itemListElement":[{"@type":"ListItem","position":1,"name":"Startseite","item":"https:\/\/insektenliebe.com\/it\/"},{"@type":"ListItem","position":2,"name":"Negozio","item":"https:\/\/insektenliebe.com\/it\/negozio\/"},{"@type":"ListItem","position":3,"name":"Pietra lavica premium"}]},{"@type":"WebSite","@id":"https:\/\/insektenliebe.com\/it\/#website","url":"https:\/\/insektenliebe.com\/it\/","name":"Insektenliebe","description":"Dein Zuhause f\u00fcr die kleinen Lebewesen","publisher":{"@id":"https:\/\/insektenliebe.com\/it\/#organization"},"potentialAction":[{"@type":"SearchAction","target":{"@type":"EntryPoint","urlTemplate":"https:\/\/insektenliebe.com\/it\/?s={search_term_string}"},"query-input":{"@type":"PropertyValueSpecification","valueRequired":true,"valueName":"search_term_string"}}],"inLanguage":"it-IT"},{"@type":"Organization","@id":"https:\/\/insektenliebe.com\/it\/#organization","name":"Insektenliebe","url":"https:\/\/insektenliebe.com\/it\/","logo":{"@type":"ImageObject","inLanguage":"it-IT","@id":"https:\/\/insektenliebe.com\/it\/#\/schema\/logo\/image\/","url":"https:\/\/insektenliebe.com\/wp-content\/uploads\/2025\/03\/logo-white.png","contentUrl":"https:\/\/insektenliebe.com\/wp-content\/uploads\/2025\/03\/logo-white.png","width":288,"height":188,"caption":"Insektenliebe"},"image":{"@id":"https:\/\/insektenliebe.com\/it\/#\/schema\/logo\/image\/"}}]}},"_links":{"self":[{"href":"https:\/\/insektenliebe.com\/it\/wp-json\/wp\/v2\/product\/185047","targetHints":{"allow":["GET"]}}],"collection":[{"href":"https:\/\/insektenliebe.com\/it\/wp-json\/wp\/v2\/product"}],"about":[{"href":"https:\/\/insektenliebe.com\/it\/wp-json\/wp\/v2\/types\/product"}],"wp:featuredmedia":[{"embeddable":true,"href":"https:\/\/insektenliebe.com\/it\/wp-json\/wp\/v2\/media\/185049"}],"wp:attachment":[{"href":"https:\/\/insektenliebe.com\/it\/wp-json\/wp\/v2\/media?parent=185047"}],"wp:term":[{"taxonomy":"product-supplier","embeddable":true,"href":"https:\/\/insektenliebe.com\/it\/wp-json\/wp\/v2\/product-supplier?post=185047"},{"taxonomy":"product_brand","embeddable":true,"href":"https:\/\/insektenliebe.com\/it\/wp-json\/wp\/v2\/product_brand?post=185047"},{"taxonomy":"product_cat","embeddable":true,"href":"https:\/\/insektenliebe.com\/it\/wp-json\/wp\/v2\/product_cat?post=185047"},{"taxonomy":"product_tag","embeddable":true,"href":"https:\/\/insektenliebe.com\/it\/wp-json\/wp\/v2\/product_tag?post=185047"},{"taxonomy":"lce-checkout-addons","embeddable":true,"href":"https:\/\/insektenliebe.com\/it\/wp-json\/wp\/v2\/lce-checkout-addons?post=185047"}],"curies":[{"name":"wp","href":"https:\/\/api.w.org\/{rel}","templated":true}]}}