{"id":185028,"date":"2021-09-30T11:53:48","date_gmt":"2021-09-30T09:53:48","guid":{"rendered":"https:\/\/insektenliebe.com\/shop\/produkt\/arcadia-jungle-dawn-led-bar\/"},"modified":"2021-09-30T11:53:48","modified_gmt":"2021-09-30T09:53:48","slug":"arcadia-jungle-dawn-led-bar","status":"publish","type":"product","link":"https:\/\/insektenliebe.com\/it\/shop\/prodotto\/arcadia-jungle-dawn-led-bar\/","title":{"rendered":"Arcadia Jungle Dawn LED BAR"},"content":{"rendered":"<p>La BARRA LED Arcadia Reptile Jungle Dawn \u00e8 elegante, audace, potente e in grado di fornire la quantit\u00e0 di luce necessaria per aiutare le piante a crescere pi\u00f9 velocemente. Questo si nota immediatamente quando la lampada viene accesa. L&#8217;Arcadia Reptile Jungle Dawn LED BAR utilizza i pi\u00f9 recenti diodi LED \"High OutPut\" che producono un&#8217;emissione luminosa di oltre 130 lumen per watt.  <\/p>\n<p>La configurazione dei LED in una lampada \u00e8 altrettanto importante per la crescita potenziale delle piante e per l&#8217;area illuminata quanto il loro spettro e la loro potenza. Come tutte le forme di vita, le piante dipendono dalla quantit\u00e0 e dalla qualit\u00e0 dell&#8217;energia che viene loro fornita da una fonte luminosa. Maggiore \u00e8 la quantit\u00e0 di luce e maggiore \u00e8 l&#8217;area illuminata, migliori saranno i risultati possibili. Una determinata sorgente luminosa pu\u00f2 produrre solo un certo numero di fotoni (pacchetti di energia) come \"emissione totale di luce\". Man mano che la luce si sposta in avanti, inizia a diffondersi per coprire un&#8217;area pi\u00f9 ampia. Pi\u00f9 una lampada \u00e8 lontana, maggiore \u00e8 l&#8217;area coperta dalla luce. Tuttavia, l&#8217;energia misurata nella luce diventa pi\u00f9 debole quanto pi\u00f9 la lampada \u00e8 lontana dall&#8217;obiettivo. Per garantire che la quantit\u00e0 massima di luce entri in un alloggiamento, \u00e8 necessario utilizzare un numero sufficiente di diodi, distanziati in modo corretto l&#8217;uno dall&#8217;altro e con uno spettro, un colore e un&#8217;emissione di lumen adeguati.       <\/p>\n","protected":false},"excerpt":{"rendered":"<p>La BARRA LED Arcadia Reptile Jungle Dawn \u00e8 elegante, audace, potente e in grado di fornire la quantit\u00e0 di luce necessaria per aiutare le piante a crescere pi\u00f9 velocemente. Questo si nota immediatamente quando la lampada viene accesa. L&#8217;Arcadia Reptile Jungle Dawn LED BAR utilizza i pi\u00f9 recenti diodi LED \"High OutPut\" che producono un&#8217;emissione [&hellip;]<\/p>\n","protected":false},"featured_media":185031,"template":"","meta":{"_acf_changed":false},"product-supplier":[],"product_brand":[],"product_cat":[2741],"product_tag":[],"lce-checkout-addons":[],"class_list":{"0":"post-185028","1":"product","2":"type-product","3":"status-publish","4":"has-post-thumbnail","6":"product_cat-illuminazione-e-clima","7":"product_shipping_class-equipment-shipping","9":"first","10":"instock","11":"sale","12":"taxable","13":"shipping-taxable","14":"purchasable","15":"product-type-variable"},"acf":[],"yoast_head":"<!-- This site is optimized with the Yoast SEO plugin v27.3 - https:\/\/yoast.com\/product\/yoast-seo-wordpress\/ -->\n<title>Arcadia Jungle Dawn LED BAR - Insektenliebe<\/title>\n<meta name=\"description\" content=\"Acquista direttamente online la BARRA LED Arcadia Jungle Dawn. Favorisce la crescita rapida delle piante grazie alla pi\u00f9 recente tecnologia LED.\" \/>\n<meta name=\"robots\" content=\"index, follow, max-snippet:-1, max-image-preview:large, max-video-preview:-1\" \/>\n<link rel=\"canonical\" href=\"https:\/\/insektenliebe.com\/it\/shop\/prodotto\/arcadia-jungle-dawn-led-bar\/\" \/>\n<meta property=\"og:locale\" content=\"it_IT\" \/>\n<meta property=\"og:type\" content=\"article\" \/>\n<meta property=\"og:title\" content=\"Arcadia Jungle Dawn LED BAR - Insektenliebe\" \/>\n<meta property=\"og:description\" content=\"Acquista direttamente online la BARRA LED Arcadia Jungle Dawn. Favorisce la crescita rapida delle piante grazie alla pi\u00f9 recente tecnologia LED.\" \/>\n<meta property=\"og:url\" content=\"https:\/\/insektenliebe.com\/it\/shop\/prodotto\/arcadia-jungle-dawn-led-bar\/\" \/>\n<meta property=\"og:site_name\" content=\"Insektenliebe\" \/>\n<meta property=\"og:image\" content=\"https:\/\/insektenliebe.com\/wp-content\/uploads\/2025\/05\/Arcadia-Jungle-Dawn-LED-BAR-scaled-3.jpg\" \/>\n\t<meta property=\"og:image:width\" content=\"2560\" \/>\n\t<meta property=\"og:image:height\" content=\"2560\" \/>\n\t<meta property=\"og:image:type\" content=\"image\/jpeg\" \/>\n<meta name=\"twitter:card\" content=\"summary_large_image\" \/>\n<meta name=\"twitter:label1\" content=\"Tempo di lettura stimato\" \/>\n\t<meta name=\"twitter:data1\" content=\"1 minuto\" \/>\n<script type=\"application\/ld+json\" class=\"yoast-schema-graph\">{\"@context\":\"https:\\\/\\\/schema.org\",\"@graph\":[{\"@type\":\"WebPage\",\"@id\":\"https:\\\/\\\/insektenliebe.com\\\/it\\\/shop\\\/prodotto\\\/arcadia-jungle-dawn-led-bar\\\/\",\"url\":\"https:\\\/\\\/insektenliebe.com\\\/it\\\/shop\\\/prodotto\\\/arcadia-jungle-dawn-led-bar\\\/\",\"name\":\"Arcadia Jungle Dawn LED BAR - Insektenliebe\",\"isPartOf\":{\"@id\":\"https:\\\/\\\/insektenliebe.com\\\/it\\\/#website\"},\"primaryImageOfPage\":{\"@id\":\"https:\\\/\\\/insektenliebe.com\\\/it\\\/shop\\\/prodotto\\\/arcadia-jungle-dawn-led-bar\\\/#primaryimage\"},\"image\":{\"@id\":\"https:\\\/\\\/insektenliebe.com\\\/it\\\/shop\\\/prodotto\\\/arcadia-jungle-dawn-led-bar\\\/#primaryimage\"},\"thumbnailUrl\":\"https:\\\/\\\/insektenliebe.com\\\/wp-content\\\/uploads\\\/2025\\\/05\\\/Arcadia-Jungle-Dawn-LED-BAR-scaled-3.jpg\",\"datePublished\":\"2021-09-30T09:53:48+00:00\",\"description\":\"Acquista direttamente online la BARRA LED Arcadia Jungle Dawn. Favorisce la crescita rapida delle piante grazie alla pi\u00f9 recente tecnologia LED.\",\"breadcrumb\":{\"@id\":\"https:\\\/\\\/insektenliebe.com\\\/it\\\/shop\\\/prodotto\\\/arcadia-jungle-dawn-led-bar\\\/#breadcrumb\"},\"inLanguage\":\"it-IT\",\"potentialAction\":[{\"@type\":\"ReadAction\",\"target\":[\"https:\\\/\\\/insektenliebe.com\\\/it\\\/shop\\\/prodotto\\\/arcadia-jungle-dawn-led-bar\\\/\"]}]},{\"@type\":\"ImageObject\",\"inLanguage\":\"it-IT\",\"@id\":\"https:\\\/\\\/insektenliebe.com\\\/it\\\/shop\\\/prodotto\\\/arcadia-jungle-dawn-led-bar\\\/#primaryimage\",\"url\":\"https:\\\/\\\/insektenliebe.com\\\/wp-content\\\/uploads\\\/2025\\\/05\\\/Arcadia-Jungle-Dawn-LED-BAR-scaled-3.jpg\",\"contentUrl\":\"https:\\\/\\\/insektenliebe.com\\\/wp-content\\\/uploads\\\/2025\\\/05\\\/Arcadia-Jungle-Dawn-LED-BAR-scaled-3.jpg\",\"width\":2560,\"height\":2560,\"caption\":\"Arcadia-Giungla-Aurora-LED-BAR-scalata-3.jpg\"},{\"@type\":\"BreadcrumbList\",\"@id\":\"https:\\\/\\\/insektenliebe.com\\\/it\\\/shop\\\/prodotto\\\/arcadia-jungle-dawn-led-bar\\\/#breadcrumb\",\"itemListElement\":[{\"@type\":\"ListItem\",\"position\":1,\"name\":\"Startseite\",\"item\":\"https:\\\/\\\/insektenliebe.com\\\/it\\\/\"},{\"@type\":\"ListItem\",\"position\":2,\"name\":\"Negozio\",\"item\":\"https:\\\/\\\/insektenliebe.com\\\/it\\\/negozio\\\/\"},{\"@type\":\"ListItem\",\"position\":3,\"name\":\"Arcadia Jungle Dawn LED BAR\"}]},{\"@type\":\"WebSite\",\"@id\":\"https:\\\/\\\/insektenliebe.com\\\/it\\\/#website\",\"url\":\"https:\\\/\\\/insektenliebe.com\\\/it\\\/\",\"name\":\"Insektenliebe\",\"description\":\"Dein Zuhause f\u00fcr die kleinen Lebewesen\",\"publisher\":{\"@id\":\"https:\\\/\\\/insektenliebe.com\\\/it\\\/#organization\"},\"potentialAction\":[{\"@type\":\"SearchAction\",\"target\":{\"@type\":\"EntryPoint\",\"urlTemplate\":\"https:\\\/\\\/insektenliebe.com\\\/it\\\/?s={search_term_string}\"},\"query-input\":{\"@type\":\"PropertyValueSpecification\",\"valueRequired\":true,\"valueName\":\"search_term_string\"}}],\"inLanguage\":\"it-IT\"},{\"@type\":\"Organization\",\"@id\":\"https:\\\/\\\/insektenliebe.com\\\/it\\\/#organization\",\"name\":\"Insektenliebe\",\"url\":\"https:\\\/\\\/insektenliebe.com\\\/it\\\/\",\"logo\":{\"@type\":\"ImageObject\",\"inLanguage\":\"it-IT\",\"@id\":\"https:\\\/\\\/insektenliebe.com\\\/it\\\/#\\\/schema\\\/logo\\\/image\\\/\",\"url\":\"https:\\\/\\\/insektenliebe.com\\\/wp-content\\\/uploads\\\/2025\\\/03\\\/logo-white.png\",\"contentUrl\":\"https:\\\/\\\/insektenliebe.com\\\/wp-content\\\/uploads\\\/2025\\\/03\\\/logo-white.png\",\"width\":288,\"height\":188,\"caption\":\"Insektenliebe\"},\"image\":{\"@id\":\"https:\\\/\\\/insektenliebe.com\\\/it\\\/#\\\/schema\\\/logo\\\/image\\\/\"}}]}<\/script>\n<!-- \/ Yoast SEO plugin. -->","yoast_head_json":{"title":"Arcadia Jungle Dawn LED BAR - Insektenliebe","description":"Acquista direttamente online la BARRA LED Arcadia Jungle Dawn. Favorisce la crescita rapida delle piante grazie alla pi\u00f9 recente tecnologia LED.","robots":{"index":"index","follow":"follow","max-snippet":"max-snippet:-1","max-image-preview":"max-image-preview:large","max-video-preview":"max-video-preview:-1"},"canonical":"https:\/\/insektenliebe.com\/it\/shop\/prodotto\/arcadia-jungle-dawn-led-bar\/","og_locale":"it_IT","og_type":"article","og_title":"Arcadia Jungle Dawn LED BAR - Insektenliebe","og_description":"Acquista direttamente online la BARRA LED Arcadia Jungle Dawn. Favorisce la crescita rapida delle piante grazie alla pi\u00f9 recente tecnologia LED.","og_url":"https:\/\/insektenliebe.com\/it\/shop\/prodotto\/arcadia-jungle-dawn-led-bar\/","og_site_name":"Insektenliebe","og_image":[{"width":2560,"height":2560,"url":"https:\/\/insektenliebe.com\/wp-content\/uploads\/2025\/05\/Arcadia-Jungle-Dawn-LED-BAR-scaled-3.jpg","type":"image\/jpeg"}],"twitter_card":"summary_large_image","twitter_misc":{"Tempo di lettura stimato":"1 minuto"},"schema":{"@context":"https:\/\/schema.org","@graph":[{"@type":"WebPage","@id":"https:\/\/insektenliebe.com\/it\/shop\/prodotto\/arcadia-jungle-dawn-led-bar\/","url":"https:\/\/insektenliebe.com\/it\/shop\/prodotto\/arcadia-jungle-dawn-led-bar\/","name":"Arcadia Jungle Dawn LED BAR - Insektenliebe","isPartOf":{"@id":"https:\/\/insektenliebe.com\/it\/#website"},"primaryImageOfPage":{"@id":"https:\/\/insektenliebe.com\/it\/shop\/prodotto\/arcadia-jungle-dawn-led-bar\/#primaryimage"},"image":{"@id":"https:\/\/insektenliebe.com\/it\/shop\/prodotto\/arcadia-jungle-dawn-led-bar\/#primaryimage"},"thumbnailUrl":"https:\/\/insektenliebe.com\/wp-content\/uploads\/2025\/05\/Arcadia-Jungle-Dawn-LED-BAR-scaled-3.jpg","datePublished":"2021-09-30T09:53:48+00:00","description":"Acquista direttamente online la BARRA LED Arcadia Jungle Dawn. Favorisce la crescita rapida delle piante grazie alla pi\u00f9 recente tecnologia LED.","breadcrumb":{"@id":"https:\/\/insektenliebe.com\/it\/shop\/prodotto\/arcadia-jungle-dawn-led-bar\/#breadcrumb"},"inLanguage":"it-IT","potentialAction":[{"@type":"ReadAction","target":["https:\/\/insektenliebe.com\/it\/shop\/prodotto\/arcadia-jungle-dawn-led-bar\/"]}]},{"@type":"ImageObject","inLanguage":"it-IT","@id":"https:\/\/insektenliebe.com\/it\/shop\/prodotto\/arcadia-jungle-dawn-led-bar\/#primaryimage","url":"https:\/\/insektenliebe.com\/wp-content\/uploads\/2025\/05\/Arcadia-Jungle-Dawn-LED-BAR-scaled-3.jpg","contentUrl":"https:\/\/insektenliebe.com\/wp-content\/uploads\/2025\/05\/Arcadia-Jungle-Dawn-LED-BAR-scaled-3.jpg","width":2560,"height":2560,"caption":"Arcadia-Giungla-Aurora-LED-BAR-scalata-3.jpg"},{"@type":"BreadcrumbList","@id":"https:\/\/insektenliebe.com\/it\/shop\/prodotto\/arcadia-jungle-dawn-led-bar\/#breadcrumb","itemListElement":[{"@type":"ListItem","position":1,"name":"Startseite","item":"https:\/\/insektenliebe.com\/it\/"},{"@type":"ListItem","position":2,"name":"Negozio","item":"https:\/\/insektenliebe.com\/it\/negozio\/"},{"@type":"ListItem","position":3,"name":"Arcadia Jungle Dawn LED BAR"}]},{"@type":"WebSite","@id":"https:\/\/insektenliebe.com\/it\/#website","url":"https:\/\/insektenliebe.com\/it\/","name":"Insektenliebe","description":"Dein Zuhause f\u00fcr die kleinen Lebewesen","publisher":{"@id":"https:\/\/insektenliebe.com\/it\/#organization"},"potentialAction":[{"@type":"SearchAction","target":{"@type":"EntryPoint","urlTemplate":"https:\/\/insektenliebe.com\/it\/?s={search_term_string}"},"query-input":{"@type":"PropertyValueSpecification","valueRequired":true,"valueName":"search_term_string"}}],"inLanguage":"it-IT"},{"@type":"Organization","@id":"https:\/\/insektenliebe.com\/it\/#organization","name":"Insektenliebe","url":"https:\/\/insektenliebe.com\/it\/","logo":{"@type":"ImageObject","inLanguage":"it-IT","@id":"https:\/\/insektenliebe.com\/it\/#\/schema\/logo\/image\/","url":"https:\/\/insektenliebe.com\/wp-content\/uploads\/2025\/03\/logo-white.png","contentUrl":"https:\/\/insektenliebe.com\/wp-content\/uploads\/2025\/03\/logo-white.png","width":288,"height":188,"caption":"Insektenliebe"},"image":{"@id":"https:\/\/insektenliebe.com\/it\/#\/schema\/logo\/image\/"}}]}},"_links":{"self":[{"href":"https:\/\/insektenliebe.com\/it\/wp-json\/wp\/v2\/product\/185028","targetHints":{"allow":["GET"]}}],"collection":[{"href":"https:\/\/insektenliebe.com\/it\/wp-json\/wp\/v2\/product"}],"about":[{"href":"https:\/\/insektenliebe.com\/it\/wp-json\/wp\/v2\/types\/product"}],"wp:featuredmedia":[{"embeddable":true,"href":"https:\/\/insektenliebe.com\/it\/wp-json\/wp\/v2\/media\/185031"}],"wp:attachment":[{"href":"https:\/\/insektenliebe.com\/it\/wp-json\/wp\/v2\/media?parent=185028"}],"wp:term":[{"taxonomy":"product-supplier","embeddable":true,"href":"https:\/\/insektenliebe.com\/it\/wp-json\/wp\/v2\/product-supplier?post=185028"},{"taxonomy":"product_brand","embeddable":true,"href":"https:\/\/insektenliebe.com\/it\/wp-json\/wp\/v2\/product_brand?post=185028"},{"taxonomy":"product_cat","embeddable":true,"href":"https:\/\/insektenliebe.com\/it\/wp-json\/wp\/v2\/product_cat?post=185028"},{"taxonomy":"product_tag","embeddable":true,"href":"https:\/\/insektenliebe.com\/it\/wp-json\/wp\/v2\/product_tag?post=185028"},{"taxonomy":"lce-checkout-addons","embeddable":true,"href":"https:\/\/insektenliebe.com\/it\/wp-json\/wp\/v2\/lce-checkout-addons?post=185028"}],"curies":[{"name":"wp","href":"https:\/\/api.w.org\/{rel}","templated":true}]}}