{"id":183810,"date":"2018-03-22T15:59:00","date_gmt":"2018-03-22T14:59:00","guid":{"rendered":"https:\/\/insektenliebe.com\/shop\/produkt\/armadillidium-maculatum-punteruolo-della-zebra\/"},"modified":"2018-03-22T15:59:00","modified_gmt":"2018-03-22T14:59:00","slug":"armadillidium-maculatum-punteruolo-della-zebra","status":"publish","type":"product","link":"https:\/\/insektenliebe.com\/it\/shop\/prodotto\/armadillidium-maculatum-punteruolo-della-zebra\/","title":{"rendered":"Armadillidium maculatum \"Punteruolo della zebra"},"content":{"rendered":"<h3><span style=\"color: #99cc33\">Breve descrizione:<\/span><\/h3>\n<p>L&#8217;Armadillidium maculatum, noto anche come cocciniglia zebrata, \u00e8 una specie di isopode di medie dimensioni originario della regione mediterranea e della Francia meridionale. Gli animali crescono fino a 1,8 cm e devono il loro nome al loro aspetto. Il passaggio da giovane ad adulto richiede circa 6 mesi. Questa specie \u00e8 robusta e facile da allevare. Una femmina pu\u00f2 dare alla luce fino a 4 cucciolate di 300 giovani isopodi all&#8217;anno. La specie \u00e8 piuttosto appariscente, ma in una vasca di grandi dimensioni dovresti scegliere un numero iniziale di esemplari corrispondente per poter osservare gli animali. Come tutte le cocciniglie, l&#8217;Armadillidium maculatum pu\u00f2 raggomitolarsi in una palla chiusa quando viene minacciata.      <\/p>\n<p class=\"font_8\">L&#8217;Armadillidium colpisce per il suo aspetto davvero bello e che d\u00e0 il nome alla specie. I carapaci degli animali sono a strisce bianche e nere. I singoli segmenti del carapace sono arrotondati ai bordi. Le antenne e le zampe del rinoceronte zebrato sono di colore grigio chiaro o scuro. Gli animali appaiono piuttosto tozzi e le antenne sono un po&#8217; pi\u00f9 corte rispetto ad altre specie di isopodi.    <\/p>\n<p>\u00c8 possibile tenere un gruppo di Armadillidium maculatum in contenitori con una capacit\u00e0 di 5 litri o pi\u00f9. \u00c8 importante sapere che questa specie di isopode non si riproduce se non c&#8217;\u00e8 spazio sufficiente. Poich\u00e9 l&#8217;habitat naturale della coccinella zebrata \u00e8 lo strato di lettiera delle foreste decidue, \u00e8 necessario prestare particolare attenzione a questo aspetto. Se vuoi creare un terrario vicino alla natura, scegli come substrato uno strato di humus di foresta decidua, foglie e legno bianco marcio alto circa 10 cm. Su questo strato di substrato vanno sparsi muschio, pezzi di corteccia e foglie. Da un lato, questi elementi servono come riparo, dall&#8217;altro come cibo e per mantenere l&#8217;umidit\u00e0 nella vasca. La vasca dell&#8217;Armadillidium maculatum deve essere sempre mantenuta umida. Tuttavia, i ristagni d&#8217;acqua devono essere evitati a tutti i costi. Un livello di umidit\u00e0 del 60-80% di solito si stabilizza rapidamente da solo con regolari irrorazioni. La temperatura della vasca deve essere compresa tra i 22 e i 26\u00b0C. Gli animali hanno bisogno di calce per costruire il loro carapace, che pu\u00f2 essere fornita sotto forma di seppie, gusci d&#8217;uovo schiacciati o simili. Il legno bianco marcio e le foglie presenti nel substrato servono come cibo. Anche verdure, frutta, fiori e isopodi vengono accettati volentieri.            <\/p>\n<div><\/div>\n<div><\/div>\n","protected":false},"excerpt":{"rendered":"<p>Breve descrizione: L&#8217;Armadillidium maculatum, noto anche come cocciniglia zebrata, \u00e8 una specie di isopode di medie dimensioni originario della regione mediterranea e della Francia meridionale. Gli animali crescono fino a 1,8 cm e devono il loro nome al loro aspetto. Il passaggio da giovane ad adulto richiede circa 6 mesi. Questa specie \u00e8 robusta e [&hellip;]<\/p>\n","protected":false},"featured_media":183811,"template":"","meta":{"_acf_changed":false},"product-supplier":[],"product_brand":[],"product_cat":[2871,2788],"product_tag":[],"lce-checkout-addons":[2746],"class_list":{"0":"post-183810","1":"product","2":"type-product","3":"status-publish","4":"has-post-thumbnail","6":"product_cat-cocciniglia-armadillidium","7":"product_cat-woodlice","8":"product_shipping_class-spedizione-di-animali","9":"pa_herkunft-francia","10":"pa_kontinent-europa","11":"lce-checkout-addons-imballaggio-invernale","13":"first","14":"instock","15":"taxable","16":"shipping-taxable","17":"purchasable","18":"product-type-simple"},"acf":[],"yoast_head":"<!-- This site is optimized with the Yoast SEO plugin v27.3 - https:\/\/yoast.com\/product\/yoast-seo-wordpress\/ -->\n<title>Armadillidium maculatum &quot;Punteruolo della zebra - Insektenliebe<\/title>\n<meta name=\"description\" content=\"Acquista online l&#039;Armadillidium maculatum &quot;Zebrarollassel&quot;. Acquista un perfetto animale da avviamento direttamente dall&#039;allevatore!\" \/>\n<meta name=\"robots\" content=\"index, follow, max-snippet:-1, max-image-preview:large, max-video-preview:-1\" \/>\n<link rel=\"canonical\" href=\"https:\/\/insektenliebe.com\/it\/shop\/prodotto\/armadillidium-maculatum-punteruolo-della-zebra\/\" \/>\n<meta property=\"og:locale\" content=\"it_IT\" \/>\n<meta property=\"og:type\" content=\"article\" \/>\n<meta property=\"og:title\" content=\"Armadillidium maculatum &quot;Punteruolo della zebra - Insektenliebe\" \/>\n<meta property=\"og:description\" content=\"Acquista online l&#039;Armadillidium maculatum &quot;Zebrarollassel&quot;. Acquista un perfetto animale da avviamento direttamente dall&#039;allevatore!\" \/>\n<meta property=\"og:url\" content=\"https:\/\/insektenliebe.com\/it\/shop\/prodotto\/armadillidium-maculatum-punteruolo-della-zebra\/\" \/>\n<meta property=\"og:site_name\" content=\"Insektenliebe\" \/>\n<meta property=\"og:image\" content=\"https:\/\/insektenliebe.com\/wp-content\/uploads\/2025\/05\/Armadillidium-maculatum-_Zebrarollassel_-2.jpg\" \/>\n\t<meta property=\"og:image:width\" content=\"820\" \/>\n\t<meta property=\"og:image:height\" content=\"820\" \/>\n\t<meta property=\"og:image:type\" content=\"image\/jpeg\" \/>\n<meta name=\"twitter:card\" content=\"summary_large_image\" \/>\n<meta name=\"twitter:label1\" content=\"Tempo di lettura stimato\" \/>\n\t<meta name=\"twitter:data1\" content=\"2 minuto\" \/>\n<script type=\"application\/ld+json\" class=\"yoast-schema-graph\">{\"@context\":\"https:\\\/\\\/schema.org\",\"@graph\":[{\"@type\":\"WebPage\",\"@id\":\"https:\\\/\\\/insektenliebe.com\\\/it\\\/shop\\\/prodotto\\\/armadillidium-maculatum-punteruolo-della-zebra\\\/\",\"url\":\"https:\\\/\\\/insektenliebe.com\\\/it\\\/shop\\\/prodotto\\\/armadillidium-maculatum-punteruolo-della-zebra\\\/\",\"name\":\"Armadillidium maculatum \\\"Punteruolo della zebra - Insektenliebe\",\"isPartOf\":{\"@id\":\"https:\\\/\\\/insektenliebe.com\\\/it\\\/#website\"},\"primaryImageOfPage\":{\"@id\":\"https:\\\/\\\/insektenliebe.com\\\/it\\\/shop\\\/prodotto\\\/armadillidium-maculatum-punteruolo-della-zebra\\\/#primaryimage\"},\"image\":{\"@id\":\"https:\\\/\\\/insektenliebe.com\\\/it\\\/shop\\\/prodotto\\\/armadillidium-maculatum-punteruolo-della-zebra\\\/#primaryimage\"},\"thumbnailUrl\":\"https:\\\/\\\/insektenliebe.com\\\/wp-content\\\/uploads\\\/2025\\\/05\\\/Armadillidium-maculatum-_Zebrarollassel_-2.jpg\",\"datePublished\":\"2018-03-22T14:59:00+00:00\",\"description\":\"Acquista online l'Armadillidium maculatum \\\"Zebrarollassel\\\". Acquista un perfetto animale da avviamento direttamente dall'allevatore!\",\"breadcrumb\":{\"@id\":\"https:\\\/\\\/insektenliebe.com\\\/it\\\/shop\\\/prodotto\\\/armadillidium-maculatum-punteruolo-della-zebra\\\/#breadcrumb\"},\"inLanguage\":\"it-IT\",\"potentialAction\":[{\"@type\":\"ReadAction\",\"target\":[\"https:\\\/\\\/insektenliebe.com\\\/it\\\/shop\\\/prodotto\\\/armadillidium-maculatum-punteruolo-della-zebra\\\/\"]}]},{\"@type\":\"ImageObject\",\"inLanguage\":\"it-IT\",\"@id\":\"https:\\\/\\\/insektenliebe.com\\\/it\\\/shop\\\/prodotto\\\/armadillidium-maculatum-punteruolo-della-zebra\\\/#primaryimage\",\"url\":\"https:\\\/\\\/insektenliebe.com\\\/wp-content\\\/uploads\\\/2025\\\/05\\\/Armadillidium-maculatum-_Zebrarollassel_-2.jpg\",\"contentUrl\":\"https:\\\/\\\/insektenliebe.com\\\/wp-content\\\/uploads\\\/2025\\\/05\\\/Armadillidium-maculatum-_Zebrarollassel_-2.jpg\",\"width\":820,\"height\":820,\"caption\":\"Armadillidium-maculatum-_Zebrarollassel_-2.jpg\"},{\"@type\":\"BreadcrumbList\",\"@id\":\"https:\\\/\\\/insektenliebe.com\\\/it\\\/shop\\\/prodotto\\\/armadillidium-maculatum-punteruolo-della-zebra\\\/#breadcrumb\",\"itemListElement\":[{\"@type\":\"ListItem\",\"position\":1,\"name\":\"Startseite\",\"item\":\"https:\\\/\\\/insektenliebe.com\\\/it\\\/\"},{\"@type\":\"ListItem\",\"position\":2,\"name\":\"Negozio\",\"item\":\"https:\\\/\\\/insektenliebe.com\\\/it\\\/negozio\\\/\"},{\"@type\":\"ListItem\",\"position\":3,\"name\":\"Armadillidium maculatum &#8220;Punteruolo della zebra\"}]},{\"@type\":\"WebSite\",\"@id\":\"https:\\\/\\\/insektenliebe.com\\\/it\\\/#website\",\"url\":\"https:\\\/\\\/insektenliebe.com\\\/it\\\/\",\"name\":\"Insektenliebe\",\"description\":\"Dein Zuhause f\u00fcr die kleinen Lebewesen\",\"publisher\":{\"@id\":\"https:\\\/\\\/insektenliebe.com\\\/it\\\/#organization\"},\"potentialAction\":[{\"@type\":\"SearchAction\",\"target\":{\"@type\":\"EntryPoint\",\"urlTemplate\":\"https:\\\/\\\/insektenliebe.com\\\/it\\\/?s={search_term_string}\"},\"query-input\":{\"@type\":\"PropertyValueSpecification\",\"valueRequired\":true,\"valueName\":\"search_term_string\"}}],\"inLanguage\":\"it-IT\"},{\"@type\":\"Organization\",\"@id\":\"https:\\\/\\\/insektenliebe.com\\\/it\\\/#organization\",\"name\":\"Insektenliebe\",\"url\":\"https:\\\/\\\/insektenliebe.com\\\/it\\\/\",\"logo\":{\"@type\":\"ImageObject\",\"inLanguage\":\"it-IT\",\"@id\":\"https:\\\/\\\/insektenliebe.com\\\/it\\\/#\\\/schema\\\/logo\\\/image\\\/\",\"url\":\"https:\\\/\\\/insektenliebe.com\\\/wp-content\\\/uploads\\\/2025\\\/03\\\/logo-white.png\",\"contentUrl\":\"https:\\\/\\\/insektenliebe.com\\\/wp-content\\\/uploads\\\/2025\\\/03\\\/logo-white.png\",\"width\":288,\"height\":188,\"caption\":\"Insektenliebe\"},\"image\":{\"@id\":\"https:\\\/\\\/insektenliebe.com\\\/it\\\/#\\\/schema\\\/logo\\\/image\\\/\"}}]}<\/script>\n<!-- \/ Yoast SEO plugin. -->","yoast_head_json":{"title":"Armadillidium maculatum \"Punteruolo della zebra - Insektenliebe","description":"Acquista online l'Armadillidium maculatum \"Zebrarollassel\". Acquista un perfetto animale da avviamento direttamente dall'allevatore!","robots":{"index":"index","follow":"follow","max-snippet":"max-snippet:-1","max-image-preview":"max-image-preview:large","max-video-preview":"max-video-preview:-1"},"canonical":"https:\/\/insektenliebe.com\/it\/shop\/prodotto\/armadillidium-maculatum-punteruolo-della-zebra\/","og_locale":"it_IT","og_type":"article","og_title":"Armadillidium maculatum \"Punteruolo della zebra - Insektenliebe","og_description":"Acquista online l'Armadillidium maculatum \"Zebrarollassel\". Acquista un perfetto animale da avviamento direttamente dall'allevatore!","og_url":"https:\/\/insektenliebe.com\/it\/shop\/prodotto\/armadillidium-maculatum-punteruolo-della-zebra\/","og_site_name":"Insektenliebe","og_image":[{"width":820,"height":820,"url":"https:\/\/insektenliebe.com\/wp-content\/uploads\/2025\/05\/Armadillidium-maculatum-_Zebrarollassel_-2.jpg","type":"image\/jpeg"}],"twitter_card":"summary_large_image","twitter_misc":{"Tempo di lettura stimato":"2 minuto"},"schema":{"@context":"https:\/\/schema.org","@graph":[{"@type":"WebPage","@id":"https:\/\/insektenliebe.com\/it\/shop\/prodotto\/armadillidium-maculatum-punteruolo-della-zebra\/","url":"https:\/\/insektenliebe.com\/it\/shop\/prodotto\/armadillidium-maculatum-punteruolo-della-zebra\/","name":"Armadillidium maculatum \"Punteruolo della zebra - Insektenliebe","isPartOf":{"@id":"https:\/\/insektenliebe.com\/it\/#website"},"primaryImageOfPage":{"@id":"https:\/\/insektenliebe.com\/it\/shop\/prodotto\/armadillidium-maculatum-punteruolo-della-zebra\/#primaryimage"},"image":{"@id":"https:\/\/insektenliebe.com\/it\/shop\/prodotto\/armadillidium-maculatum-punteruolo-della-zebra\/#primaryimage"},"thumbnailUrl":"https:\/\/insektenliebe.com\/wp-content\/uploads\/2025\/05\/Armadillidium-maculatum-_Zebrarollassel_-2.jpg","datePublished":"2018-03-22T14:59:00+00:00","description":"Acquista online l'Armadillidium maculatum \"Zebrarollassel\". Acquista un perfetto animale da avviamento direttamente dall'allevatore!","breadcrumb":{"@id":"https:\/\/insektenliebe.com\/it\/shop\/prodotto\/armadillidium-maculatum-punteruolo-della-zebra\/#breadcrumb"},"inLanguage":"it-IT","potentialAction":[{"@type":"ReadAction","target":["https:\/\/insektenliebe.com\/it\/shop\/prodotto\/armadillidium-maculatum-punteruolo-della-zebra\/"]}]},{"@type":"ImageObject","inLanguage":"it-IT","@id":"https:\/\/insektenliebe.com\/it\/shop\/prodotto\/armadillidium-maculatum-punteruolo-della-zebra\/#primaryimage","url":"https:\/\/insektenliebe.com\/wp-content\/uploads\/2025\/05\/Armadillidium-maculatum-_Zebrarollassel_-2.jpg","contentUrl":"https:\/\/insektenliebe.com\/wp-content\/uploads\/2025\/05\/Armadillidium-maculatum-_Zebrarollassel_-2.jpg","width":820,"height":820,"caption":"Armadillidium-maculatum-_Zebrarollassel_-2.jpg"},{"@type":"BreadcrumbList","@id":"https:\/\/insektenliebe.com\/it\/shop\/prodotto\/armadillidium-maculatum-punteruolo-della-zebra\/#breadcrumb","itemListElement":[{"@type":"ListItem","position":1,"name":"Startseite","item":"https:\/\/insektenliebe.com\/it\/"},{"@type":"ListItem","position":2,"name":"Negozio","item":"https:\/\/insektenliebe.com\/it\/negozio\/"},{"@type":"ListItem","position":3,"name":"Armadillidium maculatum &#8220;Punteruolo della zebra"}]},{"@type":"WebSite","@id":"https:\/\/insektenliebe.com\/it\/#website","url":"https:\/\/insektenliebe.com\/it\/","name":"Insektenliebe","description":"Dein Zuhause f\u00fcr die kleinen Lebewesen","publisher":{"@id":"https:\/\/insektenliebe.com\/it\/#organization"},"potentialAction":[{"@type":"SearchAction","target":{"@type":"EntryPoint","urlTemplate":"https:\/\/insektenliebe.com\/it\/?s={search_term_string}"},"query-input":{"@type":"PropertyValueSpecification","valueRequired":true,"valueName":"search_term_string"}}],"inLanguage":"it-IT"},{"@type":"Organization","@id":"https:\/\/insektenliebe.com\/it\/#organization","name":"Insektenliebe","url":"https:\/\/insektenliebe.com\/it\/","logo":{"@type":"ImageObject","inLanguage":"it-IT","@id":"https:\/\/insektenliebe.com\/it\/#\/schema\/logo\/image\/","url":"https:\/\/insektenliebe.com\/wp-content\/uploads\/2025\/03\/logo-white.png","contentUrl":"https:\/\/insektenliebe.com\/wp-content\/uploads\/2025\/03\/logo-white.png","width":288,"height":188,"caption":"Insektenliebe"},"image":{"@id":"https:\/\/insektenliebe.com\/it\/#\/schema\/logo\/image\/"}}]}},"_links":{"self":[{"href":"https:\/\/insektenliebe.com\/it\/wp-json\/wp\/v2\/product\/183810","targetHints":{"allow":["GET"]}}],"collection":[{"href":"https:\/\/insektenliebe.com\/it\/wp-json\/wp\/v2\/product"}],"about":[{"href":"https:\/\/insektenliebe.com\/it\/wp-json\/wp\/v2\/types\/product"}],"wp:featuredmedia":[{"embeddable":true,"href":"https:\/\/insektenliebe.com\/it\/wp-json\/wp\/v2\/media\/183811"}],"wp:attachment":[{"href":"https:\/\/insektenliebe.com\/it\/wp-json\/wp\/v2\/media?parent=183810"}],"wp:term":[{"taxonomy":"product-supplier","embeddable":true,"href":"https:\/\/insektenliebe.com\/it\/wp-json\/wp\/v2\/product-supplier?post=183810"},{"taxonomy":"product_brand","embeddable":true,"href":"https:\/\/insektenliebe.com\/it\/wp-json\/wp\/v2\/product_brand?post=183810"},{"taxonomy":"product_cat","embeddable":true,"href":"https:\/\/insektenliebe.com\/it\/wp-json\/wp\/v2\/product_cat?post=183810"},{"taxonomy":"product_tag","embeddable":true,"href":"https:\/\/insektenliebe.com\/it\/wp-json\/wp\/v2\/product_tag?post=183810"},{"taxonomy":"lce-checkout-addons","embeddable":true,"href":"https:\/\/insektenliebe.com\/it\/wp-json\/wp\/v2\/lce-checkout-addons?post=183810"}],"curies":[{"name":"wp","href":"https:\/\/api.w.org\/{rel}","templated":true}]}}