{"id":183808,"date":"2018-03-22T14:05:00","date_gmt":"2018-03-22T13:05:00","guid":{"rendered":"https:\/\/insektenliebe.com\/shop\/produkt\/porcellio-laevis-panda\/"},"modified":"2026-03-11T18:14:26","modified_gmt":"2026-03-11T17:14:26","slug":"porcellio-laevis-panda","status":"publish","type":"product","link":"https:\/\/insektenliebe.com\/it\/shop\/prodotto\/porcellio-laevis-panda\/","title":{"rendered":"Porcellio laevis \"Panda"},"content":{"rendered":"<h3><span style=\"color: #99cc33;\"><strong><span class=\"s1\">Porcellio laevis Panda - il famoso isopode morph bianco e nero<\/span><\/strong><\/span><\/h3>\n<p>Il <strong>Porcellio laevis \"Panda\"<\/strong> \u00e8 una variante di colore coltivata del Porcellio laevis. Questa particolare colorazione \u00e8 conosciuta con molti nomi diversi. Ad esempio, Porcellio laevis \"Dalmation\", Porcellio laevis \"Dairy Cow\", Porcellio laevis \"Dalmatian\", Dalmatian woodlouse o Panda woodlouse. I tanti nomi diversi sono probabilmente dovuti al fatto che questa specie di isopode \u00e8 cosmopolita. <strong>Il Porcellio laevis \"Panda\"<\/strong> pu\u00f2 crescere fino a 2,3 cm e ha un tempo di sviluppo di circa 7-8 mesi. \u00c8 molto prolifico!    <\/p>\n<p class=\"font_8\">Il <strong>Porcellio laevis \"Panda\"<\/strong> ha un corpo piatto e largo. Questa variante di colore \u00e8 caratterizzata da un colore di base che va dal grigio chiaro al bianco latte. Su questo sfondo chiaro, sono presenti macchie scure che sono disposte in modi diversi e variano anche in intensit\u00e0.  <\/p>\n<p class=\"font_8\">Questi animali vivono nello strato di lettiera delle foreste decidue, per questo motivo bisogna cercare di ricreare questo habitat nel terrario. Come substrato si utilizza una miscela di foglie, terra, legno bianco marcio e calce. Uno strato di muschi, pezzi di corteccia e foglie viene posizionato sopra il substrato in modo che gli animali possano trovare dei nascondigli e che il substrato non si secchi cos\u00ec rapidamente. L&#8217;umidit\u00e0 della vasca dovrebbe aggirarsi intorno al 50-70%, quindi bisogna fare attenzione che il substrato sia sempre umido ma non bagnato. <strong>Il Porcellio laevis \"Panda\"<\/strong> \u00e8 una specie di isopode molto robusta e pu\u00f2 essere tenuta anche a livelli di umidit\u00e0 pi\u00f9 elevati se si evitano i ristagni d&#8217;acqua.   <\/p>\n<p class=\"font_8\">Gli isopodi sono pi\u00f9 attivi a temperature comprese tra 18 e 26\u00b0C. Il <strong>Porcellio laevis \"Panda\"<\/strong> pu\u00f2 essere osservato frequentemente, poich\u00e9 questa specie di isopode \u00e8 diurna. Con una densit\u00e0 di popolazione corrispondente, \u00e8 sempre possibile individuarne qualcuno quando si guarda in vasca. I <strong>Porcellio laevis \"Panda\"<\/strong> sono un&#8217;ottima aggiunta a diverse vasche.  Ad esempio, possono essere tranquillamente socializzati con lumache, millepiedi, fasmidi, coleotteri e simili. Molte persone li tengono anche nelle vasche dei rettili come polizia sanitaria, in quanto divorano gli avanzi di cibo e occasionalmente servono come cibo per i rettili. In teoria, il materiale organico contenuto nel substrato sarebbe sufficiente come alimento per gli isopodi, poich\u00e9 \u00e8 anche il cibo principale degli animali in natura. Nel terrario, tuttavia, mangiano volentieri anche verdure, fiori, frutta e cibo per isopodi.   <\/p>\n","protected":false},"excerpt":{"rendered":"<p>Porcellio laevis Panda - il famoso isopode morph bianco e nero Il Porcellio laevis \"Panda\" \u00e8 una variante di colore coltivata del Porcellio laevis. Questa particolare colorazione \u00e8 conosciuta con molti nomi diversi. Ad esempio, Porcellio laevis \"Dalmation\", Porcellio laevis \"Dairy Cow\", Porcellio laevis \"Dalmatian\", Dalmatian woodlouse o Panda woodlouse. I tanti nomi diversi sono [&hellip;]<\/p>\n","protected":false},"featured_media":183809,"template":"","meta":{"_acf_changed":false},"product-supplier":[],"product_brand":[],"product_cat":[2787,2788],"product_tag":[],"lce-checkout-addons":[2746],"class_list":{"0":"post-183808","1":"product","2":"type-product","3":"status-publish","4":"has-post-thumbnail","6":"product_cat-porcellino-di-legno-porcellio","7":"product_cat-woodlice","8":"product_shipping_class-spedizione-di-animali","9":"pa_einsatz-animali-da-mangiare","10":"pa_haltung-allevamento-singolo","11":"pa_haltung-terrario-comunitario","12":"pa_herkunft-cosmopolitan","13":"pa_kontinent-africa","14":"pa_kontinent-asia","15":"pa_kontinent-australia","16":"pa_kontinent-europa","17":"pa_kontinent-nord-america","18":"pa_kontinent-sud-america","19":"lce-checkout-addons-imballaggio-invernale","21":"first","22":"instock","23":"taxable","24":"shipping-taxable","25":"purchasable","26":"product-type-simple"},"acf":[],"yoast_head":"<!-- This site is optimized with the Yoast SEO plugin v27.3 - https:\/\/yoast.com\/product\/yoast-seo-wordpress\/ -->\n<title>Porcellio laevis &quot;Panda - Insektenliebe<\/title>\n<meta name=\"description\" content=\"Acquista online il Porcellio laevis &quot;Panda&quot;. Una delle specie di isopodi pi\u00f9 conosciute in terraristica. Acquista direttamente dall&#039;allevatore!\" \/>\n<meta name=\"robots\" content=\"index, follow, max-snippet:-1, max-image-preview:large, max-video-preview:-1\" \/>\n<link rel=\"canonical\" href=\"https:\/\/insektenliebe.com\/it\/shop\/prodotto\/porcellio-laevis-panda\/\" \/>\n<meta property=\"og:locale\" content=\"it_IT\" \/>\n<meta property=\"og:type\" content=\"article\" \/>\n<meta property=\"og:title\" content=\"Porcellio laevis &quot;Panda - Insektenliebe\" \/>\n<meta property=\"og:description\" content=\"Acquista online il Porcellio laevis &quot;Panda&quot;. Una delle specie di isopodi pi\u00f9 conosciute in terraristica. Acquista direttamente dall&#039;allevatore!\" \/>\n<meta property=\"og:url\" content=\"https:\/\/insektenliebe.com\/it\/shop\/prodotto\/porcellio-laevis-panda\/\" \/>\n<meta property=\"og:site_name\" content=\"Insektenliebe\" \/>\n<meta property=\"article:modified_time\" content=\"2026-03-11T17:14:26+00:00\" \/>\n<meta property=\"og:image\" content=\"https:\/\/insektenliebe.com\/wp-content\/uploads\/2025\/05\/Porcellio-laevis-_Panda_-2.jpg\" \/>\n\t<meta property=\"og:image:width\" content=\"820\" \/>\n\t<meta property=\"og:image:height\" content=\"820\" \/>\n\t<meta property=\"og:image:type\" content=\"image\/jpeg\" \/>\n<meta name=\"twitter:card\" content=\"summary_large_image\" \/>\n<meta name=\"twitter:label1\" content=\"Tempo di lettura stimato\" \/>\n\t<meta name=\"twitter:data1\" content=\"2 minuto\" \/>\n<script type=\"application\/ld+json\" class=\"yoast-schema-graph\">{\"@context\":\"https:\\\/\\\/schema.org\",\"@graph\":[{\"@type\":\"WebPage\",\"@id\":\"https:\\\/\\\/insektenliebe.com\\\/it\\\/shop\\\/prodotto\\\/porcellio-laevis-panda\\\/\",\"url\":\"https:\\\/\\\/insektenliebe.com\\\/it\\\/shop\\\/prodotto\\\/porcellio-laevis-panda\\\/\",\"name\":\"Porcellio laevis \\\"Panda - Insektenliebe\",\"isPartOf\":{\"@id\":\"https:\\\/\\\/insektenliebe.com\\\/it\\\/#website\"},\"primaryImageOfPage\":{\"@id\":\"https:\\\/\\\/insektenliebe.com\\\/it\\\/shop\\\/prodotto\\\/porcellio-laevis-panda\\\/#primaryimage\"},\"image\":{\"@id\":\"https:\\\/\\\/insektenliebe.com\\\/it\\\/shop\\\/prodotto\\\/porcellio-laevis-panda\\\/#primaryimage\"},\"thumbnailUrl\":\"https:\\\/\\\/insektenliebe.com\\\/wp-content\\\/uploads\\\/2025\\\/05\\\/Porcellio-laevis-_Panda_-2.jpg\",\"datePublished\":\"2018-03-22T13:05:00+00:00\",\"dateModified\":\"2026-03-11T17:14:26+00:00\",\"description\":\"Acquista online il Porcellio laevis \\\"Panda\\\". Una delle specie di isopodi pi\u00f9 conosciute in terraristica. Acquista direttamente dall'allevatore!\",\"breadcrumb\":{\"@id\":\"https:\\\/\\\/insektenliebe.com\\\/it\\\/shop\\\/prodotto\\\/porcellio-laevis-panda\\\/#breadcrumb\"},\"inLanguage\":\"it-IT\",\"potentialAction\":[{\"@type\":\"ReadAction\",\"target\":[\"https:\\\/\\\/insektenliebe.com\\\/it\\\/shop\\\/prodotto\\\/porcellio-laevis-panda\\\/\"]}]},{\"@type\":\"ImageObject\",\"inLanguage\":\"it-IT\",\"@id\":\"https:\\\/\\\/insektenliebe.com\\\/it\\\/shop\\\/prodotto\\\/porcellio-laevis-panda\\\/#primaryimage\",\"url\":\"https:\\\/\\\/insektenliebe.com\\\/wp-content\\\/uploads\\\/2025\\\/05\\\/Porcellio-laevis-_Panda_-2.jpg\",\"contentUrl\":\"https:\\\/\\\/insektenliebe.com\\\/wp-content\\\/uploads\\\/2025\\\/05\\\/Porcellio-laevis-_Panda_-2.jpg\",\"width\":820,\"height\":820,\"caption\":\"Porcellio-laevis-_Panda_-2.jpg\"},{\"@type\":\"BreadcrumbList\",\"@id\":\"https:\\\/\\\/insektenliebe.com\\\/it\\\/shop\\\/prodotto\\\/porcellio-laevis-panda\\\/#breadcrumb\",\"itemListElement\":[{\"@type\":\"ListItem\",\"position\":1,\"name\":\"Startseite\",\"item\":\"https:\\\/\\\/insektenliebe.com\\\/it\\\/\"},{\"@type\":\"ListItem\",\"position\":2,\"name\":\"Negozio\",\"item\":\"https:\\\/\\\/insektenliebe.com\\\/it\\\/negozio\\\/\"},{\"@type\":\"ListItem\",\"position\":3,\"name\":\"Porcellio laevis \\\"Panda\"}]},{\"@type\":\"WebSite\",\"@id\":\"https:\\\/\\\/insektenliebe.com\\\/it\\\/#website\",\"url\":\"https:\\\/\\\/insektenliebe.com\\\/it\\\/\",\"name\":\"Insektenliebe\",\"description\":\"Dein Zuhause f\u00fcr die kleinen Lebewesen\",\"publisher\":{\"@id\":\"https:\\\/\\\/insektenliebe.com\\\/it\\\/#organization\"},\"potentialAction\":[{\"@type\":\"SearchAction\",\"target\":{\"@type\":\"EntryPoint\",\"urlTemplate\":\"https:\\\/\\\/insektenliebe.com\\\/it\\\/?s={search_term_string}\"},\"query-input\":{\"@type\":\"PropertyValueSpecification\",\"valueRequired\":true,\"valueName\":\"search_term_string\"}}],\"inLanguage\":\"it-IT\"},{\"@type\":\"Organization\",\"@id\":\"https:\\\/\\\/insektenliebe.com\\\/it\\\/#organization\",\"name\":\"Insektenliebe\",\"url\":\"https:\\\/\\\/insektenliebe.com\\\/it\\\/\",\"logo\":{\"@type\":\"ImageObject\",\"inLanguage\":\"it-IT\",\"@id\":\"https:\\\/\\\/insektenliebe.com\\\/it\\\/#\\\/schema\\\/logo\\\/image\\\/\",\"url\":\"https:\\\/\\\/insektenliebe.com\\\/wp-content\\\/uploads\\\/2025\\\/03\\\/logo-white.png\",\"contentUrl\":\"https:\\\/\\\/insektenliebe.com\\\/wp-content\\\/uploads\\\/2025\\\/03\\\/logo-white.png\",\"width\":288,\"height\":188,\"caption\":\"Insektenliebe\"},\"image\":{\"@id\":\"https:\\\/\\\/insektenliebe.com\\\/it\\\/#\\\/schema\\\/logo\\\/image\\\/\"}}]}<\/script>\n<!-- \/ Yoast SEO plugin. -->","yoast_head_json":{"title":"Porcellio laevis \"Panda - Insektenliebe","description":"Acquista online il Porcellio laevis \"Panda\". Una delle specie di isopodi pi\u00f9 conosciute in terraristica. Acquista direttamente dall'allevatore!","robots":{"index":"index","follow":"follow","max-snippet":"max-snippet:-1","max-image-preview":"max-image-preview:large","max-video-preview":"max-video-preview:-1"},"canonical":"https:\/\/insektenliebe.com\/it\/shop\/prodotto\/porcellio-laevis-panda\/","og_locale":"it_IT","og_type":"article","og_title":"Porcellio laevis \"Panda - Insektenliebe","og_description":"Acquista online il Porcellio laevis \"Panda\". Una delle specie di isopodi pi\u00f9 conosciute in terraristica. Acquista direttamente dall'allevatore!","og_url":"https:\/\/insektenliebe.com\/it\/shop\/prodotto\/porcellio-laevis-panda\/","og_site_name":"Insektenliebe","article_modified_time":"2026-03-11T17:14:26+00:00","og_image":[{"width":820,"height":820,"url":"https:\/\/insektenliebe.com\/wp-content\/uploads\/2025\/05\/Porcellio-laevis-_Panda_-2.jpg","type":"image\/jpeg"}],"twitter_card":"summary_large_image","twitter_misc":{"Tempo di lettura stimato":"2 minuto"},"schema":{"@context":"https:\/\/schema.org","@graph":[{"@type":"WebPage","@id":"https:\/\/insektenliebe.com\/it\/shop\/prodotto\/porcellio-laevis-panda\/","url":"https:\/\/insektenliebe.com\/it\/shop\/prodotto\/porcellio-laevis-panda\/","name":"Porcellio laevis \"Panda - Insektenliebe","isPartOf":{"@id":"https:\/\/insektenliebe.com\/it\/#website"},"primaryImageOfPage":{"@id":"https:\/\/insektenliebe.com\/it\/shop\/prodotto\/porcellio-laevis-panda\/#primaryimage"},"image":{"@id":"https:\/\/insektenliebe.com\/it\/shop\/prodotto\/porcellio-laevis-panda\/#primaryimage"},"thumbnailUrl":"https:\/\/insektenliebe.com\/wp-content\/uploads\/2025\/05\/Porcellio-laevis-_Panda_-2.jpg","datePublished":"2018-03-22T13:05:00+00:00","dateModified":"2026-03-11T17:14:26+00:00","description":"Acquista online il Porcellio laevis \"Panda\". Una delle specie di isopodi pi\u00f9 conosciute in terraristica. Acquista direttamente dall'allevatore!","breadcrumb":{"@id":"https:\/\/insektenliebe.com\/it\/shop\/prodotto\/porcellio-laevis-panda\/#breadcrumb"},"inLanguage":"it-IT","potentialAction":[{"@type":"ReadAction","target":["https:\/\/insektenliebe.com\/it\/shop\/prodotto\/porcellio-laevis-panda\/"]}]},{"@type":"ImageObject","inLanguage":"it-IT","@id":"https:\/\/insektenliebe.com\/it\/shop\/prodotto\/porcellio-laevis-panda\/#primaryimage","url":"https:\/\/insektenliebe.com\/wp-content\/uploads\/2025\/05\/Porcellio-laevis-_Panda_-2.jpg","contentUrl":"https:\/\/insektenliebe.com\/wp-content\/uploads\/2025\/05\/Porcellio-laevis-_Panda_-2.jpg","width":820,"height":820,"caption":"Porcellio-laevis-_Panda_-2.jpg"},{"@type":"BreadcrumbList","@id":"https:\/\/insektenliebe.com\/it\/shop\/prodotto\/porcellio-laevis-panda\/#breadcrumb","itemListElement":[{"@type":"ListItem","position":1,"name":"Startseite","item":"https:\/\/insektenliebe.com\/it\/"},{"@type":"ListItem","position":2,"name":"Negozio","item":"https:\/\/insektenliebe.com\/it\/negozio\/"},{"@type":"ListItem","position":3,"name":"Porcellio laevis \"Panda"}]},{"@type":"WebSite","@id":"https:\/\/insektenliebe.com\/it\/#website","url":"https:\/\/insektenliebe.com\/it\/","name":"Insektenliebe","description":"Dein Zuhause f\u00fcr die kleinen Lebewesen","publisher":{"@id":"https:\/\/insektenliebe.com\/it\/#organization"},"potentialAction":[{"@type":"SearchAction","target":{"@type":"EntryPoint","urlTemplate":"https:\/\/insektenliebe.com\/it\/?s={search_term_string}"},"query-input":{"@type":"PropertyValueSpecification","valueRequired":true,"valueName":"search_term_string"}}],"inLanguage":"it-IT"},{"@type":"Organization","@id":"https:\/\/insektenliebe.com\/it\/#organization","name":"Insektenliebe","url":"https:\/\/insektenliebe.com\/it\/","logo":{"@type":"ImageObject","inLanguage":"it-IT","@id":"https:\/\/insektenliebe.com\/it\/#\/schema\/logo\/image\/","url":"https:\/\/insektenliebe.com\/wp-content\/uploads\/2025\/03\/logo-white.png","contentUrl":"https:\/\/insektenliebe.com\/wp-content\/uploads\/2025\/03\/logo-white.png","width":288,"height":188,"caption":"Insektenliebe"},"image":{"@id":"https:\/\/insektenliebe.com\/it\/#\/schema\/logo\/image\/"}}]}},"_links":{"self":[{"href":"https:\/\/insektenliebe.com\/it\/wp-json\/wp\/v2\/product\/183808","targetHints":{"allow":["GET"]}}],"collection":[{"href":"https:\/\/insektenliebe.com\/it\/wp-json\/wp\/v2\/product"}],"about":[{"href":"https:\/\/insektenliebe.com\/it\/wp-json\/wp\/v2\/types\/product"}],"wp:featuredmedia":[{"embeddable":true,"href":"https:\/\/insektenliebe.com\/it\/wp-json\/wp\/v2\/media\/183809"}],"wp:attachment":[{"href":"https:\/\/insektenliebe.com\/it\/wp-json\/wp\/v2\/media?parent=183808"}],"wp:term":[{"taxonomy":"product-supplier","embeddable":true,"href":"https:\/\/insektenliebe.com\/it\/wp-json\/wp\/v2\/product-supplier?post=183808"},{"taxonomy":"product_brand","embeddable":true,"href":"https:\/\/insektenliebe.com\/it\/wp-json\/wp\/v2\/product_brand?post=183808"},{"taxonomy":"product_cat","embeddable":true,"href":"https:\/\/insektenliebe.com\/it\/wp-json\/wp\/v2\/product_cat?post=183808"},{"taxonomy":"product_tag","embeddable":true,"href":"https:\/\/insektenliebe.com\/it\/wp-json\/wp\/v2\/product_tag?post=183808"},{"taxonomy":"lce-checkout-addons","embeddable":true,"href":"https:\/\/insektenliebe.com\/it\/wp-json\/wp\/v2\/lce-checkout-addons?post=183808"}],"curies":[{"name":"wp","href":"https:\/\/api.w.org\/{rel}","templated":true}]}}