{"id":183805,"date":"2018-03-22T15:53:00","date_gmt":"2018-03-22T14:53:00","guid":{"rendered":"https:\/\/insektenliebe.com\/shop\/produkt\/armadillidium-klugii-montenegro\/"},"modified":"2018-03-22T15:53:00","modified_gmt":"2018-03-22T14:53:00","slug":"armadillidium-klugii-montenegro","status":"publish","type":"product","link":"https:\/\/insektenliebe.com\/it\/shop\/prodotto\/armadillidium-klugii-montenegro\/","title":{"rendered":"Armadillidium klugii \"Montenegro"},"content":{"rendered":"<h3><span style=\"color: #99cc33\">Breve descrizione:<\/span><\/h3>\n<p>Questa specie vive in modo molto gregario e pu\u00f2 essere allevata in modo abbastanza denso con sufficienti nascondigli. Allevare questa specie \u00e8 facile e anche i principianti hanno regolarmente successo. \u00c8 particolarmente impressionante per la sua bellissima colorazione. Il tempo di sviluppo di questa specie di isopode \u00e8 di circa 7 mesi.   <\/p>\n<p class=\"font_8\">L&#8217;Armadillidium klugii \"Montenegro\" ha un carapace chitinoso di colore grigio-viola con un bordo arancione. Sul carapace sono presenti tre file parallele di puntini bianchi. Le antenne, le zampe e quasi tutta la parte inferiore di questa cocciniglia sono grigie.  <\/p>\n<p>\u00c8 possibile tenere un gruppo di Armadillidium klugii \"Montenegro\" in contenitori con una capacit\u00e0 di 5 litri o pi\u00f9. \u00c8 importante sapere che questa specie di isopode non si riprodurr\u00e0 se non c&#8217;\u00e8 spazio sufficiente. Tuttavia, puoi giocare un piccolo trucco e aumentare la \"densit\u00e0 di popolazione\" fornendo molti nascondigli.  <\/p>\n<p>Una miscela di terra, foglie, legno bianco marcio e calce \u00e8 adatta come substrato. Su questo strato di substrato vanno sparsi muschio, pezzi di corteccia e foglie. Da un lato, questi elementi servono come riparo, dall&#8217;altro come cibo e per mantenere l&#8217;umidit\u00e0 nella vasca. A differenza di altre cocciniglie, l&#8217;Armadillidium klugii \"Montenegro\" pu\u00f2 essere tenuto un po&#8217; pi\u00f9 asciutto. Un&#8217;umidit\u00e0 di circa il 60% \u00e8 sufficiente per gli animali. In questo contesto, \u00e8 importante solo assicurarsi che il substrato non si secchi.     <\/p>\n<p>La temperatura della vasca deve essere compresa tra 22 e 24\u00b0C. Gli animali hanno bisogno di calce per costruire il loro carapace, che pu\u00f2 essere somministrata sotto forma di seppie, gusci d&#8217;uovo schiacciati o simili. Il legno bianco marcio e le foglie presenti nel substrato servono come cibo. Si possono somministrare anche verdure, frutta, fiori e cibo per isopodi. Gli isopodi di diverse specie possono essere facilmente socializzati con i millepiedi. Questi piccoli pulitori sono sempre pi\u00f9 utilizzati anche nei terrari per rettili. Gli Armadillidium klugii \"Montenegro\" sono crepuscolari e notturni e di solito rimangono nascosti durante il giorno.      <\/p>\n<div><\/div>\n","protected":false},"excerpt":{"rendered":"<p>Breve descrizione: Questa specie vive in modo molto gregario e pu\u00f2 essere allevata in modo abbastanza denso con sufficienti nascondigli. Allevare questa specie \u00e8 facile e anche i principianti hanno regolarmente successo. \u00c8 particolarmente impressionante per la sua bellissima colorazione. Il tempo di sviluppo di questa specie di isopode \u00e8 di circa 7 mesi. L&#8217;Armadillidium [&hellip;]<\/p>\n","protected":false},"featured_media":183807,"template":"","meta":{"_acf_changed":false},"product-supplier":[],"product_brand":[],"product_cat":[2871,2788],"product_tag":[],"lce-checkout-addons":[2746],"class_list":{"0":"post-183805","1":"product","2":"type-product","3":"status-publish","4":"has-post-thumbnail","6":"product_cat-cocciniglia-armadillidium","7":"product_cat-woodlice","8":"product_shipping_class-spedizione-di-animali","9":"pa_herkunft-montenegro","10":"pa_kontinent-europa","11":"lce-checkout-addons-imballaggio-invernale","13":"first","14":"outofstock","15":"taxable","16":"shipping-taxable","17":"purchasable","18":"product-type-simple"},"acf":[],"yoast_head":"<!-- This site is optimized with the Yoast SEO plugin v27.3 - https:\/\/yoast.com\/product\/yoast-seo-wordpress\/ -->\n<title>Armadillidium klugii &quot;Montenegro - Insektenliebe<\/title>\n<meta name=\"description\" content=\"Acquista online l&#039;Armadillidium klugii &quot;Montenegro&quot;. Una specie fantastica per ogni nuovo arrivato. Acquista direttamente dall&#039;allevatore!\" \/>\n<meta name=\"robots\" content=\"index, follow, max-snippet:-1, max-image-preview:large, max-video-preview:-1\" \/>\n<link rel=\"canonical\" href=\"https:\/\/insektenliebe.com\/it\/shop\/prodotto\/armadillidium-klugii-montenegro\/\" \/>\n<meta property=\"og:locale\" content=\"it_IT\" \/>\n<meta property=\"og:type\" content=\"article\" \/>\n<meta property=\"og:title\" content=\"Armadillidium klugii &quot;Montenegro - Insektenliebe\" \/>\n<meta property=\"og:description\" content=\"Acquista online l&#039;Armadillidium klugii &quot;Montenegro&quot;. Una specie fantastica per ogni nuovo arrivato. Acquista direttamente dall&#039;allevatore!\" \/>\n<meta property=\"og:url\" content=\"https:\/\/insektenliebe.com\/it\/shop\/prodotto\/armadillidium-klugii-montenegro\/\" \/>\n<meta property=\"og:site_name\" content=\"Insektenliebe\" \/>\n<meta property=\"og:image\" content=\"https:\/\/insektenliebe.com\/wp-content\/uploads\/2025\/05\/Armadillidium-klugii-_Montenegro_-2.jpg\" \/>\n\t<meta property=\"og:image:width\" content=\"820\" \/>\n\t<meta property=\"og:image:height\" content=\"820\" \/>\n\t<meta property=\"og:image:type\" content=\"image\/jpeg\" \/>\n<meta name=\"twitter:card\" content=\"summary_large_image\" \/>\n<meta name=\"twitter:label1\" content=\"Tempo di lettura stimato\" \/>\n\t<meta name=\"twitter:data1\" content=\"2 minuto\" \/>\n<script type=\"application\/ld+json\" class=\"yoast-schema-graph\">{\"@context\":\"https:\\\/\\\/schema.org\",\"@graph\":[{\"@type\":\"WebPage\",\"@id\":\"https:\\\/\\\/insektenliebe.com\\\/it\\\/shop\\\/prodotto\\\/armadillidium-klugii-montenegro\\\/\",\"url\":\"https:\\\/\\\/insektenliebe.com\\\/it\\\/shop\\\/prodotto\\\/armadillidium-klugii-montenegro\\\/\",\"name\":\"Armadillidium klugii \\\"Montenegro - Insektenliebe\",\"isPartOf\":{\"@id\":\"https:\\\/\\\/insektenliebe.com\\\/it\\\/#website\"},\"primaryImageOfPage\":{\"@id\":\"https:\\\/\\\/insektenliebe.com\\\/it\\\/shop\\\/prodotto\\\/armadillidium-klugii-montenegro\\\/#primaryimage\"},\"image\":{\"@id\":\"https:\\\/\\\/insektenliebe.com\\\/it\\\/shop\\\/prodotto\\\/armadillidium-klugii-montenegro\\\/#primaryimage\"},\"thumbnailUrl\":\"https:\\\/\\\/insektenliebe.com\\\/wp-content\\\/uploads\\\/2025\\\/05\\\/Armadillidium-klugii-_Montenegro_-2.jpg\",\"datePublished\":\"2018-03-22T14:53:00+00:00\",\"description\":\"Acquista online l'Armadillidium klugii \\\"Montenegro\\\". Una specie fantastica per ogni nuovo arrivato. Acquista direttamente dall'allevatore!\",\"breadcrumb\":{\"@id\":\"https:\\\/\\\/insektenliebe.com\\\/it\\\/shop\\\/prodotto\\\/armadillidium-klugii-montenegro\\\/#breadcrumb\"},\"inLanguage\":\"it-IT\",\"potentialAction\":[{\"@type\":\"ReadAction\",\"target\":[\"https:\\\/\\\/insektenliebe.com\\\/it\\\/shop\\\/prodotto\\\/armadillidium-klugii-montenegro\\\/\"]}]},{\"@type\":\"ImageObject\",\"inLanguage\":\"it-IT\",\"@id\":\"https:\\\/\\\/insektenliebe.com\\\/it\\\/shop\\\/prodotto\\\/armadillidium-klugii-montenegro\\\/#primaryimage\",\"url\":\"https:\\\/\\\/insektenliebe.com\\\/wp-content\\\/uploads\\\/2025\\\/05\\\/Armadillidium-klugii-_Montenegro_-2.jpg\",\"contentUrl\":\"https:\\\/\\\/insektenliebe.com\\\/wp-content\\\/uploads\\\/2025\\\/05\\\/Armadillidium-klugii-_Montenegro_-2.jpg\",\"width\":820,\"height\":820,\"caption\":\"Armadillidium-klugii-_Montenegro_-2.jpg\"},{\"@type\":\"BreadcrumbList\",\"@id\":\"https:\\\/\\\/insektenliebe.com\\\/it\\\/shop\\\/prodotto\\\/armadillidium-klugii-montenegro\\\/#breadcrumb\",\"itemListElement\":[{\"@type\":\"ListItem\",\"position\":1,\"name\":\"Startseite\",\"item\":\"https:\\\/\\\/insektenliebe.com\\\/it\\\/\"},{\"@type\":\"ListItem\",\"position\":2,\"name\":\"Negozio\",\"item\":\"https:\\\/\\\/insektenliebe.com\\\/it\\\/negozio\\\/\"},{\"@type\":\"ListItem\",\"position\":3,\"name\":\"Armadillidium klugii &#8220;Montenegro\"}]},{\"@type\":\"WebSite\",\"@id\":\"https:\\\/\\\/insektenliebe.com\\\/it\\\/#website\",\"url\":\"https:\\\/\\\/insektenliebe.com\\\/it\\\/\",\"name\":\"Insektenliebe\",\"description\":\"Dein Zuhause f\u00fcr die kleinen Lebewesen\",\"publisher\":{\"@id\":\"https:\\\/\\\/insektenliebe.com\\\/it\\\/#organization\"},\"potentialAction\":[{\"@type\":\"SearchAction\",\"target\":{\"@type\":\"EntryPoint\",\"urlTemplate\":\"https:\\\/\\\/insektenliebe.com\\\/it\\\/?s={search_term_string}\"},\"query-input\":{\"@type\":\"PropertyValueSpecification\",\"valueRequired\":true,\"valueName\":\"search_term_string\"}}],\"inLanguage\":\"it-IT\"},{\"@type\":\"Organization\",\"@id\":\"https:\\\/\\\/insektenliebe.com\\\/it\\\/#organization\",\"name\":\"Insektenliebe\",\"url\":\"https:\\\/\\\/insektenliebe.com\\\/it\\\/\",\"logo\":{\"@type\":\"ImageObject\",\"inLanguage\":\"it-IT\",\"@id\":\"https:\\\/\\\/insektenliebe.com\\\/it\\\/#\\\/schema\\\/logo\\\/image\\\/\",\"url\":\"https:\\\/\\\/insektenliebe.com\\\/wp-content\\\/uploads\\\/2025\\\/03\\\/logo-white.png\",\"contentUrl\":\"https:\\\/\\\/insektenliebe.com\\\/wp-content\\\/uploads\\\/2025\\\/03\\\/logo-white.png\",\"width\":288,\"height\":188,\"caption\":\"Insektenliebe\"},\"image\":{\"@id\":\"https:\\\/\\\/insektenliebe.com\\\/it\\\/#\\\/schema\\\/logo\\\/image\\\/\"}}]}<\/script>\n<!-- \/ Yoast SEO plugin. -->","yoast_head_json":{"title":"Armadillidium klugii \"Montenegro - Insektenliebe","description":"Acquista online l'Armadillidium klugii \"Montenegro\". Una specie fantastica per ogni nuovo arrivato. Acquista direttamente dall'allevatore!","robots":{"index":"index","follow":"follow","max-snippet":"max-snippet:-1","max-image-preview":"max-image-preview:large","max-video-preview":"max-video-preview:-1"},"canonical":"https:\/\/insektenliebe.com\/it\/shop\/prodotto\/armadillidium-klugii-montenegro\/","og_locale":"it_IT","og_type":"article","og_title":"Armadillidium klugii \"Montenegro - Insektenliebe","og_description":"Acquista online l'Armadillidium klugii \"Montenegro\". Una specie fantastica per ogni nuovo arrivato. Acquista direttamente dall'allevatore!","og_url":"https:\/\/insektenliebe.com\/it\/shop\/prodotto\/armadillidium-klugii-montenegro\/","og_site_name":"Insektenliebe","og_image":[{"width":820,"height":820,"url":"https:\/\/insektenliebe.com\/wp-content\/uploads\/2025\/05\/Armadillidium-klugii-_Montenegro_-2.jpg","type":"image\/jpeg"}],"twitter_card":"summary_large_image","twitter_misc":{"Tempo di lettura stimato":"2 minuto"},"schema":{"@context":"https:\/\/schema.org","@graph":[{"@type":"WebPage","@id":"https:\/\/insektenliebe.com\/it\/shop\/prodotto\/armadillidium-klugii-montenegro\/","url":"https:\/\/insektenliebe.com\/it\/shop\/prodotto\/armadillidium-klugii-montenegro\/","name":"Armadillidium klugii \"Montenegro - Insektenliebe","isPartOf":{"@id":"https:\/\/insektenliebe.com\/it\/#website"},"primaryImageOfPage":{"@id":"https:\/\/insektenliebe.com\/it\/shop\/prodotto\/armadillidium-klugii-montenegro\/#primaryimage"},"image":{"@id":"https:\/\/insektenliebe.com\/it\/shop\/prodotto\/armadillidium-klugii-montenegro\/#primaryimage"},"thumbnailUrl":"https:\/\/insektenliebe.com\/wp-content\/uploads\/2025\/05\/Armadillidium-klugii-_Montenegro_-2.jpg","datePublished":"2018-03-22T14:53:00+00:00","description":"Acquista online l'Armadillidium klugii \"Montenegro\". Una specie fantastica per ogni nuovo arrivato. Acquista direttamente dall'allevatore!","breadcrumb":{"@id":"https:\/\/insektenliebe.com\/it\/shop\/prodotto\/armadillidium-klugii-montenegro\/#breadcrumb"},"inLanguage":"it-IT","potentialAction":[{"@type":"ReadAction","target":["https:\/\/insektenliebe.com\/it\/shop\/prodotto\/armadillidium-klugii-montenegro\/"]}]},{"@type":"ImageObject","inLanguage":"it-IT","@id":"https:\/\/insektenliebe.com\/it\/shop\/prodotto\/armadillidium-klugii-montenegro\/#primaryimage","url":"https:\/\/insektenliebe.com\/wp-content\/uploads\/2025\/05\/Armadillidium-klugii-_Montenegro_-2.jpg","contentUrl":"https:\/\/insektenliebe.com\/wp-content\/uploads\/2025\/05\/Armadillidium-klugii-_Montenegro_-2.jpg","width":820,"height":820,"caption":"Armadillidium-klugii-_Montenegro_-2.jpg"},{"@type":"BreadcrumbList","@id":"https:\/\/insektenliebe.com\/it\/shop\/prodotto\/armadillidium-klugii-montenegro\/#breadcrumb","itemListElement":[{"@type":"ListItem","position":1,"name":"Startseite","item":"https:\/\/insektenliebe.com\/it\/"},{"@type":"ListItem","position":2,"name":"Negozio","item":"https:\/\/insektenliebe.com\/it\/negozio\/"},{"@type":"ListItem","position":3,"name":"Armadillidium klugii &#8220;Montenegro"}]},{"@type":"WebSite","@id":"https:\/\/insektenliebe.com\/it\/#website","url":"https:\/\/insektenliebe.com\/it\/","name":"Insektenliebe","description":"Dein Zuhause f\u00fcr die kleinen Lebewesen","publisher":{"@id":"https:\/\/insektenliebe.com\/it\/#organization"},"potentialAction":[{"@type":"SearchAction","target":{"@type":"EntryPoint","urlTemplate":"https:\/\/insektenliebe.com\/it\/?s={search_term_string}"},"query-input":{"@type":"PropertyValueSpecification","valueRequired":true,"valueName":"search_term_string"}}],"inLanguage":"it-IT"},{"@type":"Organization","@id":"https:\/\/insektenliebe.com\/it\/#organization","name":"Insektenliebe","url":"https:\/\/insektenliebe.com\/it\/","logo":{"@type":"ImageObject","inLanguage":"it-IT","@id":"https:\/\/insektenliebe.com\/it\/#\/schema\/logo\/image\/","url":"https:\/\/insektenliebe.com\/wp-content\/uploads\/2025\/03\/logo-white.png","contentUrl":"https:\/\/insektenliebe.com\/wp-content\/uploads\/2025\/03\/logo-white.png","width":288,"height":188,"caption":"Insektenliebe"},"image":{"@id":"https:\/\/insektenliebe.com\/it\/#\/schema\/logo\/image\/"}}]}},"_links":{"self":[{"href":"https:\/\/insektenliebe.com\/it\/wp-json\/wp\/v2\/product\/183805","targetHints":{"allow":["GET"]}}],"collection":[{"href":"https:\/\/insektenliebe.com\/it\/wp-json\/wp\/v2\/product"}],"about":[{"href":"https:\/\/insektenliebe.com\/it\/wp-json\/wp\/v2\/types\/product"}],"wp:featuredmedia":[{"embeddable":true,"href":"https:\/\/insektenliebe.com\/it\/wp-json\/wp\/v2\/media\/183807"}],"wp:attachment":[{"href":"https:\/\/insektenliebe.com\/it\/wp-json\/wp\/v2\/media?parent=183805"}],"wp:term":[{"taxonomy":"product-supplier","embeddable":true,"href":"https:\/\/insektenliebe.com\/it\/wp-json\/wp\/v2\/product-supplier?post=183805"},{"taxonomy":"product_brand","embeddable":true,"href":"https:\/\/insektenliebe.com\/it\/wp-json\/wp\/v2\/product_brand?post=183805"},{"taxonomy":"product_cat","embeddable":true,"href":"https:\/\/insektenliebe.com\/it\/wp-json\/wp\/v2\/product_cat?post=183805"},{"taxonomy":"product_tag","embeddable":true,"href":"https:\/\/insektenliebe.com\/it\/wp-json\/wp\/v2\/product_tag?post=183805"},{"taxonomy":"lce-checkout-addons","embeddable":true,"href":"https:\/\/insektenliebe.com\/it\/wp-json\/wp\/v2\/lce-checkout-addons?post=183805"}],"curies":[{"name":"wp","href":"https:\/\/api.w.org\/{rel}","templated":true}]}}