{"id":183789,"date":"2018-03-23T10:39:33","date_gmt":"2018-03-23T10:39:33","guid":{"rendered":"https:\/\/insektenliebe.com\/shop\/produkt\/porcellionides-pruinosus-isopodo-cubano-arancione\/"},"modified":"2018-03-23T10:39:33","modified_gmt":"2018-03-23T09:39:33","slug":"porcellionides-pruinosus-isopodo-cubano-arancione","status":"publish","type":"product","link":"https:\/\/insektenliebe.com\/it\/shop\/prodotto\/porcellionides-pruinosus-isopodo-cubano-arancione\/","title":{"rendered":"Porcellionides pruinosus \"isopodo cubano arancione"},"content":{"rendered":"<h3><span style=\"color: #99cc33\">Breve descrizione:<\/span><\/h3>\n<p class=\"font_8\">Il colore di base di questo morph \u00e8 l&#8217;arancione. Le zampe sono colorate di bianco e le antenne di arancione. Questa colorazione ha origine dalle Porcelliondies pruinosus ed \u00e8 disponibile in commercio da diversi anni.  <\/p>\n<p class=\"font_8\">L'\"isopode cubano\" \u00e8 stata una delle prime specie di isopodi disponibili in terraristica. Deve la sua buona reputazione come animale da terra e da pasto alla sua semplicit\u00e0 di allevamento e riproduzione. Il suo campo d&#8217;impiego \u00e8 ampio e si adatta in modo eccellente a zone climatiche molto diverse.  <\/p>\n<p class=\"font_8\">Il materiale organico contenuto nel substrato viene utilizzato come cibo, oltre a cibo aggiuntivo come verdure, frutta e isopodi. Un ampio strato di fogliame sul substrato viene spesso utilizzato come luogo di alimentazione e nascondiglio. Questa specie trascorre regolarmente del tempo in superficie allo stato adulto e pu\u00f2 essere facilmente osservata. Il tasso di riproduzione di questa specie \u00e8 enorme e a volte supera i limiti. Per questo motivo pu\u00f2 essere utilizzata solo in misura limitata come polizia di fondo per pesci non predatori.    <\/p>\n<div><\/div>\n","protected":false},"excerpt":{"rendered":"<p>Breve descrizione: Il colore di base di questo morph \u00e8 l&#8217;arancione. Le zampe sono colorate di bianco e le antenne di arancione. Questa colorazione ha origine dalle Porcelliondies pruinosus ed \u00e8 disponibile in commercio da diversi anni. L'\"isopode cubano\" \u00e8 stata una delle prime specie di isopodi disponibili in terraristica. Deve la sua buona reputazione [&hellip;]<\/p>\n","protected":false},"featured_media":183790,"template":"","meta":{"_acf_changed":false},"product-supplier":[],"product_brand":[],"product_cat":[2850,2788],"product_tag":[],"lce-checkout-addons":[2746],"class_list":{"0":"post-183789","1":"product","2":"type-product","3":"status-publish","4":"has-post-thumbnail","6":"product_cat-altri-isopodi-merulanella-ecc","7":"product_cat-woodlice","8":"product_shipping_class-spedizione-di-animali","9":"pa_einsatz-animali-da-mangiare","10":"pa_haltung-allevamento-singolo","11":"pa_haltung-terrario-comunitario","12":"pa_herkunft-cosmopolitan","13":"pa_kontinent-africa","14":"pa_kontinent-asia","15":"pa_kontinent-australia","16":"pa_kontinent-europa","17":"pa_kontinent-nord-america","18":"pa_kontinent-sud-america","19":"lce-checkout-addons-imballaggio-invernale","21":"first","22":"outofstock","23":"taxable","24":"shipping-taxable","25":"purchasable","26":"product-type-variable"},"acf":[],"yoast_head":"<!-- This site is optimized with the Yoast SEO plugin v27.3 - https:\/\/yoast.com\/product\/yoast-seo-wordpress\/ -->\n<title>Porcellionides pruinosus &quot;isopodo cubano arancione - Insektenliebe<\/title>\n<meta name=\"description\" content=\"Acquista online le cocciniglie cubane &quot;orange&quot; a basso costo. Acquista isopodi e polizia di terra dall&#039;alimentazione perfetta direttamente dall&#039;allevatore!\" \/>\n<meta name=\"robots\" content=\"index, follow, max-snippet:-1, max-image-preview:large, max-video-preview:-1\" \/>\n<link rel=\"canonical\" href=\"https:\/\/insektenliebe.com\/it\/shop\/prodotto\/porcellionides-pruinosus-isopodo-cubano-arancione\/\" \/>\n<meta property=\"og:locale\" content=\"it_IT\" \/>\n<meta property=\"og:type\" content=\"article\" \/>\n<meta property=\"og:title\" content=\"Porcellionides pruinosus &quot;isopodo cubano arancione - Insektenliebe\" \/>\n<meta property=\"og:description\" content=\"Acquista online le cocciniglie cubane &quot;orange&quot; a basso costo. Acquista isopodi e polizia di terra dall&#039;alimentazione perfetta direttamente dall&#039;allevatore!\" \/>\n<meta property=\"og:url\" content=\"https:\/\/insektenliebe.com\/it\/shop\/prodotto\/porcellionides-pruinosus-isopodo-cubano-arancione\/\" \/>\n<meta property=\"og:site_name\" content=\"Insektenliebe\" \/>\n<meta property=\"og:image\" content=\"https:\/\/insektenliebe.com\/wp-content\/uploads\/2025\/05\/Kubanische-Asseln-_Orange_-2.jpg\" \/>\n\t<meta property=\"og:image:width\" content=\"820\" \/>\n\t<meta property=\"og:image:height\" content=\"820\" \/>\n\t<meta property=\"og:image:type\" content=\"image\/jpeg\" \/>\n<meta name=\"twitter:card\" content=\"summary_large_image\" \/>\n<meta name=\"twitter:label1\" content=\"Tempo di lettura stimato\" \/>\n\t<meta name=\"twitter:data1\" content=\"1 minuto\" \/>\n<script type=\"application\/ld+json\" class=\"yoast-schema-graph\">{\"@context\":\"https:\\\/\\\/schema.org\",\"@graph\":[{\"@type\":\"WebPage\",\"@id\":\"https:\\\/\\\/insektenliebe.com\\\/it\\\/shop\\\/prodotto\\\/porcellionides-pruinosus-isopodo-cubano-arancione\\\/\",\"url\":\"https:\\\/\\\/insektenliebe.com\\\/it\\\/shop\\\/prodotto\\\/porcellionides-pruinosus-isopodo-cubano-arancione\\\/\",\"name\":\"Porcellionides pruinosus \\\"isopodo cubano arancione - Insektenliebe\",\"isPartOf\":{\"@id\":\"https:\\\/\\\/insektenliebe.com\\\/it\\\/#website\"},\"primaryImageOfPage\":{\"@id\":\"https:\\\/\\\/insektenliebe.com\\\/it\\\/shop\\\/prodotto\\\/porcellionides-pruinosus-isopodo-cubano-arancione\\\/#primaryimage\"},\"image\":{\"@id\":\"https:\\\/\\\/insektenliebe.com\\\/it\\\/shop\\\/prodotto\\\/porcellionides-pruinosus-isopodo-cubano-arancione\\\/#primaryimage\"},\"thumbnailUrl\":\"https:\\\/\\\/insektenliebe.com\\\/wp-content\\\/uploads\\\/2025\\\/05\\\/Kubanische-Asseln-_Orange_-2.jpg\",\"datePublished\":\"2018-03-23T10:39:33+00:00\",\"description\":\"Acquista online le cocciniglie cubane \\\"orange\\\" a basso costo. Acquista isopodi e polizia di terra dall'alimentazione perfetta direttamente dall'allevatore!\",\"breadcrumb\":{\"@id\":\"https:\\\/\\\/insektenliebe.com\\\/it\\\/shop\\\/prodotto\\\/porcellionides-pruinosus-isopodo-cubano-arancione\\\/#breadcrumb\"},\"inLanguage\":\"it-IT\",\"potentialAction\":[{\"@type\":\"ReadAction\",\"target\":[\"https:\\\/\\\/insektenliebe.com\\\/it\\\/shop\\\/prodotto\\\/porcellionides-pruinosus-isopodo-cubano-arancione\\\/\"]}]},{\"@type\":\"ImageObject\",\"inLanguage\":\"it-IT\",\"@id\":\"https:\\\/\\\/insektenliebe.com\\\/it\\\/shop\\\/prodotto\\\/porcellionides-pruinosus-isopodo-cubano-arancione\\\/#primaryimage\",\"url\":\"https:\\\/\\\/insektenliebe.com\\\/wp-content\\\/uploads\\\/2025\\\/05\\\/Kubanische-Asseln-_Orange_-2.jpg\",\"contentUrl\":\"https:\\\/\\\/insektenliebe.com\\\/wp-content\\\/uploads\\\/2025\\\/05\\\/Kubanische-Asseln-_Orange_-2.jpg\",\"width\":820,\"height\":820,\"caption\":\"Cuban-Assel-_Orange_-2.jpg\"},{\"@type\":\"BreadcrumbList\",\"@id\":\"https:\\\/\\\/insektenliebe.com\\\/it\\\/shop\\\/prodotto\\\/porcellionides-pruinosus-isopodo-cubano-arancione\\\/#breadcrumb\",\"itemListElement\":[{\"@type\":\"ListItem\",\"position\":1,\"name\":\"Startseite\",\"item\":\"https:\\\/\\\/insektenliebe.com\\\/it\\\/\"},{\"@type\":\"ListItem\",\"position\":2,\"name\":\"Negozio\",\"item\":\"https:\\\/\\\/insektenliebe.com\\\/it\\\/negozio\\\/\"},{\"@type\":\"ListItem\",\"position\":3,\"name\":\"Porcellionides pruinosus &#8220;isopodo cubano arancione\"}]},{\"@type\":\"WebSite\",\"@id\":\"https:\\\/\\\/insektenliebe.com\\\/it\\\/#website\",\"url\":\"https:\\\/\\\/insektenliebe.com\\\/it\\\/\",\"name\":\"Insektenliebe\",\"description\":\"Dein Zuhause f\u00fcr die kleinen Lebewesen\",\"publisher\":{\"@id\":\"https:\\\/\\\/insektenliebe.com\\\/it\\\/#organization\"},\"potentialAction\":[{\"@type\":\"SearchAction\",\"target\":{\"@type\":\"EntryPoint\",\"urlTemplate\":\"https:\\\/\\\/insektenliebe.com\\\/it\\\/?s={search_term_string}\"},\"query-input\":{\"@type\":\"PropertyValueSpecification\",\"valueRequired\":true,\"valueName\":\"search_term_string\"}}],\"inLanguage\":\"it-IT\"},{\"@type\":\"Organization\",\"@id\":\"https:\\\/\\\/insektenliebe.com\\\/it\\\/#organization\",\"name\":\"Insektenliebe\",\"url\":\"https:\\\/\\\/insektenliebe.com\\\/it\\\/\",\"logo\":{\"@type\":\"ImageObject\",\"inLanguage\":\"it-IT\",\"@id\":\"https:\\\/\\\/insektenliebe.com\\\/it\\\/#\\\/schema\\\/logo\\\/image\\\/\",\"url\":\"https:\\\/\\\/insektenliebe.com\\\/wp-content\\\/uploads\\\/2025\\\/03\\\/logo-white.png\",\"contentUrl\":\"https:\\\/\\\/insektenliebe.com\\\/wp-content\\\/uploads\\\/2025\\\/03\\\/logo-white.png\",\"width\":288,\"height\":188,\"caption\":\"Insektenliebe\"},\"image\":{\"@id\":\"https:\\\/\\\/insektenliebe.com\\\/it\\\/#\\\/schema\\\/logo\\\/image\\\/\"}}]}<\/script>\n<!-- \/ Yoast SEO plugin. -->","yoast_head_json":{"title":"Porcellionides pruinosus \"isopodo cubano arancione - Insektenliebe","description":"Acquista online le cocciniglie cubane \"orange\" a basso costo. Acquista isopodi e polizia di terra dall'alimentazione perfetta direttamente dall'allevatore!","robots":{"index":"index","follow":"follow","max-snippet":"max-snippet:-1","max-image-preview":"max-image-preview:large","max-video-preview":"max-video-preview:-1"},"canonical":"https:\/\/insektenliebe.com\/it\/shop\/prodotto\/porcellionides-pruinosus-isopodo-cubano-arancione\/","og_locale":"it_IT","og_type":"article","og_title":"Porcellionides pruinosus \"isopodo cubano arancione - Insektenliebe","og_description":"Acquista online le cocciniglie cubane \"orange\" a basso costo. Acquista isopodi e polizia di terra dall'alimentazione perfetta direttamente dall'allevatore!","og_url":"https:\/\/insektenliebe.com\/it\/shop\/prodotto\/porcellionides-pruinosus-isopodo-cubano-arancione\/","og_site_name":"Insektenliebe","og_image":[{"width":820,"height":820,"url":"https:\/\/insektenliebe.com\/wp-content\/uploads\/2025\/05\/Kubanische-Asseln-_Orange_-2.jpg","type":"image\/jpeg"}],"twitter_card":"summary_large_image","twitter_misc":{"Tempo di lettura stimato":"1 minuto"},"schema":{"@context":"https:\/\/schema.org","@graph":[{"@type":"WebPage","@id":"https:\/\/insektenliebe.com\/it\/shop\/prodotto\/porcellionides-pruinosus-isopodo-cubano-arancione\/","url":"https:\/\/insektenliebe.com\/it\/shop\/prodotto\/porcellionides-pruinosus-isopodo-cubano-arancione\/","name":"Porcellionides pruinosus \"isopodo cubano arancione - Insektenliebe","isPartOf":{"@id":"https:\/\/insektenliebe.com\/it\/#website"},"primaryImageOfPage":{"@id":"https:\/\/insektenliebe.com\/it\/shop\/prodotto\/porcellionides-pruinosus-isopodo-cubano-arancione\/#primaryimage"},"image":{"@id":"https:\/\/insektenliebe.com\/it\/shop\/prodotto\/porcellionides-pruinosus-isopodo-cubano-arancione\/#primaryimage"},"thumbnailUrl":"https:\/\/insektenliebe.com\/wp-content\/uploads\/2025\/05\/Kubanische-Asseln-_Orange_-2.jpg","datePublished":"2018-03-23T10:39:33+00:00","description":"Acquista online le cocciniglie cubane \"orange\" a basso costo. Acquista isopodi e polizia di terra dall'alimentazione perfetta direttamente dall'allevatore!","breadcrumb":{"@id":"https:\/\/insektenliebe.com\/it\/shop\/prodotto\/porcellionides-pruinosus-isopodo-cubano-arancione\/#breadcrumb"},"inLanguage":"it-IT","potentialAction":[{"@type":"ReadAction","target":["https:\/\/insektenliebe.com\/it\/shop\/prodotto\/porcellionides-pruinosus-isopodo-cubano-arancione\/"]}]},{"@type":"ImageObject","inLanguage":"it-IT","@id":"https:\/\/insektenliebe.com\/it\/shop\/prodotto\/porcellionides-pruinosus-isopodo-cubano-arancione\/#primaryimage","url":"https:\/\/insektenliebe.com\/wp-content\/uploads\/2025\/05\/Kubanische-Asseln-_Orange_-2.jpg","contentUrl":"https:\/\/insektenliebe.com\/wp-content\/uploads\/2025\/05\/Kubanische-Asseln-_Orange_-2.jpg","width":820,"height":820,"caption":"Cuban-Assel-_Orange_-2.jpg"},{"@type":"BreadcrumbList","@id":"https:\/\/insektenliebe.com\/it\/shop\/prodotto\/porcellionides-pruinosus-isopodo-cubano-arancione\/#breadcrumb","itemListElement":[{"@type":"ListItem","position":1,"name":"Startseite","item":"https:\/\/insektenliebe.com\/it\/"},{"@type":"ListItem","position":2,"name":"Negozio","item":"https:\/\/insektenliebe.com\/it\/negozio\/"},{"@type":"ListItem","position":3,"name":"Porcellionides pruinosus &#8220;isopodo cubano arancione"}]},{"@type":"WebSite","@id":"https:\/\/insektenliebe.com\/it\/#website","url":"https:\/\/insektenliebe.com\/it\/","name":"Insektenliebe","description":"Dein Zuhause f\u00fcr die kleinen Lebewesen","publisher":{"@id":"https:\/\/insektenliebe.com\/it\/#organization"},"potentialAction":[{"@type":"SearchAction","target":{"@type":"EntryPoint","urlTemplate":"https:\/\/insektenliebe.com\/it\/?s={search_term_string}"},"query-input":{"@type":"PropertyValueSpecification","valueRequired":true,"valueName":"search_term_string"}}],"inLanguage":"it-IT"},{"@type":"Organization","@id":"https:\/\/insektenliebe.com\/it\/#organization","name":"Insektenliebe","url":"https:\/\/insektenliebe.com\/it\/","logo":{"@type":"ImageObject","inLanguage":"it-IT","@id":"https:\/\/insektenliebe.com\/it\/#\/schema\/logo\/image\/","url":"https:\/\/insektenliebe.com\/wp-content\/uploads\/2025\/03\/logo-white.png","contentUrl":"https:\/\/insektenliebe.com\/wp-content\/uploads\/2025\/03\/logo-white.png","width":288,"height":188,"caption":"Insektenliebe"},"image":{"@id":"https:\/\/insektenliebe.com\/it\/#\/schema\/logo\/image\/"}}]}},"_links":{"self":[{"href":"https:\/\/insektenliebe.com\/it\/wp-json\/wp\/v2\/product\/183789","targetHints":{"allow":["GET"]}}],"collection":[{"href":"https:\/\/insektenliebe.com\/it\/wp-json\/wp\/v2\/product"}],"about":[{"href":"https:\/\/insektenliebe.com\/it\/wp-json\/wp\/v2\/types\/product"}],"wp:featuredmedia":[{"embeddable":true,"href":"https:\/\/insektenliebe.com\/it\/wp-json\/wp\/v2\/media\/183790"}],"wp:attachment":[{"href":"https:\/\/insektenliebe.com\/it\/wp-json\/wp\/v2\/media?parent=183789"}],"wp:term":[{"taxonomy":"product-supplier","embeddable":true,"href":"https:\/\/insektenliebe.com\/it\/wp-json\/wp\/v2\/product-supplier?post=183789"},{"taxonomy":"product_brand","embeddable":true,"href":"https:\/\/insektenliebe.com\/it\/wp-json\/wp\/v2\/product_brand?post=183789"},{"taxonomy":"product_cat","embeddable":true,"href":"https:\/\/insektenliebe.com\/it\/wp-json\/wp\/v2\/product_cat?post=183789"},{"taxonomy":"product_tag","embeddable":true,"href":"https:\/\/insektenliebe.com\/it\/wp-json\/wp\/v2\/product_tag?post=183789"},{"taxonomy":"lce-checkout-addons","embeddable":true,"href":"https:\/\/insektenliebe.com\/it\/wp-json\/wp\/v2\/lce-checkout-addons?post=183789"}],"curies":[{"name":"wp","href":"https:\/\/api.w.org\/{rel}","templated":true}]}}