{"id":183786,"date":"2018-03-22T15:25:00","date_gmt":"2018-03-22T14:25:00","guid":{"rendered":"https:\/\/insektenliebe.com\/shop\/produkt\/armadillidium-spec-albino\/"},"modified":"2026-02-27T14:55:04","modified_gmt":"2026-02-27T13:55:04","slug":"armadillidium-spec-albino","status":"publish","type":"product","link":"https:\/\/insektenliebe.com\/it\/shop\/prodotto\/armadillidium-spec-albino\/","title":{"rendered":"Armadillidium spec. \"Albino\""},"content":{"rendered":"<h3><span style=\"color: #99cc33;\"><strong><span class=\"s1\">Armadillidium spec. \"Albino\" - Un&#8217;attrazione di forte impatto nel terrario <\/span><\/strong><\/span><\/h3>\n<p class=\"p1\"><strong><span class=\"s1\">Armadillidium spec. \"Albino\" <\/span><\/strong><span class=\"s2\">  \u00e8 una forma di colore insolita che cattura immediatamente l&#8217;attenzione per il suo aspetto quasi bianco o color crema. A differenza dei rappresentanti di colore selvatico, questa variante appare quasi trasparente e quindi crea accenti impressionanti nel terrario. Si crea un affascinante contrasto, in particolare sul substrato scuro o tra il fogliame marrone, che mette chiaramente in risalto gli animali.  <\/span><\/p>\n<p class=\"p1\"><span class=\"s2\">Come tutti i rappresentanti del genere Armadillidium, anche questa forma ha la capacit\u00e0 di raggomitolarsi completamente in caso di pericolo. In questo modo protegge efficacemente la sua parte inferiore sensibile. Questo tipico comportamento di arricciamento non solo rende le cocciniglie interessanti da osservare, ma le distingue anche chiaramente da altre specie di isopodi.  <\/span><\/p>\n<p class=\"p1\"><span class=\"s1\">Per la conservazione di  <\/span><strong><span class=\"s2\">Armadillidium spec. \"Albino\" <\/span><\/strong><span class=\"s1\">  \u00e8 consigliabile un terrario ben strutturato con zone di umidit\u00e0 chiaramente delimitate. Per questo motivo, \u00e8 bene creare un angolo sempre leggermente umido, mentre il resto dell&#8217;area rimane solo moderatamente umido. In questo modo gli animali possono regolare attivamente la loro posizione. Questa scelta riduce lo stress e favorisce uno sviluppo stabile.   <\/span><\/p>\n<p class=\"p1\"><span class=\"s1\">Una miscela di humus forestale, legno bianco marcio e foglie di foraggio \u00e8 adatta come substrato. L&#8217;humus immagazzina l&#8217;umidit\u00e0, mentre il legno marcio fornisce importanti microrganismi e serve anche come fonte di cibo. Il legno marcio bianco \u00e8 particolarmente apprezzato perch\u00e9 \u00e8 morbido e contiene molti nutrienti. Assicurati che il substrato rimanga sciolto in modo che l&#8217;ossigeno possa circolare e non si verifichino ristagni d&#8217;acqua.   <\/span><\/p>\n<p class=\"p1\"><span class=\"s1\">Uno spesso strato di fogliame non dovrebbe mai mancare. Non solo serve come fonte principale di cibo, ma anche come copertura permanente. Le foglie di quercia o di faggio, in particolare, hanno dimostrato la loro validit\u00e0, in quanto si decompongono lentamente e forniscono quindi un apporto costante di cibo. Allo stesso tempo, sotto le foglie si creano zone di microclima stabile in cui gli isopodi si sentono al sicuro.   <\/span><\/p>\n<p class=\"p1\"><span class=\"s1\">Puoi anche aggiungere piccoli pezzi di legno o di sughero. Questi creano ulteriori nascondigli e aumentano la struttura della vasca. Pi\u00f9 l&#8217;allestimento \u00e8 vario, pi\u00f9 gli animali si comporteranno in modo naturale. Questo non solo favorisce la loro salute, ma ti permette anche di osservare un comportamento pi\u00f9 attivo ed equilibrato.   <\/span><\/p>\n<p class=\"p1\"><span class=\"s2\">L&#8217;umidit\u00e0 deve essere da moderata a elevata e bisogna evitare i ristagni d&#8217;acqua. Una buona ventilazione evita la formazione di muffe e garantisce un microclima stabile. Oltre al fogliame, gli animali accettano volentieri isopodi, verdure e cibo supplementare ricco di proteine in piccole quantit\u00e0.  <\/span><\/p>\n<p class=\"p1\"><span class=\"s2\"><strong><span class=\"s1\">Armadillidium spec. \"Albino\" <\/span><\/strong>  \u00e8 adatto sia per le vasche di specie che come terriccio decorativo nei terrari umidi. Supporta il ciclo biologico in quanto decompone il materiale organico e contribuisce cos\u00ec alla pulizia. Allo stesso tempo, colpisce per il suo aspetto particolare e il suo comportamento tranquillo.  <\/span><\/p>\n<p class=\"p1\"><span class=\"s2\">Se sei alla ricerca di una nappa luminosa e ad alto contrasto, che sia funzionale e decorativa, la nappa  <strong><span class=\"s1\">Armadillidium spec. \"Albino\" <\/span><\/strong><\/span><span class=\"s2\">  una scelta eccellente.<\/span><\/p>\n","protected":false},"excerpt":{"rendered":"<p>Armadillidium spec. \"Albino\" - Un&#8217;attrazione di forte impatto nel terrario Armadillidium spec. \"Albino\" \u00e8 una forma di colore insolita che cattura immediatamente l&#8217;attenzione per il suo aspetto quasi bianco o color crema. A differenza dei rappresentanti di colore selvatico, questa variante appare quasi trasparente e quindi crea accenti impressionanti nel terrario. Si crea un affascinante [&hellip;]<\/p>\n","protected":false},"featured_media":190923,"template":"","meta":{"_acf_changed":false},"product-supplier":[],"product_brand":[],"product_cat":[2871,2788],"product_tag":[],"lce-checkout-addons":[2746],"class_list":{"0":"post-183786","1":"product","2":"type-product","3":"status-publish","4":"has-post-thumbnail","6":"product_cat-cocciniglia-armadillidium","7":"product_cat-woodlice","8":"product_shipping_class-spedizione-di-animali","9":"pa_einsatz-animali-da-mangiare","10":"pa_haltung-allevamento-singolo","11":"pa_haltung-terrario-comunitario","12":"pa_herkunft-giappone","13":"pa_kontinent-asia","14":"lce-checkout-addons-imballaggio-invernale","16":"first","17":"instock","18":"taxable","19":"shipping-taxable","20":"purchasable","21":"product-type-simple"},"acf":[],"yoast_head":"<!-- This site is optimized with the Yoast SEO plugin v27.3 - https:\/\/yoast.com\/product\/yoast-seo-wordpress\/ -->\n<title>Armadillidium spec. &quot;Albino&quot; - Insektenliebe<\/title>\n<meta name=\"description\" content=\"Armadillidium spec. &quot;Albino&quot; - rara cocciniglia bianca con un elevato effetto di contrasto. Ideale per terrari umidi e come polizia di terra.\" \/>\n<meta name=\"robots\" content=\"index, follow, max-snippet:-1, max-image-preview:large, max-video-preview:-1\" \/>\n<link rel=\"canonical\" href=\"https:\/\/insektenliebe.com\/it\/shop\/prodotto\/armadillidium-spec-albino\/\" \/>\n<meta property=\"og:locale\" content=\"it_IT\" \/>\n<meta property=\"og:type\" content=\"article\" \/>\n<meta property=\"og:title\" content=\"Armadillidium spec. &quot;Albino&quot; - Insektenliebe\" \/>\n<meta property=\"og:description\" content=\"Armadillidium spec. &quot;Albino&quot; - rara cocciniglia bianca con un elevato effetto di contrasto. Ideale per terrari umidi e come polizia di terra.\" \/>\n<meta property=\"og:url\" content=\"https:\/\/insektenliebe.com\/it\/shop\/prodotto\/armadillidium-spec-albino\/\" \/>\n<meta property=\"og:site_name\" content=\"Insektenliebe\" \/>\n<meta property=\"article:modified_time\" content=\"2026-02-27T13:55:04+00:00\" \/>\n<meta property=\"og:image\" content=\"https:\/\/insektenliebe.com\/wp-content\/uploads\/2025\/05\/IMG_3262-scaled-3.jpg\" \/>\n\t<meta property=\"og:image:width\" content=\"2560\" \/>\n\t<meta property=\"og:image:height\" content=\"1707\" \/>\n\t<meta property=\"og:image:type\" content=\"image\/jpeg\" \/>\n<meta name=\"twitter:card\" content=\"summary_large_image\" \/>\n<meta name=\"twitter:label1\" content=\"Tempo di lettura stimato\" \/>\n\t<meta name=\"twitter:data1\" content=\"2 minuto\" \/>\n<script type=\"application\/ld+json\" class=\"yoast-schema-graph\">{\"@context\":\"https:\\\/\\\/schema.org\",\"@graph\":[{\"@type\":\"WebPage\",\"@id\":\"https:\\\/\\\/insektenliebe.com\\\/it\\\/shop\\\/prodotto\\\/armadillidium-spec-albino\\\/\",\"url\":\"https:\\\/\\\/insektenliebe.com\\\/it\\\/shop\\\/prodotto\\\/armadillidium-spec-albino\\\/\",\"name\":\"Armadillidium spec. \\\"Albino\\\" - Insektenliebe\",\"isPartOf\":{\"@id\":\"https:\\\/\\\/insektenliebe.com\\\/it\\\/#website\"},\"primaryImageOfPage\":{\"@id\":\"https:\\\/\\\/insektenliebe.com\\\/it\\\/shop\\\/prodotto\\\/armadillidium-spec-albino\\\/#primaryimage\"},\"image\":{\"@id\":\"https:\\\/\\\/insektenliebe.com\\\/it\\\/shop\\\/prodotto\\\/armadillidium-spec-albino\\\/#primaryimage\"},\"thumbnailUrl\":\"https:\\\/\\\/insektenliebe.com\\\/wp-content\\\/uploads\\\/2018\\\/03\\\/Armadillidium-spec.-22Albino22.jpg\",\"datePublished\":\"2018-03-22T14:25:00+00:00\",\"dateModified\":\"2026-02-27T13:55:04+00:00\",\"description\":\"Armadillidium spec. \\\"Albino\\\" - rara cocciniglia bianca con un elevato effetto di contrasto. Ideale per terrari umidi e come polizia di terra.\",\"breadcrumb\":{\"@id\":\"https:\\\/\\\/insektenliebe.com\\\/it\\\/shop\\\/prodotto\\\/armadillidium-spec-albino\\\/#breadcrumb\"},\"inLanguage\":\"it-IT\",\"potentialAction\":[{\"@type\":\"ReadAction\",\"target\":[\"https:\\\/\\\/insektenliebe.com\\\/it\\\/shop\\\/prodotto\\\/armadillidium-spec-albino\\\/\"]}]},{\"@type\":\"ImageObject\",\"inLanguage\":\"it-IT\",\"@id\":\"https:\\\/\\\/insektenliebe.com\\\/it\\\/shop\\\/prodotto\\\/armadillidium-spec-albino\\\/#primaryimage\",\"url\":\"https:\\\/\\\/insektenliebe.com\\\/wp-content\\\/uploads\\\/2018\\\/03\\\/Armadillidium-spec.-22Albino22.jpg\",\"contentUrl\":\"https:\\\/\\\/insektenliebe.com\\\/wp-content\\\/uploads\\\/2018\\\/03\\\/Armadillidium-spec.-22Albino22.jpg\",\"width\":820,\"height\":820,\"caption\":\"Armadillidium spec. \\\"Albino\\\"\"},{\"@type\":\"BreadcrumbList\",\"@id\":\"https:\\\/\\\/insektenliebe.com\\\/it\\\/shop\\\/prodotto\\\/armadillidium-spec-albino\\\/#breadcrumb\",\"itemListElement\":[{\"@type\":\"ListItem\",\"position\":1,\"name\":\"Startseite\",\"item\":\"https:\\\/\\\/insektenliebe.com\\\/it\\\/\"},{\"@type\":\"ListItem\",\"position\":2,\"name\":\"Negozio\",\"item\":\"https:\\\/\\\/insektenliebe.com\\\/it\\\/negozio\\\/\"},{\"@type\":\"ListItem\",\"position\":3,\"name\":\"Armadillidium spec. \\\"Albino\\\"\"}]},{\"@type\":\"WebSite\",\"@id\":\"https:\\\/\\\/insektenliebe.com\\\/it\\\/#website\",\"url\":\"https:\\\/\\\/insektenliebe.com\\\/it\\\/\",\"name\":\"Insektenliebe\",\"description\":\"Dein Zuhause f\u00fcr die kleinen Lebewesen\",\"publisher\":{\"@id\":\"https:\\\/\\\/insektenliebe.com\\\/it\\\/#organization\"},\"potentialAction\":[{\"@type\":\"SearchAction\",\"target\":{\"@type\":\"EntryPoint\",\"urlTemplate\":\"https:\\\/\\\/insektenliebe.com\\\/it\\\/?s={search_term_string}\"},\"query-input\":{\"@type\":\"PropertyValueSpecification\",\"valueRequired\":true,\"valueName\":\"search_term_string\"}}],\"inLanguage\":\"it-IT\"},{\"@type\":\"Organization\",\"@id\":\"https:\\\/\\\/insektenliebe.com\\\/it\\\/#organization\",\"name\":\"Insektenliebe\",\"url\":\"https:\\\/\\\/insektenliebe.com\\\/it\\\/\",\"logo\":{\"@type\":\"ImageObject\",\"inLanguage\":\"it-IT\",\"@id\":\"https:\\\/\\\/insektenliebe.com\\\/it\\\/#\\\/schema\\\/logo\\\/image\\\/\",\"url\":\"https:\\\/\\\/insektenliebe.com\\\/wp-content\\\/uploads\\\/2025\\\/03\\\/logo-white.png\",\"contentUrl\":\"https:\\\/\\\/insektenliebe.com\\\/wp-content\\\/uploads\\\/2025\\\/03\\\/logo-white.png\",\"width\":288,\"height\":188,\"caption\":\"Insektenliebe\"},\"image\":{\"@id\":\"https:\\\/\\\/insektenliebe.com\\\/it\\\/#\\\/schema\\\/logo\\\/image\\\/\"}}]}<\/script>\n<!-- \/ Yoast SEO plugin. -->","yoast_head_json":{"title":"Armadillidium spec. \"Albino\" - Insektenliebe","description":"Armadillidium spec. \"Albino\" - rara cocciniglia bianca con un elevato effetto di contrasto. Ideale per terrari umidi e come polizia di terra.","robots":{"index":"index","follow":"follow","max-snippet":"max-snippet:-1","max-image-preview":"max-image-preview:large","max-video-preview":"max-video-preview:-1"},"canonical":"https:\/\/insektenliebe.com\/it\/shop\/prodotto\/armadillidium-spec-albino\/","og_locale":"it_IT","og_type":"article","og_title":"Armadillidium spec. \"Albino\" - Insektenliebe","og_description":"Armadillidium spec. \"Albino\" - rara cocciniglia bianca con un elevato effetto di contrasto. Ideale per terrari umidi e come polizia di terra.","og_url":"https:\/\/insektenliebe.com\/it\/shop\/prodotto\/armadillidium-spec-albino\/","og_site_name":"Insektenliebe","article_modified_time":"2026-02-27T13:55:04+00:00","og_image":[{"width":2560,"height":1707,"url":"https:\/\/insektenliebe.com\/wp-content\/uploads\/2025\/05\/IMG_3262-scaled-3.jpg","type":"image\/jpeg"}],"twitter_card":"summary_large_image","twitter_misc":{"Tempo di lettura stimato":"2 minuto"},"schema":{"@context":"https:\/\/schema.org","@graph":[{"@type":"WebPage","@id":"https:\/\/insektenliebe.com\/it\/shop\/prodotto\/armadillidium-spec-albino\/","url":"https:\/\/insektenliebe.com\/it\/shop\/prodotto\/armadillidium-spec-albino\/","name":"Armadillidium spec. \"Albino\" - Insektenliebe","isPartOf":{"@id":"https:\/\/insektenliebe.com\/it\/#website"},"primaryImageOfPage":{"@id":"https:\/\/insektenliebe.com\/it\/shop\/prodotto\/armadillidium-spec-albino\/#primaryimage"},"image":{"@id":"https:\/\/insektenliebe.com\/it\/shop\/prodotto\/armadillidium-spec-albino\/#primaryimage"},"thumbnailUrl":"https:\/\/insektenliebe.com\/wp-content\/uploads\/2018\/03\/Armadillidium-spec.-22Albino22.jpg","datePublished":"2018-03-22T14:25:00+00:00","dateModified":"2026-02-27T13:55:04+00:00","description":"Armadillidium spec. \"Albino\" - rara cocciniglia bianca con un elevato effetto di contrasto. Ideale per terrari umidi e come polizia di terra.","breadcrumb":{"@id":"https:\/\/insektenliebe.com\/it\/shop\/prodotto\/armadillidium-spec-albino\/#breadcrumb"},"inLanguage":"it-IT","potentialAction":[{"@type":"ReadAction","target":["https:\/\/insektenliebe.com\/it\/shop\/prodotto\/armadillidium-spec-albino\/"]}]},{"@type":"ImageObject","inLanguage":"it-IT","@id":"https:\/\/insektenliebe.com\/it\/shop\/prodotto\/armadillidium-spec-albino\/#primaryimage","url":"https:\/\/insektenliebe.com\/wp-content\/uploads\/2018\/03\/Armadillidium-spec.-22Albino22.jpg","contentUrl":"https:\/\/insektenliebe.com\/wp-content\/uploads\/2018\/03\/Armadillidium-spec.-22Albino22.jpg","width":820,"height":820,"caption":"Armadillidium spec. \"Albino\""},{"@type":"BreadcrumbList","@id":"https:\/\/insektenliebe.com\/it\/shop\/prodotto\/armadillidium-spec-albino\/#breadcrumb","itemListElement":[{"@type":"ListItem","position":1,"name":"Startseite","item":"https:\/\/insektenliebe.com\/it\/"},{"@type":"ListItem","position":2,"name":"Negozio","item":"https:\/\/insektenliebe.com\/it\/negozio\/"},{"@type":"ListItem","position":3,"name":"Armadillidium spec. \"Albino\""}]},{"@type":"WebSite","@id":"https:\/\/insektenliebe.com\/it\/#website","url":"https:\/\/insektenliebe.com\/it\/","name":"Insektenliebe","description":"Dein Zuhause f\u00fcr die kleinen Lebewesen","publisher":{"@id":"https:\/\/insektenliebe.com\/it\/#organization"},"potentialAction":[{"@type":"SearchAction","target":{"@type":"EntryPoint","urlTemplate":"https:\/\/insektenliebe.com\/it\/?s={search_term_string}"},"query-input":{"@type":"PropertyValueSpecification","valueRequired":true,"valueName":"search_term_string"}}],"inLanguage":"it-IT"},{"@type":"Organization","@id":"https:\/\/insektenliebe.com\/it\/#organization","name":"Insektenliebe","url":"https:\/\/insektenliebe.com\/it\/","logo":{"@type":"ImageObject","inLanguage":"it-IT","@id":"https:\/\/insektenliebe.com\/it\/#\/schema\/logo\/image\/","url":"https:\/\/insektenliebe.com\/wp-content\/uploads\/2025\/03\/logo-white.png","contentUrl":"https:\/\/insektenliebe.com\/wp-content\/uploads\/2025\/03\/logo-white.png","width":288,"height":188,"caption":"Insektenliebe"},"image":{"@id":"https:\/\/insektenliebe.com\/it\/#\/schema\/logo\/image\/"}}]}},"_links":{"self":[{"href":"https:\/\/insektenliebe.com\/it\/wp-json\/wp\/v2\/product\/183786","targetHints":{"allow":["GET"]}}],"collection":[{"href":"https:\/\/insektenliebe.com\/it\/wp-json\/wp\/v2\/product"}],"about":[{"href":"https:\/\/insektenliebe.com\/it\/wp-json\/wp\/v2\/types\/product"}],"wp:featuredmedia":[{"embeddable":true,"href":"https:\/\/insektenliebe.com\/it\/wp-json\/wp\/v2\/media\/190923"}],"wp:attachment":[{"href":"https:\/\/insektenliebe.com\/it\/wp-json\/wp\/v2\/media?parent=183786"}],"wp:term":[{"taxonomy":"product-supplier","embeddable":true,"href":"https:\/\/insektenliebe.com\/it\/wp-json\/wp\/v2\/product-supplier?post=183786"},{"taxonomy":"product_brand","embeddable":true,"href":"https:\/\/insektenliebe.com\/it\/wp-json\/wp\/v2\/product_brand?post=183786"},{"taxonomy":"product_cat","embeddable":true,"href":"https:\/\/insektenliebe.com\/it\/wp-json\/wp\/v2\/product_cat?post=183786"},{"taxonomy":"product_tag","embeddable":true,"href":"https:\/\/insektenliebe.com\/it\/wp-json\/wp\/v2\/product_tag?post=183786"},{"taxonomy":"lce-checkout-addons","embeddable":true,"href":"https:\/\/insektenliebe.com\/it\/wp-json\/wp\/v2\/lce-checkout-addons?post=183786"}],"curies":[{"name":"wp","href":"https:\/\/api.w.org\/{rel}","templated":true}]}}