{"id":183776,"date":"2018-03-23T14:33:13","date_gmt":"2018-03-23T14:33:13","guid":{"rendered":"https:\/\/insektenliebe.com\/shop\/produkt\/porcellio-ornatus-giallo\/"},"modified":"2018-03-23T14:33:13","modified_gmt":"2018-03-23T13:33:13","slug":"porcellio-ornatus-giallo","status":"publish","type":"product","link":"https:\/\/insektenliebe.com\/it\/shop\/prodotto\/porcellio-ornatus-giallo\/","title":{"rendered":"Porcellio ornatus \"Giallo"},"content":{"rendered":"<h3 class=\"p1\"><span style=\"color: #99cc33\"><strong><span class=\"s1\">Brillante, vigile, attivo: innamorati del Porcellio ornatus \"Yellow\".<\/span><\/strong><\/span><\/h3>\n<p class=\"p1\"><span class=\"s1\">Il <strong>Porcellio ornatus \"Yellow\"<\/strong> \u00e8 una delle specie di isopodi dai colori pi\u00f9 intensi che si possano trovare nell&#8217;hobby. Gli animali presentano un disegno di base scuro, completato da forti strisce o punti gialli. Questi chiari accenti di colore rendono la specie immediatamente riconoscibile nel terrario e la fanno sembrare quasi esotica. Molti allevatori amano proprio questo contrasto, perch\u00e9 gli animali rimangono ben visibili anche in spazi densamente arredati. Inoltre sono curiosi e spesso attivi, il che significa che spesso possono essere osservati durante il giorno.    <\/span><\/p>\n<p class=\"p1\"><span class=\"s1\">Questa specie \u00e8 originaria di regioni pi\u00f9 calde e quindi preferisce un microclima leggermente tropicale. Ha sempre bisogno di una zona umida per potersi ritirare e fare la muta con facilit\u00e0. Inoltre, dovrebbe esserci sempre una zona pi\u00f9 asciutta, perch\u00e9 gli animali amano muoversi in quella zona. Questa combinazione crea un clima stabile in cui il <strong>Porcellio ornatus \"Yellow\"<\/strong> si sente molto a suo agio. Il comportamento appare pi\u00f9 equilibrato e la colonia si mostra pi\u00f9 spesso, il che rende l&#8217;osservazione ancora pi\u00f9 emozionante.    <\/span><\/p>\n<p class=\"p1\"><span class=\"s1\">Foglie e legno bianco marcio sono alimenti adatti, anche se gli animali hanno bisogno di fonti proteiche aggiuntive a causa del loro fabbisogno proteico pi\u00f9 elevato. Il cibo per pesci, le proteine degli isopodi o piccole quantit\u00e0 di verdure sono facilmente accettate. Poich\u00e9 i <strong>Porcellio ornatus \"Yellow\"<\/strong> hanno un comportamento alimentare veloce, mantengono pulito il terrario e decompongono in modo affidabile il materiale organico. Sono quindi ideali per terrari bioattivi con rettili, ragni o anfibi, a patto che ci siano abbastanza nascondigli.   <\/span><\/p>\n<p class=\"p1\"><span class=\"s1\">Le colonie si sviluppano lentamente, ma rimangono stabili se l&#8217;umidit\u00e0 e l&#8217;alimentazione sono mantenute costanti. Questi animali sono adatti a chi preferisce isopodi colorati, attivi e di grandi dimensioni. La loro sorprendente colorazione gialla li rende quasi dei piccoli punti luce nel terrario che catturano immediatamente l&#8217;attenzione. Molti allevatori apprezzano questa specie perch\u00e9 \u00e8 visibile anche alla luce del giorno e mostra un comportamento vivace.   <\/span><\/p>\n<p class=\"p1\"><span class=\"s1\">Il <strong>Porcellio ornatus \"Yellow\"<\/strong> \u00e8 quindi una specie di isopode per chi cerca qualcosa di speciale. Questi animali apportano colore, movimento e un equilibrio naturale a qualsiasi allestimento. Se vuoi valorizzare visivamente il tuo terrario e allo stesso tempo mantenere una specie robusta e stimolante, questa forma cromatica \u00e8 proprio quello che fa per te.  <\/span><\/p>\n","protected":false},"excerpt":{"rendered":"<p>Brillante, vigile, attivo: innamorati del Porcellio ornatus \"Yellow\". Il Porcellio ornatus \"Yellow\" \u00e8 una delle specie di isopodi dai colori pi\u00f9 intensi che si possano trovare nell&#8217;hobby. Gli animali presentano un disegno di base scuro, completato da forti strisce o punti gialli. Questi chiari accenti di colore rendono la specie immediatamente riconoscibile nel terrario e [&hellip;]<\/p>\n","protected":false},"featured_media":183778,"template":"","meta":{"_acf_changed":false},"product-supplier":[],"product_brand":[],"product_cat":[2787,2788],"product_tag":[],"lce-checkout-addons":[2746],"class_list":{"0":"post-183776","1":"product","2":"type-product","3":"status-publish","4":"has-post-thumbnail","6":"product_cat-porcellino-di-legno-porcellio","7":"product_cat-woodlice","8":"product_shipping_class-spedizione-di-animali","9":"pa_einsatz-mostra-gli-animali","10":"pa_haltung-allevamento-singolo","11":"pa_haltung-terrario-comunitario","12":"pa_herkunft-spagna","13":"pa_kontinent-europa","14":"lce-checkout-addons-imballaggio-invernale","16":"first","17":"outofstock","18":"taxable","19":"shipping-taxable","20":"purchasable","21":"product-type-simple"},"acf":[],"yoast_head":"<!-- This site is optimized with the Yoast SEO plugin v27.3 - https:\/\/yoast.com\/product\/yoast-seo-wordpress\/ -->\n<title>Porcellio ornatus &quot;Giallo - Insektenliebe<\/title>\n<meta name=\"description\" content=\"Acquista online il Porcellio ornatus &quot;Giallo&quot;. Si tratta di una specie molto attiva e bella da osservare. Acquista direttamente dall&#039;allevatore!\" \/>\n<meta name=\"robots\" content=\"index, follow, max-snippet:-1, max-image-preview:large, max-video-preview:-1\" \/>\n<link rel=\"canonical\" href=\"https:\/\/insektenliebe.com\/it\/shop\/prodotto\/porcellio-ornatus-giallo\/\" \/>\n<meta property=\"og:locale\" content=\"it_IT\" \/>\n<meta property=\"og:type\" content=\"article\" \/>\n<meta property=\"og:title\" content=\"Porcellio ornatus &quot;Giallo - Insektenliebe\" \/>\n<meta property=\"og:description\" content=\"Acquista online il Porcellio ornatus &quot;Giallo&quot;. Si tratta di una specie molto attiva e bella da osservare. Acquista direttamente dall&#039;allevatore!\" \/>\n<meta property=\"og:url\" content=\"https:\/\/insektenliebe.com\/it\/shop\/prodotto\/porcellio-ornatus-giallo\/\" \/>\n<meta property=\"og:site_name\" content=\"Insektenliebe\" \/>\n<meta property=\"og:image\" content=\"https:\/\/insektenliebe.com\/wp-content\/uploads\/2025\/05\/Porcellio-ornatus-_Yellow_-2.jpg\" \/>\n\t<meta property=\"og:image:width\" content=\"820\" \/>\n\t<meta property=\"og:image:height\" content=\"820\" \/>\n\t<meta property=\"og:image:type\" content=\"image\/jpeg\" \/>\n<meta name=\"twitter:card\" content=\"summary_large_image\" \/>\n<meta name=\"twitter:label1\" content=\"Tempo di lettura stimato\" \/>\n\t<meta name=\"twitter:data1\" content=\"2 minuto\" \/>\n<script type=\"application\/ld+json\" class=\"yoast-schema-graph\">{\"@context\":\"https:\\\/\\\/schema.org\",\"@graph\":[{\"@type\":\"WebPage\",\"@id\":\"https:\\\/\\\/insektenliebe.com\\\/it\\\/shop\\\/prodotto\\\/porcellio-ornatus-giallo\\\/\",\"url\":\"https:\\\/\\\/insektenliebe.com\\\/it\\\/shop\\\/prodotto\\\/porcellio-ornatus-giallo\\\/\",\"name\":\"Porcellio ornatus \\\"Giallo - Insektenliebe\",\"isPartOf\":{\"@id\":\"https:\\\/\\\/insektenliebe.com\\\/it\\\/#website\"},\"primaryImageOfPage\":{\"@id\":\"https:\\\/\\\/insektenliebe.com\\\/it\\\/shop\\\/prodotto\\\/porcellio-ornatus-giallo\\\/#primaryimage\"},\"image\":{\"@id\":\"https:\\\/\\\/insektenliebe.com\\\/it\\\/shop\\\/prodotto\\\/porcellio-ornatus-giallo\\\/#primaryimage\"},\"thumbnailUrl\":\"https:\\\/\\\/insektenliebe.com\\\/wp-content\\\/uploads\\\/2025\\\/05\\\/Porcellio-ornatus-_Yellow_-2.jpg\",\"datePublished\":\"2018-03-23T14:33:13+00:00\",\"description\":\"Acquista online il Porcellio ornatus \\\"Giallo\\\". Si tratta di una specie molto attiva e bella da osservare. Acquista direttamente dall'allevatore!\",\"breadcrumb\":{\"@id\":\"https:\\\/\\\/insektenliebe.com\\\/it\\\/shop\\\/prodotto\\\/porcellio-ornatus-giallo\\\/#breadcrumb\"},\"inLanguage\":\"it-IT\",\"potentialAction\":[{\"@type\":\"ReadAction\",\"target\":[\"https:\\\/\\\/insektenliebe.com\\\/it\\\/shop\\\/prodotto\\\/porcellio-ornatus-giallo\\\/\"]}]},{\"@type\":\"ImageObject\",\"inLanguage\":\"it-IT\",\"@id\":\"https:\\\/\\\/insektenliebe.com\\\/it\\\/shop\\\/prodotto\\\/porcellio-ornatus-giallo\\\/#primaryimage\",\"url\":\"https:\\\/\\\/insektenliebe.com\\\/wp-content\\\/uploads\\\/2025\\\/05\\\/Porcellio-ornatus-_Yellow_-2.jpg\",\"contentUrl\":\"https:\\\/\\\/insektenliebe.com\\\/wp-content\\\/uploads\\\/2025\\\/05\\\/Porcellio-ornatus-_Yellow_-2.jpg\",\"width\":820,\"height\":820,\"caption\":\"Porcellio-ornatus-_Yellow_-2.jpg\"},{\"@type\":\"BreadcrumbList\",\"@id\":\"https:\\\/\\\/insektenliebe.com\\\/it\\\/shop\\\/prodotto\\\/porcellio-ornatus-giallo\\\/#breadcrumb\",\"itemListElement\":[{\"@type\":\"ListItem\",\"position\":1,\"name\":\"Startseite\",\"item\":\"https:\\\/\\\/insektenliebe.com\\\/it\\\/\"},{\"@type\":\"ListItem\",\"position\":2,\"name\":\"Negozio\",\"item\":\"https:\\\/\\\/insektenliebe.com\\\/it\\\/negozio\\\/\"},{\"@type\":\"ListItem\",\"position\":3,\"name\":\"Porcellio ornatus &#8220;Giallo\"}]},{\"@type\":\"WebSite\",\"@id\":\"https:\\\/\\\/insektenliebe.com\\\/it\\\/#website\",\"url\":\"https:\\\/\\\/insektenliebe.com\\\/it\\\/\",\"name\":\"Insektenliebe\",\"description\":\"Dein Zuhause f\u00fcr die kleinen Lebewesen\",\"publisher\":{\"@id\":\"https:\\\/\\\/insektenliebe.com\\\/it\\\/#organization\"},\"potentialAction\":[{\"@type\":\"SearchAction\",\"target\":{\"@type\":\"EntryPoint\",\"urlTemplate\":\"https:\\\/\\\/insektenliebe.com\\\/it\\\/?s={search_term_string}\"},\"query-input\":{\"@type\":\"PropertyValueSpecification\",\"valueRequired\":true,\"valueName\":\"search_term_string\"}}],\"inLanguage\":\"it-IT\"},{\"@type\":\"Organization\",\"@id\":\"https:\\\/\\\/insektenliebe.com\\\/it\\\/#organization\",\"name\":\"Insektenliebe\",\"url\":\"https:\\\/\\\/insektenliebe.com\\\/it\\\/\",\"logo\":{\"@type\":\"ImageObject\",\"inLanguage\":\"it-IT\",\"@id\":\"https:\\\/\\\/insektenliebe.com\\\/it\\\/#\\\/schema\\\/logo\\\/image\\\/\",\"url\":\"https:\\\/\\\/insektenliebe.com\\\/wp-content\\\/uploads\\\/2025\\\/03\\\/logo-white.png\",\"contentUrl\":\"https:\\\/\\\/insektenliebe.com\\\/wp-content\\\/uploads\\\/2025\\\/03\\\/logo-white.png\",\"width\":288,\"height\":188,\"caption\":\"Insektenliebe\"},\"image\":{\"@id\":\"https:\\\/\\\/insektenliebe.com\\\/it\\\/#\\\/schema\\\/logo\\\/image\\\/\"}}]}<\/script>\n<!-- \/ Yoast SEO plugin. -->","yoast_head_json":{"title":"Porcellio ornatus \"Giallo - Insektenliebe","description":"Acquista online il Porcellio ornatus \"Giallo\". Si tratta di una specie molto attiva e bella da osservare. Acquista direttamente dall'allevatore!","robots":{"index":"index","follow":"follow","max-snippet":"max-snippet:-1","max-image-preview":"max-image-preview:large","max-video-preview":"max-video-preview:-1"},"canonical":"https:\/\/insektenliebe.com\/it\/shop\/prodotto\/porcellio-ornatus-giallo\/","og_locale":"it_IT","og_type":"article","og_title":"Porcellio ornatus \"Giallo - Insektenliebe","og_description":"Acquista online il Porcellio ornatus \"Giallo\". Si tratta di una specie molto attiva e bella da osservare. Acquista direttamente dall'allevatore!","og_url":"https:\/\/insektenliebe.com\/it\/shop\/prodotto\/porcellio-ornatus-giallo\/","og_site_name":"Insektenliebe","og_image":[{"width":820,"height":820,"url":"https:\/\/insektenliebe.com\/wp-content\/uploads\/2025\/05\/Porcellio-ornatus-_Yellow_-2.jpg","type":"image\/jpeg"}],"twitter_card":"summary_large_image","twitter_misc":{"Tempo di lettura stimato":"2 minuto"},"schema":{"@context":"https:\/\/schema.org","@graph":[{"@type":"WebPage","@id":"https:\/\/insektenliebe.com\/it\/shop\/prodotto\/porcellio-ornatus-giallo\/","url":"https:\/\/insektenliebe.com\/it\/shop\/prodotto\/porcellio-ornatus-giallo\/","name":"Porcellio ornatus \"Giallo - Insektenliebe","isPartOf":{"@id":"https:\/\/insektenliebe.com\/it\/#website"},"primaryImageOfPage":{"@id":"https:\/\/insektenliebe.com\/it\/shop\/prodotto\/porcellio-ornatus-giallo\/#primaryimage"},"image":{"@id":"https:\/\/insektenliebe.com\/it\/shop\/prodotto\/porcellio-ornatus-giallo\/#primaryimage"},"thumbnailUrl":"https:\/\/insektenliebe.com\/wp-content\/uploads\/2025\/05\/Porcellio-ornatus-_Yellow_-2.jpg","datePublished":"2018-03-23T14:33:13+00:00","description":"Acquista online il Porcellio ornatus \"Giallo\". Si tratta di una specie molto attiva e bella da osservare. Acquista direttamente dall'allevatore!","breadcrumb":{"@id":"https:\/\/insektenliebe.com\/it\/shop\/prodotto\/porcellio-ornatus-giallo\/#breadcrumb"},"inLanguage":"it-IT","potentialAction":[{"@type":"ReadAction","target":["https:\/\/insektenliebe.com\/it\/shop\/prodotto\/porcellio-ornatus-giallo\/"]}]},{"@type":"ImageObject","inLanguage":"it-IT","@id":"https:\/\/insektenliebe.com\/it\/shop\/prodotto\/porcellio-ornatus-giallo\/#primaryimage","url":"https:\/\/insektenliebe.com\/wp-content\/uploads\/2025\/05\/Porcellio-ornatus-_Yellow_-2.jpg","contentUrl":"https:\/\/insektenliebe.com\/wp-content\/uploads\/2025\/05\/Porcellio-ornatus-_Yellow_-2.jpg","width":820,"height":820,"caption":"Porcellio-ornatus-_Yellow_-2.jpg"},{"@type":"BreadcrumbList","@id":"https:\/\/insektenliebe.com\/it\/shop\/prodotto\/porcellio-ornatus-giallo\/#breadcrumb","itemListElement":[{"@type":"ListItem","position":1,"name":"Startseite","item":"https:\/\/insektenliebe.com\/it\/"},{"@type":"ListItem","position":2,"name":"Negozio","item":"https:\/\/insektenliebe.com\/it\/negozio\/"},{"@type":"ListItem","position":3,"name":"Porcellio ornatus &#8220;Giallo"}]},{"@type":"WebSite","@id":"https:\/\/insektenliebe.com\/it\/#website","url":"https:\/\/insektenliebe.com\/it\/","name":"Insektenliebe","description":"Dein Zuhause f\u00fcr die kleinen Lebewesen","publisher":{"@id":"https:\/\/insektenliebe.com\/it\/#organization"},"potentialAction":[{"@type":"SearchAction","target":{"@type":"EntryPoint","urlTemplate":"https:\/\/insektenliebe.com\/it\/?s={search_term_string}"},"query-input":{"@type":"PropertyValueSpecification","valueRequired":true,"valueName":"search_term_string"}}],"inLanguage":"it-IT"},{"@type":"Organization","@id":"https:\/\/insektenliebe.com\/it\/#organization","name":"Insektenliebe","url":"https:\/\/insektenliebe.com\/it\/","logo":{"@type":"ImageObject","inLanguage":"it-IT","@id":"https:\/\/insektenliebe.com\/it\/#\/schema\/logo\/image\/","url":"https:\/\/insektenliebe.com\/wp-content\/uploads\/2025\/03\/logo-white.png","contentUrl":"https:\/\/insektenliebe.com\/wp-content\/uploads\/2025\/03\/logo-white.png","width":288,"height":188,"caption":"Insektenliebe"},"image":{"@id":"https:\/\/insektenliebe.com\/it\/#\/schema\/logo\/image\/"}}]}},"_links":{"self":[{"href":"https:\/\/insektenliebe.com\/it\/wp-json\/wp\/v2\/product\/183776","targetHints":{"allow":["GET"]}}],"collection":[{"href":"https:\/\/insektenliebe.com\/it\/wp-json\/wp\/v2\/product"}],"about":[{"href":"https:\/\/insektenliebe.com\/it\/wp-json\/wp\/v2\/types\/product"}],"wp:featuredmedia":[{"embeddable":true,"href":"https:\/\/insektenliebe.com\/it\/wp-json\/wp\/v2\/media\/183778"}],"wp:attachment":[{"href":"https:\/\/insektenliebe.com\/it\/wp-json\/wp\/v2\/media?parent=183776"}],"wp:term":[{"taxonomy":"product-supplier","embeddable":true,"href":"https:\/\/insektenliebe.com\/it\/wp-json\/wp\/v2\/product-supplier?post=183776"},{"taxonomy":"product_brand","embeddable":true,"href":"https:\/\/insektenliebe.com\/it\/wp-json\/wp\/v2\/product_brand?post=183776"},{"taxonomy":"product_cat","embeddable":true,"href":"https:\/\/insektenliebe.com\/it\/wp-json\/wp\/v2\/product_cat?post=183776"},{"taxonomy":"product_tag","embeddable":true,"href":"https:\/\/insektenliebe.com\/it\/wp-json\/wp\/v2\/product_tag?post=183776"},{"taxonomy":"lce-checkout-addons","embeddable":true,"href":"https:\/\/insektenliebe.com\/it\/wp-json\/wp\/v2\/lce-checkout-addons?post=183776"}],"curies":[{"name":"wp","href":"https:\/\/api.w.org\/{rel}","templated":true}]}}