{"id":183774,"date":"2018-03-22T15:48:00","date_gmt":"2018-03-22T14:48:00","guid":{"rendered":"https:\/\/insektenliebe.com\/shop\/produkt\/armadillidium-nasatum\/"},"modified":"2026-04-10T09:11:10","modified_gmt":"2026-04-10T07:11:10","slug":"armadillidium-nasatum","status":"publish","type":"product","link":"https:\/\/insektenliebe.com\/it\/shop\/prodotto\/armadillidium-nasatum\/","title":{"rendered":"Armadillidium nasatum"},"content":{"rendered":"<h3><span class=\"s1\" style=\"color: #99cc33;\">Armadillidium nasatum - Evidenza naturale dall&#8217;Europa<\/span><\/h3>\n<p class=\"p1\"><strong><span class=\"s1\">Armadillidium nasatum<\/span><\/strong><span class=\"s2\"> \u00e8 un isopode autoctono che si caratterizza per la sua <\/span><span class=\"s1\">le sue venature discrete ma molto belle.<\/span><span class=\"s2\">  convinto. \u00c8 proprio questo aspetto naturale che le rende una specie popolare da tenere in terrario. <\/span><\/p>\n<p class=\"p1\"><span class=\"s2\">Gli animali di solito mostrano <\/span><span class=\"s1\">colori da grigi a leggermente marroni<\/span><span class=\"s2\">che sono intervallati da un raffinato motivo. Questo conferisce un aspetto tranquillo e allo stesso tempo molto elegante. La struttura del carapace \u00e8 particolarmente efficace in presenza di buona luce.  <\/span><\/p>\n<p class=\"p1\"><span class=\"s2\">Come un tipico <\/span><span class=\"s1\">puffer<\/span><span class=\"s2\">  questa specie pu\u00f2 raggomitolarsi completamente in caso di pericolo. Questo comportamento non \u00e8 solo pratico, ma anche emozionante da osservare ed \u00e8 una delle caratteristiche peculiari di questa specie. <\/span><\/p>\n<p class=\"p1\"><span class=\"s2\">Il comportamento mostra <\/span><strong><span class=\"s1\">Armadillidium nasatum<\/span><\/strong><span class=\"s2\">  piacevolmente tranquillo, ma \u00e8 comunque regolarmente attivo. Soprattutto nelle ore serali, gli animali escono e vagano per il terrario. In questo modo avrai sempre interessanti opportunit\u00e0 di osservazione.  <\/span><\/p>\n<p class=\"p1\"><span class=\"s2\">Un terrario classico per isopodi con <\/span><span class=\"s1\">terrario classico per isopodi con buona struttura<\/span><span class=\"s2\">. Una miscela di  <\/span><span class=\"s1\">L&#8217;humus della foresta, il legno bianco e marcio e le foglie<\/span><span class=\"s2\"> fornisce la base ideale, mentre corteccia e muschio creano ulteriori nascondigli.<\/span><\/p>\n<p class=\"p1\"><span class=\"s2\">L&#8217;umidit\u00e0 deve essere <\/span><span class=\"s1\">essere mantenuta leggermente umida<\/span><span class=\"s2\">mentre allo stesso tempo dovrebbe essere disponibile un&#8217;area asciutta. In questo modo gli animali possono decidere da soli dove stare. <\/span><\/p>\n<p class=\"p1\"><span class=\"s2\">Questa specie non \u00e8 complicata per quanto riguarda l&#8217;alimentazione, poich\u00e9 oltre al fogliame pu\u00f2 mangiare anche <\/span><span class=\"s1\">verdure e cibo speciale per isopodi<\/span><span class=\"s2\">  accetta volentieri. Questo ti permette di rendere la dieta semplice e varia. <\/span><\/p>\n<p class=\"p1\"><span class=\"s2\">Grazie alla loro <\/span><span class=\"s1\">robustezza e adattabilit\u00e0<\/span><span class=\"s2\"> rende questa specie particolarmente adatta ai principianti, pur rimanendo interessante anche per i detentori esperti.<\/span><\/p>\n<p class=\"p1\"><span class=\"s2\">Con <\/span><strong><span class=\"s1\">Armadillidium nasatum<\/span><\/strong><span class=\"s2\"> stai optando per una <\/span><span class=\"s1\">specie di isopode autoctona, facile da curare e dall&#8217;aspetto accattivante<\/span><span class=\"s2\">che colpisce per le sue venature naturali e il suo comportamento tranquillo.<\/span><\/p>\n","protected":false},"excerpt":{"rendered":"<p>Armadillidium nasatum - Evidenza naturale dall&#8217;Europa Armadillidium nasatum \u00e8 un isopode autoctono che si caratterizza per la sua le sue venature discrete ma molto belle. convinto. \u00c8 proprio questo aspetto naturale che le rende una specie popolare da tenere in terrario. Gli animali di solito mostrano colori da grigi a leggermente marroniche sono intervallati da [&hellip;]<\/p>\n","protected":false},"featured_media":198712,"template":"","meta":{"_acf_changed":false},"product-supplier":[],"product_brand":[],"product_cat":[2871,2788],"product_tag":[],"lce-checkout-addons":[2746],"class_list":{"0":"post-183774","1":"product","2":"type-product","3":"status-publish","4":"has-post-thumbnail","6":"product_cat-cocciniglia-armadillidium","7":"product_cat-woodlice","8":"product_shipping_class-spedizione-di-animali","9":"pa_einsatz-mostra-gli-animali","10":"pa_haltung-allevamento-singolo","11":"pa_herkunft-cosmopolitan","12":"pa_kontinent-europa","13":"lce-checkout-addons-imballaggio-invernale","15":"first","16":"outofstock","17":"taxable","18":"shipping-taxable","19":"purchasable","20":"product-type-simple"},"acf":[],"yoast_head":"<!-- This site is optimized with the Yoast SEO plugin v27.3 - https:\/\/yoast.com\/product\/yoast-seo-wordpress\/ -->\n<title>Armadillidium nasatum - Insektenliebe<\/title>\n<meta name=\"description\" content=\"Armadillidium nasatum - isopode sferico autoctono con una bellissima venatura. Robusto, facile da curare e ideale da tenere in casa.\" \/>\n<meta name=\"robots\" content=\"index, follow, max-snippet:-1, max-image-preview:large, max-video-preview:-1\" \/>\n<link rel=\"canonical\" href=\"https:\/\/insektenliebe.com\/it\/shop\/prodotto\/armadillidium-nasatum\/\" \/>\n<meta property=\"og:locale\" content=\"it_IT\" \/>\n<meta property=\"og:type\" content=\"article\" \/>\n<meta property=\"og:title\" content=\"Armadillidium nasatum - Insektenliebe\" \/>\n<meta property=\"og:description\" content=\"Armadillidium nasatum - isopode sferico autoctono con una bellissima venatura. Robusto, facile da curare e ideale da tenere in casa.\" \/>\n<meta property=\"og:url\" content=\"https:\/\/insektenliebe.com\/it\/shop\/prodotto\/armadillidium-nasatum\/\" \/>\n<meta property=\"og:site_name\" content=\"Insektenliebe\" \/>\n<meta property=\"article:modified_time\" content=\"2026-04-10T07:11:10+00:00\" \/>\n<meta property=\"og:image\" content=\"https:\/\/insektenliebe.com\/wp-content\/uploads\/2018\/03\/Armadillidium-nasatum.jpg\" \/>\n\t<meta property=\"og:image:width\" content=\"820\" \/>\n\t<meta property=\"og:image:height\" content=\"820\" \/>\n\t<meta property=\"og:image:type\" content=\"image\/jpeg\" \/>\n<meta name=\"twitter:card\" content=\"summary_large_image\" \/>\n<meta name=\"twitter:label1\" content=\"Tempo di lettura stimato\" \/>\n\t<meta name=\"twitter:data1\" content=\"1 minuto\" \/>\n<script type=\"application\/ld+json\" class=\"yoast-schema-graph\">{\"@context\":\"https:\\\/\\\/schema.org\",\"@graph\":[{\"@type\":\"WebPage\",\"@id\":\"https:\\\/\\\/insektenliebe.com\\\/it\\\/shop\\\/prodotto\\\/armadillidium-nasatum\\\/\",\"url\":\"https:\\\/\\\/insektenliebe.com\\\/it\\\/shop\\\/prodotto\\\/armadillidium-nasatum\\\/\",\"name\":\"Armadillidium nasatum - Insektenliebe\",\"isPartOf\":{\"@id\":\"https:\\\/\\\/insektenliebe.com\\\/it\\\/#website\"},\"primaryImageOfPage\":{\"@id\":\"https:\\\/\\\/insektenliebe.com\\\/it\\\/shop\\\/prodotto\\\/armadillidium-nasatum\\\/#primaryimage\"},\"image\":{\"@id\":\"https:\\\/\\\/insektenliebe.com\\\/it\\\/shop\\\/prodotto\\\/armadillidium-nasatum\\\/#primaryimage\"},\"thumbnailUrl\":\"https:\\\/\\\/insektenliebe.com\\\/wp-content\\\/uploads\\\/2018\\\/03\\\/Armadillidium-nasatum.jpg\",\"datePublished\":\"2018-03-22T14:48:00+00:00\",\"dateModified\":\"2026-04-10T07:11:10+00:00\",\"description\":\"Armadillidium nasatum - isopode sferico autoctono con una bellissima venatura. Robusto, facile da curare e ideale da tenere in casa.\",\"breadcrumb\":{\"@id\":\"https:\\\/\\\/insektenliebe.com\\\/it\\\/shop\\\/prodotto\\\/armadillidium-nasatum\\\/#breadcrumb\"},\"inLanguage\":\"it-IT\",\"potentialAction\":[{\"@type\":\"ReadAction\",\"target\":[\"https:\\\/\\\/insektenliebe.com\\\/it\\\/shop\\\/prodotto\\\/armadillidium-nasatum\\\/\"]}]},{\"@type\":\"ImageObject\",\"inLanguage\":\"it-IT\",\"@id\":\"https:\\\/\\\/insektenliebe.com\\\/it\\\/shop\\\/prodotto\\\/armadillidium-nasatum\\\/#primaryimage\",\"url\":\"https:\\\/\\\/insektenliebe.com\\\/wp-content\\\/uploads\\\/2018\\\/03\\\/Armadillidium-nasatum.jpg\",\"contentUrl\":\"https:\\\/\\\/insektenliebe.com\\\/wp-content\\\/uploads\\\/2018\\\/03\\\/Armadillidium-nasatum.jpg\",\"width\":820,\"height\":820,\"caption\":\"Armadillidium nasatum\"},{\"@type\":\"BreadcrumbList\",\"@id\":\"https:\\\/\\\/insektenliebe.com\\\/it\\\/shop\\\/prodotto\\\/armadillidium-nasatum\\\/#breadcrumb\",\"itemListElement\":[{\"@type\":\"ListItem\",\"position\":1,\"name\":\"Startseite\",\"item\":\"https:\\\/\\\/insektenliebe.com\\\/it\\\/\"},{\"@type\":\"ListItem\",\"position\":2,\"name\":\"Negozio\",\"item\":\"https:\\\/\\\/insektenliebe.com\\\/it\\\/negozio\\\/\"},{\"@type\":\"ListItem\",\"position\":3,\"name\":\"Armadillidium nasatum\"}]},{\"@type\":\"WebSite\",\"@id\":\"https:\\\/\\\/insektenliebe.com\\\/it\\\/#website\",\"url\":\"https:\\\/\\\/insektenliebe.com\\\/it\\\/\",\"name\":\"Insektenliebe\",\"description\":\"Dein Zuhause f\u00fcr die kleinen Lebewesen\",\"publisher\":{\"@id\":\"https:\\\/\\\/insektenliebe.com\\\/it\\\/#organization\"},\"potentialAction\":[{\"@type\":\"SearchAction\",\"target\":{\"@type\":\"EntryPoint\",\"urlTemplate\":\"https:\\\/\\\/insektenliebe.com\\\/it\\\/?s={search_term_string}\"},\"query-input\":{\"@type\":\"PropertyValueSpecification\",\"valueRequired\":true,\"valueName\":\"search_term_string\"}}],\"inLanguage\":\"it-IT\"},{\"@type\":\"Organization\",\"@id\":\"https:\\\/\\\/insektenliebe.com\\\/it\\\/#organization\",\"name\":\"Insektenliebe\",\"url\":\"https:\\\/\\\/insektenliebe.com\\\/it\\\/\",\"logo\":{\"@type\":\"ImageObject\",\"inLanguage\":\"it-IT\",\"@id\":\"https:\\\/\\\/insektenliebe.com\\\/it\\\/#\\\/schema\\\/logo\\\/image\\\/\",\"url\":\"https:\\\/\\\/insektenliebe.com\\\/wp-content\\\/uploads\\\/2025\\\/03\\\/logo-white.png\",\"contentUrl\":\"https:\\\/\\\/insektenliebe.com\\\/wp-content\\\/uploads\\\/2025\\\/03\\\/logo-white.png\",\"width\":288,\"height\":188,\"caption\":\"Insektenliebe\"},\"image\":{\"@id\":\"https:\\\/\\\/insektenliebe.com\\\/it\\\/#\\\/schema\\\/logo\\\/image\\\/\"}}]}<\/script>\n<!-- \/ Yoast SEO plugin. -->","yoast_head_json":{"title":"Armadillidium nasatum - Insektenliebe","description":"Armadillidium nasatum - isopode sferico autoctono con una bellissima venatura. Robusto, facile da curare e ideale da tenere in casa.","robots":{"index":"index","follow":"follow","max-snippet":"max-snippet:-1","max-image-preview":"max-image-preview:large","max-video-preview":"max-video-preview:-1"},"canonical":"https:\/\/insektenliebe.com\/it\/shop\/prodotto\/armadillidium-nasatum\/","og_locale":"it_IT","og_type":"article","og_title":"Armadillidium nasatum - Insektenliebe","og_description":"Armadillidium nasatum - isopode sferico autoctono con una bellissima venatura. Robusto, facile da curare e ideale da tenere in casa.","og_url":"https:\/\/insektenliebe.com\/it\/shop\/prodotto\/armadillidium-nasatum\/","og_site_name":"Insektenliebe","article_modified_time":"2026-04-10T07:11:10+00:00","og_image":[{"width":820,"height":820,"url":"https:\/\/insektenliebe.com\/wp-content\/uploads\/2018\/03\/Armadillidium-nasatum.jpg","type":"image\/jpeg"}],"twitter_card":"summary_large_image","twitter_misc":{"Tempo di lettura stimato":"1 minuto"},"schema":{"@context":"https:\/\/schema.org","@graph":[{"@type":"WebPage","@id":"https:\/\/insektenliebe.com\/it\/shop\/prodotto\/armadillidium-nasatum\/","url":"https:\/\/insektenliebe.com\/it\/shop\/prodotto\/armadillidium-nasatum\/","name":"Armadillidium nasatum - Insektenliebe","isPartOf":{"@id":"https:\/\/insektenliebe.com\/it\/#website"},"primaryImageOfPage":{"@id":"https:\/\/insektenliebe.com\/it\/shop\/prodotto\/armadillidium-nasatum\/#primaryimage"},"image":{"@id":"https:\/\/insektenliebe.com\/it\/shop\/prodotto\/armadillidium-nasatum\/#primaryimage"},"thumbnailUrl":"https:\/\/insektenliebe.com\/wp-content\/uploads\/2018\/03\/Armadillidium-nasatum.jpg","datePublished":"2018-03-22T14:48:00+00:00","dateModified":"2026-04-10T07:11:10+00:00","description":"Armadillidium nasatum - isopode sferico autoctono con una bellissima venatura. Robusto, facile da curare e ideale da tenere in casa.","breadcrumb":{"@id":"https:\/\/insektenliebe.com\/it\/shop\/prodotto\/armadillidium-nasatum\/#breadcrumb"},"inLanguage":"it-IT","potentialAction":[{"@type":"ReadAction","target":["https:\/\/insektenliebe.com\/it\/shop\/prodotto\/armadillidium-nasatum\/"]}]},{"@type":"ImageObject","inLanguage":"it-IT","@id":"https:\/\/insektenliebe.com\/it\/shop\/prodotto\/armadillidium-nasatum\/#primaryimage","url":"https:\/\/insektenliebe.com\/wp-content\/uploads\/2018\/03\/Armadillidium-nasatum.jpg","contentUrl":"https:\/\/insektenliebe.com\/wp-content\/uploads\/2018\/03\/Armadillidium-nasatum.jpg","width":820,"height":820,"caption":"Armadillidium nasatum"},{"@type":"BreadcrumbList","@id":"https:\/\/insektenliebe.com\/it\/shop\/prodotto\/armadillidium-nasatum\/#breadcrumb","itemListElement":[{"@type":"ListItem","position":1,"name":"Startseite","item":"https:\/\/insektenliebe.com\/it\/"},{"@type":"ListItem","position":2,"name":"Negozio","item":"https:\/\/insektenliebe.com\/it\/negozio\/"},{"@type":"ListItem","position":3,"name":"Armadillidium nasatum"}]},{"@type":"WebSite","@id":"https:\/\/insektenliebe.com\/it\/#website","url":"https:\/\/insektenliebe.com\/it\/","name":"Insektenliebe","description":"Dein Zuhause f\u00fcr die kleinen Lebewesen","publisher":{"@id":"https:\/\/insektenliebe.com\/it\/#organization"},"potentialAction":[{"@type":"SearchAction","target":{"@type":"EntryPoint","urlTemplate":"https:\/\/insektenliebe.com\/it\/?s={search_term_string}"},"query-input":{"@type":"PropertyValueSpecification","valueRequired":true,"valueName":"search_term_string"}}],"inLanguage":"it-IT"},{"@type":"Organization","@id":"https:\/\/insektenliebe.com\/it\/#organization","name":"Insektenliebe","url":"https:\/\/insektenliebe.com\/it\/","logo":{"@type":"ImageObject","inLanguage":"it-IT","@id":"https:\/\/insektenliebe.com\/it\/#\/schema\/logo\/image\/","url":"https:\/\/insektenliebe.com\/wp-content\/uploads\/2025\/03\/logo-white.png","contentUrl":"https:\/\/insektenliebe.com\/wp-content\/uploads\/2025\/03\/logo-white.png","width":288,"height":188,"caption":"Insektenliebe"},"image":{"@id":"https:\/\/insektenliebe.com\/it\/#\/schema\/logo\/image\/"}}]}},"_links":{"self":[{"href":"https:\/\/insektenliebe.com\/it\/wp-json\/wp\/v2\/product\/183774","targetHints":{"allow":["GET"]}}],"collection":[{"href":"https:\/\/insektenliebe.com\/it\/wp-json\/wp\/v2\/product"}],"about":[{"href":"https:\/\/insektenliebe.com\/it\/wp-json\/wp\/v2\/types\/product"}],"wp:featuredmedia":[{"embeddable":true,"href":"https:\/\/insektenliebe.com\/it\/wp-json\/wp\/v2\/media\/198712"}],"wp:attachment":[{"href":"https:\/\/insektenliebe.com\/it\/wp-json\/wp\/v2\/media?parent=183774"}],"wp:term":[{"taxonomy":"product-supplier","embeddable":true,"href":"https:\/\/insektenliebe.com\/it\/wp-json\/wp\/v2\/product-supplier?post=183774"},{"taxonomy":"product_brand","embeddable":true,"href":"https:\/\/insektenliebe.com\/it\/wp-json\/wp\/v2\/product_brand?post=183774"},{"taxonomy":"product_cat","embeddable":true,"href":"https:\/\/insektenliebe.com\/it\/wp-json\/wp\/v2\/product_cat?post=183774"},{"taxonomy":"product_tag","embeddable":true,"href":"https:\/\/insektenliebe.com\/it\/wp-json\/wp\/v2\/product_tag?post=183774"},{"taxonomy":"lce-checkout-addons","embeddable":true,"href":"https:\/\/insektenliebe.com\/it\/wp-json\/wp\/v2\/lce-checkout-addons?post=183774"}],"curies":[{"name":"wp","href":"https:\/\/api.w.org\/{rel}","templated":true}]}}