{"id":183765,"date":"2018-03-22T12:27:30","date_gmt":"2018-03-22T12:27:30","guid":{"rendered":"https:\/\/insektenliebe.com\/shop\/produkt\/porcellio-spec-siviglia\/"},"modified":"2018-03-22T12:27:30","modified_gmt":"2018-03-22T11:27:30","slug":"porcellio-spec-siviglia","status":"publish","type":"product","link":"https:\/\/insektenliebe.com\/it\/shop\/prodotto\/porcellio-spec-siviglia\/","title":{"rendered":"Porcellio spec. \"Siviglia\""},"content":{"rendered":"<h3 class=\"p1\"><span style=\"color: #99cc33\"><strong><span class=\"s1\">Quando il sud dell&#8217;Europa si trasferisce qui: l&#8217;affascinante stile \"Siviglia\".<\/span><\/strong><\/span><\/h3>\n<p class=\"p1\"><span class=\"s1\"><strong>Porcellio spec. \"Sevilla\" <\/strong>  \u00e8 originaria della calda regione intorno a Siviglia, nel sud della Spagna, ed \u00e8 proprio questa zona di origine che ne caratterizza il carattere. Questi animali sono vivaci, resistenti ed estremamente curiosi, motivo per cui sono spesso presenti nel terrario. La loro origine mediterranea fa s\u00ec che tollerino bene il clima secco e allo stesso tempo utilizzino attivamente le piccole aree umide. Questo significa che il loro habitat naturale pu\u00f2 essere ricreato molto bene.   <\/span><\/p>\n<p class=\"p1\"><span class=\"s1\">Effetto visivo  <strong>Porcellio spec. \"Siviglia\" <\/strong>  particolarmente elegante. Gli animali hanno un colore di base scuro che mostra sfumature diverse a seconda dell&#8217;incidenza della luce: a volte grigio caldo, a volte leggermente bluastro. Insieme ai sottili accenti chiari, creano un aspetto naturale, quasi pietroso, che si sposa perfettamente con radici, fogliame e rocce. In molti allestimenti, questa tipologia si integra armoniosamente e sembra una parte viva del paesaggio.   <\/span><\/p>\n<p class=\"p1\"><span class=\"s1\">Questa specie \u00e8 piacevolmente semplice da tenere. Ha bisogno di un&#8217;area di ritiro sempre leggermente umida, ma il resto dell&#8217;habitat dovrebbe rimanere asciutto. Questa struttura permette agli animali di scegliere ci\u00f2 che preferiscono e di regolare molto bene il loro equilibrio idrico. Una buona ventilazione \u00e8 importante perch\u00e9     <strong>Porcellio spec. \"Siviglia\" <\/strong>  reagisce in modo sensibile al ristagno dell&#8217;acqua. Una miscela di molte foglie, legno bianco marcio, pezzi di sughero e muschio creer\u00e0 condizioni stabili e quasi naturali. <\/span><\/p>\n<p class=\"p1\"><span class=\"s1\">Questa specie \u00e8 molto flessibile anche per quanto riguarda l&#8217;alimentazione. Mangia foglie secche, legno bianco marcio e isopodi, ma accetta volentieri anche altre fonti proteiche. Una dieta varia favorisce la crescita degli animali e lo sviluppo della colonia. Ne beneficiano soprattutto i giovani animali, che crescono rapidamente e mostrano un&#8217;attivit\u00e0 sorprendente fin da piccoli.   <\/span><\/p>\n<p class=\"p1\"><span class=\"s1\">Poich\u00e9 questi animali sono estremamente curiosi, esplorano regolarmente il loro terrario. Di conseguenza, vengono osservati molto pi\u00f9 spesso rispetto a molte altre specie di Porcellio. Questa visibilit\u00e0 rende \"Sevilla\" molto interessante per i principianti e per chi cerca un progetto di isopodi vivaci e facili da curare. Inoltre, in un ambiente ben strutturato si sviluppa rapidamente una colonia stabile, che pu\u00f2 essere osservata con piacere nella vita di tutti i giorni.   <\/span><\/p>\n<p class=\"p1\"><span class=\"s1\"><strong>Porcellio spec. \"Siviglia\" <\/strong>  combina l&#8217;atmosfera mediterranea con la robustezza, l&#8217;attivit\u00e0 e il fascino. Se stai cercando una specie di isopode facile da tenere, ma che si distingua e sia molto presente nel terrario, ti divertirai molto con questa specie speciale. <\/span><\/p>\n","protected":false},"excerpt":{"rendered":"<p>Quando il sud dell&#8217;Europa si trasferisce qui: l&#8217;affascinante stile \"Siviglia\". Porcellio spec. \"Sevilla\" \u00e8 originaria della calda regione intorno a Siviglia, nel sud della Spagna, ed \u00e8 proprio questa zona di origine che ne caratterizza il carattere. Questi animali sono vivaci, resistenti ed estremamente curiosi, motivo per cui sono spesso presenti nel terrario. La loro [&hellip;]<\/p>\n","protected":false},"featured_media":183768,"template":"","meta":{"_acf_changed":false},"product-supplier":[],"product_brand":[],"product_cat":[2787,2788],"product_tag":[],"lce-checkout-addons":[2746],"class_list":{"0":"post-183765","1":"product","2":"type-product","3":"status-publish","4":"has-post-thumbnail","6":"product_cat-porcellino-di-legno-porcellio","7":"product_cat-woodlice","8":"product_shipping_class-spedizione-di-animali","9":"pa_einsatz-animali-da-mangiare","10":"pa_einsatz-mostra-gli-animali","11":"pa_haltung-allevamento-singolo","12":"pa_haltung-terrario-comunitario","13":"pa_herkunft-spagna","14":"pa_kontinent-europa","15":"lce-checkout-addons-imballaggio-invernale","17":"first","18":"outofstock","19":"taxable","20":"shipping-taxable","21":"purchasable","22":"product-type-simple"},"acf":[],"yoast_head":"<!-- This site is optimized with the Yoast SEO plugin v27.3 - https:\/\/yoast.com\/product\/yoast-seo-wordpress\/ -->\n<title>Porcellio spec. &quot;Siviglia&quot; - Insektenliebe<\/title>\n<meta name=\"description\" content=\"Acquista online il Porcellio spec. &quot;Sevilla&quot;. Una specie di isopode grande e prolifica, ideale anche per l&#039;allevamento come mangiatoia.\" \/>\n<meta name=\"robots\" content=\"index, follow, max-snippet:-1, max-image-preview:large, max-video-preview:-1\" \/>\n<link rel=\"canonical\" href=\"https:\/\/insektenliebe.com\/it\/shop\/prodotto\/porcellio-spec-siviglia\/\" \/>\n<meta property=\"og:locale\" content=\"it_IT\" \/>\n<meta property=\"og:type\" content=\"article\" \/>\n<meta property=\"og:title\" content=\"Porcellio spec. &quot;Siviglia&quot; - Insektenliebe\" \/>\n<meta property=\"og:description\" content=\"Acquista online il Porcellio spec. &quot;Sevilla&quot;. Una specie di isopode grande e prolifica, ideale anche per l&#039;allevamento come mangiatoia.\" \/>\n<meta property=\"og:url\" content=\"https:\/\/insektenliebe.com\/it\/shop\/prodotto\/porcellio-spec-siviglia\/\" \/>\n<meta property=\"og:site_name\" content=\"Insektenliebe\" \/>\n<meta property=\"og:image\" content=\"https:\/\/insektenliebe.com\/wp-content\/uploads\/2018\/03\/Porcellio-spec.-22Sevilla22.jpg\" \/>\n\t<meta property=\"og:image:width\" content=\"820\" \/>\n\t<meta property=\"og:image:height\" content=\"820\" \/>\n\t<meta property=\"og:image:type\" content=\"image\/jpeg\" \/>\n<meta name=\"twitter:card\" content=\"summary_large_image\" \/>\n<meta name=\"twitter:label1\" content=\"Tempo di lettura stimato\" \/>\n\t<meta name=\"twitter:data1\" content=\"2 minuto\" \/>\n<script type=\"application\/ld+json\" class=\"yoast-schema-graph\">{\"@context\":\"https:\\\/\\\/schema.org\",\"@graph\":[{\"@type\":\"WebPage\",\"@id\":\"https:\\\/\\\/insektenliebe.com\\\/it\\\/shop\\\/prodotto\\\/porcellio-spec-siviglia\\\/\",\"url\":\"https:\\\/\\\/insektenliebe.com\\\/it\\\/shop\\\/prodotto\\\/porcellio-spec-siviglia\\\/\",\"name\":\"Porcellio spec. \\\"Siviglia\\\" - Insektenliebe\",\"isPartOf\":{\"@id\":\"https:\\\/\\\/insektenliebe.com\\\/it\\\/#website\"},\"primaryImageOfPage\":{\"@id\":\"https:\\\/\\\/insektenliebe.com\\\/it\\\/shop\\\/prodotto\\\/porcellio-spec-siviglia\\\/#primaryimage\"},\"image\":{\"@id\":\"https:\\\/\\\/insektenliebe.com\\\/it\\\/shop\\\/prodotto\\\/porcellio-spec-siviglia\\\/#primaryimage\"},\"thumbnailUrl\":\"https:\\\/\\\/insektenliebe.com\\\/wp-content\\\/uploads\\\/2018\\\/03\\\/Porcellio-spec.-22Sevilla22.jpg\",\"datePublished\":\"2018-03-22T12:27:30+00:00\",\"description\":\"Acquista online il Porcellio spec. \\\"Sevilla\\\". Una specie di isopode grande e prolifica, ideale anche per l'allevamento come mangiatoia.\",\"breadcrumb\":{\"@id\":\"https:\\\/\\\/insektenliebe.com\\\/it\\\/shop\\\/prodotto\\\/porcellio-spec-siviglia\\\/#breadcrumb\"},\"inLanguage\":\"it-IT\",\"potentialAction\":[{\"@type\":\"ReadAction\",\"target\":[\"https:\\\/\\\/insektenliebe.com\\\/it\\\/shop\\\/prodotto\\\/porcellio-spec-siviglia\\\/\"]}]},{\"@type\":\"ImageObject\",\"inLanguage\":\"it-IT\",\"@id\":\"https:\\\/\\\/insektenliebe.com\\\/it\\\/shop\\\/prodotto\\\/porcellio-spec-siviglia\\\/#primaryimage\",\"url\":\"https:\\\/\\\/insektenliebe.com\\\/wp-content\\\/uploads\\\/2018\\\/03\\\/Porcellio-spec.-22Sevilla22.jpg\",\"contentUrl\":\"https:\\\/\\\/insektenliebe.com\\\/wp-content\\\/uploads\\\/2018\\\/03\\\/Porcellio-spec.-22Sevilla22.jpg\",\"width\":820,\"height\":820,\"caption\":\"Porcellio spec. \\\"Siviglia\\\"\"},{\"@type\":\"BreadcrumbList\",\"@id\":\"https:\\\/\\\/insektenliebe.com\\\/it\\\/shop\\\/prodotto\\\/porcellio-spec-siviglia\\\/#breadcrumb\",\"itemListElement\":[{\"@type\":\"ListItem\",\"position\":1,\"name\":\"Startseite\",\"item\":\"https:\\\/\\\/insektenliebe.com\\\/it\\\/\"},{\"@type\":\"ListItem\",\"position\":2,\"name\":\"Negozio\",\"item\":\"https:\\\/\\\/insektenliebe.com\\\/it\\\/negozio\\\/\"},{\"@type\":\"ListItem\",\"position\":3,\"name\":\"Porcellio spec. &#8220;Siviglia&#8221;\"}]},{\"@type\":\"WebSite\",\"@id\":\"https:\\\/\\\/insektenliebe.com\\\/it\\\/#website\",\"url\":\"https:\\\/\\\/insektenliebe.com\\\/it\\\/\",\"name\":\"Insektenliebe\",\"description\":\"Dein Zuhause f\u00fcr die kleinen Lebewesen\",\"publisher\":{\"@id\":\"https:\\\/\\\/insektenliebe.com\\\/it\\\/#organization\"},\"potentialAction\":[{\"@type\":\"SearchAction\",\"target\":{\"@type\":\"EntryPoint\",\"urlTemplate\":\"https:\\\/\\\/insektenliebe.com\\\/it\\\/?s={search_term_string}\"},\"query-input\":{\"@type\":\"PropertyValueSpecification\",\"valueRequired\":true,\"valueName\":\"search_term_string\"}}],\"inLanguage\":\"it-IT\"},{\"@type\":\"Organization\",\"@id\":\"https:\\\/\\\/insektenliebe.com\\\/it\\\/#organization\",\"name\":\"Insektenliebe\",\"url\":\"https:\\\/\\\/insektenliebe.com\\\/it\\\/\",\"logo\":{\"@type\":\"ImageObject\",\"inLanguage\":\"it-IT\",\"@id\":\"https:\\\/\\\/insektenliebe.com\\\/it\\\/#\\\/schema\\\/logo\\\/image\\\/\",\"url\":\"https:\\\/\\\/insektenliebe.com\\\/wp-content\\\/uploads\\\/2025\\\/03\\\/logo-white.png\",\"contentUrl\":\"https:\\\/\\\/insektenliebe.com\\\/wp-content\\\/uploads\\\/2025\\\/03\\\/logo-white.png\",\"width\":288,\"height\":188,\"caption\":\"Insektenliebe\"},\"image\":{\"@id\":\"https:\\\/\\\/insektenliebe.com\\\/it\\\/#\\\/schema\\\/logo\\\/image\\\/\"}}]}<\/script>\n<!-- \/ Yoast SEO plugin. -->","yoast_head_json":{"title":"Porcellio spec. \"Siviglia\" - Insektenliebe","description":"Acquista online il Porcellio spec. \"Sevilla\". Una specie di isopode grande e prolifica, ideale anche per l'allevamento come mangiatoia.","robots":{"index":"index","follow":"follow","max-snippet":"max-snippet:-1","max-image-preview":"max-image-preview:large","max-video-preview":"max-video-preview:-1"},"canonical":"https:\/\/insektenliebe.com\/it\/shop\/prodotto\/porcellio-spec-siviglia\/","og_locale":"it_IT","og_type":"article","og_title":"Porcellio spec. \"Siviglia\" - Insektenliebe","og_description":"Acquista online il Porcellio spec. \"Sevilla\". Una specie di isopode grande e prolifica, ideale anche per l'allevamento come mangiatoia.","og_url":"https:\/\/insektenliebe.com\/it\/shop\/prodotto\/porcellio-spec-siviglia\/","og_site_name":"Insektenliebe","og_image":[{"width":820,"height":820,"url":"https:\/\/insektenliebe.com\/wp-content\/uploads\/2018\/03\/Porcellio-spec.-22Sevilla22.jpg","type":"image\/jpeg"}],"twitter_card":"summary_large_image","twitter_misc":{"Tempo di lettura stimato":"2 minuto"},"schema":{"@context":"https:\/\/schema.org","@graph":[{"@type":"WebPage","@id":"https:\/\/insektenliebe.com\/it\/shop\/prodotto\/porcellio-spec-siviglia\/","url":"https:\/\/insektenliebe.com\/it\/shop\/prodotto\/porcellio-spec-siviglia\/","name":"Porcellio spec. \"Siviglia\" - Insektenliebe","isPartOf":{"@id":"https:\/\/insektenliebe.com\/it\/#website"},"primaryImageOfPage":{"@id":"https:\/\/insektenliebe.com\/it\/shop\/prodotto\/porcellio-spec-siviglia\/#primaryimage"},"image":{"@id":"https:\/\/insektenliebe.com\/it\/shop\/prodotto\/porcellio-spec-siviglia\/#primaryimage"},"thumbnailUrl":"https:\/\/insektenliebe.com\/wp-content\/uploads\/2018\/03\/Porcellio-spec.-22Sevilla22.jpg","datePublished":"2018-03-22T12:27:30+00:00","description":"Acquista online il Porcellio spec. \"Sevilla\". Una specie di isopode grande e prolifica, ideale anche per l'allevamento come mangiatoia.","breadcrumb":{"@id":"https:\/\/insektenliebe.com\/it\/shop\/prodotto\/porcellio-spec-siviglia\/#breadcrumb"},"inLanguage":"it-IT","potentialAction":[{"@type":"ReadAction","target":["https:\/\/insektenliebe.com\/it\/shop\/prodotto\/porcellio-spec-siviglia\/"]}]},{"@type":"ImageObject","inLanguage":"it-IT","@id":"https:\/\/insektenliebe.com\/it\/shop\/prodotto\/porcellio-spec-siviglia\/#primaryimage","url":"https:\/\/insektenliebe.com\/wp-content\/uploads\/2018\/03\/Porcellio-spec.-22Sevilla22.jpg","contentUrl":"https:\/\/insektenliebe.com\/wp-content\/uploads\/2018\/03\/Porcellio-spec.-22Sevilla22.jpg","width":820,"height":820,"caption":"Porcellio spec. \"Siviglia\""},{"@type":"BreadcrumbList","@id":"https:\/\/insektenliebe.com\/it\/shop\/prodotto\/porcellio-spec-siviglia\/#breadcrumb","itemListElement":[{"@type":"ListItem","position":1,"name":"Startseite","item":"https:\/\/insektenliebe.com\/it\/"},{"@type":"ListItem","position":2,"name":"Negozio","item":"https:\/\/insektenliebe.com\/it\/negozio\/"},{"@type":"ListItem","position":3,"name":"Porcellio spec. &#8220;Siviglia&#8221;"}]},{"@type":"WebSite","@id":"https:\/\/insektenliebe.com\/it\/#website","url":"https:\/\/insektenliebe.com\/it\/","name":"Insektenliebe","description":"Dein Zuhause f\u00fcr die kleinen Lebewesen","publisher":{"@id":"https:\/\/insektenliebe.com\/it\/#organization"},"potentialAction":[{"@type":"SearchAction","target":{"@type":"EntryPoint","urlTemplate":"https:\/\/insektenliebe.com\/it\/?s={search_term_string}"},"query-input":{"@type":"PropertyValueSpecification","valueRequired":true,"valueName":"search_term_string"}}],"inLanguage":"it-IT"},{"@type":"Organization","@id":"https:\/\/insektenliebe.com\/it\/#organization","name":"Insektenliebe","url":"https:\/\/insektenliebe.com\/it\/","logo":{"@type":"ImageObject","inLanguage":"it-IT","@id":"https:\/\/insektenliebe.com\/it\/#\/schema\/logo\/image\/","url":"https:\/\/insektenliebe.com\/wp-content\/uploads\/2025\/03\/logo-white.png","contentUrl":"https:\/\/insektenliebe.com\/wp-content\/uploads\/2025\/03\/logo-white.png","width":288,"height":188,"caption":"Insektenliebe"},"image":{"@id":"https:\/\/insektenliebe.com\/it\/#\/schema\/logo\/image\/"}}]}},"_links":{"self":[{"href":"https:\/\/insektenliebe.com\/it\/wp-json\/wp\/v2\/product\/183765","targetHints":{"allow":["GET"]}}],"collection":[{"href":"https:\/\/insektenliebe.com\/it\/wp-json\/wp\/v2\/product"}],"about":[{"href":"https:\/\/insektenliebe.com\/it\/wp-json\/wp\/v2\/types\/product"}],"wp:featuredmedia":[{"embeddable":true,"href":"https:\/\/insektenliebe.com\/it\/wp-json\/wp\/v2\/media\/183768"}],"wp:attachment":[{"href":"https:\/\/insektenliebe.com\/it\/wp-json\/wp\/v2\/media?parent=183765"}],"wp:term":[{"taxonomy":"product-supplier","embeddable":true,"href":"https:\/\/insektenliebe.com\/it\/wp-json\/wp\/v2\/product-supplier?post=183765"},{"taxonomy":"product_brand","embeddable":true,"href":"https:\/\/insektenliebe.com\/it\/wp-json\/wp\/v2\/product_brand?post=183765"},{"taxonomy":"product_cat","embeddable":true,"href":"https:\/\/insektenliebe.com\/it\/wp-json\/wp\/v2\/product_cat?post=183765"},{"taxonomy":"product_tag","embeddable":true,"href":"https:\/\/insektenliebe.com\/it\/wp-json\/wp\/v2\/product_tag?post=183765"},{"taxonomy":"lce-checkout-addons","embeddable":true,"href":"https:\/\/insektenliebe.com\/it\/wp-json\/wp\/v2\/lce-checkout-addons?post=183765"}],"curies":[{"name":"wp","href":"https:\/\/api.w.org\/{rel}","templated":true}]}}