{"id":183759,"date":"2018-03-22T12:41:57","date_gmt":"2018-03-22T12:41:57","guid":{"rendered":"https:\/\/insektenliebe.com\/shop\/produkt\/porcellio-scaber-arancione\/"},"modified":"2018-03-22T12:41:57","modified_gmt":"2018-03-22T11:41:57","slug":"porcellio-scaber-arancione","status":"publish","type":"product","link":"https:\/\/insektenliebe.com\/it\/shop\/prodotto\/porcellio-scaber-arancione\/","title":{"rendered":"Porcellio scaber \"Arancione"},"content":{"rendered":"<h3><span class=\"s1\" style=\"color: #99cc33\">Porcellio scaber \"Orange\" - il classico morph dai colori vivaci per ogni terrario<\/span><\/h3>\n<p class=\"p1\"><span class=\"s1\">Il <strong>Porcellio scaber \"Orange\"<\/strong> \u00e8 una delle forme cromatiche pi\u00f9 popolari dei robusti isopodi scaber. I caldi colori arancioni rendono questa specie un vero e proprio richiamo visivo nel terrario. Molti allevatori li apprezzano perch\u00e9 sono attivi, adattabili e curiosi. Di conseguenza, sono spesso visibili durante il giorno, il che li rende particolarmente interessanti per i principianti e per gli allestimenti bioattivi.   <\/span><\/p>\n<p class=\"p1\"><span class=\"s1\">L&#8217;allevamento di \"Orange\" \u00e8 molto semplice. Gli animali si adattano bene ai cambiamenti di condizioni e reagiscono con tolleranza alle piccole fluttuazioni. Un&#8217;area di ritiro umida \u00e8 importante perch\u00e9 \u00e8 qui che gli isopodi assorbono l&#8217;acqua e fanno la muta. Allo stesso tempo, dovrebbe esserci un&#8217;area asciutta in modo che possano scegliere ci\u00f2 di cui hanno bisogno. Questa struttura favorisce un comportamento sano e promuove colonie stabili.    <\/span><\/p>\n<p class=\"p1\"><span class=\"s1\">Accettano praticamente tutto ci\u00f2 che pu\u00f2 essere offerto come cibo in un terrario per isopodi. Fogliame, muschio, un po&#8217; di legno e un apporto proteico di alta qualit\u00e0 costituiscono la base. Occasionalmente si possono aggiungere verdure o cibo per pesci. La loro attivit\u00e0 \u00e8 elevata, per questo motivo decompongono rapidamente il materiale organico e svolgono un ruolo importante nel sistema bioattivo.   <\/span><\/p>\n<p class=\"p1\"><span class=\"s1\">\"Orange\" mostra una buona crescita della colonia e si riproduce regolarmente. I giovani animali hanno inizialmente una colorazione pi\u00f9 chiara, che si intensifica con l&#8217;avanzare dell&#8217;et\u00e0. Poich\u00e9 gli animali sono vigorosi e vivaci, si adattano bene ai terrari naturali con rettili, ragni o millepiedi. Allo stesso tempo, sono abbastanza robusti da poter essere tenuti senza problemi anche dai principianti.   <\/span><\/p>\n<p class=\"p1\"><span class=\"s1\">Se stai cercando una specie di isopode decorativa, stabile e laboriosa, <strong>Porcellio scaber \"Orange\"<\/strong> \u00e8 una scelta meravigliosa. Il suo colore offre variet\u00e0 nel substrato e il suo comportamento lo rende una specie interessante per qualsiasi terrario, grande o piccolo che sia. <\/span><\/p>\n","protected":false},"excerpt":{"rendered":"<p>Il Porcellio scaber \"arancione\" \u00e8 la mutazione di colore arancione della cocciniglia.<\/p>\n","protected":false},"featured_media":183761,"template":"","meta":{"_acf_changed":false},"product-supplier":[],"product_brand":[],"product_cat":[2787,2788],"product_tag":[],"lce-checkout-addons":[2746],"class_list":{"0":"post-183759","1":"product","2":"type-product","3":"status-publish","4":"has-post-thumbnail","6":"product_cat-porcellino-di-legno-porcellio","7":"product_cat-woodlice","8":"product_shipping_class-spedizione-di-animali","9":"pa_einsatz-mostra-gli-animali","10":"pa_haltung-allevamento-singolo","11":"pa_herkunft-cosmopolitan","12":"pa_kontinent-africa","13":"pa_kontinent-asia","14":"pa_kontinent-australia","15":"pa_kontinent-europa","16":"pa_kontinent-nord-america","17":"pa_kontinent-sud-america","18":"lce-checkout-addons-imballaggio-invernale","20":"first","21":"outofstock","22":"taxable","23":"shipping-taxable","24":"purchasable","25":"product-type-simple"},"acf":[],"yoast_head":"<!-- This site is optimized with the Yoast SEO plugin v27.3 - https:\/\/yoast.com\/product\/yoast-seo-wordpress\/ -->\n<title>Porcellio scaber &quot;Arancione - Insektenliebe<\/title>\n<meta name=\"description\" content=\"Acquista online il Porcellio scaber &quot;Orange&quot;. Una sorprendente mutazione di colore della normale cocciniglia. Acquista direttamente dall&#039;allevatore!\" \/>\n<meta name=\"robots\" content=\"index, follow, max-snippet:-1, max-image-preview:large, max-video-preview:-1\" \/>\n<link rel=\"canonical\" href=\"https:\/\/insektenliebe.com\/it\/shop\/prodotto\/porcellio-scaber-arancione\/\" \/>\n<meta property=\"og:locale\" content=\"it_IT\" \/>\n<meta property=\"og:type\" content=\"article\" \/>\n<meta property=\"og:title\" content=\"Porcellio scaber &quot;Arancione - Insektenliebe\" \/>\n<meta property=\"og:description\" content=\"Acquista online il Porcellio scaber &quot;Orange&quot;. Una sorprendente mutazione di colore della normale cocciniglia. Acquista direttamente dall&#039;allevatore!\" \/>\n<meta property=\"og:url\" content=\"https:\/\/insektenliebe.com\/it\/shop\/prodotto\/porcellio-scaber-arancione\/\" \/>\n<meta property=\"og:site_name\" content=\"Insektenliebe\" \/>\n<meta property=\"og:image\" content=\"https:\/\/insektenliebe.com\/wp-content\/uploads\/2018\/03\/Porcellio-scaber-22Orange22.jpg\" \/>\n\t<meta property=\"og:image:width\" content=\"820\" \/>\n\t<meta property=\"og:image:height\" content=\"820\" \/>\n\t<meta property=\"og:image:type\" content=\"image\/jpeg\" \/>\n<meta name=\"twitter:card\" content=\"summary_large_image\" \/>\n<meta name=\"twitter:label1\" content=\"Tempo di lettura stimato\" \/>\n\t<meta name=\"twitter:data1\" content=\"1 minuto\" \/>\n<script type=\"application\/ld+json\" class=\"yoast-schema-graph\">{\"@context\":\"https:\\\/\\\/schema.org\",\"@graph\":[{\"@type\":\"WebPage\",\"@id\":\"https:\\\/\\\/insektenliebe.com\\\/it\\\/shop\\\/prodotto\\\/porcellio-scaber-arancione\\\/\",\"url\":\"https:\\\/\\\/insektenliebe.com\\\/it\\\/shop\\\/prodotto\\\/porcellio-scaber-arancione\\\/\",\"name\":\"Porcellio scaber \\\"Arancione - Insektenliebe\",\"isPartOf\":{\"@id\":\"https:\\\/\\\/insektenliebe.com\\\/it\\\/#website\"},\"primaryImageOfPage\":{\"@id\":\"https:\\\/\\\/insektenliebe.com\\\/it\\\/shop\\\/prodotto\\\/porcellio-scaber-arancione\\\/#primaryimage\"},\"image\":{\"@id\":\"https:\\\/\\\/insektenliebe.com\\\/it\\\/shop\\\/prodotto\\\/porcellio-scaber-arancione\\\/#primaryimage\"},\"thumbnailUrl\":\"https:\\\/\\\/insektenliebe.com\\\/wp-content\\\/uploads\\\/2018\\\/03\\\/Porcellio-scaber-22Orange22.jpg\",\"datePublished\":\"2018-03-22T12:41:57+00:00\",\"description\":\"Acquista online il Porcellio scaber \\\"Orange\\\". Una sorprendente mutazione di colore della normale cocciniglia. Acquista direttamente dall'allevatore!\",\"breadcrumb\":{\"@id\":\"https:\\\/\\\/insektenliebe.com\\\/it\\\/shop\\\/prodotto\\\/porcellio-scaber-arancione\\\/#breadcrumb\"},\"inLanguage\":\"it-IT\",\"potentialAction\":[{\"@type\":\"ReadAction\",\"target\":[\"https:\\\/\\\/insektenliebe.com\\\/it\\\/shop\\\/prodotto\\\/porcellio-scaber-arancione\\\/\"]}]},{\"@type\":\"ImageObject\",\"inLanguage\":\"it-IT\",\"@id\":\"https:\\\/\\\/insektenliebe.com\\\/it\\\/shop\\\/prodotto\\\/porcellio-scaber-arancione\\\/#primaryimage\",\"url\":\"https:\\\/\\\/insektenliebe.com\\\/wp-content\\\/uploads\\\/2018\\\/03\\\/Porcellio-scaber-22Orange22.jpg\",\"contentUrl\":\"https:\\\/\\\/insektenliebe.com\\\/wp-content\\\/uploads\\\/2018\\\/03\\\/Porcellio-scaber-22Orange22.jpg\",\"width\":820,\"height\":820,\"caption\":\"Porcellio scaber \\\"Arancione\"},{\"@type\":\"BreadcrumbList\",\"@id\":\"https:\\\/\\\/insektenliebe.com\\\/it\\\/shop\\\/prodotto\\\/porcellio-scaber-arancione\\\/#breadcrumb\",\"itemListElement\":[{\"@type\":\"ListItem\",\"position\":1,\"name\":\"Startseite\",\"item\":\"https:\\\/\\\/insektenliebe.com\\\/it\\\/\"},{\"@type\":\"ListItem\",\"position\":2,\"name\":\"Negozio\",\"item\":\"https:\\\/\\\/insektenliebe.com\\\/it\\\/negozio\\\/\"},{\"@type\":\"ListItem\",\"position\":3,\"name\":\"Porcellio scaber &#8220;Arancione\"}]},{\"@type\":\"WebSite\",\"@id\":\"https:\\\/\\\/insektenliebe.com\\\/it\\\/#website\",\"url\":\"https:\\\/\\\/insektenliebe.com\\\/it\\\/\",\"name\":\"Insektenliebe\",\"description\":\"Dein Zuhause f\u00fcr die kleinen Lebewesen\",\"publisher\":{\"@id\":\"https:\\\/\\\/insektenliebe.com\\\/it\\\/#organization\"},\"potentialAction\":[{\"@type\":\"SearchAction\",\"target\":{\"@type\":\"EntryPoint\",\"urlTemplate\":\"https:\\\/\\\/insektenliebe.com\\\/it\\\/?s={search_term_string}\"},\"query-input\":{\"@type\":\"PropertyValueSpecification\",\"valueRequired\":true,\"valueName\":\"search_term_string\"}}],\"inLanguage\":\"it-IT\"},{\"@type\":\"Organization\",\"@id\":\"https:\\\/\\\/insektenliebe.com\\\/it\\\/#organization\",\"name\":\"Insektenliebe\",\"url\":\"https:\\\/\\\/insektenliebe.com\\\/it\\\/\",\"logo\":{\"@type\":\"ImageObject\",\"inLanguage\":\"it-IT\",\"@id\":\"https:\\\/\\\/insektenliebe.com\\\/it\\\/#\\\/schema\\\/logo\\\/image\\\/\",\"url\":\"https:\\\/\\\/insektenliebe.com\\\/wp-content\\\/uploads\\\/2025\\\/03\\\/logo-white.png\",\"contentUrl\":\"https:\\\/\\\/insektenliebe.com\\\/wp-content\\\/uploads\\\/2025\\\/03\\\/logo-white.png\",\"width\":288,\"height\":188,\"caption\":\"Insektenliebe\"},\"image\":{\"@id\":\"https:\\\/\\\/insektenliebe.com\\\/it\\\/#\\\/schema\\\/logo\\\/image\\\/\"}}]}<\/script>\n<!-- \/ Yoast SEO plugin. -->","yoast_head_json":{"title":"Porcellio scaber \"Arancione - Insektenliebe","description":"Acquista online il Porcellio scaber \"Orange\". Una sorprendente mutazione di colore della normale cocciniglia. Acquista direttamente dall'allevatore!","robots":{"index":"index","follow":"follow","max-snippet":"max-snippet:-1","max-image-preview":"max-image-preview:large","max-video-preview":"max-video-preview:-1"},"canonical":"https:\/\/insektenliebe.com\/it\/shop\/prodotto\/porcellio-scaber-arancione\/","og_locale":"it_IT","og_type":"article","og_title":"Porcellio scaber \"Arancione - Insektenliebe","og_description":"Acquista online il Porcellio scaber \"Orange\". Una sorprendente mutazione di colore della normale cocciniglia. Acquista direttamente dall'allevatore!","og_url":"https:\/\/insektenliebe.com\/it\/shop\/prodotto\/porcellio-scaber-arancione\/","og_site_name":"Insektenliebe","og_image":[{"width":820,"height":820,"url":"https:\/\/insektenliebe.com\/wp-content\/uploads\/2018\/03\/Porcellio-scaber-22Orange22.jpg","type":"image\/jpeg"}],"twitter_card":"summary_large_image","twitter_misc":{"Tempo di lettura stimato":"1 minuto"},"schema":{"@context":"https:\/\/schema.org","@graph":[{"@type":"WebPage","@id":"https:\/\/insektenliebe.com\/it\/shop\/prodotto\/porcellio-scaber-arancione\/","url":"https:\/\/insektenliebe.com\/it\/shop\/prodotto\/porcellio-scaber-arancione\/","name":"Porcellio scaber \"Arancione - Insektenliebe","isPartOf":{"@id":"https:\/\/insektenliebe.com\/it\/#website"},"primaryImageOfPage":{"@id":"https:\/\/insektenliebe.com\/it\/shop\/prodotto\/porcellio-scaber-arancione\/#primaryimage"},"image":{"@id":"https:\/\/insektenliebe.com\/it\/shop\/prodotto\/porcellio-scaber-arancione\/#primaryimage"},"thumbnailUrl":"https:\/\/insektenliebe.com\/wp-content\/uploads\/2018\/03\/Porcellio-scaber-22Orange22.jpg","datePublished":"2018-03-22T12:41:57+00:00","description":"Acquista online il Porcellio scaber \"Orange\". Una sorprendente mutazione di colore della normale cocciniglia. Acquista direttamente dall'allevatore!","breadcrumb":{"@id":"https:\/\/insektenliebe.com\/it\/shop\/prodotto\/porcellio-scaber-arancione\/#breadcrumb"},"inLanguage":"it-IT","potentialAction":[{"@type":"ReadAction","target":["https:\/\/insektenliebe.com\/it\/shop\/prodotto\/porcellio-scaber-arancione\/"]}]},{"@type":"ImageObject","inLanguage":"it-IT","@id":"https:\/\/insektenliebe.com\/it\/shop\/prodotto\/porcellio-scaber-arancione\/#primaryimage","url":"https:\/\/insektenliebe.com\/wp-content\/uploads\/2018\/03\/Porcellio-scaber-22Orange22.jpg","contentUrl":"https:\/\/insektenliebe.com\/wp-content\/uploads\/2018\/03\/Porcellio-scaber-22Orange22.jpg","width":820,"height":820,"caption":"Porcellio scaber \"Arancione"},{"@type":"BreadcrumbList","@id":"https:\/\/insektenliebe.com\/it\/shop\/prodotto\/porcellio-scaber-arancione\/#breadcrumb","itemListElement":[{"@type":"ListItem","position":1,"name":"Startseite","item":"https:\/\/insektenliebe.com\/it\/"},{"@type":"ListItem","position":2,"name":"Negozio","item":"https:\/\/insektenliebe.com\/it\/negozio\/"},{"@type":"ListItem","position":3,"name":"Porcellio scaber &#8220;Arancione"}]},{"@type":"WebSite","@id":"https:\/\/insektenliebe.com\/it\/#website","url":"https:\/\/insektenliebe.com\/it\/","name":"Insektenliebe","description":"Dein Zuhause f\u00fcr die kleinen Lebewesen","publisher":{"@id":"https:\/\/insektenliebe.com\/it\/#organization"},"potentialAction":[{"@type":"SearchAction","target":{"@type":"EntryPoint","urlTemplate":"https:\/\/insektenliebe.com\/it\/?s={search_term_string}"},"query-input":{"@type":"PropertyValueSpecification","valueRequired":true,"valueName":"search_term_string"}}],"inLanguage":"it-IT"},{"@type":"Organization","@id":"https:\/\/insektenliebe.com\/it\/#organization","name":"Insektenliebe","url":"https:\/\/insektenliebe.com\/it\/","logo":{"@type":"ImageObject","inLanguage":"it-IT","@id":"https:\/\/insektenliebe.com\/it\/#\/schema\/logo\/image\/","url":"https:\/\/insektenliebe.com\/wp-content\/uploads\/2025\/03\/logo-white.png","contentUrl":"https:\/\/insektenliebe.com\/wp-content\/uploads\/2025\/03\/logo-white.png","width":288,"height":188,"caption":"Insektenliebe"},"image":{"@id":"https:\/\/insektenliebe.com\/it\/#\/schema\/logo\/image\/"}}]}},"_links":{"self":[{"href":"https:\/\/insektenliebe.com\/it\/wp-json\/wp\/v2\/product\/183759","targetHints":{"allow":["GET"]}}],"collection":[{"href":"https:\/\/insektenliebe.com\/it\/wp-json\/wp\/v2\/product"}],"about":[{"href":"https:\/\/insektenliebe.com\/it\/wp-json\/wp\/v2\/types\/product"}],"wp:featuredmedia":[{"embeddable":true,"href":"https:\/\/insektenliebe.com\/it\/wp-json\/wp\/v2\/media\/183761"}],"wp:attachment":[{"href":"https:\/\/insektenliebe.com\/it\/wp-json\/wp\/v2\/media?parent=183759"}],"wp:term":[{"taxonomy":"product-supplier","embeddable":true,"href":"https:\/\/insektenliebe.com\/it\/wp-json\/wp\/v2\/product-supplier?post=183759"},{"taxonomy":"product_brand","embeddable":true,"href":"https:\/\/insektenliebe.com\/it\/wp-json\/wp\/v2\/product_brand?post=183759"},{"taxonomy":"product_cat","embeddable":true,"href":"https:\/\/insektenliebe.com\/it\/wp-json\/wp\/v2\/product_cat?post=183759"},{"taxonomy":"product_tag","embeddable":true,"href":"https:\/\/insektenliebe.com\/it\/wp-json\/wp\/v2\/product_tag?post=183759"},{"taxonomy":"lce-checkout-addons","embeddable":true,"href":"https:\/\/insektenliebe.com\/it\/wp-json\/wp\/v2\/lce-checkout-addons?post=183759"}],"curies":[{"name":"wp","href":"https:\/\/api.w.org\/{rel}","templated":true}]}}