{"id":183758,"date":"2018-03-22T12:32:27","date_gmt":"2018-03-22T12:32:27","guid":{"rendered":"https:\/\/insektenliebe.com\/shop\/produkt\/porcellio-spec-marocco\/"},"modified":"2018-03-22T12:32:27","modified_gmt":"2018-03-22T11:32:27","slug":"porcellio-spec-marocco","status":"publish","type":"product","link":"https:\/\/insektenliebe.com\/it\/shop\/prodotto\/porcellio-spec-marocco\/","title":{"rendered":"Porcellio spec. \"Marocco\""},"content":{"rendered":"<h3 class=\"p1\"><span style=\"color: #99cc33\"><strong><span class=\"s1\">I colori vibranti del deserto: Il robusto isopode del Marocco<\/span><\/strong><\/span><\/h3>\n<p class=\"p1\"><span class=\"s1\"><strong>Porcellio spec. \"Marocco\" <\/strong>  porta con s\u00e9 il fascino ruvido e terroso del Nord Africa. Questa potente specie di Porcellio proviene dalle regioni aride del Marocco e mostra un comportamento che corrisponde perfettamente al suo habitat naturale. Gli animali sono attivi, curiosi e si vedono spesso perch\u00e9 amano esplorare l&#8217;ambiente circostante. Di conseguenza, apportano molto dinamismo al terrario e sembrano quasi dei piccoli abitanti del deserto alla costante ricerca di nuovi nascondigli.   <\/span><\/p>\n<p class=\"p1\"><span class=\"s1\">Visivamente sorprendente  <strong>Porcellio spec. \"Marocco\" <\/strong>  Gli animali si distinguono per la forma robusta del corpo e per i caldi colori naturali. Gli animali hanno un colore di base che va dal grigio sabbia al marrone e si armonizza molto bene con le decorazioni mediterranee. Il loro aspetto \u00e8 naturale e potente e li rende particolarmente efficaci negli allestimenti bioattivi. Questa specie non solo si integra visivamente, ma favorisce anche l&#8217;equilibrio biologico del terrario.   <\/span><\/p>\n<p class=\"p1\"><span class=\"s1\">L&#8217;allevamento di questi animali \u00e8 piuttosto semplice. Preferiscono le zone asciutte, ma una piccola zona umida dovrebbe essere sempre presente. Hanno bisogno di questa zona per la muta e per assorbire l&#8217;acqua. Il resto dell&#8217;habitat pu\u00f2 rimanere molto pi\u00f9 asciutto, il che rende questa specie particolarmente interessante per chi cerca un isopode robusto e di facile manutenzione. Una buona ventilazione \u00e8 importante perch\u00e9 gli animali non tollerano bene i ristagni d&#8217;acqua.    <\/span><\/p>\n<p class=\"p1\"><span class=\"s1\">Come cibo vengono utilizzati foglie, legno bianco marcio e cibo per isopodi. Una piccola quantit\u00e0 di proteine favorisce la crescita e la vitalit\u00e0 della colonia. Questa specie mangia in modo affidabile ed \u00e8 molto attiva non appena le viene offerto del cibo. In questo modo \u00e8 facile osservare il loro comportamento, il che rende il \"Marocco\" ancora pi\u00f9 attraente. In condizioni adeguate, la colonia si sviluppa in modo stabile e continua a crescere in modo uniforme.    <\/span><\/p>\n<p class=\"p1\"><span class=\"s1\">Gli animali reagiscono con attenzione ai cambiamenti nel terrario. Per questo motivo appaiono vivaci e presenti. Chiunque si diverta a osservare le cocciniglie    <strong>Porcellio spec. \"Marocco\" <\/strong>  perch\u00e9 si mostrano pi\u00f9 spesso durante il giorno rispetto a molte altre specie di Porcellio. Grazie alla loro natura robusta, sono adatti anche ai principianti che cercano un isopode poco impegnativo ma entusiasmante. <\/span><\/p>\n<p class=\"p1\"><span class=\"s1\"><strong>Porcellio spec. \"Marocco\" <\/strong>  combina bellezza naturale, carattere mediterraneo e un&#8217;impressionante robustezza. Con il suo comportamento attivo e la sua adattabilit\u00e0, dona vita, struttura e un tocco di paesaggio desertico a qualsiasi terrario. <\/span><\/p>\n","protected":false},"excerpt":{"rendered":"<p>I colori vibranti del deserto: Il robusto isopode del Marocco Porcellio spec. \"Marocco\" porta con s\u00e9 il fascino ruvido e terroso del Nord Africa. Questa potente specie di Porcellio proviene dalle regioni aride del Marocco e mostra un comportamento che corrisponde perfettamente al suo habitat naturale. Gli animali sono attivi, curiosi e si vedono spesso [&hellip;]<\/p>\n","protected":false},"featured_media":183763,"template":"","meta":{"_acf_changed":false},"product-supplier":[],"product_brand":[],"product_cat":[2787,2788],"product_tag":[],"lce-checkout-addons":[2746],"class_list":{"0":"post-183758","1":"product","2":"type-product","3":"status-publish","4":"has-post-thumbnail","6":"product_cat-porcellino-di-legno-porcellio","7":"product_cat-woodlice","8":"product_shipping_class-spedizione-di-animali","9":"pa_einsatz-mostra-gli-animali","10":"pa_haltung-allevamento-singolo","11":"pa_haltung-terrario-comunitario","12":"pa_herkunft-marocco","13":"pa_kontinent-africa","14":"lce-checkout-addons-imballaggio-invernale","16":"first","17":"outofstock","18":"taxable","19":"shipping-taxable","20":"purchasable","21":"product-type-simple"},"acf":[],"yoast_head":"<!-- This site is optimized with the Yoast SEO plugin v27.3 - https:\/\/yoast.com\/product\/yoast-seo-wordpress\/ -->\n<title>Porcellio spec. &quot;Marocco&quot; - Insektenliebe<\/title>\n<meta name=\"description\" content=\"Acquista online il Porcellio spec. &quot;Marocco&quot;. Una bellissima specie di isopode proveniente dal lontano Marocco. Acquista direttamente dall&#039;allevatore!\" \/>\n<meta name=\"robots\" content=\"index, follow, max-snippet:-1, max-image-preview:large, max-video-preview:-1\" \/>\n<link rel=\"canonical\" href=\"https:\/\/insektenliebe.com\/it\/shop\/prodotto\/porcellio-spec-marocco\/\" \/>\n<meta property=\"og:locale\" content=\"it_IT\" \/>\n<meta property=\"og:type\" content=\"article\" \/>\n<meta property=\"og:title\" content=\"Porcellio spec. &quot;Marocco&quot; - Insektenliebe\" \/>\n<meta property=\"og:description\" content=\"Acquista online il Porcellio spec. &quot;Marocco&quot;. Una bellissima specie di isopode proveniente dal lontano Marocco. Acquista direttamente dall&#039;allevatore!\" \/>\n<meta property=\"og:url\" content=\"https:\/\/insektenliebe.com\/it\/shop\/prodotto\/porcellio-spec-marocco\/\" \/>\n<meta property=\"og:site_name\" content=\"Insektenliebe\" \/>\n<meta property=\"og:image\" content=\"https:\/\/insektenliebe.com\/wp-content\/uploads\/2018\/03\/Porcellio-spec.-22Marokko22.jpg\" \/>\n\t<meta property=\"og:image:width\" content=\"820\" \/>\n\t<meta property=\"og:image:height\" content=\"820\" \/>\n\t<meta property=\"og:image:type\" content=\"image\/jpeg\" \/>\n<meta name=\"twitter:card\" content=\"summary_large_image\" \/>\n<meta name=\"twitter:label1\" content=\"Tempo di lettura stimato\" \/>\n\t<meta name=\"twitter:data1\" content=\"2 minuto\" \/>\n<script type=\"application\/ld+json\" class=\"yoast-schema-graph\">{\"@context\":\"https:\\\/\\\/schema.org\",\"@graph\":[{\"@type\":\"WebPage\",\"@id\":\"https:\\\/\\\/insektenliebe.com\\\/it\\\/shop\\\/prodotto\\\/porcellio-spec-marocco\\\/\",\"url\":\"https:\\\/\\\/insektenliebe.com\\\/it\\\/shop\\\/prodotto\\\/porcellio-spec-marocco\\\/\",\"name\":\"Porcellio spec. \\\"Marocco\\\" - Insektenliebe\",\"isPartOf\":{\"@id\":\"https:\\\/\\\/insektenliebe.com\\\/it\\\/#website\"},\"primaryImageOfPage\":{\"@id\":\"https:\\\/\\\/insektenliebe.com\\\/it\\\/shop\\\/prodotto\\\/porcellio-spec-marocco\\\/#primaryimage\"},\"image\":{\"@id\":\"https:\\\/\\\/insektenliebe.com\\\/it\\\/shop\\\/prodotto\\\/porcellio-spec-marocco\\\/#primaryimage\"},\"thumbnailUrl\":\"https:\\\/\\\/insektenliebe.com\\\/wp-content\\\/uploads\\\/2018\\\/03\\\/Porcellio-spec.-22Marokko22.jpg\",\"datePublished\":\"2018-03-22T12:32:27+00:00\",\"description\":\"Acquista online il Porcellio spec. \\\"Marocco\\\". Una bellissima specie di isopode proveniente dal lontano Marocco. Acquista direttamente dall'allevatore!\",\"breadcrumb\":{\"@id\":\"https:\\\/\\\/insektenliebe.com\\\/it\\\/shop\\\/prodotto\\\/porcellio-spec-marocco\\\/#breadcrumb\"},\"inLanguage\":\"it-IT\",\"potentialAction\":[{\"@type\":\"ReadAction\",\"target\":[\"https:\\\/\\\/insektenliebe.com\\\/it\\\/shop\\\/prodotto\\\/porcellio-spec-marocco\\\/\"]}]},{\"@type\":\"ImageObject\",\"inLanguage\":\"it-IT\",\"@id\":\"https:\\\/\\\/insektenliebe.com\\\/it\\\/shop\\\/prodotto\\\/porcellio-spec-marocco\\\/#primaryimage\",\"url\":\"https:\\\/\\\/insektenliebe.com\\\/wp-content\\\/uploads\\\/2018\\\/03\\\/Porcellio-spec.-22Marokko22.jpg\",\"contentUrl\":\"https:\\\/\\\/insektenliebe.com\\\/wp-content\\\/uploads\\\/2018\\\/03\\\/Porcellio-spec.-22Marokko22.jpg\",\"width\":820,\"height\":820,\"caption\":\"Porcellio spec. \\\"Marocco\\\"\"},{\"@type\":\"BreadcrumbList\",\"@id\":\"https:\\\/\\\/insektenliebe.com\\\/it\\\/shop\\\/prodotto\\\/porcellio-spec-marocco\\\/#breadcrumb\",\"itemListElement\":[{\"@type\":\"ListItem\",\"position\":1,\"name\":\"Startseite\",\"item\":\"https:\\\/\\\/insektenliebe.com\\\/it\\\/\"},{\"@type\":\"ListItem\",\"position\":2,\"name\":\"Negozio\",\"item\":\"https:\\\/\\\/insektenliebe.com\\\/it\\\/negozio\\\/\"},{\"@type\":\"ListItem\",\"position\":3,\"name\":\"Porcellio spec. &#8220;Marocco&#8221;\"}]},{\"@type\":\"WebSite\",\"@id\":\"https:\\\/\\\/insektenliebe.com\\\/it\\\/#website\",\"url\":\"https:\\\/\\\/insektenliebe.com\\\/it\\\/\",\"name\":\"Insektenliebe\",\"description\":\"Dein Zuhause f\u00fcr die kleinen Lebewesen\",\"publisher\":{\"@id\":\"https:\\\/\\\/insektenliebe.com\\\/it\\\/#organization\"},\"potentialAction\":[{\"@type\":\"SearchAction\",\"target\":{\"@type\":\"EntryPoint\",\"urlTemplate\":\"https:\\\/\\\/insektenliebe.com\\\/it\\\/?s={search_term_string}\"},\"query-input\":{\"@type\":\"PropertyValueSpecification\",\"valueRequired\":true,\"valueName\":\"search_term_string\"}}],\"inLanguage\":\"it-IT\"},{\"@type\":\"Organization\",\"@id\":\"https:\\\/\\\/insektenliebe.com\\\/it\\\/#organization\",\"name\":\"Insektenliebe\",\"url\":\"https:\\\/\\\/insektenliebe.com\\\/it\\\/\",\"logo\":{\"@type\":\"ImageObject\",\"inLanguage\":\"it-IT\",\"@id\":\"https:\\\/\\\/insektenliebe.com\\\/it\\\/#\\\/schema\\\/logo\\\/image\\\/\",\"url\":\"https:\\\/\\\/insektenliebe.com\\\/wp-content\\\/uploads\\\/2025\\\/03\\\/logo-white.png\",\"contentUrl\":\"https:\\\/\\\/insektenliebe.com\\\/wp-content\\\/uploads\\\/2025\\\/03\\\/logo-white.png\",\"width\":288,\"height\":188,\"caption\":\"Insektenliebe\"},\"image\":{\"@id\":\"https:\\\/\\\/insektenliebe.com\\\/it\\\/#\\\/schema\\\/logo\\\/image\\\/\"}}]}<\/script>\n<!-- \/ Yoast SEO plugin. -->","yoast_head_json":{"title":"Porcellio spec. \"Marocco\" - Insektenliebe","description":"Acquista online il Porcellio spec. \"Marocco\". Una bellissima specie di isopode proveniente dal lontano Marocco. Acquista direttamente dall'allevatore!","robots":{"index":"index","follow":"follow","max-snippet":"max-snippet:-1","max-image-preview":"max-image-preview:large","max-video-preview":"max-video-preview:-1"},"canonical":"https:\/\/insektenliebe.com\/it\/shop\/prodotto\/porcellio-spec-marocco\/","og_locale":"it_IT","og_type":"article","og_title":"Porcellio spec. \"Marocco\" - Insektenliebe","og_description":"Acquista online il Porcellio spec. \"Marocco\". Una bellissima specie di isopode proveniente dal lontano Marocco. Acquista direttamente dall'allevatore!","og_url":"https:\/\/insektenliebe.com\/it\/shop\/prodotto\/porcellio-spec-marocco\/","og_site_name":"Insektenliebe","og_image":[{"width":820,"height":820,"url":"https:\/\/insektenliebe.com\/wp-content\/uploads\/2018\/03\/Porcellio-spec.-22Marokko22.jpg","type":"image\/jpeg"}],"twitter_card":"summary_large_image","twitter_misc":{"Tempo di lettura stimato":"2 minuto"},"schema":{"@context":"https:\/\/schema.org","@graph":[{"@type":"WebPage","@id":"https:\/\/insektenliebe.com\/it\/shop\/prodotto\/porcellio-spec-marocco\/","url":"https:\/\/insektenliebe.com\/it\/shop\/prodotto\/porcellio-spec-marocco\/","name":"Porcellio spec. \"Marocco\" - Insektenliebe","isPartOf":{"@id":"https:\/\/insektenliebe.com\/it\/#website"},"primaryImageOfPage":{"@id":"https:\/\/insektenliebe.com\/it\/shop\/prodotto\/porcellio-spec-marocco\/#primaryimage"},"image":{"@id":"https:\/\/insektenliebe.com\/it\/shop\/prodotto\/porcellio-spec-marocco\/#primaryimage"},"thumbnailUrl":"https:\/\/insektenliebe.com\/wp-content\/uploads\/2018\/03\/Porcellio-spec.-22Marokko22.jpg","datePublished":"2018-03-22T12:32:27+00:00","description":"Acquista online il Porcellio spec. \"Marocco\". Una bellissima specie di isopode proveniente dal lontano Marocco. Acquista direttamente dall'allevatore!","breadcrumb":{"@id":"https:\/\/insektenliebe.com\/it\/shop\/prodotto\/porcellio-spec-marocco\/#breadcrumb"},"inLanguage":"it-IT","potentialAction":[{"@type":"ReadAction","target":["https:\/\/insektenliebe.com\/it\/shop\/prodotto\/porcellio-spec-marocco\/"]}]},{"@type":"ImageObject","inLanguage":"it-IT","@id":"https:\/\/insektenliebe.com\/it\/shop\/prodotto\/porcellio-spec-marocco\/#primaryimage","url":"https:\/\/insektenliebe.com\/wp-content\/uploads\/2018\/03\/Porcellio-spec.-22Marokko22.jpg","contentUrl":"https:\/\/insektenliebe.com\/wp-content\/uploads\/2018\/03\/Porcellio-spec.-22Marokko22.jpg","width":820,"height":820,"caption":"Porcellio spec. \"Marocco\""},{"@type":"BreadcrumbList","@id":"https:\/\/insektenliebe.com\/it\/shop\/prodotto\/porcellio-spec-marocco\/#breadcrumb","itemListElement":[{"@type":"ListItem","position":1,"name":"Startseite","item":"https:\/\/insektenliebe.com\/it\/"},{"@type":"ListItem","position":2,"name":"Negozio","item":"https:\/\/insektenliebe.com\/it\/negozio\/"},{"@type":"ListItem","position":3,"name":"Porcellio spec. &#8220;Marocco&#8221;"}]},{"@type":"WebSite","@id":"https:\/\/insektenliebe.com\/it\/#website","url":"https:\/\/insektenliebe.com\/it\/","name":"Insektenliebe","description":"Dein Zuhause f\u00fcr die kleinen Lebewesen","publisher":{"@id":"https:\/\/insektenliebe.com\/it\/#organization"},"potentialAction":[{"@type":"SearchAction","target":{"@type":"EntryPoint","urlTemplate":"https:\/\/insektenliebe.com\/it\/?s={search_term_string}"},"query-input":{"@type":"PropertyValueSpecification","valueRequired":true,"valueName":"search_term_string"}}],"inLanguage":"it-IT"},{"@type":"Organization","@id":"https:\/\/insektenliebe.com\/it\/#organization","name":"Insektenliebe","url":"https:\/\/insektenliebe.com\/it\/","logo":{"@type":"ImageObject","inLanguage":"it-IT","@id":"https:\/\/insektenliebe.com\/it\/#\/schema\/logo\/image\/","url":"https:\/\/insektenliebe.com\/wp-content\/uploads\/2025\/03\/logo-white.png","contentUrl":"https:\/\/insektenliebe.com\/wp-content\/uploads\/2025\/03\/logo-white.png","width":288,"height":188,"caption":"Insektenliebe"},"image":{"@id":"https:\/\/insektenliebe.com\/it\/#\/schema\/logo\/image\/"}}]}},"_links":{"self":[{"href":"https:\/\/insektenliebe.com\/it\/wp-json\/wp\/v2\/product\/183758","targetHints":{"allow":["GET"]}}],"collection":[{"href":"https:\/\/insektenliebe.com\/it\/wp-json\/wp\/v2\/product"}],"about":[{"href":"https:\/\/insektenliebe.com\/it\/wp-json\/wp\/v2\/types\/product"}],"wp:featuredmedia":[{"embeddable":true,"href":"https:\/\/insektenliebe.com\/it\/wp-json\/wp\/v2\/media\/183763"}],"wp:attachment":[{"href":"https:\/\/insektenliebe.com\/it\/wp-json\/wp\/v2\/media?parent=183758"}],"wp:term":[{"taxonomy":"product-supplier","embeddable":true,"href":"https:\/\/insektenliebe.com\/it\/wp-json\/wp\/v2\/product-supplier?post=183758"},{"taxonomy":"product_brand","embeddable":true,"href":"https:\/\/insektenliebe.com\/it\/wp-json\/wp\/v2\/product_brand?post=183758"},{"taxonomy":"product_cat","embeddable":true,"href":"https:\/\/insektenliebe.com\/it\/wp-json\/wp\/v2\/product_cat?post=183758"},{"taxonomy":"product_tag","embeddable":true,"href":"https:\/\/insektenliebe.com\/it\/wp-json\/wp\/v2\/product_tag?post=183758"},{"taxonomy":"lce-checkout-addons","embeddable":true,"href":"https:\/\/insektenliebe.com\/it\/wp-json\/wp\/v2\/lce-checkout-addons?post=183758"}],"curies":[{"name":"wp","href":"https:\/\/api.w.org\/{rel}","templated":true}]}}