{"id":183703,"date":"2018-04-09T07:45:17","date_gmt":"2018-04-09T05:45:17","guid":{"rendered":"https:\/\/insektenliebe.com\/shop\/produkt\/set-completo-di-isopodi-insektenbe\/"},"modified":"2018-04-09T07:45:17","modified_gmt":"2018-04-09T05:45:17","slug":"set-completo-di-isopodi-insektenbe","status":"publish","type":"product","link":"https:\/\/insektenliebe.com\/it\/shop\/prodotto\/set-completo-di-isopodi-insektenbe\/","title":{"rendered":"Set completo di isopodi Insektenbe"},"content":{"rendered":"<h3><span style=\"color: #99cc33;\">Inizia la tua avventura con gli isopodi - Scegli il tuo set completo di isopodi Insektenliebe<\/span><\/h3>\n<p>Il <strong>set completo di isopodi Insektenliebe<\/strong> \u00e8 quello che fa per te se sei interessato all&#8217;emozionante mondo degli isopodi o se hai gi\u00e0 esperienza con questi affascinanti animali. Questa robusta scatola di plastica \u00e8 perfettamente adatta ai principianti come te e offre una casa ideale per le cocciniglie. Con una capacit\u00e0 di 5 litri e dimensioni di 28 x 20 x 14 cm, offre molto spazio ed \u00e8 comunque abbastanza compatta da poter essere collocata ovunque.  <\/p>\n<p><strong>Caratteristiche e accessori:<\/strong><\/p>\n<ul>\n<li><strong>Substrato<\/strong>: il terriccio forestale setacciato incluso nel set costituisce la base ideale per il benessere dei tuoi isopodi. Piccoli pezzi di legno morto e foglie di quercia creano un ambiente naturale in cui gli animali si sentono a casa. <\/li>\n<li><strong>Legnose<\/strong>: Forniamo il set con almeno 12 cocciniglie sane per darti il miglior inizio possibile. Questi affascinanti animali contribuiscono alla disinfestazione naturale del tuo giardino e sono anche molto interessanti da osservare. <\/li>\n<li><strong>Corteccia di sughero S<\/strong>: il grande pezzo di corteccia di sughero S offre alle tue coccinelle un rifugio sicuro e conferisce all&#8217;ambiente un aspetto naturale. Gli animali possono nascondersi sotto la corteccia e sentirsi al sicuro. <\/li>\n<li><strong>Conchiglie di osso di seppia<\/strong>: I gusci di seppia inclusi nel set sono un&#8217;importante fonte di calcio per i tuoi isopodi e favoriscono la loro muta e la loro salute.<\/li>\n<li><strong>Bustina di prova di cibo per isopodi<\/strong>: per assicurarti che i tuoi isopodi siano ben nutriti, riceverai una bustina di prova di cibo per isopodi di alta qualit\u00e0. In questo modo potrai assicurarti che i tuoi nuovi coinquilini ricevano tutto ci\u00f2 di cui hanno bisogno. <\/li>\n<\/ul>\n<p>Il <strong>set completo di Insektenliebe<\/strong> non solo fornisce una facile introduzione al mondo degli isopodi, ma ti permette anche di prenderti cura e osservare questi affascinanti animali. Le cocciniglie non sono solo utili aiutanti in giardino, ma anche creature interessanti che possono darti un&#8217;idea delle scienze naturali. Inizia oggi la tua avventura con gli isopodi con questo set completo. Contiene tutto il necessario per mantenere i tuoi nuovi coinquilini felici e in salute.   <\/p>\n<p><a href=\"https:\/\/insektenliebe.com\/it\/rivista-assel\/set-completo-di-isopodi-insektenbe\/\"><strong>Leggi tutto<\/strong><\/a><\/p>\n<h3><span style=\"color: #99cc33;\">Esistono vari tipi di cocciniglia tra cui scegliere:<\/span><\/h3>\n<p><img decoding=\"async\" src=\"https:\/\/insektenliebe.com\/wp-content\/uploads\/2018\/03\/IMG_9339-bearbeitet.jpg\" alt=\"Porcellio laevis \"Arancione\"><\/p>\n<p><img decoding=\"async\" src=\"https:\/\/insektenliebe.com\/wp-content\/uploads\/2018\/03\/IMG_3262.jpg\" alt=\"Armadillidium spec. \"Albino\"\"><\/p>\n<p><img decoding=\"async\" src=\"https:\/\/insektenliebe.com\/wp-content\/uploads\/2018\/03\/IMG_3239.jpg\" alt=\"Armadillidium maculatum \"Punteruolo della zebra\"><\/p>\n<p><img decoding=\"async\" src=\"https:\/\/insektenliebe.com\/wp-content\/uploads\/2018\/03\/IMG_3295.jpg\" alt=\"Armadillidium klugii \"Montenegro\"><\/p>\n<p><img decoding=\"async\" src=\"https:\/\/insektenliebe.com\/wp-content\/uploads\/2018\/02\/IMG_9347-bearbeitet.jpg\" alt=\"Porcellio laevis \"Panda\"><\/p>\n<p><strong>Versione set con accessori:<\/strong><\/p>\n<p>1x contenitore 28 x 19 x 14 cm \/ 5L<br \/>\n1x griglia di ventilazione in plastica \u00d8 5 cm<br \/>\n2x clip di chiusura<br \/>\n1x humus di foglie di bosco da 1 litro<br \/>\n1x granuli di calce<br \/>\n1x 250 ml di legno bianco marcio 1x 250 ml di muschio 2x osso di seppia 1x polvere di osso di seppia 1x corteccia di sughero S Legno bianco marcio<br \/>\n1x 250 ml di foglie di foraggio<br \/>\n1x 250 ml di muschio<br \/>\n2x osso di seppia<br \/>\n1x polvere di osso di seppia<br \/>\n1x corteccia di sughero S<br \/>\n1x sacchetto per il campione di cibo per isopodi<br \/>\n1x adesivo \"Nome della specie\"<\/p>\n<p><strong>Versione set senza accessori:<\/strong><\/p>\n<p>1x contenitore 28 x 19 x 14 cm \/ 5L<br \/>\n1x griglia di ventilazione in plastica \u00d8 5 cm<br \/>\n2x clips di chiusura<br \/>\n1x adesivo \"Nome della specie\"<\/p>\n<p><strong>Si combina perfettamente con:<\/strong><\/p>\n","protected":false},"excerpt":{"rendered":"<p>Inizia la tua avventura con gli isopodi - Scegli il tuo set completo di isopodi Insektenliebe Il set completo di isopodi Insektenliebe \u00e8 quello che fa per te se sei interessato all&#8217;emozionante mondo degli isopodi o se hai gi\u00e0 esperienza con questi affascinanti animali. Questa robusta scatola di plastica \u00e8 perfettamente adatta ai principianti come [&hellip;]<\/p>\n","protected":false},"featured_media":183711,"template":"","meta":{"_acf_changed":false},"product-supplier":[],"product_brand":[2853],"product_cat":[2854],"product_tag":[],"lce-checkout-addons":[],"class_list":{"0":"post-183703","1":"product","2":"type-product","3":"status-publish","4":"has-post-thumbnail","6":"product_brand-insektenliebe","7":"product_cat-set-completo","8":"product_shipping_class-equipment-shipping","10":"first","11":"instock","12":"taxable","13":"shipping-taxable","14":"purchasable","15":"product-type-variable"},"acf":[],"yoast_head":"<!-- This site is optimized with the Yoast SEO plugin v27.3 - https:\/\/yoast.com\/product\/yoast-seo-wordpress\/ -->\n<title>Set completo di isopodi Insektenbe - Insektenliebe<\/title>\n<meta name=\"description\" content=\"Acquista online un set completo di isopodi a basso costo. Terrario per isopodi perfetto per mantenere e allevare tutti gli isopodi con tutti gli accessori necessari.\" \/>\n<meta name=\"robots\" content=\"index, follow, max-snippet:-1, max-image-preview:large, max-video-preview:-1\" \/>\n<link rel=\"canonical\" href=\"https:\/\/insektenliebe.com\/it\/shop\/prodotto\/set-completo-di-isopodi-insektenbe\/\" \/>\n<meta property=\"og:locale\" content=\"it_IT\" \/>\n<meta property=\"og:type\" content=\"article\" \/>\n<meta property=\"og:title\" content=\"Set completo di isopodi Insektenbe - Insektenliebe\" \/>\n<meta property=\"og:description\" content=\"Acquista online un set completo di isopodi a basso costo. Terrario per isopodi perfetto per mantenere e allevare tutti gli isopodi con tutti gli accessori necessari.\" \/>\n<meta property=\"og:url\" content=\"https:\/\/insektenliebe.com\/it\/shop\/prodotto\/set-completo-di-isopodi-insektenbe\/\" \/>\n<meta property=\"og:site_name\" content=\"Insektenliebe\" \/>\n<meta property=\"og:image\" content=\"https:\/\/insektenliebe.com\/wp-content\/uploads\/2025\/05\/Insektenliebe-Assel-Komplettset-mit-Armadillidium-klugii-3.jpg\" \/>\n\t<meta property=\"og:image:width\" content=\"820\" \/>\n\t<meta property=\"og:image:height\" content=\"820\" \/>\n\t<meta property=\"og:image:type\" content=\"image\/jpeg\" \/>\n<meta name=\"twitter:card\" content=\"summary_large_image\" \/>\n<meta name=\"twitter:label1\" content=\"Tempo di lettura stimato\" \/>\n\t<meta name=\"twitter:data1\" content=\"2 minuto\" \/>\n<script type=\"application\/ld+json\" class=\"yoast-schema-graph\">{\"@context\":\"https:\\\/\\\/schema.org\",\"@graph\":[{\"@type\":\"WebPage\",\"@id\":\"https:\\\/\\\/insektenliebe.com\\\/it\\\/shop\\\/prodotto\\\/set-completo-di-isopodi-insektenbe\\\/\",\"url\":\"https:\\\/\\\/insektenliebe.com\\\/it\\\/shop\\\/prodotto\\\/set-completo-di-isopodi-insektenbe\\\/\",\"name\":\"Set completo di isopodi Insektenbe - Insektenliebe\",\"isPartOf\":{\"@id\":\"https:\\\/\\\/insektenliebe.com\\\/it\\\/#website\"},\"primaryImageOfPage\":{\"@id\":\"https:\\\/\\\/insektenliebe.com\\\/it\\\/shop\\\/prodotto\\\/set-completo-di-isopodi-insektenbe\\\/#primaryimage\"},\"image\":{\"@id\":\"https:\\\/\\\/insektenliebe.com\\\/it\\\/shop\\\/prodotto\\\/set-completo-di-isopodi-insektenbe\\\/#primaryimage\"},\"thumbnailUrl\":\"https:\\\/\\\/insektenliebe.com\\\/wp-content\\\/uploads\\\/2025\\\/05\\\/Insektenliebe-Assel-Komplettset-mit-Armadillidium-klugii-3.jpg\",\"datePublished\":\"2018-04-09T05:45:17+00:00\",\"description\":\"Acquista online un set completo di isopodi a basso costo. Terrario per isopodi perfetto per mantenere e allevare tutti gli isopodi con tutti gli accessori necessari.\",\"breadcrumb\":{\"@id\":\"https:\\\/\\\/insektenliebe.com\\\/it\\\/shop\\\/prodotto\\\/set-completo-di-isopodi-insektenbe\\\/#breadcrumb\"},\"inLanguage\":\"it-IT\",\"potentialAction\":[{\"@type\":\"ReadAction\",\"target\":[\"https:\\\/\\\/insektenliebe.com\\\/it\\\/shop\\\/prodotto\\\/set-completo-di-isopodi-insektenbe\\\/\"]}]},{\"@type\":\"ImageObject\",\"inLanguage\":\"it-IT\",\"@id\":\"https:\\\/\\\/insektenliebe.com\\\/it\\\/shop\\\/prodotto\\\/set-completo-di-isopodi-insektenbe\\\/#primaryimage\",\"url\":\"https:\\\/\\\/insektenliebe.com\\\/wp-content\\\/uploads\\\/2025\\\/05\\\/Insektenliebe-Assel-Komplettset-mit-Armadillidium-klugii-3.jpg\",\"contentUrl\":\"https:\\\/\\\/insektenliebe.com\\\/wp-content\\\/uploads\\\/2025\\\/05\\\/Insektenliebe-Assel-Komplettset-mit-Armadillidium-klugii-3.jpg\",\"width\":820,\"height\":820,\"caption\":\"Insetto-amore-Assele-set completo-con-Armadillidium-klugii-3.jpg\"},{\"@type\":\"BreadcrumbList\",\"@id\":\"https:\\\/\\\/insektenliebe.com\\\/it\\\/shop\\\/prodotto\\\/set-completo-di-isopodi-insektenbe\\\/#breadcrumb\",\"itemListElement\":[{\"@type\":\"ListItem\",\"position\":1,\"name\":\"Startseite\",\"item\":\"https:\\\/\\\/insektenliebe.com\\\/it\\\/\"},{\"@type\":\"ListItem\",\"position\":2,\"name\":\"Negozio\",\"item\":\"https:\\\/\\\/insektenliebe.com\\\/it\\\/negozio\\\/\"},{\"@type\":\"ListItem\",\"position\":3,\"name\":\"Set completo di isopodi Insektenbe\"}]},{\"@type\":\"WebSite\",\"@id\":\"https:\\\/\\\/insektenliebe.com\\\/it\\\/#website\",\"url\":\"https:\\\/\\\/insektenliebe.com\\\/it\\\/\",\"name\":\"Insektenliebe\",\"description\":\"Dein Zuhause f\u00fcr die kleinen Lebewesen\",\"publisher\":{\"@id\":\"https:\\\/\\\/insektenliebe.com\\\/it\\\/#organization\"},\"potentialAction\":[{\"@type\":\"SearchAction\",\"target\":{\"@type\":\"EntryPoint\",\"urlTemplate\":\"https:\\\/\\\/insektenliebe.com\\\/it\\\/?s={search_term_string}\"},\"query-input\":{\"@type\":\"PropertyValueSpecification\",\"valueRequired\":true,\"valueName\":\"search_term_string\"}}],\"inLanguage\":\"it-IT\"},{\"@type\":\"Organization\",\"@id\":\"https:\\\/\\\/insektenliebe.com\\\/it\\\/#organization\",\"name\":\"Insektenliebe\",\"url\":\"https:\\\/\\\/insektenliebe.com\\\/it\\\/\",\"logo\":{\"@type\":\"ImageObject\",\"inLanguage\":\"it-IT\",\"@id\":\"https:\\\/\\\/insektenliebe.com\\\/it\\\/#\\\/schema\\\/logo\\\/image\\\/\",\"url\":\"https:\\\/\\\/insektenliebe.com\\\/wp-content\\\/uploads\\\/2025\\\/03\\\/logo-white.png\",\"contentUrl\":\"https:\\\/\\\/insektenliebe.com\\\/wp-content\\\/uploads\\\/2025\\\/03\\\/logo-white.png\",\"width\":288,\"height\":188,\"caption\":\"Insektenliebe\"},\"image\":{\"@id\":\"https:\\\/\\\/insektenliebe.com\\\/it\\\/#\\\/schema\\\/logo\\\/image\\\/\"}}]}<\/script>\n<!-- \/ Yoast SEO plugin. -->","yoast_head_json":{"title":"Set completo di isopodi Insektenbe - Insektenliebe","description":"Acquista online un set completo di isopodi a basso costo. Terrario per isopodi perfetto per mantenere e allevare tutti gli isopodi con tutti gli accessori necessari.","robots":{"index":"index","follow":"follow","max-snippet":"max-snippet:-1","max-image-preview":"max-image-preview:large","max-video-preview":"max-video-preview:-1"},"canonical":"https:\/\/insektenliebe.com\/it\/shop\/prodotto\/set-completo-di-isopodi-insektenbe\/","og_locale":"it_IT","og_type":"article","og_title":"Set completo di isopodi Insektenbe - Insektenliebe","og_description":"Acquista online un set completo di isopodi a basso costo. Terrario per isopodi perfetto per mantenere e allevare tutti gli isopodi con tutti gli accessori necessari.","og_url":"https:\/\/insektenliebe.com\/it\/shop\/prodotto\/set-completo-di-isopodi-insektenbe\/","og_site_name":"Insektenliebe","og_image":[{"width":820,"height":820,"url":"https:\/\/insektenliebe.com\/wp-content\/uploads\/2025\/05\/Insektenliebe-Assel-Komplettset-mit-Armadillidium-klugii-3.jpg","type":"image\/jpeg"}],"twitter_card":"summary_large_image","twitter_misc":{"Tempo di lettura stimato":"2 minuto"},"schema":{"@context":"https:\/\/schema.org","@graph":[{"@type":"WebPage","@id":"https:\/\/insektenliebe.com\/it\/shop\/prodotto\/set-completo-di-isopodi-insektenbe\/","url":"https:\/\/insektenliebe.com\/it\/shop\/prodotto\/set-completo-di-isopodi-insektenbe\/","name":"Set completo di isopodi Insektenbe - Insektenliebe","isPartOf":{"@id":"https:\/\/insektenliebe.com\/it\/#website"},"primaryImageOfPage":{"@id":"https:\/\/insektenliebe.com\/it\/shop\/prodotto\/set-completo-di-isopodi-insektenbe\/#primaryimage"},"image":{"@id":"https:\/\/insektenliebe.com\/it\/shop\/prodotto\/set-completo-di-isopodi-insektenbe\/#primaryimage"},"thumbnailUrl":"https:\/\/insektenliebe.com\/wp-content\/uploads\/2025\/05\/Insektenliebe-Assel-Komplettset-mit-Armadillidium-klugii-3.jpg","datePublished":"2018-04-09T05:45:17+00:00","description":"Acquista online un set completo di isopodi a basso costo. Terrario per isopodi perfetto per mantenere e allevare tutti gli isopodi con tutti gli accessori necessari.","breadcrumb":{"@id":"https:\/\/insektenliebe.com\/it\/shop\/prodotto\/set-completo-di-isopodi-insektenbe\/#breadcrumb"},"inLanguage":"it-IT","potentialAction":[{"@type":"ReadAction","target":["https:\/\/insektenliebe.com\/it\/shop\/prodotto\/set-completo-di-isopodi-insektenbe\/"]}]},{"@type":"ImageObject","inLanguage":"it-IT","@id":"https:\/\/insektenliebe.com\/it\/shop\/prodotto\/set-completo-di-isopodi-insektenbe\/#primaryimage","url":"https:\/\/insektenliebe.com\/wp-content\/uploads\/2025\/05\/Insektenliebe-Assel-Komplettset-mit-Armadillidium-klugii-3.jpg","contentUrl":"https:\/\/insektenliebe.com\/wp-content\/uploads\/2025\/05\/Insektenliebe-Assel-Komplettset-mit-Armadillidium-klugii-3.jpg","width":820,"height":820,"caption":"Insetto-amore-Assele-set completo-con-Armadillidium-klugii-3.jpg"},{"@type":"BreadcrumbList","@id":"https:\/\/insektenliebe.com\/it\/shop\/prodotto\/set-completo-di-isopodi-insektenbe\/#breadcrumb","itemListElement":[{"@type":"ListItem","position":1,"name":"Startseite","item":"https:\/\/insektenliebe.com\/it\/"},{"@type":"ListItem","position":2,"name":"Negozio","item":"https:\/\/insektenliebe.com\/it\/negozio\/"},{"@type":"ListItem","position":3,"name":"Set completo di isopodi Insektenbe"}]},{"@type":"WebSite","@id":"https:\/\/insektenliebe.com\/it\/#website","url":"https:\/\/insektenliebe.com\/it\/","name":"Insektenliebe","description":"Dein Zuhause f\u00fcr die kleinen Lebewesen","publisher":{"@id":"https:\/\/insektenliebe.com\/it\/#organization"},"potentialAction":[{"@type":"SearchAction","target":{"@type":"EntryPoint","urlTemplate":"https:\/\/insektenliebe.com\/it\/?s={search_term_string}"},"query-input":{"@type":"PropertyValueSpecification","valueRequired":true,"valueName":"search_term_string"}}],"inLanguage":"it-IT"},{"@type":"Organization","@id":"https:\/\/insektenliebe.com\/it\/#organization","name":"Insektenliebe","url":"https:\/\/insektenliebe.com\/it\/","logo":{"@type":"ImageObject","inLanguage":"it-IT","@id":"https:\/\/insektenliebe.com\/it\/#\/schema\/logo\/image\/","url":"https:\/\/insektenliebe.com\/wp-content\/uploads\/2025\/03\/logo-white.png","contentUrl":"https:\/\/insektenliebe.com\/wp-content\/uploads\/2025\/03\/logo-white.png","width":288,"height":188,"caption":"Insektenliebe"},"image":{"@id":"https:\/\/insektenliebe.com\/it\/#\/schema\/logo\/image\/"}}]}},"_links":{"self":[{"href":"https:\/\/insektenliebe.com\/it\/wp-json\/wp\/v2\/product\/183703","targetHints":{"allow":["GET"]}}],"collection":[{"href":"https:\/\/insektenliebe.com\/it\/wp-json\/wp\/v2\/product"}],"about":[{"href":"https:\/\/insektenliebe.com\/it\/wp-json\/wp\/v2\/types\/product"}],"wp:featuredmedia":[{"embeddable":true,"href":"https:\/\/insektenliebe.com\/it\/wp-json\/wp\/v2\/media\/183711"}],"wp:attachment":[{"href":"https:\/\/insektenliebe.com\/it\/wp-json\/wp\/v2\/media?parent=183703"}],"wp:term":[{"taxonomy":"product-supplier","embeddable":true,"href":"https:\/\/insektenliebe.com\/it\/wp-json\/wp\/v2\/product-supplier?post=183703"},{"taxonomy":"product_brand","embeddable":true,"href":"https:\/\/insektenliebe.com\/it\/wp-json\/wp\/v2\/product_brand?post=183703"},{"taxonomy":"product_cat","embeddable":true,"href":"https:\/\/insektenliebe.com\/it\/wp-json\/wp\/v2\/product_cat?post=183703"},{"taxonomy":"product_tag","embeddable":true,"href":"https:\/\/insektenliebe.com\/it\/wp-json\/wp\/v2\/product_tag?post=183703"},{"taxonomy":"lce-checkout-addons","embeddable":true,"href":"https:\/\/insektenliebe.com\/it\/wp-json\/wp\/v2\/lce-checkout-addons?post=183703"}],"curies":[{"name":"wp","href":"https:\/\/api.w.org\/{rel}","templated":true}]}}