{"id":183688,"date":"2018-04-05T15:10:28","date_gmt":"2018-04-05T15:10:28","guid":{"rendered":"https:\/\/insektenliebe.com\/shop\/produkt\/conchiglie-di-seppia\/"},"modified":"2018-04-05T15:10:28","modified_gmt":"2018-04-05T13:10:28","slug":"conchiglie-di-seppia","status":"publish","type":"product","link":"https:\/\/insektenliebe.com\/it\/shop\/prodotto\/conchiglie-di-seppia\/","title":{"rendered":"Conchiglie di seppia"},"content":{"rendered":"<h3 class=\"p1\"><span style=\"color: #99cc33;\"><strong><span class=\"s1\">Conchiglie di seppia - Fonte naturale di calcio per carapaci forti e mute sane<\/span><\/strong><\/span><\/h3>\n<p>Le conchiglie delle seppie sono l&#8217;osso posteriore dei calamari. Il materiale principale della seppia \u00e8 l&#8217;aragonite (chimicamente un carbonato di calcio, cio\u00e8 la calce). Contiene anche molti altri oligoelementi. Il guscio della seppia \u00e8 una delle migliori fonti naturali di calcio. Ci preoccupiamo di assicurarci che la conchiglia sia stata lavata accuratamente dal produttore, in modo che il sale marino immagazzinato sia completamente lavato.    <\/p>\n<p>I gusci delle seppie sono ricchi di calcio e di altri importanti minerali. Sono particolarmente utili per gli uccelli per favorire la crescita delle ossa e delle piume, per gli abitanti degli acquari come le lumache, ma anche per altri invertebrati durante la muta. La seppia \u00e8 una fonte naturale di calcio, soprattutto nei terrari, e garantisce una crescita sana e una formazione regolare della corazza chitinosa.<br \/>\n\u00c8 sufficiente aggiungere piccoli pezzi di guscio di seppia nella gabbia o nell&#8217;acquario o terrario. Rimuovi i pezzi di conchiglia dall&#8217;acquario dopo qualche settimana perch\u00e9 inizieranno a marcire. Gli uccelli dovrebbero essere nutriti con l&#8217;osso di seppia in modo permanente! Le nostre seppie sono ideali anche per le tartarughe, che hanno bisogno di molto calcio per il loro guscio. Gli uccelli utilizzano l&#8217;osso di seppia anche per la cura del becco.      <\/p>\n<p>Le dimensioni delle singole vaschette sono paragonabili a quelle di una normale scatola di grilli.<\/p>\n","protected":false},"excerpt":{"rendered":"<p>Conchiglie di seppia - Fonte naturale di calcio per carapaci forti e mute sane Le conchiglie delle seppie sono l&#8217;osso posteriore dei calamari. Il materiale principale della seppia \u00e8 l&#8217;aragonite (chimicamente un carbonato di calcio, cio\u00e8 la calce). Contiene anche molti altri oligoelementi. Il guscio della seppia \u00e8 una delle migliori fonti naturali di calcio. [&hellip;]<\/p>\n","protected":false},"featured_media":183690,"template":"","meta":{"_acf_changed":false},"product-supplier":[],"product_brand":[],"product_cat":[2815],"product_tag":[],"lce-checkout-addons":[],"class_list":{"0":"post-183688","1":"product","2":"type-product","3":"status-publish","4":"has-post-thumbnail","6":"product_cat-cibo-e-calcio","7":"product_shipping_class-equipment-shipping","9":"first","10":"instock","11":"taxable","12":"shipping-taxable","13":"purchasable","14":"product-type-variable"},"acf":[],"yoast_head":"<!-- This site is optimized with the Yoast SEO plugin v27.3 - https:\/\/yoast.com\/product\/yoast-seo-wordpress\/ -->\n<title>Conchiglie di seppia - Insektenliebe<\/title>\n<meta name=\"description\" content=\"Acquista online gusci di seppia a basso costo. Le nostre seppie ti offrono una fonte di calcio perfetta per i tuoi animali e le usiamo anche noi.\" \/>\n<meta name=\"robots\" content=\"index, follow, max-snippet:-1, max-image-preview:large, max-video-preview:-1\" \/>\n<link rel=\"canonical\" href=\"https:\/\/insektenliebe.com\/it\/shop\/prodotto\/conchiglie-di-seppia\/\" \/>\n<meta property=\"og:locale\" content=\"it_IT\" \/>\n<meta property=\"og:type\" content=\"article\" \/>\n<meta property=\"og:title\" content=\"Conchiglie di seppia - Insektenliebe\" \/>\n<meta property=\"og:description\" content=\"Acquista online gusci di seppia a basso costo. Le nostre seppie ti offrono una fonte di calcio perfetta per i tuoi animali e le usiamo anche noi.\" \/>\n<meta property=\"og:url\" content=\"https:\/\/insektenliebe.com\/it\/shop\/prodotto\/conchiglie-di-seppia\/\" \/>\n<meta property=\"og:site_name\" content=\"Insektenliebe\" \/>\n<meta property=\"og:image\" content=\"https:\/\/insektenliebe.com\/wp-content\/uploads\/2025\/05\/Sepiaschalen-2.jpg\" \/>\n\t<meta property=\"og:image:width\" content=\"820\" \/>\n\t<meta property=\"og:image:height\" content=\"820\" \/>\n\t<meta property=\"og:image:type\" content=\"image\/jpeg\" \/>\n<meta name=\"twitter:card\" content=\"summary_large_image\" \/>\n<meta name=\"twitter:label1\" content=\"Tempo di lettura stimato\" \/>\n\t<meta name=\"twitter:data1\" content=\"1 minuto\" \/>\n<script type=\"application\/ld+json\" class=\"yoast-schema-graph\">{\"@context\":\"https:\\\/\\\/schema.org\",\"@graph\":[{\"@type\":\"WebPage\",\"@id\":\"https:\\\/\\\/insektenliebe.com\\\/it\\\/shop\\\/prodotto\\\/conchiglie-di-seppia\\\/\",\"url\":\"https:\\\/\\\/insektenliebe.com\\\/it\\\/shop\\\/prodotto\\\/conchiglie-di-seppia\\\/\",\"name\":\"Conchiglie di seppia - Insektenliebe\",\"isPartOf\":{\"@id\":\"https:\\\/\\\/insektenliebe.com\\\/it\\\/#website\"},\"primaryImageOfPage\":{\"@id\":\"https:\\\/\\\/insektenliebe.com\\\/it\\\/shop\\\/prodotto\\\/conchiglie-di-seppia\\\/#primaryimage\"},\"image\":{\"@id\":\"https:\\\/\\\/insektenliebe.com\\\/it\\\/shop\\\/prodotto\\\/conchiglie-di-seppia\\\/#primaryimage\"},\"thumbnailUrl\":\"https:\\\/\\\/insektenliebe.com\\\/wp-content\\\/uploads\\\/2025\\\/05\\\/Sepiaschalen-2.jpg\",\"datePublished\":\"2018-04-05T15:10:28+00:00\",\"description\":\"Acquista online gusci di seppia a basso costo. Le nostre seppie ti offrono una fonte di calcio perfetta per i tuoi animali e le usiamo anche noi.\",\"breadcrumb\":{\"@id\":\"https:\\\/\\\/insektenliebe.com\\\/it\\\/shop\\\/prodotto\\\/conchiglie-di-seppia\\\/#breadcrumb\"},\"inLanguage\":\"it-IT\",\"potentialAction\":[{\"@type\":\"ReadAction\",\"target\":[\"https:\\\/\\\/insektenliebe.com\\\/it\\\/shop\\\/prodotto\\\/conchiglie-di-seppia\\\/\"]}]},{\"@type\":\"ImageObject\",\"inLanguage\":\"it-IT\",\"@id\":\"https:\\\/\\\/insektenliebe.com\\\/it\\\/shop\\\/prodotto\\\/conchiglie-di-seppia\\\/#primaryimage\",\"url\":\"https:\\\/\\\/insektenliebe.com\\\/wp-content\\\/uploads\\\/2025\\\/05\\\/Sepiaschalen-2.jpg\",\"contentUrl\":\"https:\\\/\\\/insektenliebe.com\\\/wp-content\\\/uploads\\\/2025\\\/05\\\/Sepiaschalen-2.jpg\",\"width\":820,\"height\":820,\"caption\":\"Conchiglie di seppia\"},{\"@type\":\"BreadcrumbList\",\"@id\":\"https:\\\/\\\/insektenliebe.com\\\/it\\\/shop\\\/prodotto\\\/conchiglie-di-seppia\\\/#breadcrumb\",\"itemListElement\":[{\"@type\":\"ListItem\",\"position\":1,\"name\":\"Startseite\",\"item\":\"https:\\\/\\\/insektenliebe.com\\\/it\\\/\"},{\"@type\":\"ListItem\",\"position\":2,\"name\":\"Negozio\",\"item\":\"https:\\\/\\\/insektenliebe.com\\\/it\\\/negozio\\\/\"},{\"@type\":\"ListItem\",\"position\":3,\"name\":\"Conchiglie di seppia\"}]},{\"@type\":\"WebSite\",\"@id\":\"https:\\\/\\\/insektenliebe.com\\\/it\\\/#website\",\"url\":\"https:\\\/\\\/insektenliebe.com\\\/it\\\/\",\"name\":\"Insektenliebe\",\"description\":\"Dein Zuhause f\u00fcr die kleinen Lebewesen\",\"publisher\":{\"@id\":\"https:\\\/\\\/insektenliebe.com\\\/it\\\/#organization\"},\"potentialAction\":[{\"@type\":\"SearchAction\",\"target\":{\"@type\":\"EntryPoint\",\"urlTemplate\":\"https:\\\/\\\/insektenliebe.com\\\/it\\\/?s={search_term_string}\"},\"query-input\":{\"@type\":\"PropertyValueSpecification\",\"valueRequired\":true,\"valueName\":\"search_term_string\"}}],\"inLanguage\":\"it-IT\"},{\"@type\":\"Organization\",\"@id\":\"https:\\\/\\\/insektenliebe.com\\\/it\\\/#organization\",\"name\":\"Insektenliebe\",\"url\":\"https:\\\/\\\/insektenliebe.com\\\/it\\\/\",\"logo\":{\"@type\":\"ImageObject\",\"inLanguage\":\"it-IT\",\"@id\":\"https:\\\/\\\/insektenliebe.com\\\/it\\\/#\\\/schema\\\/logo\\\/image\\\/\",\"url\":\"https:\\\/\\\/insektenliebe.com\\\/wp-content\\\/uploads\\\/2025\\\/03\\\/logo-white.png\",\"contentUrl\":\"https:\\\/\\\/insektenliebe.com\\\/wp-content\\\/uploads\\\/2025\\\/03\\\/logo-white.png\",\"width\":288,\"height\":188,\"caption\":\"Insektenliebe\"},\"image\":{\"@id\":\"https:\\\/\\\/insektenliebe.com\\\/it\\\/#\\\/schema\\\/logo\\\/image\\\/\"}}]}<\/script>\n<!-- \/ Yoast SEO plugin. -->","yoast_head_json":{"title":"Conchiglie di seppia - Insektenliebe","description":"Acquista online gusci di seppia a basso costo. Le nostre seppie ti offrono una fonte di calcio perfetta per i tuoi animali e le usiamo anche noi.","robots":{"index":"index","follow":"follow","max-snippet":"max-snippet:-1","max-image-preview":"max-image-preview:large","max-video-preview":"max-video-preview:-1"},"canonical":"https:\/\/insektenliebe.com\/it\/shop\/prodotto\/conchiglie-di-seppia\/","og_locale":"it_IT","og_type":"article","og_title":"Conchiglie di seppia - Insektenliebe","og_description":"Acquista online gusci di seppia a basso costo. Le nostre seppie ti offrono una fonte di calcio perfetta per i tuoi animali e le usiamo anche noi.","og_url":"https:\/\/insektenliebe.com\/it\/shop\/prodotto\/conchiglie-di-seppia\/","og_site_name":"Insektenliebe","og_image":[{"width":820,"height":820,"url":"https:\/\/insektenliebe.com\/wp-content\/uploads\/2025\/05\/Sepiaschalen-2.jpg","type":"image\/jpeg"}],"twitter_card":"summary_large_image","twitter_misc":{"Tempo di lettura stimato":"1 minuto"},"schema":{"@context":"https:\/\/schema.org","@graph":[{"@type":"WebPage","@id":"https:\/\/insektenliebe.com\/it\/shop\/prodotto\/conchiglie-di-seppia\/","url":"https:\/\/insektenliebe.com\/it\/shop\/prodotto\/conchiglie-di-seppia\/","name":"Conchiglie di seppia - Insektenliebe","isPartOf":{"@id":"https:\/\/insektenliebe.com\/it\/#website"},"primaryImageOfPage":{"@id":"https:\/\/insektenliebe.com\/it\/shop\/prodotto\/conchiglie-di-seppia\/#primaryimage"},"image":{"@id":"https:\/\/insektenliebe.com\/it\/shop\/prodotto\/conchiglie-di-seppia\/#primaryimage"},"thumbnailUrl":"https:\/\/insektenliebe.com\/wp-content\/uploads\/2025\/05\/Sepiaschalen-2.jpg","datePublished":"2018-04-05T15:10:28+00:00","description":"Acquista online gusci di seppia a basso costo. Le nostre seppie ti offrono una fonte di calcio perfetta per i tuoi animali e le usiamo anche noi.","breadcrumb":{"@id":"https:\/\/insektenliebe.com\/it\/shop\/prodotto\/conchiglie-di-seppia\/#breadcrumb"},"inLanguage":"it-IT","potentialAction":[{"@type":"ReadAction","target":["https:\/\/insektenliebe.com\/it\/shop\/prodotto\/conchiglie-di-seppia\/"]}]},{"@type":"ImageObject","inLanguage":"it-IT","@id":"https:\/\/insektenliebe.com\/it\/shop\/prodotto\/conchiglie-di-seppia\/#primaryimage","url":"https:\/\/insektenliebe.com\/wp-content\/uploads\/2025\/05\/Sepiaschalen-2.jpg","contentUrl":"https:\/\/insektenliebe.com\/wp-content\/uploads\/2025\/05\/Sepiaschalen-2.jpg","width":820,"height":820,"caption":"Conchiglie di seppia"},{"@type":"BreadcrumbList","@id":"https:\/\/insektenliebe.com\/it\/shop\/prodotto\/conchiglie-di-seppia\/#breadcrumb","itemListElement":[{"@type":"ListItem","position":1,"name":"Startseite","item":"https:\/\/insektenliebe.com\/it\/"},{"@type":"ListItem","position":2,"name":"Negozio","item":"https:\/\/insektenliebe.com\/it\/negozio\/"},{"@type":"ListItem","position":3,"name":"Conchiglie di seppia"}]},{"@type":"WebSite","@id":"https:\/\/insektenliebe.com\/it\/#website","url":"https:\/\/insektenliebe.com\/it\/","name":"Insektenliebe","description":"Dein Zuhause f\u00fcr die kleinen Lebewesen","publisher":{"@id":"https:\/\/insektenliebe.com\/it\/#organization"},"potentialAction":[{"@type":"SearchAction","target":{"@type":"EntryPoint","urlTemplate":"https:\/\/insektenliebe.com\/it\/?s={search_term_string}"},"query-input":{"@type":"PropertyValueSpecification","valueRequired":true,"valueName":"search_term_string"}}],"inLanguage":"it-IT"},{"@type":"Organization","@id":"https:\/\/insektenliebe.com\/it\/#organization","name":"Insektenliebe","url":"https:\/\/insektenliebe.com\/it\/","logo":{"@type":"ImageObject","inLanguage":"it-IT","@id":"https:\/\/insektenliebe.com\/it\/#\/schema\/logo\/image\/","url":"https:\/\/insektenliebe.com\/wp-content\/uploads\/2025\/03\/logo-white.png","contentUrl":"https:\/\/insektenliebe.com\/wp-content\/uploads\/2025\/03\/logo-white.png","width":288,"height":188,"caption":"Insektenliebe"},"image":{"@id":"https:\/\/insektenliebe.com\/it\/#\/schema\/logo\/image\/"}}]}},"_links":{"self":[{"href":"https:\/\/insektenliebe.com\/it\/wp-json\/wp\/v2\/product\/183688","targetHints":{"allow":["GET"]}}],"collection":[{"href":"https:\/\/insektenliebe.com\/it\/wp-json\/wp\/v2\/product"}],"about":[{"href":"https:\/\/insektenliebe.com\/it\/wp-json\/wp\/v2\/types\/product"}],"wp:featuredmedia":[{"embeddable":true,"href":"https:\/\/insektenliebe.com\/it\/wp-json\/wp\/v2\/media\/183690"}],"wp:attachment":[{"href":"https:\/\/insektenliebe.com\/it\/wp-json\/wp\/v2\/media?parent=183688"}],"wp:term":[{"taxonomy":"product-supplier","embeddable":true,"href":"https:\/\/insektenliebe.com\/it\/wp-json\/wp\/v2\/product-supplier?post=183688"},{"taxonomy":"product_brand","embeddable":true,"href":"https:\/\/insektenliebe.com\/it\/wp-json\/wp\/v2\/product_brand?post=183688"},{"taxonomy":"product_cat","embeddable":true,"href":"https:\/\/insektenliebe.com\/it\/wp-json\/wp\/v2\/product_cat?post=183688"},{"taxonomy":"product_tag","embeddable":true,"href":"https:\/\/insektenliebe.com\/it\/wp-json\/wp\/v2\/product_tag?post=183688"},{"taxonomy":"lce-checkout-addons","embeddable":true,"href":"https:\/\/insektenliebe.com\/it\/wp-json\/wp\/v2\/lce-checkout-addons?post=183688"}],"curies":[{"name":"wp","href":"https:\/\/api.w.org\/{rel}","templated":true}]}}