{"id":183680,"date":"2018-03-22T15:22:00","date_gmt":"2018-03-22T14:22:00","guid":{"rendered":"https:\/\/insektenliebe.com\/shop\/produkt\/armadillidium-vulgare\/"},"modified":"2026-04-10T09:31:20","modified_gmt":"2026-04-10T07:31:20","slug":"armadillidium-vulgare","status":"publish","type":"product","link":"https:\/\/insektenliebe.com\/it\/shop\/prodotto\/armadillidium-vulgare\/","title":{"rendered":"Armadillidium vulgare"},"content":{"rendered":"<h3><span class=\"s1\" style=\"color: #99cc33;\">Collaudato, robusto e versatile - Armadillidium vulgare<\/span><\/h3>\n<p class=\"p1\"><strong><span class=\"s1\">Armadillidium vulgare<\/span><\/strong><span class=\"s2\"> \u00e8 probabilmente la specie di isopode pi\u00f9 conosciuta in assoluto ed \u00e8 considerata il <\/span><span class=\"s1\">classica introduzione all&#8217;allevamento di isopodi<\/span><span class=\"s2\">. Molti allevatori fanno la loro prima esperienza proprio con questa specie, perch\u00e9 \u00e8 robusta, adattabile e allo stesso tempo emozionante da osservare.<\/span><\/p>\n<p class=\"p1\"><span class=\"s2\">Questa specie \u00e8 molto diffusa in Germania e si trova in molti giardini, boschi e parchi. Proprio per questo motivo \u00e8 particolarmente importante per molti terrariofili, perch\u00e9 spesso \u00e8 proprio qui che nasce l&#8217;interesse per gli isopodi. <\/span><\/p>\n<p class=\"p1\"><span class=\"s2\">Visivamente, l&#8217; <\/span><strong><span class=\"s1\">Armadillidium vulgare<\/span><\/strong><span class=\"s2\"> in diverse <\/span><span class=\"s1\">tonalit\u00e0 di grigio con una venatura naturale<\/span><span class=\"s2\">che gli conferisce un aspetto semplice ma bello. Allo stesso tempo, costituisce la base per numerosi   <\/span><span class=\"s1\">Allevamenti di colore<\/span><span class=\"s2\">che oggi sono molto popolari nella terraristica.<\/span><\/p>\n<p class=\"p1\"><span class=\"s2\">Molte forme di colore note come <\/span><span class=\"s1\">Arancione, Pozione magica o Giallo alto<\/span><span class=\"s2\">  pu\u00f2 essere ricondotta a questa specie. Per questo motivo svolge un ruolo centrale nello sviluppo dell&#8217;allevamento di isopodi. <\/span><\/p>\n<p class=\"p1\"><span class=\"s2\">Come un tipico <\/span><span class=\"s1\">puffer<\/span><span class=\"s2\">  la specie pu\u00f2 raggomitolarsi completamente, il che non \u00e8 solo un efficace meccanismo di protezione, ma anche un comportamento interessante. I principianti possono osservare questo comportamento con particolare attenzione. <\/span><\/p>\n<p class=\"p1\"><span class=\"s2\">Il comportamento di <\/span><strong><span class=\"s1\">Armadillidium vulgare<\/span><\/strong><span class=\"s2\">  molto semplice. Si adatta bene alle diverse condizioni ed \u00e8 anche indulgente nei confronti dei piccoli errori, il che la rende ideale per i principianti.<\/span><\/p>\n<p class=\"p1\"><span class=\"s2\">A <\/span><span class=\"s1\">un terrario vicino alla natura<\/span><span class=\"s2\">  con foglie, legno e terra costituisce la base perfetta. Allo stesso tempo, un&#8217;area deve essere mantenuta leggermente umida, mentre altre aree devono rimanere pi\u00f9 asciutte. In questo modo si crea un ambiente equilibrato.  <\/span><\/p>\n<p class=\"p1\"><span class=\"s2\">Questa specie \u00e8 anche facile da curare per quanto riguarda l&#8217;alimentazione. Richiede   <\/span><span class=\"s1\">foglie, verdure e cibo per isopodi<\/span><span class=\"s2\"> e rimane attivo e vitale.<\/span><\/p>\n<p class=\"p1\"><span class=\"s2\">Grazie alla loro <\/span><span class=\"s1\">robustezza, adattabilit\u00e0 e la loro importanza nella terraristica<\/span><span class=\"s2\"> \u00e8 <\/span><strong><span class=\"s1\">Armadillidium vulgare<\/span><\/strong><span class=\"s2\">  molto pi\u00f9 di un semplice isopode. \u00c8 il   <\/span><span class=\"s1\">L&#8217;origine di molti sviluppi<\/span><span class=\"s2\"> e allo stesso tempo l&#8217;introduzione perfetta a questo affascinante hobby.<\/span><\/p>\n<p class=\"p1\"><span class=\"s2\">Con <\/span><strong><span class=\"s1\">Armadillidium vulgare<\/span><\/strong><span class=\"s2\"> opti per un vero e proprio classico che combina perfettamente storia, semplicit\u00e0 e gioia dell&#8217;osservazione.<\/span><\/p>\n","protected":false},"excerpt":{"rendered":"<p>L&#8217;Armadillidium vulgare resiste meglio alle condizioni di siccit\u00e0 rispetto a molte altre specie di isopodi e si trova nei terreni calcarei e nelle zone costiere.<\/p>\n","protected":false},"featured_media":198726,"template":"","meta":{"_acf_changed":false},"product-supplier":[],"product_brand":[],"product_cat":[2871,2788],"product_tag":[],"lce-checkout-addons":[2746],"class_list":{"0":"post-183680","1":"product","2":"type-product","3":"status-publish","4":"has-post-thumbnail","6":"product_cat-cocciniglia-armadillidium","7":"product_cat-woodlice","8":"product_shipping_class-spedizione-di-animali","9":"pa_einsatz-mostra-gli-animali","10":"pa_haltung-allevamento-singolo","11":"pa_herkunft-cosmopolitan","12":"pa_kontinent-africa","13":"pa_kontinent-asia","14":"pa_kontinent-australia","15":"pa_kontinent-europa","16":"pa_kontinent-nord-america","17":"pa_kontinent-sud-america","18":"lce-checkout-addons-imballaggio-invernale","20":"first","21":"outofstock","22":"taxable","23":"shipping-taxable","24":"purchasable","25":"product-type-simple"},"acf":[],"yoast_head":"<!-- This site is optimized with the Yoast SEO plugin v27.3 - https:\/\/yoast.com\/product\/yoast-seo-wordpress\/ -->\n<title>Armadillidium vulgare - Insektenliebe<\/title>\n<meta name=\"description\" content=\"Armadillidium vulgare - un classico tra gli isopodi. Robusto, facile da curare e alla base di molte forme di colore. Perfetto per i principianti.\" \/>\n<meta name=\"robots\" content=\"index, follow, max-snippet:-1, max-image-preview:large, max-video-preview:-1\" \/>\n<link rel=\"canonical\" href=\"https:\/\/insektenliebe.com\/it\/shop\/prodotto\/armadillidium-vulgare\/\" \/>\n<meta property=\"og:locale\" content=\"it_IT\" \/>\n<meta property=\"og:type\" content=\"article\" \/>\n<meta property=\"og:title\" content=\"Armadillidium vulgare - Insektenliebe\" \/>\n<meta property=\"og:description\" content=\"Armadillidium vulgare - un classico tra gli isopodi. Robusto, facile da curare e alla base di molte forme di colore. Perfetto per i principianti.\" \/>\n<meta property=\"og:url\" content=\"https:\/\/insektenliebe.com\/it\/shop\/prodotto\/armadillidium-vulgare\/\" \/>\n<meta property=\"og:site_name\" content=\"Insektenliebe\" \/>\n<meta property=\"article:modified_time\" content=\"2026-04-10T07:31:20+00:00\" \/>\n<meta property=\"og:image\" content=\"https:\/\/insektenliebe.com\/wp-content\/uploads\/2025\/05\/IMG_4038-scaled-3.jpg\" \/>\n\t<meta property=\"og:image:width\" content=\"2560\" \/>\n\t<meta property=\"og:image:height\" content=\"1707\" \/>\n\t<meta property=\"og:image:type\" content=\"image\/jpeg\" \/>\n<meta name=\"twitter:card\" content=\"summary_large_image\" \/>\n<meta name=\"twitter:label1\" content=\"Tempo di lettura stimato\" \/>\n\t<meta name=\"twitter:data1\" content=\"2 minuto\" \/>\n<script type=\"application\/ld+json\" class=\"yoast-schema-graph\">{\"@context\":\"https:\\\/\\\/schema.org\",\"@graph\":[{\"@type\":\"WebPage\",\"@id\":\"https:\\\/\\\/insektenliebe.com\\\/it\\\/shop\\\/prodotto\\\/armadillidium-vulgare\\\/\",\"url\":\"https:\\\/\\\/insektenliebe.com\\\/it\\\/shop\\\/prodotto\\\/armadillidium-vulgare\\\/\",\"name\":\"Armadillidium vulgare - Insektenliebe\",\"isPartOf\":{\"@id\":\"https:\\\/\\\/insektenliebe.com\\\/it\\\/#website\"},\"primaryImageOfPage\":{\"@id\":\"https:\\\/\\\/insektenliebe.com\\\/it\\\/shop\\\/prodotto\\\/armadillidium-vulgare\\\/#primaryimage\"},\"image\":{\"@id\":\"https:\\\/\\\/insektenliebe.com\\\/it\\\/shop\\\/prodotto\\\/armadillidium-vulgare\\\/#primaryimage\"},\"thumbnailUrl\":\"https:\\\/\\\/insektenliebe.com\\\/wp-content\\\/uploads\\\/2018\\\/03\\\/Armadillidium-vulgare.jpg\",\"datePublished\":\"2018-03-22T14:22:00+00:00\",\"dateModified\":\"2026-04-10T07:31:20+00:00\",\"description\":\"Armadillidium vulgare - un classico tra gli isopodi. Robusto, facile da curare e alla base di molte forme di colore. Perfetto per i principianti.\",\"breadcrumb\":{\"@id\":\"https:\\\/\\\/insektenliebe.com\\\/it\\\/shop\\\/prodotto\\\/armadillidium-vulgare\\\/#breadcrumb\"},\"inLanguage\":\"it-IT\",\"potentialAction\":[{\"@type\":\"ReadAction\",\"target\":[\"https:\\\/\\\/insektenliebe.com\\\/it\\\/shop\\\/prodotto\\\/armadillidium-vulgare\\\/\"]}]},{\"@type\":\"ImageObject\",\"inLanguage\":\"it-IT\",\"@id\":\"https:\\\/\\\/insektenliebe.com\\\/it\\\/shop\\\/prodotto\\\/armadillidium-vulgare\\\/#primaryimage\",\"url\":\"https:\\\/\\\/insektenliebe.com\\\/wp-content\\\/uploads\\\/2018\\\/03\\\/Armadillidium-vulgare.jpg\",\"contentUrl\":\"https:\\\/\\\/insektenliebe.com\\\/wp-content\\\/uploads\\\/2018\\\/03\\\/Armadillidium-vulgare.jpg\",\"width\":820,\"height\":820,\"caption\":\"Armadillidium vulgare\"},{\"@type\":\"BreadcrumbList\",\"@id\":\"https:\\\/\\\/insektenliebe.com\\\/it\\\/shop\\\/prodotto\\\/armadillidium-vulgare\\\/#breadcrumb\",\"itemListElement\":[{\"@type\":\"ListItem\",\"position\":1,\"name\":\"Startseite\",\"item\":\"https:\\\/\\\/insektenliebe.com\\\/it\\\/\"},{\"@type\":\"ListItem\",\"position\":2,\"name\":\"Negozio\",\"item\":\"https:\\\/\\\/insektenliebe.com\\\/it\\\/negozio\\\/\"},{\"@type\":\"ListItem\",\"position\":3,\"name\":\"Armadillidium vulgare\"}]},{\"@type\":\"WebSite\",\"@id\":\"https:\\\/\\\/insektenliebe.com\\\/it\\\/#website\",\"url\":\"https:\\\/\\\/insektenliebe.com\\\/it\\\/\",\"name\":\"Insektenliebe\",\"description\":\"Dein Zuhause f\u00fcr die kleinen Lebewesen\",\"publisher\":{\"@id\":\"https:\\\/\\\/insektenliebe.com\\\/it\\\/#organization\"},\"potentialAction\":[{\"@type\":\"SearchAction\",\"target\":{\"@type\":\"EntryPoint\",\"urlTemplate\":\"https:\\\/\\\/insektenliebe.com\\\/it\\\/?s={search_term_string}\"},\"query-input\":{\"@type\":\"PropertyValueSpecification\",\"valueRequired\":true,\"valueName\":\"search_term_string\"}}],\"inLanguage\":\"it-IT\"},{\"@type\":\"Organization\",\"@id\":\"https:\\\/\\\/insektenliebe.com\\\/it\\\/#organization\",\"name\":\"Insektenliebe\",\"url\":\"https:\\\/\\\/insektenliebe.com\\\/it\\\/\",\"logo\":{\"@type\":\"ImageObject\",\"inLanguage\":\"it-IT\",\"@id\":\"https:\\\/\\\/insektenliebe.com\\\/it\\\/#\\\/schema\\\/logo\\\/image\\\/\",\"url\":\"https:\\\/\\\/insektenliebe.com\\\/wp-content\\\/uploads\\\/2025\\\/03\\\/logo-white.png\",\"contentUrl\":\"https:\\\/\\\/insektenliebe.com\\\/wp-content\\\/uploads\\\/2025\\\/03\\\/logo-white.png\",\"width\":288,\"height\":188,\"caption\":\"Insektenliebe\"},\"image\":{\"@id\":\"https:\\\/\\\/insektenliebe.com\\\/it\\\/#\\\/schema\\\/logo\\\/image\\\/\"}}]}<\/script>\n<!-- \/ Yoast SEO plugin. -->","yoast_head_json":{"title":"Armadillidium vulgare - Insektenliebe","description":"Armadillidium vulgare - un classico tra gli isopodi. Robusto, facile da curare e alla base di molte forme di colore. Perfetto per i principianti.","robots":{"index":"index","follow":"follow","max-snippet":"max-snippet:-1","max-image-preview":"max-image-preview:large","max-video-preview":"max-video-preview:-1"},"canonical":"https:\/\/insektenliebe.com\/it\/shop\/prodotto\/armadillidium-vulgare\/","og_locale":"it_IT","og_type":"article","og_title":"Armadillidium vulgare - Insektenliebe","og_description":"Armadillidium vulgare - un classico tra gli isopodi. Robusto, facile da curare e alla base di molte forme di colore. Perfetto per i principianti.","og_url":"https:\/\/insektenliebe.com\/it\/shop\/prodotto\/armadillidium-vulgare\/","og_site_name":"Insektenliebe","article_modified_time":"2026-04-10T07:31:20+00:00","og_image":[{"width":2560,"height":1707,"url":"https:\/\/insektenliebe.com\/wp-content\/uploads\/2025\/05\/IMG_4038-scaled-3.jpg","type":"image\/jpeg"}],"twitter_card":"summary_large_image","twitter_misc":{"Tempo di lettura stimato":"2 minuto"},"schema":{"@context":"https:\/\/schema.org","@graph":[{"@type":"WebPage","@id":"https:\/\/insektenliebe.com\/it\/shop\/prodotto\/armadillidium-vulgare\/","url":"https:\/\/insektenliebe.com\/it\/shop\/prodotto\/armadillidium-vulgare\/","name":"Armadillidium vulgare - Insektenliebe","isPartOf":{"@id":"https:\/\/insektenliebe.com\/it\/#website"},"primaryImageOfPage":{"@id":"https:\/\/insektenliebe.com\/it\/shop\/prodotto\/armadillidium-vulgare\/#primaryimage"},"image":{"@id":"https:\/\/insektenliebe.com\/it\/shop\/prodotto\/armadillidium-vulgare\/#primaryimage"},"thumbnailUrl":"https:\/\/insektenliebe.com\/wp-content\/uploads\/2018\/03\/Armadillidium-vulgare.jpg","datePublished":"2018-03-22T14:22:00+00:00","dateModified":"2026-04-10T07:31:20+00:00","description":"Armadillidium vulgare - un classico tra gli isopodi. Robusto, facile da curare e alla base di molte forme di colore. Perfetto per i principianti.","breadcrumb":{"@id":"https:\/\/insektenliebe.com\/it\/shop\/prodotto\/armadillidium-vulgare\/#breadcrumb"},"inLanguage":"it-IT","potentialAction":[{"@type":"ReadAction","target":["https:\/\/insektenliebe.com\/it\/shop\/prodotto\/armadillidium-vulgare\/"]}]},{"@type":"ImageObject","inLanguage":"it-IT","@id":"https:\/\/insektenliebe.com\/it\/shop\/prodotto\/armadillidium-vulgare\/#primaryimage","url":"https:\/\/insektenliebe.com\/wp-content\/uploads\/2018\/03\/Armadillidium-vulgare.jpg","contentUrl":"https:\/\/insektenliebe.com\/wp-content\/uploads\/2018\/03\/Armadillidium-vulgare.jpg","width":820,"height":820,"caption":"Armadillidium vulgare"},{"@type":"BreadcrumbList","@id":"https:\/\/insektenliebe.com\/it\/shop\/prodotto\/armadillidium-vulgare\/#breadcrumb","itemListElement":[{"@type":"ListItem","position":1,"name":"Startseite","item":"https:\/\/insektenliebe.com\/it\/"},{"@type":"ListItem","position":2,"name":"Negozio","item":"https:\/\/insektenliebe.com\/it\/negozio\/"},{"@type":"ListItem","position":3,"name":"Armadillidium vulgare"}]},{"@type":"WebSite","@id":"https:\/\/insektenliebe.com\/it\/#website","url":"https:\/\/insektenliebe.com\/it\/","name":"Insektenliebe","description":"Dein Zuhause f\u00fcr die kleinen Lebewesen","publisher":{"@id":"https:\/\/insektenliebe.com\/it\/#organization"},"potentialAction":[{"@type":"SearchAction","target":{"@type":"EntryPoint","urlTemplate":"https:\/\/insektenliebe.com\/it\/?s={search_term_string}"},"query-input":{"@type":"PropertyValueSpecification","valueRequired":true,"valueName":"search_term_string"}}],"inLanguage":"it-IT"},{"@type":"Organization","@id":"https:\/\/insektenliebe.com\/it\/#organization","name":"Insektenliebe","url":"https:\/\/insektenliebe.com\/it\/","logo":{"@type":"ImageObject","inLanguage":"it-IT","@id":"https:\/\/insektenliebe.com\/it\/#\/schema\/logo\/image\/","url":"https:\/\/insektenliebe.com\/wp-content\/uploads\/2025\/03\/logo-white.png","contentUrl":"https:\/\/insektenliebe.com\/wp-content\/uploads\/2025\/03\/logo-white.png","width":288,"height":188,"caption":"Insektenliebe"},"image":{"@id":"https:\/\/insektenliebe.com\/it\/#\/schema\/logo\/image\/"}}]}},"_links":{"self":[{"href":"https:\/\/insektenliebe.com\/it\/wp-json\/wp\/v2\/product\/183680","targetHints":{"allow":["GET"]}}],"collection":[{"href":"https:\/\/insektenliebe.com\/it\/wp-json\/wp\/v2\/product"}],"about":[{"href":"https:\/\/insektenliebe.com\/it\/wp-json\/wp\/v2\/types\/product"}],"wp:featuredmedia":[{"embeddable":true,"href":"https:\/\/insektenliebe.com\/it\/wp-json\/wp\/v2\/media\/198726"}],"wp:attachment":[{"href":"https:\/\/insektenliebe.com\/it\/wp-json\/wp\/v2\/media?parent=183680"}],"wp:term":[{"taxonomy":"product-supplier","embeddable":true,"href":"https:\/\/insektenliebe.com\/it\/wp-json\/wp\/v2\/product-supplier?post=183680"},{"taxonomy":"product_brand","embeddable":true,"href":"https:\/\/insektenliebe.com\/it\/wp-json\/wp\/v2\/product_brand?post=183680"},{"taxonomy":"product_cat","embeddable":true,"href":"https:\/\/insektenliebe.com\/it\/wp-json\/wp\/v2\/product_cat?post=183680"},{"taxonomy":"product_tag","embeddable":true,"href":"https:\/\/insektenliebe.com\/it\/wp-json\/wp\/v2\/product_tag?post=183680"},{"taxonomy":"lce-checkout-addons","embeddable":true,"href":"https:\/\/insektenliebe.com\/it\/wp-json\/wp\/v2\/lce-checkout-addons?post=183680"}],"curies":[{"name":"wp","href":"https:\/\/api.w.org\/{rel}","templated":true}]}}