{"id":183679,"date":"2021-07-16T11:41:00","date_gmt":"2021-07-16T09:41:00","guid":{"rendered":"https:\/\/insektenliebe.com\/shop\/produkt\/cubaris-spec-paperella-di-gomma\/"},"modified":"2026-03-05T19:05:49","modified_gmt":"2026-03-05T18:05:49","slug":"cubaris-spec-paperella-di-gomma","status":"publish","type":"product","link":"https:\/\/insektenliebe.com\/it\/shop\/prodotto\/cubaris-spec-paperella-di-gomma\/","title":{"rendered":"Cubaris spec. \"Paperella di gomma\""},"content":{"rendered":"<h3><span class=\"s1\" style=\"color: #99cc33;\">Cubaris \"Paperella di gomma\" - Probabilmente l&#8217;isopode pi\u00f9 famoso della terraristica<\/span><\/h3>\n<p class=\"p1\"><strong><span class=\"s1\">Cubaris spec. \"Anatra di gomma\"<\/span><\/strong><span class=\"s2\">  \u00e8 una delle specie di isopodi pi\u00f9 conosciute e allo stesso tempo pi\u00f9 affascinanti dell&#8217;hobby del terrario. Questa specie deve il suo nome insolito al suo aspetto caratteristico. La zona della testa, in particolare, ricorda a molti allevatori il muso di una piccola anatra cigolante - la famosa    <\/span><span class=\"s1\">\"Faccia d&#8217;anatra\"<\/span><span class=\"s2\">.<\/span><\/p>\n<p class=\"p1\"><span class=\"s2\">Gli animali hanno una <\/span><span class=\"s1\">colorazione di base marrone scuro<\/span><span class=\"s2\">mentre il <\/span><span class=\"s1\">primo segmento e il pleon sono di colore giallo<\/span><span class=\"s2\">  sono. Questa suggestiva costellazione di colori crea un forte contrasto. Le zampe e le antenne, invece, rimangono di colore marrone scuro. Questo rende la specie particolarmente appariscente e la distingue chiaramente da molti altri isopodi.   <\/span><\/p>\n<p class=\"p1\"><span class=\"s2\">Vivere nella natura  <\/span><span class=\"s1\"><strong>Cubaris spec. \"Anatra di gomma\"<\/strong>  nelle regioni tropicali della Thailandia<\/span><span class=\"s2\">. Gli animali preferiscono quindi un clima caldo e umido nel terrario. Una   <\/span><span class=\"s1\">L&#8217;umidit\u00e0 di circa il 70-80%<\/span><span class=\"s2\"> ha dato buoni risultati nell&#8217;allevamento.<\/span><\/p>\n<p class=\"p1\"><span class=\"s2\">Per mantenere l&#8217;umidit\u00e0 stabile, \u00e8 necessario coprire generosamente il substrato con <\/span><span class=\"s1\">foglie, muschio o pezzi di corteccia<\/span><span class=\"s2\">  copertura. Questi materiali immagazzinano l&#8217;umidit\u00e0 e allo stesso tempo creano dei nascondigli naturali. Allo stesso tempo, per\u00f2, non bisogna permettere all&#8217;aria viziata di formarsi. Ecco perch\u00e9 un     <\/span><span class=\"s1\">una buona ventilazione del terrario<\/span><span class=\"s2\"> \u00e8 particolarmente importante.<\/span><\/p>\n<p class=\"p1\"><span class=\"s2\">Un substrato adatto \u00e8 una miscela di <\/span><span class=\"s1\">humus forestale, legno bianco marcio e lettiera di foglie<\/span><span class=\"s2\">. Questi componenti servono sia come habitat che come nutrimento di base. Uno   <\/span><span class=\"s1\">fitto strato di fogliame<\/span><span class=\"s2\">  in superficie \u00e8 particolarmente apprezzata. Gli animali vi trovano cibo, riparo e rifugio. <\/span><\/p>\n<p class=\"p1\"><span class=\"s2\">Puoi anche nutrire regolarmente gli animali con <\/span><span class=\"s1\">verdure, frutta o cibo speciale per isopodi<\/span><span class=\"s2\">  alimentazione. Un&#8217;alimentazione varia favorisce la crescita e la vitalit\u00e0 della colonia. <\/span><\/p>\n<p class=\"p1\"><span class=\"s2\">Nello stadio adulto, gli animali si mostrano spesso <\/span><span class=\"s1\">sulla superficie del terrario<\/span><span class=\"s2\">. Questo li rende relativamente facili da osservare. In particolare, l&#8217;insolita area della testa li rende un vero e proprio richiamo visivo. <\/span><\/p>\n<p class=\"p1\"><span class=\"s2\">La <\/span><span class=\"s1\">la prole \u00e8 considerata esigente<\/span><span class=\"s2\">. Oltre alla corretta umidit\u00e0 dell&#8217;aria, anche la giusta umidit\u00e0 gioca un ruolo importante per una buona conservazione.  <\/span><span class=\"s1\">Valore del pH del terreno<\/span><span class=\"s2\">  gioca un ruolo importante. Molti proprietari abbassano leggermente questo valore con   <\/span><span class=\"s1\">Foglie di mandorle marine<\/span><span class=\"s2\">che crea condizioni stabili.<\/span><\/p>\n<p class=\"p1\"><span class=\"s2\">Con il suo aspetto unico, lo speciale motivo cromatico e il caratteristico \"muso d&#8217;anatra\", il  <\/span><strong><span class=\"s1\">Cubaris spec. \"Anatra di gomma\"<\/span><\/strong><span class=\"s2\">  una delle specie di isopodi pi\u00f9 spettacolari in assoluto e un vero e proprio pezzo forte per ogni terrario di isopodi.<\/span><\/p>\n","protected":false},"excerpt":{"rendered":"<p>Cubaris \"Paperella di gomma\" - Probabilmente l&#8217;isopode pi\u00f9 famoso della terraristica Cubaris spec. \"Anatra di gomma\" \u00e8 una delle specie di isopodi pi\u00f9 conosciute e allo stesso tempo pi\u00f9 affascinanti dell&#8217;hobby del terrario. Questa specie deve il suo nome insolito al suo aspetto caratteristico. La zona della testa, in particolare, ricorda a molti allevatori il [&hellip;]<\/p>\n","protected":false},"featured_media":183681,"template":"","meta":{"_acf_changed":false},"product-supplier":[],"product_brand":[],"product_cat":[2841,2788],"product_tag":[],"lce-checkout-addons":[2746],"class_list":{"0":"post-183679","1":"product","2":"type-product","3":"status-publish","4":"has-post-thumbnail","6":"product_cat-isopodi-colorati-tropicali-cubaris","7":"product_cat-woodlice","8":"product_shipping_class-spedizione-di-animali","9":"pa_einsatz-mostra-gli-animali","10":"pa_haltung-allevamento-singolo","11":"pa_herkunft-thailandia","12":"pa_kontinent-asia","13":"lce-checkout-addons-imballaggio-invernale","15":"first","16":"instock","17":"sale","18":"taxable","19":"shipping-taxable","20":"purchasable","21":"product-type-variable","22":"has-default-attributes"},"acf":[],"yoast_head":"<!-- This site is optimized with the Yoast SEO plugin v27.3 - https:\/\/yoast.com\/product\/yoast-seo-wordpress\/ -->\n<title>Cubaris spec. &quot;Paperella di gomma&quot; - Insektenliebe<\/title>\n<meta name=\"description\" content=\"Cubaris spec. &quot;Rubber Ducky&quot; - raro isopode tropicale proveniente dalla Thailandia con un&#039;unica &quot;faccia da papera&quot;. Ideale per gli allevatori di isopodi esperti.\" \/>\n<meta name=\"robots\" content=\"index, follow, max-snippet:-1, max-image-preview:large, max-video-preview:-1\" \/>\n<link rel=\"canonical\" href=\"https:\/\/insektenliebe.com\/it\/shop\/prodotto\/cubaris-spec-paperella-di-gomma\/\" \/>\n<meta property=\"og:locale\" content=\"it_IT\" \/>\n<meta property=\"og:type\" content=\"article\" \/>\n<meta property=\"og:title\" content=\"Cubaris spec. &quot;Paperella di gomma&quot; - Insektenliebe\" \/>\n<meta property=\"og:description\" content=\"Cubaris spec. &quot;Rubber Ducky&quot; - raro isopode tropicale proveniente dalla Thailandia con un&#039;unica &quot;faccia da papera&quot;. Ideale per gli allevatori di isopodi esperti.\" \/>\n<meta property=\"og:url\" content=\"https:\/\/insektenliebe.com\/it\/shop\/prodotto\/cubaris-spec-paperella-di-gomma\/\" \/>\n<meta property=\"og:site_name\" content=\"Insektenliebe\" \/>\n<meta property=\"article:modified_time\" content=\"2026-03-05T18:05:49+00:00\" \/>\n<meta property=\"og:image\" content=\"https:\/\/insektenliebe.com\/wp-content\/uploads\/2025\/05\/Cubaris-spec.-_Rubber-Ducky_-2.jpg\" \/>\n\t<meta property=\"og:image:width\" content=\"820\" \/>\n\t<meta property=\"og:image:height\" content=\"820\" \/>\n\t<meta property=\"og:image:type\" content=\"image\/jpeg\" \/>\n<meta name=\"twitter:card\" content=\"summary_large_image\" \/>\n<meta name=\"twitter:label1\" content=\"Tempo di lettura stimato\" \/>\n\t<meta name=\"twitter:data1\" content=\"2 minuto\" \/>\n<script type=\"application\/ld+json\" class=\"yoast-schema-graph\">{\"@context\":\"https:\\\/\\\/schema.org\",\"@graph\":[{\"@type\":\"WebPage\",\"@id\":\"https:\\\/\\\/insektenliebe.com\\\/it\\\/shop\\\/prodotto\\\/cubaris-spec-paperella-di-gomma\\\/\",\"url\":\"https:\\\/\\\/insektenliebe.com\\\/it\\\/shop\\\/prodotto\\\/cubaris-spec-paperella-di-gomma\\\/\",\"name\":\"Cubaris spec. \\\"Paperella di gomma\\\" - Insektenliebe\",\"isPartOf\":{\"@id\":\"https:\\\/\\\/insektenliebe.com\\\/it\\\/#website\"},\"primaryImageOfPage\":{\"@id\":\"https:\\\/\\\/insektenliebe.com\\\/it\\\/shop\\\/prodotto\\\/cubaris-spec-paperella-di-gomma\\\/#primaryimage\"},\"image\":{\"@id\":\"https:\\\/\\\/insektenliebe.com\\\/it\\\/shop\\\/prodotto\\\/cubaris-spec-paperella-di-gomma\\\/#primaryimage\"},\"thumbnailUrl\":\"https:\\\/\\\/insektenliebe.com\\\/wp-content\\\/uploads\\\/2025\\\/05\\\/Cubaris-spec.-_Rubber-Ducky_-2.jpg\",\"datePublished\":\"2021-07-16T09:41:00+00:00\",\"dateModified\":\"2026-03-05T18:05:49+00:00\",\"description\":\"Cubaris spec. \\\"Rubber Ducky\\\" - raro isopode tropicale proveniente dalla Thailandia con un'unica \\\"faccia da papera\\\". Ideale per gli allevatori di isopodi esperti.\",\"breadcrumb\":{\"@id\":\"https:\\\/\\\/insektenliebe.com\\\/it\\\/shop\\\/prodotto\\\/cubaris-spec-paperella-di-gomma\\\/#breadcrumb\"},\"inLanguage\":\"it-IT\",\"potentialAction\":[{\"@type\":\"ReadAction\",\"target\":[\"https:\\\/\\\/insektenliebe.com\\\/it\\\/shop\\\/prodotto\\\/cubaris-spec-paperella-di-gomma\\\/\"]}]},{\"@type\":\"ImageObject\",\"inLanguage\":\"it-IT\",\"@id\":\"https:\\\/\\\/insektenliebe.com\\\/it\\\/shop\\\/prodotto\\\/cubaris-spec-paperella-di-gomma\\\/#primaryimage\",\"url\":\"https:\\\/\\\/insektenliebe.com\\\/wp-content\\\/uploads\\\/2025\\\/05\\\/Cubaris-spec.-_Rubber-Ducky_-2.jpg\",\"contentUrl\":\"https:\\\/\\\/insektenliebe.com\\\/wp-content\\\/uploads\\\/2025\\\/05\\\/Cubaris-spec.-_Rubber-Ducky_-2.jpg\",\"width\":820,\"height\":820,\"caption\":\"Cubaris-spec.-_Rubber-Ducky_-2.jpg\"},{\"@type\":\"BreadcrumbList\",\"@id\":\"https:\\\/\\\/insektenliebe.com\\\/it\\\/shop\\\/prodotto\\\/cubaris-spec-paperella-di-gomma\\\/#breadcrumb\",\"itemListElement\":[{\"@type\":\"ListItem\",\"position\":1,\"name\":\"Startseite\",\"item\":\"https:\\\/\\\/insektenliebe.com\\\/it\\\/\"},{\"@type\":\"ListItem\",\"position\":2,\"name\":\"Negozio\",\"item\":\"https:\\\/\\\/insektenliebe.com\\\/it\\\/negozio\\\/\"},{\"@type\":\"ListItem\",\"position\":3,\"name\":\"Cubaris spec. \\\"Paperella di gomma\\\"\"}]},{\"@type\":\"WebSite\",\"@id\":\"https:\\\/\\\/insektenliebe.com\\\/it\\\/#website\",\"url\":\"https:\\\/\\\/insektenliebe.com\\\/it\\\/\",\"name\":\"Insektenliebe\",\"description\":\"Dein Zuhause f\u00fcr die kleinen Lebewesen\",\"publisher\":{\"@id\":\"https:\\\/\\\/insektenliebe.com\\\/it\\\/#organization\"},\"potentialAction\":[{\"@type\":\"SearchAction\",\"target\":{\"@type\":\"EntryPoint\",\"urlTemplate\":\"https:\\\/\\\/insektenliebe.com\\\/it\\\/?s={search_term_string}\"},\"query-input\":{\"@type\":\"PropertyValueSpecification\",\"valueRequired\":true,\"valueName\":\"search_term_string\"}}],\"inLanguage\":\"it-IT\"},{\"@type\":\"Organization\",\"@id\":\"https:\\\/\\\/insektenliebe.com\\\/it\\\/#organization\",\"name\":\"Insektenliebe\",\"url\":\"https:\\\/\\\/insektenliebe.com\\\/it\\\/\",\"logo\":{\"@type\":\"ImageObject\",\"inLanguage\":\"it-IT\",\"@id\":\"https:\\\/\\\/insektenliebe.com\\\/it\\\/#\\\/schema\\\/logo\\\/image\\\/\",\"url\":\"https:\\\/\\\/insektenliebe.com\\\/wp-content\\\/uploads\\\/2025\\\/03\\\/logo-white.png\",\"contentUrl\":\"https:\\\/\\\/insektenliebe.com\\\/wp-content\\\/uploads\\\/2025\\\/03\\\/logo-white.png\",\"width\":288,\"height\":188,\"caption\":\"Insektenliebe\"},\"image\":{\"@id\":\"https:\\\/\\\/insektenliebe.com\\\/it\\\/#\\\/schema\\\/logo\\\/image\\\/\"}}]}<\/script>\n<!-- \/ Yoast SEO plugin. -->","yoast_head_json":{"title":"Cubaris spec. \"Paperella di gomma\" - Insektenliebe","description":"Cubaris spec. \"Rubber Ducky\" - raro isopode tropicale proveniente dalla Thailandia con un'unica \"faccia da papera\". Ideale per gli allevatori di isopodi esperti.","robots":{"index":"index","follow":"follow","max-snippet":"max-snippet:-1","max-image-preview":"max-image-preview:large","max-video-preview":"max-video-preview:-1"},"canonical":"https:\/\/insektenliebe.com\/it\/shop\/prodotto\/cubaris-spec-paperella-di-gomma\/","og_locale":"it_IT","og_type":"article","og_title":"Cubaris spec. \"Paperella di gomma\" - Insektenliebe","og_description":"Cubaris spec. \"Rubber Ducky\" - raro isopode tropicale proveniente dalla Thailandia con un'unica \"faccia da papera\". Ideale per gli allevatori di isopodi esperti.","og_url":"https:\/\/insektenliebe.com\/it\/shop\/prodotto\/cubaris-spec-paperella-di-gomma\/","og_site_name":"Insektenliebe","article_modified_time":"2026-03-05T18:05:49+00:00","og_image":[{"width":820,"height":820,"url":"https:\/\/insektenliebe.com\/wp-content\/uploads\/2025\/05\/Cubaris-spec.-_Rubber-Ducky_-2.jpg","type":"image\/jpeg"}],"twitter_card":"summary_large_image","twitter_misc":{"Tempo di lettura stimato":"2 minuto"},"schema":{"@context":"https:\/\/schema.org","@graph":[{"@type":"WebPage","@id":"https:\/\/insektenliebe.com\/it\/shop\/prodotto\/cubaris-spec-paperella-di-gomma\/","url":"https:\/\/insektenliebe.com\/it\/shop\/prodotto\/cubaris-spec-paperella-di-gomma\/","name":"Cubaris spec. \"Paperella di gomma\" - Insektenliebe","isPartOf":{"@id":"https:\/\/insektenliebe.com\/it\/#website"},"primaryImageOfPage":{"@id":"https:\/\/insektenliebe.com\/it\/shop\/prodotto\/cubaris-spec-paperella-di-gomma\/#primaryimage"},"image":{"@id":"https:\/\/insektenliebe.com\/it\/shop\/prodotto\/cubaris-spec-paperella-di-gomma\/#primaryimage"},"thumbnailUrl":"https:\/\/insektenliebe.com\/wp-content\/uploads\/2025\/05\/Cubaris-spec.-_Rubber-Ducky_-2.jpg","datePublished":"2021-07-16T09:41:00+00:00","dateModified":"2026-03-05T18:05:49+00:00","description":"Cubaris spec. \"Rubber Ducky\" - raro isopode tropicale proveniente dalla Thailandia con un'unica \"faccia da papera\". Ideale per gli allevatori di isopodi esperti.","breadcrumb":{"@id":"https:\/\/insektenliebe.com\/it\/shop\/prodotto\/cubaris-spec-paperella-di-gomma\/#breadcrumb"},"inLanguage":"it-IT","potentialAction":[{"@type":"ReadAction","target":["https:\/\/insektenliebe.com\/it\/shop\/prodotto\/cubaris-spec-paperella-di-gomma\/"]}]},{"@type":"ImageObject","inLanguage":"it-IT","@id":"https:\/\/insektenliebe.com\/it\/shop\/prodotto\/cubaris-spec-paperella-di-gomma\/#primaryimage","url":"https:\/\/insektenliebe.com\/wp-content\/uploads\/2025\/05\/Cubaris-spec.-_Rubber-Ducky_-2.jpg","contentUrl":"https:\/\/insektenliebe.com\/wp-content\/uploads\/2025\/05\/Cubaris-spec.-_Rubber-Ducky_-2.jpg","width":820,"height":820,"caption":"Cubaris-spec.-_Rubber-Ducky_-2.jpg"},{"@type":"BreadcrumbList","@id":"https:\/\/insektenliebe.com\/it\/shop\/prodotto\/cubaris-spec-paperella-di-gomma\/#breadcrumb","itemListElement":[{"@type":"ListItem","position":1,"name":"Startseite","item":"https:\/\/insektenliebe.com\/it\/"},{"@type":"ListItem","position":2,"name":"Negozio","item":"https:\/\/insektenliebe.com\/it\/negozio\/"},{"@type":"ListItem","position":3,"name":"Cubaris spec. \"Paperella di gomma\""}]},{"@type":"WebSite","@id":"https:\/\/insektenliebe.com\/it\/#website","url":"https:\/\/insektenliebe.com\/it\/","name":"Insektenliebe","description":"Dein Zuhause f\u00fcr die kleinen Lebewesen","publisher":{"@id":"https:\/\/insektenliebe.com\/it\/#organization"},"potentialAction":[{"@type":"SearchAction","target":{"@type":"EntryPoint","urlTemplate":"https:\/\/insektenliebe.com\/it\/?s={search_term_string}"},"query-input":{"@type":"PropertyValueSpecification","valueRequired":true,"valueName":"search_term_string"}}],"inLanguage":"it-IT"},{"@type":"Organization","@id":"https:\/\/insektenliebe.com\/it\/#organization","name":"Insektenliebe","url":"https:\/\/insektenliebe.com\/it\/","logo":{"@type":"ImageObject","inLanguage":"it-IT","@id":"https:\/\/insektenliebe.com\/it\/#\/schema\/logo\/image\/","url":"https:\/\/insektenliebe.com\/wp-content\/uploads\/2025\/03\/logo-white.png","contentUrl":"https:\/\/insektenliebe.com\/wp-content\/uploads\/2025\/03\/logo-white.png","width":288,"height":188,"caption":"Insektenliebe"},"image":{"@id":"https:\/\/insektenliebe.com\/it\/#\/schema\/logo\/image\/"}}]}},"_links":{"self":[{"href":"https:\/\/insektenliebe.com\/it\/wp-json\/wp\/v2\/product\/183679","targetHints":{"allow":["GET"]}}],"collection":[{"href":"https:\/\/insektenliebe.com\/it\/wp-json\/wp\/v2\/product"}],"about":[{"href":"https:\/\/insektenliebe.com\/it\/wp-json\/wp\/v2\/types\/product"}],"wp:featuredmedia":[{"embeddable":true,"href":"https:\/\/insektenliebe.com\/it\/wp-json\/wp\/v2\/media\/183681"}],"wp:attachment":[{"href":"https:\/\/insektenliebe.com\/it\/wp-json\/wp\/v2\/media?parent=183679"}],"wp:term":[{"taxonomy":"product-supplier","embeddable":true,"href":"https:\/\/insektenliebe.com\/it\/wp-json\/wp\/v2\/product-supplier?post=183679"},{"taxonomy":"product_brand","embeddable":true,"href":"https:\/\/insektenliebe.com\/it\/wp-json\/wp\/v2\/product_brand?post=183679"},{"taxonomy":"product_cat","embeddable":true,"href":"https:\/\/insektenliebe.com\/it\/wp-json\/wp\/v2\/product_cat?post=183679"},{"taxonomy":"product_tag","embeddable":true,"href":"https:\/\/insektenliebe.com\/it\/wp-json\/wp\/v2\/product_tag?post=183679"},{"taxonomy":"lce-checkout-addons","embeddable":true,"href":"https:\/\/insektenliebe.com\/it\/wp-json\/wp\/v2\/lce-checkout-addons?post=183679"}],"curies":[{"name":"wp","href":"https:\/\/api.w.org\/{rel}","templated":true}]}}