{"id":183670,"date":"2018-03-22T13:56:00","date_gmt":"2018-03-22T12:56:00","guid":{"rendered":"https:\/\/insektenliebe.com\/shop\/produkt\/porcellio-magnificus\/"},"modified":"2018-03-22T13:56:00","modified_gmt":"2018-03-22T12:56:00","slug":"porcellio-magnificus","status":"publish","type":"product","link":"https:\/\/insektenliebe.com\/it\/shop\/prodotto\/porcellio-magnificus\/","title":{"rendered":"Porcellio magnificus"},"content":{"rendered":"<h3 class=\"p1\"><span style=\"color: #99cc33\"><strong><span class=\"s1\">Colori maestosi e forte presenza: un vero punto di forza<\/span><\/strong><\/span><\/h3>\n<p class=\"p1\"><span class=\"s1\">Il <strong>Porcellio magnificus<\/strong> \u00e8 all&#8217;altezza del suo nome. Questa imponente specie di isopode \u00e8 uno dei rappresentanti pi\u00f9 imponenti del genere Porcellio e colpisce per le sue dimensioni, i colori intensi e l&#8217;aspetto sicuro di s\u00e9. Gi\u00e0 a prima vista si nota l&#8217;aspetto massiccio e potente di questa specie. I suoi toni bruno-rossastri, combinati con accenti scuri, gli conferiscono un aspetto quasi maestoso che cattura immediatamente l&#8217;attenzione.   <\/span><\/p>\n<p class=\"p1\"><span class=\"s1\">Gli animali provengono da un habitat caldo e secco della Spagna meridionale. \u00c8 proprio questo clima che si riflette nel loro comportamento. <strong>Il Porcellio magnificus<\/strong> ama le zone secche, ma ha bisogno di una piccola zona umida ben definita. Questo permette agli animali di regolare il loro equilibrio idrico e di fare la muta in modo sicuro. Tuttavia, la maggior parte del terrario dovrebbe rimanere asciutta, poich\u00e9 questa specie non tollera bene i ristagni d&#8217;acqua. Le condizioni ideali possono essere create con una buona ventilazione, molto fogliame e del legno bianco marcio.    <\/span><\/p>\n<p class=\"p1\"><span class=\"s1\">Questa specie \u00e8 vivace e sorprendentemente presente. Grazie alle sue dimensioni e al suo temperamento, <strong>Porcellio magnificus<\/strong> si muove spesso in modo visibile nel terrario. Questo lo rende particolarmente adatto a chi apprezza gli isopodi che possono essere osservati attivamente. Questi animali sono curiosi, esplorano regolarmente l&#8217;ambiente circostante e reagiscono con attenzione ai cambiamenti. In un ambiente ben strutturato con sughero, pietre e vari nascondigli, mostrano un comportamento sociale affascinante e meraviglioso da osservare.    <\/span><\/p>\n<p class=\"p1\"><span class=\"s1\">Il <strong>Porcellio magnificus<\/strong> ha una vasta gamma di alimenti. Fogliame, legno bianco marcio e cibo per isopodi costituiscono la base. Inoltre, ci sono fonti proteiche importanti per lo sviluppo stabile della colonia. Grazie a una dieta varia, i giovani animali crescono rapidamente e sviluppano in fretta la tipica colorazione forte. Una colonia sana ha un aspetto molto dinamico, poich\u00e9 gli animali sono ben visibili grazie alle loro dimensioni.    <\/span><\/p>\n<p class=\"p1\"><span class=\"s1\">Il <strong>Porcellio magnificus<\/strong> \u00e8 robusto, ma le sue dimensioni e la sua attivit\u00e0 lo rendono particolarmente interessante per i detentori esperti. D\u00e0 molta vita al terrario e il suo aspetto lo fa sembrare quasi una piccola creatura corazzata di un mondo fantastico mediterraneo. Chiunque sia alla ricerca di una specie che stupisca, sia attiva e allo stesso tempo facile da tenere, si divertir\u00e0 molto con il <strong>Porcellio magnificus<\/strong>.  <\/span><\/p>\n","protected":false},"excerpt":{"rendered":"<p>Colori maestosi e forte presenza: un vero punto di forza Il Porcellio magnificus \u00e8 all&#8217;altezza del suo nome. Questa imponente specie di isopode \u00e8 uno dei rappresentanti pi\u00f9 imponenti del genere Porcellio e colpisce per le sue dimensioni, i colori intensi e l&#8217;aspetto sicuro di s\u00e9. Gi\u00e0 a prima vista si nota l&#8217;aspetto massiccio e [&hellip;]<\/p>\n","protected":false},"featured_media":183673,"template":"","meta":{"_acf_changed":false},"product-supplier":[],"product_brand":[],"product_cat":[2787,2788],"product_tag":[],"lce-checkout-addons":[2746],"class_list":{"0":"post-183670","1":"product","2":"type-product","3":"status-publish","4":"has-post-thumbnail","6":"product_cat-porcellino-di-legno-porcellio","7":"product_cat-woodlice","8":"product_shipping_class-spedizione-di-animali","9":"pa_einsatz-mostra-gli-animali","10":"pa_haltung-allevamento-singolo","11":"pa_herkunft-spagna","12":"pa_kontinent-europa","13":"lce-checkout-addons-imballaggio-invernale","15":"first","16":"outofstock","17":"taxable","18":"shipping-taxable","19":"purchasable","20":"product-type-simple"},"acf":[],"yoast_head":"<!-- This site is optimized with the Yoast SEO plugin v27.3 - https:\/\/yoast.com\/product\/yoast-seo-wordpress\/ -->\n<title>Porcellio magnificus - Insektenliebe<\/title>\n<meta name=\"description\" content=\"Acquista online il Porcellio magnificus. Hanno enormi antenne bianche che contrastano splendidamente con il loro corpo. Compra direttamente dall&#039;allevatore!\" \/>\n<meta name=\"robots\" content=\"index, follow, max-snippet:-1, max-image-preview:large, max-video-preview:-1\" \/>\n<link rel=\"canonical\" href=\"https:\/\/insektenliebe.com\/it\/shop\/prodotto\/porcellio-magnificus\/\" \/>\n<meta property=\"og:locale\" content=\"it_IT\" \/>\n<meta property=\"og:type\" content=\"article\" \/>\n<meta property=\"og:title\" content=\"Porcellio magnificus - Insektenliebe\" \/>\n<meta property=\"og:description\" content=\"Acquista online il Porcellio magnificus. Hanno enormi antenne bianche che contrastano splendidamente con il loro corpo. Compra direttamente dall&#039;allevatore!\" \/>\n<meta property=\"og:url\" content=\"https:\/\/insektenliebe.com\/it\/shop\/prodotto\/porcellio-magnificus\/\" \/>\n<meta property=\"og:site_name\" content=\"Insektenliebe\" \/>\n<meta property=\"og:image\" content=\"https:\/\/insektenliebe.com\/wp-content\/uploads\/2018\/03\/Porcellio-magnificus.jpg\" \/>\n\t<meta property=\"og:image:width\" content=\"820\" \/>\n\t<meta property=\"og:image:height\" content=\"820\" \/>\n\t<meta property=\"og:image:type\" content=\"image\/jpeg\" \/>\n<meta name=\"twitter:card\" content=\"summary_large_image\" \/>\n<meta name=\"twitter:label1\" content=\"Tempo di lettura stimato\" \/>\n\t<meta name=\"twitter:data1\" content=\"2 minuto\" \/>\n<script type=\"application\/ld+json\" class=\"yoast-schema-graph\">{\"@context\":\"https:\\\/\\\/schema.org\",\"@graph\":[{\"@type\":\"WebPage\",\"@id\":\"https:\\\/\\\/insektenliebe.com\\\/it\\\/shop\\\/prodotto\\\/porcellio-magnificus\\\/\",\"url\":\"https:\\\/\\\/insektenliebe.com\\\/it\\\/shop\\\/prodotto\\\/porcellio-magnificus\\\/\",\"name\":\"Porcellio magnificus - Insektenliebe\",\"isPartOf\":{\"@id\":\"https:\\\/\\\/insektenliebe.com\\\/it\\\/#website\"},\"primaryImageOfPage\":{\"@id\":\"https:\\\/\\\/insektenliebe.com\\\/it\\\/shop\\\/prodotto\\\/porcellio-magnificus\\\/#primaryimage\"},\"image\":{\"@id\":\"https:\\\/\\\/insektenliebe.com\\\/it\\\/shop\\\/prodotto\\\/porcellio-magnificus\\\/#primaryimage\"},\"thumbnailUrl\":\"https:\\\/\\\/insektenliebe.com\\\/wp-content\\\/uploads\\\/2018\\\/03\\\/Porcellio-magnificus.jpg\",\"datePublished\":\"2018-03-22T12:56:00+00:00\",\"description\":\"Acquista online il Porcellio magnificus. Hanno enormi antenne bianche che contrastano splendidamente con il loro corpo. Compra direttamente dall'allevatore!\",\"breadcrumb\":{\"@id\":\"https:\\\/\\\/insektenliebe.com\\\/it\\\/shop\\\/prodotto\\\/porcellio-magnificus\\\/#breadcrumb\"},\"inLanguage\":\"it-IT\",\"potentialAction\":[{\"@type\":\"ReadAction\",\"target\":[\"https:\\\/\\\/insektenliebe.com\\\/it\\\/shop\\\/prodotto\\\/porcellio-magnificus\\\/\"]}]},{\"@type\":\"ImageObject\",\"inLanguage\":\"it-IT\",\"@id\":\"https:\\\/\\\/insektenliebe.com\\\/it\\\/shop\\\/prodotto\\\/porcellio-magnificus\\\/#primaryimage\",\"url\":\"https:\\\/\\\/insektenliebe.com\\\/wp-content\\\/uploads\\\/2018\\\/03\\\/Porcellio-magnificus.jpg\",\"contentUrl\":\"https:\\\/\\\/insektenliebe.com\\\/wp-content\\\/uploads\\\/2018\\\/03\\\/Porcellio-magnificus.jpg\",\"width\":820,\"height\":820,\"caption\":\"Porcellio magnificus\"},{\"@type\":\"BreadcrumbList\",\"@id\":\"https:\\\/\\\/insektenliebe.com\\\/it\\\/shop\\\/prodotto\\\/porcellio-magnificus\\\/#breadcrumb\",\"itemListElement\":[{\"@type\":\"ListItem\",\"position\":1,\"name\":\"Startseite\",\"item\":\"https:\\\/\\\/insektenliebe.com\\\/it\\\/\"},{\"@type\":\"ListItem\",\"position\":2,\"name\":\"Negozio\",\"item\":\"https:\\\/\\\/insektenliebe.com\\\/it\\\/negozio\\\/\"},{\"@type\":\"ListItem\",\"position\":3,\"name\":\"Porcellio magnificus\"}]},{\"@type\":\"WebSite\",\"@id\":\"https:\\\/\\\/insektenliebe.com\\\/it\\\/#website\",\"url\":\"https:\\\/\\\/insektenliebe.com\\\/it\\\/\",\"name\":\"Insektenliebe\",\"description\":\"Dein Zuhause f\u00fcr die kleinen Lebewesen\",\"publisher\":{\"@id\":\"https:\\\/\\\/insektenliebe.com\\\/it\\\/#organization\"},\"potentialAction\":[{\"@type\":\"SearchAction\",\"target\":{\"@type\":\"EntryPoint\",\"urlTemplate\":\"https:\\\/\\\/insektenliebe.com\\\/it\\\/?s={search_term_string}\"},\"query-input\":{\"@type\":\"PropertyValueSpecification\",\"valueRequired\":true,\"valueName\":\"search_term_string\"}}],\"inLanguage\":\"it-IT\"},{\"@type\":\"Organization\",\"@id\":\"https:\\\/\\\/insektenliebe.com\\\/it\\\/#organization\",\"name\":\"Insektenliebe\",\"url\":\"https:\\\/\\\/insektenliebe.com\\\/it\\\/\",\"logo\":{\"@type\":\"ImageObject\",\"inLanguage\":\"it-IT\",\"@id\":\"https:\\\/\\\/insektenliebe.com\\\/it\\\/#\\\/schema\\\/logo\\\/image\\\/\",\"url\":\"https:\\\/\\\/insektenliebe.com\\\/wp-content\\\/uploads\\\/2025\\\/03\\\/logo-white.png\",\"contentUrl\":\"https:\\\/\\\/insektenliebe.com\\\/wp-content\\\/uploads\\\/2025\\\/03\\\/logo-white.png\",\"width\":288,\"height\":188,\"caption\":\"Insektenliebe\"},\"image\":{\"@id\":\"https:\\\/\\\/insektenliebe.com\\\/it\\\/#\\\/schema\\\/logo\\\/image\\\/\"}}]}<\/script>\n<!-- \/ Yoast SEO plugin. -->","yoast_head_json":{"title":"Porcellio magnificus - Insektenliebe","description":"Acquista online il Porcellio magnificus. Hanno enormi antenne bianche che contrastano splendidamente con il loro corpo. Compra direttamente dall'allevatore!","robots":{"index":"index","follow":"follow","max-snippet":"max-snippet:-1","max-image-preview":"max-image-preview:large","max-video-preview":"max-video-preview:-1"},"canonical":"https:\/\/insektenliebe.com\/it\/shop\/prodotto\/porcellio-magnificus\/","og_locale":"it_IT","og_type":"article","og_title":"Porcellio magnificus - Insektenliebe","og_description":"Acquista online il Porcellio magnificus. Hanno enormi antenne bianche che contrastano splendidamente con il loro corpo. Compra direttamente dall'allevatore!","og_url":"https:\/\/insektenliebe.com\/it\/shop\/prodotto\/porcellio-magnificus\/","og_site_name":"Insektenliebe","og_image":[{"width":820,"height":820,"url":"https:\/\/insektenliebe.com\/wp-content\/uploads\/2018\/03\/Porcellio-magnificus.jpg","type":"image\/jpeg"}],"twitter_card":"summary_large_image","twitter_misc":{"Tempo di lettura stimato":"2 minuto"},"schema":{"@context":"https:\/\/schema.org","@graph":[{"@type":"WebPage","@id":"https:\/\/insektenliebe.com\/it\/shop\/prodotto\/porcellio-magnificus\/","url":"https:\/\/insektenliebe.com\/it\/shop\/prodotto\/porcellio-magnificus\/","name":"Porcellio magnificus - Insektenliebe","isPartOf":{"@id":"https:\/\/insektenliebe.com\/it\/#website"},"primaryImageOfPage":{"@id":"https:\/\/insektenliebe.com\/it\/shop\/prodotto\/porcellio-magnificus\/#primaryimage"},"image":{"@id":"https:\/\/insektenliebe.com\/it\/shop\/prodotto\/porcellio-magnificus\/#primaryimage"},"thumbnailUrl":"https:\/\/insektenliebe.com\/wp-content\/uploads\/2018\/03\/Porcellio-magnificus.jpg","datePublished":"2018-03-22T12:56:00+00:00","description":"Acquista online il Porcellio magnificus. Hanno enormi antenne bianche che contrastano splendidamente con il loro corpo. Compra direttamente dall'allevatore!","breadcrumb":{"@id":"https:\/\/insektenliebe.com\/it\/shop\/prodotto\/porcellio-magnificus\/#breadcrumb"},"inLanguage":"it-IT","potentialAction":[{"@type":"ReadAction","target":["https:\/\/insektenliebe.com\/it\/shop\/prodotto\/porcellio-magnificus\/"]}]},{"@type":"ImageObject","inLanguage":"it-IT","@id":"https:\/\/insektenliebe.com\/it\/shop\/prodotto\/porcellio-magnificus\/#primaryimage","url":"https:\/\/insektenliebe.com\/wp-content\/uploads\/2018\/03\/Porcellio-magnificus.jpg","contentUrl":"https:\/\/insektenliebe.com\/wp-content\/uploads\/2018\/03\/Porcellio-magnificus.jpg","width":820,"height":820,"caption":"Porcellio magnificus"},{"@type":"BreadcrumbList","@id":"https:\/\/insektenliebe.com\/it\/shop\/prodotto\/porcellio-magnificus\/#breadcrumb","itemListElement":[{"@type":"ListItem","position":1,"name":"Startseite","item":"https:\/\/insektenliebe.com\/it\/"},{"@type":"ListItem","position":2,"name":"Negozio","item":"https:\/\/insektenliebe.com\/it\/negozio\/"},{"@type":"ListItem","position":3,"name":"Porcellio magnificus"}]},{"@type":"WebSite","@id":"https:\/\/insektenliebe.com\/it\/#website","url":"https:\/\/insektenliebe.com\/it\/","name":"Insektenliebe","description":"Dein Zuhause f\u00fcr die kleinen Lebewesen","publisher":{"@id":"https:\/\/insektenliebe.com\/it\/#organization"},"potentialAction":[{"@type":"SearchAction","target":{"@type":"EntryPoint","urlTemplate":"https:\/\/insektenliebe.com\/it\/?s={search_term_string}"},"query-input":{"@type":"PropertyValueSpecification","valueRequired":true,"valueName":"search_term_string"}}],"inLanguage":"it-IT"},{"@type":"Organization","@id":"https:\/\/insektenliebe.com\/it\/#organization","name":"Insektenliebe","url":"https:\/\/insektenliebe.com\/it\/","logo":{"@type":"ImageObject","inLanguage":"it-IT","@id":"https:\/\/insektenliebe.com\/it\/#\/schema\/logo\/image\/","url":"https:\/\/insektenliebe.com\/wp-content\/uploads\/2025\/03\/logo-white.png","contentUrl":"https:\/\/insektenliebe.com\/wp-content\/uploads\/2025\/03\/logo-white.png","width":288,"height":188,"caption":"Insektenliebe"},"image":{"@id":"https:\/\/insektenliebe.com\/it\/#\/schema\/logo\/image\/"}}]}},"_links":{"self":[{"href":"https:\/\/insektenliebe.com\/it\/wp-json\/wp\/v2\/product\/183670","targetHints":{"allow":["GET"]}}],"collection":[{"href":"https:\/\/insektenliebe.com\/it\/wp-json\/wp\/v2\/product"}],"about":[{"href":"https:\/\/insektenliebe.com\/it\/wp-json\/wp\/v2\/types\/product"}],"wp:featuredmedia":[{"embeddable":true,"href":"https:\/\/insektenliebe.com\/it\/wp-json\/wp\/v2\/media\/183673"}],"wp:attachment":[{"href":"https:\/\/insektenliebe.com\/it\/wp-json\/wp\/v2\/media?parent=183670"}],"wp:term":[{"taxonomy":"product-supplier","embeddable":true,"href":"https:\/\/insektenliebe.com\/it\/wp-json\/wp\/v2\/product-supplier?post=183670"},{"taxonomy":"product_brand","embeddable":true,"href":"https:\/\/insektenliebe.com\/it\/wp-json\/wp\/v2\/product_brand?post=183670"},{"taxonomy":"product_cat","embeddable":true,"href":"https:\/\/insektenliebe.com\/it\/wp-json\/wp\/v2\/product_cat?post=183670"},{"taxonomy":"product_tag","embeddable":true,"href":"https:\/\/insektenliebe.com\/it\/wp-json\/wp\/v2\/product_tag?post=183670"},{"taxonomy":"lce-checkout-addons","embeddable":true,"href":"https:\/\/insektenliebe.com\/it\/wp-json\/wp\/v2\/lce-checkout-addons?post=183670"}],"curies":[{"name":"wp","href":"https:\/\/api.w.org\/{rel}","templated":true}]}}