{"id":183663,"date":"2018-03-22T14:39:00","date_gmt":"2018-03-22T13:39:00","guid":{"rendered":"https:\/\/insektenliebe.com\/shop\/produkt\/porcellio-expansus\/"},"modified":"2026-03-05T16:24:33","modified_gmt":"2026-03-05T15:24:33","slug":"porcellio-expansus","status":"publish","type":"product","link":"https:\/\/insektenliebe.com\/it\/shop\/prodotto\/porcellio-expansus\/","title":{"rendered":"Porcellio expansus"},"content":{"rendered":"<h3 class=\"p1\"><span style=\"color: #99cc33;\"><strong><span class=\"s1\">Porcellio expansus - lo spettacolare isopode con enormi piastre laterali<\/span><\/strong><\/span><\/h3>\n<p class=\"p1\"><strong><span class=\"s1\">Porcellio expansus<\/span><\/strong><span class=\"s2\">  \u00e8 senza dubbio una delle specie di isopodi pi\u00f9 appariscenti dell&#8217;hobby. Le sue pleure estremamente larghe - le placche corazzate laterali - gli conferiscono un aspetto quasi primordiale, \"da drago\". Anche gli animali giovani mostrano la forma caratteristica, ma \u00e8 solo quando sono completamente cresciuti che sviluppano l&#8217;imponente silhouette per cui questa specie \u00e8 cos\u00ec famosa. Con una lunghezza del corpo fino a 3,5 cm e una statura ampia e piatta, il <strong><span class=\"s1\">Porcellio expansus<\/span><\/strong>   <\/span><span class=\"s2\">  come un&#8217;armatura in miniatura su sei gambe.<\/span><\/p>\n<p class=\"p1\"><span class=\"s2\">Questa specie \u00e8 originaria degli habitat secchi e caldi della Penisola Iberica. Qui vive sotto le pietre, tra i substrati sciolti e in piccole fessure dove si ritira durante il giorno. Questo \u00e8 esattamente lo stesso comportamento che mostra nel terrario. Sebbene sia visibile e curioso, trascorre parte della giornata nei nascondigli che si \u00e8 scelto. La sera diventa molto pi\u00f9 attivo, esplora l&#8217;ambiente circostante, mangia e interagisce con il gruppo.    <\/span><\/p>\n<p class=\"p1\"><span class=\"s2\">In allevamento <strong><span class=\"s1\">Porcellio expansus<\/span><\/strong><\/span><span class=\"s2\">  \u00c8 una specie riservata agli allevatori con una certa esperienza, poich\u00e9 richiede un habitat ben strutturato e asciutto. La maggior parte del substrato deve rimanere molto asciutto, poich\u00e9 questi animali sono sensibili all&#8217;umidit\u00e0 prolungata. Tuttavia, hanno bisogno di una piccola zona umida ben delimitata che utilizzano per la muta e l&#8217;assunzione di acqua. Questa zona umida \u00e8 del tutto sufficiente se la ventilazione \u00e8 buona e il resto del terrario \u00e8 mantenuto asciutto. Foglie, legno bianco marcio e osso di seppia sono alla base della loro dieta, ma date le loro dimensioni beneficiano anche di integratori ricchi di proteine come la farina di grilli o il cibo per pesci. Una dieta varia garantisce una buona muta e una riproduzione stabile.     <\/span><\/p>\n<p class=\"p1\"><span class=\"s2\">Questi animali sono facili da tenere in gruppo e mostrano un interessante comportamento sociale. Spesso siedono in gruppi sciolti sotto pezzi di sughero, condividono le aree di alimentazione ed esplorano insieme la struttura del terrario. Mentre alcuni isopodi sono pi\u00f9 notturni, altri sono pi\u00f9 attivi di notte.    <\/span><span class=\"s1\">expansus<\/span><span class=\"s2\">  spesso anche durante il giorno, soprattutto quando si sono ambientati e il clima \u00e8 favorevole. L&#8217;alta visibilit\u00e0 \u00e8 un grande vantaggio per i proprietari che amano tenere d&#8217;occhio i propri animali. <\/span><\/p>\n<p class=\"p1\"><span class=\"s2\">Se stai cercando un isopode insolito e visivamente spettacolare, lo troverai in <strong><span class=\"s1\">Porcellio expansus<\/span><\/strong><\/span><span class=\"s2\">  una vera e propria specialit\u00e0. Non solo \u00e8 grande e imponente, ma ha anche un comportamento affascinante e un aspetto inconfondibile. Questa specie \u00e8 un fiore all&#8217;occhiello per qualsiasi terrario e una delle preferite da chi apprezza la morfologia insolita e le emozionanti opportunit\u00e0 di osservazione.  <\/span><\/p>\n","protected":false},"excerpt":{"rendered":"<p>Il Porcellio expansus \u00e8 probabilmente una delle specie di isopodi pi\u00f9 ricercate attualmente nell&#8217;hobby.<\/p>\n","protected":false},"featured_media":183665,"template":"","meta":{"_acf_changed":false},"product-supplier":[],"product_brand":[],"product_cat":[2787,2788],"product_tag":[],"lce-checkout-addons":[2746],"class_list":{"0":"post-183663","1":"product","2":"type-product","3":"status-publish","4":"has-post-thumbnail","6":"product_cat-porcellino-di-legno-porcellio","7":"product_cat-woodlice","8":"product_shipping_class-spedizione-di-animali","9":"pa_einsatz-mostra-gli-animali","10":"pa_haltung-allevamento-singolo","11":"pa_herkunft-spagna","12":"pa_kontinent-europa","13":"lce-checkout-addons-imballaggio-invernale","15":"first","16":"instock","17":"taxable","18":"shipping-taxable","19":"purchasable","20":"product-type-simple"},"acf":[],"yoast_head":"<!-- This site is optimized with the Yoast SEO plugin v27.3 - https:\/\/yoast.com\/product\/yoast-seo-wordpress\/ -->\n<title>Porcellio expansus - Insektenliebe<\/title>\n<meta name=\"description\" content=\"Acquista online Porcellio expansus a buon mercato. \u00c8 probabilmente una delle specie di isopodi pi\u00f9 ricercate attualmente nell&#039;hobby. Acquista direttamente dall&#039;allevatore!\" \/>\n<meta name=\"robots\" content=\"index, follow, max-snippet:-1, max-image-preview:large, max-video-preview:-1\" \/>\n<link rel=\"canonical\" href=\"https:\/\/insektenliebe.com\/it\/shop\/prodotto\/porcellio-expansus\/\" \/>\n<meta property=\"og:locale\" content=\"it_IT\" \/>\n<meta property=\"og:type\" content=\"article\" \/>\n<meta property=\"og:title\" content=\"Porcellio expansus - Insektenliebe\" \/>\n<meta property=\"og:description\" content=\"Acquista online Porcellio expansus a buon mercato. \u00c8 probabilmente una delle specie di isopodi pi\u00f9 ricercate attualmente nell&#039;hobby. Acquista direttamente dall&#039;allevatore!\" \/>\n<meta property=\"og:url\" content=\"https:\/\/insektenliebe.com\/it\/shop\/prodotto\/porcellio-expansus\/\" \/>\n<meta property=\"og:site_name\" content=\"Insektenliebe\" \/>\n<meta property=\"article:modified_time\" content=\"2026-03-05T15:24:33+00:00\" \/>\n<meta property=\"og:image\" content=\"https:\/\/insektenliebe.com\/wp-content\/uploads\/2018\/03\/Porcellio-expansus.jpg\" \/>\n\t<meta property=\"og:image:width\" content=\"820\" \/>\n\t<meta property=\"og:image:height\" content=\"820\" \/>\n\t<meta property=\"og:image:type\" content=\"image\/jpeg\" \/>\n<meta name=\"twitter:card\" content=\"summary_large_image\" \/>\n<meta name=\"twitter:label1\" content=\"Tempo di lettura stimato\" \/>\n\t<meta name=\"twitter:data1\" content=\"2 minuto\" \/>\n<script type=\"application\/ld+json\" class=\"yoast-schema-graph\">{\"@context\":\"https:\\\/\\\/schema.org\",\"@graph\":[{\"@type\":\"WebPage\",\"@id\":\"https:\\\/\\\/insektenliebe.com\\\/it\\\/shop\\\/prodotto\\\/porcellio-expansus\\\/\",\"url\":\"https:\\\/\\\/insektenliebe.com\\\/it\\\/shop\\\/prodotto\\\/porcellio-expansus\\\/\",\"name\":\"Porcellio expansus - Insektenliebe\",\"isPartOf\":{\"@id\":\"https:\\\/\\\/insektenliebe.com\\\/it\\\/#website\"},\"primaryImageOfPage\":{\"@id\":\"https:\\\/\\\/insektenliebe.com\\\/it\\\/shop\\\/prodotto\\\/porcellio-expansus\\\/#primaryimage\"},\"image\":{\"@id\":\"https:\\\/\\\/insektenliebe.com\\\/it\\\/shop\\\/prodotto\\\/porcellio-expansus\\\/#primaryimage\"},\"thumbnailUrl\":\"https:\\\/\\\/insektenliebe.com\\\/wp-content\\\/uploads\\\/2018\\\/03\\\/Porcellio-expansus.jpg\",\"datePublished\":\"2018-03-22T13:39:00+00:00\",\"dateModified\":\"2026-03-05T15:24:33+00:00\",\"description\":\"Acquista online Porcellio expansus a buon mercato. \u00c8 probabilmente una delle specie di isopodi pi\u00f9 ricercate attualmente nell'hobby. Acquista direttamente dall'allevatore!\",\"breadcrumb\":{\"@id\":\"https:\\\/\\\/insektenliebe.com\\\/it\\\/shop\\\/prodotto\\\/porcellio-expansus\\\/#breadcrumb\"},\"inLanguage\":\"it-IT\",\"potentialAction\":[{\"@type\":\"ReadAction\",\"target\":[\"https:\\\/\\\/insektenliebe.com\\\/it\\\/shop\\\/prodotto\\\/porcellio-expansus\\\/\"]}]},{\"@type\":\"ImageObject\",\"inLanguage\":\"it-IT\",\"@id\":\"https:\\\/\\\/insektenliebe.com\\\/it\\\/shop\\\/prodotto\\\/porcellio-expansus\\\/#primaryimage\",\"url\":\"https:\\\/\\\/insektenliebe.com\\\/wp-content\\\/uploads\\\/2018\\\/03\\\/Porcellio-expansus.jpg\",\"contentUrl\":\"https:\\\/\\\/insektenliebe.com\\\/wp-content\\\/uploads\\\/2018\\\/03\\\/Porcellio-expansus.jpg\",\"width\":820,\"height\":820,\"caption\":\"Porcellio expansus\"},{\"@type\":\"BreadcrumbList\",\"@id\":\"https:\\\/\\\/insektenliebe.com\\\/it\\\/shop\\\/prodotto\\\/porcellio-expansus\\\/#breadcrumb\",\"itemListElement\":[{\"@type\":\"ListItem\",\"position\":1,\"name\":\"Startseite\",\"item\":\"https:\\\/\\\/insektenliebe.com\\\/it\\\/\"},{\"@type\":\"ListItem\",\"position\":2,\"name\":\"Negozio\",\"item\":\"https:\\\/\\\/insektenliebe.com\\\/it\\\/negozio\\\/\"},{\"@type\":\"ListItem\",\"position\":3,\"name\":\"Porcellio expansus\"}]},{\"@type\":\"WebSite\",\"@id\":\"https:\\\/\\\/insektenliebe.com\\\/it\\\/#website\",\"url\":\"https:\\\/\\\/insektenliebe.com\\\/it\\\/\",\"name\":\"Insektenliebe\",\"description\":\"Dein Zuhause f\u00fcr die kleinen Lebewesen\",\"publisher\":{\"@id\":\"https:\\\/\\\/insektenliebe.com\\\/it\\\/#organization\"},\"potentialAction\":[{\"@type\":\"SearchAction\",\"target\":{\"@type\":\"EntryPoint\",\"urlTemplate\":\"https:\\\/\\\/insektenliebe.com\\\/it\\\/?s={search_term_string}\"},\"query-input\":{\"@type\":\"PropertyValueSpecification\",\"valueRequired\":true,\"valueName\":\"search_term_string\"}}],\"inLanguage\":\"it-IT\"},{\"@type\":\"Organization\",\"@id\":\"https:\\\/\\\/insektenliebe.com\\\/it\\\/#organization\",\"name\":\"Insektenliebe\",\"url\":\"https:\\\/\\\/insektenliebe.com\\\/it\\\/\",\"logo\":{\"@type\":\"ImageObject\",\"inLanguage\":\"it-IT\",\"@id\":\"https:\\\/\\\/insektenliebe.com\\\/it\\\/#\\\/schema\\\/logo\\\/image\\\/\",\"url\":\"https:\\\/\\\/insektenliebe.com\\\/wp-content\\\/uploads\\\/2025\\\/03\\\/logo-white.png\",\"contentUrl\":\"https:\\\/\\\/insektenliebe.com\\\/wp-content\\\/uploads\\\/2025\\\/03\\\/logo-white.png\",\"width\":288,\"height\":188,\"caption\":\"Insektenliebe\"},\"image\":{\"@id\":\"https:\\\/\\\/insektenliebe.com\\\/it\\\/#\\\/schema\\\/logo\\\/image\\\/\"}}]}<\/script>\n<!-- \/ Yoast SEO plugin. -->","yoast_head_json":{"title":"Porcellio expansus - Insektenliebe","description":"Acquista online Porcellio expansus a buon mercato. \u00c8 probabilmente una delle specie di isopodi pi\u00f9 ricercate attualmente nell'hobby. Acquista direttamente dall'allevatore!","robots":{"index":"index","follow":"follow","max-snippet":"max-snippet:-1","max-image-preview":"max-image-preview:large","max-video-preview":"max-video-preview:-1"},"canonical":"https:\/\/insektenliebe.com\/it\/shop\/prodotto\/porcellio-expansus\/","og_locale":"it_IT","og_type":"article","og_title":"Porcellio expansus - Insektenliebe","og_description":"Acquista online Porcellio expansus a buon mercato. \u00c8 probabilmente una delle specie di isopodi pi\u00f9 ricercate attualmente nell'hobby. Acquista direttamente dall'allevatore!","og_url":"https:\/\/insektenliebe.com\/it\/shop\/prodotto\/porcellio-expansus\/","og_site_name":"Insektenliebe","article_modified_time":"2026-03-05T15:24:33+00:00","og_image":[{"width":820,"height":820,"url":"https:\/\/insektenliebe.com\/wp-content\/uploads\/2018\/03\/Porcellio-expansus.jpg","type":"image\/jpeg"}],"twitter_card":"summary_large_image","twitter_misc":{"Tempo di lettura stimato":"2 minuto"},"schema":{"@context":"https:\/\/schema.org","@graph":[{"@type":"WebPage","@id":"https:\/\/insektenliebe.com\/it\/shop\/prodotto\/porcellio-expansus\/","url":"https:\/\/insektenliebe.com\/it\/shop\/prodotto\/porcellio-expansus\/","name":"Porcellio expansus - Insektenliebe","isPartOf":{"@id":"https:\/\/insektenliebe.com\/it\/#website"},"primaryImageOfPage":{"@id":"https:\/\/insektenliebe.com\/it\/shop\/prodotto\/porcellio-expansus\/#primaryimage"},"image":{"@id":"https:\/\/insektenliebe.com\/it\/shop\/prodotto\/porcellio-expansus\/#primaryimage"},"thumbnailUrl":"https:\/\/insektenliebe.com\/wp-content\/uploads\/2018\/03\/Porcellio-expansus.jpg","datePublished":"2018-03-22T13:39:00+00:00","dateModified":"2026-03-05T15:24:33+00:00","description":"Acquista online Porcellio expansus a buon mercato. \u00c8 probabilmente una delle specie di isopodi pi\u00f9 ricercate attualmente nell'hobby. Acquista direttamente dall'allevatore!","breadcrumb":{"@id":"https:\/\/insektenliebe.com\/it\/shop\/prodotto\/porcellio-expansus\/#breadcrumb"},"inLanguage":"it-IT","potentialAction":[{"@type":"ReadAction","target":["https:\/\/insektenliebe.com\/it\/shop\/prodotto\/porcellio-expansus\/"]}]},{"@type":"ImageObject","inLanguage":"it-IT","@id":"https:\/\/insektenliebe.com\/it\/shop\/prodotto\/porcellio-expansus\/#primaryimage","url":"https:\/\/insektenliebe.com\/wp-content\/uploads\/2018\/03\/Porcellio-expansus.jpg","contentUrl":"https:\/\/insektenliebe.com\/wp-content\/uploads\/2018\/03\/Porcellio-expansus.jpg","width":820,"height":820,"caption":"Porcellio expansus"},{"@type":"BreadcrumbList","@id":"https:\/\/insektenliebe.com\/it\/shop\/prodotto\/porcellio-expansus\/#breadcrumb","itemListElement":[{"@type":"ListItem","position":1,"name":"Startseite","item":"https:\/\/insektenliebe.com\/it\/"},{"@type":"ListItem","position":2,"name":"Negozio","item":"https:\/\/insektenliebe.com\/it\/negozio\/"},{"@type":"ListItem","position":3,"name":"Porcellio expansus"}]},{"@type":"WebSite","@id":"https:\/\/insektenliebe.com\/it\/#website","url":"https:\/\/insektenliebe.com\/it\/","name":"Insektenliebe","description":"Dein Zuhause f\u00fcr die kleinen Lebewesen","publisher":{"@id":"https:\/\/insektenliebe.com\/it\/#organization"},"potentialAction":[{"@type":"SearchAction","target":{"@type":"EntryPoint","urlTemplate":"https:\/\/insektenliebe.com\/it\/?s={search_term_string}"},"query-input":{"@type":"PropertyValueSpecification","valueRequired":true,"valueName":"search_term_string"}}],"inLanguage":"it-IT"},{"@type":"Organization","@id":"https:\/\/insektenliebe.com\/it\/#organization","name":"Insektenliebe","url":"https:\/\/insektenliebe.com\/it\/","logo":{"@type":"ImageObject","inLanguage":"it-IT","@id":"https:\/\/insektenliebe.com\/it\/#\/schema\/logo\/image\/","url":"https:\/\/insektenliebe.com\/wp-content\/uploads\/2025\/03\/logo-white.png","contentUrl":"https:\/\/insektenliebe.com\/wp-content\/uploads\/2025\/03\/logo-white.png","width":288,"height":188,"caption":"Insektenliebe"},"image":{"@id":"https:\/\/insektenliebe.com\/it\/#\/schema\/logo\/image\/"}}]}},"_links":{"self":[{"href":"https:\/\/insektenliebe.com\/it\/wp-json\/wp\/v2\/product\/183663","targetHints":{"allow":["GET"]}}],"collection":[{"href":"https:\/\/insektenliebe.com\/it\/wp-json\/wp\/v2\/product"}],"about":[{"href":"https:\/\/insektenliebe.com\/it\/wp-json\/wp\/v2\/types\/product"}],"wp:featuredmedia":[{"embeddable":true,"href":"https:\/\/insektenliebe.com\/it\/wp-json\/wp\/v2\/media\/183665"}],"wp:attachment":[{"href":"https:\/\/insektenliebe.com\/it\/wp-json\/wp\/v2\/media?parent=183663"}],"wp:term":[{"taxonomy":"product-supplier","embeddable":true,"href":"https:\/\/insektenliebe.com\/it\/wp-json\/wp\/v2\/product-supplier?post=183663"},{"taxonomy":"product_brand","embeddable":true,"href":"https:\/\/insektenliebe.com\/it\/wp-json\/wp\/v2\/product_brand?post=183663"},{"taxonomy":"product_cat","embeddable":true,"href":"https:\/\/insektenliebe.com\/it\/wp-json\/wp\/v2\/product_cat?post=183663"},{"taxonomy":"product_tag","embeddable":true,"href":"https:\/\/insektenliebe.com\/it\/wp-json\/wp\/v2\/product_tag?post=183663"},{"taxonomy":"lce-checkout-addons","embeddable":true,"href":"https:\/\/insektenliebe.com\/it\/wp-json\/wp\/v2\/lce-checkout-addons?post=183663"}],"curies":[{"name":"wp","href":"https:\/\/api.w.org\/{rel}","templated":true}]}}