{"id":183612,"date":"2018-08-10T09:25:12","date_gmt":"2018-08-10T09:25:12","guid":{"rendered":"https:\/\/insektenliebe.com\/shop\/produkt\/cibo-per-le-cocciniglie\/"},"modified":"2018-08-10T09:25:12","modified_gmt":"2018-08-10T07:25:12","slug":"cibo-per-le-cocciniglie","status":"publish","type":"product","link":"https:\/\/insektenliebe.com\/it\/shop\/prodotto\/cibo-per-le-cocciniglie\/","title":{"rendered":"Cibo per le cocciniglie"},"content":{"rendered":"<p><!--more-->Mangime complementare prezioso per tutte le specie di isopodi in una busta richiudibile da 100 ml.<\/p>\n<p>Puoi scegliere tra i seguenti tipi di alimentazione:<\/p>\n<p><strong>GAMMARUS<\/strong><\/p>\n<p>I gamberetti d&#8217;acqua dolce sono un alimento naturale ed essiccato ideale per l&#8217;alimentazione degli isopodi. Forniscono una ricca fonte di energia e sono un alimento complementare ideale. I Gammarus sono particolarmente ricchi di minerali e vitamine, che vengono completamente conservati grazie a una delicata liofilizzazione. Tutte le specie di isopodi, compresi quelli di piccole dimensioni, li mangiano volentieri, poich\u00e9 i gamberetti d&#8217;acqua dolce possono essere facilmente schiacciati e tritati a mano.   <\/p>\n<p><em>Ingredienti: proteine grezze: circa 50 %, grassi grezzi: circa 3 %, fibre grezze: circa 13 %, ceneri grezze: circa 22 %, umidit\u00e0: circa 10 %.<\/em><\/p>\n<p>&nbsp;<\/p>\n<p><strong>SNACK ALGEA<\/strong><\/p>\n<p>Il nostro ALGEA SNACK \u00e8 semplicemente una delizia per molte specie di isopodi nel terrario. Nella sua forma naturale, la spirulina \u00e8 una microalga blu-verde. \u00c8 uno degli organismi vegetali pi\u00f9 ricchi di nutrienti che si conoscano. Puoi aggiungere le cialde di alghe alla vasca degli isopodi sotto forma di chip oppure mescolarle con un po&#8217; d&#8217;acqua.   <\/p>\n<p><em>Ingredienti: proteine grezze 37%, grassi grezzi 6%, fibre grezze 4%, ceneri grezze 7,5%, vitamina A 30000IE\/kg, vitamina D3 2000IE\/kg, vitamina E 100mg\/kg, vitamina C 50mg\/kg Composizione: pesce e sottoprodotti del pesce, sottoprodotti di origine vegetale, cereali, carne e sottoprodotti di origine animale, molluschi e crostacei, alghe 2%, vegetali<\/em><\/p>\n<p>&nbsp;<\/p>\n<p><strong>FIOCCHI D&#8217;EQUILIBRIO<\/strong><\/p>\n<p>I nostri BALANCE FLAKES hanno un rapporto ottimale tra proteine e grassi. Le proteine (proteine grezze\/proteine) sono utilizzate principalmente per la crescita, la rigenerazione cellulare e la formazione di prodotti sessuali. I grassi (grassi grezzi), invece, sono la principale fonte di energia. I mangimi Assel devono avere il miglior rapporto possibile tra proteine e grassi. Questo perch\u00e9 entrambe le sostanze si influenzano a vicenda. Con un&#8217;attenta lavorazione, molti componenti naturali possono essere mantenuti in gran parte nel mangime. Tuttavia, vitamine, minerali e oligoelementi vengono aggiunti a questo mangime per evitare carenze.      <\/p>\n<p><em>Ingredienti: proteine grezze 40%, grassi grezzi 4%, fibre grezze 3%, ceneri grezze 6,5%, vitamina A 30000IE\/kg, vitamina D3 2000IE\/kg, vitamina E 150mg\/kg, vitamina C 50mg\/kg Composizione: cereali e sottoprodotti vegetali, pesce e sottoprodotti ittici, carne e sottoprodotti animali, lieviti, alghe, molluschi e crostacei<\/em><\/p>\n<p>&nbsp;<\/p>\n<p><strong>COCKTAIL DI PRAWN<\/strong><\/p>\n<p>I \"componenti principali\" dei gamberi sono le proteine e i grassi. I gamberetti sono molto nutrienti e contengono molti acidi grassi omega-3. I gamberetti non forniscono solo vitamine, ma anche grassi buoni e, soprattutto, proteine. Pertanto, non solo aiutano a mantenere in salute i nostri isopodi, ma sono anche molto ben accetti da loro. Un altro vantaggio dei gamberetti essiccati \u00e8 che difficilmente ammuffiscono, anche dopo diversi giorni nella vasca degli isopodi.    <\/p>\n<p><em>Ingredienti: proteine grezze 52%, grassi grezzi 10%, fibre grezze 7%, ceneri grezze 14%, umidit\u00e0 5%.<\/em><\/p>\n<p>&nbsp;<\/p>\n<p><strong>PERLE DI PROTEINE<\/strong><\/p>\n<p>Questo mangime pu\u00f2 essere miscelato con un contenuto di grassi pi\u00f9 elevato rispetto al mangime in fiocchi utilizzando il metodo spray, che lo rende disponibile per il metabolismo energetico degli isopodi. In questo modo si riduce il turnover delle proteine a fini energetici.<br \/>\nQuesto mangime presenta anche un&#8217;elevata digeribilit\u00e0 e una riduzione dei residui di amido non assorbibili grazie alla scomposizione dell&#8217;amido. La ragione di ci\u00f2 risiede nel metodo di produzione. Poich\u00e9 gli estrusi hanno solitamente un contenuto energetico pi\u00f9 elevato o un migliore utilizzo dell&#8217;amido rispetto ai mangimi in fiocchi, la quantit\u00e0 di mangime da somministrare pu\u00f2 o deve essere ridotta. L&#8217;alimentazione con le PERLE DI PROTEINE ha quindi un effetto di risparmio diretto!    <\/p>\n<p><em>Ingredienti: proteina grezza 30%, grassi grezzi 5%, fibra grezza 6,3%, ceneri grezze 6,3%, calcio 0,5%, vitamina A 10000IE\/kg, vitamina D3 2000IE\/kg, vitamina E 200mg\/kg, vitamina C 150mg\/kg Composizione: farina di estrazione di soia, riscaldata a vapore, crusca di frumento, farina di estrazione di girasole, olio di pesce, farina di pesce<\/em><\/p>\n","protected":false},"excerpt":{"rendered":"<p id=\"title\" class=\"a-size-large a-spacing-none\">Cibo per isopodi perfettamente complementare in una busta con zip richiudibile!<\/p>\n","protected":false},"featured_media":183620,"template":"","meta":{"_acf_changed":false},"product-supplier":[],"product_brand":[],"product_cat":[2815],"product_tag":[],"lce-checkout-addons":[],"class_list":{"0":"post-183612","1":"product","2":"type-product","3":"status-publish","4":"has-post-thumbnail","6":"product_cat-cibo-e-calcio","7":"product_shipping_class-equipment-shipping","9":"first","10":"instock","11":"sale","12":"taxable","13":"shipping-taxable","14":"purchasable","15":"product-type-variable"},"acf":[],"yoast_head":"<!-- This site is optimized with the Yoast SEO plugin v27.3 - https:\/\/yoast.com\/product\/yoast-seo-wordpress\/ -->\n<title>Cibo per le cocciniglie - Insektenliebe<\/title>\n<meta name=\"description\" content=\"Acquista online cibo per isopodi a basso costo. Variet\u00e0 di cibo ricco di proteine per le cocciniglie in lattine di alluminio di alta qualit\u00e0 che utilizziamo anche per l&#039;allevamento.\" \/>\n<meta name=\"robots\" content=\"index, follow, max-snippet:-1, max-image-preview:large, max-video-preview:-1\" \/>\n<link rel=\"canonical\" href=\"https:\/\/insektenliebe.com\/it\/shop\/prodotto\/cibo-per-le-cocciniglie\/\" \/>\n<meta property=\"og:locale\" content=\"it_IT\" \/>\n<meta property=\"og:type\" content=\"article\" \/>\n<meta property=\"og:title\" content=\"Cibo per le cocciniglie - Insektenliebe\" \/>\n<meta property=\"og:description\" content=\"Acquista online cibo per isopodi a basso costo. Variet\u00e0 di cibo ricco di proteine per le cocciniglie in lattine di alluminio di alta qualit\u00e0 che utilizziamo anche per l&#039;allevamento.\" \/>\n<meta property=\"og:url\" content=\"https:\/\/insektenliebe.com\/it\/shop\/prodotto\/cibo-per-le-cocciniglie\/\" \/>\n<meta property=\"og:site_name\" content=\"Insektenliebe\" \/>\n<meta property=\"og:image\" content=\"https:\/\/insektenliebe.com\/wp-content\/uploads\/2025\/05\/Assel-Futter-scaled-3.jpg\" \/>\n\t<meta property=\"og:image:width\" content=\"2560\" \/>\n\t<meta property=\"og:image:height\" content=\"2560\" \/>\n\t<meta property=\"og:image:type\" content=\"image\/jpeg\" \/>\n<meta name=\"twitter:card\" content=\"summary_large_image\" \/>\n<meta name=\"twitter:label1\" content=\"Tempo di lettura stimato\" \/>\n\t<meta name=\"twitter:data1\" content=\"3 minuto\" \/>\n<script type=\"application\/ld+json\" class=\"yoast-schema-graph\">{\"@context\":\"https:\\\/\\\/schema.org\",\"@graph\":[{\"@type\":\"WebPage\",\"@id\":\"https:\\\/\\\/insektenliebe.com\\\/it\\\/shop\\\/prodotto\\\/cibo-per-le-cocciniglie\\\/\",\"url\":\"https:\\\/\\\/insektenliebe.com\\\/it\\\/shop\\\/prodotto\\\/cibo-per-le-cocciniglie\\\/\",\"name\":\"Cibo per le cocciniglie - Insektenliebe\",\"isPartOf\":{\"@id\":\"https:\\\/\\\/insektenliebe.com\\\/it\\\/#website\"},\"primaryImageOfPage\":{\"@id\":\"https:\\\/\\\/insektenliebe.com\\\/it\\\/shop\\\/prodotto\\\/cibo-per-le-cocciniglie\\\/#primaryimage\"},\"image\":{\"@id\":\"https:\\\/\\\/insektenliebe.com\\\/it\\\/shop\\\/prodotto\\\/cibo-per-le-cocciniglie\\\/#primaryimage\"},\"thumbnailUrl\":\"https:\\\/\\\/insektenliebe.com\\\/wp-content\\\/uploads\\\/2025\\\/05\\\/Assel-Futter-scaled-3.jpg\",\"datePublished\":\"2018-08-10T09:25:12+00:00\",\"description\":\"Acquista online cibo per isopodi a basso costo. Variet\u00e0 di cibo ricco di proteine per le cocciniglie in lattine di alluminio di alta qualit\u00e0 che utilizziamo anche per l'allevamento.\",\"breadcrumb\":{\"@id\":\"https:\\\/\\\/insektenliebe.com\\\/it\\\/shop\\\/prodotto\\\/cibo-per-le-cocciniglie\\\/#breadcrumb\"},\"inLanguage\":\"it-IT\",\"potentialAction\":[{\"@type\":\"ReadAction\",\"target\":[\"https:\\\/\\\/insektenliebe.com\\\/it\\\/shop\\\/prodotto\\\/cibo-per-le-cocciniglie\\\/\"]}]},{\"@type\":\"ImageObject\",\"inLanguage\":\"it-IT\",\"@id\":\"https:\\\/\\\/insektenliebe.com\\\/it\\\/shop\\\/prodotto\\\/cibo-per-le-cocciniglie\\\/#primaryimage\",\"url\":\"https:\\\/\\\/insektenliebe.com\\\/wp-content\\\/uploads\\\/2025\\\/05\\\/Assel-Futter-scaled-3.jpg\",\"contentUrl\":\"https:\\\/\\\/insektenliebe.com\\\/wp-content\\\/uploads\\\/2025\\\/05\\\/Assel-Futter-scaled-3.jpg\",\"width\":2560,\"height\":2560,\"caption\":\"Cibo della cocciniglia in scala-3.jpg\"},{\"@type\":\"BreadcrumbList\",\"@id\":\"https:\\\/\\\/insektenliebe.com\\\/it\\\/shop\\\/prodotto\\\/cibo-per-le-cocciniglie\\\/#breadcrumb\",\"itemListElement\":[{\"@type\":\"ListItem\",\"position\":1,\"name\":\"Startseite\",\"item\":\"https:\\\/\\\/insektenliebe.com\\\/it\\\/\"},{\"@type\":\"ListItem\",\"position\":2,\"name\":\"Negozio\",\"item\":\"https:\\\/\\\/insektenliebe.com\\\/it\\\/negozio\\\/\"},{\"@type\":\"ListItem\",\"position\":3,\"name\":\"Cibo per le cocciniglie\"}]},{\"@type\":\"WebSite\",\"@id\":\"https:\\\/\\\/insektenliebe.com\\\/it\\\/#website\",\"url\":\"https:\\\/\\\/insektenliebe.com\\\/it\\\/\",\"name\":\"Insektenliebe\",\"description\":\"Dein Zuhause f\u00fcr die kleinen Lebewesen\",\"publisher\":{\"@id\":\"https:\\\/\\\/insektenliebe.com\\\/it\\\/#organization\"},\"potentialAction\":[{\"@type\":\"SearchAction\",\"target\":{\"@type\":\"EntryPoint\",\"urlTemplate\":\"https:\\\/\\\/insektenliebe.com\\\/it\\\/?s={search_term_string}\"},\"query-input\":{\"@type\":\"PropertyValueSpecification\",\"valueRequired\":true,\"valueName\":\"search_term_string\"}}],\"inLanguage\":\"it-IT\"},{\"@type\":\"Organization\",\"@id\":\"https:\\\/\\\/insektenliebe.com\\\/it\\\/#organization\",\"name\":\"Insektenliebe\",\"url\":\"https:\\\/\\\/insektenliebe.com\\\/it\\\/\",\"logo\":{\"@type\":\"ImageObject\",\"inLanguage\":\"it-IT\",\"@id\":\"https:\\\/\\\/insektenliebe.com\\\/it\\\/#\\\/schema\\\/logo\\\/image\\\/\",\"url\":\"https:\\\/\\\/insektenliebe.com\\\/wp-content\\\/uploads\\\/2025\\\/03\\\/logo-white.png\",\"contentUrl\":\"https:\\\/\\\/insektenliebe.com\\\/wp-content\\\/uploads\\\/2025\\\/03\\\/logo-white.png\",\"width\":288,\"height\":188,\"caption\":\"Insektenliebe\"},\"image\":{\"@id\":\"https:\\\/\\\/insektenliebe.com\\\/it\\\/#\\\/schema\\\/logo\\\/image\\\/\"}}]}<\/script>\n<!-- \/ Yoast SEO plugin. -->","yoast_head_json":{"title":"Cibo per le cocciniglie - Insektenliebe","description":"Acquista online cibo per isopodi a basso costo. Variet\u00e0 di cibo ricco di proteine per le cocciniglie in lattine di alluminio di alta qualit\u00e0 che utilizziamo anche per l'allevamento.","robots":{"index":"index","follow":"follow","max-snippet":"max-snippet:-1","max-image-preview":"max-image-preview:large","max-video-preview":"max-video-preview:-1"},"canonical":"https:\/\/insektenliebe.com\/it\/shop\/prodotto\/cibo-per-le-cocciniglie\/","og_locale":"it_IT","og_type":"article","og_title":"Cibo per le cocciniglie - Insektenliebe","og_description":"Acquista online cibo per isopodi a basso costo. Variet\u00e0 di cibo ricco di proteine per le cocciniglie in lattine di alluminio di alta qualit\u00e0 che utilizziamo anche per l'allevamento.","og_url":"https:\/\/insektenliebe.com\/it\/shop\/prodotto\/cibo-per-le-cocciniglie\/","og_site_name":"Insektenliebe","og_image":[{"width":2560,"height":2560,"url":"https:\/\/insektenliebe.com\/wp-content\/uploads\/2025\/05\/Assel-Futter-scaled-3.jpg","type":"image\/jpeg"}],"twitter_card":"summary_large_image","twitter_misc":{"Tempo di lettura stimato":"3 minuto"},"schema":{"@context":"https:\/\/schema.org","@graph":[{"@type":"WebPage","@id":"https:\/\/insektenliebe.com\/it\/shop\/prodotto\/cibo-per-le-cocciniglie\/","url":"https:\/\/insektenliebe.com\/it\/shop\/prodotto\/cibo-per-le-cocciniglie\/","name":"Cibo per le cocciniglie - Insektenliebe","isPartOf":{"@id":"https:\/\/insektenliebe.com\/it\/#website"},"primaryImageOfPage":{"@id":"https:\/\/insektenliebe.com\/it\/shop\/prodotto\/cibo-per-le-cocciniglie\/#primaryimage"},"image":{"@id":"https:\/\/insektenliebe.com\/it\/shop\/prodotto\/cibo-per-le-cocciniglie\/#primaryimage"},"thumbnailUrl":"https:\/\/insektenliebe.com\/wp-content\/uploads\/2025\/05\/Assel-Futter-scaled-3.jpg","datePublished":"2018-08-10T09:25:12+00:00","description":"Acquista online cibo per isopodi a basso costo. Variet\u00e0 di cibo ricco di proteine per le cocciniglie in lattine di alluminio di alta qualit\u00e0 che utilizziamo anche per l'allevamento.","breadcrumb":{"@id":"https:\/\/insektenliebe.com\/it\/shop\/prodotto\/cibo-per-le-cocciniglie\/#breadcrumb"},"inLanguage":"it-IT","potentialAction":[{"@type":"ReadAction","target":["https:\/\/insektenliebe.com\/it\/shop\/prodotto\/cibo-per-le-cocciniglie\/"]}]},{"@type":"ImageObject","inLanguage":"it-IT","@id":"https:\/\/insektenliebe.com\/it\/shop\/prodotto\/cibo-per-le-cocciniglie\/#primaryimage","url":"https:\/\/insektenliebe.com\/wp-content\/uploads\/2025\/05\/Assel-Futter-scaled-3.jpg","contentUrl":"https:\/\/insektenliebe.com\/wp-content\/uploads\/2025\/05\/Assel-Futter-scaled-3.jpg","width":2560,"height":2560,"caption":"Cibo della cocciniglia in scala-3.jpg"},{"@type":"BreadcrumbList","@id":"https:\/\/insektenliebe.com\/it\/shop\/prodotto\/cibo-per-le-cocciniglie\/#breadcrumb","itemListElement":[{"@type":"ListItem","position":1,"name":"Startseite","item":"https:\/\/insektenliebe.com\/it\/"},{"@type":"ListItem","position":2,"name":"Negozio","item":"https:\/\/insektenliebe.com\/it\/negozio\/"},{"@type":"ListItem","position":3,"name":"Cibo per le cocciniglie"}]},{"@type":"WebSite","@id":"https:\/\/insektenliebe.com\/it\/#website","url":"https:\/\/insektenliebe.com\/it\/","name":"Insektenliebe","description":"Dein Zuhause f\u00fcr die kleinen Lebewesen","publisher":{"@id":"https:\/\/insektenliebe.com\/it\/#organization"},"potentialAction":[{"@type":"SearchAction","target":{"@type":"EntryPoint","urlTemplate":"https:\/\/insektenliebe.com\/it\/?s={search_term_string}"},"query-input":{"@type":"PropertyValueSpecification","valueRequired":true,"valueName":"search_term_string"}}],"inLanguage":"it-IT"},{"@type":"Organization","@id":"https:\/\/insektenliebe.com\/it\/#organization","name":"Insektenliebe","url":"https:\/\/insektenliebe.com\/it\/","logo":{"@type":"ImageObject","inLanguage":"it-IT","@id":"https:\/\/insektenliebe.com\/it\/#\/schema\/logo\/image\/","url":"https:\/\/insektenliebe.com\/wp-content\/uploads\/2025\/03\/logo-white.png","contentUrl":"https:\/\/insektenliebe.com\/wp-content\/uploads\/2025\/03\/logo-white.png","width":288,"height":188,"caption":"Insektenliebe"},"image":{"@id":"https:\/\/insektenliebe.com\/it\/#\/schema\/logo\/image\/"}}]}},"_links":{"self":[{"href":"https:\/\/insektenliebe.com\/it\/wp-json\/wp\/v2\/product\/183612","targetHints":{"allow":["GET"]}}],"collection":[{"href":"https:\/\/insektenliebe.com\/it\/wp-json\/wp\/v2\/product"}],"about":[{"href":"https:\/\/insektenliebe.com\/it\/wp-json\/wp\/v2\/types\/product"}],"wp:featuredmedia":[{"embeddable":true,"href":"https:\/\/insektenliebe.com\/it\/wp-json\/wp\/v2\/media\/183620"}],"wp:attachment":[{"href":"https:\/\/insektenliebe.com\/it\/wp-json\/wp\/v2\/media?parent=183612"}],"wp:term":[{"taxonomy":"product-supplier","embeddable":true,"href":"https:\/\/insektenliebe.com\/it\/wp-json\/wp\/v2\/product-supplier?post=183612"},{"taxonomy":"product_brand","embeddable":true,"href":"https:\/\/insektenliebe.com\/it\/wp-json\/wp\/v2\/product_brand?post=183612"},{"taxonomy":"product_cat","embeddable":true,"href":"https:\/\/insektenliebe.com\/it\/wp-json\/wp\/v2\/product_cat?post=183612"},{"taxonomy":"product_tag","embeddable":true,"href":"https:\/\/insektenliebe.com\/it\/wp-json\/wp\/v2\/product_tag?post=183612"},{"taxonomy":"lce-checkout-addons","embeddable":true,"href":"https:\/\/insektenliebe.com\/it\/wp-json\/wp\/v2\/lce-checkout-addons?post=183612"}],"curies":[{"name":"wp","href":"https:\/\/api.w.org\/{rel}","templated":true}]}}