{"id":183606,"date":"2018-09-13T07:23:28","date_gmt":"2018-09-13T05:23:28","guid":{"rendered":"https:\/\/insektenliebe.com\/shop\/produkt\/starter-di-polizia-del-suolo-per-un-terrario-biologico\/"},"modified":"2018-09-13T07:23:28","modified_gmt":"2018-09-13T05:23:28","slug":"starter-di-polizia-del-suolo-per-un-terrario-biologico","status":"publish","type":"product","link":"https:\/\/insektenliebe.com\/it\/shop\/prodotto\/starter-di-polizia-del-suolo-per-un-terrario-biologico\/","title":{"rendered":"Starter di polizia del suolo per un terrario biologico"},"content":{"rendered":"<h3><span style=\"color: #99cc33;\">Breve descrizione Polizia di terra<\/span><\/h3>\n<p>Per un ambiente sano e igienico del terrario: con la nostra <strong>polizia del terreno<\/strong>, puoi assicurarti che gli organismi benefici presenti nel substrato del tuo terrario contribuiscano attivamente alla pulizia e al benessere degli abitanti del terrario.<\/p>\n<p>Ogni provetta, che misura 110 mm x \u00d8 16 mm, \u00e8 perfettamente porzionata per inoculare un terrario. In questo modo avrai sempre la giusta quantit\u00e0 di insetti benefici ed eviterai la sovrappopolazione. <\/p>\n<p><strong>Nota:<\/strong> riceverai esattamente una provetta per ogni selezione di polizia del suolo.<\/p>\n<p>Questi piccoli aiutanti sono efficaci contro piante morte, residui di muta, feci, cibo morto, funghi e persino muffe. Inoltre, forniscono una protezione naturale contro le infestazioni di acari, che possono diventare rapidamente una sfida. Non solo garantiscono un terrario pulito, ma rendono anche il tuo terrario pi\u00f9 affascinante da vedere.  <\/p>\n<p>Senza rifiuti sul pavimento, potrai invece osservare abitanti attraenti ed eccitanti come isopodi e code a molla. E non preoccuparti: lo stoccaggio \u00e8 stato progettato per garantire una riproduzione di successo nel terrario. <\/p>\n<p>&nbsp;<\/p>\n<p><strong>Tignola bianca (Trichorhina tomentosa):<\/strong><\/p>\n<p>Sono tra i primi decompositori e si trovano spesso nel substrato. Compaiono solo quando ci sono rifiuti in superficie. Adatto a tutti i terrari in cui \u00e8 presente almeno un angolo umido.  <\/p>\n<p><a href=\"https:\/\/insektenliebe.com\/haltungsberichte\/asseln\/trichorhina-tomentosa-weisse-asseln\/\">Al rapporto sulla postura<\/a><\/p>\n<p>&nbsp;<\/p>\n<p><strong>Coda a molla (Collembola):<\/strong><\/p>\n<p>Sono decompositori secondari e quindi elaborano le feci degli isopodi. Perfezionano il ciclo naturale nel substrato. Adatto a tutti i terrari in cui \u00e8 presente almeno un angolo umido.  <\/p>\n<p><a href=\"https:\/\/insektenliebe.com\/haltungsberichte\/futtertiere\/collembola-springschwaenze\/\">Al rapporto sulla postura<\/a><\/p>\n<p>Sei gi\u00e0 convinto dell&#8217;efficacia della nostra <strong>polizia del suolo<\/strong>, composta da codoni e cocciniglie bianche? Allora lasciati ispirare dalla nostra <strong>polizia sanitaria<\/strong>! <\/p>\n<p>Con una percentuale pi\u00f9 elevata di code di primavera e specie di isopodi accuratamente selezionate e adattate alle condizioni del terrario, offre una protezione e una cura ancora pi\u00f9 intense per il tuo terrario.<\/p>\n<p>Dai un&#8217;occhiata alla Health Police nel nostro negozio e porta il tuo terrario a un livello superiore di cura!<\/p>\n","protected":false},"excerpt":{"rendered":"<p>Breve descrizione Polizia di terra Per un ambiente sano e igienico del terrario: con la nostra polizia del terreno, puoi assicurarti che gli organismi benefici presenti nel substrato del tuo terrario contribuiscano attivamente alla pulizia e al benessere degli abitanti del terrario. Ogni provetta, che misura 110 mm x \u00d8 16 mm, \u00e8 perfettamente porzionata [&hellip;]<\/p>\n","protected":false},"featured_media":183607,"template":"","meta":{"_acf_changed":false},"product-supplier":[],"product_brand":[],"product_cat":[2829],"product_tag":[],"lce-checkout-addons":[2746],"class_list":{"0":"post-183606","1":"product","2":"type-product","3":"status-publish","4":"has-post-thumbnail","6":"product_cat-altri-invertebrati","7":"product_shipping_class-spedizione-di-animali","8":"lce-checkout-addons-imballaggio-invernale","10":"first","11":"instock","12":"taxable","13":"shipping-taxable","14":"purchasable","15":"product-type-variable"},"acf":[],"yoast_head":"<!-- This site is optimized with the Yoast SEO plugin v27.3 - https:\/\/yoast.com\/product\/yoast-seo-wordpress\/ -->\n<title>Starter di polizia del suolo per un terrario biologico - Insektenliebe<\/title>\n<meta name=\"description\" content=\"Acquista online terriccio police a basso costo. Una provetta \u00e8 sufficiente per un terrario di tutte le dimensioni e pu\u00f2 essere acquistata direttamente dall&#039;allevatore!\" \/>\n<meta name=\"robots\" content=\"index, follow, max-snippet:-1, max-image-preview:large, max-video-preview:-1\" \/>\n<link rel=\"canonical\" href=\"https:\/\/insektenliebe.com\/it\/shop\/prodotto\/starter-di-polizia-del-suolo-per-un-terrario-biologico\/\" \/>\n<meta property=\"og:locale\" content=\"it_IT\" \/>\n<meta property=\"og:type\" content=\"article\" \/>\n<meta property=\"og:title\" content=\"Starter di polizia del suolo per un terrario biologico - Insektenliebe\" \/>\n<meta property=\"og:description\" content=\"Acquista online terriccio police a basso costo. Una provetta \u00e8 sufficiente per un terrario di tutte le dimensioni e pu\u00f2 essere acquistata direttamente dall&#039;allevatore!\" \/>\n<meta property=\"og:url\" content=\"https:\/\/insektenliebe.com\/it\/shop\/prodotto\/starter-di-polizia-del-suolo-per-un-terrario-biologico\/\" \/>\n<meta property=\"og:site_name\" content=\"Insektenliebe\" \/>\n<meta property=\"og:image\" content=\"https:\/\/insektenliebe.com\/wp-content\/uploads\/2025\/05\/Bodenpolizei-2-2.jpg\" \/>\n\t<meta property=\"og:image:width\" content=\"820\" \/>\n\t<meta property=\"og:image:height\" content=\"820\" \/>\n\t<meta property=\"og:image:type\" content=\"image\/jpeg\" \/>\n<meta name=\"twitter:card\" content=\"summary_large_image\" \/>\n<meta name=\"twitter:label1\" content=\"Tempo di lettura stimato\" \/>\n\t<meta name=\"twitter:data1\" content=\"2 minuto\" \/>\n<script type=\"application\/ld+json\" class=\"yoast-schema-graph\">{\"@context\":\"https:\\\/\\\/schema.org\",\"@graph\":[{\"@type\":\"WebPage\",\"@id\":\"https:\\\/\\\/insektenliebe.com\\\/it\\\/shop\\\/prodotto\\\/starter-di-polizia-del-suolo-per-un-terrario-biologico\\\/\",\"url\":\"https:\\\/\\\/insektenliebe.com\\\/it\\\/shop\\\/prodotto\\\/starter-di-polizia-del-suolo-per-un-terrario-biologico\\\/\",\"name\":\"Starter di polizia del suolo per un terrario biologico - Insektenliebe\",\"isPartOf\":{\"@id\":\"https:\\\/\\\/insektenliebe.com\\\/it\\\/#website\"},\"primaryImageOfPage\":{\"@id\":\"https:\\\/\\\/insektenliebe.com\\\/it\\\/shop\\\/prodotto\\\/starter-di-polizia-del-suolo-per-un-terrario-biologico\\\/#primaryimage\"},\"image\":{\"@id\":\"https:\\\/\\\/insektenliebe.com\\\/it\\\/shop\\\/prodotto\\\/starter-di-polizia-del-suolo-per-un-terrario-biologico\\\/#primaryimage\"},\"thumbnailUrl\":\"https:\\\/\\\/insektenliebe.com\\\/wp-content\\\/uploads\\\/2025\\\/05\\\/Bodenpolizei-2-2.jpg\",\"datePublished\":\"2018-09-13T05:23:28+00:00\",\"description\":\"Acquista online terriccio police a basso costo. Una provetta \u00e8 sufficiente per un terrario di tutte le dimensioni e pu\u00f2 essere acquistata direttamente dall'allevatore!\",\"breadcrumb\":{\"@id\":\"https:\\\/\\\/insektenliebe.com\\\/it\\\/shop\\\/prodotto\\\/starter-di-polizia-del-suolo-per-un-terrario-biologico\\\/#breadcrumb\"},\"inLanguage\":\"it-IT\",\"potentialAction\":[{\"@type\":\"ReadAction\",\"target\":[\"https:\\\/\\\/insektenliebe.com\\\/it\\\/shop\\\/prodotto\\\/starter-di-polizia-del-suolo-per-un-terrario-biologico\\\/\"]}]},{\"@type\":\"ImageObject\",\"inLanguage\":\"it-IT\",\"@id\":\"https:\\\/\\\/insektenliebe.com\\\/it\\\/shop\\\/prodotto\\\/starter-di-polizia-del-suolo-per-un-terrario-biologico\\\/#primaryimage\",\"url\":\"https:\\\/\\\/insektenliebe.com\\\/wp-content\\\/uploads\\\/2025\\\/05\\\/Bodenpolizei-2-2.jpg\",\"contentUrl\":\"https:\\\/\\\/insektenliebe.com\\\/wp-content\\\/uploads\\\/2025\\\/05\\\/Bodenpolizei-2-2.jpg\",\"width\":820,\"height\":820,\"caption\":\"Polizia di terra-2-2.jpg\"},{\"@type\":\"BreadcrumbList\",\"@id\":\"https:\\\/\\\/insektenliebe.com\\\/it\\\/shop\\\/prodotto\\\/starter-di-polizia-del-suolo-per-un-terrario-biologico\\\/#breadcrumb\",\"itemListElement\":[{\"@type\":\"ListItem\",\"position\":1,\"name\":\"Startseite\",\"item\":\"https:\\\/\\\/insektenliebe.com\\\/it\\\/\"},{\"@type\":\"ListItem\",\"position\":2,\"name\":\"Negozio\",\"item\":\"https:\\\/\\\/insektenliebe.com\\\/it\\\/negozio\\\/\"},{\"@type\":\"ListItem\",\"position\":3,\"name\":\"Starter di polizia del suolo per un terrario biologico\"}]},{\"@type\":\"WebSite\",\"@id\":\"https:\\\/\\\/insektenliebe.com\\\/it\\\/#website\",\"url\":\"https:\\\/\\\/insektenliebe.com\\\/it\\\/\",\"name\":\"Insektenliebe\",\"description\":\"Dein Zuhause f\u00fcr die kleinen Lebewesen\",\"publisher\":{\"@id\":\"https:\\\/\\\/insektenliebe.com\\\/it\\\/#organization\"},\"potentialAction\":[{\"@type\":\"SearchAction\",\"target\":{\"@type\":\"EntryPoint\",\"urlTemplate\":\"https:\\\/\\\/insektenliebe.com\\\/it\\\/?s={search_term_string}\"},\"query-input\":{\"@type\":\"PropertyValueSpecification\",\"valueRequired\":true,\"valueName\":\"search_term_string\"}}],\"inLanguage\":\"it-IT\"},{\"@type\":\"Organization\",\"@id\":\"https:\\\/\\\/insektenliebe.com\\\/it\\\/#organization\",\"name\":\"Insektenliebe\",\"url\":\"https:\\\/\\\/insektenliebe.com\\\/it\\\/\",\"logo\":{\"@type\":\"ImageObject\",\"inLanguage\":\"it-IT\",\"@id\":\"https:\\\/\\\/insektenliebe.com\\\/it\\\/#\\\/schema\\\/logo\\\/image\\\/\",\"url\":\"https:\\\/\\\/insektenliebe.com\\\/wp-content\\\/uploads\\\/2025\\\/03\\\/logo-white.png\",\"contentUrl\":\"https:\\\/\\\/insektenliebe.com\\\/wp-content\\\/uploads\\\/2025\\\/03\\\/logo-white.png\",\"width\":288,\"height\":188,\"caption\":\"Insektenliebe\"},\"image\":{\"@id\":\"https:\\\/\\\/insektenliebe.com\\\/it\\\/#\\\/schema\\\/logo\\\/image\\\/\"}}]}<\/script>\n<!-- \/ Yoast SEO plugin. -->","yoast_head_json":{"title":"Starter di polizia del suolo per un terrario biologico - Insektenliebe","description":"Acquista online terriccio police a basso costo. Una provetta \u00e8 sufficiente per un terrario di tutte le dimensioni e pu\u00f2 essere acquistata direttamente dall'allevatore!","robots":{"index":"index","follow":"follow","max-snippet":"max-snippet:-1","max-image-preview":"max-image-preview:large","max-video-preview":"max-video-preview:-1"},"canonical":"https:\/\/insektenliebe.com\/it\/shop\/prodotto\/starter-di-polizia-del-suolo-per-un-terrario-biologico\/","og_locale":"it_IT","og_type":"article","og_title":"Starter di polizia del suolo per un terrario biologico - Insektenliebe","og_description":"Acquista online terriccio police a basso costo. Una provetta \u00e8 sufficiente per un terrario di tutte le dimensioni e pu\u00f2 essere acquistata direttamente dall'allevatore!","og_url":"https:\/\/insektenliebe.com\/it\/shop\/prodotto\/starter-di-polizia-del-suolo-per-un-terrario-biologico\/","og_site_name":"Insektenliebe","og_image":[{"width":820,"height":820,"url":"https:\/\/insektenliebe.com\/wp-content\/uploads\/2025\/05\/Bodenpolizei-2-2.jpg","type":"image\/jpeg"}],"twitter_card":"summary_large_image","twitter_misc":{"Tempo di lettura stimato":"2 minuto"},"schema":{"@context":"https:\/\/schema.org","@graph":[{"@type":"WebPage","@id":"https:\/\/insektenliebe.com\/it\/shop\/prodotto\/starter-di-polizia-del-suolo-per-un-terrario-biologico\/","url":"https:\/\/insektenliebe.com\/it\/shop\/prodotto\/starter-di-polizia-del-suolo-per-un-terrario-biologico\/","name":"Starter di polizia del suolo per un terrario biologico - Insektenliebe","isPartOf":{"@id":"https:\/\/insektenliebe.com\/it\/#website"},"primaryImageOfPage":{"@id":"https:\/\/insektenliebe.com\/it\/shop\/prodotto\/starter-di-polizia-del-suolo-per-un-terrario-biologico\/#primaryimage"},"image":{"@id":"https:\/\/insektenliebe.com\/it\/shop\/prodotto\/starter-di-polizia-del-suolo-per-un-terrario-biologico\/#primaryimage"},"thumbnailUrl":"https:\/\/insektenliebe.com\/wp-content\/uploads\/2025\/05\/Bodenpolizei-2-2.jpg","datePublished":"2018-09-13T05:23:28+00:00","description":"Acquista online terriccio police a basso costo. Una provetta \u00e8 sufficiente per un terrario di tutte le dimensioni e pu\u00f2 essere acquistata direttamente dall'allevatore!","breadcrumb":{"@id":"https:\/\/insektenliebe.com\/it\/shop\/prodotto\/starter-di-polizia-del-suolo-per-un-terrario-biologico\/#breadcrumb"},"inLanguage":"it-IT","potentialAction":[{"@type":"ReadAction","target":["https:\/\/insektenliebe.com\/it\/shop\/prodotto\/starter-di-polizia-del-suolo-per-un-terrario-biologico\/"]}]},{"@type":"ImageObject","inLanguage":"it-IT","@id":"https:\/\/insektenliebe.com\/it\/shop\/prodotto\/starter-di-polizia-del-suolo-per-un-terrario-biologico\/#primaryimage","url":"https:\/\/insektenliebe.com\/wp-content\/uploads\/2025\/05\/Bodenpolizei-2-2.jpg","contentUrl":"https:\/\/insektenliebe.com\/wp-content\/uploads\/2025\/05\/Bodenpolizei-2-2.jpg","width":820,"height":820,"caption":"Polizia di terra-2-2.jpg"},{"@type":"BreadcrumbList","@id":"https:\/\/insektenliebe.com\/it\/shop\/prodotto\/starter-di-polizia-del-suolo-per-un-terrario-biologico\/#breadcrumb","itemListElement":[{"@type":"ListItem","position":1,"name":"Startseite","item":"https:\/\/insektenliebe.com\/it\/"},{"@type":"ListItem","position":2,"name":"Negozio","item":"https:\/\/insektenliebe.com\/it\/negozio\/"},{"@type":"ListItem","position":3,"name":"Starter di polizia del suolo per un terrario biologico"}]},{"@type":"WebSite","@id":"https:\/\/insektenliebe.com\/it\/#website","url":"https:\/\/insektenliebe.com\/it\/","name":"Insektenliebe","description":"Dein Zuhause f\u00fcr die kleinen Lebewesen","publisher":{"@id":"https:\/\/insektenliebe.com\/it\/#organization"},"potentialAction":[{"@type":"SearchAction","target":{"@type":"EntryPoint","urlTemplate":"https:\/\/insektenliebe.com\/it\/?s={search_term_string}"},"query-input":{"@type":"PropertyValueSpecification","valueRequired":true,"valueName":"search_term_string"}}],"inLanguage":"it-IT"},{"@type":"Organization","@id":"https:\/\/insektenliebe.com\/it\/#organization","name":"Insektenliebe","url":"https:\/\/insektenliebe.com\/it\/","logo":{"@type":"ImageObject","inLanguage":"it-IT","@id":"https:\/\/insektenliebe.com\/it\/#\/schema\/logo\/image\/","url":"https:\/\/insektenliebe.com\/wp-content\/uploads\/2025\/03\/logo-white.png","contentUrl":"https:\/\/insektenliebe.com\/wp-content\/uploads\/2025\/03\/logo-white.png","width":288,"height":188,"caption":"Insektenliebe"},"image":{"@id":"https:\/\/insektenliebe.com\/it\/#\/schema\/logo\/image\/"}}]}},"_links":{"self":[{"href":"https:\/\/insektenliebe.com\/it\/wp-json\/wp\/v2\/product\/183606","targetHints":{"allow":["GET"]}}],"collection":[{"href":"https:\/\/insektenliebe.com\/it\/wp-json\/wp\/v2\/product"}],"about":[{"href":"https:\/\/insektenliebe.com\/it\/wp-json\/wp\/v2\/types\/product"}],"wp:featuredmedia":[{"embeddable":true,"href":"https:\/\/insektenliebe.com\/it\/wp-json\/wp\/v2\/media\/183607"}],"wp:attachment":[{"href":"https:\/\/insektenliebe.com\/it\/wp-json\/wp\/v2\/media?parent=183606"}],"wp:term":[{"taxonomy":"product-supplier","embeddable":true,"href":"https:\/\/insektenliebe.com\/it\/wp-json\/wp\/v2\/product-supplier?post=183606"},{"taxonomy":"product_brand","embeddable":true,"href":"https:\/\/insektenliebe.com\/it\/wp-json\/wp\/v2\/product_brand?post=183606"},{"taxonomy":"product_cat","embeddable":true,"href":"https:\/\/insektenliebe.com\/it\/wp-json\/wp\/v2\/product_cat?post=183606"},{"taxonomy":"product_tag","embeddable":true,"href":"https:\/\/insektenliebe.com\/it\/wp-json\/wp\/v2\/product_tag?post=183606"},{"taxonomy":"lce-checkout-addons","embeddable":true,"href":"https:\/\/insektenliebe.com\/it\/wp-json\/wp\/v2\/lce-checkout-addons?post=183606"}],"curies":[{"name":"wp","href":"https:\/\/api.w.org\/{rel}","templated":true}]}}