{"id":183585,"date":"2018-08-10T11:34:20","date_gmt":"2018-08-10T11:34:20","guid":{"rendered":"https:\/\/insektenliebe.com\/shop\/produkt\/confezione-di-cibo-per-la-cocciniglia\/"},"modified":"2026-03-09T19:03:40","modified_gmt":"2026-03-09T18:03:40","slug":"confezione-di-cibo-per-la-cocciniglia","status":"publish","type":"product","link":"https:\/\/insektenliebe.com\/it\/shop\/prodotto\/confezione-di-cibo-per-la-cocciniglia\/","title":{"rendered":"Confezione di cibo per la cocciniglia"},"content":{"rendered":"<h3><span class=\"s1\" style=\"color: #99cc33;\">Confezione per la conservazione degli alimenti Isopod - naturale, varia e pratica<\/span><\/h3>\n<p class=\"p1\"><span class=\"s1\">Con il nostro <strong><span class=\"s2\">confezione di cibo isopod<\/span><\/strong><\/span><span class=\"s1\">  puoi fornire ai tuoi animali una dieta varia ed equilibrata in modo permanente. Il set combina diversi mangimi da   <\/span><span class=\"s2\">Ingredienti naturali al 100%<\/span><span class=\"s1\">in modo che le tue cocciniglie abbiano un&#8217;alimentazione varia.<\/span><\/p>\n<p class=\"p1\"><span class=\"s1\">Le cocciniglie sono tra i pi\u00f9 importanti decompositori dei terrari. Utilizzano il materiale organico, decompongono i resti vegetali e contribuiscono a creare un microclima stabile nel substrato del terreno. Tuttavia, affinch\u00e9 una colonia si sviluppi in modo sano a lungo termine, gli animali traggono beneficio da    <\/span><span class=\"s2\">una dieta varia<\/span><span class=\"s1\">.<\/span><\/p>\n<p class=\"p1\"><span class=\"s1\">La nostra confezione di conservazione \u00e8 particolarmente adatta a questo scopo. La miscela offre diverse fonti di cibo naturale e fa s\u00ec che i tuoi isopodi possano assorbire regolarmente diversi nutrienti. Questa variet\u00e0 supporta    <\/span><span class=\"s2\">Crescita, muta e riproduzione<\/span><span class=\"s1\"> dei tuoi animali.<\/span><\/p>\n<p class=\"p1\"><span class=\"s1\">Gli ingredienti naturali rendono il cibo ideale per <\/span><span class=\"s2\">terrari bioattivi<\/span><span class=\"s1\">. Allo stesso tempo, la confezione di stoccaggio \u00e8 ideale anche per  <\/span><span class=\"s2\">Scatole per l&#8217;allevamento e colonie di isopodi<\/span><span class=\"s1\">perch\u00e9 hai a disposizione diversi tipi di cibo e puoi fornire regolarmente agli animali una dieta varia.<\/span><\/p>\n<p class=\"p1\"><span class=\"s1\">Un altro vantaggio \u00e8 la praticit\u00e0 di stoccaggio. Non dovrai acquistare continuamente nuovo cibo e potrai nutrire i tuoi animali in modo affidabile per un periodo di tempo pi\u00f9 lungo. In questo modo l&#8217;alimentazione \u00e8 semplice e varia allo stesso tempo.  <\/span><\/p>\n<p class=\"p1\"><span class=\"s1\">Con il <\/span><strong><span class=\"s2\">confezione di cibo isopod<\/span><\/strong><span class=\"s1\"> offrirai ai tuoi animali una <\/span><span class=\"s2\">dieta naturale, versatile e bilanciata, perfettamente<\/span><span class=\"s1\">che si adatta perfettamente alle esigenze degli isopodi e degli altri decompositori.<\/span><\/p>\n","protected":false},"excerpt":{"rendered":"<p>Confezione per la conservazione degli alimenti Isopod - naturale, varia e pratica Con il nostro confezione di cibo isopod puoi fornire ai tuoi animali una dieta varia ed equilibrata in modo permanente. Il set combina diversi mangimi da Ingredienti naturali al 100%in modo che le tue cocciniglie abbiano un&#8217;alimentazione varia. Le cocciniglie sono tra i [&hellip;]<\/p>\n","protected":false},"featured_media":183594,"template":"","meta":{"_acf_changed":false},"product-supplier":[],"product_brand":[],"product_cat":[2815],"product_tag":[],"lce-checkout-addons":[],"class_list":{"0":"post-183585","1":"product","2":"type-product","3":"status-publish","4":"has-post-thumbnail","6":"product_cat-cibo-e-calcio","7":"product_shipping_class-equipment-shipping","9":"first","10":"instock","11":"taxable","12":"shipping-taxable","13":"purchasable","14":"product-type-variable"},"acf":[],"yoast_head":"<!-- This site is optimized with the Yoast SEO plugin v27.3 - https:\/\/yoast.com\/product\/yoast-seo-wordpress\/ -->\n<title>Confezione di cibo per la cocciniglia - Insektenliebe<\/title>\n<meta name=\"description\" content=\"Confezione di cibo per isopodi - cibo naturale vario per isopodi. Ingredienti naturali al 100% per una dieta equilibrata.\" \/>\n<meta name=\"robots\" content=\"index, follow, max-snippet:-1, max-image-preview:large, max-video-preview:-1\" \/>\n<link rel=\"canonical\" href=\"https:\/\/insektenliebe.com\/it\/shop\/prodotto\/confezione-di-cibo-per-la-cocciniglia\/\" \/>\n<meta property=\"og:locale\" content=\"it_IT\" \/>\n<meta property=\"og:type\" content=\"article\" \/>\n<meta property=\"og:title\" content=\"Confezione di cibo per la cocciniglia - Insektenliebe\" \/>\n<meta property=\"og:description\" content=\"Confezione di cibo per isopodi - cibo naturale vario per isopodi. Ingredienti naturali al 100% per una dieta equilibrata.\" \/>\n<meta property=\"og:url\" content=\"https:\/\/insektenliebe.com\/it\/shop\/prodotto\/confezione-di-cibo-per-la-cocciniglia\/\" \/>\n<meta property=\"og:site_name\" content=\"Insektenliebe\" \/>\n<meta property=\"article:modified_time\" content=\"2026-03-09T18:03:40+00:00\" \/>\n<meta property=\"og:image\" content=\"https:\/\/insektenliebe.com\/wp-content\/uploads\/2025\/05\/6.-Asselfutter-Gesamt-scaled-3.jpg\" \/>\n\t<meta property=\"og:image:width\" content=\"2560\" \/>\n\t<meta property=\"og:image:height\" content=\"2560\" \/>\n\t<meta property=\"og:image:type\" content=\"image\/jpeg\" \/>\n<meta name=\"twitter:card\" content=\"summary_large_image\" \/>\n<meta name=\"twitter:label1\" content=\"Tempo di lettura stimato\" \/>\n\t<meta name=\"twitter:data1\" content=\"1 minuto\" \/>\n<script type=\"application\/ld+json\" class=\"yoast-schema-graph\">{\"@context\":\"https:\\\/\\\/schema.org\",\"@graph\":[{\"@type\":\"WebPage\",\"@id\":\"https:\\\/\\\/insektenliebe.com\\\/it\\\/shop\\\/prodotto\\\/confezione-di-cibo-per-la-cocciniglia\\\/\",\"url\":\"https:\\\/\\\/insektenliebe.com\\\/it\\\/shop\\\/prodotto\\\/confezione-di-cibo-per-la-cocciniglia\\\/\",\"name\":\"Confezione di cibo per la cocciniglia - Insektenliebe\",\"isPartOf\":{\"@id\":\"https:\\\/\\\/insektenliebe.com\\\/it\\\/#website\"},\"primaryImageOfPage\":{\"@id\":\"https:\\\/\\\/insektenliebe.com\\\/it\\\/shop\\\/prodotto\\\/confezione-di-cibo-per-la-cocciniglia\\\/#primaryimage\"},\"image\":{\"@id\":\"https:\\\/\\\/insektenliebe.com\\\/it\\\/shop\\\/prodotto\\\/confezione-di-cibo-per-la-cocciniglia\\\/#primaryimage\"},\"thumbnailUrl\":\"https:\\\/\\\/insektenliebe.com\\\/wp-content\\\/uploads\\\/2025\\\/05\\\/6.-Asselfutter-Gesamt-scaled-3.jpg\",\"datePublished\":\"2018-08-10T11:34:20+00:00\",\"dateModified\":\"2026-03-09T18:03:40+00:00\",\"description\":\"Confezione di cibo per isopodi - cibo naturale vario per isopodi. Ingredienti naturali al 100% per una dieta equilibrata.\",\"breadcrumb\":{\"@id\":\"https:\\\/\\\/insektenliebe.com\\\/it\\\/shop\\\/prodotto\\\/confezione-di-cibo-per-la-cocciniglia\\\/#breadcrumb\"},\"inLanguage\":\"it-IT\",\"potentialAction\":[{\"@type\":\"ReadAction\",\"target\":[\"https:\\\/\\\/insektenliebe.com\\\/it\\\/shop\\\/prodotto\\\/confezione-di-cibo-per-la-cocciniglia\\\/\"]}]},{\"@type\":\"ImageObject\",\"inLanguage\":\"it-IT\",\"@id\":\"https:\\\/\\\/insektenliebe.com\\\/it\\\/shop\\\/prodotto\\\/confezione-di-cibo-per-la-cocciniglia\\\/#primaryimage\",\"url\":\"https:\\\/\\\/insektenliebe.com\\\/wp-content\\\/uploads\\\/2025\\\/05\\\/6.-Asselfutter-Gesamt-scaled-3.jpg\",\"contentUrl\":\"https:\\\/\\\/insektenliebe.com\\\/wp-content\\\/uploads\\\/2025\\\/05\\\/6.-Asselfutter-Gesamt-scaled-3.jpg\",\"width\":2560,\"height\":2560,\"caption\":\"6.-assel-feed-total-scaled-3.jpg\"},{\"@type\":\"BreadcrumbList\",\"@id\":\"https:\\\/\\\/insektenliebe.com\\\/it\\\/shop\\\/prodotto\\\/confezione-di-cibo-per-la-cocciniglia\\\/#breadcrumb\",\"itemListElement\":[{\"@type\":\"ListItem\",\"position\":1,\"name\":\"Startseite\",\"item\":\"https:\\\/\\\/insektenliebe.com\\\/it\\\/\"},{\"@type\":\"ListItem\",\"position\":2,\"name\":\"Negozio\",\"item\":\"https:\\\/\\\/insektenliebe.com\\\/it\\\/negozio\\\/\"},{\"@type\":\"ListItem\",\"position\":3,\"name\":\"Confezione di cibo per la cocciniglia\"}]},{\"@type\":\"WebSite\",\"@id\":\"https:\\\/\\\/insektenliebe.com\\\/it\\\/#website\",\"url\":\"https:\\\/\\\/insektenliebe.com\\\/it\\\/\",\"name\":\"Insektenliebe\",\"description\":\"Dein Zuhause f\u00fcr die kleinen Lebewesen\",\"publisher\":{\"@id\":\"https:\\\/\\\/insektenliebe.com\\\/it\\\/#organization\"},\"potentialAction\":[{\"@type\":\"SearchAction\",\"target\":{\"@type\":\"EntryPoint\",\"urlTemplate\":\"https:\\\/\\\/insektenliebe.com\\\/it\\\/?s={search_term_string}\"},\"query-input\":{\"@type\":\"PropertyValueSpecification\",\"valueRequired\":true,\"valueName\":\"search_term_string\"}}],\"inLanguage\":\"it-IT\"},{\"@type\":\"Organization\",\"@id\":\"https:\\\/\\\/insektenliebe.com\\\/it\\\/#organization\",\"name\":\"Insektenliebe\",\"url\":\"https:\\\/\\\/insektenliebe.com\\\/it\\\/\",\"logo\":{\"@type\":\"ImageObject\",\"inLanguage\":\"it-IT\",\"@id\":\"https:\\\/\\\/insektenliebe.com\\\/it\\\/#\\\/schema\\\/logo\\\/image\\\/\",\"url\":\"https:\\\/\\\/insektenliebe.com\\\/wp-content\\\/uploads\\\/2025\\\/03\\\/logo-white.png\",\"contentUrl\":\"https:\\\/\\\/insektenliebe.com\\\/wp-content\\\/uploads\\\/2025\\\/03\\\/logo-white.png\",\"width\":288,\"height\":188,\"caption\":\"Insektenliebe\"},\"image\":{\"@id\":\"https:\\\/\\\/insektenliebe.com\\\/it\\\/#\\\/schema\\\/logo\\\/image\\\/\"}}]}<\/script>\n<!-- \/ Yoast SEO plugin. -->","yoast_head_json":{"title":"Confezione di cibo per la cocciniglia - Insektenliebe","description":"Confezione di cibo per isopodi - cibo naturale vario per isopodi. Ingredienti naturali al 100% per una dieta equilibrata.","robots":{"index":"index","follow":"follow","max-snippet":"max-snippet:-1","max-image-preview":"max-image-preview:large","max-video-preview":"max-video-preview:-1"},"canonical":"https:\/\/insektenliebe.com\/it\/shop\/prodotto\/confezione-di-cibo-per-la-cocciniglia\/","og_locale":"it_IT","og_type":"article","og_title":"Confezione di cibo per la cocciniglia - Insektenliebe","og_description":"Confezione di cibo per isopodi - cibo naturale vario per isopodi. Ingredienti naturali al 100% per una dieta equilibrata.","og_url":"https:\/\/insektenliebe.com\/it\/shop\/prodotto\/confezione-di-cibo-per-la-cocciniglia\/","og_site_name":"Insektenliebe","article_modified_time":"2026-03-09T18:03:40+00:00","og_image":[{"width":2560,"height":2560,"url":"https:\/\/insektenliebe.com\/wp-content\/uploads\/2025\/05\/6.-Asselfutter-Gesamt-scaled-3.jpg","type":"image\/jpeg"}],"twitter_card":"summary_large_image","twitter_misc":{"Tempo di lettura stimato":"1 minuto"},"schema":{"@context":"https:\/\/schema.org","@graph":[{"@type":"WebPage","@id":"https:\/\/insektenliebe.com\/it\/shop\/prodotto\/confezione-di-cibo-per-la-cocciniglia\/","url":"https:\/\/insektenliebe.com\/it\/shop\/prodotto\/confezione-di-cibo-per-la-cocciniglia\/","name":"Confezione di cibo per la cocciniglia - Insektenliebe","isPartOf":{"@id":"https:\/\/insektenliebe.com\/it\/#website"},"primaryImageOfPage":{"@id":"https:\/\/insektenliebe.com\/it\/shop\/prodotto\/confezione-di-cibo-per-la-cocciniglia\/#primaryimage"},"image":{"@id":"https:\/\/insektenliebe.com\/it\/shop\/prodotto\/confezione-di-cibo-per-la-cocciniglia\/#primaryimage"},"thumbnailUrl":"https:\/\/insektenliebe.com\/wp-content\/uploads\/2025\/05\/6.-Asselfutter-Gesamt-scaled-3.jpg","datePublished":"2018-08-10T11:34:20+00:00","dateModified":"2026-03-09T18:03:40+00:00","description":"Confezione di cibo per isopodi - cibo naturale vario per isopodi. Ingredienti naturali al 100% per una dieta equilibrata.","breadcrumb":{"@id":"https:\/\/insektenliebe.com\/it\/shop\/prodotto\/confezione-di-cibo-per-la-cocciniglia\/#breadcrumb"},"inLanguage":"it-IT","potentialAction":[{"@type":"ReadAction","target":["https:\/\/insektenliebe.com\/it\/shop\/prodotto\/confezione-di-cibo-per-la-cocciniglia\/"]}]},{"@type":"ImageObject","inLanguage":"it-IT","@id":"https:\/\/insektenliebe.com\/it\/shop\/prodotto\/confezione-di-cibo-per-la-cocciniglia\/#primaryimage","url":"https:\/\/insektenliebe.com\/wp-content\/uploads\/2025\/05\/6.-Asselfutter-Gesamt-scaled-3.jpg","contentUrl":"https:\/\/insektenliebe.com\/wp-content\/uploads\/2025\/05\/6.-Asselfutter-Gesamt-scaled-3.jpg","width":2560,"height":2560,"caption":"6.-assel-feed-total-scaled-3.jpg"},{"@type":"BreadcrumbList","@id":"https:\/\/insektenliebe.com\/it\/shop\/prodotto\/confezione-di-cibo-per-la-cocciniglia\/#breadcrumb","itemListElement":[{"@type":"ListItem","position":1,"name":"Startseite","item":"https:\/\/insektenliebe.com\/it\/"},{"@type":"ListItem","position":2,"name":"Negozio","item":"https:\/\/insektenliebe.com\/it\/negozio\/"},{"@type":"ListItem","position":3,"name":"Confezione di cibo per la cocciniglia"}]},{"@type":"WebSite","@id":"https:\/\/insektenliebe.com\/it\/#website","url":"https:\/\/insektenliebe.com\/it\/","name":"Insektenliebe","description":"Dein Zuhause f\u00fcr die kleinen Lebewesen","publisher":{"@id":"https:\/\/insektenliebe.com\/it\/#organization"},"potentialAction":[{"@type":"SearchAction","target":{"@type":"EntryPoint","urlTemplate":"https:\/\/insektenliebe.com\/it\/?s={search_term_string}"},"query-input":{"@type":"PropertyValueSpecification","valueRequired":true,"valueName":"search_term_string"}}],"inLanguage":"it-IT"},{"@type":"Organization","@id":"https:\/\/insektenliebe.com\/it\/#organization","name":"Insektenliebe","url":"https:\/\/insektenliebe.com\/it\/","logo":{"@type":"ImageObject","inLanguage":"it-IT","@id":"https:\/\/insektenliebe.com\/it\/#\/schema\/logo\/image\/","url":"https:\/\/insektenliebe.com\/wp-content\/uploads\/2025\/03\/logo-white.png","contentUrl":"https:\/\/insektenliebe.com\/wp-content\/uploads\/2025\/03\/logo-white.png","width":288,"height":188,"caption":"Insektenliebe"},"image":{"@id":"https:\/\/insektenliebe.com\/it\/#\/schema\/logo\/image\/"}}]}},"_links":{"self":[{"href":"https:\/\/insektenliebe.com\/it\/wp-json\/wp\/v2\/product\/183585","targetHints":{"allow":["GET"]}}],"collection":[{"href":"https:\/\/insektenliebe.com\/it\/wp-json\/wp\/v2\/product"}],"about":[{"href":"https:\/\/insektenliebe.com\/it\/wp-json\/wp\/v2\/types\/product"}],"wp:featuredmedia":[{"embeddable":true,"href":"https:\/\/insektenliebe.com\/it\/wp-json\/wp\/v2\/media\/183594"}],"wp:attachment":[{"href":"https:\/\/insektenliebe.com\/it\/wp-json\/wp\/v2\/media?parent=183585"}],"wp:term":[{"taxonomy":"product-supplier","embeddable":true,"href":"https:\/\/insektenliebe.com\/it\/wp-json\/wp\/v2\/product-supplier?post=183585"},{"taxonomy":"product_brand","embeddable":true,"href":"https:\/\/insektenliebe.com\/it\/wp-json\/wp\/v2\/product_brand?post=183585"},{"taxonomy":"product_cat","embeddable":true,"href":"https:\/\/insektenliebe.com\/it\/wp-json\/wp\/v2\/product_cat?post=183585"},{"taxonomy":"product_tag","embeddable":true,"href":"https:\/\/insektenliebe.com\/it\/wp-json\/wp\/v2\/product_tag?post=183585"},{"taxonomy":"lce-checkout-addons","embeddable":true,"href":"https:\/\/insektenliebe.com\/it\/wp-json\/wp\/v2\/lce-checkout-addons?post=183585"}],"curies":[{"name":"wp","href":"https:\/\/api.w.org\/{rel}","templated":true}]}}