{"id":183584,"date":"2019-05-20T16:51:55","date_gmt":"2019-05-20T16:51:55","guid":{"rendered":"https:\/\/insektenliebe.com\/shop\/produkt\/polizia-sanitaria\/"},"modified":"2019-05-20T16:51:55","modified_gmt":"2019-05-20T14:51:55","slug":"polizia-sanitaria","status":"publish","type":"product","link":"https:\/\/insektenliebe.com\/it\/shop\/prodotto\/polizia-sanitaria\/","title":{"rendered":"Polizia sanitaria"},"content":{"rendered":"<h3><span style=\"color: #99cc33;\">Breve descrizione Polizia sanitaria:<\/span><\/h3>\n<p>Con la nostra <strong>polizia sanitaria<\/strong>, introduci nel tuo terrario preziosi organismi benefici, che garantiscono un&#8217;igiene impeccabile e forniscono agli abitanti del terrario una base ottimale. Questi piccoli aiutanti si occupano con passione di materiale vegetale morto, resti di animali come i rifiuti della muta, feci, animali morti, funghi e persino muffe. Ti aiutano a prevenire le infestazioni di acari, che possono diventare rapidamente un problema nei terrari, in modo del tutto naturale.  <\/p>\n<p>La <strong>polizia sanitaria<\/strong> conferisce inoltre al tuo terrario un aspetto pi\u00f9 interessante ed estetico. Al posto dell&#8217;antiestetica spazzatura sul pavimento, potrai osservare isopodi attivi e attraenti che si impegnano per mantenere il terrario pulito. Il nostro <strong>Health Police<\/strong> nella scatola di vendita \u00e8 stato progettato appositamente per garantire che gli organismi benefici del tuo terrario si riproducano con successo.  <\/p>\n<p>Un vero vantaggio per il tuo terrario!<\/p>\n<p>Per garantire la <strong>polizia sanitaria<\/strong> perfetta per il tuo terrario individuale, abbiamo suddiviso la nostra gamma in tre diverse zone climatiche. Questo ti permette di selezionare in modo semplice e veloce gli insetti benefici pi\u00f9 adatti alle tue condizioni specifiche. La zona climatica e il relativo livello di umidit\u00e0 nel terrario sono particolarmente importanti nella scelta della <strong>polizia sanitaria<\/strong> giusta. In questo modo, garantiamo a tutti di trovare il set giusto per il proprio terrario e che i piccoli aiutanti possano svolgere il loro lavoro in modo ottimale.   <\/p>\n<p>\u00c8 importante sapere che la <strong>polizia sanitaria<\/strong> \u00e8 straordinariamente adattabile. Se i valori esatti di umidit\u00e0 e temperatura del tuo terrario non corrispondono esattamente alle nostre specifiche, non c&#8217;\u00e8 da preoccuparsi. Pochi gradi di differenza nella temperatura o lievi scostamenti nell&#8217;umidit\u00e0 non sono un problema per questi robusti insetti benefici. Si adattano in modo flessibile alle condizioni del tuo terrario e continuano a svolgere il loro lavoro in modo efficiente e affidabile.   <\/p>\n<p class=\"p1\" style=\"text-align: left;\"><span style=\"font-size: 130%;\"><strong>Clima mediterraneo<\/strong><\/span><\/p>\n<p class=\"p1\" style=\"text-align: left;\">Umidit\u00e0 relativamente secca di circa<br \/>\n60 % e temperature intorno ai 30 \u00b0C.<br \/>\nIn genere, ci sono molte giornate di sole e inverni miti. La Grecia \u00e8 un buon esempio di questa zona climatica. <\/p>\n<p style=\"text-align: left;\"><span style=\"font-size: 130%;\">Composizione<\/span><\/p>\n<p class=\"p1\" style=\"text-align: left;\">In questo caso utilizziamo una combinazione di code di primavera e Porcellio echinatus. Questa combinazione \u00e8 ideale per terrari relativamente asciutti e con una temperatura elevata. <\/p>\n<p class=\"p1\" style=\"text-align: left;\"><strong><span style=\"font-size: 130%;\">Clima temperato<\/span><\/strong><\/p>\n<p class=\"p1\" style=\"text-align: left;\">Questa zona climatica ha un&#8217;umidit\u00e0 media di circa il 75%. Le temperature si aggirano solitamente intorno ai 25\u00b0C. La Francia \u00e8 rappresentativa di questo clima.  <\/p>\n<p class=\"p1\" style=\"text-align: left;\"><span style=\"font-size: 130%;\">Composizione<\/span><\/p>\n<p class=\"p1\" style=\"text-align: left;\">La miscela di code di primavera e Armadillidium nasatum \u00e8 eccellente per l&#8217;equilibrio, l&#8217;umidit\u00e0 moderata e la temperatura moderata.<\/p>\n<p class=\"p1\" style=\"text-align: left;\"><strong><span style=\"font-size: 130%;\">Clima tropicale<\/span><\/strong><\/p>\n<p class=\"p1\" style=\"text-align: left;\">\u00c8 nota per l&#8217;elevata umidit\u00e0, che si aggira intorno al 90%, e per le temperature che oscillano tra i 26 e i 28 \u00b0C. \u00c8 caratterizzato da stagioni piovose e temperature costanti. La Thailandia \u00e8 un esempio di questo clima.  <\/p>\n<p class=\"p1\" style=\"text-align: left;\"><span style=\"font-size: 130%;\">Composizione<\/span><\/p>\n<p class=\"p1\" style=\"text-align: left;\">Per il clima tropicale umido e caldo, utilizziamo la coda di primavera in combinazione con la Cubaris murina. Questa miscela \u00e8 ideale per le condizioni tropicali costanti. <\/p>\n<p>&nbsp;<\/p>\n<h3><span style=\"color: #99cc33;\"><strong>Dosaggio e raccomandazioni:<\/strong><\/span><\/h3>\n<p>La giusta quantit\u00e0 fa la differenza! La quantit\u00e0 di <strong>Health Police<\/strong> necessaria per il tuo terrario dipende molto dalle sue dimensioni. Per assicurarti che il tuo terrario sia ben curato, ti consigliamo un barattolo di <strong>Health Police<\/strong> per una superficie di 30 x 30 cm. Questo garantir\u00e0 una colonizzazione e una distribuzione ottimale dei piccoli aiutanti nel pavimento del tuo terrario.   <\/p>\n","protected":false},"excerpt":{"rendered":"<p>Breve descrizione Polizia sanitaria: Con la nostra polizia sanitaria, introduci nel tuo terrario preziosi organismi benefici, che garantiscono un&#8217;igiene impeccabile e forniscono agli abitanti del terrario una base ottimale. Questi piccoli aiutanti si occupano con passione di materiale vegetale morto, resti di animali come i rifiuti della muta, feci, animali morti, funghi e persino muffe. [&hellip;]<\/p>\n","protected":false},"featured_media":183586,"template":"","meta":{"_acf_changed":false},"product-supplier":[],"product_brand":[],"product_cat":[2829],"product_tag":[],"lce-checkout-addons":[2746],"class_list":{"0":"post-183584","1":"product","2":"type-product","3":"status-publish","4":"has-post-thumbnail","6":"product_cat-altri-invertebrati","7":"product_shipping_class-spedizione-di-animali","8":"lce-checkout-addons-imballaggio-invernale","10":"first","11":"instock","12":"taxable","13":"shipping-taxable","14":"purchasable","15":"product-type-variable"},"acf":[],"yoast_head":"<!-- This site is optimized with the Yoast SEO plugin v27.3 - https:\/\/yoast.com\/product\/yoast-seo-wordpress\/ -->\n<title>Polizia sanitaria - Insektenliebe<\/title>\n<meta name=\"description\" content=\"Acquista online la polizia sanitaria a basso costo. Ognuno pu\u00f2 equipaggiarli individualmente per il proprio terrario con le code a molla e gli isopodi abbinati.\" \/>\n<meta name=\"robots\" content=\"index, follow, max-snippet:-1, max-image-preview:large, max-video-preview:-1\" \/>\n<link rel=\"canonical\" href=\"https:\/\/insektenliebe.com\/it\/shop\/prodotto\/polizia-sanitaria\/\" \/>\n<meta property=\"og:locale\" content=\"it_IT\" \/>\n<meta property=\"og:type\" content=\"article\" \/>\n<meta property=\"og:title\" content=\"Polizia sanitaria - Insektenliebe\" \/>\n<meta property=\"og:description\" content=\"Acquista online la polizia sanitaria a basso costo. Ognuno pu\u00f2 equipaggiarli individualmente per il proprio terrario con le code a molla e gli isopodi abbinati.\" \/>\n<meta property=\"og:url\" content=\"https:\/\/insektenliebe.com\/it\/shop\/prodotto\/polizia-sanitaria\/\" \/>\n<meta property=\"og:site_name\" content=\"Insektenliebe\" \/>\n<meta property=\"og:image\" content=\"https:\/\/insektenliebe.com\/wp-content\/uploads\/2025\/05\/IMG_7385-2-min-2.jpg\" \/>\n\t<meta property=\"og:image:width\" content=\"1366\" \/>\n\t<meta property=\"og:image:height\" content=\"768\" \/>\n\t<meta property=\"og:image:type\" content=\"image\/jpeg\" \/>\n<meta name=\"twitter:card\" content=\"summary_large_image\" \/>\n<meta name=\"twitter:label1\" content=\"Tempo di lettura stimato\" \/>\n\t<meta name=\"twitter:data1\" content=\"3 minuto\" \/>\n<script type=\"application\/ld+json\" class=\"yoast-schema-graph\">{\"@context\":\"https:\\\/\\\/schema.org\",\"@graph\":[{\"@type\":\"WebPage\",\"@id\":\"https:\\\/\\\/insektenliebe.com\\\/it\\\/shop\\\/prodotto\\\/polizia-sanitaria\\\/\",\"url\":\"https:\\\/\\\/insektenliebe.com\\\/it\\\/shop\\\/prodotto\\\/polizia-sanitaria\\\/\",\"name\":\"Polizia sanitaria - Insektenliebe\",\"isPartOf\":{\"@id\":\"https:\\\/\\\/insektenliebe.com\\\/it\\\/#website\"},\"primaryImageOfPage\":{\"@id\":\"https:\\\/\\\/insektenliebe.com\\\/it\\\/shop\\\/prodotto\\\/polizia-sanitaria\\\/#primaryimage\"},\"image\":{\"@id\":\"https:\\\/\\\/insektenliebe.com\\\/it\\\/shop\\\/prodotto\\\/polizia-sanitaria\\\/#primaryimage\"},\"thumbnailUrl\":\"https:\\\/\\\/insektenliebe.com\\\/wp-content\\\/uploads\\\/2025\\\/05\\\/IMG_7385-2-min-2.jpg\",\"datePublished\":\"2019-05-20T16:51:55+00:00\",\"description\":\"Acquista online la polizia sanitaria a basso costo. Ognuno pu\u00f2 equipaggiarli individualmente per il proprio terrario con le code a molla e gli isopodi abbinati.\",\"breadcrumb\":{\"@id\":\"https:\\\/\\\/insektenliebe.com\\\/it\\\/shop\\\/prodotto\\\/polizia-sanitaria\\\/#breadcrumb\"},\"inLanguage\":\"it-IT\",\"potentialAction\":[{\"@type\":\"ReadAction\",\"target\":[\"https:\\\/\\\/insektenliebe.com\\\/it\\\/shop\\\/prodotto\\\/polizia-sanitaria\\\/\"]}]},{\"@type\":\"ImageObject\",\"inLanguage\":\"it-IT\",\"@id\":\"https:\\\/\\\/insektenliebe.com\\\/it\\\/shop\\\/prodotto\\\/polizia-sanitaria\\\/#primaryimage\",\"url\":\"https:\\\/\\\/insektenliebe.com\\\/wp-content\\\/uploads\\\/2025\\\/05\\\/IMG_7385-2-min-2.jpg\",\"contentUrl\":\"https:\\\/\\\/insektenliebe.com\\\/wp-content\\\/uploads\\\/2025\\\/05\\\/IMG_7385-2-min-2.jpg\",\"width\":1366,\"height\":768,\"caption\":\"IMG_7385-2-min-2.jpg\"},{\"@type\":\"BreadcrumbList\",\"@id\":\"https:\\\/\\\/insektenliebe.com\\\/it\\\/shop\\\/prodotto\\\/polizia-sanitaria\\\/#breadcrumb\",\"itemListElement\":[{\"@type\":\"ListItem\",\"position\":1,\"name\":\"Startseite\",\"item\":\"https:\\\/\\\/insektenliebe.com\\\/it\\\/\"},{\"@type\":\"ListItem\",\"position\":2,\"name\":\"Negozio\",\"item\":\"https:\\\/\\\/insektenliebe.com\\\/it\\\/negozio\\\/\"},{\"@type\":\"ListItem\",\"position\":3,\"name\":\"Polizia sanitaria\"}]},{\"@type\":\"WebSite\",\"@id\":\"https:\\\/\\\/insektenliebe.com\\\/it\\\/#website\",\"url\":\"https:\\\/\\\/insektenliebe.com\\\/it\\\/\",\"name\":\"Insektenliebe\",\"description\":\"Dein Zuhause f\u00fcr die kleinen Lebewesen\",\"publisher\":{\"@id\":\"https:\\\/\\\/insektenliebe.com\\\/it\\\/#organization\"},\"potentialAction\":[{\"@type\":\"SearchAction\",\"target\":{\"@type\":\"EntryPoint\",\"urlTemplate\":\"https:\\\/\\\/insektenliebe.com\\\/it\\\/?s={search_term_string}\"},\"query-input\":{\"@type\":\"PropertyValueSpecification\",\"valueRequired\":true,\"valueName\":\"search_term_string\"}}],\"inLanguage\":\"it-IT\"},{\"@type\":\"Organization\",\"@id\":\"https:\\\/\\\/insektenliebe.com\\\/it\\\/#organization\",\"name\":\"Insektenliebe\",\"url\":\"https:\\\/\\\/insektenliebe.com\\\/it\\\/\",\"logo\":{\"@type\":\"ImageObject\",\"inLanguage\":\"it-IT\",\"@id\":\"https:\\\/\\\/insektenliebe.com\\\/it\\\/#\\\/schema\\\/logo\\\/image\\\/\",\"url\":\"https:\\\/\\\/insektenliebe.com\\\/wp-content\\\/uploads\\\/2025\\\/03\\\/logo-white.png\",\"contentUrl\":\"https:\\\/\\\/insektenliebe.com\\\/wp-content\\\/uploads\\\/2025\\\/03\\\/logo-white.png\",\"width\":288,\"height\":188,\"caption\":\"Insektenliebe\"},\"image\":{\"@id\":\"https:\\\/\\\/insektenliebe.com\\\/it\\\/#\\\/schema\\\/logo\\\/image\\\/\"}}]}<\/script>\n<!-- \/ Yoast SEO plugin. -->","yoast_head_json":{"title":"Polizia sanitaria - Insektenliebe","description":"Acquista online la polizia sanitaria a basso costo. Ognuno pu\u00f2 equipaggiarli individualmente per il proprio terrario con le code a molla e gli isopodi abbinati.","robots":{"index":"index","follow":"follow","max-snippet":"max-snippet:-1","max-image-preview":"max-image-preview:large","max-video-preview":"max-video-preview:-1"},"canonical":"https:\/\/insektenliebe.com\/it\/shop\/prodotto\/polizia-sanitaria\/","og_locale":"it_IT","og_type":"article","og_title":"Polizia sanitaria - Insektenliebe","og_description":"Acquista online la polizia sanitaria a basso costo. Ognuno pu\u00f2 equipaggiarli individualmente per il proprio terrario con le code a molla e gli isopodi abbinati.","og_url":"https:\/\/insektenliebe.com\/it\/shop\/prodotto\/polizia-sanitaria\/","og_site_name":"Insektenliebe","og_image":[{"width":1366,"height":768,"url":"https:\/\/insektenliebe.com\/wp-content\/uploads\/2025\/05\/IMG_7385-2-min-2.jpg","type":"image\/jpeg"}],"twitter_card":"summary_large_image","twitter_misc":{"Tempo di lettura stimato":"3 minuto"},"schema":{"@context":"https:\/\/schema.org","@graph":[{"@type":"WebPage","@id":"https:\/\/insektenliebe.com\/it\/shop\/prodotto\/polizia-sanitaria\/","url":"https:\/\/insektenliebe.com\/it\/shop\/prodotto\/polizia-sanitaria\/","name":"Polizia sanitaria - Insektenliebe","isPartOf":{"@id":"https:\/\/insektenliebe.com\/it\/#website"},"primaryImageOfPage":{"@id":"https:\/\/insektenliebe.com\/it\/shop\/prodotto\/polizia-sanitaria\/#primaryimage"},"image":{"@id":"https:\/\/insektenliebe.com\/it\/shop\/prodotto\/polizia-sanitaria\/#primaryimage"},"thumbnailUrl":"https:\/\/insektenliebe.com\/wp-content\/uploads\/2025\/05\/IMG_7385-2-min-2.jpg","datePublished":"2019-05-20T16:51:55+00:00","description":"Acquista online la polizia sanitaria a basso costo. Ognuno pu\u00f2 equipaggiarli individualmente per il proprio terrario con le code a molla e gli isopodi abbinati.","breadcrumb":{"@id":"https:\/\/insektenliebe.com\/it\/shop\/prodotto\/polizia-sanitaria\/#breadcrumb"},"inLanguage":"it-IT","potentialAction":[{"@type":"ReadAction","target":["https:\/\/insektenliebe.com\/it\/shop\/prodotto\/polizia-sanitaria\/"]}]},{"@type":"ImageObject","inLanguage":"it-IT","@id":"https:\/\/insektenliebe.com\/it\/shop\/prodotto\/polizia-sanitaria\/#primaryimage","url":"https:\/\/insektenliebe.com\/wp-content\/uploads\/2025\/05\/IMG_7385-2-min-2.jpg","contentUrl":"https:\/\/insektenliebe.com\/wp-content\/uploads\/2025\/05\/IMG_7385-2-min-2.jpg","width":1366,"height":768,"caption":"IMG_7385-2-min-2.jpg"},{"@type":"BreadcrumbList","@id":"https:\/\/insektenliebe.com\/it\/shop\/prodotto\/polizia-sanitaria\/#breadcrumb","itemListElement":[{"@type":"ListItem","position":1,"name":"Startseite","item":"https:\/\/insektenliebe.com\/it\/"},{"@type":"ListItem","position":2,"name":"Negozio","item":"https:\/\/insektenliebe.com\/it\/negozio\/"},{"@type":"ListItem","position":3,"name":"Polizia sanitaria"}]},{"@type":"WebSite","@id":"https:\/\/insektenliebe.com\/it\/#website","url":"https:\/\/insektenliebe.com\/it\/","name":"Insektenliebe","description":"Dein Zuhause f\u00fcr die kleinen Lebewesen","publisher":{"@id":"https:\/\/insektenliebe.com\/it\/#organization"},"potentialAction":[{"@type":"SearchAction","target":{"@type":"EntryPoint","urlTemplate":"https:\/\/insektenliebe.com\/it\/?s={search_term_string}"},"query-input":{"@type":"PropertyValueSpecification","valueRequired":true,"valueName":"search_term_string"}}],"inLanguage":"it-IT"},{"@type":"Organization","@id":"https:\/\/insektenliebe.com\/it\/#organization","name":"Insektenliebe","url":"https:\/\/insektenliebe.com\/it\/","logo":{"@type":"ImageObject","inLanguage":"it-IT","@id":"https:\/\/insektenliebe.com\/it\/#\/schema\/logo\/image\/","url":"https:\/\/insektenliebe.com\/wp-content\/uploads\/2025\/03\/logo-white.png","contentUrl":"https:\/\/insektenliebe.com\/wp-content\/uploads\/2025\/03\/logo-white.png","width":288,"height":188,"caption":"Insektenliebe"},"image":{"@id":"https:\/\/insektenliebe.com\/it\/#\/schema\/logo\/image\/"}}]}},"_links":{"self":[{"href":"https:\/\/insektenliebe.com\/it\/wp-json\/wp\/v2\/product\/183584","targetHints":{"allow":["GET"]}}],"collection":[{"href":"https:\/\/insektenliebe.com\/it\/wp-json\/wp\/v2\/product"}],"about":[{"href":"https:\/\/insektenliebe.com\/it\/wp-json\/wp\/v2\/types\/product"}],"wp:featuredmedia":[{"embeddable":true,"href":"https:\/\/insektenliebe.com\/it\/wp-json\/wp\/v2\/media\/183586"}],"wp:attachment":[{"href":"https:\/\/insektenliebe.com\/it\/wp-json\/wp\/v2\/media?parent=183584"}],"wp:term":[{"taxonomy":"product-supplier","embeddable":true,"href":"https:\/\/insektenliebe.com\/it\/wp-json\/wp\/v2\/product-supplier?post=183584"},{"taxonomy":"product_brand","embeddable":true,"href":"https:\/\/insektenliebe.com\/it\/wp-json\/wp\/v2\/product_brand?post=183584"},{"taxonomy":"product_cat","embeddable":true,"href":"https:\/\/insektenliebe.com\/it\/wp-json\/wp\/v2\/product_cat?post=183584"},{"taxonomy":"product_tag","embeddable":true,"href":"https:\/\/insektenliebe.com\/it\/wp-json\/wp\/v2\/product_tag?post=183584"},{"taxonomy":"lce-checkout-addons","embeddable":true,"href":"https:\/\/insektenliebe.com\/it\/wp-json\/wp\/v2\/lce-checkout-addons?post=183584"}],"curies":[{"name":"wp","href":"https:\/\/api.w.org\/{rel}","templated":true}]}}