{"id":183578,"date":"2018-10-22T07:16:13","date_gmt":"2018-10-22T07:16:13","guid":{"rendered":"https:\/\/insektenliebe.com\/shop\/produkt\/granulato-di-calce\/"},"modified":"2018-10-22T07:16:13","modified_gmt":"2018-10-22T05:16:13","slug":"granulato-di-calce","status":"publish","type":"product","link":"https:\/\/insektenliebe.com\/it\/shop\/prodotto\/granulato-di-calce\/","title":{"rendered":"Granulato di calce"},"content":{"rendered":"<p>Con i nostri <strong>granuli di calce<\/strong>, ti offriamo un modo semplice ed efficace per fornire ai tuoi isopodi, millepiedi e lumache un ambiente ottimale. Noterai subito che i tuoi animali assorbono la calce dal terreno, perch\u00e9 \u00e8 qui che trovano i minerali di cui hanno bisogno per costruire il loro esoscheletro o il guscio delle lumache. <\/p>\n<p>Il nostro <strong>granulato di calce<\/strong> viene mescolato direttamente nel substrato, creando un ambiente naturale e calcareo. Neutralizza efficacemente l&#8217;acidit\u00e0 del terreno, che a volte pu\u00f2 distruggere interi ceppi di allevamento, e lega i metalli pesanti presenti nel terreno. Questo crea una base ottimale per la crescita e la salute dei tuoi animali.  <\/p>\n<p>Un altro vantaggio del nostro <strong>granulato di calce<\/strong> \u00e8 la sua forma sferica poco polverosa, che ne facilita l&#8217;utilizzo in ambienti interni. Puoi mescolarlo al substrato fin dall&#8217;inizio o applicarlo sulla superficie in un secondo momento. I granuli sono solubili in acqua e penetreranno da soli nel substrato nel corso del tempo per sviluppare il loro effetto positivo.  <\/p>\n<p>I nostri <strong>granuli di calcio<\/strong> sono stati accuratamente sviluppati e adattati alle esigenze degli animali. Forniscono loro un apporto ottimale di calcio e magnesio, essenziali per la loro salute e il loro sviluppo. Con la nostra formula di alta qualit\u00e0, puoi essere sicuro di creare un ambiente ideale per i tuoi isopodi, millepiedi e lumache, in cui si sentano a loro agio e in salute.  <\/p>\n<p>Per far s\u00ec che i tuoi animali beneficino sempre di un ambiente calcareo ottimale, \u00e8 importante rabboccare regolarmente i granuli. La frequenza dei rabbocchi dipende molto dalla densit\u00e0 della popolazione del terrario. Pi\u00f9 isopodi ci sono, pi\u00f9 velocemente si consumeranno i granuli. Come linea guida, consigliamo di aggiungere <strong>granuli di calcio<\/strong> freschi al terrario ogni sei mesi.   <\/p>\n<p>Cura i tuoi animali al meglio e crea un ambiente naturale calcareo con i nostri <strong>granuli di calce<\/strong>. Proteggili dall&#8217;acidit\u00e0 del terreno e permetti loro di crescere in modo sano. Ordina oggi stesso e prova gli effetti positivi dei nostri <strong>granuli di calce<\/strong>. Preparati a osservare la loro attivit\u00e0 e vitalit\u00e0 mentre prosperano nel loro nuovo ambiente.   <\/p>\n<p><strong>Dosaggio:<\/strong><br \/>\n1 unit\u00e0: per 1 litro di substrato<br \/>\n10 unit\u00e0: Per 10 litri di substrato<\/p>\n","protected":false},"excerpt":{"rendered":"<p>Con i nostri granuli di calce, ti offriamo un modo semplice ed efficace per fornire ai tuoi isopodi, millepiedi e lumache un ambiente ottimale. Noterai subito che i tuoi animali assorbono la calce dal terreno, perch\u00e9 \u00e8 qui che trovano i minerali di cui hanno bisogno per costruire il loro esoscheletro o il guscio delle [&hellip;]<\/p>\n","protected":false},"featured_media":183579,"template":"","meta":{"_acf_changed":false},"product-supplier":[],"product_brand":[],"product_cat":[2894],"product_tag":[],"lce-checkout-addons":[],"class_list":{"0":"post-183578","1":"product","2":"type-product","3":"status-publish","4":"has-post-thumbnail","6":"product_cat-substrati-e-muschi","7":"product_shipping_class-equipment-shipping","9":"first","10":"instock","11":"taxable","12":"shipping-taxable","13":"purchasable","14":"product-type-variable"},"acf":[],"yoast_head":"<!-- This site is optimized with the Yoast SEO plugin v27.3 - https:\/\/yoast.com\/product\/yoast-seo-wordpress\/ -->\n<title>Granulato di calce - Insektenliebe<\/title>\n<meta name=\"description\" content=\"Acquista online i granuli di calce a basso costo. Neutralizza l&#039;acidit\u00e0 del terreno, lega i metalli pesanti e fornisce calcio e magnesio agli animali.\" \/>\n<meta name=\"robots\" content=\"index, follow, max-snippet:-1, max-image-preview:large, max-video-preview:-1\" \/>\n<link rel=\"canonical\" href=\"https:\/\/insektenliebe.com\/it\/shop\/prodotto\/granulato-di-calce\/\" \/>\n<meta property=\"og:locale\" content=\"it_IT\" \/>\n<meta property=\"og:type\" content=\"article\" \/>\n<meta property=\"og:title\" content=\"Granulato di calce - Insektenliebe\" \/>\n<meta property=\"og:description\" content=\"Acquista online i granuli di calce a basso costo. Neutralizza l&#039;acidit\u00e0 del terreno, lega i metalli pesanti e fornisce calcio e magnesio agli animali.\" \/>\n<meta property=\"og:url\" content=\"https:\/\/insektenliebe.com\/it\/shop\/prodotto\/granulato-di-calce\/\" \/>\n<meta property=\"og:site_name\" content=\"Insektenliebe\" \/>\n<meta property=\"og:image\" content=\"https:\/\/insektenliebe.com\/wp-content\/uploads\/2025\/05\/Kalkgranulat-1-2.jpg\" \/>\n\t<meta property=\"og:image:width\" content=\"820\" \/>\n\t<meta property=\"og:image:height\" content=\"820\" \/>\n\t<meta property=\"og:image:type\" content=\"image\/jpeg\" \/>\n<meta name=\"twitter:card\" content=\"summary_large_image\" \/>\n<meta name=\"twitter:label1\" content=\"Tempo di lettura stimato\" \/>\n\t<meta name=\"twitter:data1\" content=\"2 minuto\" \/>\n<script type=\"application\/ld+json\" class=\"yoast-schema-graph\">{\"@context\":\"https:\\\/\\\/schema.org\",\"@graph\":[{\"@type\":\"WebPage\",\"@id\":\"https:\\\/\\\/insektenliebe.com\\\/it\\\/shop\\\/prodotto\\\/granulato-di-calce\\\/\",\"url\":\"https:\\\/\\\/insektenliebe.com\\\/it\\\/shop\\\/prodotto\\\/granulato-di-calce\\\/\",\"name\":\"Granulato di calce - Insektenliebe\",\"isPartOf\":{\"@id\":\"https:\\\/\\\/insektenliebe.com\\\/it\\\/#website\"},\"primaryImageOfPage\":{\"@id\":\"https:\\\/\\\/insektenliebe.com\\\/it\\\/shop\\\/prodotto\\\/granulato-di-calce\\\/#primaryimage\"},\"image\":{\"@id\":\"https:\\\/\\\/insektenliebe.com\\\/it\\\/shop\\\/prodotto\\\/granulato-di-calce\\\/#primaryimage\"},\"thumbnailUrl\":\"https:\\\/\\\/insektenliebe.com\\\/wp-content\\\/uploads\\\/2025\\\/05\\\/Kalkgranulat-1-2.jpg\",\"datePublished\":\"2018-10-22T07:16:13+00:00\",\"description\":\"Acquista online i granuli di calce a basso costo. Neutralizza l'acidit\u00e0 del terreno, lega i metalli pesanti e fornisce calcio e magnesio agli animali.\",\"breadcrumb\":{\"@id\":\"https:\\\/\\\/insektenliebe.com\\\/it\\\/shop\\\/prodotto\\\/granulato-di-calce\\\/#breadcrumb\"},\"inLanguage\":\"it-IT\",\"potentialAction\":[{\"@type\":\"ReadAction\",\"target\":[\"https:\\\/\\\/insektenliebe.com\\\/it\\\/shop\\\/prodotto\\\/granulato-di-calce\\\/\"]}]},{\"@type\":\"ImageObject\",\"inLanguage\":\"it-IT\",\"@id\":\"https:\\\/\\\/insektenliebe.com\\\/it\\\/shop\\\/prodotto\\\/granulato-di-calce\\\/#primaryimage\",\"url\":\"https:\\\/\\\/insektenliebe.com\\\/wp-content\\\/uploads\\\/2025\\\/05\\\/Kalkgranulat-1-2.jpg\",\"contentUrl\":\"https:\\\/\\\/insektenliebe.com\\\/wp-content\\\/uploads\\\/2025\\\/05\\\/Kalkgranulat-1-2.jpg\",\"width\":820,\"height\":820,\"caption\":\"Granulato di calce-1-2.jpg\"},{\"@type\":\"BreadcrumbList\",\"@id\":\"https:\\\/\\\/insektenliebe.com\\\/it\\\/shop\\\/prodotto\\\/granulato-di-calce\\\/#breadcrumb\",\"itemListElement\":[{\"@type\":\"ListItem\",\"position\":1,\"name\":\"Startseite\",\"item\":\"https:\\\/\\\/insektenliebe.com\\\/it\\\/\"},{\"@type\":\"ListItem\",\"position\":2,\"name\":\"Negozio\",\"item\":\"https:\\\/\\\/insektenliebe.com\\\/it\\\/negozio\\\/\"},{\"@type\":\"ListItem\",\"position\":3,\"name\":\"Granulato di calce\"}]},{\"@type\":\"WebSite\",\"@id\":\"https:\\\/\\\/insektenliebe.com\\\/it\\\/#website\",\"url\":\"https:\\\/\\\/insektenliebe.com\\\/it\\\/\",\"name\":\"Insektenliebe\",\"description\":\"Dein Zuhause f\u00fcr die kleinen Lebewesen\",\"publisher\":{\"@id\":\"https:\\\/\\\/insektenliebe.com\\\/it\\\/#organization\"},\"potentialAction\":[{\"@type\":\"SearchAction\",\"target\":{\"@type\":\"EntryPoint\",\"urlTemplate\":\"https:\\\/\\\/insektenliebe.com\\\/it\\\/?s={search_term_string}\"},\"query-input\":{\"@type\":\"PropertyValueSpecification\",\"valueRequired\":true,\"valueName\":\"search_term_string\"}}],\"inLanguage\":\"it-IT\"},{\"@type\":\"Organization\",\"@id\":\"https:\\\/\\\/insektenliebe.com\\\/it\\\/#organization\",\"name\":\"Insektenliebe\",\"url\":\"https:\\\/\\\/insektenliebe.com\\\/it\\\/\",\"logo\":{\"@type\":\"ImageObject\",\"inLanguage\":\"it-IT\",\"@id\":\"https:\\\/\\\/insektenliebe.com\\\/it\\\/#\\\/schema\\\/logo\\\/image\\\/\",\"url\":\"https:\\\/\\\/insektenliebe.com\\\/wp-content\\\/uploads\\\/2025\\\/03\\\/logo-white.png\",\"contentUrl\":\"https:\\\/\\\/insektenliebe.com\\\/wp-content\\\/uploads\\\/2025\\\/03\\\/logo-white.png\",\"width\":288,\"height\":188,\"caption\":\"Insektenliebe\"},\"image\":{\"@id\":\"https:\\\/\\\/insektenliebe.com\\\/it\\\/#\\\/schema\\\/logo\\\/image\\\/\"}}]}<\/script>\n<!-- \/ Yoast SEO plugin. -->","yoast_head_json":{"title":"Granulato di calce - Insektenliebe","description":"Acquista online i granuli di calce a basso costo. Neutralizza l'acidit\u00e0 del terreno, lega i metalli pesanti e fornisce calcio e magnesio agli animali.","robots":{"index":"index","follow":"follow","max-snippet":"max-snippet:-1","max-image-preview":"max-image-preview:large","max-video-preview":"max-video-preview:-1"},"canonical":"https:\/\/insektenliebe.com\/it\/shop\/prodotto\/granulato-di-calce\/","og_locale":"it_IT","og_type":"article","og_title":"Granulato di calce - Insektenliebe","og_description":"Acquista online i granuli di calce a basso costo. Neutralizza l'acidit\u00e0 del terreno, lega i metalli pesanti e fornisce calcio e magnesio agli animali.","og_url":"https:\/\/insektenliebe.com\/it\/shop\/prodotto\/granulato-di-calce\/","og_site_name":"Insektenliebe","og_image":[{"width":820,"height":820,"url":"https:\/\/insektenliebe.com\/wp-content\/uploads\/2025\/05\/Kalkgranulat-1-2.jpg","type":"image\/jpeg"}],"twitter_card":"summary_large_image","twitter_misc":{"Tempo di lettura stimato":"2 minuto"},"schema":{"@context":"https:\/\/schema.org","@graph":[{"@type":"WebPage","@id":"https:\/\/insektenliebe.com\/it\/shop\/prodotto\/granulato-di-calce\/","url":"https:\/\/insektenliebe.com\/it\/shop\/prodotto\/granulato-di-calce\/","name":"Granulato di calce - Insektenliebe","isPartOf":{"@id":"https:\/\/insektenliebe.com\/it\/#website"},"primaryImageOfPage":{"@id":"https:\/\/insektenliebe.com\/it\/shop\/prodotto\/granulato-di-calce\/#primaryimage"},"image":{"@id":"https:\/\/insektenliebe.com\/it\/shop\/prodotto\/granulato-di-calce\/#primaryimage"},"thumbnailUrl":"https:\/\/insektenliebe.com\/wp-content\/uploads\/2025\/05\/Kalkgranulat-1-2.jpg","datePublished":"2018-10-22T07:16:13+00:00","description":"Acquista online i granuli di calce a basso costo. Neutralizza l'acidit\u00e0 del terreno, lega i metalli pesanti e fornisce calcio e magnesio agli animali.","breadcrumb":{"@id":"https:\/\/insektenliebe.com\/it\/shop\/prodotto\/granulato-di-calce\/#breadcrumb"},"inLanguage":"it-IT","potentialAction":[{"@type":"ReadAction","target":["https:\/\/insektenliebe.com\/it\/shop\/prodotto\/granulato-di-calce\/"]}]},{"@type":"ImageObject","inLanguage":"it-IT","@id":"https:\/\/insektenliebe.com\/it\/shop\/prodotto\/granulato-di-calce\/#primaryimage","url":"https:\/\/insektenliebe.com\/wp-content\/uploads\/2025\/05\/Kalkgranulat-1-2.jpg","contentUrl":"https:\/\/insektenliebe.com\/wp-content\/uploads\/2025\/05\/Kalkgranulat-1-2.jpg","width":820,"height":820,"caption":"Granulato di calce-1-2.jpg"},{"@type":"BreadcrumbList","@id":"https:\/\/insektenliebe.com\/it\/shop\/prodotto\/granulato-di-calce\/#breadcrumb","itemListElement":[{"@type":"ListItem","position":1,"name":"Startseite","item":"https:\/\/insektenliebe.com\/it\/"},{"@type":"ListItem","position":2,"name":"Negozio","item":"https:\/\/insektenliebe.com\/it\/negozio\/"},{"@type":"ListItem","position":3,"name":"Granulato di calce"}]},{"@type":"WebSite","@id":"https:\/\/insektenliebe.com\/it\/#website","url":"https:\/\/insektenliebe.com\/it\/","name":"Insektenliebe","description":"Dein Zuhause f\u00fcr die kleinen Lebewesen","publisher":{"@id":"https:\/\/insektenliebe.com\/it\/#organization"},"potentialAction":[{"@type":"SearchAction","target":{"@type":"EntryPoint","urlTemplate":"https:\/\/insektenliebe.com\/it\/?s={search_term_string}"},"query-input":{"@type":"PropertyValueSpecification","valueRequired":true,"valueName":"search_term_string"}}],"inLanguage":"it-IT"},{"@type":"Organization","@id":"https:\/\/insektenliebe.com\/it\/#organization","name":"Insektenliebe","url":"https:\/\/insektenliebe.com\/it\/","logo":{"@type":"ImageObject","inLanguage":"it-IT","@id":"https:\/\/insektenliebe.com\/it\/#\/schema\/logo\/image\/","url":"https:\/\/insektenliebe.com\/wp-content\/uploads\/2025\/03\/logo-white.png","contentUrl":"https:\/\/insektenliebe.com\/wp-content\/uploads\/2025\/03\/logo-white.png","width":288,"height":188,"caption":"Insektenliebe"},"image":{"@id":"https:\/\/insektenliebe.com\/it\/#\/schema\/logo\/image\/"}}]}},"_links":{"self":[{"href":"https:\/\/insektenliebe.com\/it\/wp-json\/wp\/v2\/product\/183578","targetHints":{"allow":["GET"]}}],"collection":[{"href":"https:\/\/insektenliebe.com\/it\/wp-json\/wp\/v2\/product"}],"about":[{"href":"https:\/\/insektenliebe.com\/it\/wp-json\/wp\/v2\/types\/product"}],"wp:featuredmedia":[{"embeddable":true,"href":"https:\/\/insektenliebe.com\/it\/wp-json\/wp\/v2\/media\/183579"}],"wp:attachment":[{"href":"https:\/\/insektenliebe.com\/it\/wp-json\/wp\/v2\/media?parent=183578"}],"wp:term":[{"taxonomy":"product-supplier","embeddable":true,"href":"https:\/\/insektenliebe.com\/it\/wp-json\/wp\/v2\/product-supplier?post=183578"},{"taxonomy":"product_brand","embeddable":true,"href":"https:\/\/insektenliebe.com\/it\/wp-json\/wp\/v2\/product_brand?post=183578"},{"taxonomy":"product_cat","embeddable":true,"href":"https:\/\/insektenliebe.com\/it\/wp-json\/wp\/v2\/product_cat?post=183578"},{"taxonomy":"product_tag","embeddable":true,"href":"https:\/\/insektenliebe.com\/it\/wp-json\/wp\/v2\/product_tag?post=183578"},{"taxonomy":"lce-checkout-addons","embeddable":true,"href":"https:\/\/insektenliebe.com\/it\/wp-json\/wp\/v2\/lce-checkout-addons?post=183578"}],"curies":[{"name":"wp","href":"https:\/\/api.w.org\/{rel}","templated":true}]}}