{"id":183572,"date":"2018-10-27T22:54:00","date_gmt":"2018-10-27T20:54:00","guid":{"rendered":"https:\/\/insektenliebe.com\/shop\/produkt\/porcellio-scaber-dalmation\/"},"modified":"2018-10-27T22:54:00","modified_gmt":"2018-10-27T20:54:00","slug":"porcellio-scaber-dalmation","status":"publish","type":"product","link":"https:\/\/insektenliebe.com\/it\/shop\/prodotto\/porcellio-scaber-dalmation\/","title":{"rendered":"Porcellio scaber \"Dalmation\""},"content":{"rendered":"<div class=\"vc_row wpb_row vc_row-fluid prrow\">\n<div class=\"wpb_column vc_column_container vc_col-sm-3\">\n<div class=\"vc_column-inner \">\n<div class=\"wpb_wrapper\">\n<div class=\"wpb_text_column wpb_content_element \">\n<div class=\"wpb_wrapper\">\n<h3 class=\"p1\"><span style=\"color: #99cc33\"><strong><span class=\"s1\">Porcellio scaber Dalmation postura - robusto, visibile, popolare<\/span><\/strong><\/span><\/h3>\n<p class=\"p1\"><strong><span class=\"s1\">Porcellio scaber \"Dalmation\"<\/span><\/strong><span class=\"s2\">  \u00e8 una delle varianti di colore pi\u00f9 popolari di questa specie di isopode robusta ed estremamente adattabile. Gli animali hanno un colore di base chiaro ricoperto da macchie scure, un motivo che richiama immediatamente alla mente il tipico disegno della pelliccia di un dalmata. Poich\u00e9 ogni animale ha una propria distribuzione di macchie, non esistono due individui uguali. \u00c8 proprio questa diversit\u00e0 che rende la specie cos\u00ec affascinante per molti proprietari. Anche piccoli gruppi creano un quadro vivace e vario che conferisce al terrario una dinamica visiva molto particolare.    <\/span><\/p>\n<p class=\"p1\"><span class=\"s2\">Gli animali provengono originariamente dal classico <\/span><span class=\"s1\">Porcellio scaber<\/span><span class=\"s2\">  una delle specie di isopodi pi\u00f9 diffuse al mondo. Questa specie \u00e8 considerata estremamente robusta ed \u00e8 quindi ideale per i principianti.   <strong><span class=\"s1\">Porcellio scaber \"Dalmation\"<\/span><\/strong><\/span><span class=\"s2\">  assume tutte queste caratteristiche positive, ma offre anche un aspetto molto pi\u00f9 attraente. Sono estremamente attivi, si mostrano spesso durante il giorno ed esplorano con curiosit\u00e0 ogni struttura dell&#8217;habitat. Questo li rende ideali per allestimenti bioattivi, terrari piantumati o per gli allevatori che amano osservare i loro isopodi.  <\/span><\/p>\n<p class=\"p1\"><span class=\"s2\">La specie mostra un&#8217;ampia gamma di tolleranze in fatto di mantenimento. Preferisce un&#8217;area principale piuttosto asciutta, ma utilizza una zona umida ben delimitata per la muta e l&#8217;assunzione di acqua. Il terrario deve essere ben ventilato e offrire una struttura sufficiente. Pezzi di sughero, lastre di corteccia e strati di foglie sono facilmente accettati. Il legno bianco marcio e uno strato di terreno sciolto di terra di bosco o humus favoriscono un microclima stabile, che ha un effetto positivo sulla riproduzione. Gli animali si riproducono in modo affidabile, ma non troppo veloce, il che significa che anche le colonie pi\u00f9 piccole sono facili da controllare. La loro dieta \u00e8 varia. Oltre al fogliame e al legno, mangiano anche integratori ricchi di proteine come il cibo per pesci, che favorisce lo sviluppo e la pigmentazione. Un guscio di seppia fornisce il necessario contenuto di calcio nel carapace.        <\/span><\/p>\n<p class=\"p1\"><span class=\"s2\">Particolarmente attraenti: grazie alle loro marcature chiare, gli animali sono facilmente visibili anche nei terrari pi\u00f9 scuri. Il loro aspetto amichevole e l&#8217;allevamento semplice rendono il <strong><span class=\"s1\">Porcellio scaber \"Dalmata\"<\/span><\/strong> <\/span><span class=\"s2\">  una scelta perfetta sia per i principianti che per i collezionisti che desiderano linee colorate nella loro colonia.<\/span><\/p>\n<\/div>\n<\/div>\n<\/div>\n<\/div>\n<\/div>\n<\/div>\n","protected":false},"excerpt":{"rendered":"<p>Una cocciniglia non potrebbe essere pi\u00f9 bella.<\/p>\n","protected":false},"featured_media":183575,"template":"","meta":{"_acf_changed":false},"product-supplier":[],"product_brand":[],"product_cat":[2787,2788],"product_tag":[],"lce-checkout-addons":[2746],"class_list":{"0":"post-183572","1":"product","2":"type-product","3":"status-publish","4":"has-post-thumbnail","6":"product_cat-porcellino-di-legno-porcellio","7":"product_cat-woodlice","8":"product_shipping_class-spedizione-di-animali","9":"pa_einsatz-mostra-gli-animali","10":"pa_haltung-allevamento-singolo","11":"pa_herkunft-cosmopolitan","12":"pa_kontinent-africa","13":"pa_kontinent-asia","14":"pa_kontinent-australia","15":"pa_kontinent-europa","16":"pa_kontinent-nord-america","17":"pa_kontinent-sud-america","18":"lce-checkout-addons-imballaggio-invernale","20":"first","21":"instock","22":"taxable","23":"shipping-taxable","24":"purchasable","25":"product-type-simple"},"acf":[],"yoast_head":"<!-- This site is optimized with the Yoast SEO plugin v27.3 - https:\/\/yoast.com\/product\/yoast-seo-wordpress\/ -->\n<title>Porcellio scaber &quot;Dalmation&quot; - Insektenliebe<\/title>\n<meta name=\"description\" content=\"Acquista online il Porcellio scaber &quot;Dalmation&quot;. Una cocciniglia non potrebbe essere pi\u00f9 bella. Acquista direttamente dall&#039;allevatore!\" \/>\n<meta name=\"robots\" content=\"index, follow, max-snippet:-1, max-image-preview:large, max-video-preview:-1\" \/>\n<link rel=\"canonical\" href=\"https:\/\/insektenliebe.com\/it\/shop\/prodotto\/porcellio-scaber-dalmation\/\" \/>\n<meta property=\"og:locale\" content=\"it_IT\" \/>\n<meta property=\"og:type\" content=\"article\" \/>\n<meta property=\"og:title\" content=\"Porcellio scaber &quot;Dalmation&quot; - Insektenliebe\" \/>\n<meta property=\"og:description\" content=\"Acquista online il Porcellio scaber &quot;Dalmation&quot;. Una cocciniglia non potrebbe essere pi\u00f9 bella. Acquista direttamente dall&#039;allevatore!\" \/>\n<meta property=\"og:url\" content=\"https:\/\/insektenliebe.com\/it\/shop\/prodotto\/porcellio-scaber-dalmation\/\" \/>\n<meta property=\"og:site_name\" content=\"Insektenliebe\" \/>\n<meta property=\"og:image\" content=\"https:\/\/insektenliebe.com\/wp-content\/uploads\/2018\/10\/Porcellio-scaber-22Dalmation22.jpg\" \/>\n\t<meta property=\"og:image:width\" content=\"820\" \/>\n\t<meta property=\"og:image:height\" content=\"820\" \/>\n\t<meta property=\"og:image:type\" content=\"image\/jpeg\" \/>\n<meta name=\"twitter:card\" content=\"summary_large_image\" \/>\n<meta name=\"twitter:label1\" content=\"Tempo di lettura stimato\" \/>\n\t<meta name=\"twitter:data1\" content=\"2 minuto\" \/>\n<script type=\"application\/ld+json\" class=\"yoast-schema-graph\">{\"@context\":\"https:\\\/\\\/schema.org\",\"@graph\":[{\"@type\":\"WebPage\",\"@id\":\"https:\\\/\\\/insektenliebe.com\\\/it\\\/shop\\\/prodotto\\\/porcellio-scaber-dalmation\\\/\",\"url\":\"https:\\\/\\\/insektenliebe.com\\\/it\\\/shop\\\/prodotto\\\/porcellio-scaber-dalmation\\\/\",\"name\":\"Porcellio scaber \\\"Dalmation\\\" - Insektenliebe\",\"isPartOf\":{\"@id\":\"https:\\\/\\\/insektenliebe.com\\\/it\\\/#website\"},\"primaryImageOfPage\":{\"@id\":\"https:\\\/\\\/insektenliebe.com\\\/it\\\/shop\\\/prodotto\\\/porcellio-scaber-dalmation\\\/#primaryimage\"},\"image\":{\"@id\":\"https:\\\/\\\/insektenliebe.com\\\/it\\\/shop\\\/prodotto\\\/porcellio-scaber-dalmation\\\/#primaryimage\"},\"thumbnailUrl\":\"https:\\\/\\\/insektenliebe.com\\\/wp-content\\\/uploads\\\/2018\\\/10\\\/Porcellio-scaber-22Dalmation22.jpg\",\"datePublished\":\"2018-10-27T20:54:00+00:00\",\"description\":\"Acquista online il Porcellio scaber \\\"Dalmation\\\". Una cocciniglia non potrebbe essere pi\u00f9 bella. Acquista direttamente dall'allevatore!\",\"breadcrumb\":{\"@id\":\"https:\\\/\\\/insektenliebe.com\\\/it\\\/shop\\\/prodotto\\\/porcellio-scaber-dalmation\\\/#breadcrumb\"},\"inLanguage\":\"it-IT\",\"potentialAction\":[{\"@type\":\"ReadAction\",\"target\":[\"https:\\\/\\\/insektenliebe.com\\\/it\\\/shop\\\/prodotto\\\/porcellio-scaber-dalmation\\\/\"]}]},{\"@type\":\"ImageObject\",\"inLanguage\":\"it-IT\",\"@id\":\"https:\\\/\\\/insektenliebe.com\\\/it\\\/shop\\\/prodotto\\\/porcellio-scaber-dalmation\\\/#primaryimage\",\"url\":\"https:\\\/\\\/insektenliebe.com\\\/wp-content\\\/uploads\\\/2018\\\/10\\\/Porcellio-scaber-22Dalmation22.jpg\",\"contentUrl\":\"https:\\\/\\\/insektenliebe.com\\\/wp-content\\\/uploads\\\/2018\\\/10\\\/Porcellio-scaber-22Dalmation22.jpg\",\"width\":820,\"height\":820,\"caption\":\"Porcellio scaber \\\"Dalmation\\\"\"},{\"@type\":\"BreadcrumbList\",\"@id\":\"https:\\\/\\\/insektenliebe.com\\\/it\\\/shop\\\/prodotto\\\/porcellio-scaber-dalmation\\\/#breadcrumb\",\"itemListElement\":[{\"@type\":\"ListItem\",\"position\":1,\"name\":\"Startseite\",\"item\":\"https:\\\/\\\/insektenliebe.com\\\/it\\\/\"},{\"@type\":\"ListItem\",\"position\":2,\"name\":\"Negozio\",\"item\":\"https:\\\/\\\/insektenliebe.com\\\/it\\\/negozio\\\/\"},{\"@type\":\"ListItem\",\"position\":3,\"name\":\"Porcellio scaber &#8220;Dalmation&#8221;\"}]},{\"@type\":\"WebSite\",\"@id\":\"https:\\\/\\\/insektenliebe.com\\\/it\\\/#website\",\"url\":\"https:\\\/\\\/insektenliebe.com\\\/it\\\/\",\"name\":\"Insektenliebe\",\"description\":\"Dein Zuhause f\u00fcr die kleinen Lebewesen\",\"publisher\":{\"@id\":\"https:\\\/\\\/insektenliebe.com\\\/it\\\/#organization\"},\"potentialAction\":[{\"@type\":\"SearchAction\",\"target\":{\"@type\":\"EntryPoint\",\"urlTemplate\":\"https:\\\/\\\/insektenliebe.com\\\/it\\\/?s={search_term_string}\"},\"query-input\":{\"@type\":\"PropertyValueSpecification\",\"valueRequired\":true,\"valueName\":\"search_term_string\"}}],\"inLanguage\":\"it-IT\"},{\"@type\":\"Organization\",\"@id\":\"https:\\\/\\\/insektenliebe.com\\\/it\\\/#organization\",\"name\":\"Insektenliebe\",\"url\":\"https:\\\/\\\/insektenliebe.com\\\/it\\\/\",\"logo\":{\"@type\":\"ImageObject\",\"inLanguage\":\"it-IT\",\"@id\":\"https:\\\/\\\/insektenliebe.com\\\/it\\\/#\\\/schema\\\/logo\\\/image\\\/\",\"url\":\"https:\\\/\\\/insektenliebe.com\\\/wp-content\\\/uploads\\\/2025\\\/03\\\/logo-white.png\",\"contentUrl\":\"https:\\\/\\\/insektenliebe.com\\\/wp-content\\\/uploads\\\/2025\\\/03\\\/logo-white.png\",\"width\":288,\"height\":188,\"caption\":\"Insektenliebe\"},\"image\":{\"@id\":\"https:\\\/\\\/insektenliebe.com\\\/it\\\/#\\\/schema\\\/logo\\\/image\\\/\"}}]}<\/script>\n<!-- \/ Yoast SEO plugin. -->","yoast_head_json":{"title":"Porcellio scaber \"Dalmation\" - Insektenliebe","description":"Acquista online il Porcellio scaber \"Dalmation\". Una cocciniglia non potrebbe essere pi\u00f9 bella. Acquista direttamente dall'allevatore!","robots":{"index":"index","follow":"follow","max-snippet":"max-snippet:-1","max-image-preview":"max-image-preview:large","max-video-preview":"max-video-preview:-1"},"canonical":"https:\/\/insektenliebe.com\/it\/shop\/prodotto\/porcellio-scaber-dalmation\/","og_locale":"it_IT","og_type":"article","og_title":"Porcellio scaber \"Dalmation\" - Insektenliebe","og_description":"Acquista online il Porcellio scaber \"Dalmation\". Una cocciniglia non potrebbe essere pi\u00f9 bella. Acquista direttamente dall'allevatore!","og_url":"https:\/\/insektenliebe.com\/it\/shop\/prodotto\/porcellio-scaber-dalmation\/","og_site_name":"Insektenliebe","og_image":[{"width":820,"height":820,"url":"https:\/\/insektenliebe.com\/wp-content\/uploads\/2018\/10\/Porcellio-scaber-22Dalmation22.jpg","type":"image\/jpeg"}],"twitter_card":"summary_large_image","twitter_misc":{"Tempo di lettura stimato":"2 minuto"},"schema":{"@context":"https:\/\/schema.org","@graph":[{"@type":"WebPage","@id":"https:\/\/insektenliebe.com\/it\/shop\/prodotto\/porcellio-scaber-dalmation\/","url":"https:\/\/insektenliebe.com\/it\/shop\/prodotto\/porcellio-scaber-dalmation\/","name":"Porcellio scaber \"Dalmation\" - Insektenliebe","isPartOf":{"@id":"https:\/\/insektenliebe.com\/it\/#website"},"primaryImageOfPage":{"@id":"https:\/\/insektenliebe.com\/it\/shop\/prodotto\/porcellio-scaber-dalmation\/#primaryimage"},"image":{"@id":"https:\/\/insektenliebe.com\/it\/shop\/prodotto\/porcellio-scaber-dalmation\/#primaryimage"},"thumbnailUrl":"https:\/\/insektenliebe.com\/wp-content\/uploads\/2018\/10\/Porcellio-scaber-22Dalmation22.jpg","datePublished":"2018-10-27T20:54:00+00:00","description":"Acquista online il Porcellio scaber \"Dalmation\". Una cocciniglia non potrebbe essere pi\u00f9 bella. Acquista direttamente dall'allevatore!","breadcrumb":{"@id":"https:\/\/insektenliebe.com\/it\/shop\/prodotto\/porcellio-scaber-dalmation\/#breadcrumb"},"inLanguage":"it-IT","potentialAction":[{"@type":"ReadAction","target":["https:\/\/insektenliebe.com\/it\/shop\/prodotto\/porcellio-scaber-dalmation\/"]}]},{"@type":"ImageObject","inLanguage":"it-IT","@id":"https:\/\/insektenliebe.com\/it\/shop\/prodotto\/porcellio-scaber-dalmation\/#primaryimage","url":"https:\/\/insektenliebe.com\/wp-content\/uploads\/2018\/10\/Porcellio-scaber-22Dalmation22.jpg","contentUrl":"https:\/\/insektenliebe.com\/wp-content\/uploads\/2018\/10\/Porcellio-scaber-22Dalmation22.jpg","width":820,"height":820,"caption":"Porcellio scaber \"Dalmation\""},{"@type":"BreadcrumbList","@id":"https:\/\/insektenliebe.com\/it\/shop\/prodotto\/porcellio-scaber-dalmation\/#breadcrumb","itemListElement":[{"@type":"ListItem","position":1,"name":"Startseite","item":"https:\/\/insektenliebe.com\/it\/"},{"@type":"ListItem","position":2,"name":"Negozio","item":"https:\/\/insektenliebe.com\/it\/negozio\/"},{"@type":"ListItem","position":3,"name":"Porcellio scaber &#8220;Dalmation&#8221;"}]},{"@type":"WebSite","@id":"https:\/\/insektenliebe.com\/it\/#website","url":"https:\/\/insektenliebe.com\/it\/","name":"Insektenliebe","description":"Dein Zuhause f\u00fcr die kleinen Lebewesen","publisher":{"@id":"https:\/\/insektenliebe.com\/it\/#organization"},"potentialAction":[{"@type":"SearchAction","target":{"@type":"EntryPoint","urlTemplate":"https:\/\/insektenliebe.com\/it\/?s={search_term_string}"},"query-input":{"@type":"PropertyValueSpecification","valueRequired":true,"valueName":"search_term_string"}}],"inLanguage":"it-IT"},{"@type":"Organization","@id":"https:\/\/insektenliebe.com\/it\/#organization","name":"Insektenliebe","url":"https:\/\/insektenliebe.com\/it\/","logo":{"@type":"ImageObject","inLanguage":"it-IT","@id":"https:\/\/insektenliebe.com\/it\/#\/schema\/logo\/image\/","url":"https:\/\/insektenliebe.com\/wp-content\/uploads\/2025\/03\/logo-white.png","contentUrl":"https:\/\/insektenliebe.com\/wp-content\/uploads\/2025\/03\/logo-white.png","width":288,"height":188,"caption":"Insektenliebe"},"image":{"@id":"https:\/\/insektenliebe.com\/it\/#\/schema\/logo\/image\/"}}]}},"_links":{"self":[{"href":"https:\/\/insektenliebe.com\/it\/wp-json\/wp\/v2\/product\/183572","targetHints":{"allow":["GET"]}}],"collection":[{"href":"https:\/\/insektenliebe.com\/it\/wp-json\/wp\/v2\/product"}],"about":[{"href":"https:\/\/insektenliebe.com\/it\/wp-json\/wp\/v2\/types\/product"}],"wp:featuredmedia":[{"embeddable":true,"href":"https:\/\/insektenliebe.com\/it\/wp-json\/wp\/v2\/media\/183575"}],"wp:attachment":[{"href":"https:\/\/insektenliebe.com\/it\/wp-json\/wp\/v2\/media?parent=183572"}],"wp:term":[{"taxonomy":"product-supplier","embeddable":true,"href":"https:\/\/insektenliebe.com\/it\/wp-json\/wp\/v2\/product-supplier?post=183572"},{"taxonomy":"product_brand","embeddable":true,"href":"https:\/\/insektenliebe.com\/it\/wp-json\/wp\/v2\/product_brand?post=183572"},{"taxonomy":"product_cat","embeddable":true,"href":"https:\/\/insektenliebe.com\/it\/wp-json\/wp\/v2\/product_cat?post=183572"},{"taxonomy":"product_tag","embeddable":true,"href":"https:\/\/insektenliebe.com\/it\/wp-json\/wp\/v2\/product_tag?post=183572"},{"taxonomy":"lce-checkout-addons","embeddable":true,"href":"https:\/\/insektenliebe.com\/it\/wp-json\/wp\/v2\/lce-checkout-addons?post=183572"}],"curies":[{"name":"wp","href":"https:\/\/api.w.org\/{rel}","templated":true}]}}