{"id":183559,"date":"2018-09-23T13:43:00","date_gmt":"2018-09-23T11:43:00","guid":{"rendered":"https:\/\/insektenliebe.com\/shop\/produkt\/spirostreptus-spec-1-tanzania\/"},"modified":"2018-09-23T13:43:00","modified_gmt":"2018-09-23T11:43:00","slug":"spirostreptus-spec-1-tanzania","status":"publish","type":"product","link":"https:\/\/insektenliebe.com\/it\/shop\/prodotto\/spirostreptus-spec-1-tanzania\/","title":{"rendered":"Spirostreptus spec. 1 \"Tanzania"},"content":{"rendered":"<h3><span style=\"color: #99cc33;\">Breve descrizione:<\/span><\/h3>\n<p class=\"font_8\">Lo Spirostreptus spec. 1 \u00e8 probabilmente la specie di millepiedi pi\u00f9 comunemente allevata in Germania, anche grazie alla facilit\u00e0 di riproduzione e alla semplicit\u00e0 di mantenimento. Si possono avere facilmente pi\u00f9 di 150 piccoli per frizione. Lo Spirostreptus spec. 1 \u00e8 molto frugale ed \u00e8 la specie per eccellenza per i principianti. Pu\u00f2 vivere fino a 5 anni e raggiunge la maturit\u00e0 sessuale a circa 2-3 anni di et\u00e0.     <\/p>\n<p class=\"font_8\">Questa specie \u00e8 a strisce arancioni e verdi. Ha un corpo snello. Il collum (scudo della testa) \u00e8 di colore arancione. Anche le antenne e le zampe dello Spirostreptus spec. 1 sono di colore arancione. Nei maschi, il settimo segmento \u00e8 fortemente ispessito.     <\/p>\n<p>Una vasca per lo Spirostreptus spec. 1 deve avere una superficie minima di 40 cm x 40 cm e deve essere alta almeno 40 cm. Il substrato deve essere allestito con una lettiera alta 10 cm, meglio se pi\u00f9 alta. Gli animali sono prevalentemente crepuscolari e notturni, per cui non \u00e8 necessaria un&#8217;illuminazione supplementare. Questa specie \u00e8 considerata molto frugale, ma si dovrebbe puntare a una temperatura di 21\u00b0C-26\u00b0C e a un&#8217;umidit\u00e0 del 60-80%. Come per le altre specie, la temperatura deve essere introdotta nel terrario dall&#8217;alto. Per mantenere l&#8217;umidit\u00e0 nel substrato, \u00e8 consigliabile coprirlo con foglie, pezzi di corteccia o muschio. I rami rampicanti non devono mancare nella vasca. Il materiale organico contenuto nel substrato viene utilizzato principalmente come cibo, ma anche altri alimenti come verdure, frutta e cibo per millepiedi vengono accettati volentieri. Da adulti, spesso rimangono in superficie durante il giorno e sono facili da osservare.         <\/p>\n<div style=\"width: 1920px;\" class=\"wp-video\"><video class=\"wp-video-shortcode\" id=\"video-183559-1\" width=\"1920\" height=\"1080\" preload=\"metadata\" controls=\"controls\"><source type=\"video\/mp4\" src=\"https:\/\/insektenliebe.com\/wp-content\/uploads\/2018\/09\/Spyrostreptus.spec1_.Produktvideo.mp4?_=1\" \/><a href=\"https:\/\/insektenliebe.com\/wp-content\/uploads\/2018\/09\/Spyrostreptus.spec1_.Produktvideo.mp4\">https:\/\/insektenliebe.com\/wp-content\/uploads\/2018\/09\/Spyrostreptus.spec1_.Produktvideo.mp4<\/a><\/video><\/div>\n","protected":false},"excerpt":{"rendered":"<p>Un millepiedi molto facile da tenere e dall&#8217;aspetto impressionante.<\/p>\n","protected":false},"featured_media":183568,"template":"","meta":{"_acf_changed":false},"product-supplier":[],"product_brand":[],"product_cat":[2870],"product_tag":[],"lce-checkout-addons":[2746],"class_list":{"0":"post-183559","1":"product","2":"type-product","3":"status-publish","4":"has-post-thumbnail","6":"product_cat-millipede","7":"product_shipping_class-spedizione-di-animali","8":"pa_herkunft-tanzania","9":"pa_kontinent-africa","10":"lce-checkout-addons-imballaggio-invernale","12":"first","13":"instock","14":"taxable","15":"shipping-taxable","16":"purchasable","17":"product-type-simple"},"acf":[],"yoast_head":"<!-- This site is optimized with the Yoast SEO plugin v27.3 - https:\/\/yoast.com\/product\/yoast-seo-wordpress\/ -->\n<title>Spirostreptus spec. 1 &quot;Tanzania - Insektenliebe<\/title>\n<meta name=\"description\" content=\"Acquista online lo Spirostreptus spec. 1. Un millepiedi molto facile da allevare e dall&#039;aspetto imponente. Spirostreptus spec. 1 direttamente dall&#039;allevatore!\" \/>\n<meta name=\"robots\" content=\"index, follow, max-snippet:-1, max-image-preview:large, max-video-preview:-1\" \/>\n<link rel=\"canonical\" href=\"https:\/\/insektenliebe.com\/it\/shop\/prodotto\/spirostreptus-spec-1-tanzania\/\" \/>\n<meta property=\"og:locale\" content=\"it_IT\" \/>\n<meta property=\"og:type\" content=\"article\" \/>\n<meta property=\"og:title\" content=\"Spirostreptus spec. 1 &quot;Tanzania - Insektenliebe\" \/>\n<meta property=\"og:description\" content=\"Acquista online lo Spirostreptus spec. 1. Un millepiedi molto facile da allevare e dall&#039;aspetto imponente. Spirostreptus spec. 1 direttamente dall&#039;allevatore!\" \/>\n<meta property=\"og:url\" content=\"https:\/\/insektenliebe.com\/it\/shop\/prodotto\/spirostreptus-spec-1-tanzania\/\" \/>\n<meta property=\"og:site_name\" content=\"Insektenliebe\" \/>\n<meta property=\"og:image\" content=\"https:\/\/insektenliebe.com\/wp-content\/uploads\/2018\/09\/Spirostreptus-spec.-1-22Tansania22.jpg\" \/>\n\t<meta property=\"og:image:width\" content=\"820\" \/>\n\t<meta property=\"og:image:height\" content=\"820\" \/>\n\t<meta property=\"og:image:type\" content=\"image\/jpeg\" \/>\n<meta name=\"twitter:card\" content=\"summary_large_image\" \/>\n<meta name=\"twitter:label1\" content=\"Tempo di lettura stimato\" \/>\n\t<meta name=\"twitter:data1\" content=\"1 minuto\" \/>\n<script type=\"application\/ld+json\" class=\"yoast-schema-graph\">{\"@context\":\"https:\\\/\\\/schema.org\",\"@graph\":[{\"@type\":\"WebPage\",\"@id\":\"https:\\\/\\\/insektenliebe.com\\\/it\\\/shop\\\/prodotto\\\/spirostreptus-spec-1-tanzania\\\/\",\"url\":\"https:\\\/\\\/insektenliebe.com\\\/it\\\/shop\\\/prodotto\\\/spirostreptus-spec-1-tanzania\\\/\",\"name\":\"Spirostreptus spec. 1 \\\"Tanzania - Insektenliebe\",\"isPartOf\":{\"@id\":\"https:\\\/\\\/insektenliebe.com\\\/it\\\/#website\"},\"primaryImageOfPage\":{\"@id\":\"https:\\\/\\\/insektenliebe.com\\\/it\\\/shop\\\/prodotto\\\/spirostreptus-spec-1-tanzania\\\/#primaryimage\"},\"image\":{\"@id\":\"https:\\\/\\\/insektenliebe.com\\\/it\\\/shop\\\/prodotto\\\/spirostreptus-spec-1-tanzania\\\/#primaryimage\"},\"thumbnailUrl\":\"https:\\\/\\\/insektenliebe.com\\\/wp-content\\\/uploads\\\/2018\\\/09\\\/Spirostreptus-spec.-1-22Tansania22.jpg\",\"datePublished\":\"2018-09-23T11:43:00+00:00\",\"description\":\"Acquista online lo Spirostreptus spec. 1. Un millepiedi molto facile da allevare e dall'aspetto imponente. Spirostreptus spec. 1 direttamente dall'allevatore!\",\"breadcrumb\":{\"@id\":\"https:\\\/\\\/insektenliebe.com\\\/it\\\/shop\\\/prodotto\\\/spirostreptus-spec-1-tanzania\\\/#breadcrumb\"},\"inLanguage\":\"it-IT\",\"potentialAction\":[{\"@type\":\"ReadAction\",\"target\":[\"https:\\\/\\\/insektenliebe.com\\\/it\\\/shop\\\/prodotto\\\/spirostreptus-spec-1-tanzania\\\/\"]}]},{\"@type\":\"ImageObject\",\"inLanguage\":\"it-IT\",\"@id\":\"https:\\\/\\\/insektenliebe.com\\\/it\\\/shop\\\/prodotto\\\/spirostreptus-spec-1-tanzania\\\/#primaryimage\",\"url\":\"https:\\\/\\\/insektenliebe.com\\\/wp-content\\\/uploads\\\/2018\\\/09\\\/Spirostreptus-spec.-1-22Tansania22.jpg\",\"contentUrl\":\"https:\\\/\\\/insektenliebe.com\\\/wp-content\\\/uploads\\\/2018\\\/09\\\/Spirostreptus-spec.-1-22Tansania22.jpg\",\"width\":820,\"height\":820,\"caption\":\"Spirostreptus spec. 1 \\\"Tanzania\"},{\"@type\":\"BreadcrumbList\",\"@id\":\"https:\\\/\\\/insektenliebe.com\\\/it\\\/shop\\\/prodotto\\\/spirostreptus-spec-1-tanzania\\\/#breadcrumb\",\"itemListElement\":[{\"@type\":\"ListItem\",\"position\":1,\"name\":\"Startseite\",\"item\":\"https:\\\/\\\/insektenliebe.com\\\/it\\\/\"},{\"@type\":\"ListItem\",\"position\":2,\"name\":\"Negozio\",\"item\":\"https:\\\/\\\/insektenliebe.com\\\/it\\\/negozio\\\/\"},{\"@type\":\"ListItem\",\"position\":3,\"name\":\"Spirostreptus spec. 1 &#8220;Tanzania\"}]},{\"@type\":\"WebSite\",\"@id\":\"https:\\\/\\\/insektenliebe.com\\\/it\\\/#website\",\"url\":\"https:\\\/\\\/insektenliebe.com\\\/it\\\/\",\"name\":\"Insektenliebe\",\"description\":\"Dein Zuhause f\u00fcr die kleinen Lebewesen\",\"publisher\":{\"@id\":\"https:\\\/\\\/insektenliebe.com\\\/it\\\/#organization\"},\"potentialAction\":[{\"@type\":\"SearchAction\",\"target\":{\"@type\":\"EntryPoint\",\"urlTemplate\":\"https:\\\/\\\/insektenliebe.com\\\/it\\\/?s={search_term_string}\"},\"query-input\":{\"@type\":\"PropertyValueSpecification\",\"valueRequired\":true,\"valueName\":\"search_term_string\"}}],\"inLanguage\":\"it-IT\"},{\"@type\":\"Organization\",\"@id\":\"https:\\\/\\\/insektenliebe.com\\\/it\\\/#organization\",\"name\":\"Insektenliebe\",\"url\":\"https:\\\/\\\/insektenliebe.com\\\/it\\\/\",\"logo\":{\"@type\":\"ImageObject\",\"inLanguage\":\"it-IT\",\"@id\":\"https:\\\/\\\/insektenliebe.com\\\/it\\\/#\\\/schema\\\/logo\\\/image\\\/\",\"url\":\"https:\\\/\\\/insektenliebe.com\\\/wp-content\\\/uploads\\\/2025\\\/03\\\/logo-white.png\",\"contentUrl\":\"https:\\\/\\\/insektenliebe.com\\\/wp-content\\\/uploads\\\/2025\\\/03\\\/logo-white.png\",\"width\":288,\"height\":188,\"caption\":\"Insektenliebe\"},\"image\":{\"@id\":\"https:\\\/\\\/insektenliebe.com\\\/it\\\/#\\\/schema\\\/logo\\\/image\\\/\"}}]}<\/script>\n<!-- \/ Yoast SEO plugin. -->","yoast_head_json":{"title":"Spirostreptus spec. 1 \"Tanzania - Insektenliebe","description":"Acquista online lo Spirostreptus spec. 1. Un millepiedi molto facile da allevare e dall'aspetto imponente. Spirostreptus spec. 1 direttamente dall'allevatore!","robots":{"index":"index","follow":"follow","max-snippet":"max-snippet:-1","max-image-preview":"max-image-preview:large","max-video-preview":"max-video-preview:-1"},"canonical":"https:\/\/insektenliebe.com\/it\/shop\/prodotto\/spirostreptus-spec-1-tanzania\/","og_locale":"it_IT","og_type":"article","og_title":"Spirostreptus spec. 1 \"Tanzania - Insektenliebe","og_description":"Acquista online lo Spirostreptus spec. 1. Un millepiedi molto facile da allevare e dall'aspetto imponente. Spirostreptus spec. 1 direttamente dall'allevatore!","og_url":"https:\/\/insektenliebe.com\/it\/shop\/prodotto\/spirostreptus-spec-1-tanzania\/","og_site_name":"Insektenliebe","og_image":[{"width":820,"height":820,"url":"https:\/\/insektenliebe.com\/wp-content\/uploads\/2018\/09\/Spirostreptus-spec.-1-22Tansania22.jpg","type":"image\/jpeg"}],"twitter_card":"summary_large_image","twitter_misc":{"Tempo di lettura stimato":"1 minuto"},"schema":{"@context":"https:\/\/schema.org","@graph":[{"@type":"WebPage","@id":"https:\/\/insektenliebe.com\/it\/shop\/prodotto\/spirostreptus-spec-1-tanzania\/","url":"https:\/\/insektenliebe.com\/it\/shop\/prodotto\/spirostreptus-spec-1-tanzania\/","name":"Spirostreptus spec. 1 \"Tanzania - Insektenliebe","isPartOf":{"@id":"https:\/\/insektenliebe.com\/it\/#website"},"primaryImageOfPage":{"@id":"https:\/\/insektenliebe.com\/it\/shop\/prodotto\/spirostreptus-spec-1-tanzania\/#primaryimage"},"image":{"@id":"https:\/\/insektenliebe.com\/it\/shop\/prodotto\/spirostreptus-spec-1-tanzania\/#primaryimage"},"thumbnailUrl":"https:\/\/insektenliebe.com\/wp-content\/uploads\/2018\/09\/Spirostreptus-spec.-1-22Tansania22.jpg","datePublished":"2018-09-23T11:43:00+00:00","description":"Acquista online lo Spirostreptus spec. 1. Un millepiedi molto facile da allevare e dall'aspetto imponente. Spirostreptus spec. 1 direttamente dall'allevatore!","breadcrumb":{"@id":"https:\/\/insektenliebe.com\/it\/shop\/prodotto\/spirostreptus-spec-1-tanzania\/#breadcrumb"},"inLanguage":"it-IT","potentialAction":[{"@type":"ReadAction","target":["https:\/\/insektenliebe.com\/it\/shop\/prodotto\/spirostreptus-spec-1-tanzania\/"]}]},{"@type":"ImageObject","inLanguage":"it-IT","@id":"https:\/\/insektenliebe.com\/it\/shop\/prodotto\/spirostreptus-spec-1-tanzania\/#primaryimage","url":"https:\/\/insektenliebe.com\/wp-content\/uploads\/2018\/09\/Spirostreptus-spec.-1-22Tansania22.jpg","contentUrl":"https:\/\/insektenliebe.com\/wp-content\/uploads\/2018\/09\/Spirostreptus-spec.-1-22Tansania22.jpg","width":820,"height":820,"caption":"Spirostreptus spec. 1 \"Tanzania"},{"@type":"BreadcrumbList","@id":"https:\/\/insektenliebe.com\/it\/shop\/prodotto\/spirostreptus-spec-1-tanzania\/#breadcrumb","itemListElement":[{"@type":"ListItem","position":1,"name":"Startseite","item":"https:\/\/insektenliebe.com\/it\/"},{"@type":"ListItem","position":2,"name":"Negozio","item":"https:\/\/insektenliebe.com\/it\/negozio\/"},{"@type":"ListItem","position":3,"name":"Spirostreptus spec. 1 &#8220;Tanzania"}]},{"@type":"WebSite","@id":"https:\/\/insektenliebe.com\/it\/#website","url":"https:\/\/insektenliebe.com\/it\/","name":"Insektenliebe","description":"Dein Zuhause f\u00fcr die kleinen Lebewesen","publisher":{"@id":"https:\/\/insektenliebe.com\/it\/#organization"},"potentialAction":[{"@type":"SearchAction","target":{"@type":"EntryPoint","urlTemplate":"https:\/\/insektenliebe.com\/it\/?s={search_term_string}"},"query-input":{"@type":"PropertyValueSpecification","valueRequired":true,"valueName":"search_term_string"}}],"inLanguage":"it-IT"},{"@type":"Organization","@id":"https:\/\/insektenliebe.com\/it\/#organization","name":"Insektenliebe","url":"https:\/\/insektenliebe.com\/it\/","logo":{"@type":"ImageObject","inLanguage":"it-IT","@id":"https:\/\/insektenliebe.com\/it\/#\/schema\/logo\/image\/","url":"https:\/\/insektenliebe.com\/wp-content\/uploads\/2025\/03\/logo-white.png","contentUrl":"https:\/\/insektenliebe.com\/wp-content\/uploads\/2025\/03\/logo-white.png","width":288,"height":188,"caption":"Insektenliebe"},"image":{"@id":"https:\/\/insektenliebe.com\/it\/#\/schema\/logo\/image\/"}}]}},"_links":{"self":[{"href":"https:\/\/insektenliebe.com\/it\/wp-json\/wp\/v2\/product\/183559","targetHints":{"allow":["GET"]}}],"collection":[{"href":"https:\/\/insektenliebe.com\/it\/wp-json\/wp\/v2\/product"}],"about":[{"href":"https:\/\/insektenliebe.com\/it\/wp-json\/wp\/v2\/types\/product"}],"wp:featuredmedia":[{"embeddable":true,"href":"https:\/\/insektenliebe.com\/it\/wp-json\/wp\/v2\/media\/183568"}],"wp:attachment":[{"href":"https:\/\/insektenliebe.com\/it\/wp-json\/wp\/v2\/media?parent=183559"}],"wp:term":[{"taxonomy":"product-supplier","embeddable":true,"href":"https:\/\/insektenliebe.com\/it\/wp-json\/wp\/v2\/product-supplier?post=183559"},{"taxonomy":"product_brand","embeddable":true,"href":"https:\/\/insektenliebe.com\/it\/wp-json\/wp\/v2\/product_brand?post=183559"},{"taxonomy":"product_cat","embeddable":true,"href":"https:\/\/insektenliebe.com\/it\/wp-json\/wp\/v2\/product_cat?post=183559"},{"taxonomy":"product_tag","embeddable":true,"href":"https:\/\/insektenliebe.com\/it\/wp-json\/wp\/v2\/product_tag?post=183559"},{"taxonomy":"lce-checkout-addons","embeddable":true,"href":"https:\/\/insektenliebe.com\/it\/wp-json\/wp\/v2\/lce-checkout-addons?post=183559"}],"curies":[{"name":"wp","href":"https:\/\/api.w.org\/{rel}","templated":true}]}}