{"id":183558,"date":"2018-11-05T13:26:01","date_gmt":"2018-11-05T13:26:01","guid":{"rendered":"https:\/\/insektenliebe.com\/shop\/produkt\/cibo-per-la-coda-a-molla\/"},"modified":"2026-03-09T18:59:52","modified_gmt":"2026-03-09T17:59:52","slug":"cibo-per-la-coda-a-molla","status":"publish","type":"product","link":"https:\/\/insektenliebe.com\/it\/shop\/prodotto\/cibo-per-la-coda-a-molla\/","title":{"rendered":"Cibo per la coda a molla"},"content":{"rendered":"<h3><span class=\"s1\" style=\"color: #99cc33;\">Mangime Springtail - Mangime completo naturale per Collembola<\/span><\/h3>\n<p class=\"p1\"><span class=\"s1\">Il nostro <\/span><strong><span class=\"s2\">cibo per la coda di primavera<\/span><\/strong><span class=\"s1\"> \u00e8 un alimento completo completamente naturale per tutte le <\/span><span class=\"s2\">code di primavera (Collembola)<\/span><span class=\"s1\">. La miscela bilanciata fornisce importanti  <\/span><span class=\"s2\">carboidrati, oligoelementi, vitamine e proteine<\/span><span class=\"s1\">che sono particolarmente importanti per la crescita, la riproduzione e una coltura stabile.<\/span><\/p>\n<p class=\"p1\"><span class=\"s1\">Le code di primavera sono tra gli aiutanti pi\u00f9 importanti dei terrari bioattivi. Decompongono il materiale organico, utilizzano i residui di cibo e aiutano a ridurre la formazione di muffe. Tuttavia, affinch\u00e9 una coltura si sviluppi bene a lungo termine, gli animali hanno bisogno di una    <\/span><span class=\"s2\">Fonte di cibo costante e facilmente utilizzabile<\/span><span class=\"s1\">.<\/span><\/p>\n<p class=\"p1\"><span class=\"s1\">Per questo motivo, abbiamo sviluppato il nostro <strong>mangime per le code di primavera<\/strong> in forma di <\/span><span class=\"s2\">polvere finemente macinata<\/span><span class=\"s1\">  sviluppato. La struttura fine rende molto pi\u00f9 facile il consumo da parte degli animali, tanto che anche le piccole code a molla possono utilizzare il cibo senza problemi. <\/span><\/p>\n<p class=\"p1\"><span class=\"s1\">La ricetta si basa su <\/span><span class=\"s2\">molti anni di esperienza di allevamento<\/span><span class=\"s1\">. Abbiamo utilizzato questa miscela con successo nel nostro allevamento di springtail per molti anni e l&#8217;abbiamo ottimizzata sempre di pi\u00f9 nel corso del tempo.<\/span><\/p>\n<p class=\"p1\"><span class=\"s1\">Un altro vantaggio \u00e8 rappresentato dall&#8217;utilizzo <\/span><span class=\"s2\">l&#8217;utilizzo pulito<\/span><span class=\"s1\">  del mangime. Con il giusto dosaggio, non rimane quasi nulla, il che riduce significativamente il rischio di formazione di muffe. <\/span><\/p>\n<p class=\"p1\"><span class=\"s1\">L&#8217;applicazione \u00e8 particolarmente semplice. Spruzza   <\/span><span class=\"s2\">una piccola quantit\u00e0 due volte a settimana<\/span><span class=\"s1\">  sul carbone o direttamente sul substrato. \u00c8 meglio iniziare con un dosaggio molto basso, pi\u00f9 o meno come se dovessi aggiungere un po&#8217; di sale a un piatto. Puoi poi aumentare lentamente la quantit\u00e0 fino a quando non avrai trovato la quantit\u00e0 di cibo ottimale per la tua coltura.  <\/span><\/p>\n<p class=\"p1\"><span class=\"s1\">Con il nostro <\/span><strong><span class=\"s2\">mangime per coda a molla<\/span><\/strong><span class=\"s1\"> fornisci in modo affidabile ai tuoi Collembola importanti sostanze nutritive e, allo stesso tempo, crei una base stabile per <\/span><span class=\"s2\">colture sane e produttive di ricciole<\/span><span class=\"s1\">.<\/span><\/p>\n","protected":false},"excerpt":{"rendered":"<p>La nostra ricetta personale!<\/p>\n","protected":false},"featured_media":183560,"template":"","meta":{"_acf_changed":false},"product-supplier":[],"product_brand":[],"product_cat":[2815],"product_tag":[],"lce-checkout-addons":[],"class_list":{"0":"post-183558","1":"product","2":"type-product","3":"status-publish","4":"has-post-thumbnail","6":"product_cat-cibo-e-calcio","7":"product_shipping_class-equipment-shipping","9":"first","10":"instock","11":"taxable","12":"shipping-taxable","13":"purchasable","14":"product-type-variable"},"acf":[],"yoast_head":"<!-- This site is optimized with the Yoast SEO plugin v27.3 - https:\/\/yoast.com\/product\/yoast-seo-wordpress\/ -->\n<title>Cibo per la coda a molla - Insektenliebe<\/title>\n<meta name=\"description\" content=\"Springtail food - cibo naturale in polvere per Collembola. Ideale per l&#039;allevamento e la crescita, ricco di vitamine, proteine e oligoelementi.\" \/>\n<meta name=\"robots\" content=\"index, follow, max-snippet:-1, max-image-preview:large, max-video-preview:-1\" \/>\n<link rel=\"canonical\" href=\"https:\/\/insektenliebe.com\/it\/shop\/prodotto\/cibo-per-la-coda-a-molla\/\" \/>\n<meta property=\"og:locale\" content=\"it_IT\" \/>\n<meta property=\"og:type\" content=\"article\" \/>\n<meta property=\"og:title\" content=\"Cibo per la coda a molla - Insektenliebe\" \/>\n<meta property=\"og:description\" content=\"Springtail food - cibo naturale in polvere per Collembola. Ideale per l&#039;allevamento e la crescita, ricco di vitamine, proteine e oligoelementi.\" \/>\n<meta property=\"og:url\" content=\"https:\/\/insektenliebe.com\/it\/shop\/prodotto\/cibo-per-la-coda-a-molla\/\" \/>\n<meta property=\"og:site_name\" content=\"Insektenliebe\" \/>\n<meta property=\"article:modified_time\" content=\"2026-03-09T17:59:52+00:00\" \/>\n<meta property=\"og:image\" content=\"https:\/\/insektenliebe.com\/wp-content\/uploads\/2025\/05\/Springschwanz-Futter-3-scaled-3.jpg\" \/>\n\t<meta property=\"og:image:width\" content=\"2560\" \/>\n\t<meta property=\"og:image:height\" content=\"2560\" \/>\n\t<meta property=\"og:image:type\" content=\"image\/jpeg\" \/>\n<meta name=\"twitter:card\" content=\"summary_large_image\" \/>\n<meta name=\"twitter:label1\" content=\"Tempo di lettura stimato\" \/>\n\t<meta name=\"twitter:data1\" content=\"2 minuto\" \/>\n<script type=\"application\/ld+json\" class=\"yoast-schema-graph\">{\"@context\":\"https:\\\/\\\/schema.org\",\"@graph\":[{\"@type\":\"WebPage\",\"@id\":\"https:\\\/\\\/insektenliebe.com\\\/it\\\/shop\\\/prodotto\\\/cibo-per-la-coda-a-molla\\\/\",\"url\":\"https:\\\/\\\/insektenliebe.com\\\/it\\\/shop\\\/prodotto\\\/cibo-per-la-coda-a-molla\\\/\",\"name\":\"Cibo per la coda a molla - Insektenliebe\",\"isPartOf\":{\"@id\":\"https:\\\/\\\/insektenliebe.com\\\/it\\\/#website\"},\"primaryImageOfPage\":{\"@id\":\"https:\\\/\\\/insektenliebe.com\\\/it\\\/shop\\\/prodotto\\\/cibo-per-la-coda-a-molla\\\/#primaryimage\"},\"image\":{\"@id\":\"https:\\\/\\\/insektenliebe.com\\\/it\\\/shop\\\/prodotto\\\/cibo-per-la-coda-a-molla\\\/#primaryimage\"},\"thumbnailUrl\":\"https:\\\/\\\/insektenliebe.com\\\/wp-content\\\/uploads\\\/2025\\\/05\\\/Springschwanz-Futter-3-scaled-3.jpg\",\"datePublished\":\"2018-11-05T13:26:01+00:00\",\"dateModified\":\"2026-03-09T17:59:52+00:00\",\"description\":\"Springtail food - cibo naturale in polvere per Collembola. Ideale per l'allevamento e la crescita, ricco di vitamine, proteine e oligoelementi.\",\"breadcrumb\":{\"@id\":\"https:\\\/\\\/insektenliebe.com\\\/it\\\/shop\\\/prodotto\\\/cibo-per-la-coda-a-molla\\\/#breadcrumb\"},\"inLanguage\":\"it-IT\",\"potentialAction\":[{\"@type\":\"ReadAction\",\"target\":[\"https:\\\/\\\/insektenliebe.com\\\/it\\\/shop\\\/prodotto\\\/cibo-per-la-coda-a-molla\\\/\"]}]},{\"@type\":\"ImageObject\",\"inLanguage\":\"it-IT\",\"@id\":\"https:\\\/\\\/insektenliebe.com\\\/it\\\/shop\\\/prodotto\\\/cibo-per-la-coda-a-molla\\\/#primaryimage\",\"url\":\"https:\\\/\\\/insektenliebe.com\\\/wp-content\\\/uploads\\\/2025\\\/05\\\/Springschwanz-Futter-3-scaled-3.jpg\",\"contentUrl\":\"https:\\\/\\\/insektenliebe.com\\\/wp-content\\\/uploads\\\/2025\\\/05\\\/Springschwanz-Futter-3-scaled-3.jpg\",\"width\":2560,\"height\":2560,\"caption\":\"Cibo della coda di primavera-3 in scala-3.jpg\"},{\"@type\":\"BreadcrumbList\",\"@id\":\"https:\\\/\\\/insektenliebe.com\\\/it\\\/shop\\\/prodotto\\\/cibo-per-la-coda-a-molla\\\/#breadcrumb\",\"itemListElement\":[{\"@type\":\"ListItem\",\"position\":1,\"name\":\"Startseite\",\"item\":\"https:\\\/\\\/insektenliebe.com\\\/it\\\/\"},{\"@type\":\"ListItem\",\"position\":2,\"name\":\"Negozio\",\"item\":\"https:\\\/\\\/insektenliebe.com\\\/it\\\/negozio\\\/\"},{\"@type\":\"ListItem\",\"position\":3,\"name\":\"Cibo per la coda a molla\"}]},{\"@type\":\"WebSite\",\"@id\":\"https:\\\/\\\/insektenliebe.com\\\/it\\\/#website\",\"url\":\"https:\\\/\\\/insektenliebe.com\\\/it\\\/\",\"name\":\"Insektenliebe\",\"description\":\"Dein Zuhause f\u00fcr die kleinen Lebewesen\",\"publisher\":{\"@id\":\"https:\\\/\\\/insektenliebe.com\\\/it\\\/#organization\"},\"potentialAction\":[{\"@type\":\"SearchAction\",\"target\":{\"@type\":\"EntryPoint\",\"urlTemplate\":\"https:\\\/\\\/insektenliebe.com\\\/it\\\/?s={search_term_string}\"},\"query-input\":{\"@type\":\"PropertyValueSpecification\",\"valueRequired\":true,\"valueName\":\"search_term_string\"}}],\"inLanguage\":\"it-IT\"},{\"@type\":\"Organization\",\"@id\":\"https:\\\/\\\/insektenliebe.com\\\/it\\\/#organization\",\"name\":\"Insektenliebe\",\"url\":\"https:\\\/\\\/insektenliebe.com\\\/it\\\/\",\"logo\":{\"@type\":\"ImageObject\",\"inLanguage\":\"it-IT\",\"@id\":\"https:\\\/\\\/insektenliebe.com\\\/it\\\/#\\\/schema\\\/logo\\\/image\\\/\",\"url\":\"https:\\\/\\\/insektenliebe.com\\\/wp-content\\\/uploads\\\/2025\\\/03\\\/logo-white.png\",\"contentUrl\":\"https:\\\/\\\/insektenliebe.com\\\/wp-content\\\/uploads\\\/2025\\\/03\\\/logo-white.png\",\"width\":288,\"height\":188,\"caption\":\"Insektenliebe\"},\"image\":{\"@id\":\"https:\\\/\\\/insektenliebe.com\\\/it\\\/#\\\/schema\\\/logo\\\/image\\\/\"}}]}<\/script>\n<!-- \/ Yoast SEO plugin. -->","yoast_head_json":{"title":"Cibo per la coda a molla - Insektenliebe","description":"Springtail food - cibo naturale in polvere per Collembola. Ideale per l'allevamento e la crescita, ricco di vitamine, proteine e oligoelementi.","robots":{"index":"index","follow":"follow","max-snippet":"max-snippet:-1","max-image-preview":"max-image-preview:large","max-video-preview":"max-video-preview:-1"},"canonical":"https:\/\/insektenliebe.com\/it\/shop\/prodotto\/cibo-per-la-coda-a-molla\/","og_locale":"it_IT","og_type":"article","og_title":"Cibo per la coda a molla - Insektenliebe","og_description":"Springtail food - cibo naturale in polvere per Collembola. Ideale per l'allevamento e la crescita, ricco di vitamine, proteine e oligoelementi.","og_url":"https:\/\/insektenliebe.com\/it\/shop\/prodotto\/cibo-per-la-coda-a-molla\/","og_site_name":"Insektenliebe","article_modified_time":"2026-03-09T17:59:52+00:00","og_image":[{"width":2560,"height":2560,"url":"https:\/\/insektenliebe.com\/wp-content\/uploads\/2025\/05\/Springschwanz-Futter-3-scaled-3.jpg","type":"image\/jpeg"}],"twitter_card":"summary_large_image","twitter_misc":{"Tempo di lettura stimato":"2 minuto"},"schema":{"@context":"https:\/\/schema.org","@graph":[{"@type":"WebPage","@id":"https:\/\/insektenliebe.com\/it\/shop\/prodotto\/cibo-per-la-coda-a-molla\/","url":"https:\/\/insektenliebe.com\/it\/shop\/prodotto\/cibo-per-la-coda-a-molla\/","name":"Cibo per la coda a molla - Insektenliebe","isPartOf":{"@id":"https:\/\/insektenliebe.com\/it\/#website"},"primaryImageOfPage":{"@id":"https:\/\/insektenliebe.com\/it\/shop\/prodotto\/cibo-per-la-coda-a-molla\/#primaryimage"},"image":{"@id":"https:\/\/insektenliebe.com\/it\/shop\/prodotto\/cibo-per-la-coda-a-molla\/#primaryimage"},"thumbnailUrl":"https:\/\/insektenliebe.com\/wp-content\/uploads\/2025\/05\/Springschwanz-Futter-3-scaled-3.jpg","datePublished":"2018-11-05T13:26:01+00:00","dateModified":"2026-03-09T17:59:52+00:00","description":"Springtail food - cibo naturale in polvere per Collembola. Ideale per l'allevamento e la crescita, ricco di vitamine, proteine e oligoelementi.","breadcrumb":{"@id":"https:\/\/insektenliebe.com\/it\/shop\/prodotto\/cibo-per-la-coda-a-molla\/#breadcrumb"},"inLanguage":"it-IT","potentialAction":[{"@type":"ReadAction","target":["https:\/\/insektenliebe.com\/it\/shop\/prodotto\/cibo-per-la-coda-a-molla\/"]}]},{"@type":"ImageObject","inLanguage":"it-IT","@id":"https:\/\/insektenliebe.com\/it\/shop\/prodotto\/cibo-per-la-coda-a-molla\/#primaryimage","url":"https:\/\/insektenliebe.com\/wp-content\/uploads\/2025\/05\/Springschwanz-Futter-3-scaled-3.jpg","contentUrl":"https:\/\/insektenliebe.com\/wp-content\/uploads\/2025\/05\/Springschwanz-Futter-3-scaled-3.jpg","width":2560,"height":2560,"caption":"Cibo della coda di primavera-3 in scala-3.jpg"},{"@type":"BreadcrumbList","@id":"https:\/\/insektenliebe.com\/it\/shop\/prodotto\/cibo-per-la-coda-a-molla\/#breadcrumb","itemListElement":[{"@type":"ListItem","position":1,"name":"Startseite","item":"https:\/\/insektenliebe.com\/it\/"},{"@type":"ListItem","position":2,"name":"Negozio","item":"https:\/\/insektenliebe.com\/it\/negozio\/"},{"@type":"ListItem","position":3,"name":"Cibo per la coda a molla"}]},{"@type":"WebSite","@id":"https:\/\/insektenliebe.com\/it\/#website","url":"https:\/\/insektenliebe.com\/it\/","name":"Insektenliebe","description":"Dein Zuhause f\u00fcr die kleinen Lebewesen","publisher":{"@id":"https:\/\/insektenliebe.com\/it\/#organization"},"potentialAction":[{"@type":"SearchAction","target":{"@type":"EntryPoint","urlTemplate":"https:\/\/insektenliebe.com\/it\/?s={search_term_string}"},"query-input":{"@type":"PropertyValueSpecification","valueRequired":true,"valueName":"search_term_string"}}],"inLanguage":"it-IT"},{"@type":"Organization","@id":"https:\/\/insektenliebe.com\/it\/#organization","name":"Insektenliebe","url":"https:\/\/insektenliebe.com\/it\/","logo":{"@type":"ImageObject","inLanguage":"it-IT","@id":"https:\/\/insektenliebe.com\/it\/#\/schema\/logo\/image\/","url":"https:\/\/insektenliebe.com\/wp-content\/uploads\/2025\/03\/logo-white.png","contentUrl":"https:\/\/insektenliebe.com\/wp-content\/uploads\/2025\/03\/logo-white.png","width":288,"height":188,"caption":"Insektenliebe"},"image":{"@id":"https:\/\/insektenliebe.com\/it\/#\/schema\/logo\/image\/"}}]}},"_links":{"self":[{"href":"https:\/\/insektenliebe.com\/it\/wp-json\/wp\/v2\/product\/183558","targetHints":{"allow":["GET"]}}],"collection":[{"href":"https:\/\/insektenliebe.com\/it\/wp-json\/wp\/v2\/product"}],"about":[{"href":"https:\/\/insektenliebe.com\/it\/wp-json\/wp\/v2\/types\/product"}],"wp:featuredmedia":[{"embeddable":true,"href":"https:\/\/insektenliebe.com\/it\/wp-json\/wp\/v2\/media\/183560"}],"wp:attachment":[{"href":"https:\/\/insektenliebe.com\/it\/wp-json\/wp\/v2\/media?parent=183558"}],"wp:term":[{"taxonomy":"product-supplier","embeddable":true,"href":"https:\/\/insektenliebe.com\/it\/wp-json\/wp\/v2\/product-supplier?post=183558"},{"taxonomy":"product_brand","embeddable":true,"href":"https:\/\/insektenliebe.com\/it\/wp-json\/wp\/v2\/product_brand?post=183558"},{"taxonomy":"product_cat","embeddable":true,"href":"https:\/\/insektenliebe.com\/it\/wp-json\/wp\/v2\/product_cat?post=183558"},{"taxonomy":"product_tag","embeddable":true,"href":"https:\/\/insektenliebe.com\/it\/wp-json\/wp\/v2\/product_tag?post=183558"},{"taxonomy":"lce-checkout-addons","embeddable":true,"href":"https:\/\/insektenliebe.com\/it\/wp-json\/wp\/v2\/lce-checkout-addons?post=183558"}],"curies":[{"name":"wp","href":"https:\/\/api.w.org\/{rel}","templated":true}]}}