{"id":183548,"date":"2018-11-05T14:41:49","date_gmt":"2018-11-05T14:41:49","guid":{"rendered":"https:\/\/insektenliebe.com\/shop\/produkt\/cibo-per-cocciniglie-bianche\/"},"modified":"2026-03-09T18:56:43","modified_gmt":"2026-03-09T17:56:43","slug":"cibo-per-cocciniglie-bianche","status":"publish","type":"product","link":"https:\/\/insektenliebe.com\/it\/shop\/prodotto\/cibo-per-cocciniglie-bianche\/","title":{"rendered":"Cibo per cocciniglie bianche"},"content":{"rendered":"<h3><span class=\"s1\" style=\"color: #99cc33;\">Cibo per isopodi bianchi per la crescita e la riproduzione<\/span><\/h3>\n<p class=\"p1\"><span class=\"s1\">Il nostro <strong>cibo per le cocciniglie bianche<\/strong><\/span><span class=\"s1\">  \u00e8 un mangime completo appositamente formulato per l&#8217;allevamento degli isopodi bianchi. La miscela fornisce importanti   <\/span><span class=\"s2\">carboidrati, vitamine, proteine, calcio e magnesio<\/span><span class=\"s1\">che svolgono un ruolo importante nella crescita, nella muta e nella riproduzione di questi animali.<\/span><\/p>\n<p class=\"p1\"><span class=\"s1\">Le cocciniglie bianche sono una parte importante della polizia del suolo in molti terrari. <\/span><span class=\"s2\">polizia del suolo<\/span><span class=\"s1\">. Decompongono il materiale organico, utilizzano gli avanzi di cibo e contribuiscono a creare un microclima stabile nel terrario. Tuttavia, affinch\u00e9 un programma di allevamento si sviluppi bene a lungo termine, gli animali hanno bisogno di una   <\/span><span class=\"s2\">Alimenti bilanciati e facilmente digeribili<\/span><span class=\"s1\">.<\/span><\/p>\n<p class=\"p1\"><span class=\"s1\">Per questo motivo, il nostro <strong>mangime per cocciniglie bianche<\/strong> \u00e8 costituito da una polvere <\/span><span class=\"s2\">polvere finemente macinata<\/span><span class=\"s1\">. La struttura fine rende molto pi\u00f9 facile il consumo da parte degli animali. In particolare, gli animali pi\u00f9 piccoli e i giovani isopodi possono mangiare e utilizzare il cibo senza problemi. <\/span><\/p>\n<p class=\"p1\"><span class=\"s1\">La ricetta si basa su <\/span><span class=\"s2\">molti anni di esperienza di allevamento<\/span><span class=\"s1\">. Utilizziamo questa miscela con successo da molti anni nel nostro programma di allevamento di isopodi bianchi. In questo periodo, abbiamo modificato e ottimizzato la composizione pi\u00f9 volte fino a raggiungere una miscela stabile e affidabile. <\/span><\/p>\n<p class=\"p1\"><span class=\"s1\">Un altro vantaggio di questa miscela sta nel suo <\/span><span class=\"s2\">l&#8217;utilizzo pulito<\/span><span class=\"s1\">. Con il dosaggio corretto, non rimane quasi nulla in giro. In questo modo si riduce il rischio che il mangime in eccesso inizi ad ammuffire. <\/span><\/p>\n<p class=\"p1\"><span class=\"s1\">L&#8217;applicazione \u00e8 molto semplice. Spruzzare   <\/span><span class=\"s2\">una piccola quantit\u00e0 una volta alla settimana<\/span><span class=\"s1\">  della polvere sul substrato. \u00c8 meglio iniziare con un dosaggio molto basso, pi\u00f9 o meno come se dovessi aggiungere un po&#8217; di sale a un piatto. Puoi poi aumentare lentamente la quantit\u00e0 fino a quando non avrai trovato la giusta quantit\u00e0 di cibo per la tua colonia.  <\/span><\/p>\n<p class=\"p1\"><span class=\"s1\">Con il nostro <strong>mangime per cocciniglie bianche<\/strong><\/span><span class=\"s1\"> fornisci in modo affidabile ai tuoi allevamenti importanti sostanze nutritive e, allo stesso tempo, crei una base stabile per <\/span><span class=\"s2\">popolazioni di isopodi sane e produttive<\/span><span class=\"s1\">.<\/span><\/p>\n","protected":false},"excerpt":{"rendered":"<p>La ricetta perfetta in una busta stand-up!<\/p>\n","protected":false},"featured_media":183550,"template":"","meta":{"_acf_changed":false},"product-supplier":[],"product_brand":[],"product_cat":[2815],"product_tag":[],"lce-checkout-addons":[],"class_list":{"0":"post-183548","1":"product","2":"type-product","3":"status-publish","4":"has-post-thumbnail","6":"product_cat-cibo-e-calcio","7":"product_shipping_class-equipment-shipping","9":"first","10":"instock","11":"taxable","12":"shipping-taxable","13":"purchasable","14":"product-type-variable"},"acf":[],"yoast_head":"<!-- This site is optimized with the Yoast SEO plugin v27.3 - https:\/\/yoast.com\/product\/yoast-seo-wordpress\/ -->\n<title>Cibo per cocciniglie bianche - Insektenliebe<\/title>\n<meta name=\"description\" content=\"Mangime per isopodi bianchi - polvere fine con proteine, vitamine e calcio. Ideale per la crescita e il successo dell&#039;allevamento di isopodi.\" \/>\n<meta name=\"robots\" content=\"index, follow, max-snippet:-1, max-image-preview:large, max-video-preview:-1\" \/>\n<link rel=\"canonical\" href=\"https:\/\/insektenliebe.com\/it\/shop\/prodotto\/cibo-per-cocciniglie-bianche\/\" \/>\n<meta property=\"og:locale\" content=\"it_IT\" \/>\n<meta property=\"og:type\" content=\"article\" \/>\n<meta property=\"og:title\" content=\"Cibo per cocciniglie bianche - Insektenliebe\" \/>\n<meta property=\"og:description\" content=\"Mangime per isopodi bianchi - polvere fine con proteine, vitamine e calcio. Ideale per la crescita e il successo dell&#039;allevamento di isopodi.\" \/>\n<meta property=\"og:url\" content=\"https:\/\/insektenliebe.com\/it\/shop\/prodotto\/cibo-per-cocciniglie-bianche\/\" \/>\n<meta property=\"og:site_name\" content=\"Insektenliebe\" \/>\n<meta property=\"article:modified_time\" content=\"2026-03-09T17:56:43+00:00\" \/>\n<meta property=\"og:image\" content=\"https:\/\/insektenliebe.com\/wp-content\/uploads\/2025\/05\/Weisse-Asseln-Futter-1-2.jpg\" \/>\n\t<meta property=\"og:image:width\" content=\"820\" \/>\n\t<meta property=\"og:image:height\" content=\"820\" \/>\n\t<meta property=\"og:image:type\" content=\"image\/jpeg\" \/>\n<meta name=\"twitter:card\" content=\"summary_large_image\" \/>\n<meta name=\"twitter:label1\" content=\"Tempo di lettura stimato\" \/>\n\t<meta name=\"twitter:data1\" content=\"2 minuto\" \/>\n<script type=\"application\/ld+json\" class=\"yoast-schema-graph\">{\"@context\":\"https:\\\/\\\/schema.org\",\"@graph\":[{\"@type\":\"WebPage\",\"@id\":\"https:\\\/\\\/insektenliebe.com\\\/it\\\/shop\\\/prodotto\\\/cibo-per-cocciniglie-bianche\\\/\",\"url\":\"https:\\\/\\\/insektenliebe.com\\\/it\\\/shop\\\/prodotto\\\/cibo-per-cocciniglie-bianche\\\/\",\"name\":\"Cibo per cocciniglie bianche - Insektenliebe\",\"isPartOf\":{\"@id\":\"https:\\\/\\\/insektenliebe.com\\\/it\\\/#website\"},\"primaryImageOfPage\":{\"@id\":\"https:\\\/\\\/insektenliebe.com\\\/it\\\/shop\\\/prodotto\\\/cibo-per-cocciniglie-bianche\\\/#primaryimage\"},\"image\":{\"@id\":\"https:\\\/\\\/insektenliebe.com\\\/it\\\/shop\\\/prodotto\\\/cibo-per-cocciniglie-bianche\\\/#primaryimage\"},\"thumbnailUrl\":\"https:\\\/\\\/insektenliebe.com\\\/wp-content\\\/uploads\\\/2025\\\/05\\\/Weisse-Asseln-Futter-1-2.jpg\",\"datePublished\":\"2018-11-05T14:41:49+00:00\",\"dateModified\":\"2026-03-09T17:56:43+00:00\",\"description\":\"Mangime per isopodi bianchi - polvere fine con proteine, vitamine e calcio. Ideale per la crescita e il successo dell'allevamento di isopodi.\",\"breadcrumb\":{\"@id\":\"https:\\\/\\\/insektenliebe.com\\\/it\\\/shop\\\/prodotto\\\/cibo-per-cocciniglie-bianche\\\/#breadcrumb\"},\"inLanguage\":\"it-IT\",\"potentialAction\":[{\"@type\":\"ReadAction\",\"target\":[\"https:\\\/\\\/insektenliebe.com\\\/it\\\/shop\\\/prodotto\\\/cibo-per-cocciniglie-bianche\\\/\"]}]},{\"@type\":\"ImageObject\",\"inLanguage\":\"it-IT\",\"@id\":\"https:\\\/\\\/insektenliebe.com\\\/it\\\/shop\\\/prodotto\\\/cibo-per-cocciniglie-bianche\\\/#primaryimage\",\"url\":\"https:\\\/\\\/insektenliebe.com\\\/wp-content\\\/uploads\\\/2025\\\/05\\\/Weisse-Asseln-Futter-1-2.jpg\",\"contentUrl\":\"https:\\\/\\\/insektenliebe.com\\\/wp-content\\\/uploads\\\/2025\\\/05\\\/Weisse-Asseln-Futter-1-2.jpg\",\"width\":820,\"height\":820,\"caption\":\"Cibo per cocciniglie bianche-1-2.jpg\"},{\"@type\":\"BreadcrumbList\",\"@id\":\"https:\\\/\\\/insektenliebe.com\\\/it\\\/shop\\\/prodotto\\\/cibo-per-cocciniglie-bianche\\\/#breadcrumb\",\"itemListElement\":[{\"@type\":\"ListItem\",\"position\":1,\"name\":\"Startseite\",\"item\":\"https:\\\/\\\/insektenliebe.com\\\/it\\\/\"},{\"@type\":\"ListItem\",\"position\":2,\"name\":\"Negozio\",\"item\":\"https:\\\/\\\/insektenliebe.com\\\/it\\\/negozio\\\/\"},{\"@type\":\"ListItem\",\"position\":3,\"name\":\"Cibo per cocciniglie bianche\"}]},{\"@type\":\"WebSite\",\"@id\":\"https:\\\/\\\/insektenliebe.com\\\/it\\\/#website\",\"url\":\"https:\\\/\\\/insektenliebe.com\\\/it\\\/\",\"name\":\"Insektenliebe\",\"description\":\"Dein Zuhause f\u00fcr die kleinen Lebewesen\",\"publisher\":{\"@id\":\"https:\\\/\\\/insektenliebe.com\\\/it\\\/#organization\"},\"potentialAction\":[{\"@type\":\"SearchAction\",\"target\":{\"@type\":\"EntryPoint\",\"urlTemplate\":\"https:\\\/\\\/insektenliebe.com\\\/it\\\/?s={search_term_string}\"},\"query-input\":{\"@type\":\"PropertyValueSpecification\",\"valueRequired\":true,\"valueName\":\"search_term_string\"}}],\"inLanguage\":\"it-IT\"},{\"@type\":\"Organization\",\"@id\":\"https:\\\/\\\/insektenliebe.com\\\/it\\\/#organization\",\"name\":\"Insektenliebe\",\"url\":\"https:\\\/\\\/insektenliebe.com\\\/it\\\/\",\"logo\":{\"@type\":\"ImageObject\",\"inLanguage\":\"it-IT\",\"@id\":\"https:\\\/\\\/insektenliebe.com\\\/it\\\/#\\\/schema\\\/logo\\\/image\\\/\",\"url\":\"https:\\\/\\\/insektenliebe.com\\\/wp-content\\\/uploads\\\/2025\\\/03\\\/logo-white.png\",\"contentUrl\":\"https:\\\/\\\/insektenliebe.com\\\/wp-content\\\/uploads\\\/2025\\\/03\\\/logo-white.png\",\"width\":288,\"height\":188,\"caption\":\"Insektenliebe\"},\"image\":{\"@id\":\"https:\\\/\\\/insektenliebe.com\\\/it\\\/#\\\/schema\\\/logo\\\/image\\\/\"}}]}<\/script>\n<!-- \/ Yoast SEO plugin. -->","yoast_head_json":{"title":"Cibo per cocciniglie bianche - Insektenliebe","description":"Mangime per isopodi bianchi - polvere fine con proteine, vitamine e calcio. Ideale per la crescita e il successo dell'allevamento di isopodi.","robots":{"index":"index","follow":"follow","max-snippet":"max-snippet:-1","max-image-preview":"max-image-preview:large","max-video-preview":"max-video-preview:-1"},"canonical":"https:\/\/insektenliebe.com\/it\/shop\/prodotto\/cibo-per-cocciniglie-bianche\/","og_locale":"it_IT","og_type":"article","og_title":"Cibo per cocciniglie bianche - Insektenliebe","og_description":"Mangime per isopodi bianchi - polvere fine con proteine, vitamine e calcio. Ideale per la crescita e il successo dell'allevamento di isopodi.","og_url":"https:\/\/insektenliebe.com\/it\/shop\/prodotto\/cibo-per-cocciniglie-bianche\/","og_site_name":"Insektenliebe","article_modified_time":"2026-03-09T17:56:43+00:00","og_image":[{"width":820,"height":820,"url":"https:\/\/insektenliebe.com\/wp-content\/uploads\/2025\/05\/Weisse-Asseln-Futter-1-2.jpg","type":"image\/jpeg"}],"twitter_card":"summary_large_image","twitter_misc":{"Tempo di lettura stimato":"2 minuto"},"schema":{"@context":"https:\/\/schema.org","@graph":[{"@type":"WebPage","@id":"https:\/\/insektenliebe.com\/it\/shop\/prodotto\/cibo-per-cocciniglie-bianche\/","url":"https:\/\/insektenliebe.com\/it\/shop\/prodotto\/cibo-per-cocciniglie-bianche\/","name":"Cibo per cocciniglie bianche - Insektenliebe","isPartOf":{"@id":"https:\/\/insektenliebe.com\/it\/#website"},"primaryImageOfPage":{"@id":"https:\/\/insektenliebe.com\/it\/shop\/prodotto\/cibo-per-cocciniglie-bianche\/#primaryimage"},"image":{"@id":"https:\/\/insektenliebe.com\/it\/shop\/prodotto\/cibo-per-cocciniglie-bianche\/#primaryimage"},"thumbnailUrl":"https:\/\/insektenliebe.com\/wp-content\/uploads\/2025\/05\/Weisse-Asseln-Futter-1-2.jpg","datePublished":"2018-11-05T14:41:49+00:00","dateModified":"2026-03-09T17:56:43+00:00","description":"Mangime per isopodi bianchi - polvere fine con proteine, vitamine e calcio. Ideale per la crescita e il successo dell'allevamento di isopodi.","breadcrumb":{"@id":"https:\/\/insektenliebe.com\/it\/shop\/prodotto\/cibo-per-cocciniglie-bianche\/#breadcrumb"},"inLanguage":"it-IT","potentialAction":[{"@type":"ReadAction","target":["https:\/\/insektenliebe.com\/it\/shop\/prodotto\/cibo-per-cocciniglie-bianche\/"]}]},{"@type":"ImageObject","inLanguage":"it-IT","@id":"https:\/\/insektenliebe.com\/it\/shop\/prodotto\/cibo-per-cocciniglie-bianche\/#primaryimage","url":"https:\/\/insektenliebe.com\/wp-content\/uploads\/2025\/05\/Weisse-Asseln-Futter-1-2.jpg","contentUrl":"https:\/\/insektenliebe.com\/wp-content\/uploads\/2025\/05\/Weisse-Asseln-Futter-1-2.jpg","width":820,"height":820,"caption":"Cibo per cocciniglie bianche-1-2.jpg"},{"@type":"BreadcrumbList","@id":"https:\/\/insektenliebe.com\/it\/shop\/prodotto\/cibo-per-cocciniglie-bianche\/#breadcrumb","itemListElement":[{"@type":"ListItem","position":1,"name":"Startseite","item":"https:\/\/insektenliebe.com\/it\/"},{"@type":"ListItem","position":2,"name":"Negozio","item":"https:\/\/insektenliebe.com\/it\/negozio\/"},{"@type":"ListItem","position":3,"name":"Cibo per cocciniglie bianche"}]},{"@type":"WebSite","@id":"https:\/\/insektenliebe.com\/it\/#website","url":"https:\/\/insektenliebe.com\/it\/","name":"Insektenliebe","description":"Dein Zuhause f\u00fcr die kleinen Lebewesen","publisher":{"@id":"https:\/\/insektenliebe.com\/it\/#organization"},"potentialAction":[{"@type":"SearchAction","target":{"@type":"EntryPoint","urlTemplate":"https:\/\/insektenliebe.com\/it\/?s={search_term_string}"},"query-input":{"@type":"PropertyValueSpecification","valueRequired":true,"valueName":"search_term_string"}}],"inLanguage":"it-IT"},{"@type":"Organization","@id":"https:\/\/insektenliebe.com\/it\/#organization","name":"Insektenliebe","url":"https:\/\/insektenliebe.com\/it\/","logo":{"@type":"ImageObject","inLanguage":"it-IT","@id":"https:\/\/insektenliebe.com\/it\/#\/schema\/logo\/image\/","url":"https:\/\/insektenliebe.com\/wp-content\/uploads\/2025\/03\/logo-white.png","contentUrl":"https:\/\/insektenliebe.com\/wp-content\/uploads\/2025\/03\/logo-white.png","width":288,"height":188,"caption":"Insektenliebe"},"image":{"@id":"https:\/\/insektenliebe.com\/it\/#\/schema\/logo\/image\/"}}]}},"_links":{"self":[{"href":"https:\/\/insektenliebe.com\/it\/wp-json\/wp\/v2\/product\/183548","targetHints":{"allow":["GET"]}}],"collection":[{"href":"https:\/\/insektenliebe.com\/it\/wp-json\/wp\/v2\/product"}],"about":[{"href":"https:\/\/insektenliebe.com\/it\/wp-json\/wp\/v2\/types\/product"}],"wp:featuredmedia":[{"embeddable":true,"href":"https:\/\/insektenliebe.com\/it\/wp-json\/wp\/v2\/media\/183550"}],"wp:attachment":[{"href":"https:\/\/insektenliebe.com\/it\/wp-json\/wp\/v2\/media?parent=183548"}],"wp:term":[{"taxonomy":"product-supplier","embeddable":true,"href":"https:\/\/insektenliebe.com\/it\/wp-json\/wp\/v2\/product-supplier?post=183548"},{"taxonomy":"product_brand","embeddable":true,"href":"https:\/\/insektenliebe.com\/it\/wp-json\/wp\/v2\/product_brand?post=183548"},{"taxonomy":"product_cat","embeddable":true,"href":"https:\/\/insektenliebe.com\/it\/wp-json\/wp\/v2\/product_cat?post=183548"},{"taxonomy":"product_tag","embeddable":true,"href":"https:\/\/insektenliebe.com\/it\/wp-json\/wp\/v2\/product_tag?post=183548"},{"taxonomy":"lce-checkout-addons","embeddable":true,"href":"https:\/\/insektenliebe.com\/it\/wp-json\/wp\/v2\/lce-checkout-addons?post=183548"}],"curies":[{"name":"wp","href":"https:\/\/api.w.org\/{rel}","templated":true}]}}