{"id":183547,"date":"2018-09-24T13:35:00","date_gmt":"2018-09-24T11:35:00","guid":{"rendered":"https:\/\/insektenliebe.com\/shop\/produkt\/armadillidium-frontirostre\/"},"modified":"2018-09-24T13:35:00","modified_gmt":"2018-09-24T11:35:00","slug":"armadillidium-frontirostre","status":"publish","type":"product","link":"https:\/\/insektenliebe.com\/it\/shop\/prodotto\/armadillidium-frontirostre\/","title":{"rendered":"Armadillidium frontirostre"},"content":{"rendered":"<div class=\"vc_row wpb_row vc_row-fluid prrow\">\n<div class=\"wpb_column vc_column_container vc_col-sm-3\">\n<div class=\"vc_column-inner \">\n<div class=\"wpb_wrapper\">\n<div class=\"wpb_text_column wpb_content_element \">\n<div class=\"wpb_wrapper\">\n<h3 class=\"p1\"><span style=\"color: #99cc33\"><strong><span class=\"s1\">Armadillidium frontirostre - bellezza mediterranea con una sorprendente armatura della testa<\/span><\/strong><\/span><\/h3>\n<p class=\"p1\"><span class=\"s1\">L<strong>&#8216;Armadillidium frontirostre<\/strong> \u00e8 un&#8217;affascinante specie di isopode delle regioni pi\u00f9 calde dell&#8217;Europa meridionale, in particolare del Mediterraneo. La caratteristica zona della testa \u00e8 particolarmente evidente: la parte anteriore del carapace appare leggermente allungata e conferisce alla specie un profilo inconfondibile. In combinazione con la colorazione di base grigia, si integra perfettamente nei paesaggi mediterranei.  <\/span><\/p>\n<p class=\"p1\"><span class=\"s1\">L&#8217;<strong>Armadillidium frontirostre<\/strong> si mantiene in modo robusto, purch\u00e9 vengano soddisfatte le sue esigenze specifiche. Questa specie predilige temperature comprese tra 20 e 26 \u00b0C e un&#8217;umidit\u00e0 moderata di circa il 60-70%. \u00c8 importante che nel terrario ci sia una netta separazione tra asciutto e bagnato, in modo che gli animali possano scegliere la loro microarea preferita. Una miscela di terra di bosco, humus di foglie, aggiunta di calce e un po&#8217; di legno bianco marcio \u00e8 adatta come substrato. I nascondigli fatti di corteccia, sassi o pezzi di sughero sono facilmente accettati.    <\/span><\/p>\n<p class=\"p1\"><span class=\"s1\">L<strong>&#8216;Armadillidium frontirostre<\/strong> \u00e8 relativamente attivo e facile da osservare, soprattutto nelle ore serali. Le loro preferenze alimentari sono varie: fogliame, verdure, cibo secco e osso di seppia per indurire il carapace fanno parte della loro dieta. Grazie alla loro attivit\u00e0 e al loro appetito, contribuiscono anche alla decomposizione dei materiali organici nel terrario e sono quindi adatti anche come parte di una forza di polizia del suolo funzionante negli allestimenti mediterranei.  <\/span><\/p>\n<p class=\"p1\"><span class=\"s1\">La riproduzione \u00e8 affidabile in condizioni adeguate. I piccoli assomigliano gi\u00e0 agli adulti nelle marcature, ma inizialmente sono di colore molto pi\u00f9 chiaro. <\/span><\/p>\n<p class=\"p1\"><span class=\"s1\">L&#8217;<strong>Armadillidium frontirostre<\/strong> combina una grande bellezza visiva, un allevamento robusto e un&#8217;utile funzione: un&#8217;ottima scelta per gli amanti degli isopodi e per gli amanti dei terrari bioattivi mediterranei.<\/span><\/p>\n<\/div>\n<\/div>\n<\/div>\n<\/div>\n<\/div>\n<\/div>\n","protected":false},"excerpt":{"rendered":"<p>Armadillidium frontirostre - bellezza mediterranea con una sorprendente armatura della testa L&#8216;Armadillidium frontirostre \u00e8 un&#8217;affascinante specie di isopode delle regioni pi\u00f9 calde dell&#8217;Europa meridionale, in particolare del Mediterraneo. La caratteristica zona della testa \u00e8 particolarmente evidente: la parte anteriore del carapace appare leggermente allungata e conferisce alla specie un profilo inconfondibile. In combinazione con la [&hellip;]<\/p>\n","protected":false},"featured_media":183549,"template":"","meta":{"_acf_changed":false},"product-supplier":[],"product_brand":[],"product_cat":[2871,2788],"product_tag":[],"lce-checkout-addons":[2746],"class_list":{"0":"post-183547","1":"product","2":"type-product","3":"status-publish","4":"has-post-thumbnail","6":"product_cat-cocciniglia-armadillidium","7":"product_cat-woodlice","8":"product_shipping_class-spedizione-di-animali","9":"pa_einsatz-animali-da-mangiare","10":"pa_einsatz-mostra-gli-animali","11":"pa_haltung-allevamento-singolo","12":"pa_haltung-terrario-comunitario","13":"pa_herkunft-croazia","14":"pa_kontinent-europa","15":"lce-checkout-addons-imballaggio-invernale","17":"first","18":"instock","19":"taxable","20":"shipping-taxable","21":"purchasable","22":"product-type-simple"},"acf":[],"yoast_head":"<!-- This site is optimized with the Yoast SEO plugin v27.3 - https:\/\/yoast.com\/product\/yoast-seo-wordpress\/ -->\n<title>Armadillidium frontirostre - Insektenliebe<\/title>\n<meta name=\"description\" content=\"Acquista online Armadillidium frontirostre a buon mercato. Specie riproduttiva per principianti dall&#039;aspetto molto massiccio, acquistabile direttamente dall&#039;allevatore!\" \/>\n<meta name=\"robots\" content=\"index, follow, max-snippet:-1, max-image-preview:large, max-video-preview:-1\" \/>\n<link rel=\"canonical\" href=\"https:\/\/insektenliebe.com\/it\/shop\/prodotto\/armadillidium-frontirostre\/\" \/>\n<meta property=\"og:locale\" content=\"it_IT\" \/>\n<meta property=\"og:type\" content=\"article\" \/>\n<meta property=\"og:title\" content=\"Armadillidium frontirostre - Insektenliebe\" \/>\n<meta property=\"og:description\" content=\"Acquista online Armadillidium frontirostre a buon mercato. Specie riproduttiva per principianti dall&#039;aspetto molto massiccio, acquistabile direttamente dall&#039;allevatore!\" \/>\n<meta property=\"og:url\" content=\"https:\/\/insektenliebe.com\/it\/shop\/prodotto\/armadillidium-frontirostre\/\" \/>\n<meta property=\"og:site_name\" content=\"Insektenliebe\" \/>\n<meta property=\"og:image\" content=\"https:\/\/insektenliebe.com\/wp-content\/uploads\/2025\/05\/Armadillidium-frontirostre-min-scaled-3.jpg\" \/>\n\t<meta property=\"og:image:width\" content=\"2560\" \/>\n\t<meta property=\"og:image:height\" content=\"1707\" \/>\n\t<meta property=\"og:image:type\" content=\"image\/jpeg\" \/>\n<meta name=\"twitter:card\" content=\"summary_large_image\" \/>\n<meta name=\"twitter:label1\" content=\"Tempo di lettura stimato\" \/>\n\t<meta name=\"twitter:data1\" content=\"1 minuto\" \/>\n<script type=\"application\/ld+json\" class=\"yoast-schema-graph\">{\"@context\":\"https:\\\/\\\/schema.org\",\"@graph\":[{\"@type\":\"WebPage\",\"@id\":\"https:\\\/\\\/insektenliebe.com\\\/it\\\/shop\\\/prodotto\\\/armadillidium-frontirostre\\\/\",\"url\":\"https:\\\/\\\/insektenliebe.com\\\/it\\\/shop\\\/prodotto\\\/armadillidium-frontirostre\\\/\",\"name\":\"Armadillidium frontirostre - Insektenliebe\",\"isPartOf\":{\"@id\":\"https:\\\/\\\/insektenliebe.com\\\/it\\\/#website\"},\"primaryImageOfPage\":{\"@id\":\"https:\\\/\\\/insektenliebe.com\\\/it\\\/shop\\\/prodotto\\\/armadillidium-frontirostre\\\/#primaryimage\"},\"image\":{\"@id\":\"https:\\\/\\\/insektenliebe.com\\\/it\\\/shop\\\/prodotto\\\/armadillidium-frontirostre\\\/#primaryimage\"},\"thumbnailUrl\":\"https:\\\/\\\/insektenliebe.com\\\/wp-content\\\/uploads\\\/2025\\\/05\\\/Armadillidium-frontirostre-min-scaled-3.jpg\",\"datePublished\":\"2018-09-24T11:35:00+00:00\",\"description\":\"Acquista online Armadillidium frontirostre a buon mercato. Specie riproduttiva per principianti dall'aspetto molto massiccio, acquistabile direttamente dall'allevatore!\",\"breadcrumb\":{\"@id\":\"https:\\\/\\\/insektenliebe.com\\\/it\\\/shop\\\/prodotto\\\/armadillidium-frontirostre\\\/#breadcrumb\"},\"inLanguage\":\"it-IT\",\"potentialAction\":[{\"@type\":\"ReadAction\",\"target\":[\"https:\\\/\\\/insektenliebe.com\\\/it\\\/shop\\\/prodotto\\\/armadillidium-frontirostre\\\/\"]}]},{\"@type\":\"ImageObject\",\"inLanguage\":\"it-IT\",\"@id\":\"https:\\\/\\\/insektenliebe.com\\\/it\\\/shop\\\/prodotto\\\/armadillidium-frontirostre\\\/#primaryimage\",\"url\":\"https:\\\/\\\/insektenliebe.com\\\/wp-content\\\/uploads\\\/2025\\\/05\\\/Armadillidium-frontirostre-min-scaled-3.jpg\",\"contentUrl\":\"https:\\\/\\\/insektenliebe.com\\\/wp-content\\\/uploads\\\/2025\\\/05\\\/Armadillidium-frontirostre-min-scaled-3.jpg\",\"width\":2560,\"height\":1707,\"caption\":\"Armadillidium-frontirostre-min-scaled-3.jpg\"},{\"@type\":\"BreadcrumbList\",\"@id\":\"https:\\\/\\\/insektenliebe.com\\\/it\\\/shop\\\/prodotto\\\/armadillidium-frontirostre\\\/#breadcrumb\",\"itemListElement\":[{\"@type\":\"ListItem\",\"position\":1,\"name\":\"Startseite\",\"item\":\"https:\\\/\\\/insektenliebe.com\\\/it\\\/\"},{\"@type\":\"ListItem\",\"position\":2,\"name\":\"Negozio\",\"item\":\"https:\\\/\\\/insektenliebe.com\\\/it\\\/negozio\\\/\"},{\"@type\":\"ListItem\",\"position\":3,\"name\":\"Armadillidium frontirostre\"}]},{\"@type\":\"WebSite\",\"@id\":\"https:\\\/\\\/insektenliebe.com\\\/it\\\/#website\",\"url\":\"https:\\\/\\\/insektenliebe.com\\\/it\\\/\",\"name\":\"Insektenliebe\",\"description\":\"Dein Zuhause f\u00fcr die kleinen Lebewesen\",\"publisher\":{\"@id\":\"https:\\\/\\\/insektenliebe.com\\\/it\\\/#organization\"},\"potentialAction\":[{\"@type\":\"SearchAction\",\"target\":{\"@type\":\"EntryPoint\",\"urlTemplate\":\"https:\\\/\\\/insektenliebe.com\\\/it\\\/?s={search_term_string}\"},\"query-input\":{\"@type\":\"PropertyValueSpecification\",\"valueRequired\":true,\"valueName\":\"search_term_string\"}}],\"inLanguage\":\"it-IT\"},{\"@type\":\"Organization\",\"@id\":\"https:\\\/\\\/insektenliebe.com\\\/it\\\/#organization\",\"name\":\"Insektenliebe\",\"url\":\"https:\\\/\\\/insektenliebe.com\\\/it\\\/\",\"logo\":{\"@type\":\"ImageObject\",\"inLanguage\":\"it-IT\",\"@id\":\"https:\\\/\\\/insektenliebe.com\\\/it\\\/#\\\/schema\\\/logo\\\/image\\\/\",\"url\":\"https:\\\/\\\/insektenliebe.com\\\/wp-content\\\/uploads\\\/2025\\\/03\\\/logo-white.png\",\"contentUrl\":\"https:\\\/\\\/insektenliebe.com\\\/wp-content\\\/uploads\\\/2025\\\/03\\\/logo-white.png\",\"width\":288,\"height\":188,\"caption\":\"Insektenliebe\"},\"image\":{\"@id\":\"https:\\\/\\\/insektenliebe.com\\\/it\\\/#\\\/schema\\\/logo\\\/image\\\/\"}}]}<\/script>\n<!-- \/ Yoast SEO plugin. -->","yoast_head_json":{"title":"Armadillidium frontirostre - Insektenliebe","description":"Acquista online Armadillidium frontirostre a buon mercato. Specie riproduttiva per principianti dall'aspetto molto massiccio, acquistabile direttamente dall'allevatore!","robots":{"index":"index","follow":"follow","max-snippet":"max-snippet:-1","max-image-preview":"max-image-preview:large","max-video-preview":"max-video-preview:-1"},"canonical":"https:\/\/insektenliebe.com\/it\/shop\/prodotto\/armadillidium-frontirostre\/","og_locale":"it_IT","og_type":"article","og_title":"Armadillidium frontirostre - Insektenliebe","og_description":"Acquista online Armadillidium frontirostre a buon mercato. Specie riproduttiva per principianti dall'aspetto molto massiccio, acquistabile direttamente dall'allevatore!","og_url":"https:\/\/insektenliebe.com\/it\/shop\/prodotto\/armadillidium-frontirostre\/","og_site_name":"Insektenliebe","og_image":[{"width":2560,"height":1707,"url":"https:\/\/insektenliebe.com\/wp-content\/uploads\/2025\/05\/Armadillidium-frontirostre-min-scaled-3.jpg","type":"image\/jpeg"}],"twitter_card":"summary_large_image","twitter_misc":{"Tempo di lettura stimato":"1 minuto"},"schema":{"@context":"https:\/\/schema.org","@graph":[{"@type":"WebPage","@id":"https:\/\/insektenliebe.com\/it\/shop\/prodotto\/armadillidium-frontirostre\/","url":"https:\/\/insektenliebe.com\/it\/shop\/prodotto\/armadillidium-frontirostre\/","name":"Armadillidium frontirostre - Insektenliebe","isPartOf":{"@id":"https:\/\/insektenliebe.com\/it\/#website"},"primaryImageOfPage":{"@id":"https:\/\/insektenliebe.com\/it\/shop\/prodotto\/armadillidium-frontirostre\/#primaryimage"},"image":{"@id":"https:\/\/insektenliebe.com\/it\/shop\/prodotto\/armadillidium-frontirostre\/#primaryimage"},"thumbnailUrl":"https:\/\/insektenliebe.com\/wp-content\/uploads\/2025\/05\/Armadillidium-frontirostre-min-scaled-3.jpg","datePublished":"2018-09-24T11:35:00+00:00","description":"Acquista online Armadillidium frontirostre a buon mercato. Specie riproduttiva per principianti dall'aspetto molto massiccio, acquistabile direttamente dall'allevatore!","breadcrumb":{"@id":"https:\/\/insektenliebe.com\/it\/shop\/prodotto\/armadillidium-frontirostre\/#breadcrumb"},"inLanguage":"it-IT","potentialAction":[{"@type":"ReadAction","target":["https:\/\/insektenliebe.com\/it\/shop\/prodotto\/armadillidium-frontirostre\/"]}]},{"@type":"ImageObject","inLanguage":"it-IT","@id":"https:\/\/insektenliebe.com\/it\/shop\/prodotto\/armadillidium-frontirostre\/#primaryimage","url":"https:\/\/insektenliebe.com\/wp-content\/uploads\/2025\/05\/Armadillidium-frontirostre-min-scaled-3.jpg","contentUrl":"https:\/\/insektenliebe.com\/wp-content\/uploads\/2025\/05\/Armadillidium-frontirostre-min-scaled-3.jpg","width":2560,"height":1707,"caption":"Armadillidium-frontirostre-min-scaled-3.jpg"},{"@type":"BreadcrumbList","@id":"https:\/\/insektenliebe.com\/it\/shop\/prodotto\/armadillidium-frontirostre\/#breadcrumb","itemListElement":[{"@type":"ListItem","position":1,"name":"Startseite","item":"https:\/\/insektenliebe.com\/it\/"},{"@type":"ListItem","position":2,"name":"Negozio","item":"https:\/\/insektenliebe.com\/it\/negozio\/"},{"@type":"ListItem","position":3,"name":"Armadillidium frontirostre"}]},{"@type":"WebSite","@id":"https:\/\/insektenliebe.com\/it\/#website","url":"https:\/\/insektenliebe.com\/it\/","name":"Insektenliebe","description":"Dein Zuhause f\u00fcr die kleinen Lebewesen","publisher":{"@id":"https:\/\/insektenliebe.com\/it\/#organization"},"potentialAction":[{"@type":"SearchAction","target":{"@type":"EntryPoint","urlTemplate":"https:\/\/insektenliebe.com\/it\/?s={search_term_string}"},"query-input":{"@type":"PropertyValueSpecification","valueRequired":true,"valueName":"search_term_string"}}],"inLanguage":"it-IT"},{"@type":"Organization","@id":"https:\/\/insektenliebe.com\/it\/#organization","name":"Insektenliebe","url":"https:\/\/insektenliebe.com\/it\/","logo":{"@type":"ImageObject","inLanguage":"it-IT","@id":"https:\/\/insektenliebe.com\/it\/#\/schema\/logo\/image\/","url":"https:\/\/insektenliebe.com\/wp-content\/uploads\/2025\/03\/logo-white.png","contentUrl":"https:\/\/insektenliebe.com\/wp-content\/uploads\/2025\/03\/logo-white.png","width":288,"height":188,"caption":"Insektenliebe"},"image":{"@id":"https:\/\/insektenliebe.com\/it\/#\/schema\/logo\/image\/"}}]}},"_links":{"self":[{"href":"https:\/\/insektenliebe.com\/it\/wp-json\/wp\/v2\/product\/183547","targetHints":{"allow":["GET"]}}],"collection":[{"href":"https:\/\/insektenliebe.com\/it\/wp-json\/wp\/v2\/product"}],"about":[{"href":"https:\/\/insektenliebe.com\/it\/wp-json\/wp\/v2\/types\/product"}],"wp:featuredmedia":[{"embeddable":true,"href":"https:\/\/insektenliebe.com\/it\/wp-json\/wp\/v2\/media\/183549"}],"wp:attachment":[{"href":"https:\/\/insektenliebe.com\/it\/wp-json\/wp\/v2\/media?parent=183547"}],"wp:term":[{"taxonomy":"product-supplier","embeddable":true,"href":"https:\/\/insektenliebe.com\/it\/wp-json\/wp\/v2\/product-supplier?post=183547"},{"taxonomy":"product_brand","embeddable":true,"href":"https:\/\/insektenliebe.com\/it\/wp-json\/wp\/v2\/product_brand?post=183547"},{"taxonomy":"product_cat","embeddable":true,"href":"https:\/\/insektenliebe.com\/it\/wp-json\/wp\/v2\/product_cat?post=183547"},{"taxonomy":"product_tag","embeddable":true,"href":"https:\/\/insektenliebe.com\/it\/wp-json\/wp\/v2\/product_tag?post=183547"},{"taxonomy":"lce-checkout-addons","embeddable":true,"href":"https:\/\/insektenliebe.com\/it\/wp-json\/wp\/v2\/lce-checkout-addons?post=183547"}],"curies":[{"name":"wp","href":"https:\/\/api.w.org\/{rel}","templated":true}]}}