{"id":183540,"date":"2018-11-05T15:21:47","date_gmt":"2018-11-05T15:21:47","guid":{"rendered":"https:\/\/insektenliebe.com\/shop\/produkt\/centrobolus-spec-mozambique\/"},"modified":"2018-11-05T15:21:47","modified_gmt":"2018-11-05T14:21:47","slug":"centrobolus-spec-mozambique","status":"publish","type":"product","link":"https:\/\/insektenliebe.com\/it\/shop\/prodotto\/centrobolus-spec-mozambique\/","title":{"rendered":"Centrobolus spec. \"Mozambique\""},"content":{"rendered":"<h3><span style=\"color: #99cc33\">Breve descrizione:<\/span><\/h3>\n<p class=\"font_8\">Il colore di base \u00e8 rosso scuro. A partire dal 6\u00b0 segmento sono presenti punti neri sugli sbocchi delle ghiandole di difesa. Sulla sezione anteriore dei segmenti sono presenti macchie nere pi\u00f9 o meno distinte. Dalla base delle zampe c&#8217;\u00e8 una banda nera sulla sezione posteriore dei segmenti (metazonite), che si estende fino a sotto le ghiandole di difesa e in alcuni casi le raggiunge nei segmenti posteriori. Lo scudo della testa (collum) \u00e8 nero, in alcuni punti marmorizzato di rosso scuro, con una banda rossa sul bordo posteriore, strettamente bordata di rosso nella parte anteriore. La testa, le zampe e le antenne sono nere.     <\/p>\n<p class=\"font_8\">I Centrobolus spec. \"Mozambique\" tendono a vivere sugli alberi e sono quindi ottimi arrampicatori. Anche nel terrario devono essere presenti rami sufficienti per potersi arrampicare. Il substrato deve essere riempito per almeno 10 cm di altezza, preferibilmente di pi\u00f9.   <\/p>\n<p class=\"font_8\">Per questa specie si pu\u00f2 anche fare a meno dell&#8217;illuminazione, ma bisogna comunque mantenere un ritmo giorno-notte. Quindi non tenerli al buio completo. Una temperatura di 22-26\u00b0C si \u00e8 dimostrata efficace per l&#8217;allevamento di questi animali. Noi manteniamo i nostri animali a un tasso di umidit\u00e0 del 60-80%. Per mantenere l&#8217;umidit\u00e0, puoi coprire il substrato con foglie, muschio, corteccia o simili. Come cibo si utilizza sia il materiale organico contenuto nel substrato sia cibo aggiuntivo come cetrioli, funghi o cibo per millepiedi. Questa specie trascorre regolarmente del tempo in superficie allo stato adulto ed \u00e8 facile da osservare. L&#8217;allevamento di questa specie \u00e8 relativamente facile e perdona gli occasionali errori di gestione, il che la rende una buona specie per principianti.       <\/p>\n<p>Puoi trovare maggiori informazioni nel nostro <a href=\"https:\/\/insektenliebe.com\/haltungsberichte\/diplopoden\/centrobolus-spec-mosambik\/\">rapporto sull&#8217;allevamento!<\/a><\/p>\n<div style=\"width: 1920px;\" class=\"wp-video\"><video class=\"wp-video-shortcode\" id=\"video-183540-1\" width=\"1920\" height=\"1080\" preload=\"metadata\" controls=\"controls\"><source type=\"video\/mp4\" src=\"https:\/\/insektenliebe.com\/wp-content\/uploads\/2018\/11\/Centrobolus-spec.-Mosambik-Produktvideo.mp4?_=1\" \/><a href=\"https:\/\/insektenliebe.com\/wp-content\/uploads\/2018\/11\/Centrobolus-spec.-Mosambik-Produktvideo.mp4\">https:\/\/insektenliebe.com\/wp-content\/uploads\/2018\/11\/Centrobolus-spec.-Mosambik-Produktvideo.mp4<\/a><\/video><\/div>\n","protected":false},"excerpt":{"rendered":"<p>Piccolo millepiedi di colore rosso vivo, adatto anche a piccoli terrari.<\/p>\n","protected":false},"featured_media":183545,"template":"","meta":{"_acf_changed":false},"product-supplier":[],"product_brand":[],"product_cat":[2870],"product_tag":[],"lce-checkout-addons":[2746],"class_list":{"0":"post-183540","1":"product","2":"type-product","3":"status-publish","4":"has-post-thumbnail","6":"product_cat-millipede","7":"product_shipping_class-spedizione-di-animali","8":"pa_herkunft-mozambico","9":"pa_kontinent-africa","10":"lce-checkout-addons-imballaggio-invernale","12":"first","13":"outofstock","14":"taxable","15":"shipping-taxable","16":"purchasable","17":"product-type-simple"},"acf":[],"yoast_head":"<!-- This site is optimized with the Yoast SEO plugin v27.3 - https:\/\/yoast.com\/product\/yoast-seo-wordpress\/ -->\n<title>Centrobolus spec. &quot;Mozambique&quot; - Insektenliebe<\/title>\n<meta name=\"description\" content=\"Acquista online il Centrobolus spec. &quot;Mozambique&quot;. Piccolo millepiedi di colore rosso vivo, adatto anche a piccoli terrari.\" \/>\n<meta name=\"robots\" content=\"index, follow, max-snippet:-1, max-image-preview:large, max-video-preview:-1\" \/>\n<link rel=\"canonical\" href=\"https:\/\/insektenliebe.com\/it\/shop\/prodotto\/centrobolus-spec-mozambique\/\" \/>\n<meta property=\"og:locale\" content=\"it_IT\" \/>\n<meta property=\"og:type\" content=\"article\" \/>\n<meta property=\"og:title\" content=\"Centrobolus spec. &quot;Mozambique&quot; - Insektenliebe\" \/>\n<meta property=\"og:description\" content=\"Acquista online il Centrobolus spec. &quot;Mozambique&quot;. Piccolo millepiedi di colore rosso vivo, adatto anche a piccoli terrari.\" \/>\n<meta property=\"og:url\" content=\"https:\/\/insektenliebe.com\/it\/shop\/prodotto\/centrobolus-spec-mozambique\/\" \/>\n<meta property=\"og:site_name\" content=\"Insektenliebe\" \/>\n<meta property=\"og:image\" content=\"https:\/\/insektenliebe.com\/wp-content\/uploads\/2025\/05\/Centrobolus-spec.-_Mosambik_-2.jpg\" \/>\n\t<meta property=\"og:image:width\" content=\"820\" \/>\n\t<meta property=\"og:image:height\" content=\"820\" \/>\n\t<meta property=\"og:image:type\" content=\"image\/jpeg\" \/>\n<meta name=\"twitter:card\" content=\"summary_large_image\" \/>\n<meta name=\"twitter:label1\" content=\"Tempo di lettura stimato\" \/>\n\t<meta name=\"twitter:data1\" content=\"1 minuto\" \/>\n<script type=\"application\/ld+json\" class=\"yoast-schema-graph\">{\"@context\":\"https:\\\/\\\/schema.org\",\"@graph\":[{\"@type\":\"WebPage\",\"@id\":\"https:\\\/\\\/insektenliebe.com\\\/it\\\/shop\\\/prodotto\\\/centrobolus-spec-mozambique\\\/\",\"url\":\"https:\\\/\\\/insektenliebe.com\\\/it\\\/shop\\\/prodotto\\\/centrobolus-spec-mozambique\\\/\",\"name\":\"Centrobolus spec. \\\"Mozambique\\\" - Insektenliebe\",\"isPartOf\":{\"@id\":\"https:\\\/\\\/insektenliebe.com\\\/it\\\/#website\"},\"primaryImageOfPage\":{\"@id\":\"https:\\\/\\\/insektenliebe.com\\\/it\\\/shop\\\/prodotto\\\/centrobolus-spec-mozambique\\\/#primaryimage\"},\"image\":{\"@id\":\"https:\\\/\\\/insektenliebe.com\\\/it\\\/shop\\\/prodotto\\\/centrobolus-spec-mozambique\\\/#primaryimage\"},\"thumbnailUrl\":\"https:\\\/\\\/insektenliebe.com\\\/wp-content\\\/uploads\\\/2025\\\/05\\\/Centrobolus-spec.-_Mosambik_-2.jpg\",\"datePublished\":\"2018-11-05T15:21:47+00:00\",\"description\":\"Acquista online il Centrobolus spec. \\\"Mozambique\\\". Piccolo millepiedi di colore rosso vivo, adatto anche a piccoli terrari.\",\"breadcrumb\":{\"@id\":\"https:\\\/\\\/insektenliebe.com\\\/it\\\/shop\\\/prodotto\\\/centrobolus-spec-mozambique\\\/#breadcrumb\"},\"inLanguage\":\"it-IT\",\"potentialAction\":[{\"@type\":\"ReadAction\",\"target\":[\"https:\\\/\\\/insektenliebe.com\\\/it\\\/shop\\\/prodotto\\\/centrobolus-spec-mozambique\\\/\"]}]},{\"@type\":\"ImageObject\",\"inLanguage\":\"it-IT\",\"@id\":\"https:\\\/\\\/insektenliebe.com\\\/it\\\/shop\\\/prodotto\\\/centrobolus-spec-mozambique\\\/#primaryimage\",\"url\":\"https:\\\/\\\/insektenliebe.com\\\/wp-content\\\/uploads\\\/2025\\\/05\\\/Centrobolus-spec.-_Mosambik_-2.jpg\",\"contentUrl\":\"https:\\\/\\\/insektenliebe.com\\\/wp-content\\\/uploads\\\/2025\\\/05\\\/Centrobolus-spec.-_Mosambik_-2.jpg\",\"width\":820,\"height\":820,\"caption\":\"Centrobolus-spec.-_Mozambico_-2.jpg\"},{\"@type\":\"BreadcrumbList\",\"@id\":\"https:\\\/\\\/insektenliebe.com\\\/it\\\/shop\\\/prodotto\\\/centrobolus-spec-mozambique\\\/#breadcrumb\",\"itemListElement\":[{\"@type\":\"ListItem\",\"position\":1,\"name\":\"Startseite\",\"item\":\"https:\\\/\\\/insektenliebe.com\\\/it\\\/\"},{\"@type\":\"ListItem\",\"position\":2,\"name\":\"Negozio\",\"item\":\"https:\\\/\\\/insektenliebe.com\\\/it\\\/negozio\\\/\"},{\"@type\":\"ListItem\",\"position\":3,\"name\":\"Centrobolus spec. &#8220;Mozambique&#8221;\"}]},{\"@type\":\"WebSite\",\"@id\":\"https:\\\/\\\/insektenliebe.com\\\/it\\\/#website\",\"url\":\"https:\\\/\\\/insektenliebe.com\\\/it\\\/\",\"name\":\"Insektenliebe\",\"description\":\"Dein Zuhause f\u00fcr die kleinen Lebewesen\",\"publisher\":{\"@id\":\"https:\\\/\\\/insektenliebe.com\\\/it\\\/#organization\"},\"potentialAction\":[{\"@type\":\"SearchAction\",\"target\":{\"@type\":\"EntryPoint\",\"urlTemplate\":\"https:\\\/\\\/insektenliebe.com\\\/it\\\/?s={search_term_string}\"},\"query-input\":{\"@type\":\"PropertyValueSpecification\",\"valueRequired\":true,\"valueName\":\"search_term_string\"}}],\"inLanguage\":\"it-IT\"},{\"@type\":\"Organization\",\"@id\":\"https:\\\/\\\/insektenliebe.com\\\/it\\\/#organization\",\"name\":\"Insektenliebe\",\"url\":\"https:\\\/\\\/insektenliebe.com\\\/it\\\/\",\"logo\":{\"@type\":\"ImageObject\",\"inLanguage\":\"it-IT\",\"@id\":\"https:\\\/\\\/insektenliebe.com\\\/it\\\/#\\\/schema\\\/logo\\\/image\\\/\",\"url\":\"https:\\\/\\\/insektenliebe.com\\\/wp-content\\\/uploads\\\/2025\\\/03\\\/logo-white.png\",\"contentUrl\":\"https:\\\/\\\/insektenliebe.com\\\/wp-content\\\/uploads\\\/2025\\\/03\\\/logo-white.png\",\"width\":288,\"height\":188,\"caption\":\"Insektenliebe\"},\"image\":{\"@id\":\"https:\\\/\\\/insektenliebe.com\\\/it\\\/#\\\/schema\\\/logo\\\/image\\\/\"}}]}<\/script>\n<!-- \/ Yoast SEO plugin. -->","yoast_head_json":{"title":"Centrobolus spec. \"Mozambique\" - Insektenliebe","description":"Acquista online il Centrobolus spec. \"Mozambique\". Piccolo millepiedi di colore rosso vivo, adatto anche a piccoli terrari.","robots":{"index":"index","follow":"follow","max-snippet":"max-snippet:-1","max-image-preview":"max-image-preview:large","max-video-preview":"max-video-preview:-1"},"canonical":"https:\/\/insektenliebe.com\/it\/shop\/prodotto\/centrobolus-spec-mozambique\/","og_locale":"it_IT","og_type":"article","og_title":"Centrobolus spec. \"Mozambique\" - Insektenliebe","og_description":"Acquista online il Centrobolus spec. \"Mozambique\". Piccolo millepiedi di colore rosso vivo, adatto anche a piccoli terrari.","og_url":"https:\/\/insektenliebe.com\/it\/shop\/prodotto\/centrobolus-spec-mozambique\/","og_site_name":"Insektenliebe","og_image":[{"width":820,"height":820,"url":"https:\/\/insektenliebe.com\/wp-content\/uploads\/2025\/05\/Centrobolus-spec.-_Mosambik_-2.jpg","type":"image\/jpeg"}],"twitter_card":"summary_large_image","twitter_misc":{"Tempo di lettura stimato":"1 minuto"},"schema":{"@context":"https:\/\/schema.org","@graph":[{"@type":"WebPage","@id":"https:\/\/insektenliebe.com\/it\/shop\/prodotto\/centrobolus-spec-mozambique\/","url":"https:\/\/insektenliebe.com\/it\/shop\/prodotto\/centrobolus-spec-mozambique\/","name":"Centrobolus spec. \"Mozambique\" - Insektenliebe","isPartOf":{"@id":"https:\/\/insektenliebe.com\/it\/#website"},"primaryImageOfPage":{"@id":"https:\/\/insektenliebe.com\/it\/shop\/prodotto\/centrobolus-spec-mozambique\/#primaryimage"},"image":{"@id":"https:\/\/insektenliebe.com\/it\/shop\/prodotto\/centrobolus-spec-mozambique\/#primaryimage"},"thumbnailUrl":"https:\/\/insektenliebe.com\/wp-content\/uploads\/2025\/05\/Centrobolus-spec.-_Mosambik_-2.jpg","datePublished":"2018-11-05T15:21:47+00:00","description":"Acquista online il Centrobolus spec. \"Mozambique\". Piccolo millepiedi di colore rosso vivo, adatto anche a piccoli terrari.","breadcrumb":{"@id":"https:\/\/insektenliebe.com\/it\/shop\/prodotto\/centrobolus-spec-mozambique\/#breadcrumb"},"inLanguage":"it-IT","potentialAction":[{"@type":"ReadAction","target":["https:\/\/insektenliebe.com\/it\/shop\/prodotto\/centrobolus-spec-mozambique\/"]}]},{"@type":"ImageObject","inLanguage":"it-IT","@id":"https:\/\/insektenliebe.com\/it\/shop\/prodotto\/centrobolus-spec-mozambique\/#primaryimage","url":"https:\/\/insektenliebe.com\/wp-content\/uploads\/2025\/05\/Centrobolus-spec.-_Mosambik_-2.jpg","contentUrl":"https:\/\/insektenliebe.com\/wp-content\/uploads\/2025\/05\/Centrobolus-spec.-_Mosambik_-2.jpg","width":820,"height":820,"caption":"Centrobolus-spec.-_Mozambico_-2.jpg"},{"@type":"BreadcrumbList","@id":"https:\/\/insektenliebe.com\/it\/shop\/prodotto\/centrobolus-spec-mozambique\/#breadcrumb","itemListElement":[{"@type":"ListItem","position":1,"name":"Startseite","item":"https:\/\/insektenliebe.com\/it\/"},{"@type":"ListItem","position":2,"name":"Negozio","item":"https:\/\/insektenliebe.com\/it\/negozio\/"},{"@type":"ListItem","position":3,"name":"Centrobolus spec. &#8220;Mozambique&#8221;"}]},{"@type":"WebSite","@id":"https:\/\/insektenliebe.com\/it\/#website","url":"https:\/\/insektenliebe.com\/it\/","name":"Insektenliebe","description":"Dein Zuhause f\u00fcr die kleinen Lebewesen","publisher":{"@id":"https:\/\/insektenliebe.com\/it\/#organization"},"potentialAction":[{"@type":"SearchAction","target":{"@type":"EntryPoint","urlTemplate":"https:\/\/insektenliebe.com\/it\/?s={search_term_string}"},"query-input":{"@type":"PropertyValueSpecification","valueRequired":true,"valueName":"search_term_string"}}],"inLanguage":"it-IT"},{"@type":"Organization","@id":"https:\/\/insektenliebe.com\/it\/#organization","name":"Insektenliebe","url":"https:\/\/insektenliebe.com\/it\/","logo":{"@type":"ImageObject","inLanguage":"it-IT","@id":"https:\/\/insektenliebe.com\/it\/#\/schema\/logo\/image\/","url":"https:\/\/insektenliebe.com\/wp-content\/uploads\/2025\/03\/logo-white.png","contentUrl":"https:\/\/insektenliebe.com\/wp-content\/uploads\/2025\/03\/logo-white.png","width":288,"height":188,"caption":"Insektenliebe"},"image":{"@id":"https:\/\/insektenliebe.com\/it\/#\/schema\/logo\/image\/"}}]}},"_links":{"self":[{"href":"https:\/\/insektenliebe.com\/it\/wp-json\/wp\/v2\/product\/183540","targetHints":{"allow":["GET"]}}],"collection":[{"href":"https:\/\/insektenliebe.com\/it\/wp-json\/wp\/v2\/product"}],"about":[{"href":"https:\/\/insektenliebe.com\/it\/wp-json\/wp\/v2\/types\/product"}],"wp:featuredmedia":[{"embeddable":true,"href":"https:\/\/insektenliebe.com\/it\/wp-json\/wp\/v2\/media\/183545"}],"wp:attachment":[{"href":"https:\/\/insektenliebe.com\/it\/wp-json\/wp\/v2\/media?parent=183540"}],"wp:term":[{"taxonomy":"product-supplier","embeddable":true,"href":"https:\/\/insektenliebe.com\/it\/wp-json\/wp\/v2\/product-supplier?post=183540"},{"taxonomy":"product_brand","embeddable":true,"href":"https:\/\/insektenliebe.com\/it\/wp-json\/wp\/v2\/product_brand?post=183540"},{"taxonomy":"product_cat","embeddable":true,"href":"https:\/\/insektenliebe.com\/it\/wp-json\/wp\/v2\/product_cat?post=183540"},{"taxonomy":"product_tag","embeddable":true,"href":"https:\/\/insektenliebe.com\/it\/wp-json\/wp\/v2\/product_tag?post=183540"},{"taxonomy":"lce-checkout-addons","embeddable":true,"href":"https:\/\/insektenliebe.com\/it\/wp-json\/wp\/v2\/lce-checkout-addons?post=183540"}],"curies":[{"name":"wp","href":"https:\/\/api.w.org\/{rel}","templated":true}]}}