{"id":183539,"date":"2018-09-28T11:34:00","date_gmt":"2018-09-28T09:34:00","guid":{"rendered":"https:\/\/insektenliebe.com\/shop\/produkt\/porcellio-spatulatus\/"},"modified":"2026-03-05T18:02:02","modified_gmt":"2026-03-05T17:02:02","slug":"porcellio-spatulatus","status":"publish","type":"product","link":"https:\/\/insektenliebe.com\/it\/shop\/prodotto\/porcellio-spatulatus\/","title":{"rendered":"Porcellio spatulatus"},"content":{"rendered":"<div class=\"vc_row wpb_row vc_row-fluid prrow\">\n<div class=\"wpb_column vc_column_container vc_col-sm-3\">\n<div class=\"vc_column-inner \">\n<div class=\"wpb_wrapper\">\n<div class=\"wpb_text_column wpb_content_element \">\n<div class=\"wpb_wrapper\">\n<h3 class=\"p1\"><span style=\"color: #99cc33;\"><strong><span class=\"s1\">Porcellio spatulatus - rara cocciniglia da terrario con un&#8217;ampia silhouette<\/span><\/strong><\/span><\/h3>\n<p class=\"p1\"><strong><span class=\"s1\">Porcellio spatulatus<\/span><\/strong><span class=\"s2\">  \u00e8 una delle specie di isopodi che non si dimenticano a prima vista. Il suo corpo \u00e8 significativamente pi\u00f9 largo di quello di molte altre specie di Porcellio e le pleure appaiono quasi \"a spatola\". \u00c8 proprio questa particolare silhouette che rende questa specie cos\u00ec popolare nell&#8217;hobby. Nelle regioni calde e in parte rocciose dell&#8217;Europa meridionale, vive sotto le pietre e il legno, dove preferisce microhabitat asciutti ma ben ventilati. Qui \u00e8 sorprendentemente attiva e mostra un comportamento sicuro di s\u00e9 che pu\u00f2 essere osservato regolarmente anche nel terrario.    <\/span><\/p>\n<p class=\"p1\"><span class=\"s2\">Nel terrario <strong><span class=\"s1\">Porcellio spatolato<\/span><\/strong><\/span><span class=\"s2\">  molto visibile, soprattutto con una buona struttura. Utilizza pezzi di corteccia, grotte di sughero e pezzi di legno grezzo non solo come nascondigli ma anche come superfici di arrampicata. Gli animali si muovono rapidamente ma non appaiono mai nervosi. Il loro comportamento assomiglia a     <\/span><span class=\"s1\">Porcellio expansus<\/span><span class=\"s2\"> o <\/span><span class=\"s1\">Porcellio magnificus<\/span><span class=\"s2\">ma rimane <\/span><span class=\"s1\">spatolato<\/span><span class=\"s2\">  di solito \u00e8 un po&#8217; pi\u00f9 piccola e compatta. Tuttavia, ha una presenza imponente e immediatamente riconoscibile. <\/span><\/p>\n<p class=\"p1\"><span class=\"s2\">Quando viene allevata, questa specie preferisce zone ben delimitate. La maggior parte del terrario dovrebbe essere asciutta, mentre solo una piccola zona viene mantenuta leggermente umida. Questa zona umida \u00e8 importante per la muta e per l&#8217;assorbimento dell&#8217;acqua, ma <strong><span class=\"s1\">Porcellio spatolato<\/span><\/strong>  <\/span><span class=\"s2\">  reagisce in modo sensibile se l&#8217;intero impianto diventa troppo umido. Una buona ventilazione \u00e8 quindi fondamentale. Fogliame, legno bianco marcio e integratori ricchi di minerali come l&#8217;osso di seppia fanno parte dei requisiti fondamentali di questa specie. A causa della sua robusta struttura corporea, ha bisogno di una fonte regolare di proteine, ad esempio sotto forma di cibo per pesci o insetti essiccati, che favoriscono lo sviluppo e la vitalit\u00e0 della colonia.  <\/span><\/p>\n<p class=\"p1\"><span class=\"s2\">Questa specie mostra un interessante comportamento sociale. Gli animali spesso si riuniscono in gruppi, soprattutto sotto pezzi di sughero o in fessure auto-create. Allo stesso tempo, la sera si disperdono nel terrario e sono facili da osservare. Si riproducono in modo affidabile in condizioni stabili, ma spesso pi\u00f9 lentamente dei classici isopodi principianti. Per questo motivo <strong><span class=\"s1\">Porcellio spatulatus<\/span><\/strong>    <\/span><span class=\"s2\">  Ideale per i proprietari che cercano una specie speciale che non cresca troppo velocemente, ma che sia comunque attiva e presente.<\/span><\/p>\n<p class=\"p1\"><span class=\"s2\">Se stai cercando una specie di isopode robusta, dalla forma insolita e molto visibile, la troverai in <strong><span class=\"s1\">Porcellio spatulatus<\/span><\/strong><\/span><span class=\"s2\">  una vera specialit\u00e0. Combina un aspetto imponente con un comportamento entusiasmante e arricchisce ogni terrario con il suo aspetto sorprendente. <\/span><\/p>\n<\/div>\n<\/div>\n<\/div>\n<\/div>\n<\/div>\n<\/div>\n","protected":false},"excerpt":{"rendered":"<p>Il suo fisico piatto e largo la rende un punto di forza assoluto per me.<\/p>\n","protected":false},"featured_media":183544,"template":"","meta":{"_acf_changed":false},"product-supplier":[],"product_brand":[],"product_cat":[2787,2788],"product_tag":[],"lce-checkout-addons":[2746],"class_list":{"0":"post-183539","1":"product","2":"type-product","3":"status-publish","4":"has-post-thumbnail","6":"product_cat-porcellino-di-legno-porcellio","7":"product_cat-woodlice","8":"product_shipping_class-spedizione-di-animali","9":"pa_herkunft-cosmopolitan","10":"pa_kontinent-europa","11":"lce-checkout-addons-imballaggio-invernale","13":"first","14":"instock","15":"sale","16":"taxable","17":"shipping-taxable","18":"purchasable","19":"product-type-simple"},"acf":[],"yoast_head":"<!-- This site is optimized with the Yoast SEO plugin v27.3 - https:\/\/yoast.com\/product\/yoast-seo-wordpress\/ -->\n<title>Porcellio spatulatus - Insektenliebe<\/title>\n<meta name=\"description\" content=\"Acquista online il Porcellio spatulatus. Con il suo corpo piatto e largo, per me \u00e8 un punto di forza assoluto. Acquista direttamente dall&#039;allevatore!\" \/>\n<meta name=\"robots\" content=\"index, follow, max-snippet:-1, max-image-preview:large, max-video-preview:-1\" \/>\n<link rel=\"canonical\" href=\"https:\/\/insektenliebe.com\/it\/shop\/prodotto\/porcellio-spatulatus\/\" \/>\n<meta property=\"og:locale\" content=\"it_IT\" \/>\n<meta property=\"og:type\" content=\"article\" \/>\n<meta property=\"og:title\" content=\"Porcellio spatulatus - Insektenliebe\" \/>\n<meta property=\"og:description\" content=\"Acquista online il Porcellio spatulatus. Con il suo corpo piatto e largo, per me \u00e8 un punto di forza assoluto. Acquista direttamente dall&#039;allevatore!\" \/>\n<meta property=\"og:url\" content=\"https:\/\/insektenliebe.com\/it\/shop\/prodotto\/porcellio-spatulatus\/\" \/>\n<meta property=\"og:site_name\" content=\"Insektenliebe\" \/>\n<meta property=\"article:modified_time\" content=\"2026-03-05T17:02:02+00:00\" \/>\n<meta property=\"og:image\" content=\"https:\/\/insektenliebe.com\/wp-content\/uploads\/2018\/09\/Porcellio-spatulatus.jpg\" \/>\n\t<meta property=\"og:image:width\" content=\"820\" \/>\n\t<meta property=\"og:image:height\" content=\"820\" \/>\n\t<meta property=\"og:image:type\" content=\"image\/jpeg\" \/>\n<meta name=\"twitter:card\" content=\"summary_large_image\" \/>\n<meta name=\"twitter:label1\" content=\"Tempo di lettura stimato\" \/>\n\t<meta name=\"twitter:data1\" content=\"2 minuto\" \/>\n<script type=\"application\/ld+json\" class=\"yoast-schema-graph\">{\"@context\":\"https:\\\/\\\/schema.org\",\"@graph\":[{\"@type\":\"WebPage\",\"@id\":\"https:\\\/\\\/insektenliebe.com\\\/it\\\/shop\\\/prodotto\\\/porcellio-spatulatus\\\/\",\"url\":\"https:\\\/\\\/insektenliebe.com\\\/it\\\/shop\\\/prodotto\\\/porcellio-spatulatus\\\/\",\"name\":\"Porcellio spatulatus - Insektenliebe\",\"isPartOf\":{\"@id\":\"https:\\\/\\\/insektenliebe.com\\\/it\\\/#website\"},\"primaryImageOfPage\":{\"@id\":\"https:\\\/\\\/insektenliebe.com\\\/it\\\/shop\\\/prodotto\\\/porcellio-spatulatus\\\/#primaryimage\"},\"image\":{\"@id\":\"https:\\\/\\\/insektenliebe.com\\\/it\\\/shop\\\/prodotto\\\/porcellio-spatulatus\\\/#primaryimage\"},\"thumbnailUrl\":\"https:\\\/\\\/insektenliebe.com\\\/wp-content\\\/uploads\\\/2018\\\/09\\\/Porcellio-spatulatus.jpg\",\"datePublished\":\"2018-09-28T09:34:00+00:00\",\"dateModified\":\"2026-03-05T17:02:02+00:00\",\"description\":\"Acquista online il Porcellio spatulatus. Con il suo corpo piatto e largo, per me \u00e8 un punto di forza assoluto. Acquista direttamente dall'allevatore!\",\"breadcrumb\":{\"@id\":\"https:\\\/\\\/insektenliebe.com\\\/it\\\/shop\\\/prodotto\\\/porcellio-spatulatus\\\/#breadcrumb\"},\"inLanguage\":\"it-IT\",\"potentialAction\":[{\"@type\":\"ReadAction\",\"target\":[\"https:\\\/\\\/insektenliebe.com\\\/it\\\/shop\\\/prodotto\\\/porcellio-spatulatus\\\/\"]}]},{\"@type\":\"ImageObject\",\"inLanguage\":\"it-IT\",\"@id\":\"https:\\\/\\\/insektenliebe.com\\\/it\\\/shop\\\/prodotto\\\/porcellio-spatulatus\\\/#primaryimage\",\"url\":\"https:\\\/\\\/insektenliebe.com\\\/wp-content\\\/uploads\\\/2018\\\/09\\\/Porcellio-spatulatus.jpg\",\"contentUrl\":\"https:\\\/\\\/insektenliebe.com\\\/wp-content\\\/uploads\\\/2018\\\/09\\\/Porcellio-spatulatus.jpg\",\"width\":820,\"height\":820,\"caption\":\"Porcellio spatulatus\"},{\"@type\":\"BreadcrumbList\",\"@id\":\"https:\\\/\\\/insektenliebe.com\\\/it\\\/shop\\\/prodotto\\\/porcellio-spatulatus\\\/#breadcrumb\",\"itemListElement\":[{\"@type\":\"ListItem\",\"position\":1,\"name\":\"Startseite\",\"item\":\"https:\\\/\\\/insektenliebe.com\\\/it\\\/\"},{\"@type\":\"ListItem\",\"position\":2,\"name\":\"Negozio\",\"item\":\"https:\\\/\\\/insektenliebe.com\\\/it\\\/negozio\\\/\"},{\"@type\":\"ListItem\",\"position\":3,\"name\":\"Porcellio spatulatus\"}]},{\"@type\":\"WebSite\",\"@id\":\"https:\\\/\\\/insektenliebe.com\\\/it\\\/#website\",\"url\":\"https:\\\/\\\/insektenliebe.com\\\/it\\\/\",\"name\":\"Insektenliebe\",\"description\":\"Dein Zuhause f\u00fcr die kleinen Lebewesen\",\"publisher\":{\"@id\":\"https:\\\/\\\/insektenliebe.com\\\/it\\\/#organization\"},\"potentialAction\":[{\"@type\":\"SearchAction\",\"target\":{\"@type\":\"EntryPoint\",\"urlTemplate\":\"https:\\\/\\\/insektenliebe.com\\\/it\\\/?s={search_term_string}\"},\"query-input\":{\"@type\":\"PropertyValueSpecification\",\"valueRequired\":true,\"valueName\":\"search_term_string\"}}],\"inLanguage\":\"it-IT\"},{\"@type\":\"Organization\",\"@id\":\"https:\\\/\\\/insektenliebe.com\\\/it\\\/#organization\",\"name\":\"Insektenliebe\",\"url\":\"https:\\\/\\\/insektenliebe.com\\\/it\\\/\",\"logo\":{\"@type\":\"ImageObject\",\"inLanguage\":\"it-IT\",\"@id\":\"https:\\\/\\\/insektenliebe.com\\\/it\\\/#\\\/schema\\\/logo\\\/image\\\/\",\"url\":\"https:\\\/\\\/insektenliebe.com\\\/wp-content\\\/uploads\\\/2025\\\/03\\\/logo-white.png\",\"contentUrl\":\"https:\\\/\\\/insektenliebe.com\\\/wp-content\\\/uploads\\\/2025\\\/03\\\/logo-white.png\",\"width\":288,\"height\":188,\"caption\":\"Insektenliebe\"},\"image\":{\"@id\":\"https:\\\/\\\/insektenliebe.com\\\/it\\\/#\\\/schema\\\/logo\\\/image\\\/\"}}]}<\/script>\n<!-- \/ Yoast SEO plugin. -->","yoast_head_json":{"title":"Porcellio spatulatus - Insektenliebe","description":"Acquista online il Porcellio spatulatus. Con il suo corpo piatto e largo, per me \u00e8 un punto di forza assoluto. Acquista direttamente dall'allevatore!","robots":{"index":"index","follow":"follow","max-snippet":"max-snippet:-1","max-image-preview":"max-image-preview:large","max-video-preview":"max-video-preview:-1"},"canonical":"https:\/\/insektenliebe.com\/it\/shop\/prodotto\/porcellio-spatulatus\/","og_locale":"it_IT","og_type":"article","og_title":"Porcellio spatulatus - Insektenliebe","og_description":"Acquista online il Porcellio spatulatus. Con il suo corpo piatto e largo, per me \u00e8 un punto di forza assoluto. Acquista direttamente dall'allevatore!","og_url":"https:\/\/insektenliebe.com\/it\/shop\/prodotto\/porcellio-spatulatus\/","og_site_name":"Insektenliebe","article_modified_time":"2026-03-05T17:02:02+00:00","og_image":[{"width":820,"height":820,"url":"https:\/\/insektenliebe.com\/wp-content\/uploads\/2018\/09\/Porcellio-spatulatus.jpg","type":"image\/jpeg"}],"twitter_card":"summary_large_image","twitter_misc":{"Tempo di lettura stimato":"2 minuto"},"schema":{"@context":"https:\/\/schema.org","@graph":[{"@type":"WebPage","@id":"https:\/\/insektenliebe.com\/it\/shop\/prodotto\/porcellio-spatulatus\/","url":"https:\/\/insektenliebe.com\/it\/shop\/prodotto\/porcellio-spatulatus\/","name":"Porcellio spatulatus - Insektenliebe","isPartOf":{"@id":"https:\/\/insektenliebe.com\/it\/#website"},"primaryImageOfPage":{"@id":"https:\/\/insektenliebe.com\/it\/shop\/prodotto\/porcellio-spatulatus\/#primaryimage"},"image":{"@id":"https:\/\/insektenliebe.com\/it\/shop\/prodotto\/porcellio-spatulatus\/#primaryimage"},"thumbnailUrl":"https:\/\/insektenliebe.com\/wp-content\/uploads\/2018\/09\/Porcellio-spatulatus.jpg","datePublished":"2018-09-28T09:34:00+00:00","dateModified":"2026-03-05T17:02:02+00:00","description":"Acquista online il Porcellio spatulatus. Con il suo corpo piatto e largo, per me \u00e8 un punto di forza assoluto. Acquista direttamente dall'allevatore!","breadcrumb":{"@id":"https:\/\/insektenliebe.com\/it\/shop\/prodotto\/porcellio-spatulatus\/#breadcrumb"},"inLanguage":"it-IT","potentialAction":[{"@type":"ReadAction","target":["https:\/\/insektenliebe.com\/it\/shop\/prodotto\/porcellio-spatulatus\/"]}]},{"@type":"ImageObject","inLanguage":"it-IT","@id":"https:\/\/insektenliebe.com\/it\/shop\/prodotto\/porcellio-spatulatus\/#primaryimage","url":"https:\/\/insektenliebe.com\/wp-content\/uploads\/2018\/09\/Porcellio-spatulatus.jpg","contentUrl":"https:\/\/insektenliebe.com\/wp-content\/uploads\/2018\/09\/Porcellio-spatulatus.jpg","width":820,"height":820,"caption":"Porcellio spatulatus"},{"@type":"BreadcrumbList","@id":"https:\/\/insektenliebe.com\/it\/shop\/prodotto\/porcellio-spatulatus\/#breadcrumb","itemListElement":[{"@type":"ListItem","position":1,"name":"Startseite","item":"https:\/\/insektenliebe.com\/it\/"},{"@type":"ListItem","position":2,"name":"Negozio","item":"https:\/\/insektenliebe.com\/it\/negozio\/"},{"@type":"ListItem","position":3,"name":"Porcellio spatulatus"}]},{"@type":"WebSite","@id":"https:\/\/insektenliebe.com\/it\/#website","url":"https:\/\/insektenliebe.com\/it\/","name":"Insektenliebe","description":"Dein Zuhause f\u00fcr die kleinen Lebewesen","publisher":{"@id":"https:\/\/insektenliebe.com\/it\/#organization"},"potentialAction":[{"@type":"SearchAction","target":{"@type":"EntryPoint","urlTemplate":"https:\/\/insektenliebe.com\/it\/?s={search_term_string}"},"query-input":{"@type":"PropertyValueSpecification","valueRequired":true,"valueName":"search_term_string"}}],"inLanguage":"it-IT"},{"@type":"Organization","@id":"https:\/\/insektenliebe.com\/it\/#organization","name":"Insektenliebe","url":"https:\/\/insektenliebe.com\/it\/","logo":{"@type":"ImageObject","inLanguage":"it-IT","@id":"https:\/\/insektenliebe.com\/it\/#\/schema\/logo\/image\/","url":"https:\/\/insektenliebe.com\/wp-content\/uploads\/2025\/03\/logo-white.png","contentUrl":"https:\/\/insektenliebe.com\/wp-content\/uploads\/2025\/03\/logo-white.png","width":288,"height":188,"caption":"Insektenliebe"},"image":{"@id":"https:\/\/insektenliebe.com\/it\/#\/schema\/logo\/image\/"}}]}},"_links":{"self":[{"href":"https:\/\/insektenliebe.com\/it\/wp-json\/wp\/v2\/product\/183539","targetHints":{"allow":["GET"]}}],"collection":[{"href":"https:\/\/insektenliebe.com\/it\/wp-json\/wp\/v2\/product"}],"about":[{"href":"https:\/\/insektenliebe.com\/it\/wp-json\/wp\/v2\/types\/product"}],"wp:featuredmedia":[{"embeddable":true,"href":"https:\/\/insektenliebe.com\/it\/wp-json\/wp\/v2\/media\/183544"}],"wp:attachment":[{"href":"https:\/\/insektenliebe.com\/it\/wp-json\/wp\/v2\/media?parent=183539"}],"wp:term":[{"taxonomy":"product-supplier","embeddable":true,"href":"https:\/\/insektenliebe.com\/it\/wp-json\/wp\/v2\/product-supplier?post=183539"},{"taxonomy":"product_brand","embeddable":true,"href":"https:\/\/insektenliebe.com\/it\/wp-json\/wp\/v2\/product_brand?post=183539"},{"taxonomy":"product_cat","embeddable":true,"href":"https:\/\/insektenliebe.com\/it\/wp-json\/wp\/v2\/product_cat?post=183539"},{"taxonomy":"product_tag","embeddable":true,"href":"https:\/\/insektenliebe.com\/it\/wp-json\/wp\/v2\/product_tag?post=183539"},{"taxonomy":"lce-checkout-addons","embeddable":true,"href":"https:\/\/insektenliebe.com\/it\/wp-json\/wp\/v2\/lce-checkout-addons?post=183539"}],"curies":[{"name":"wp","href":"https:\/\/api.w.org\/{rel}","templated":true}]}}