{"id":183534,"date":"2018-11-30T15:10:31","date_gmt":"2018-11-30T15:10:31","guid":{"rendered":"https:\/\/insektenliebe.com\/shop\/produkt\/voucher\/"},"modified":"2018-11-30T15:10:31","modified_gmt":"2018-11-30T14:10:31","slug":"voucher","status":"publish","type":"product","link":"https:\/\/insektenliebe.com\/it\/shop\/prodotto\/voucher\/","title":{"rendered":"Voucher"},"content":{"rendered":"<h3><span class=\"s1\" style=\"color: #99cc33\">Buono regalo Insektenbe - la gioia che svolazza in casa<\/span><\/h3>\n<p class=\"p1\"><span class=\"s1\">Vuoi fare un regalo speciale a qualcuno, ma non sei sicuro di quale animale o accessorio sia adatto? Allora il nostro buono Insektenliebe \u00e8 la soluzione perfetta! Con questo buono non solo regalerai a qualcuno un pezzo di natura, ma avrai anche l&#8217;opportunit\u00e0 di scegliere tu stesso dal nostro vasto assortimento, senza alcuno stress o incertezza.  <\/span><\/p>\n<p class=\"p1\"><span class=\"s1\">Dopo l&#8217;acquisto, ti invieremo per posta un voucher cartaceo dal design accattivante. Non un noioso PDF da scaricare, ma una vera e propria lettera che potrai consegnare o inviare direttamente. La stampa di alta qualit\u00e0 e il design minimalista rendono il buono un regalo elegante, sia per un compleanno, che per Natale o semplicemente per una piccola sorpresa.  <\/span><\/p>\n<p class=\"p1\"><span class=\"s1\">Particolarmente bello: il nostro buono regalo non \u00e8 adatto solo ai fan sfegatati dei terrari, ma anche a tutti coloro che sono alle prime armi con ragni saltatori, isopodi, mantidi o accessori esotici. Il destinatario pu\u00f2 acquistare liberamente in tutto il negozio Insektenliebe, senza alcuna restrizione. <\/span><\/p>\n<p class=\"p1\"><span class=\"s1\">Il valore del buono \u00e8 liberamente selezionabile, cos\u00ec potrai personalizzare il tuo regalo. E non preoccuparti: il buono \u00e8 valido per diversi anni e non deve essere riscattato tutto in una volta. Ideale per piccoli e grandi desideri!  <\/span><\/p>\n<p class=\"p1\"><span class=\"s1\">Rendi il tutto pi\u00f9 semplice per te e per la tua persona preferita un grande piacere.  <\/span><span class=\"s1\">Regala la variet\u00e0. Regala il fascino del fascino. Regala l&#8217;amore per gli insetti.  <\/span><\/p>\n<p><strong>Il buono \u00e8 solo per la merce, non per le spese di spedizione.<\/strong><\/p>\n","protected":false},"excerpt":{"rendered":"<p>Buono regalo Insektenbe - la gioia che svolazza in casa Vuoi fare un regalo speciale a qualcuno, ma non sei sicuro di quale animale o accessorio sia adatto? Allora il nostro buono Insektenliebe \u00e8 la soluzione perfetta! Con questo buono non solo regalerai a qualcuno un pezzo di natura, ma avrai anche l&#8217;opportunit\u00e0 di scegliere [&hellip;]<\/p>\n","protected":false},"featured_media":183535,"template":"","meta":{"_acf_changed":false},"product-supplier":[],"product_brand":[],"product_cat":[2888],"product_tag":[],"lce-checkout-addons":[],"class_list":{"0":"post-183534","1":"product","2":"type-product","3":"status-publish","4":"has-post-thumbnail","6":"product_cat-merchandising-e-letteratura","7":"product_shipping_class-mail-shipping","9":"first","10":"instock","11":"purchasable","12":"product-type-variable"},"acf":[],"yoast_head":"<!-- This site is optimized with the Yoast SEO plugin v27.3 - https:\/\/yoast.com\/product\/yoast-seo-wordpress\/ -->\n<title>Voucher - Insektenliebe<\/title>\n<meta name=\"description\" content=\"Regala la gioia con il voucher Insektenliebe! Ti invieremo un buono stampato per posta, perfetto come regalo per gli amanti degli animali.\" \/>\n<meta name=\"robots\" content=\"index, follow, max-snippet:-1, max-image-preview:large, max-video-preview:-1\" \/>\n<link rel=\"canonical\" href=\"https:\/\/insektenliebe.com\/it\/shop\/prodotto\/voucher\/\" \/>\n<meta property=\"og:locale\" content=\"it_IT\" \/>\n<meta property=\"og:type\" content=\"article\" \/>\n<meta property=\"og:title\" content=\"Voucher - Insektenliebe\" \/>\n<meta property=\"og:description\" content=\"Regala la gioia con il voucher Insektenliebe! Ti invieremo un buono stampato per posta, perfetto come regalo per gli amanti degli animali.\" \/>\n<meta property=\"og:url\" content=\"https:\/\/insektenliebe.com\/it\/shop\/prodotto\/voucher\/\" \/>\n<meta property=\"og:site_name\" content=\"Insektenliebe\" \/>\n<meta property=\"og:image\" content=\"https:\/\/insektenliebe.com\/wp-content\/uploads\/2025\/05\/Wertgutschein-1-2.jpg\" \/>\n\t<meta property=\"og:image:width\" content=\"820\" \/>\n\t<meta property=\"og:image:height\" content=\"820\" \/>\n\t<meta property=\"og:image:type\" content=\"image\/jpeg\" \/>\n<meta name=\"twitter:card\" content=\"summary_large_image\" \/>\n<meta name=\"twitter:label1\" content=\"Tempo di lettura stimato\" \/>\n\t<meta name=\"twitter:data1\" content=\"1 minuto\" \/>\n<script type=\"application\/ld+json\" class=\"yoast-schema-graph\">{\"@context\":\"https:\\\/\\\/schema.org\",\"@graph\":[{\"@type\":\"WebPage\",\"@id\":\"https:\\\/\\\/insektenliebe.com\\\/it\\\/shop\\\/prodotto\\\/voucher\\\/\",\"url\":\"https:\\\/\\\/insektenliebe.com\\\/it\\\/shop\\\/prodotto\\\/voucher\\\/\",\"name\":\"Voucher - Insektenliebe\",\"isPartOf\":{\"@id\":\"https:\\\/\\\/insektenliebe.com\\\/it\\\/#website\"},\"primaryImageOfPage\":{\"@id\":\"https:\\\/\\\/insektenliebe.com\\\/it\\\/shop\\\/prodotto\\\/voucher\\\/#primaryimage\"},\"image\":{\"@id\":\"https:\\\/\\\/insektenliebe.com\\\/it\\\/shop\\\/prodotto\\\/voucher\\\/#primaryimage\"},\"thumbnailUrl\":\"https:\\\/\\\/insektenliebe.com\\\/wp-content\\\/uploads\\\/2025\\\/05\\\/Wertgutschein-1-2.jpg\",\"datePublished\":\"2018-11-30T15:10:31+00:00\",\"description\":\"Regala la gioia con il voucher Insektenliebe! Ti invieremo un buono stampato per posta, perfetto come regalo per gli amanti degli animali.\",\"breadcrumb\":{\"@id\":\"https:\\\/\\\/insektenliebe.com\\\/it\\\/shop\\\/prodotto\\\/voucher\\\/#breadcrumb\"},\"inLanguage\":\"it-IT\",\"potentialAction\":[{\"@type\":\"ReadAction\",\"target\":[\"https:\\\/\\\/insektenliebe.com\\\/it\\\/shop\\\/prodotto\\\/voucher\\\/\"]}]},{\"@type\":\"ImageObject\",\"inLanguage\":\"it-IT\",\"@id\":\"https:\\\/\\\/insektenliebe.com\\\/it\\\/shop\\\/prodotto\\\/voucher\\\/#primaryimage\",\"url\":\"https:\\\/\\\/insektenliebe.com\\\/wp-content\\\/uploads\\\/2025\\\/05\\\/Wertgutschein-1-2.jpg\",\"contentUrl\":\"https:\\\/\\\/insektenliebe.com\\\/wp-content\\\/uploads\\\/2025\\\/05\\\/Wertgutschein-1-2.jpg\",\"width\":820,\"height\":820,\"caption\":\"Voucher-1-2.jpg\"},{\"@type\":\"BreadcrumbList\",\"@id\":\"https:\\\/\\\/insektenliebe.com\\\/it\\\/shop\\\/prodotto\\\/voucher\\\/#breadcrumb\",\"itemListElement\":[{\"@type\":\"ListItem\",\"position\":1,\"name\":\"Startseite\",\"item\":\"https:\\\/\\\/insektenliebe.com\\\/it\\\/\"},{\"@type\":\"ListItem\",\"position\":2,\"name\":\"Negozio\",\"item\":\"https:\\\/\\\/insektenliebe.com\\\/it\\\/negozio\\\/\"},{\"@type\":\"ListItem\",\"position\":3,\"name\":\"Voucher\"}]},{\"@type\":\"WebSite\",\"@id\":\"https:\\\/\\\/insektenliebe.com\\\/it\\\/#website\",\"url\":\"https:\\\/\\\/insektenliebe.com\\\/it\\\/\",\"name\":\"Insektenliebe\",\"description\":\"Dein Zuhause f\u00fcr die kleinen Lebewesen\",\"publisher\":{\"@id\":\"https:\\\/\\\/insektenliebe.com\\\/it\\\/#organization\"},\"potentialAction\":[{\"@type\":\"SearchAction\",\"target\":{\"@type\":\"EntryPoint\",\"urlTemplate\":\"https:\\\/\\\/insektenliebe.com\\\/it\\\/?s={search_term_string}\"},\"query-input\":{\"@type\":\"PropertyValueSpecification\",\"valueRequired\":true,\"valueName\":\"search_term_string\"}}],\"inLanguage\":\"it-IT\"},{\"@type\":\"Organization\",\"@id\":\"https:\\\/\\\/insektenliebe.com\\\/it\\\/#organization\",\"name\":\"Insektenliebe\",\"url\":\"https:\\\/\\\/insektenliebe.com\\\/it\\\/\",\"logo\":{\"@type\":\"ImageObject\",\"inLanguage\":\"it-IT\",\"@id\":\"https:\\\/\\\/insektenliebe.com\\\/it\\\/#\\\/schema\\\/logo\\\/image\\\/\",\"url\":\"https:\\\/\\\/insektenliebe.com\\\/wp-content\\\/uploads\\\/2025\\\/03\\\/logo-white.png\",\"contentUrl\":\"https:\\\/\\\/insektenliebe.com\\\/wp-content\\\/uploads\\\/2025\\\/03\\\/logo-white.png\",\"width\":288,\"height\":188,\"caption\":\"Insektenliebe\"},\"image\":{\"@id\":\"https:\\\/\\\/insektenliebe.com\\\/it\\\/#\\\/schema\\\/logo\\\/image\\\/\"}}]}<\/script>\n<!-- \/ Yoast SEO plugin. -->","yoast_head_json":{"title":"Voucher - Insektenliebe","description":"Regala la gioia con il voucher Insektenliebe! Ti invieremo un buono stampato per posta, perfetto come regalo per gli amanti degli animali.","robots":{"index":"index","follow":"follow","max-snippet":"max-snippet:-1","max-image-preview":"max-image-preview:large","max-video-preview":"max-video-preview:-1"},"canonical":"https:\/\/insektenliebe.com\/it\/shop\/prodotto\/voucher\/","og_locale":"it_IT","og_type":"article","og_title":"Voucher - Insektenliebe","og_description":"Regala la gioia con il voucher Insektenliebe! Ti invieremo un buono stampato per posta, perfetto come regalo per gli amanti degli animali.","og_url":"https:\/\/insektenliebe.com\/it\/shop\/prodotto\/voucher\/","og_site_name":"Insektenliebe","og_image":[{"width":820,"height":820,"url":"https:\/\/insektenliebe.com\/wp-content\/uploads\/2025\/05\/Wertgutschein-1-2.jpg","type":"image\/jpeg"}],"twitter_card":"summary_large_image","twitter_misc":{"Tempo di lettura stimato":"1 minuto"},"schema":{"@context":"https:\/\/schema.org","@graph":[{"@type":"WebPage","@id":"https:\/\/insektenliebe.com\/it\/shop\/prodotto\/voucher\/","url":"https:\/\/insektenliebe.com\/it\/shop\/prodotto\/voucher\/","name":"Voucher - Insektenliebe","isPartOf":{"@id":"https:\/\/insektenliebe.com\/it\/#website"},"primaryImageOfPage":{"@id":"https:\/\/insektenliebe.com\/it\/shop\/prodotto\/voucher\/#primaryimage"},"image":{"@id":"https:\/\/insektenliebe.com\/it\/shop\/prodotto\/voucher\/#primaryimage"},"thumbnailUrl":"https:\/\/insektenliebe.com\/wp-content\/uploads\/2025\/05\/Wertgutschein-1-2.jpg","datePublished":"2018-11-30T15:10:31+00:00","description":"Regala la gioia con il voucher Insektenliebe! Ti invieremo un buono stampato per posta, perfetto come regalo per gli amanti degli animali.","breadcrumb":{"@id":"https:\/\/insektenliebe.com\/it\/shop\/prodotto\/voucher\/#breadcrumb"},"inLanguage":"it-IT","potentialAction":[{"@type":"ReadAction","target":["https:\/\/insektenliebe.com\/it\/shop\/prodotto\/voucher\/"]}]},{"@type":"ImageObject","inLanguage":"it-IT","@id":"https:\/\/insektenliebe.com\/it\/shop\/prodotto\/voucher\/#primaryimage","url":"https:\/\/insektenliebe.com\/wp-content\/uploads\/2025\/05\/Wertgutschein-1-2.jpg","contentUrl":"https:\/\/insektenliebe.com\/wp-content\/uploads\/2025\/05\/Wertgutschein-1-2.jpg","width":820,"height":820,"caption":"Voucher-1-2.jpg"},{"@type":"BreadcrumbList","@id":"https:\/\/insektenliebe.com\/it\/shop\/prodotto\/voucher\/#breadcrumb","itemListElement":[{"@type":"ListItem","position":1,"name":"Startseite","item":"https:\/\/insektenliebe.com\/it\/"},{"@type":"ListItem","position":2,"name":"Negozio","item":"https:\/\/insektenliebe.com\/it\/negozio\/"},{"@type":"ListItem","position":3,"name":"Voucher"}]},{"@type":"WebSite","@id":"https:\/\/insektenliebe.com\/it\/#website","url":"https:\/\/insektenliebe.com\/it\/","name":"Insektenliebe","description":"Dein Zuhause f\u00fcr die kleinen Lebewesen","publisher":{"@id":"https:\/\/insektenliebe.com\/it\/#organization"},"potentialAction":[{"@type":"SearchAction","target":{"@type":"EntryPoint","urlTemplate":"https:\/\/insektenliebe.com\/it\/?s={search_term_string}"},"query-input":{"@type":"PropertyValueSpecification","valueRequired":true,"valueName":"search_term_string"}}],"inLanguage":"it-IT"},{"@type":"Organization","@id":"https:\/\/insektenliebe.com\/it\/#organization","name":"Insektenliebe","url":"https:\/\/insektenliebe.com\/it\/","logo":{"@type":"ImageObject","inLanguage":"it-IT","@id":"https:\/\/insektenliebe.com\/it\/#\/schema\/logo\/image\/","url":"https:\/\/insektenliebe.com\/wp-content\/uploads\/2025\/03\/logo-white.png","contentUrl":"https:\/\/insektenliebe.com\/wp-content\/uploads\/2025\/03\/logo-white.png","width":288,"height":188,"caption":"Insektenliebe"},"image":{"@id":"https:\/\/insektenliebe.com\/it\/#\/schema\/logo\/image\/"}}]}},"_links":{"self":[{"href":"https:\/\/insektenliebe.com\/it\/wp-json\/wp\/v2\/product\/183534","targetHints":{"allow":["GET"]}}],"collection":[{"href":"https:\/\/insektenliebe.com\/it\/wp-json\/wp\/v2\/product"}],"about":[{"href":"https:\/\/insektenliebe.com\/it\/wp-json\/wp\/v2\/types\/product"}],"wp:featuredmedia":[{"embeddable":true,"href":"https:\/\/insektenliebe.com\/it\/wp-json\/wp\/v2\/media\/183535"}],"wp:attachment":[{"href":"https:\/\/insektenliebe.com\/it\/wp-json\/wp\/v2\/media?parent=183534"}],"wp:term":[{"taxonomy":"product-supplier","embeddable":true,"href":"https:\/\/insektenliebe.com\/it\/wp-json\/wp\/v2\/product-supplier?post=183534"},{"taxonomy":"product_brand","embeddable":true,"href":"https:\/\/insektenliebe.com\/it\/wp-json\/wp\/v2\/product_brand?post=183534"},{"taxonomy":"product_cat","embeddable":true,"href":"https:\/\/insektenliebe.com\/it\/wp-json\/wp\/v2\/product_cat?post=183534"},{"taxonomy":"product_tag","embeddable":true,"href":"https:\/\/insektenliebe.com\/it\/wp-json\/wp\/v2\/product_tag?post=183534"},{"taxonomy":"lce-checkout-addons","embeddable":true,"href":"https:\/\/insektenliebe.com\/it\/wp-json\/wp\/v2\/lce-checkout-addons?post=183534"}],"curies":[{"name":"wp","href":"https:\/\/api.w.org\/{rel}","templated":true}]}}