{"id":183531,"date":"2018-11-05T15:40:13","date_gmt":"2018-11-05T15:40:13","guid":{"rendered":"https:\/\/insektenliebe.com\/shop\/produkt\/spirostreptus-gregorius\/"},"modified":"2018-11-05T15:40:13","modified_gmt":"2018-11-05T14:40:13","slug":"spirostreptus-gregorius","status":"publish","type":"product","link":"https:\/\/insektenliebe.com\/it\/shop\/prodotto\/spirostreptus-gregorius\/","title":{"rendered":"Spirostreptus gregorius"},"content":{"rendered":"<h3><span style=\"color: #99cc33\">Breve descrizione:<\/span><\/h3>\n<p class=\"font_8\">Lo Spirostreptus gregorius \u00e8 una specie snella, lunga fino a 120 mm, originaria del Congo e dell&#8217;Angola. Lo S. gregorius viene spesso proposto anche come Spirostreptus spec. 2. Sono considerati relativamente facili da allevare e da tenere. Nel loro habitat nativo vivono principalmente in aree forestali aperte. L&#8217;et\u00e0 raggiungibile \u00e8 spesso indicata in 4-5 anni, mentre la maturit\u00e0 sessuale avviene intorno ai 2,5-3 anni. La prole viene spesso definita specie principiante e si trova regolarmente in commercio.     <\/p>\n<p class=\"font_8\">Lo Spirostreptus gregorius ha una colorazione che va dall&#8217;oliva al verde. Il suo corpo \u00e8 straordinariamente snello e anche con i suoi 120 mm di lunghezza appare molto aggraziato. Anche il collum (scudo della testa) \u00e8 di colore verde-oliva. Le antenne sono per lo pi\u00f9 di colore marrone. Le lunghe zampe sono di colore bruno-rossastro. Nei maschi, il settimo segmento \u00e8 fortemente ispessito.     <\/p>\n<p>Lo Spirostreptus gregorius pu\u00f2 essere tenuto a partire da un bordo di 40 cm x 30 cm. \u00c8 importante che il terrario sia abbastanza alto da poter ospitare rami rampicanti, poich\u00e9 gli S. gregorius sono ottimi arrampicatori. Come quasi tutte le specie di diplopodi, sono crepuscolari o notturni. Si pu\u00f2 quindi fare a meno di un&#8217;illuminazione supplementare. Il substrato deve essere alto almeno 10 cm, meglio se pi\u00f9 alto. La temperatura del terrario deve essere compresa tra i 22\u00b0C e i 26\u00b0C, come abbiamo visto. L&#8217;umidit\u00e0 dovrebbe essere del 60-70%. Per proteggere il terreno dall&#8217;essiccazione, puoi spargervi sopra foglie, pezzi di corteccia o muschio. Questo \u00e8 anche il luogo preferito dagli Spirostreptus gregorius. Si nutrono principalmente del materiale organico contenuto nel substrato. Tuttavia, accettano molto volentieri cibo aggiuntivo di qualsiasi tipo.          <\/p>\n","protected":false},"excerpt":{"rendered":"<p>Breve descrizione: Lo Spirostreptus gregorius \u00e8 una specie snella, lunga fino a 120 mm, originaria del Congo e dell&#8217;Angola. Lo S. gregorius viene spesso proposto anche come Spirostreptus spec. 2. Sono considerati relativamente facili da allevare e da tenere. Nel loro habitat nativo vivono principalmente in aree forestali aperte. L&#8217;et\u00e0 raggiungibile \u00e8 spesso indicata in [&hellip;]<\/p>\n","protected":false},"featured_media":183533,"template":"","meta":{"_acf_changed":false},"product-supplier":[],"product_brand":[],"product_cat":[2870],"product_tag":[],"lce-checkout-addons":[2746],"class_list":{"0":"post-183531","1":"product","2":"type-product","3":"status-publish","4":"has-post-thumbnail","6":"product_cat-millipede","7":"product_shipping_class-spedizione-di-animali","8":"pa_herkunft-congo","9":"pa_kontinent-africa","10":"lce-checkout-addons-imballaggio-invernale","12":"first","13":"outofstock","14":"taxable","15":"shipping-taxable","16":"purchasable","17":"product-type-simple"},"acf":[],"yoast_head":"<!-- This site is optimized with the Yoast SEO plugin v27.3 - https:\/\/yoast.com\/product\/yoast-seo-wordpress\/ -->\n<title>Spirostreptus gregorius - Insektenliebe<\/title>\n<meta name=\"description\" content=\"Acquista online Spirostreptus gregorius a basso costo. Compra millepiedi molto belli e facili da tenere direttamente dall&#039;allevatore!\" \/>\n<meta name=\"robots\" content=\"index, follow, max-snippet:-1, max-image-preview:large, max-video-preview:-1\" \/>\n<link rel=\"canonical\" href=\"https:\/\/insektenliebe.com\/it\/shop\/prodotto\/spirostreptus-gregorius\/\" \/>\n<meta property=\"og:locale\" content=\"it_IT\" \/>\n<meta property=\"og:type\" content=\"article\" \/>\n<meta property=\"og:title\" content=\"Spirostreptus gregorius - Insektenliebe\" \/>\n<meta property=\"og:description\" content=\"Acquista online Spirostreptus gregorius a basso costo. Compra millepiedi molto belli e facili da tenere direttamente dall&#039;allevatore!\" \/>\n<meta property=\"og:url\" content=\"https:\/\/insektenliebe.com\/it\/shop\/prodotto\/spirostreptus-gregorius\/\" \/>\n<meta property=\"og:site_name\" content=\"Insektenliebe\" \/>\n<meta property=\"og:image\" content=\"https:\/\/insektenliebe.com\/wp-content\/uploads\/2025\/05\/Spirostreptus-gregorius-1-2.jpg\" \/>\n\t<meta property=\"og:image:width\" content=\"820\" \/>\n\t<meta property=\"og:image:height\" content=\"820\" \/>\n\t<meta property=\"og:image:type\" content=\"image\/jpeg\" \/>\n<meta name=\"twitter:card\" content=\"summary_large_image\" \/>\n<meta name=\"twitter:label1\" content=\"Tempo di lettura stimato\" \/>\n\t<meta name=\"twitter:data1\" content=\"1 minuto\" \/>\n<script type=\"application\/ld+json\" class=\"yoast-schema-graph\">{\"@context\":\"https:\\\/\\\/schema.org\",\"@graph\":[{\"@type\":\"WebPage\",\"@id\":\"https:\\\/\\\/insektenliebe.com\\\/it\\\/shop\\\/prodotto\\\/spirostreptus-gregorius\\\/\",\"url\":\"https:\\\/\\\/insektenliebe.com\\\/it\\\/shop\\\/prodotto\\\/spirostreptus-gregorius\\\/\",\"name\":\"Spirostreptus gregorius - Insektenliebe\",\"isPartOf\":{\"@id\":\"https:\\\/\\\/insektenliebe.com\\\/it\\\/#website\"},\"primaryImageOfPage\":{\"@id\":\"https:\\\/\\\/insektenliebe.com\\\/it\\\/shop\\\/prodotto\\\/spirostreptus-gregorius\\\/#primaryimage\"},\"image\":{\"@id\":\"https:\\\/\\\/insektenliebe.com\\\/it\\\/shop\\\/prodotto\\\/spirostreptus-gregorius\\\/#primaryimage\"},\"thumbnailUrl\":\"https:\\\/\\\/insektenliebe.com\\\/wp-content\\\/uploads\\\/2025\\\/05\\\/Spirostreptus-gregorius-1-2.jpg\",\"datePublished\":\"2018-11-05T15:40:13+00:00\",\"description\":\"Acquista online Spirostreptus gregorius a basso costo. Compra millepiedi molto belli e facili da tenere direttamente dall'allevatore!\",\"breadcrumb\":{\"@id\":\"https:\\\/\\\/insektenliebe.com\\\/it\\\/shop\\\/prodotto\\\/spirostreptus-gregorius\\\/#breadcrumb\"},\"inLanguage\":\"it-IT\",\"potentialAction\":[{\"@type\":\"ReadAction\",\"target\":[\"https:\\\/\\\/insektenliebe.com\\\/it\\\/shop\\\/prodotto\\\/spirostreptus-gregorius\\\/\"]}]},{\"@type\":\"ImageObject\",\"inLanguage\":\"it-IT\",\"@id\":\"https:\\\/\\\/insektenliebe.com\\\/it\\\/shop\\\/prodotto\\\/spirostreptus-gregorius\\\/#primaryimage\",\"url\":\"https:\\\/\\\/insektenliebe.com\\\/wp-content\\\/uploads\\\/2025\\\/05\\\/Spirostreptus-gregorius-1-2.jpg\",\"contentUrl\":\"https:\\\/\\\/insektenliebe.com\\\/wp-content\\\/uploads\\\/2025\\\/05\\\/Spirostreptus-gregorius-1-2.jpg\",\"width\":820,\"height\":820,\"caption\":\"Spirostreptus-gregorius-1-2.jpg\"},{\"@type\":\"BreadcrumbList\",\"@id\":\"https:\\\/\\\/insektenliebe.com\\\/it\\\/shop\\\/prodotto\\\/spirostreptus-gregorius\\\/#breadcrumb\",\"itemListElement\":[{\"@type\":\"ListItem\",\"position\":1,\"name\":\"Startseite\",\"item\":\"https:\\\/\\\/insektenliebe.com\\\/it\\\/\"},{\"@type\":\"ListItem\",\"position\":2,\"name\":\"Negozio\",\"item\":\"https:\\\/\\\/insektenliebe.com\\\/it\\\/negozio\\\/\"},{\"@type\":\"ListItem\",\"position\":3,\"name\":\"Spirostreptus gregorius\"}]},{\"@type\":\"WebSite\",\"@id\":\"https:\\\/\\\/insektenliebe.com\\\/it\\\/#website\",\"url\":\"https:\\\/\\\/insektenliebe.com\\\/it\\\/\",\"name\":\"Insektenliebe\",\"description\":\"Dein Zuhause f\u00fcr die kleinen Lebewesen\",\"publisher\":{\"@id\":\"https:\\\/\\\/insektenliebe.com\\\/it\\\/#organization\"},\"potentialAction\":[{\"@type\":\"SearchAction\",\"target\":{\"@type\":\"EntryPoint\",\"urlTemplate\":\"https:\\\/\\\/insektenliebe.com\\\/it\\\/?s={search_term_string}\"},\"query-input\":{\"@type\":\"PropertyValueSpecification\",\"valueRequired\":true,\"valueName\":\"search_term_string\"}}],\"inLanguage\":\"it-IT\"},{\"@type\":\"Organization\",\"@id\":\"https:\\\/\\\/insektenliebe.com\\\/it\\\/#organization\",\"name\":\"Insektenliebe\",\"url\":\"https:\\\/\\\/insektenliebe.com\\\/it\\\/\",\"logo\":{\"@type\":\"ImageObject\",\"inLanguage\":\"it-IT\",\"@id\":\"https:\\\/\\\/insektenliebe.com\\\/it\\\/#\\\/schema\\\/logo\\\/image\\\/\",\"url\":\"https:\\\/\\\/insektenliebe.com\\\/wp-content\\\/uploads\\\/2025\\\/03\\\/logo-white.png\",\"contentUrl\":\"https:\\\/\\\/insektenliebe.com\\\/wp-content\\\/uploads\\\/2025\\\/03\\\/logo-white.png\",\"width\":288,\"height\":188,\"caption\":\"Insektenliebe\"},\"image\":{\"@id\":\"https:\\\/\\\/insektenliebe.com\\\/it\\\/#\\\/schema\\\/logo\\\/image\\\/\"}}]}<\/script>\n<!-- \/ Yoast SEO plugin. -->","yoast_head_json":{"title":"Spirostreptus gregorius - Insektenliebe","description":"Acquista online Spirostreptus gregorius a basso costo. Compra millepiedi molto belli e facili da tenere direttamente dall'allevatore!","robots":{"index":"index","follow":"follow","max-snippet":"max-snippet:-1","max-image-preview":"max-image-preview:large","max-video-preview":"max-video-preview:-1"},"canonical":"https:\/\/insektenliebe.com\/it\/shop\/prodotto\/spirostreptus-gregorius\/","og_locale":"it_IT","og_type":"article","og_title":"Spirostreptus gregorius - Insektenliebe","og_description":"Acquista online Spirostreptus gregorius a basso costo. Compra millepiedi molto belli e facili da tenere direttamente dall'allevatore!","og_url":"https:\/\/insektenliebe.com\/it\/shop\/prodotto\/spirostreptus-gregorius\/","og_site_name":"Insektenliebe","og_image":[{"width":820,"height":820,"url":"https:\/\/insektenliebe.com\/wp-content\/uploads\/2025\/05\/Spirostreptus-gregorius-1-2.jpg","type":"image\/jpeg"}],"twitter_card":"summary_large_image","twitter_misc":{"Tempo di lettura stimato":"1 minuto"},"schema":{"@context":"https:\/\/schema.org","@graph":[{"@type":"WebPage","@id":"https:\/\/insektenliebe.com\/it\/shop\/prodotto\/spirostreptus-gregorius\/","url":"https:\/\/insektenliebe.com\/it\/shop\/prodotto\/spirostreptus-gregorius\/","name":"Spirostreptus gregorius - Insektenliebe","isPartOf":{"@id":"https:\/\/insektenliebe.com\/it\/#website"},"primaryImageOfPage":{"@id":"https:\/\/insektenliebe.com\/it\/shop\/prodotto\/spirostreptus-gregorius\/#primaryimage"},"image":{"@id":"https:\/\/insektenliebe.com\/it\/shop\/prodotto\/spirostreptus-gregorius\/#primaryimage"},"thumbnailUrl":"https:\/\/insektenliebe.com\/wp-content\/uploads\/2025\/05\/Spirostreptus-gregorius-1-2.jpg","datePublished":"2018-11-05T15:40:13+00:00","description":"Acquista online Spirostreptus gregorius a basso costo. Compra millepiedi molto belli e facili da tenere direttamente dall'allevatore!","breadcrumb":{"@id":"https:\/\/insektenliebe.com\/it\/shop\/prodotto\/spirostreptus-gregorius\/#breadcrumb"},"inLanguage":"it-IT","potentialAction":[{"@type":"ReadAction","target":["https:\/\/insektenliebe.com\/it\/shop\/prodotto\/spirostreptus-gregorius\/"]}]},{"@type":"ImageObject","inLanguage":"it-IT","@id":"https:\/\/insektenliebe.com\/it\/shop\/prodotto\/spirostreptus-gregorius\/#primaryimage","url":"https:\/\/insektenliebe.com\/wp-content\/uploads\/2025\/05\/Spirostreptus-gregorius-1-2.jpg","contentUrl":"https:\/\/insektenliebe.com\/wp-content\/uploads\/2025\/05\/Spirostreptus-gregorius-1-2.jpg","width":820,"height":820,"caption":"Spirostreptus-gregorius-1-2.jpg"},{"@type":"BreadcrumbList","@id":"https:\/\/insektenliebe.com\/it\/shop\/prodotto\/spirostreptus-gregorius\/#breadcrumb","itemListElement":[{"@type":"ListItem","position":1,"name":"Startseite","item":"https:\/\/insektenliebe.com\/it\/"},{"@type":"ListItem","position":2,"name":"Negozio","item":"https:\/\/insektenliebe.com\/it\/negozio\/"},{"@type":"ListItem","position":3,"name":"Spirostreptus gregorius"}]},{"@type":"WebSite","@id":"https:\/\/insektenliebe.com\/it\/#website","url":"https:\/\/insektenliebe.com\/it\/","name":"Insektenliebe","description":"Dein Zuhause f\u00fcr die kleinen Lebewesen","publisher":{"@id":"https:\/\/insektenliebe.com\/it\/#organization"},"potentialAction":[{"@type":"SearchAction","target":{"@type":"EntryPoint","urlTemplate":"https:\/\/insektenliebe.com\/it\/?s={search_term_string}"},"query-input":{"@type":"PropertyValueSpecification","valueRequired":true,"valueName":"search_term_string"}}],"inLanguage":"it-IT"},{"@type":"Organization","@id":"https:\/\/insektenliebe.com\/it\/#organization","name":"Insektenliebe","url":"https:\/\/insektenliebe.com\/it\/","logo":{"@type":"ImageObject","inLanguage":"it-IT","@id":"https:\/\/insektenliebe.com\/it\/#\/schema\/logo\/image\/","url":"https:\/\/insektenliebe.com\/wp-content\/uploads\/2025\/03\/logo-white.png","contentUrl":"https:\/\/insektenliebe.com\/wp-content\/uploads\/2025\/03\/logo-white.png","width":288,"height":188,"caption":"Insektenliebe"},"image":{"@id":"https:\/\/insektenliebe.com\/it\/#\/schema\/logo\/image\/"}}]}},"_links":{"self":[{"href":"https:\/\/insektenliebe.com\/it\/wp-json\/wp\/v2\/product\/183531","targetHints":{"allow":["GET"]}}],"collection":[{"href":"https:\/\/insektenliebe.com\/it\/wp-json\/wp\/v2\/product"}],"about":[{"href":"https:\/\/insektenliebe.com\/it\/wp-json\/wp\/v2\/types\/product"}],"wp:featuredmedia":[{"embeddable":true,"href":"https:\/\/insektenliebe.com\/it\/wp-json\/wp\/v2\/media\/183533"}],"wp:attachment":[{"href":"https:\/\/insektenliebe.com\/it\/wp-json\/wp\/v2\/media?parent=183531"}],"wp:term":[{"taxonomy":"product-supplier","embeddable":true,"href":"https:\/\/insektenliebe.com\/it\/wp-json\/wp\/v2\/product-supplier?post=183531"},{"taxonomy":"product_brand","embeddable":true,"href":"https:\/\/insektenliebe.com\/it\/wp-json\/wp\/v2\/product_brand?post=183531"},{"taxonomy":"product_cat","embeddable":true,"href":"https:\/\/insektenliebe.com\/it\/wp-json\/wp\/v2\/product_cat?post=183531"},{"taxonomy":"product_tag","embeddable":true,"href":"https:\/\/insektenliebe.com\/it\/wp-json\/wp\/v2\/product_tag?post=183531"},{"taxonomy":"lce-checkout-addons","embeddable":true,"href":"https:\/\/insektenliebe.com\/it\/wp-json\/wp\/v2\/lce-checkout-addons?post=183531"}],"curies":[{"name":"wp","href":"https:\/\/api.w.org\/{rel}","templated":true}]}}