{"id":183522,"date":"2019-01-12T22:44:00","date_gmt":"2019-01-12T21:44:00","guid":{"rendered":"https:\/\/insektenliebe.com\/shop\/produkt\/armadillidium-vulgare-pozione-magica\/"},"modified":"2026-03-05T16:14:24","modified_gmt":"2026-03-05T15:14:24","slug":"armadillidium-vulgare-pozione-magica","status":"publish","type":"product","link":"https:\/\/insektenliebe.com\/it\/shop\/prodotto\/armadillidium-vulgare-pozione-magica\/","title":{"rendered":"Armadillidium vulgare \"Pozione Magica"},"content":{"rendered":"<h3><span class=\"s1\" style=\"color: #99cc33;\">Armadillidium vulgare \"Magic Potion\" - La leggendaria cocciniglia griffata<\/span><\/h3>\n<p class=\"p1\"><strong><span class=\"s1\">Armadillidium vulgare \"Pozione Magica<\/span><\/strong><span class=\"s2\">  \u00e8 una delle specie di isopodi pi\u00f9 conosciute e popolari nell&#8217;hobby del terrario. Gli animali sono immediatamente riconoscibili per il loro   <\/span><span class=\"s1\">un&#8217;accattivante fantasia di colori<\/span><span class=\"s2\">  su. Il colore di base chiaro \u00e8 intervallato da macchie irregolari gialle e nere. Questo crea un disegno unico che ricorda una pozione magica, da cui il nome \"Pozione Magica\".  <\/span><\/p>\n<p class=\"p1\"><span class=\"s2\">Questa forma di colore \u00e8 stata originariamente creata in Giappone attraverso una selezione mirata di <\/span><span class=\"s1\">Armadillidium vulgare<\/span><span class=\"s2\">una delle specie di cocciniglia pi\u00f9 comuni al mondo. Grazie alle sue caratteristiche marcature, \u00e8 diventata rapidamente una delle cocciniglie di design pi\u00f9 popolari nell&#8217;hobby del terrario. <\/span><\/p>\n<p class=\"p1\"><span class=\"s2\">Gli animali raggiungono una dimensione di circa <\/span><span class=\"s1\">1,5-2 cm<\/span><span class=\"s2\"> e hanno la tipica corporatura robusta del genere <\/span><span class=\"s3\">Armadillidium<\/span><span class=\"s2\">. Come tutte le cocciniglie, possono raggomitolarsi completamente quando sono in pericolo. Questo comportamento le protegge dai predatori e le rende particolarmente interessanti da osservare. <\/span><\/p>\n<p class=\"p1\"><span class=\"s2\">Uno dei principali vantaggi di questa specie \u00e8 la sua <\/span><span class=\"s1\">robustezza e adattabilit\u00e0<\/span><span class=\"s2\">. Questo rende l&#8217;<strong>Armadillidium vulgare \"Magic Potion\"<\/strong> adatto sia ai principianti che ai detentori esperti. Gli animali sono relativamente attivi e possono essere osservati frequentemente se la struttura del terrario \u00e8 buona. <\/span><\/p>\n<p class=\"p1\"><span class=\"s2\">Il substrato consigliato \u00e8 una miscela di <\/span><span class=\"s1\">humus di foreste decidue, componenti di legno marcio bianco e uno spesso strato di foglie.<\/span><span class=\"s2\">. Questi materiali servono sia come cibo che come habitat. Inoltre, \u00e8 opportuno offrire muschio, pezzi di corteccia o di sughero come nascondigli. <\/span><\/p>\n<p class=\"p1\"><span class=\"s2\">Il terrario dovrebbe avere una zona <\/span><span class=\"s1\">una zona umida e una leggermente pi\u00f9 secca<\/span><span class=\"s2\">  proprio. In questo modo gli animali possono scegliere l&#8217;ambiente che preferiscono. I ristagni d&#8217;acqua devono essere evitati a tutti i costi.  <\/span><\/p>\n<p class=\"p1\"><span class=\"s2\">L&#8217;umidit\u00e0 ottimale \u00e8 solitamente compresa tra <\/span><span class=\"s1\">60 e l&#8217;80 %<\/span><span class=\"s2\">mentre le temperature sono comprese tra <\/span><span class=\"s1\">20-26 \u00b0C<\/span><span class=\"s2\"> offrono le condizioni ideali.<\/span><\/p>\n<p class=\"p1\"><span class=\"s2\">Per costruire il loro carapace, gli animali hanno bisogno di <\/span><span class=\"s1\">calcio<\/span><span class=\"s2\">che pu\u00f2 essere fornito, ad esempio, sotto forma di osso di seppia, calcare o gusci d&#8217;uovo frantumati.<\/span><\/p>\n<p class=\"p1\"><span class=\"s2\">La dieta consiste principalmente in <\/span><span class=\"s1\">Fogliame e legno bianco marcio<\/span><span class=\"s2\">. Gli animali mangiano volentieri anche verdure, frutta, fiori o uno speciale cibo per isopodi.<\/span><\/p>\n<p class=\"p1\"><span class=\"s2\">In buone condizioni di conservazione <\/span><strong><span class=\"s1\">Armadillidium vulgare \"Pozione Magica<\/span><\/strong><span class=\"s2\">  affidabile. Di conseguenza, si sviluppa rapidamente una colonia stabile, che anima il terrario e allo stesso tempo rappresenta un interessante oggetto di osservazione. <\/span><\/p>\n<p class=\"p1\"><span class=\"s2\">Con le sue caratteristiche uniche, il comportamento robusto e il buon tasso di riproduzione, questa specie \u00e8 una combinazione perfetta di bellezza e facilit\u00e0 di cura. <\/span><span class=\"s1\">combinazione perfetta di bellezza e facilit\u00e0 di cura<\/span><span class=\"s2\"> - un vero e proprio fiore all&#8217;occhiello per ogni allevatore di isopodi.<\/span><\/p>\n","protected":false},"excerpt":{"rendered":"<p>Armadillidium vulgare \"Magic Potion\" - La leggendaria cocciniglia griffata Armadillidium vulgare \"Pozione Magica \u00e8 una delle specie di isopodi pi\u00f9 conosciute e popolari nell&#8217;hobby del terrario. Gli animali sono immediatamente riconoscibili per il loro un&#8217;accattivante fantasia di colori su. Il colore di base chiaro \u00e8 intervallato da macchie irregolari gialle e nere. Questo crea un [&hellip;]<\/p>\n","protected":false},"featured_media":192148,"template":"","meta":{"_acf_changed":false},"product-supplier":[],"product_brand":[],"product_cat":[2871,2788],"product_tag":[],"lce-checkout-addons":[2746],"class_list":{"0":"post-183522","1":"product","2":"type-product","3":"status-publish","4":"has-post-thumbnail","6":"product_cat-cocciniglia-armadillidium","7":"product_cat-woodlice","8":"product_shipping_class-spedizione-di-animali","9":"pa_einsatz-mostra-gli-animali","10":"pa_haltung-allevamento-singolo","11":"pa_herkunft-cosmopolitan","12":"pa_kontinent-africa","13":"pa_kontinent-asia","14":"pa_kontinent-australia","15":"pa_kontinent-europa","16":"pa_kontinent-nord-america","17":"pa_kontinent-sud-america","18":"lce-checkout-addons-imballaggio-invernale","20":"first","21":"instock","22":"taxable","23":"shipping-taxable","24":"purchasable","25":"product-type-simple"},"acf":[],"yoast_head":"<!-- This site is optimized with the Yoast SEO plugin v27.3 - https:\/\/yoast.com\/product\/yoast-seo-wordpress\/ -->\n<title>Armadillidium vulgare &quot;Pozione Magica - Insektenliebe<\/title>\n<meta name=\"description\" content=\"Acquista online l&#039;Armadillidium vulgare &quot;Magic Potion&quot;. Acquista direttamente dal coltivatore un prodotto bello e facile da mantenere!\" \/>\n<meta name=\"robots\" content=\"index, follow, max-snippet:-1, max-image-preview:large, max-video-preview:-1\" \/>\n<link rel=\"canonical\" href=\"https:\/\/insektenliebe.com\/it\/shop\/prodotto\/armadillidium-vulgare-pozione-magica\/\" \/>\n<meta property=\"og:locale\" content=\"it_IT\" \/>\n<meta property=\"og:type\" content=\"article\" \/>\n<meta property=\"og:title\" content=\"Armadillidium vulgare &quot;Pozione Magica - Insektenliebe\" \/>\n<meta property=\"og:description\" content=\"Acquista online l&#039;Armadillidium vulgare &quot;Magic Potion&quot;. Acquista direttamente dal coltivatore un prodotto bello e facile da mantenere!\" \/>\n<meta property=\"og:url\" content=\"https:\/\/insektenliebe.com\/it\/shop\/prodotto\/armadillidium-vulgare-pozione-magica\/\" \/>\n<meta property=\"og:site_name\" content=\"Insektenliebe\" \/>\n<meta property=\"article:modified_time\" content=\"2026-03-05T15:14:24+00:00\" \/>\n<meta property=\"og:image\" content=\"https:\/\/insektenliebe.com\/wp-content\/uploads\/2019\/01\/Armadillidium-vulgare-22Magic-Potion22-Terrarium.jpg\" \/>\n\t<meta property=\"og:image:width\" content=\"820\" \/>\n\t<meta property=\"og:image:height\" content=\"820\" \/>\n\t<meta property=\"og:image:type\" content=\"image\/jpeg\" \/>\n<meta name=\"twitter:card\" content=\"summary_large_image\" \/>\n<meta name=\"twitter:label1\" content=\"Tempo di lettura stimato\" \/>\n\t<meta name=\"twitter:data1\" content=\"2 minuto\" \/>\n<script type=\"application\/ld+json\" class=\"yoast-schema-graph\">{\"@context\":\"https:\\\/\\\/schema.org\",\"@graph\":[{\"@type\":\"WebPage\",\"@id\":\"https:\\\/\\\/insektenliebe.com\\\/it\\\/shop\\\/prodotto\\\/armadillidium-vulgare-pozione-magica\\\/\",\"url\":\"https:\\\/\\\/insektenliebe.com\\\/it\\\/shop\\\/prodotto\\\/armadillidium-vulgare-pozione-magica\\\/\",\"name\":\"Armadillidium vulgare \\\"Pozione Magica - Insektenliebe\",\"isPartOf\":{\"@id\":\"https:\\\/\\\/insektenliebe.com\\\/it\\\/#website\"},\"primaryImageOfPage\":{\"@id\":\"https:\\\/\\\/insektenliebe.com\\\/it\\\/shop\\\/prodotto\\\/armadillidium-vulgare-pozione-magica\\\/#primaryimage\"},\"image\":{\"@id\":\"https:\\\/\\\/insektenliebe.com\\\/it\\\/shop\\\/prodotto\\\/armadillidium-vulgare-pozione-magica\\\/#primaryimage\"},\"thumbnailUrl\":\"https:\\\/\\\/insektenliebe.com\\\/wp-content\\\/uploads\\\/2019\\\/01\\\/Armadillidium-vulgare-22Magic-Potion22-Terrarium.jpg\",\"datePublished\":\"2019-01-12T21:44:00+00:00\",\"dateModified\":\"2026-03-05T15:14:24+00:00\",\"description\":\"Acquista online l'Armadillidium vulgare \\\"Magic Potion\\\". Acquista direttamente dal coltivatore un prodotto bello e facile da mantenere!\",\"breadcrumb\":{\"@id\":\"https:\\\/\\\/insektenliebe.com\\\/it\\\/shop\\\/prodotto\\\/armadillidium-vulgare-pozione-magica\\\/#breadcrumb\"},\"inLanguage\":\"it-IT\",\"potentialAction\":[{\"@type\":\"ReadAction\",\"target\":[\"https:\\\/\\\/insektenliebe.com\\\/it\\\/shop\\\/prodotto\\\/armadillidium-vulgare-pozione-magica\\\/\"]}]},{\"@type\":\"ImageObject\",\"inLanguage\":\"it-IT\",\"@id\":\"https:\\\/\\\/insektenliebe.com\\\/it\\\/shop\\\/prodotto\\\/armadillidium-vulgare-pozione-magica\\\/#primaryimage\",\"url\":\"https:\\\/\\\/insektenliebe.com\\\/wp-content\\\/uploads\\\/2019\\\/01\\\/Armadillidium-vulgare-22Magic-Potion22-Terrarium.jpg\",\"contentUrl\":\"https:\\\/\\\/insektenliebe.com\\\/wp-content\\\/uploads\\\/2019\\\/01\\\/Armadillidium-vulgare-22Magic-Potion22-Terrarium.jpg\",\"width\":820,\"height\":820,\"caption\":\"Terrario di Armadillidium vulgare \\\"Pozione Magica\"},{\"@type\":\"BreadcrumbList\",\"@id\":\"https:\\\/\\\/insektenliebe.com\\\/it\\\/shop\\\/prodotto\\\/armadillidium-vulgare-pozione-magica\\\/#breadcrumb\",\"itemListElement\":[{\"@type\":\"ListItem\",\"position\":1,\"name\":\"Startseite\",\"item\":\"https:\\\/\\\/insektenliebe.com\\\/it\\\/\"},{\"@type\":\"ListItem\",\"position\":2,\"name\":\"Negozio\",\"item\":\"https:\\\/\\\/insektenliebe.com\\\/it\\\/negozio\\\/\"},{\"@type\":\"ListItem\",\"position\":3,\"name\":\"Armadillidium vulgare \\\"Pozione Magica\"}]},{\"@type\":\"WebSite\",\"@id\":\"https:\\\/\\\/insektenliebe.com\\\/it\\\/#website\",\"url\":\"https:\\\/\\\/insektenliebe.com\\\/it\\\/\",\"name\":\"Insektenliebe\",\"description\":\"Dein Zuhause f\u00fcr die kleinen Lebewesen\",\"publisher\":{\"@id\":\"https:\\\/\\\/insektenliebe.com\\\/it\\\/#organization\"},\"potentialAction\":[{\"@type\":\"SearchAction\",\"target\":{\"@type\":\"EntryPoint\",\"urlTemplate\":\"https:\\\/\\\/insektenliebe.com\\\/it\\\/?s={search_term_string}\"},\"query-input\":{\"@type\":\"PropertyValueSpecification\",\"valueRequired\":true,\"valueName\":\"search_term_string\"}}],\"inLanguage\":\"it-IT\"},{\"@type\":\"Organization\",\"@id\":\"https:\\\/\\\/insektenliebe.com\\\/it\\\/#organization\",\"name\":\"Insektenliebe\",\"url\":\"https:\\\/\\\/insektenliebe.com\\\/it\\\/\",\"logo\":{\"@type\":\"ImageObject\",\"inLanguage\":\"it-IT\",\"@id\":\"https:\\\/\\\/insektenliebe.com\\\/it\\\/#\\\/schema\\\/logo\\\/image\\\/\",\"url\":\"https:\\\/\\\/insektenliebe.com\\\/wp-content\\\/uploads\\\/2025\\\/03\\\/logo-white.png\",\"contentUrl\":\"https:\\\/\\\/insektenliebe.com\\\/wp-content\\\/uploads\\\/2025\\\/03\\\/logo-white.png\",\"width\":288,\"height\":188,\"caption\":\"Insektenliebe\"},\"image\":{\"@id\":\"https:\\\/\\\/insektenliebe.com\\\/it\\\/#\\\/schema\\\/logo\\\/image\\\/\"}}]}<\/script>\n<!-- \/ Yoast SEO plugin. -->","yoast_head_json":{"title":"Armadillidium vulgare \"Pozione Magica - Insektenliebe","description":"Acquista online l'Armadillidium vulgare \"Magic Potion\". Acquista direttamente dal coltivatore un prodotto bello e facile da mantenere!","robots":{"index":"index","follow":"follow","max-snippet":"max-snippet:-1","max-image-preview":"max-image-preview:large","max-video-preview":"max-video-preview:-1"},"canonical":"https:\/\/insektenliebe.com\/it\/shop\/prodotto\/armadillidium-vulgare-pozione-magica\/","og_locale":"it_IT","og_type":"article","og_title":"Armadillidium vulgare \"Pozione Magica - Insektenliebe","og_description":"Acquista online l'Armadillidium vulgare \"Magic Potion\". Acquista direttamente dal coltivatore un prodotto bello e facile da mantenere!","og_url":"https:\/\/insektenliebe.com\/it\/shop\/prodotto\/armadillidium-vulgare-pozione-magica\/","og_site_name":"Insektenliebe","article_modified_time":"2026-03-05T15:14:24+00:00","og_image":[{"width":820,"height":820,"url":"https:\/\/insektenliebe.com\/wp-content\/uploads\/2019\/01\/Armadillidium-vulgare-22Magic-Potion22-Terrarium.jpg","type":"image\/jpeg"}],"twitter_card":"summary_large_image","twitter_misc":{"Tempo di lettura stimato":"2 minuto"},"schema":{"@context":"https:\/\/schema.org","@graph":[{"@type":"WebPage","@id":"https:\/\/insektenliebe.com\/it\/shop\/prodotto\/armadillidium-vulgare-pozione-magica\/","url":"https:\/\/insektenliebe.com\/it\/shop\/prodotto\/armadillidium-vulgare-pozione-magica\/","name":"Armadillidium vulgare \"Pozione Magica - Insektenliebe","isPartOf":{"@id":"https:\/\/insektenliebe.com\/it\/#website"},"primaryImageOfPage":{"@id":"https:\/\/insektenliebe.com\/it\/shop\/prodotto\/armadillidium-vulgare-pozione-magica\/#primaryimage"},"image":{"@id":"https:\/\/insektenliebe.com\/it\/shop\/prodotto\/armadillidium-vulgare-pozione-magica\/#primaryimage"},"thumbnailUrl":"https:\/\/insektenliebe.com\/wp-content\/uploads\/2019\/01\/Armadillidium-vulgare-22Magic-Potion22-Terrarium.jpg","datePublished":"2019-01-12T21:44:00+00:00","dateModified":"2026-03-05T15:14:24+00:00","description":"Acquista online l'Armadillidium vulgare \"Magic Potion\". Acquista direttamente dal coltivatore un prodotto bello e facile da mantenere!","breadcrumb":{"@id":"https:\/\/insektenliebe.com\/it\/shop\/prodotto\/armadillidium-vulgare-pozione-magica\/#breadcrumb"},"inLanguage":"it-IT","potentialAction":[{"@type":"ReadAction","target":["https:\/\/insektenliebe.com\/it\/shop\/prodotto\/armadillidium-vulgare-pozione-magica\/"]}]},{"@type":"ImageObject","inLanguage":"it-IT","@id":"https:\/\/insektenliebe.com\/it\/shop\/prodotto\/armadillidium-vulgare-pozione-magica\/#primaryimage","url":"https:\/\/insektenliebe.com\/wp-content\/uploads\/2019\/01\/Armadillidium-vulgare-22Magic-Potion22-Terrarium.jpg","contentUrl":"https:\/\/insektenliebe.com\/wp-content\/uploads\/2019\/01\/Armadillidium-vulgare-22Magic-Potion22-Terrarium.jpg","width":820,"height":820,"caption":"Terrario di Armadillidium vulgare \"Pozione Magica"},{"@type":"BreadcrumbList","@id":"https:\/\/insektenliebe.com\/it\/shop\/prodotto\/armadillidium-vulgare-pozione-magica\/#breadcrumb","itemListElement":[{"@type":"ListItem","position":1,"name":"Startseite","item":"https:\/\/insektenliebe.com\/it\/"},{"@type":"ListItem","position":2,"name":"Negozio","item":"https:\/\/insektenliebe.com\/it\/negozio\/"},{"@type":"ListItem","position":3,"name":"Armadillidium vulgare \"Pozione Magica"}]},{"@type":"WebSite","@id":"https:\/\/insektenliebe.com\/it\/#website","url":"https:\/\/insektenliebe.com\/it\/","name":"Insektenliebe","description":"Dein Zuhause f\u00fcr die kleinen Lebewesen","publisher":{"@id":"https:\/\/insektenliebe.com\/it\/#organization"},"potentialAction":[{"@type":"SearchAction","target":{"@type":"EntryPoint","urlTemplate":"https:\/\/insektenliebe.com\/it\/?s={search_term_string}"},"query-input":{"@type":"PropertyValueSpecification","valueRequired":true,"valueName":"search_term_string"}}],"inLanguage":"it-IT"},{"@type":"Organization","@id":"https:\/\/insektenliebe.com\/it\/#organization","name":"Insektenliebe","url":"https:\/\/insektenliebe.com\/it\/","logo":{"@type":"ImageObject","inLanguage":"it-IT","@id":"https:\/\/insektenliebe.com\/it\/#\/schema\/logo\/image\/","url":"https:\/\/insektenliebe.com\/wp-content\/uploads\/2025\/03\/logo-white.png","contentUrl":"https:\/\/insektenliebe.com\/wp-content\/uploads\/2025\/03\/logo-white.png","width":288,"height":188,"caption":"Insektenliebe"},"image":{"@id":"https:\/\/insektenliebe.com\/it\/#\/schema\/logo\/image\/"}}]}},"_links":{"self":[{"href":"https:\/\/insektenliebe.com\/it\/wp-json\/wp\/v2\/product\/183522","targetHints":{"allow":["GET"]}}],"collection":[{"href":"https:\/\/insektenliebe.com\/it\/wp-json\/wp\/v2\/product"}],"about":[{"href":"https:\/\/insektenliebe.com\/it\/wp-json\/wp\/v2\/types\/product"}],"wp:featuredmedia":[{"embeddable":true,"href":"https:\/\/insektenliebe.com\/it\/wp-json\/wp\/v2\/media\/192148"}],"wp:attachment":[{"href":"https:\/\/insektenliebe.com\/it\/wp-json\/wp\/v2\/media?parent=183522"}],"wp:term":[{"taxonomy":"product-supplier","embeddable":true,"href":"https:\/\/insektenliebe.com\/it\/wp-json\/wp\/v2\/product-supplier?post=183522"},{"taxonomy":"product_brand","embeddable":true,"href":"https:\/\/insektenliebe.com\/it\/wp-json\/wp\/v2\/product_brand?post=183522"},{"taxonomy":"product_cat","embeddable":true,"href":"https:\/\/insektenliebe.com\/it\/wp-json\/wp\/v2\/product_cat?post=183522"},{"taxonomy":"product_tag","embeddable":true,"href":"https:\/\/insektenliebe.com\/it\/wp-json\/wp\/v2\/product_tag?post=183522"},{"taxonomy":"lce-checkout-addons","embeddable":true,"href":"https:\/\/insektenliebe.com\/it\/wp-json\/wp\/v2\/lce-checkout-addons?post=183522"}],"curies":[{"name":"wp","href":"https:\/\/api.w.org\/{rel}","templated":true}]}}