{"id":183508,"date":"2019-04-02T11:35:08","date_gmt":"2019-04-02T11:35:08","guid":{"rendered":"https:\/\/insektenliebe.com\/shop\/produkt\/atopochetus-dollfusi\/"},"modified":"2019-04-02T11:35:08","modified_gmt":"2019-04-02T09:35:08","slug":"atopochetus-dollfusi","status":"publish","type":"product","link":"https:\/\/insektenliebe.com\/it\/shop\/prodotto\/atopochetus-dollfusi\/","title":{"rendered":"Atopochetus dollfusi"},"content":{"rendered":"<h3 class=\"p1\"><span style=\"color: #99cc33\"><strong><span class=\"s1\">Atopochetus dollfusi - Quando la natura diventa un&#8217;esperienza<\/span><\/strong><\/span><\/h3>\n<p class=\"p1\">L<strong>&#8216;Atopochetus dollfusi<\/strong>, ex Tonkinbolus dollfusi, ha il corpo grigio e nero ad anelli con una striscia rosso chiaro sul dorso. Lo scudo della testa (collum), le antenne e le zampe di questa specie sono colorate di rosso. Anche la spina dorsale del telson \u00e8 rossa. Presenta dei punti neri sugli sbocchi delle ghiandole di difesa.   <\/p>\n<p class=\"p1\">L&#8217;Atopochetus dollfusi \u00e8 una specie originaria della Thailandia e del Vietnam che cresce fino a 110 mm. Sono particolarmente impressionanti per la loro bellissima colorazione, che \u00e8 anche il motivo del loro nome tedesco Regenbogentausendf\u00fc\u00dfer. Questa specie \u00e8 considerata difficile da allevare e non \u00e8 adatta ai principianti. L&#8217;allevamento del Tonkinbolus dollfusi \u00e8 piuttosto difficile. Gli animali sono venduti con molti nomi diversi, come ad esempio millepiedi argentati a strisce rosse o millepiedi del Vietnam rosso-blu. In natura, questi animali vivono vicino al suolo, soprattutto nelle foreste, ma si possono trovare anche nelle piantagioni. Se tenuti bene, possono raggiungere un&#8217;et\u00e0 di 5 anni.     <\/p>\n<p class=\"p1\">L&#8217;area di base di un terrario per Atopochetus dollfusi non deve essere inferiore a 40 mm x 30 mm. Il substrato deve avere un&#8217;altezza di almeno 10 cm, meglio se superiore. <\/p>\n<p class=\"p1\">Temperature di circa 23-25\u00b0C si sono rivelate efficaci per questa specie, cos\u00ec come un&#8217;umidit\u00e0 costantemente superiore al 75%. Come quasi tutte le specie di millepiedi, questi animali sono principalmente crepuscolari e notturni. Non \u00e8 quindi necessaria un&#8217;illuminazione supplementare. Il calore deve essere sempre introdotto nel terrario dall&#8217;alto. Per mantenere l&#8217;umidit\u00e0 nel substrato, questo pu\u00f2 essere coperto con corteccia, muschio o foglie. A differenza della maggior parte delle altre specie, l&#8217;Atopochetus dollfusi si vede raramente in superficie e rimane principalmente nel substrato. I rifugi sotto forma di pezzi di corteccia, piccole grotte ecc. vengono accettati facilmente. Cetrioli, mele, cibo per pesci e molto altro possono essere offerti come cibo, ma la principale fonte di cibo per questa specie \u00e8 il substrato.       <\/p>\n<div style=\"width: 1920px;\" class=\"wp-video\"><video class=\"wp-video-shortcode\" id=\"video-183508-1\" width=\"1920\" height=\"1080\" preload=\"metadata\" controls=\"controls\"><source type=\"video\/mp4\" src=\"https:\/\/insektenliebe.com\/wp-content\/uploads\/2019\/04\/Tonkinbolus-dollfusi-Produktvideo.mp4?_=1\" \/><a href=\"https:\/\/insektenliebe.com\/wp-content\/uploads\/2019\/04\/Tonkinbolus-dollfusi-Produktvideo.mp4\">https:\/\/insektenliebe.com\/wp-content\/uploads\/2019\/04\/Tonkinbolus-dollfusi-Produktvideo.mp4<\/a><\/video><\/div>\n","protected":false},"excerpt":{"rendered":"<p>Atopochetus dollfusi - Quando la natura diventa un&#8217;esperienza L&#8216;Atopochetus dollfusi, ex Tonkinbolus dollfusi, ha il corpo grigio e nero ad anelli con una striscia rosso chiaro sul dorso. Lo scudo della testa (collum), le antenne e le zampe di questa specie sono colorate di rosso. Anche la spina dorsale del telson \u00e8 rossa. Presenta dei [&hellip;]<\/p>\n","protected":false},"featured_media":183512,"template":"","meta":{"_acf_changed":false},"product-supplier":[],"product_brand":[],"product_cat":[2870],"product_tag":[],"lce-checkout-addons":[2746],"class_list":{"0":"post-183508","1":"product","2":"type-product","3":"status-publish","4":"has-post-thumbnail","6":"product_cat-millipede","7":"product_shipping_class-spedizione-di-animali","8":"pa_herkunft-thailandia","9":"pa_kontinent-asia","10":"lce-checkout-addons-imballaggio-invernale","12":"first","13":"instock","14":"taxable","15":"shipping-taxable","16":"purchasable","17":"product-type-simple"},"acf":[],"yoast_head":"<!-- This site is optimized with the Yoast SEO plugin v27.3 - https:\/\/yoast.com\/product\/yoast-seo-wordpress\/ -->\n<title>Atopochetus dollfusi - Insektenliebe<\/title>\n<meta name=\"description\" content=\"Acquista online l&#039;Atopochetus dollfusi. Un punto di forza assoluto in qualsiasi terrario tropicale! Compra direttamente dall&#039;allevatore!\" \/>\n<meta name=\"robots\" content=\"index, follow, max-snippet:-1, max-image-preview:large, max-video-preview:-1\" \/>\n<link rel=\"canonical\" href=\"https:\/\/insektenliebe.com\/it\/shop\/prodotto\/atopochetus-dollfusi\/\" \/>\n<meta property=\"og:locale\" content=\"it_IT\" \/>\n<meta property=\"og:type\" content=\"article\" \/>\n<meta property=\"og:title\" content=\"Atopochetus dollfusi - Insektenliebe\" \/>\n<meta property=\"og:description\" content=\"Acquista online l&#039;Atopochetus dollfusi. Un punto di forza assoluto in qualsiasi terrario tropicale! Compra direttamente dall&#039;allevatore!\" \/>\n<meta property=\"og:url\" content=\"https:\/\/insektenliebe.com\/it\/shop\/prodotto\/atopochetus-dollfusi\/\" \/>\n<meta property=\"og:site_name\" content=\"Insektenliebe\" \/>\n<meta property=\"og:image\" content=\"https:\/\/insektenliebe.com\/wp-content\/uploads\/2019\/04\/Atopochetus-dollfusi-Wurzel.jpg\" \/>\n\t<meta property=\"og:image:width\" content=\"820\" \/>\n\t<meta property=\"og:image:height\" content=\"820\" \/>\n\t<meta property=\"og:image:type\" content=\"image\/jpeg\" \/>\n<meta name=\"twitter:card\" content=\"summary_large_image\" \/>\n<meta name=\"twitter:label1\" content=\"Tempo di lettura stimato\" \/>\n\t<meta name=\"twitter:data1\" content=\"2 minuto\" \/>\n<script type=\"application\/ld+json\" class=\"yoast-schema-graph\">{\"@context\":\"https:\\\/\\\/schema.org\",\"@graph\":[{\"@type\":\"WebPage\",\"@id\":\"https:\\\/\\\/insektenliebe.com\\\/it\\\/shop\\\/prodotto\\\/atopochetus-dollfusi\\\/\",\"url\":\"https:\\\/\\\/insektenliebe.com\\\/it\\\/shop\\\/prodotto\\\/atopochetus-dollfusi\\\/\",\"name\":\"Atopochetus dollfusi - Insektenliebe\",\"isPartOf\":{\"@id\":\"https:\\\/\\\/insektenliebe.com\\\/it\\\/#website\"},\"primaryImageOfPage\":{\"@id\":\"https:\\\/\\\/insektenliebe.com\\\/it\\\/shop\\\/prodotto\\\/atopochetus-dollfusi\\\/#primaryimage\"},\"image\":{\"@id\":\"https:\\\/\\\/insektenliebe.com\\\/it\\\/shop\\\/prodotto\\\/atopochetus-dollfusi\\\/#primaryimage\"},\"thumbnailUrl\":\"https:\\\/\\\/insektenliebe.com\\\/wp-content\\\/uploads\\\/2019\\\/04\\\/Atopochetus-dollfusi-Wurzel.jpg\",\"datePublished\":\"2019-04-02T11:35:08+00:00\",\"description\":\"Acquista online l'Atopochetus dollfusi. Un punto di forza assoluto in qualsiasi terrario tropicale! Compra direttamente dall'allevatore!\",\"breadcrumb\":{\"@id\":\"https:\\\/\\\/insektenliebe.com\\\/it\\\/shop\\\/prodotto\\\/atopochetus-dollfusi\\\/#breadcrumb\"},\"inLanguage\":\"it-IT\",\"potentialAction\":[{\"@type\":\"ReadAction\",\"target\":[\"https:\\\/\\\/insektenliebe.com\\\/it\\\/shop\\\/prodotto\\\/atopochetus-dollfusi\\\/\"]}]},{\"@type\":\"ImageObject\",\"inLanguage\":\"it-IT\",\"@id\":\"https:\\\/\\\/insektenliebe.com\\\/it\\\/shop\\\/prodotto\\\/atopochetus-dollfusi\\\/#primaryimage\",\"url\":\"https:\\\/\\\/insektenliebe.com\\\/wp-content\\\/uploads\\\/2019\\\/04\\\/Atopochetus-dollfusi-Wurzel.jpg\",\"contentUrl\":\"https:\\\/\\\/insektenliebe.com\\\/wp-content\\\/uploads\\\/2019\\\/04\\\/Atopochetus-dollfusi-Wurzel.jpg\",\"width\":820,\"height\":820,\"caption\":\"Radice di Atopochetus dollfusi\"},{\"@type\":\"BreadcrumbList\",\"@id\":\"https:\\\/\\\/insektenliebe.com\\\/it\\\/shop\\\/prodotto\\\/atopochetus-dollfusi\\\/#breadcrumb\",\"itemListElement\":[{\"@type\":\"ListItem\",\"position\":1,\"name\":\"Startseite\",\"item\":\"https:\\\/\\\/insektenliebe.com\\\/it\\\/\"},{\"@type\":\"ListItem\",\"position\":2,\"name\":\"Negozio\",\"item\":\"https:\\\/\\\/insektenliebe.com\\\/it\\\/negozio\\\/\"},{\"@type\":\"ListItem\",\"position\":3,\"name\":\"Atopochetus dollfusi\"}]},{\"@type\":\"WebSite\",\"@id\":\"https:\\\/\\\/insektenliebe.com\\\/it\\\/#website\",\"url\":\"https:\\\/\\\/insektenliebe.com\\\/it\\\/\",\"name\":\"Insektenliebe\",\"description\":\"Dein Zuhause f\u00fcr die kleinen Lebewesen\",\"publisher\":{\"@id\":\"https:\\\/\\\/insektenliebe.com\\\/it\\\/#organization\"},\"potentialAction\":[{\"@type\":\"SearchAction\",\"target\":{\"@type\":\"EntryPoint\",\"urlTemplate\":\"https:\\\/\\\/insektenliebe.com\\\/it\\\/?s={search_term_string}\"},\"query-input\":{\"@type\":\"PropertyValueSpecification\",\"valueRequired\":true,\"valueName\":\"search_term_string\"}}],\"inLanguage\":\"it-IT\"},{\"@type\":\"Organization\",\"@id\":\"https:\\\/\\\/insektenliebe.com\\\/it\\\/#organization\",\"name\":\"Insektenliebe\",\"url\":\"https:\\\/\\\/insektenliebe.com\\\/it\\\/\",\"logo\":{\"@type\":\"ImageObject\",\"inLanguage\":\"it-IT\",\"@id\":\"https:\\\/\\\/insektenliebe.com\\\/it\\\/#\\\/schema\\\/logo\\\/image\\\/\",\"url\":\"https:\\\/\\\/insektenliebe.com\\\/wp-content\\\/uploads\\\/2025\\\/03\\\/logo-white.png\",\"contentUrl\":\"https:\\\/\\\/insektenliebe.com\\\/wp-content\\\/uploads\\\/2025\\\/03\\\/logo-white.png\",\"width\":288,\"height\":188,\"caption\":\"Insektenliebe\"},\"image\":{\"@id\":\"https:\\\/\\\/insektenliebe.com\\\/it\\\/#\\\/schema\\\/logo\\\/image\\\/\"}}]}<\/script>\n<!-- \/ Yoast SEO plugin. -->","yoast_head_json":{"title":"Atopochetus dollfusi - Insektenliebe","description":"Acquista online l'Atopochetus dollfusi. Un punto di forza assoluto in qualsiasi terrario tropicale! Compra direttamente dall'allevatore!","robots":{"index":"index","follow":"follow","max-snippet":"max-snippet:-1","max-image-preview":"max-image-preview:large","max-video-preview":"max-video-preview:-1"},"canonical":"https:\/\/insektenliebe.com\/it\/shop\/prodotto\/atopochetus-dollfusi\/","og_locale":"it_IT","og_type":"article","og_title":"Atopochetus dollfusi - Insektenliebe","og_description":"Acquista online l'Atopochetus dollfusi. Un punto di forza assoluto in qualsiasi terrario tropicale! Compra direttamente dall'allevatore!","og_url":"https:\/\/insektenliebe.com\/it\/shop\/prodotto\/atopochetus-dollfusi\/","og_site_name":"Insektenliebe","og_image":[{"width":820,"height":820,"url":"https:\/\/insektenliebe.com\/wp-content\/uploads\/2019\/04\/Atopochetus-dollfusi-Wurzel.jpg","type":"image\/jpeg"}],"twitter_card":"summary_large_image","twitter_misc":{"Tempo di lettura stimato":"2 minuto"},"schema":{"@context":"https:\/\/schema.org","@graph":[{"@type":"WebPage","@id":"https:\/\/insektenliebe.com\/it\/shop\/prodotto\/atopochetus-dollfusi\/","url":"https:\/\/insektenliebe.com\/it\/shop\/prodotto\/atopochetus-dollfusi\/","name":"Atopochetus dollfusi - Insektenliebe","isPartOf":{"@id":"https:\/\/insektenliebe.com\/it\/#website"},"primaryImageOfPage":{"@id":"https:\/\/insektenliebe.com\/it\/shop\/prodotto\/atopochetus-dollfusi\/#primaryimage"},"image":{"@id":"https:\/\/insektenliebe.com\/it\/shop\/prodotto\/atopochetus-dollfusi\/#primaryimage"},"thumbnailUrl":"https:\/\/insektenliebe.com\/wp-content\/uploads\/2019\/04\/Atopochetus-dollfusi-Wurzel.jpg","datePublished":"2019-04-02T11:35:08+00:00","description":"Acquista online l'Atopochetus dollfusi. Un punto di forza assoluto in qualsiasi terrario tropicale! Compra direttamente dall'allevatore!","breadcrumb":{"@id":"https:\/\/insektenliebe.com\/it\/shop\/prodotto\/atopochetus-dollfusi\/#breadcrumb"},"inLanguage":"it-IT","potentialAction":[{"@type":"ReadAction","target":["https:\/\/insektenliebe.com\/it\/shop\/prodotto\/atopochetus-dollfusi\/"]}]},{"@type":"ImageObject","inLanguage":"it-IT","@id":"https:\/\/insektenliebe.com\/it\/shop\/prodotto\/atopochetus-dollfusi\/#primaryimage","url":"https:\/\/insektenliebe.com\/wp-content\/uploads\/2019\/04\/Atopochetus-dollfusi-Wurzel.jpg","contentUrl":"https:\/\/insektenliebe.com\/wp-content\/uploads\/2019\/04\/Atopochetus-dollfusi-Wurzel.jpg","width":820,"height":820,"caption":"Radice di Atopochetus dollfusi"},{"@type":"BreadcrumbList","@id":"https:\/\/insektenliebe.com\/it\/shop\/prodotto\/atopochetus-dollfusi\/#breadcrumb","itemListElement":[{"@type":"ListItem","position":1,"name":"Startseite","item":"https:\/\/insektenliebe.com\/it\/"},{"@type":"ListItem","position":2,"name":"Negozio","item":"https:\/\/insektenliebe.com\/it\/negozio\/"},{"@type":"ListItem","position":3,"name":"Atopochetus dollfusi"}]},{"@type":"WebSite","@id":"https:\/\/insektenliebe.com\/it\/#website","url":"https:\/\/insektenliebe.com\/it\/","name":"Insektenliebe","description":"Dein Zuhause f\u00fcr die kleinen Lebewesen","publisher":{"@id":"https:\/\/insektenliebe.com\/it\/#organization"},"potentialAction":[{"@type":"SearchAction","target":{"@type":"EntryPoint","urlTemplate":"https:\/\/insektenliebe.com\/it\/?s={search_term_string}"},"query-input":{"@type":"PropertyValueSpecification","valueRequired":true,"valueName":"search_term_string"}}],"inLanguage":"it-IT"},{"@type":"Organization","@id":"https:\/\/insektenliebe.com\/it\/#organization","name":"Insektenliebe","url":"https:\/\/insektenliebe.com\/it\/","logo":{"@type":"ImageObject","inLanguage":"it-IT","@id":"https:\/\/insektenliebe.com\/it\/#\/schema\/logo\/image\/","url":"https:\/\/insektenliebe.com\/wp-content\/uploads\/2025\/03\/logo-white.png","contentUrl":"https:\/\/insektenliebe.com\/wp-content\/uploads\/2025\/03\/logo-white.png","width":288,"height":188,"caption":"Insektenliebe"},"image":{"@id":"https:\/\/insektenliebe.com\/it\/#\/schema\/logo\/image\/"}}]}},"_links":{"self":[{"href":"https:\/\/insektenliebe.com\/it\/wp-json\/wp\/v2\/product\/183508","targetHints":{"allow":["GET"]}}],"collection":[{"href":"https:\/\/insektenliebe.com\/it\/wp-json\/wp\/v2\/product"}],"about":[{"href":"https:\/\/insektenliebe.com\/it\/wp-json\/wp\/v2\/types\/product"}],"wp:featuredmedia":[{"embeddable":true,"href":"https:\/\/insektenliebe.com\/it\/wp-json\/wp\/v2\/media\/183512"}],"wp:attachment":[{"href":"https:\/\/insektenliebe.com\/it\/wp-json\/wp\/v2\/media?parent=183508"}],"wp:term":[{"taxonomy":"product-supplier","embeddable":true,"href":"https:\/\/insektenliebe.com\/it\/wp-json\/wp\/v2\/product-supplier?post=183508"},{"taxonomy":"product_brand","embeddable":true,"href":"https:\/\/insektenliebe.com\/it\/wp-json\/wp\/v2\/product_brand?post=183508"},{"taxonomy":"product_cat","embeddable":true,"href":"https:\/\/insektenliebe.com\/it\/wp-json\/wp\/v2\/product_cat?post=183508"},{"taxonomy":"product_tag","embeddable":true,"href":"https:\/\/insektenliebe.com\/it\/wp-json\/wp\/v2\/product_tag?post=183508"},{"taxonomy":"lce-checkout-addons","embeddable":true,"href":"https:\/\/insektenliebe.com\/it\/wp-json\/wp\/v2\/lce-checkout-addons?post=183508"}],"curies":[{"name":"wp","href":"https:\/\/api.w.org\/{rel}","templated":true}]}}