{"id":183507,"date":"2018-04-18T15:14:00","date_gmt":"2018-04-18T13:14:00","guid":{"rendered":"https:\/\/insektenliebe.com\/shop\/produkt\/porcellio-laevis-nero\/"},"modified":"2018-04-18T15:14:00","modified_gmt":"2018-04-18T13:14:00","slug":"porcellio-laevis-nero","status":"publish","type":"product","link":"https:\/\/insektenliebe.com\/it\/shop\/prodotto\/porcellio-laevis-nero\/","title":{"rendered":"Porcellio laevis \"Nero"},"content":{"rendered":"<h3 class=\"p1\"><span style=\"color: #99cc33\"><strong><span class=\"s1\">Porcellio laevis \"Black\" - specie ideale per i principianti<\/span><\/strong><\/span><\/h3>\n<p>Il box di allevamento in cui teniamo il <strong>Porcellio laevis \"Black\"<\/strong> \u00e8 il pi\u00f9 colorato di tutto il nostro stock. Gli animali sono eterozigoti \"Milkback\" e \"Panda\". Ci\u00f2 significa che portano con s\u00e9 i geni degli altri morfemi di colore di P. laevis e la loro prole \u00e8 quindi totalmente diversa. Il Porcellio laevis \"Black\" pu\u00f2 crescere fino a 2,3 cm e ha un tempo di sviluppo di circa 7-8 mesi. \u00c8 molto desideroso di riprodursi!    <\/p>\n<p class=\"font_8\">Il <strong>Porcellio laevis \"Black\"<\/strong> ha un corpo piatto e largo. Il colore di base va dal grigio scuro al nero. Ha antenne grigie e zampe bianche.  <\/p>\n<p class=\"font_8\">Questi animali vivono nello strato di lettiera delle foreste decidue, per questo motivo bisogna cercare di ricreare questo habitat nel terrario. Come substrato si utilizza una miscela di foglie, terra, legno bianco marcio e calce. Uno strato di muschi, pezzi di corteccia e foglie viene posizionato sopra il substrato in modo che gli animali possano trovare dei nascondigli e che il substrato non si asciughi cos\u00ec rapidamente. L&#8217;umidit\u00e0 della vasca dovrebbe aggirarsi intorno al 50-70%, quindi bisogna fare attenzione che il substrato sia sempre umido ma non bagnato. <strong>Il Porcellio laevis \"Black\"<\/strong> \u00e8 una specie di isopode molto robusta e pu\u00f2 essere tenuta anche a livelli di umidit\u00e0 pi\u00f9 elevati se si evitano i ristagni d&#8217;acqua. Gli isopodi sono pi\u00f9 attivi a temperature comprese tra 18 e 26\u00b0C. In genere \u00e8 possibile osservare <strong>Porcellio laevis \"Black\"<\/strong> con frequenza, poich\u00e9 questa specie di isopode \u00e8 attiva durante il giorno.     Con una densit\u00e0 di popolazione adeguata, \u00e8 sempre possibile individuarne qualcuna quando si guarda nella vasca.<\/p>\n<p class=\"font_8\">I <strong>Porcellio laevis \"Black\"<\/strong> sono ideali come pesci da compagnia in varie vasche. Ad esempio, possono essere tranquillamente socializzati con lumache, millepiedi, fasmidi, coleotteri e simili. Molte persone li tengono anche come polizia sanitaria nelle vasche dei rettili, in quanto divorano gli avanzi di cibo e occasionalmente servono come cibo per i rettili. In teoria, il materiale organico contenuto nel substrato sarebbe sufficiente come alimento per gli isopodi, poich\u00e9 \u00e8 anche il cibo principale degli animali in natura. Nel terrario, tuttavia, mangiano volentieri anche verdure, fiori, frutta e cibo per isopodi.    <\/p>\n","protected":false},"excerpt":{"rendered":"<p>Porcellio laevis \"Black\" - specie ideale per i principianti Il box di allevamento in cui teniamo il Porcellio laevis \"Black\" \u00e8 il pi\u00f9 colorato di tutto il nostro stock. Gli animali sono eterozigoti \"Milkback\" e \"Panda\". Ci\u00f2 significa che portano con s\u00e9 i geni degli altri morfemi di colore di P. laevis e la loro [&hellip;]<\/p>\n","protected":false},"featured_media":183509,"template":"","meta":{"_acf_changed":false},"product-supplier":[],"product_brand":[],"product_cat":[2787,2788],"product_tag":[],"lce-checkout-addons":[2746],"class_list":{"0":"post-183507","1":"product","2":"type-product","3":"status-publish","4":"has-post-thumbnail","6":"product_cat-porcellino-di-legno-porcellio","7":"product_cat-woodlice","8":"product_shipping_class-spedizione-di-animali","9":"pa_einsatz-animali-da-mangiare","10":"pa_einsatz-mostra-gli-animali","11":"pa_haltung-allevamento-singolo","12":"pa_haltung-terrario-comunitario","13":"pa_herkunft-cosmopolitan","14":"pa_kontinent-africa","15":"pa_kontinent-asia","16":"pa_kontinent-australia","17":"pa_kontinent-europa","18":"pa_kontinent-nord-america","19":"pa_kontinent-sud-america","20":"lce-checkout-addons-imballaggio-invernale","22":"first","23":"instock","24":"taxable","25":"shipping-taxable","26":"purchasable","27":"product-type-simple"},"acf":[],"yoast_head":"<!-- This site is optimized with the Yoast SEO plugin v27.3 - https:\/\/yoast.com\/product\/yoast-seo-wordpress\/ -->\n<title>Porcellio laevis &quot;Nero - Insektenliebe<\/title>\n<meta name=\"description\" content=\"Acquista online il Porcellio laevis &quot;Nero&quot;. Questo \u00e8 il riproduttore perfetto per chi ama selezionare e sperimentare.\" \/>\n<meta name=\"robots\" content=\"index, follow, max-snippet:-1, max-image-preview:large, max-video-preview:-1\" \/>\n<link rel=\"canonical\" href=\"https:\/\/insektenliebe.com\/it\/shop\/prodotto\/porcellio-laevis-nero\/\" \/>\n<meta property=\"og:locale\" content=\"it_IT\" \/>\n<meta property=\"og:type\" content=\"article\" \/>\n<meta property=\"og:title\" content=\"Porcellio laevis &quot;Nero - Insektenliebe\" \/>\n<meta property=\"og:description\" content=\"Acquista online il Porcellio laevis &quot;Nero&quot;. Questo \u00e8 il riproduttore perfetto per chi ama selezionare e sperimentare.\" \/>\n<meta property=\"og:url\" content=\"https:\/\/insektenliebe.com\/it\/shop\/prodotto\/porcellio-laevis-nero\/\" \/>\n<meta property=\"og:site_name\" content=\"Insektenliebe\" \/>\n<meta property=\"og:image\" content=\"https:\/\/insektenliebe.com\/wp-content\/uploads\/2025\/05\/Porcellio-laevis-_Black_-2.jpg\" \/>\n\t<meta property=\"og:image:width\" content=\"820\" \/>\n\t<meta property=\"og:image:height\" content=\"820\" \/>\n\t<meta property=\"og:image:type\" content=\"image\/jpeg\" \/>\n<meta name=\"twitter:card\" content=\"summary_large_image\" \/>\n<meta name=\"twitter:label1\" content=\"Tempo di lettura stimato\" \/>\n\t<meta name=\"twitter:data1\" content=\"2 minuto\" \/>\n<script type=\"application\/ld+json\" class=\"yoast-schema-graph\">{\"@context\":\"https:\\\/\\\/schema.org\",\"@graph\":[{\"@type\":\"WebPage\",\"@id\":\"https:\\\/\\\/insektenliebe.com\\\/it\\\/shop\\\/prodotto\\\/porcellio-laevis-nero\\\/\",\"url\":\"https:\\\/\\\/insektenliebe.com\\\/it\\\/shop\\\/prodotto\\\/porcellio-laevis-nero\\\/\",\"name\":\"Porcellio laevis \\\"Nero - Insektenliebe\",\"isPartOf\":{\"@id\":\"https:\\\/\\\/insektenliebe.com\\\/it\\\/#website\"},\"primaryImageOfPage\":{\"@id\":\"https:\\\/\\\/insektenliebe.com\\\/it\\\/shop\\\/prodotto\\\/porcellio-laevis-nero\\\/#primaryimage\"},\"image\":{\"@id\":\"https:\\\/\\\/insektenliebe.com\\\/it\\\/shop\\\/prodotto\\\/porcellio-laevis-nero\\\/#primaryimage\"},\"thumbnailUrl\":\"https:\\\/\\\/insektenliebe.com\\\/wp-content\\\/uploads\\\/2025\\\/05\\\/Porcellio-laevis-_Black_-2.jpg\",\"datePublished\":\"2018-04-18T13:14:00+00:00\",\"description\":\"Acquista online il Porcellio laevis \\\"Nero\\\". Questo \u00e8 il riproduttore perfetto per chi ama selezionare e sperimentare.\",\"breadcrumb\":{\"@id\":\"https:\\\/\\\/insektenliebe.com\\\/it\\\/shop\\\/prodotto\\\/porcellio-laevis-nero\\\/#breadcrumb\"},\"inLanguage\":\"it-IT\",\"potentialAction\":[{\"@type\":\"ReadAction\",\"target\":[\"https:\\\/\\\/insektenliebe.com\\\/it\\\/shop\\\/prodotto\\\/porcellio-laevis-nero\\\/\"]}]},{\"@type\":\"ImageObject\",\"inLanguage\":\"it-IT\",\"@id\":\"https:\\\/\\\/insektenliebe.com\\\/it\\\/shop\\\/prodotto\\\/porcellio-laevis-nero\\\/#primaryimage\",\"url\":\"https:\\\/\\\/insektenliebe.com\\\/wp-content\\\/uploads\\\/2025\\\/05\\\/Porcellio-laevis-_Black_-2.jpg\",\"contentUrl\":\"https:\\\/\\\/insektenliebe.com\\\/wp-content\\\/uploads\\\/2025\\\/05\\\/Porcellio-laevis-_Black_-2.jpg\",\"width\":820,\"height\":820,\"caption\":\"Porcellio-laevis-_Nero_-2.jpg\"},{\"@type\":\"BreadcrumbList\",\"@id\":\"https:\\\/\\\/insektenliebe.com\\\/it\\\/shop\\\/prodotto\\\/porcellio-laevis-nero\\\/#breadcrumb\",\"itemListElement\":[{\"@type\":\"ListItem\",\"position\":1,\"name\":\"Startseite\",\"item\":\"https:\\\/\\\/insektenliebe.com\\\/it\\\/\"},{\"@type\":\"ListItem\",\"position\":2,\"name\":\"Negozio\",\"item\":\"https:\\\/\\\/insektenliebe.com\\\/it\\\/negozio\\\/\"},{\"@type\":\"ListItem\",\"position\":3,\"name\":\"Porcellio laevis &#8220;Nero\"}]},{\"@type\":\"WebSite\",\"@id\":\"https:\\\/\\\/insektenliebe.com\\\/it\\\/#website\",\"url\":\"https:\\\/\\\/insektenliebe.com\\\/it\\\/\",\"name\":\"Insektenliebe\",\"description\":\"Dein Zuhause f\u00fcr die kleinen Lebewesen\",\"publisher\":{\"@id\":\"https:\\\/\\\/insektenliebe.com\\\/it\\\/#organization\"},\"potentialAction\":[{\"@type\":\"SearchAction\",\"target\":{\"@type\":\"EntryPoint\",\"urlTemplate\":\"https:\\\/\\\/insektenliebe.com\\\/it\\\/?s={search_term_string}\"},\"query-input\":{\"@type\":\"PropertyValueSpecification\",\"valueRequired\":true,\"valueName\":\"search_term_string\"}}],\"inLanguage\":\"it-IT\"},{\"@type\":\"Organization\",\"@id\":\"https:\\\/\\\/insektenliebe.com\\\/it\\\/#organization\",\"name\":\"Insektenliebe\",\"url\":\"https:\\\/\\\/insektenliebe.com\\\/it\\\/\",\"logo\":{\"@type\":\"ImageObject\",\"inLanguage\":\"it-IT\",\"@id\":\"https:\\\/\\\/insektenliebe.com\\\/it\\\/#\\\/schema\\\/logo\\\/image\\\/\",\"url\":\"https:\\\/\\\/insektenliebe.com\\\/wp-content\\\/uploads\\\/2025\\\/03\\\/logo-white.png\",\"contentUrl\":\"https:\\\/\\\/insektenliebe.com\\\/wp-content\\\/uploads\\\/2025\\\/03\\\/logo-white.png\",\"width\":288,\"height\":188,\"caption\":\"Insektenliebe\"},\"image\":{\"@id\":\"https:\\\/\\\/insektenliebe.com\\\/it\\\/#\\\/schema\\\/logo\\\/image\\\/\"}}]}<\/script>\n<!-- \/ Yoast SEO plugin. -->","yoast_head_json":{"title":"Porcellio laevis \"Nero - Insektenliebe","description":"Acquista online il Porcellio laevis \"Nero\". Questo \u00e8 il riproduttore perfetto per chi ama selezionare e sperimentare.","robots":{"index":"index","follow":"follow","max-snippet":"max-snippet:-1","max-image-preview":"max-image-preview:large","max-video-preview":"max-video-preview:-1"},"canonical":"https:\/\/insektenliebe.com\/it\/shop\/prodotto\/porcellio-laevis-nero\/","og_locale":"it_IT","og_type":"article","og_title":"Porcellio laevis \"Nero - Insektenliebe","og_description":"Acquista online il Porcellio laevis \"Nero\". Questo \u00e8 il riproduttore perfetto per chi ama selezionare e sperimentare.","og_url":"https:\/\/insektenliebe.com\/it\/shop\/prodotto\/porcellio-laevis-nero\/","og_site_name":"Insektenliebe","og_image":[{"width":820,"height":820,"url":"https:\/\/insektenliebe.com\/wp-content\/uploads\/2025\/05\/Porcellio-laevis-_Black_-2.jpg","type":"image\/jpeg"}],"twitter_card":"summary_large_image","twitter_misc":{"Tempo di lettura stimato":"2 minuto"},"schema":{"@context":"https:\/\/schema.org","@graph":[{"@type":"WebPage","@id":"https:\/\/insektenliebe.com\/it\/shop\/prodotto\/porcellio-laevis-nero\/","url":"https:\/\/insektenliebe.com\/it\/shop\/prodotto\/porcellio-laevis-nero\/","name":"Porcellio laevis \"Nero - Insektenliebe","isPartOf":{"@id":"https:\/\/insektenliebe.com\/it\/#website"},"primaryImageOfPage":{"@id":"https:\/\/insektenliebe.com\/it\/shop\/prodotto\/porcellio-laevis-nero\/#primaryimage"},"image":{"@id":"https:\/\/insektenliebe.com\/it\/shop\/prodotto\/porcellio-laevis-nero\/#primaryimage"},"thumbnailUrl":"https:\/\/insektenliebe.com\/wp-content\/uploads\/2025\/05\/Porcellio-laevis-_Black_-2.jpg","datePublished":"2018-04-18T13:14:00+00:00","description":"Acquista online il Porcellio laevis \"Nero\". Questo \u00e8 il riproduttore perfetto per chi ama selezionare e sperimentare.","breadcrumb":{"@id":"https:\/\/insektenliebe.com\/it\/shop\/prodotto\/porcellio-laevis-nero\/#breadcrumb"},"inLanguage":"it-IT","potentialAction":[{"@type":"ReadAction","target":["https:\/\/insektenliebe.com\/it\/shop\/prodotto\/porcellio-laevis-nero\/"]}]},{"@type":"ImageObject","inLanguage":"it-IT","@id":"https:\/\/insektenliebe.com\/it\/shop\/prodotto\/porcellio-laevis-nero\/#primaryimage","url":"https:\/\/insektenliebe.com\/wp-content\/uploads\/2025\/05\/Porcellio-laevis-_Black_-2.jpg","contentUrl":"https:\/\/insektenliebe.com\/wp-content\/uploads\/2025\/05\/Porcellio-laevis-_Black_-2.jpg","width":820,"height":820,"caption":"Porcellio-laevis-_Nero_-2.jpg"},{"@type":"BreadcrumbList","@id":"https:\/\/insektenliebe.com\/it\/shop\/prodotto\/porcellio-laevis-nero\/#breadcrumb","itemListElement":[{"@type":"ListItem","position":1,"name":"Startseite","item":"https:\/\/insektenliebe.com\/it\/"},{"@type":"ListItem","position":2,"name":"Negozio","item":"https:\/\/insektenliebe.com\/it\/negozio\/"},{"@type":"ListItem","position":3,"name":"Porcellio laevis &#8220;Nero"}]},{"@type":"WebSite","@id":"https:\/\/insektenliebe.com\/it\/#website","url":"https:\/\/insektenliebe.com\/it\/","name":"Insektenliebe","description":"Dein Zuhause f\u00fcr die kleinen Lebewesen","publisher":{"@id":"https:\/\/insektenliebe.com\/it\/#organization"},"potentialAction":[{"@type":"SearchAction","target":{"@type":"EntryPoint","urlTemplate":"https:\/\/insektenliebe.com\/it\/?s={search_term_string}"},"query-input":{"@type":"PropertyValueSpecification","valueRequired":true,"valueName":"search_term_string"}}],"inLanguage":"it-IT"},{"@type":"Organization","@id":"https:\/\/insektenliebe.com\/it\/#organization","name":"Insektenliebe","url":"https:\/\/insektenliebe.com\/it\/","logo":{"@type":"ImageObject","inLanguage":"it-IT","@id":"https:\/\/insektenliebe.com\/it\/#\/schema\/logo\/image\/","url":"https:\/\/insektenliebe.com\/wp-content\/uploads\/2025\/03\/logo-white.png","contentUrl":"https:\/\/insektenliebe.com\/wp-content\/uploads\/2025\/03\/logo-white.png","width":288,"height":188,"caption":"Insektenliebe"},"image":{"@id":"https:\/\/insektenliebe.com\/it\/#\/schema\/logo\/image\/"}}]}},"_links":{"self":[{"href":"https:\/\/insektenliebe.com\/it\/wp-json\/wp\/v2\/product\/183507","targetHints":{"allow":["GET"]}}],"collection":[{"href":"https:\/\/insektenliebe.com\/it\/wp-json\/wp\/v2\/product"}],"about":[{"href":"https:\/\/insektenliebe.com\/it\/wp-json\/wp\/v2\/types\/product"}],"wp:featuredmedia":[{"embeddable":true,"href":"https:\/\/insektenliebe.com\/it\/wp-json\/wp\/v2\/media\/183509"}],"wp:attachment":[{"href":"https:\/\/insektenliebe.com\/it\/wp-json\/wp\/v2\/media?parent=183507"}],"wp:term":[{"taxonomy":"product-supplier","embeddable":true,"href":"https:\/\/insektenliebe.com\/it\/wp-json\/wp\/v2\/product-supplier?post=183507"},{"taxonomy":"product_brand","embeddable":true,"href":"https:\/\/insektenliebe.com\/it\/wp-json\/wp\/v2\/product_brand?post=183507"},{"taxonomy":"product_cat","embeddable":true,"href":"https:\/\/insektenliebe.com\/it\/wp-json\/wp\/v2\/product_cat?post=183507"},{"taxonomy":"product_tag","embeddable":true,"href":"https:\/\/insektenliebe.com\/it\/wp-json\/wp\/v2\/product_tag?post=183507"},{"taxonomy":"lce-checkout-addons","embeddable":true,"href":"https:\/\/insektenliebe.com\/it\/wp-json\/wp\/v2\/lce-checkout-addons?post=183507"}],"curies":[{"name":"wp","href":"https:\/\/api.w.org\/{rel}","templated":true}]}}