{"id":183471,"date":"2019-02-20T10:12:00","date_gmt":"2019-02-20T09:12:00","guid":{"rendered":"https:\/\/insektenliebe.com\/shop\/produkt\/porcellio-ornatus-pietra-arenaria\/"},"modified":"2026-03-19T10:03:08","modified_gmt":"2026-03-19T09:03:08","slug":"porcellio-ornatus-pietra-arenaria","status":"publish","type":"product","link":"https:\/\/insektenliebe.com\/it\/shop\/prodotto\/porcellio-ornatus-pietra-arenaria\/","title":{"rendered":"Porcellio ornatus \"Pietra arenaria"},"content":{"rendered":"<h3><span class=\"s1\" style=\"color: #99cc33;\">Porcellio ornatus \"Sandstone\" - Intenso, attivo e affascinante<\/span><\/h3>\n<div class=\"vc_row wpb_row vc_row-fluid prrow\">\n<div class=\"wpb_column vc_column_container vc_col-sm-3\">\n<div class=\"vc_column-inner \">\n<div class=\"wpb_wrapper\">\n<div class=\"wpb_text_column wpb_content_element \">\n<div class=\"wpb_wrapper\">\n<p class=\"p1\"><span class=\"s1\">Il <strong>Porcellio ornatus \"Sandstone\"<\/strong> \u00e8 una specie di isopode molto attiva. Il colore di base arancione intenso ha un aspetto caldo, vivace e allo stesso tempo molto uniforme. A seconda della luce, la superficie brilla leggermente opaca o setosa, conferendo agli animali un aspetto particolarmente vivace. Questa variante di colore si distingue nettamente dai toni naturali del marrone e del grigio e crea accenti mirati nel terrario senza sembrare artificiale.   <\/span><\/p>\n<p class=\"p1\"><span class=\"s1\">Oltre che per il suo aspetto appariscente, questa specie colpisce anche per il suo comportamento attivo. <strong>Il Porcellio ornatus \"Sandstone\"<\/strong> si mostra regolarmente in vasca e non si muove solo di notte. Gli animali esplorano l&#8217;ambiente circostante, corrono su legno, foglie e pietre e sono facili da osservare. Questo crea molto movimento, soprattutto in terrazze isopode ben strutturate, il che rende questa variante ideale per le vasche da esposizione.  <\/span><\/p>\n<p class=\"p1\"><span class=\"s1\">Sono facili da mantenere a patto che ci sia un buon equilibrio tra zone umide e zone pi\u00f9 secche. La base \u00e8 costituita da un substrato scavabile di humus forestale, foglie e legno marcio, mentre pezzi di corteccia e nascondigli forniscono una struttura aggiuntiva. Una buona ventilazione \u00e8 importante, in quanto \u00e8 necessario evitare condizioni di umidit\u00e0 permanente. In questo modo il clima rimane stabile e gli animali si sentono a proprio agio a lungo termine.   <\/span><\/p>\n<p class=\"p1\"><span class=\"s1\">Il <strong>Porcellio ornatus \"Sandstone\"<\/strong> \u00e8 molto riconoscente per la variet\u00e0 della sua dieta. Oltre al fogliame e al legno, accettano con fiducia cibo isopodico, polline di fiori, verdure e integratori ricchi di proteine. Una dieta varia non solo favorisce l&#8217;intensit\u00e0 dei colori, ma anche la muta e la riproduzione. La riproduzione \u00e8 regolare e controllata, il che rende questa specie interessante sia per i principianti che per gli allevatori esperti.   <\/span><\/p>\n<p class=\"p1\"><span class=\"s1\">Il <strong>Porcellio ornatus \"Sandstone\"<\/strong> combina colori vivaci con un comportamento vivace e facile da curare. Questo isopode non \u00e8 un tranquillo abitante di sfondo, ma un attivo cattura-sguardi che valorizza visivamente qualsiasi terrario. Chi ama i colori, apprezza il movimento e cerca una specie facile da gestire, qui trover\u00e0 un isopode all&#8217;altezza del suo nome.  <\/span><\/p>\n<\/div>\n<\/div>\n<\/div>\n<\/div>\n<\/div>\n<\/div>\n","protected":false},"excerpt":{"rendered":"<p>Un altro colore morph della nostra azienda!<\/p>\n<p>Alla base di questa scelta c&#8217;erano le anomalie di colore del nostro Porcellio ornatus \"Punti gialli\".<\/p>\n","protected":false},"featured_media":183474,"template":"","meta":{"_acf_changed":false},"product-supplier":[],"product_brand":[],"product_cat":[2787,2788],"product_tag":[],"lce-checkout-addons":[2746],"class_list":{"0":"post-183471","1":"product","2":"type-product","3":"status-publish","4":"has-post-thumbnail","6":"product_cat-porcellino-di-legno-porcellio","7":"product_cat-woodlice","8":"product_shipping_class-spedizione-di-animali","9":"pa_herkunft-spagna","10":"pa_kontinent-europa","11":"lce-checkout-addons-imballaggio-invernale","13":"first","14":"outofstock","15":"taxable","16":"shipping-taxable","17":"purchasable","18":"product-type-simple"},"acf":[],"yoast_head":"<!-- This site is optimized with the Yoast SEO plugin v27.3 - https:\/\/yoast.com\/product\/yoast-seo-wordpress\/ -->\n<title>Porcellio ornatus &quot;Pietra arenaria - Insektenliebe<\/title>\n<meta name=\"description\" content=\"Porcellio ornatus &quot;Sandstone&quot; - isopode di colore arancione brillante con comportamento attivo, riproduzione stabile e ideale per terrazze di isopodi colorati.\" \/>\n<meta name=\"robots\" content=\"index, follow, max-snippet:-1, max-image-preview:large, max-video-preview:-1\" \/>\n<link rel=\"canonical\" href=\"https:\/\/insektenliebe.com\/it\/shop\/prodotto\/porcellio-ornatus-pietra-arenaria\/\" \/>\n<meta property=\"og:locale\" content=\"it_IT\" \/>\n<meta property=\"og:type\" content=\"article\" \/>\n<meta property=\"og:title\" content=\"Porcellio ornatus &quot;Pietra arenaria - Insektenliebe\" \/>\n<meta property=\"og:description\" content=\"Porcellio ornatus &quot;Sandstone&quot; - isopode di colore arancione brillante con comportamento attivo, riproduzione stabile e ideale per terrazze di isopodi colorati.\" \/>\n<meta property=\"og:url\" content=\"https:\/\/insektenliebe.com\/it\/shop\/prodotto\/porcellio-ornatus-pietra-arenaria\/\" \/>\n<meta property=\"og:site_name\" content=\"Insektenliebe\" \/>\n<meta property=\"article:modified_time\" content=\"2026-03-19T09:03:08+00:00\" \/>\n<meta property=\"og:image\" content=\"https:\/\/insektenliebe.com\/wp-content\/uploads\/2019\/02\/Porcellio-ornatus-22Sandstone22.jpg\" \/>\n\t<meta property=\"og:image:width\" content=\"820\" \/>\n\t<meta property=\"og:image:height\" content=\"820\" \/>\n\t<meta property=\"og:image:type\" content=\"image\/jpeg\" \/>\n<meta name=\"twitter:card\" content=\"summary_large_image\" \/>\n<meta name=\"twitter:label1\" content=\"Tempo di lettura stimato\" \/>\n\t<meta name=\"twitter:data1\" content=\"2 minuto\" \/>\n<script type=\"application\/ld+json\" class=\"yoast-schema-graph\">{\"@context\":\"https:\\\/\\\/schema.org\",\"@graph\":[{\"@type\":\"WebPage\",\"@id\":\"https:\\\/\\\/insektenliebe.com\\\/it\\\/shop\\\/prodotto\\\/porcellio-ornatus-pietra-arenaria\\\/\",\"url\":\"https:\\\/\\\/insektenliebe.com\\\/it\\\/shop\\\/prodotto\\\/porcellio-ornatus-pietra-arenaria\\\/\",\"name\":\"Porcellio ornatus \\\"Pietra arenaria - Insektenliebe\",\"isPartOf\":{\"@id\":\"https:\\\/\\\/insektenliebe.com\\\/it\\\/#website\"},\"primaryImageOfPage\":{\"@id\":\"https:\\\/\\\/insektenliebe.com\\\/it\\\/shop\\\/prodotto\\\/porcellio-ornatus-pietra-arenaria\\\/#primaryimage\"},\"image\":{\"@id\":\"https:\\\/\\\/insektenliebe.com\\\/it\\\/shop\\\/prodotto\\\/porcellio-ornatus-pietra-arenaria\\\/#primaryimage\"},\"thumbnailUrl\":\"https:\\\/\\\/insektenliebe.com\\\/wp-content\\\/uploads\\\/2019\\\/02\\\/Porcellio-ornatus-22Sandstone22.jpg\",\"datePublished\":\"2019-02-20T09:12:00+00:00\",\"dateModified\":\"2026-03-19T09:03:08+00:00\",\"description\":\"Porcellio ornatus \\\"Sandstone\\\" - isopode di colore arancione brillante con comportamento attivo, riproduzione stabile e ideale per terrazze di isopodi colorati.\",\"breadcrumb\":{\"@id\":\"https:\\\/\\\/insektenliebe.com\\\/it\\\/shop\\\/prodotto\\\/porcellio-ornatus-pietra-arenaria\\\/#breadcrumb\"},\"inLanguage\":\"it-IT\",\"potentialAction\":[{\"@type\":\"ReadAction\",\"target\":[\"https:\\\/\\\/insektenliebe.com\\\/it\\\/shop\\\/prodotto\\\/porcellio-ornatus-pietra-arenaria\\\/\"]}]},{\"@type\":\"ImageObject\",\"inLanguage\":\"it-IT\",\"@id\":\"https:\\\/\\\/insektenliebe.com\\\/it\\\/shop\\\/prodotto\\\/porcellio-ornatus-pietra-arenaria\\\/#primaryimage\",\"url\":\"https:\\\/\\\/insektenliebe.com\\\/wp-content\\\/uploads\\\/2019\\\/02\\\/Porcellio-ornatus-22Sandstone22.jpg\",\"contentUrl\":\"https:\\\/\\\/insektenliebe.com\\\/wp-content\\\/uploads\\\/2019\\\/02\\\/Porcellio-ornatus-22Sandstone22.jpg\",\"width\":820,\"height\":820,\"caption\":\"Porcellio ornatus \\\"Pietra arenaria\"},{\"@type\":\"BreadcrumbList\",\"@id\":\"https:\\\/\\\/insektenliebe.com\\\/it\\\/shop\\\/prodotto\\\/porcellio-ornatus-pietra-arenaria\\\/#breadcrumb\",\"itemListElement\":[{\"@type\":\"ListItem\",\"position\":1,\"name\":\"Startseite\",\"item\":\"https:\\\/\\\/insektenliebe.com\\\/it\\\/\"},{\"@type\":\"ListItem\",\"position\":2,\"name\":\"Negozio\",\"item\":\"https:\\\/\\\/insektenliebe.com\\\/it\\\/negozio\\\/\"},{\"@type\":\"ListItem\",\"position\":3,\"name\":\"Porcellio ornatus \\\"Pietra arenaria\"}]},{\"@type\":\"WebSite\",\"@id\":\"https:\\\/\\\/insektenliebe.com\\\/it\\\/#website\",\"url\":\"https:\\\/\\\/insektenliebe.com\\\/it\\\/\",\"name\":\"Insektenliebe\",\"description\":\"Dein Zuhause f\u00fcr die kleinen Lebewesen\",\"publisher\":{\"@id\":\"https:\\\/\\\/insektenliebe.com\\\/it\\\/#organization\"},\"potentialAction\":[{\"@type\":\"SearchAction\",\"target\":{\"@type\":\"EntryPoint\",\"urlTemplate\":\"https:\\\/\\\/insektenliebe.com\\\/it\\\/?s={search_term_string}\"},\"query-input\":{\"@type\":\"PropertyValueSpecification\",\"valueRequired\":true,\"valueName\":\"search_term_string\"}}],\"inLanguage\":\"it-IT\"},{\"@type\":\"Organization\",\"@id\":\"https:\\\/\\\/insektenliebe.com\\\/it\\\/#organization\",\"name\":\"Insektenliebe\",\"url\":\"https:\\\/\\\/insektenliebe.com\\\/it\\\/\",\"logo\":{\"@type\":\"ImageObject\",\"inLanguage\":\"it-IT\",\"@id\":\"https:\\\/\\\/insektenliebe.com\\\/it\\\/#\\\/schema\\\/logo\\\/image\\\/\",\"url\":\"https:\\\/\\\/insektenliebe.com\\\/wp-content\\\/uploads\\\/2025\\\/03\\\/logo-white.png\",\"contentUrl\":\"https:\\\/\\\/insektenliebe.com\\\/wp-content\\\/uploads\\\/2025\\\/03\\\/logo-white.png\",\"width\":288,\"height\":188,\"caption\":\"Insektenliebe\"},\"image\":{\"@id\":\"https:\\\/\\\/insektenliebe.com\\\/it\\\/#\\\/schema\\\/logo\\\/image\\\/\"}}]}<\/script>\n<!-- \/ Yoast SEO plugin. -->","yoast_head_json":{"title":"Porcellio ornatus \"Pietra arenaria - Insektenliebe","description":"Porcellio ornatus \"Sandstone\" - isopode di colore arancione brillante con comportamento attivo, riproduzione stabile e ideale per terrazze di isopodi colorati.","robots":{"index":"index","follow":"follow","max-snippet":"max-snippet:-1","max-image-preview":"max-image-preview:large","max-video-preview":"max-video-preview:-1"},"canonical":"https:\/\/insektenliebe.com\/it\/shop\/prodotto\/porcellio-ornatus-pietra-arenaria\/","og_locale":"it_IT","og_type":"article","og_title":"Porcellio ornatus \"Pietra arenaria - Insektenliebe","og_description":"Porcellio ornatus \"Sandstone\" - isopode di colore arancione brillante con comportamento attivo, riproduzione stabile e ideale per terrazze di isopodi colorati.","og_url":"https:\/\/insektenliebe.com\/it\/shop\/prodotto\/porcellio-ornatus-pietra-arenaria\/","og_site_name":"Insektenliebe","article_modified_time":"2026-03-19T09:03:08+00:00","og_image":[{"width":820,"height":820,"url":"https:\/\/insektenliebe.com\/wp-content\/uploads\/2019\/02\/Porcellio-ornatus-22Sandstone22.jpg","type":"image\/jpeg"}],"twitter_card":"summary_large_image","twitter_misc":{"Tempo di lettura stimato":"2 minuto"},"schema":{"@context":"https:\/\/schema.org","@graph":[{"@type":"WebPage","@id":"https:\/\/insektenliebe.com\/it\/shop\/prodotto\/porcellio-ornatus-pietra-arenaria\/","url":"https:\/\/insektenliebe.com\/it\/shop\/prodotto\/porcellio-ornatus-pietra-arenaria\/","name":"Porcellio ornatus \"Pietra arenaria - Insektenliebe","isPartOf":{"@id":"https:\/\/insektenliebe.com\/it\/#website"},"primaryImageOfPage":{"@id":"https:\/\/insektenliebe.com\/it\/shop\/prodotto\/porcellio-ornatus-pietra-arenaria\/#primaryimage"},"image":{"@id":"https:\/\/insektenliebe.com\/it\/shop\/prodotto\/porcellio-ornatus-pietra-arenaria\/#primaryimage"},"thumbnailUrl":"https:\/\/insektenliebe.com\/wp-content\/uploads\/2019\/02\/Porcellio-ornatus-22Sandstone22.jpg","datePublished":"2019-02-20T09:12:00+00:00","dateModified":"2026-03-19T09:03:08+00:00","description":"Porcellio ornatus \"Sandstone\" - isopode di colore arancione brillante con comportamento attivo, riproduzione stabile e ideale per terrazze di isopodi colorati.","breadcrumb":{"@id":"https:\/\/insektenliebe.com\/it\/shop\/prodotto\/porcellio-ornatus-pietra-arenaria\/#breadcrumb"},"inLanguage":"it-IT","potentialAction":[{"@type":"ReadAction","target":["https:\/\/insektenliebe.com\/it\/shop\/prodotto\/porcellio-ornatus-pietra-arenaria\/"]}]},{"@type":"ImageObject","inLanguage":"it-IT","@id":"https:\/\/insektenliebe.com\/it\/shop\/prodotto\/porcellio-ornatus-pietra-arenaria\/#primaryimage","url":"https:\/\/insektenliebe.com\/wp-content\/uploads\/2019\/02\/Porcellio-ornatus-22Sandstone22.jpg","contentUrl":"https:\/\/insektenliebe.com\/wp-content\/uploads\/2019\/02\/Porcellio-ornatus-22Sandstone22.jpg","width":820,"height":820,"caption":"Porcellio ornatus \"Pietra arenaria"},{"@type":"BreadcrumbList","@id":"https:\/\/insektenliebe.com\/it\/shop\/prodotto\/porcellio-ornatus-pietra-arenaria\/#breadcrumb","itemListElement":[{"@type":"ListItem","position":1,"name":"Startseite","item":"https:\/\/insektenliebe.com\/it\/"},{"@type":"ListItem","position":2,"name":"Negozio","item":"https:\/\/insektenliebe.com\/it\/negozio\/"},{"@type":"ListItem","position":3,"name":"Porcellio ornatus \"Pietra arenaria"}]},{"@type":"WebSite","@id":"https:\/\/insektenliebe.com\/it\/#website","url":"https:\/\/insektenliebe.com\/it\/","name":"Insektenliebe","description":"Dein Zuhause f\u00fcr die kleinen Lebewesen","publisher":{"@id":"https:\/\/insektenliebe.com\/it\/#organization"},"potentialAction":[{"@type":"SearchAction","target":{"@type":"EntryPoint","urlTemplate":"https:\/\/insektenliebe.com\/it\/?s={search_term_string}"},"query-input":{"@type":"PropertyValueSpecification","valueRequired":true,"valueName":"search_term_string"}}],"inLanguage":"it-IT"},{"@type":"Organization","@id":"https:\/\/insektenliebe.com\/it\/#organization","name":"Insektenliebe","url":"https:\/\/insektenliebe.com\/it\/","logo":{"@type":"ImageObject","inLanguage":"it-IT","@id":"https:\/\/insektenliebe.com\/it\/#\/schema\/logo\/image\/","url":"https:\/\/insektenliebe.com\/wp-content\/uploads\/2025\/03\/logo-white.png","contentUrl":"https:\/\/insektenliebe.com\/wp-content\/uploads\/2025\/03\/logo-white.png","width":288,"height":188,"caption":"Insektenliebe"},"image":{"@id":"https:\/\/insektenliebe.com\/it\/#\/schema\/logo\/image\/"}}]}},"_links":{"self":[{"href":"https:\/\/insektenliebe.com\/it\/wp-json\/wp\/v2\/product\/183471","targetHints":{"allow":["GET"]}}],"collection":[{"href":"https:\/\/insektenliebe.com\/it\/wp-json\/wp\/v2\/product"}],"about":[{"href":"https:\/\/insektenliebe.com\/it\/wp-json\/wp\/v2\/types\/product"}],"wp:featuredmedia":[{"embeddable":true,"href":"https:\/\/insektenliebe.com\/it\/wp-json\/wp\/v2\/media\/183474"}],"wp:attachment":[{"href":"https:\/\/insektenliebe.com\/it\/wp-json\/wp\/v2\/media?parent=183471"}],"wp:term":[{"taxonomy":"product-supplier","embeddable":true,"href":"https:\/\/insektenliebe.com\/it\/wp-json\/wp\/v2\/product-supplier?post=183471"},{"taxonomy":"product_brand","embeddable":true,"href":"https:\/\/insektenliebe.com\/it\/wp-json\/wp\/v2\/product_brand?post=183471"},{"taxonomy":"product_cat","embeddable":true,"href":"https:\/\/insektenliebe.com\/it\/wp-json\/wp\/v2\/product_cat?post=183471"},{"taxonomy":"product_tag","embeddable":true,"href":"https:\/\/insektenliebe.com\/it\/wp-json\/wp\/v2\/product_tag?post=183471"},{"taxonomy":"lce-checkout-addons","embeddable":true,"href":"https:\/\/insektenliebe.com\/it\/wp-json\/wp\/v2\/lce-checkout-addons?post=183471"}],"curies":[{"name":"wp","href":"https:\/\/api.w.org\/{rel}","templated":true}]}}