{"id":183467,"date":"2019-06-13T12:03:14","date_gmt":"2019-06-13T10:03:14","guid":{"rendered":"https:\/\/insektenliebe.com\/shop\/produkt\/anadenobolus-spec-1-millepiedi-a-forma-di-ape\/"},"modified":"2019-06-13T12:03:14","modified_gmt":"2019-06-13T10:03:14","slug":"anadenobolus-spec-1-millepiedi-a-forma-di-ape","status":"publish","type":"product","link":"https:\/\/insektenliebe.com\/it\/shop\/prodotto\/anadenobolus-spec-1-millepiedi-a-forma-di-ape\/","title":{"rendered":"Anadenobolus spec. 1 \"Millepiedi a forma di ape\""},"content":{"rendered":"<h3 class=\"p1\"><span style=\"color: #99cc33\"><strong><span class=\"s1\">Anadenobolus spec. 1 \"Millipede bombo\" - Esotico, colorato e attivo <\/span><\/strong><\/span><\/h3>\n<p class=\"p1\"><span class=\"s1\">L&#8217;Anadenobolus spec. 1, affettuosamente conosciuto come \"Anadenobolus\". <\/span><span class=\"s2\">Millepiedi Bumble-Bee<\/span><span class=\"s1\">\", colpisce per la sua sorprendente colorazione di avvertimento: il colore nero di base e gli anelli gialli brillanti ricordano inequivocabilmente un bombo. Questo gioco di colori non \u00e8 solo bello, ma \u00e8 anche un efficace meccanismo di protezione contro i predatori in natura: un vero e proprio colpo d&#8217;occhio per qualsiasi terrario! <\/span><\/p>\n<p class=\"p1\"><span class=\"s1\">La specie \u00e8 originaria dei Caraibi o dell&#8217;America centrale meridionale, ma i dettagli pi\u00f9 precisi non sono ancora stati confermati scientificamente. Quando viene conservata, la   <strong>Anadenobolus spec. 1 \"Millepiedi a forma di ape\" <\/strong>  estremamente agile, curioso e diurno. \u00c8 uno dei diplopodi pi\u00f9 attivi e quindi offre molti momenti di osservazione emozionanti anche durante il giorno: perfetto per tutti coloro che non cercano solo specie notturne. <\/span><\/p>\n<p class=\"p1\"><span class=\"s1\">Con una lunghezza del corpo di circa 4-5 cm, il Bumble-Bee si colloca nella fascia di dimensioni medie, il che lo rende ideale per terrari di piccole e medie dimensioni. Essendo un animale di gruppo, si sente particolarmente a suo agio se non viene tenuto da solo. Si consiglia un terrario di 30 \u00d7 30 \u00d7 30 cm per un piccolo gruppo. Il substrato deve essere sciolto, ricco di humus e sempre leggermente umido: un mix di humus forestale, foglie, legno bianco marcio e terra in scaglie \u00e8 l&#8217;ideale.   <\/span><\/p>\n<p class=\"p1\"><span class=\"s1\">In nutrizione  <strong>Anadenobolus spec. 1 \"Millepiedi a forma di ape\" <\/strong>  Non sono esigenti: verdure morbide come carote, cetrioli, patate dolci o pastinaca fanno parte della loro dieta tanto quanto le foglie autunnali, il muschio e piccole quantit\u00e0 di proteine animali sotto forma di scaglie di pesce o gammarus. \u00c8 importante anche un&#8217;umidit\u00e0 stabile e una buona ventilazione, per evitare il ristagno di umidit\u00e0. <\/span><\/p>\n<p class=\"p1\"><span class=\"s1\">Il  <strong>Anadenobolus spec. 1 \"Millepiedi a forma di ape\" <\/strong>  \u00e8 una specie attraente sia per i principianti che per i detentori pi\u00f9 esperti, dall&#8217;aspetto sorprendente, semplice da tenere e dal comportamento vivace. Un vero tocco di colore per qualsiasi collezione di invertebrati! <\/span><\/p>\n<div class=\"vc_row wpb_row vc_row-fluid prrow\">\n<div class=\"wpb_column vc_column_container vc_col-sm-3\">\n<div class=\"vc_column-inner \">\n<div class=\"wpb_wrapper\">\n<div class=\"wpb_text_column wpb_content_element \">\n<div class=\"wpb_wrapper\"><\/div>\n<\/div>\n<\/div>\n<\/div>\n<\/div>\n<\/div>\n","protected":false},"excerpt":{"rendered":"<p>Un millepiedi molto colorato e facile da tenere.<\/p>\n","protected":false},"featured_media":183469,"template":"","meta":{"_acf_changed":false},"product-supplier":[],"product_brand":[],"product_cat":[2870],"product_tag":[],"lce-checkout-addons":[2746],"class_list":{"0":"post-183467","1":"product","2":"type-product","3":"status-publish","4":"has-post-thumbnail","6":"product_cat-millipede","7":"product_shipping_class-spedizione-di-animali","8":"pa_herkunft-florida","9":"pa_kontinent-nord-america","10":"lce-checkout-addons-imballaggio-invernale","12":"first","13":"outofstock","14":"taxable","15":"shipping-taxable","16":"purchasable","17":"product-type-simple"},"acf":[],"yoast_head":"<!-- This site is optimized with the Yoast SEO plugin v27.3 - https:\/\/yoast.com\/product\/yoast-seo-wordpress\/ -->\n<title>Anadenobolus spec. 1 &quot;Millepiedi a forma di ape&quot; - Insektenliebe<\/title>\n<meta name=\"description\" content=\"Acquista online l&#039;Anadenobolus spec. 1. Compra millepiedi coloratissimi e facili da allevare direttamente dall&#039;allevatore!\" \/>\n<meta name=\"robots\" content=\"index, follow, max-snippet:-1, max-image-preview:large, max-video-preview:-1\" \/>\n<link rel=\"canonical\" href=\"https:\/\/insektenliebe.com\/it\/shop\/prodotto\/anadenobolus-spec-1-millepiedi-a-forma-di-ape\/\" \/>\n<meta property=\"og:locale\" content=\"it_IT\" \/>\n<meta property=\"og:type\" content=\"article\" \/>\n<meta property=\"og:title\" content=\"Anadenobolus spec. 1 &quot;Millepiedi a forma di ape&quot; - Insektenliebe\" \/>\n<meta property=\"og:description\" content=\"Acquista online l&#039;Anadenobolus spec. 1. Compra millepiedi coloratissimi e facili da allevare direttamente dall&#039;allevatore!\" \/>\n<meta property=\"og:url\" content=\"https:\/\/insektenliebe.com\/it\/shop\/prodotto\/anadenobolus-spec-1-millepiedi-a-forma-di-ape\/\" \/>\n<meta property=\"og:site_name\" content=\"Insektenliebe\" \/>\n<meta property=\"og:image\" content=\"https:\/\/insektenliebe.com\/wp-content\/uploads\/2025\/05\/Anadenobolus-monilicornis-bearbeitet-scaled-3.jpg\" \/>\n\t<meta property=\"og:image:width\" content=\"2560\" \/>\n\t<meta property=\"og:image:height\" content=\"1705\" \/>\n\t<meta property=\"og:image:type\" content=\"image\/jpeg\" \/>\n<meta name=\"twitter:card\" content=\"summary_large_image\" \/>\n<meta name=\"twitter:label1\" content=\"Tempo di lettura stimato\" \/>\n\t<meta name=\"twitter:data1\" content=\"2 minuto\" \/>\n<script type=\"application\/ld+json\" class=\"yoast-schema-graph\">{\"@context\":\"https:\\\/\\\/schema.org\",\"@graph\":[{\"@type\":\"WebPage\",\"@id\":\"https:\\\/\\\/insektenliebe.com\\\/it\\\/shop\\\/prodotto\\\/anadenobolus-spec-1-millepiedi-a-forma-di-ape\\\/\",\"url\":\"https:\\\/\\\/insektenliebe.com\\\/it\\\/shop\\\/prodotto\\\/anadenobolus-spec-1-millepiedi-a-forma-di-ape\\\/\",\"name\":\"Anadenobolus spec. 1 \\\"Millepiedi a forma di ape\\\" - Insektenliebe\",\"isPartOf\":{\"@id\":\"https:\\\/\\\/insektenliebe.com\\\/it\\\/#website\"},\"primaryImageOfPage\":{\"@id\":\"https:\\\/\\\/insektenliebe.com\\\/it\\\/shop\\\/prodotto\\\/anadenobolus-spec-1-millepiedi-a-forma-di-ape\\\/#primaryimage\"},\"image\":{\"@id\":\"https:\\\/\\\/insektenliebe.com\\\/it\\\/shop\\\/prodotto\\\/anadenobolus-spec-1-millepiedi-a-forma-di-ape\\\/#primaryimage\"},\"thumbnailUrl\":\"https:\\\/\\\/insektenliebe.com\\\/wp-content\\\/uploads\\\/2025\\\/05\\\/Anadenobolus-monilicornis-bearbeitet-scaled-3.jpg\",\"datePublished\":\"2019-06-13T10:03:14+00:00\",\"description\":\"Acquista online l'Anadenobolus spec. 1. Compra millepiedi coloratissimi e facili da allevare direttamente dall'allevatore!\",\"breadcrumb\":{\"@id\":\"https:\\\/\\\/insektenliebe.com\\\/it\\\/shop\\\/prodotto\\\/anadenobolus-spec-1-millepiedi-a-forma-di-ape\\\/#breadcrumb\"},\"inLanguage\":\"it-IT\",\"potentialAction\":[{\"@type\":\"ReadAction\",\"target\":[\"https:\\\/\\\/insektenliebe.com\\\/it\\\/shop\\\/prodotto\\\/anadenobolus-spec-1-millepiedi-a-forma-di-ape\\\/\"]}]},{\"@type\":\"ImageObject\",\"inLanguage\":\"it-IT\",\"@id\":\"https:\\\/\\\/insektenliebe.com\\\/it\\\/shop\\\/prodotto\\\/anadenobolus-spec-1-millepiedi-a-forma-di-ape\\\/#primaryimage\",\"url\":\"https:\\\/\\\/insektenliebe.com\\\/wp-content\\\/uploads\\\/2025\\\/05\\\/Anadenobolus-monilicornis-bearbeitet-scaled-3.jpg\",\"contentUrl\":\"https:\\\/\\\/insektenliebe.com\\\/wp-content\\\/uploads\\\/2025\\\/05\\\/Anadenobolus-monilicornis-bearbeitet-scaled-3.jpg\",\"width\":2560,\"height\":1705,\"caption\":\"Anadenobolus-monilicornis-modificato-scala-3.jpg\"},{\"@type\":\"BreadcrumbList\",\"@id\":\"https:\\\/\\\/insektenliebe.com\\\/it\\\/shop\\\/prodotto\\\/anadenobolus-spec-1-millepiedi-a-forma-di-ape\\\/#breadcrumb\",\"itemListElement\":[{\"@type\":\"ListItem\",\"position\":1,\"name\":\"Startseite\",\"item\":\"https:\\\/\\\/insektenliebe.com\\\/it\\\/\"},{\"@type\":\"ListItem\",\"position\":2,\"name\":\"Negozio\",\"item\":\"https:\\\/\\\/insektenliebe.com\\\/it\\\/negozio\\\/\"},{\"@type\":\"ListItem\",\"position\":3,\"name\":\"Anadenobolus spec. 1 &#8220;Millepiedi a forma di ape&#8221;\"}]},{\"@type\":\"WebSite\",\"@id\":\"https:\\\/\\\/insektenliebe.com\\\/it\\\/#website\",\"url\":\"https:\\\/\\\/insektenliebe.com\\\/it\\\/\",\"name\":\"Insektenliebe\",\"description\":\"Dein Zuhause f\u00fcr die kleinen Lebewesen\",\"publisher\":{\"@id\":\"https:\\\/\\\/insektenliebe.com\\\/it\\\/#organization\"},\"potentialAction\":[{\"@type\":\"SearchAction\",\"target\":{\"@type\":\"EntryPoint\",\"urlTemplate\":\"https:\\\/\\\/insektenliebe.com\\\/it\\\/?s={search_term_string}\"},\"query-input\":{\"@type\":\"PropertyValueSpecification\",\"valueRequired\":true,\"valueName\":\"search_term_string\"}}],\"inLanguage\":\"it-IT\"},{\"@type\":\"Organization\",\"@id\":\"https:\\\/\\\/insektenliebe.com\\\/it\\\/#organization\",\"name\":\"Insektenliebe\",\"url\":\"https:\\\/\\\/insektenliebe.com\\\/it\\\/\",\"logo\":{\"@type\":\"ImageObject\",\"inLanguage\":\"it-IT\",\"@id\":\"https:\\\/\\\/insektenliebe.com\\\/it\\\/#\\\/schema\\\/logo\\\/image\\\/\",\"url\":\"https:\\\/\\\/insektenliebe.com\\\/wp-content\\\/uploads\\\/2025\\\/03\\\/logo-white.png\",\"contentUrl\":\"https:\\\/\\\/insektenliebe.com\\\/wp-content\\\/uploads\\\/2025\\\/03\\\/logo-white.png\",\"width\":288,\"height\":188,\"caption\":\"Insektenliebe\"},\"image\":{\"@id\":\"https:\\\/\\\/insektenliebe.com\\\/it\\\/#\\\/schema\\\/logo\\\/image\\\/\"}}]}<\/script>\n<!-- \/ Yoast SEO plugin. -->","yoast_head_json":{"title":"Anadenobolus spec. 1 \"Millepiedi a forma di ape\" - Insektenliebe","description":"Acquista online l'Anadenobolus spec. 1. Compra millepiedi coloratissimi e facili da allevare direttamente dall'allevatore!","robots":{"index":"index","follow":"follow","max-snippet":"max-snippet:-1","max-image-preview":"max-image-preview:large","max-video-preview":"max-video-preview:-1"},"canonical":"https:\/\/insektenliebe.com\/it\/shop\/prodotto\/anadenobolus-spec-1-millepiedi-a-forma-di-ape\/","og_locale":"it_IT","og_type":"article","og_title":"Anadenobolus spec. 1 \"Millepiedi a forma di ape\" - Insektenliebe","og_description":"Acquista online l'Anadenobolus spec. 1. Compra millepiedi coloratissimi e facili da allevare direttamente dall'allevatore!","og_url":"https:\/\/insektenliebe.com\/it\/shop\/prodotto\/anadenobolus-spec-1-millepiedi-a-forma-di-ape\/","og_site_name":"Insektenliebe","og_image":[{"width":2560,"height":1705,"url":"https:\/\/insektenliebe.com\/wp-content\/uploads\/2025\/05\/Anadenobolus-monilicornis-bearbeitet-scaled-3.jpg","type":"image\/jpeg"}],"twitter_card":"summary_large_image","twitter_misc":{"Tempo di lettura stimato":"2 minuto"},"schema":{"@context":"https:\/\/schema.org","@graph":[{"@type":"WebPage","@id":"https:\/\/insektenliebe.com\/it\/shop\/prodotto\/anadenobolus-spec-1-millepiedi-a-forma-di-ape\/","url":"https:\/\/insektenliebe.com\/it\/shop\/prodotto\/anadenobolus-spec-1-millepiedi-a-forma-di-ape\/","name":"Anadenobolus spec. 1 \"Millepiedi a forma di ape\" - Insektenliebe","isPartOf":{"@id":"https:\/\/insektenliebe.com\/it\/#website"},"primaryImageOfPage":{"@id":"https:\/\/insektenliebe.com\/it\/shop\/prodotto\/anadenobolus-spec-1-millepiedi-a-forma-di-ape\/#primaryimage"},"image":{"@id":"https:\/\/insektenliebe.com\/it\/shop\/prodotto\/anadenobolus-spec-1-millepiedi-a-forma-di-ape\/#primaryimage"},"thumbnailUrl":"https:\/\/insektenliebe.com\/wp-content\/uploads\/2025\/05\/Anadenobolus-monilicornis-bearbeitet-scaled-3.jpg","datePublished":"2019-06-13T10:03:14+00:00","description":"Acquista online l'Anadenobolus spec. 1. Compra millepiedi coloratissimi e facili da allevare direttamente dall'allevatore!","breadcrumb":{"@id":"https:\/\/insektenliebe.com\/it\/shop\/prodotto\/anadenobolus-spec-1-millepiedi-a-forma-di-ape\/#breadcrumb"},"inLanguage":"it-IT","potentialAction":[{"@type":"ReadAction","target":["https:\/\/insektenliebe.com\/it\/shop\/prodotto\/anadenobolus-spec-1-millepiedi-a-forma-di-ape\/"]}]},{"@type":"ImageObject","inLanguage":"it-IT","@id":"https:\/\/insektenliebe.com\/it\/shop\/prodotto\/anadenobolus-spec-1-millepiedi-a-forma-di-ape\/#primaryimage","url":"https:\/\/insektenliebe.com\/wp-content\/uploads\/2025\/05\/Anadenobolus-monilicornis-bearbeitet-scaled-3.jpg","contentUrl":"https:\/\/insektenliebe.com\/wp-content\/uploads\/2025\/05\/Anadenobolus-monilicornis-bearbeitet-scaled-3.jpg","width":2560,"height":1705,"caption":"Anadenobolus-monilicornis-modificato-scala-3.jpg"},{"@type":"BreadcrumbList","@id":"https:\/\/insektenliebe.com\/it\/shop\/prodotto\/anadenobolus-spec-1-millepiedi-a-forma-di-ape\/#breadcrumb","itemListElement":[{"@type":"ListItem","position":1,"name":"Startseite","item":"https:\/\/insektenliebe.com\/it\/"},{"@type":"ListItem","position":2,"name":"Negozio","item":"https:\/\/insektenliebe.com\/it\/negozio\/"},{"@type":"ListItem","position":3,"name":"Anadenobolus spec. 1 &#8220;Millepiedi a forma di ape&#8221;"}]},{"@type":"WebSite","@id":"https:\/\/insektenliebe.com\/it\/#website","url":"https:\/\/insektenliebe.com\/it\/","name":"Insektenliebe","description":"Dein Zuhause f\u00fcr die kleinen Lebewesen","publisher":{"@id":"https:\/\/insektenliebe.com\/it\/#organization"},"potentialAction":[{"@type":"SearchAction","target":{"@type":"EntryPoint","urlTemplate":"https:\/\/insektenliebe.com\/it\/?s={search_term_string}"},"query-input":{"@type":"PropertyValueSpecification","valueRequired":true,"valueName":"search_term_string"}}],"inLanguage":"it-IT"},{"@type":"Organization","@id":"https:\/\/insektenliebe.com\/it\/#organization","name":"Insektenliebe","url":"https:\/\/insektenliebe.com\/it\/","logo":{"@type":"ImageObject","inLanguage":"it-IT","@id":"https:\/\/insektenliebe.com\/it\/#\/schema\/logo\/image\/","url":"https:\/\/insektenliebe.com\/wp-content\/uploads\/2025\/03\/logo-white.png","contentUrl":"https:\/\/insektenliebe.com\/wp-content\/uploads\/2025\/03\/logo-white.png","width":288,"height":188,"caption":"Insektenliebe"},"image":{"@id":"https:\/\/insektenliebe.com\/it\/#\/schema\/logo\/image\/"}}]}},"_links":{"self":[{"href":"https:\/\/insektenliebe.com\/it\/wp-json\/wp\/v2\/product\/183467","targetHints":{"allow":["GET"]}}],"collection":[{"href":"https:\/\/insektenliebe.com\/it\/wp-json\/wp\/v2\/product"}],"about":[{"href":"https:\/\/insektenliebe.com\/it\/wp-json\/wp\/v2\/types\/product"}],"wp:featuredmedia":[{"embeddable":true,"href":"https:\/\/insektenliebe.com\/it\/wp-json\/wp\/v2\/media\/183469"}],"wp:attachment":[{"href":"https:\/\/insektenliebe.com\/it\/wp-json\/wp\/v2\/media?parent=183467"}],"wp:term":[{"taxonomy":"product-supplier","embeddable":true,"href":"https:\/\/insektenliebe.com\/it\/wp-json\/wp\/v2\/product-supplier?post=183467"},{"taxonomy":"product_brand","embeddable":true,"href":"https:\/\/insektenliebe.com\/it\/wp-json\/wp\/v2\/product_brand?post=183467"},{"taxonomy":"product_cat","embeddable":true,"href":"https:\/\/insektenliebe.com\/it\/wp-json\/wp\/v2\/product_cat?post=183467"},{"taxonomy":"product_tag","embeddable":true,"href":"https:\/\/insektenliebe.com\/it\/wp-json\/wp\/v2\/product_tag?post=183467"},{"taxonomy":"lce-checkout-addons","embeddable":true,"href":"https:\/\/insektenliebe.com\/it\/wp-json\/wp\/v2\/lce-checkout-addons?post=183467"}],"curies":[{"name":"wp","href":"https:\/\/api.w.org\/{rel}","templated":true}]}}