{"id":183462,"date":"2019-06-11T14:11:00","date_gmt":"2019-06-11T12:11:00","guid":{"rendered":"https:\/\/insektenliebe.com\/shop\/produkt\/armadillidium-spec-st-lucia\/"},"modified":"2026-04-08T12:27:20","modified_gmt":"2026-04-08T10:27:20","slug":"armadillidium-spec-st-lucia","status":"publish","type":"product","link":"https:\/\/insektenliebe.com\/it\/shop\/prodotto\/armadillidium-spec-st-lucia\/","title":{"rendered":"Armadillidium spec. \"Santa Lucia\""},"content":{"rendered":"<h3><span style=\"color: #99cc33;\"><strong><span class=\"s1\">Armadillidium spec. \"St. Lucia\" - Colorati isopodi caraibici dal vivace comportamento sociale<\/span><\/strong><\/span><\/h3>\n<p class=\"p1\"><span class=\"s1\"><strong>Armadillidium spec. \"Santa Lucia\"<\/strong>  \u00e8 una marmotta dai colori molto variabili. \u00c8 originaria dell&#8217;isola di Santa Lucia e si \u00e8 rapidamente affermata nell&#8217;hobby. Sebbene non sia descritta scientificamente, viene solitamente classificata come una  <\/span><span class=\"s2\">Armadillidium vulgare<\/span><span class=\"s1\">-cerchio di muffa. Gli animali mostrano una variet\u00e0 impressionante: alcuni hanno calde tonalit\u00e0 arancioni e gialle, altri appaiono grigio-blu o quasi neri. Alcuni animali presentano piccole macchie o disegni sottili, in modo che ogni gruppo abbia un aspetto leggermente diverso.  <\/span><\/p>\n<p class=\"p1\"><span class=\"s1\">Questa forma locale appartiene alle cocciniglie di medie dimensioni e raggiunge circa due centimetri. Molti animali si vedono spesso, poich\u00e9 sono pi\u00f9 attivi durante il giorno rispetto agli altri membri della loro specie. Questo rende il loro comportamento facile da osservare e li rende particolarmente attraenti per gli appassionati di isopodi. In caso di pericolo, si raggomitolano immediatamente in una palla stretta, proteggendosi efficacemente dai predatori e dalla disidratazione.   <\/span><\/p>\n<p class=\"p1\"><span class=\"s1\">La postura mostra  <strong>Armadillidium spec. \"Santa Lucia\"<\/strong>  una buona robustezza. Preferisce un clima non troppo umido e non troppo secco. Una zona leggermente umida aiuta gli animali, mentre una zona asciutta serve come rifugio. In questo modo possono scegliere da soli il loro posto preferito. Sono molto apprezzati i materiali ricchi di struttura come pezzi di corteccia, foglie e muschio. Questi materiali forniscono loro cibo e allo stesso tempo nascondigli adatti. Molti allevatori riferiscono che i colori degli animali appaiono pi\u00f9 intensi nei terrari ben attrezzati, poich\u00e9 vi trovano pi\u00f9 microhabitat.     <\/span><\/p>\n<p class=\"p1\"><span class=\"s1\"><strong>Armadillidium spec. \"Santa Lucia\"<\/strong>  \u00e8 adatto a configurazioni bioattive. Si armonizza con ragni saltatori, mantidi o piante e pu\u00f2 anche essere tenuta come pura colonia da esposizione. Poich\u00e9 gli animali sono stabili, visibili e colorati, sono tra gli isopodi pi\u00f9 attraenti dell&#8217;hobby. <\/span><\/p>\n","protected":false},"excerpt":{"rendered":"<p>Armadillidium spec. \"St. Lucia\" - Colorati isopodi caraibici dal vivace comportamento sociale Armadillidium spec. \"Santa Lucia\" \u00e8 una marmotta dai colori molto variabili. \u00c8 originaria dell&#8217;isola di Santa Lucia e si \u00e8 rapidamente affermata nell&#8217;hobby. Sebbene non sia descritta scientificamente, viene solitamente classificata come una Armadillidium vulgare-cerchio di muffa. Gli animali mostrano una variet\u00e0 impressionante: [&hellip;]<\/p>\n","protected":false},"featured_media":183464,"template":"","meta":{"_acf_changed":false},"product-supplier":[],"product_brand":[],"product_cat":[2871,2788],"product_tag":[],"lce-checkout-addons":[2746],"class_list":{"0":"post-183462","1":"product","2":"type-product","3":"status-publish","4":"has-post-thumbnail","6":"product_cat-cocciniglia-armadillidium","7":"product_cat-woodlice","8":"product_shipping_class-spedizione-di-animali","9":"pa_herkunft-spagna","10":"pa_kontinent-europa","11":"lce-checkout-addons-imballaggio-invernale","13":"first","14":"outofstock","15":"taxable","16":"shipping-taxable","17":"purchasable","18":"product-type-simple"},"acf":[],"yoast_head":"<!-- This site is optimized with the Yoast SEO plugin v27.3 - https:\/\/yoast.com\/product\/yoast-seo-wordpress\/ -->\n<title>Armadillidium spec. &quot;Santa Lucia&quot; - Insektenliebe<\/title>\n<meta name=\"description\" content=\"Armadillidium spec. &quot;St. Lucia&quot; - colorata e attiva forma locale di cocciniglia. Robusta, variabile e perfetta per i terrari bioattivi. Acquista subito online!\" \/>\n<meta name=\"robots\" content=\"index, follow, max-snippet:-1, max-image-preview:large, max-video-preview:-1\" \/>\n<link rel=\"canonical\" href=\"https:\/\/insektenliebe.com\/it\/shop\/prodotto\/armadillidium-spec-st-lucia\/\" \/>\n<meta property=\"og:locale\" content=\"it_IT\" \/>\n<meta property=\"og:type\" content=\"article\" \/>\n<meta property=\"og:title\" content=\"Armadillidium spec. &quot;Santa Lucia&quot; - Insektenliebe\" \/>\n<meta property=\"og:description\" content=\"Armadillidium spec. &quot;St. Lucia&quot; - colorata e attiva forma locale di cocciniglia. Robusta, variabile e perfetta per i terrari bioattivi. Acquista subito online!\" \/>\n<meta property=\"og:url\" content=\"https:\/\/insektenliebe.com\/it\/shop\/prodotto\/armadillidium-spec-st-lucia\/\" \/>\n<meta property=\"og:site_name\" content=\"Insektenliebe\" \/>\n<meta property=\"article:modified_time\" content=\"2026-04-08T10:27:20+00:00\" \/>\n<meta property=\"og:image\" content=\"https:\/\/insektenliebe.com\/wp-content\/uploads\/2025\/05\/Armadillidium-spec.-_St.-Lucia_-2.jpg\" \/>\n\t<meta property=\"og:image:width\" content=\"820\" \/>\n\t<meta property=\"og:image:height\" content=\"820\" \/>\n\t<meta property=\"og:image:type\" content=\"image\/jpeg\" \/>\n<meta name=\"twitter:card\" content=\"summary_large_image\" \/>\n<meta name=\"twitter:label1\" content=\"Tempo di lettura stimato\" \/>\n\t<meta name=\"twitter:data1\" content=\"1 minuto\" \/>\n<script type=\"application\/ld+json\" class=\"yoast-schema-graph\">{\"@context\":\"https:\\\/\\\/schema.org\",\"@graph\":[{\"@type\":\"WebPage\",\"@id\":\"https:\\\/\\\/insektenliebe.com\\\/it\\\/shop\\\/prodotto\\\/armadillidium-spec-st-lucia\\\/\",\"url\":\"https:\\\/\\\/insektenliebe.com\\\/it\\\/shop\\\/prodotto\\\/armadillidium-spec-st-lucia\\\/\",\"name\":\"Armadillidium spec. \\\"Santa Lucia\\\" - Insektenliebe\",\"isPartOf\":{\"@id\":\"https:\\\/\\\/insektenliebe.com\\\/it\\\/#website\"},\"primaryImageOfPage\":{\"@id\":\"https:\\\/\\\/insektenliebe.com\\\/it\\\/shop\\\/prodotto\\\/armadillidium-spec-st-lucia\\\/#primaryimage\"},\"image\":{\"@id\":\"https:\\\/\\\/insektenliebe.com\\\/it\\\/shop\\\/prodotto\\\/armadillidium-spec-st-lucia\\\/#primaryimage\"},\"thumbnailUrl\":\"https:\\\/\\\/insektenliebe.com\\\/wp-content\\\/uploads\\\/2025\\\/05\\\/Armadillidium-spec.-_St.-Lucia_-2.jpg\",\"datePublished\":\"2019-06-11T12:11:00+00:00\",\"dateModified\":\"2026-04-08T10:27:20+00:00\",\"description\":\"Armadillidium spec. \\\"St. Lucia\\\" - colorata e attiva forma locale di cocciniglia. Robusta, variabile e perfetta per i terrari bioattivi. Acquista subito online!\",\"breadcrumb\":{\"@id\":\"https:\\\/\\\/insektenliebe.com\\\/it\\\/shop\\\/prodotto\\\/armadillidium-spec-st-lucia\\\/#breadcrumb\"},\"inLanguage\":\"it-IT\",\"potentialAction\":[{\"@type\":\"ReadAction\",\"target\":[\"https:\\\/\\\/insektenliebe.com\\\/it\\\/shop\\\/prodotto\\\/armadillidium-spec-st-lucia\\\/\"]}]},{\"@type\":\"ImageObject\",\"inLanguage\":\"it-IT\",\"@id\":\"https:\\\/\\\/insektenliebe.com\\\/it\\\/shop\\\/prodotto\\\/armadillidium-spec-st-lucia\\\/#primaryimage\",\"url\":\"https:\\\/\\\/insektenliebe.com\\\/wp-content\\\/uploads\\\/2025\\\/05\\\/Armadillidium-spec.-_St.-Lucia_-2.jpg\",\"contentUrl\":\"https:\\\/\\\/insektenliebe.com\\\/wp-content\\\/uploads\\\/2025\\\/05\\\/Armadillidium-spec.-_St.-Lucia_-2.jpg\",\"width\":820,\"height\":820,\"caption\":\"Armadillidium-spec.-_St.-Lucia_-2.jpg\"},{\"@type\":\"BreadcrumbList\",\"@id\":\"https:\\\/\\\/insektenliebe.com\\\/it\\\/shop\\\/prodotto\\\/armadillidium-spec-st-lucia\\\/#breadcrumb\",\"itemListElement\":[{\"@type\":\"ListItem\",\"position\":1,\"name\":\"Startseite\",\"item\":\"https:\\\/\\\/insektenliebe.com\\\/it\\\/\"},{\"@type\":\"ListItem\",\"position\":2,\"name\":\"Negozio\",\"item\":\"https:\\\/\\\/insektenliebe.com\\\/it\\\/negozio\\\/\"},{\"@type\":\"ListItem\",\"position\":3,\"name\":\"Armadillidium spec. \\\"Santa Lucia\\\"\"}]},{\"@type\":\"WebSite\",\"@id\":\"https:\\\/\\\/insektenliebe.com\\\/it\\\/#website\",\"url\":\"https:\\\/\\\/insektenliebe.com\\\/it\\\/\",\"name\":\"Insektenliebe\",\"description\":\"Dein Zuhause f\u00fcr die kleinen Lebewesen\",\"publisher\":{\"@id\":\"https:\\\/\\\/insektenliebe.com\\\/it\\\/#organization\"},\"potentialAction\":[{\"@type\":\"SearchAction\",\"target\":{\"@type\":\"EntryPoint\",\"urlTemplate\":\"https:\\\/\\\/insektenliebe.com\\\/it\\\/?s={search_term_string}\"},\"query-input\":{\"@type\":\"PropertyValueSpecification\",\"valueRequired\":true,\"valueName\":\"search_term_string\"}}],\"inLanguage\":\"it-IT\"},{\"@type\":\"Organization\",\"@id\":\"https:\\\/\\\/insektenliebe.com\\\/it\\\/#organization\",\"name\":\"Insektenliebe\",\"url\":\"https:\\\/\\\/insektenliebe.com\\\/it\\\/\",\"logo\":{\"@type\":\"ImageObject\",\"inLanguage\":\"it-IT\",\"@id\":\"https:\\\/\\\/insektenliebe.com\\\/it\\\/#\\\/schema\\\/logo\\\/image\\\/\",\"url\":\"https:\\\/\\\/insektenliebe.com\\\/wp-content\\\/uploads\\\/2025\\\/03\\\/logo-white.png\",\"contentUrl\":\"https:\\\/\\\/insektenliebe.com\\\/wp-content\\\/uploads\\\/2025\\\/03\\\/logo-white.png\",\"width\":288,\"height\":188,\"caption\":\"Insektenliebe\"},\"image\":{\"@id\":\"https:\\\/\\\/insektenliebe.com\\\/it\\\/#\\\/schema\\\/logo\\\/image\\\/\"}}]}<\/script>\n<!-- \/ Yoast SEO plugin. -->","yoast_head_json":{"title":"Armadillidium spec. \"Santa Lucia\" - Insektenliebe","description":"Armadillidium spec. \"St. Lucia\" - colorata e attiva forma locale di cocciniglia. Robusta, variabile e perfetta per i terrari bioattivi. Acquista subito online!","robots":{"index":"index","follow":"follow","max-snippet":"max-snippet:-1","max-image-preview":"max-image-preview:large","max-video-preview":"max-video-preview:-1"},"canonical":"https:\/\/insektenliebe.com\/it\/shop\/prodotto\/armadillidium-spec-st-lucia\/","og_locale":"it_IT","og_type":"article","og_title":"Armadillidium spec. \"Santa Lucia\" - Insektenliebe","og_description":"Armadillidium spec. \"St. Lucia\" - colorata e attiva forma locale di cocciniglia. Robusta, variabile e perfetta per i terrari bioattivi. Acquista subito online!","og_url":"https:\/\/insektenliebe.com\/it\/shop\/prodotto\/armadillidium-spec-st-lucia\/","og_site_name":"Insektenliebe","article_modified_time":"2026-04-08T10:27:20+00:00","og_image":[{"width":820,"height":820,"url":"https:\/\/insektenliebe.com\/wp-content\/uploads\/2025\/05\/Armadillidium-spec.-_St.-Lucia_-2.jpg","type":"image\/jpeg"}],"twitter_card":"summary_large_image","twitter_misc":{"Tempo di lettura stimato":"1 minuto"},"schema":{"@context":"https:\/\/schema.org","@graph":[{"@type":"WebPage","@id":"https:\/\/insektenliebe.com\/it\/shop\/prodotto\/armadillidium-spec-st-lucia\/","url":"https:\/\/insektenliebe.com\/it\/shop\/prodotto\/armadillidium-spec-st-lucia\/","name":"Armadillidium spec. \"Santa Lucia\" - Insektenliebe","isPartOf":{"@id":"https:\/\/insektenliebe.com\/it\/#website"},"primaryImageOfPage":{"@id":"https:\/\/insektenliebe.com\/it\/shop\/prodotto\/armadillidium-spec-st-lucia\/#primaryimage"},"image":{"@id":"https:\/\/insektenliebe.com\/it\/shop\/prodotto\/armadillidium-spec-st-lucia\/#primaryimage"},"thumbnailUrl":"https:\/\/insektenliebe.com\/wp-content\/uploads\/2025\/05\/Armadillidium-spec.-_St.-Lucia_-2.jpg","datePublished":"2019-06-11T12:11:00+00:00","dateModified":"2026-04-08T10:27:20+00:00","description":"Armadillidium spec. \"St. Lucia\" - colorata e attiva forma locale di cocciniglia. Robusta, variabile e perfetta per i terrari bioattivi. Acquista subito online!","breadcrumb":{"@id":"https:\/\/insektenliebe.com\/it\/shop\/prodotto\/armadillidium-spec-st-lucia\/#breadcrumb"},"inLanguage":"it-IT","potentialAction":[{"@type":"ReadAction","target":["https:\/\/insektenliebe.com\/it\/shop\/prodotto\/armadillidium-spec-st-lucia\/"]}]},{"@type":"ImageObject","inLanguage":"it-IT","@id":"https:\/\/insektenliebe.com\/it\/shop\/prodotto\/armadillidium-spec-st-lucia\/#primaryimage","url":"https:\/\/insektenliebe.com\/wp-content\/uploads\/2025\/05\/Armadillidium-spec.-_St.-Lucia_-2.jpg","contentUrl":"https:\/\/insektenliebe.com\/wp-content\/uploads\/2025\/05\/Armadillidium-spec.-_St.-Lucia_-2.jpg","width":820,"height":820,"caption":"Armadillidium-spec.-_St.-Lucia_-2.jpg"},{"@type":"BreadcrumbList","@id":"https:\/\/insektenliebe.com\/it\/shop\/prodotto\/armadillidium-spec-st-lucia\/#breadcrumb","itemListElement":[{"@type":"ListItem","position":1,"name":"Startseite","item":"https:\/\/insektenliebe.com\/it\/"},{"@type":"ListItem","position":2,"name":"Negozio","item":"https:\/\/insektenliebe.com\/it\/negozio\/"},{"@type":"ListItem","position":3,"name":"Armadillidium spec. \"Santa Lucia\""}]},{"@type":"WebSite","@id":"https:\/\/insektenliebe.com\/it\/#website","url":"https:\/\/insektenliebe.com\/it\/","name":"Insektenliebe","description":"Dein Zuhause f\u00fcr die kleinen Lebewesen","publisher":{"@id":"https:\/\/insektenliebe.com\/it\/#organization"},"potentialAction":[{"@type":"SearchAction","target":{"@type":"EntryPoint","urlTemplate":"https:\/\/insektenliebe.com\/it\/?s={search_term_string}"},"query-input":{"@type":"PropertyValueSpecification","valueRequired":true,"valueName":"search_term_string"}}],"inLanguage":"it-IT"},{"@type":"Organization","@id":"https:\/\/insektenliebe.com\/it\/#organization","name":"Insektenliebe","url":"https:\/\/insektenliebe.com\/it\/","logo":{"@type":"ImageObject","inLanguage":"it-IT","@id":"https:\/\/insektenliebe.com\/it\/#\/schema\/logo\/image\/","url":"https:\/\/insektenliebe.com\/wp-content\/uploads\/2025\/03\/logo-white.png","contentUrl":"https:\/\/insektenliebe.com\/wp-content\/uploads\/2025\/03\/logo-white.png","width":288,"height":188,"caption":"Insektenliebe"},"image":{"@id":"https:\/\/insektenliebe.com\/it\/#\/schema\/logo\/image\/"}}]}},"_links":{"self":[{"href":"https:\/\/insektenliebe.com\/it\/wp-json\/wp\/v2\/product\/183462","targetHints":{"allow":["GET"]}}],"collection":[{"href":"https:\/\/insektenliebe.com\/it\/wp-json\/wp\/v2\/product"}],"about":[{"href":"https:\/\/insektenliebe.com\/it\/wp-json\/wp\/v2\/types\/product"}],"wp:featuredmedia":[{"embeddable":true,"href":"https:\/\/insektenliebe.com\/it\/wp-json\/wp\/v2\/media\/183464"}],"wp:attachment":[{"href":"https:\/\/insektenliebe.com\/it\/wp-json\/wp\/v2\/media?parent=183462"}],"wp:term":[{"taxonomy":"product-supplier","embeddable":true,"href":"https:\/\/insektenliebe.com\/it\/wp-json\/wp\/v2\/product-supplier?post=183462"},{"taxonomy":"product_brand","embeddable":true,"href":"https:\/\/insektenliebe.com\/it\/wp-json\/wp\/v2\/product_brand?post=183462"},{"taxonomy":"product_cat","embeddable":true,"href":"https:\/\/insektenliebe.com\/it\/wp-json\/wp\/v2\/product_cat?post=183462"},{"taxonomy":"product_tag","embeddable":true,"href":"https:\/\/insektenliebe.com\/it\/wp-json\/wp\/v2\/product_tag?post=183462"},{"taxonomy":"lce-checkout-addons","embeddable":true,"href":"https:\/\/insektenliebe.com\/it\/wp-json\/wp\/v2\/lce-checkout-addons?post=183462"}],"curies":[{"name":"wp","href":"https:\/\/api.w.org\/{rel}","templated":true}]}}